{"id":19846,"date":"2021-02-16T00:18:26","date_gmt":"2021-02-15T23:18:26","guid":{"rendered":"https:\/\/moon.grochowski.usermd.net\/?page_id=19846"},"modified":"2021-02-16T00:18:26","modified_gmt":"2021-02-15T23:18:26","slug":"project-information","status":"publish","type":"page","link":"https:\/\/kidsonthemoon.com\/en\/project-information\/","title":{"rendered":"Project information"},"content":{"rendered":"<div id=\"content\" class=\"Page-content page-content\">\n<div class=\"PageCMS Content\">\n<div class=\"PageCMS-content Content-body\">\n<div class=\"EditorContent rte\">\n<p dir=\"ltr\"><b>CURRENT PROPOSALS<\/b><\/p>\n<p dir=\"ltr\">\n<p dir=\"ltr\"><a href=\"https:\/\/kidsonthemoon.com\/img\/cms\/usluga%20doradcza%20USA\/Request%20for%20Proposal%20%20.pdf\" target=\"_blank\" rel=\"noopener\">Request for proposal counselling service<\/a><\/p>\n<p dir=\"ltr\"><a href=\"https:\/\/kidsonthemoon.com\/img\/cms\/usluga%20doradcza%20USA\/Appendix%201_Proposal%20Form.docx\" target=\"_blank\" rel=\"noopener\">Appendix 1 Proposal form<\/a><\/p>\n<p dir=\"ltr\"><a href=\"https:\/\/kidsonthemoon.com\/img\/cms\/usluga%20doradcza%20USA\/Appendix%202.docx\" target=\"_blank\" rel=\"noopener\">Appendix 2 list of advisory services<\/a><\/p>\n<p dir=\"ltr\"><a href=\"https:\/\/kidsonthemoon.com\/img\/cms\/usluga%20doradcza%20USA\/potwierdzenie-wyboru-oferenta_ENG.PNG\" target=\"_blank\" rel=\"noopener\">Confirmation of the Bidder&#8217;s selection<\/a><\/p>\n<p dir=\"ltr\">\n<p dir=\"ltr\">\n<p dir=\"ltr\">Moon Sp\u00f3\u0142ka z ograniczon\u0105 odpowiedzialno\u015bci\u0105 Sp.k. is implementing a project co-financed from the European Funds.<\/p>\n<p dir=\"ltr\">Smart Growth Operational Programme, Priority Axis 3 <em>\u201cSupport for innovation in enterprises\u201d<\/em>, Measure 3.3 <em>\u201cSupport for promotion and internationalisation of innovative enterprises\u201d<\/em>, Sub-measure 3.3.3 <em>\u201cSupport for SMEs in the promotion of Polish product brands \u2013 Go to Brand\u201d<\/em>.<\/p>\n<p dir=\"ltr\"><strong>Project title:\u00a0Development of export activities of the MOON Enterprise &#8211; promotion of clothing industry products abroad<\/strong><\/p>\n<p dir=\"ltr\"><strong>Aim of the project<\/strong>:<\/p>\n<p>promotion of the POLISH FASHION industry products for the clothing sector that have the potential to become brands recognizable on foreign markets; increasing the company\u2019s competitiveness and increasing the level of internationalization of business operations.<\/p>\n<p dir=\"ltr\"><strong>Anticipated effects of the project:<\/strong><\/p>\n<p><strong>&#8211; <\/strong>signing of foreign commercial contracts,<br \/>\n&#8211; increase in revenues from the sale of products for export,<br \/>\n&#8211; increase in revenues from the sale of products being the subject of the project.<\/p>\n<p>&nbsp;<\/p>\n<p><strong>Project 2<\/strong><\/p>\n<p>&nbsp;<\/p>\n<p dir=\"ltr\">Moon Sp\u00f3\u0142ka z ograniczon\u0105 odpowiedzialno\u015bci\u0105 Sp.k. is implementing a project co-financed from the European Funds.<\/p>\n<p dir=\"ltr\">Smart Growth Operational Programme, Priority Axis 3\u00a0<em>\u201cSupport for innovation in enterprises\u201d<\/em>, Measure 3.3\u00a0<em>\u201cSupport for promotion and internationalisation of innovative enterprises\u201d<\/em>, Sub-measure 3.3.3\u00a0<em>\u201cSupport for SMEs in the promotion of Polish product brands \u2013 Go to Brand\u201d<\/em>.<\/p>\n<p><strong>Project title:\u00a0Internationalisation of the MOON Enterprise &#8211; promotion of clothing industry products abroad<\/strong><\/p>\n<p><strong>Aim of the project<\/strong>:<\/p>\n<p>promotion of the POLISH FASHION industry products for the clothing sector that have the potential to become brands recognizable on foreign markets; increasing the company\u2019s competitiveness and increasing the level of internationalization of business operations.<\/p>\n<p><strong>Anticipated effects of the project:<br \/>\n<\/strong><strong>&#8211;\u00a0<\/strong>signing of foreign commercial contracts,<br \/>\n&#8211; increase in revenues from the sale of products for export,<br \/>\n&#8211; increase in revenues from the sale of products being the subject of the project.<\/p>\n<\/div>\n<\/div>\n<\/div>\n<\/div>\n","protected":false},"excerpt":{"rendered":"<p>CURRENT PROPOSALS Request for proposal counselling service Appendix 1 Proposal form Appendix 2 list of advisory services Confirmation of the Bidder&#8217;s selection Moon Sp\u00f3\u0142ka z ograniczon\u0105 odpowiedzialno\u015bci\u0105 Sp.k. is implementing a project co-financed from the European Funds. Smart Growth Operational Programme, Priority Axis 3 \u201cSupport for innovation in enterprises\u201d, Measure 3.3 \u201cSupport for promotion and [&hellip;]<\/p>\n","protected":false},"author":1,"featured_media":0,"parent":0,"menu_order":0,"comment_status":"closed","ping_status":"closed","template":"","meta":{"_themeisle_gutenberg_block_has_review":false,"footnotes":""},"blocksy_meta":{"styles_descriptor":{"styles":{"desktop":"","tablet":"","mobile":""},"google_fonts":[],"version":5}},"acf":[],"yoast_head":"<!-- This site is optimized with the Yoast SEO plugin v21.2 - https:\/\/yoast.com\/wordpress\/plugins\/seo\/ -->\n<title>Project information - Kids on the Moon<\/title>\n<meta name=\"robots\" content=\"index, follow, max-snippet:-1, max-image-preview:large, max-video-preview:-1\" \/>\n<link rel=\"canonical\" href=\"https:\/\/kidsonthemoon.com\/pl\/informacje-o-projekcie\/\" \/>\n<meta property=\"og:locale\" content=\"en_US\" \/>\n<meta property=\"og:type\" content=\"article\" \/>\n<meta property=\"og:title\" content=\"Project information - Kids on the Moon\" \/>\n<meta property=\"og:description\" content=\"CURRENT PROPOSALS Request for proposal counselling service Appendix 1 Proposal form Appendix 2 list of advisory services Confirmation of the Bidder&#8217;s selection Moon Sp\u00f3\u0142ka z ograniczon\u0105 odpowiedzialno\u015bci\u0105 Sp.k. is implementing a project co-financed from the European Funds. Smart Growth Operational Programme, Priority Axis 3 \u201cSupport for innovation in enterprises\u201d, Measure 3.3 \u201cSupport for promotion and [&hellip;]\" \/>\n<meta property=\"og:url\" content=\"https:\/\/kidsonthemoon.com\/pl\/informacje-o-projekcie\/\" \/>\n<meta property=\"og:site_name\" content=\"Kids on the Moon\" \/>\n<meta property=\"article:publisher\" content=\"https:\/\/www.facebook.com\/Kids-on-the-Moon-223747864407076\" \/>\n<meta property=\"og:image\" content=\"https:\/\/kidsonthemoon.com\/wp-content\/uploads\/2024\/05\/13-1.jpg\" \/>\n\t<meta property=\"og:image:width\" content=\"1360\" \/>\n\t<meta property=\"og:image:height\" content=\"700\" \/>\n\t<meta property=\"og:image:type\" content=\"image\/jpeg\" \/>\n<meta name=\"twitter:card\" content=\"summary_large_image\" \/>\n<meta name=\"twitter:label1\" content=\"Est. reading time\" \/>\n\t<meta name=\"twitter:data1\" content=\"2 minutes\" \/>\n<script type=\"application\/ld+json\" class=\"yoast-schema-graph\">{\"@context\":\"https:\/\/schema.org\",\"@graph\":[{\"@type\":\"WebPage\",\"@id\":\"https:\/\/kidsonthemoon.com\/pl\/informacje-o-projekcie\/\",\"url\":\"https:\/\/kidsonthemoon.com\/pl\/informacje-o-projekcie\/\",\"name\":\"Project information - Kids on the Moon\",\"isPartOf\":{\"@id\":\"https:\/\/kidsonthemoon.com\/pl\/#website\"},\"datePublished\":\"2021-02-15T23:18:26+00:00\",\"dateModified\":\"2021-02-15T23:18:26+00:00\",\"breadcrumb\":{\"@id\":\"https:\/\/kidsonthemoon.com\/pl\/informacje-o-projekcie\/#breadcrumb\"},\"inLanguage\":\"en-US\",\"potentialAction\":[{\"@type\":\"ReadAction\",\"target\":[\"https:\/\/kidsonthemoon.com\/pl\/informacje-o-projekcie\/\"]}]},{\"@type\":\"BreadcrumbList\",\"@id\":\"https:\/\/kidsonthemoon.com\/pl\/informacje-o-projekcie\/#breadcrumb\",\"itemListElement\":[{\"@type\":\"ListItem\",\"position\":1,\"name\":\"Strona g\u0142\u00f3wna\",\"item\":\"https:\/\/kidsonthemoon.com\/en\/\"},{\"@type\":\"ListItem\",\"position\":2,\"name\":\"Project information\"}]},{\"@type\":\"WebSite\",\"@id\":\"https:\/\/kidsonthemoon.com\/pl\/#website\",\"url\":\"https:\/\/kidsonthemoon.com\/pl\/\",\"name\":\"Kids on the Moon\",\"description\":\"sustainable kids fashion | online store\",\"publisher\":{\"@id\":\"https:\/\/kidsonthemoon.com\/pl\/#organization\"},\"potentialAction\":[{\"@type\":\"SearchAction\",\"target\":{\"@type\":\"EntryPoint\",\"urlTemplate\":\"https:\/\/kidsonthemoon.com\/pl\/?s={search_term_string}\"},\"query-input\":\"required name=search_term_string\"}],\"inLanguage\":\"en-US\"},{\"@type\":\"Organization\",\"@id\":\"https:\/\/kidsonthemoon.com\/pl\/#organization\",\"name\":\"Kids on the Moon\",\"url\":\"https:\/\/kidsonthemoon.com\/pl\/\",\"logo\":{\"@type\":\"ImageObject\",\"inLanguage\":\"en-US\",\"@id\":\"https:\/\/kidsonthemoon.com\/pl\/#\/schema\/logo\/image\/\",\"url\":\"https:\/\/kidsonthemoon.com\/wp-content\/uploads\/2021\/02\/kotm_logo.png\",\"contentUrl\":\"https:\/\/kidsonthemoon.com\/wp-content\/uploads\/2021\/02\/kotm_logo.png\",\"width\":410,\"height\":47,\"caption\":\"Kids on the Moon\"},\"image\":{\"@id\":\"https:\/\/kidsonthemoon.com\/pl\/#\/schema\/logo\/image\/\"},\"sameAs\":[\"https:\/\/www.facebook.com\/Kids-on-the-Moon-223747864407076\",\"https:\/\/www.instagram.com\/kidsonthemoon\/\",\"https:\/\/pl.pinterest.com\/kotm2013\/pins\/\"]}]}<\/script>\n<!-- \/ Yoast SEO plugin. -->","yoast_head_json":{"title":"Project information - Kids on the Moon","robots":{"index":"index","follow":"follow","max-snippet":"max-snippet:-1","max-image-preview":"max-image-preview:large","max-video-preview":"max-video-preview:-1"},"canonical":"https:\/\/kidsonthemoon.com\/pl\/informacje-o-projekcie\/","og_locale":"en_US","og_type":"article","og_title":"Project information - Kids on the Moon","og_description":"CURRENT PROPOSALS Request for proposal counselling service Appendix 1 Proposal form Appendix 2 list of advisory services Confirmation of the Bidder&#8217;s selection Moon Sp\u00f3\u0142ka z ograniczon\u0105 odpowiedzialno\u015bci\u0105 Sp.k. is implementing a project co-financed from the European Funds. Smart Growth Operational Programme, Priority Axis 3 \u201cSupport for innovation in enterprises\u201d, Measure 3.3 \u201cSupport for promotion and [&hellip;]","og_url":"https:\/\/kidsonthemoon.com\/pl\/informacje-o-projekcie\/","og_site_name":"Kids on the Moon","article_publisher":"https:\/\/www.facebook.com\/Kids-on-the-Moon-223747864407076","og_image":[{"width":1360,"height":700,"url":"https:\/\/kidsonthemoon.com\/wp-content\/uploads\/2024\/05\/13-1.jpg","type":"image\/jpeg"}],"twitter_card":"summary_large_image","twitter_misc":{"Est. reading time":"2 minutes"},"schema":{"@context":"https:\/\/schema.org","@graph":[{"@type":"WebPage","@id":"https:\/\/kidsonthemoon.com\/pl\/informacje-o-projekcie\/","url":"https:\/\/kidsonthemoon.com\/pl\/informacje-o-projekcie\/","name":"Project information - Kids on the Moon","isPartOf":{"@id":"https:\/\/kidsonthemoon.com\/pl\/#website"},"datePublished":"2021-02-15T23:18:26+00:00","dateModified":"2021-02-15T23:18:26+00:00","breadcrumb":{"@id":"https:\/\/kidsonthemoon.com\/pl\/informacje-o-projekcie\/#breadcrumb"},"inLanguage":"en-US","potentialAction":[{"@type":"ReadAction","target":["https:\/\/kidsonthemoon.com\/pl\/informacje-o-projekcie\/"]}]},{"@type":"BreadcrumbList","@id":"https:\/\/kidsonthemoon.com\/pl\/informacje-o-projekcie\/#breadcrumb","itemListElement":[{"@type":"ListItem","position":1,"name":"Strona g\u0142\u00f3wna","item":"https:\/\/kidsonthemoon.com\/en\/"},{"@type":"ListItem","position":2,"name":"Project information"}]},{"@type":"WebSite","@id":"https:\/\/kidsonthemoon.com\/pl\/#website","url":"https:\/\/kidsonthemoon.com\/pl\/","name":"Kids on the Moon","description":"sustainable kids fashion | online store","publisher":{"@id":"https:\/\/kidsonthemoon.com\/pl\/#organization"},"potentialAction":[{"@type":"SearchAction","target":{"@type":"EntryPoint","urlTemplate":"https:\/\/kidsonthemoon.com\/pl\/?s={search_term_string}"},"query-input":"required name=search_term_string"}],"inLanguage":"en-US"},{"@type":"Organization","@id":"https:\/\/kidsonthemoon.com\/pl\/#organization","name":"Kids on the Moon","url":"https:\/\/kidsonthemoon.com\/pl\/","logo":{"@type":"ImageObject","inLanguage":"en-US","@id":"https:\/\/kidsonthemoon.com\/pl\/#\/schema\/logo\/image\/","url":"https:\/\/kidsonthemoon.com\/wp-content\/uploads\/2021\/02\/kotm_logo.png","contentUrl":"https:\/\/kidsonthemoon.com\/wp-content\/uploads\/2021\/02\/kotm_logo.png","width":410,"height":47,"caption":"Kids on the Moon"},"image":{"@id":"https:\/\/kidsonthemoon.com\/pl\/#\/schema\/logo\/image\/"},"sameAs":["https:\/\/www.facebook.com\/Kids-on-the-Moon-223747864407076","https:\/\/www.instagram.com\/kidsonthemoon\/","https:\/\/pl.pinterest.com\/kotm2013\/pins\/"]}]}},"_links":{"self":[{"href":"https:\/\/kidsonthemoon.com\/en\/wp-json\/wp\/v2\/pages\/19846"}],"collection":[{"href":"https:\/\/kidsonthemoon.com\/en\/wp-json\/wp\/v2\/pages"}],"about":[{"href":"https:\/\/kidsonthemoon.com\/en\/wp-json\/wp\/v2\/types\/page"}],"author":[{"embeddable":true,"href":"https:\/\/kidsonthemoon.com\/en\/wp-json\/wp\/v2\/users\/1"}],"replies":[{"embeddable":true,"href":"https:\/\/kidsonthemoon.com\/en\/wp-json\/wp\/v2\/comments?post=19846"}],"version-history":[{"count":0,"href":"https:\/\/kidsonthemoon.com\/en\/wp-json\/wp\/v2\/pages\/19846\/revisions"}],"wp:attachment":[{"href":"https:\/\/kidsonthemoon.com\/en\/wp-json\/wp\/v2\/media?parent=19846"}],"curies":[{"name":"wp","href":"https:\/\/api.w.org\/{rel}","templated":true}]}}