{"id":19843,"date":"2021-02-16T00:17:55","date_gmt":"2021-02-15T23:17:55","guid":{"rendered":"https:\/\/moon.grochowski.usermd.net\/?page_id=19843"},"modified":"2021-02-16T00:17:55","modified_gmt":"2021-02-15T23:17:55","slug":"informacje-o-projekcie","status":"publish","type":"page","link":"https:\/\/kidsonthemoon.com\/pl\/informacje-o-projekcie\/","title":{"rendered":"Informacje o projekcie"},"content":{"rendered":"<p dir=\"ltr\"><strong>ROZWI\u0104ZANE ZAPYTANIA<\/strong><\/p>\n<p dir=\"ltr\">\n<p dir=\"ltr\">Zapytanie ofertowe na wykonanie materia\u0142\u00f3w promocyjnych<\/p>\n<p dir=\"ltr\">\n<p dir=\"ltr\"><a href=\"https:\/\/kidsonthemoon.com\/img\/cms\/7-materialy-promocyjne\/Zapytanie%20ofertowe%20-%20prod-%20materia%C5%82o%CC%81w%20promocyjnych.pdf\" target=\"_blank\" rel=\"noopener\">Zapytanie ofertowe<\/a><\/p>\n<p dir=\"ltr\"><a href=\"https:\/\/kidsonthemoon.com\/img\/cms\/7-materialy-promocyjne\/Za%C5%82acznik%20nr%201_Formularz%20ofertowy_produkcja%20mat-%20promocyjnych.docx\" target=\"_blank\" rel=\"noopener\">Za\u0142\u0105cznik nr 1 Formularz ofertowy<\/a><\/p>\n<p dir=\"ltr\"><a href=\"https:\/\/kidsonthemoon.com\/img\/cms\/7-materialy-promocyjne\/Za%C5%82acznik%20nr%202_wymiary%20torby%20promocyjnej.docx\" target=\"_blank\" rel=\"noopener\">Za\u0142\u0105cznik nr 2 Wymiary torby promocyjnej<\/a><\/p>\n<p dir=\"ltr\"><a href=\"https:\/\/kidsonthemoon.com\/img\/cms\/7-materialy-promocyjne\/Potwierdzenie%20wyboru%20Oferenta.png\" target=\"_blank\" rel=\"noopener\">Potwierdzenie wyboru Oferenta<\/a><\/p>\n<p dir=\"ltr\">\n<p dir=\"ltr\">Zapytanie ofertowe na produkcj\u0119 4 sesji fotograficznych i filmu promocyjnego<\/p>\n<p dir=\"ltr\">\n<p dir=\"ltr\"><a href=\"https:\/\/kidsonthemoon.com\/img\/cms\/6_producja-4-sesji-film\/ZAPYTANIE%20OFERTOWE.pdf\" target=\"_blank\" rel=\"noopener\">Zapytanie ofertowe<\/a><\/p>\n<p dir=\"ltr\"><a href=\"https:\/\/kidsonthemoon.com\/img\/cms\/6_producja-4-sesji-film\/Zalacznik_nr_1_Formularz_ofertowy.docx\" target=\"_blank\" rel=\"noopener\">Za\u0142\u0105cznik nr 1 Formularz ofertowy<\/a><\/p>\n<p dir=\"ltr\"><a href=\"https:\/\/kidsonthemoon.com\/img\/cms\/6_producja-4-sesji-film\/Zalacznik%20nr%202_wykaz-nalez%CC%87ycie-wykonanych-uslug-z-udzialem-dzieci.docx\" target=\"_blank\" rel=\"noopener\">Za\u0142\u0105cznik nr 2 Wykaz\u00a0nale\u017cycie wykonanych us\u0142ug z udzia\u0142em dzieci<\/a><\/p>\n<p dir=\"ltr\"><a href=\"https:\/\/kidsonthemoon.com\/img\/cms\/6_producja-4-sesji-film\/Za%C5%82acznik%20nr%203_wykaz-rekomendowanych-fotografo%CC%81w-i-publikacji-zdjec-w-mediach.docx\" target=\"_blank\" rel=\"noopener\">Za\u0142\u0105cznik nr 3 Wykaz rekomendowanych fotograf\u00f3w i publikacji zdj\u0119\u0107 w mediach<\/a><\/p>\n<p dir=\"ltr\"><a href=\"https:\/\/kidsonthemoon.com\/img\/cms\/6_producja-4-sesji-film\/Za%C5%82acznik%20nr%204_portfolio-fotografo%CC%81w-i-rez%CC%87ysera.docx\" target=\"_blank\" rel=\"noopener\">Za\u0142\u0105cznik nr 4 Portfolio fotograf\u00f3w i re\u017cysera<\/a><\/p>\n<p dir=\"ltr\"><a href=\"https:\/\/kidsonthemoon.com\/img\/cms\/6_producja-4-sesji-film\/Potwierdzenie-wyboru-Oferenta.png\" target=\"_blank\" rel=\"noopener\">Potwierdzenie wyboru Oferenta<\/a><\/p>\n<p dir=\"ltr\">\n<p dir=\"ltr\">Zapytanie ofertowe na us\u0142ug\u0119 doradcz\u0105<\/p>\n<p dir=\"ltr\">\n<p dir=\"ltr\"><a href=\"https:\/\/kidsonthemoon.com\/img\/cms\/usluga%20doradcza%20USA\/Zapytanie%20ofertowe_us%C5%82uga%20doradcza.pdf\" target=\"_blank\" rel=\"noopener\">Zapytanie ofertowe<\/a><\/p>\n<p dir=\"ltr\"><a href=\"https:\/\/kidsonthemoon.com\/img\/cms\/usluga%20doradcza%20USA\/Zalacznik_nr_1_Formularz_ofertowy_us%C5%82uga%20doradcza.docx\" target=\"_blank\" rel=\"noopener\">Za\u0142\u0105cznik nr 1 Formularz ofertowy<\/a><\/p>\n<p dir=\"ltr\"><a href=\"https:\/\/kidsonthemoon.com\/img\/cms\/usluga%20doradcza%20USA\/Za%C5%82acznik%20nr%202_wykaz%20zrealizowanych%20us%C5%82ug.docx\" target=\"_blank\" rel=\"noopener\">Za\u0142\u0105cznik nr 2 Wykaz zrealizowanych us\u0142ug<\/a><\/p>\n<p dir=\"ltr\"><a href=\"https:\/\/kidsonthemoon.com\/img\/cms\/usluga%20doradcza%20USA\/Protokol-wyboru-oferenta_PL.png\" target=\"_blank\" rel=\"noopener\">Potwierdzenie wyboru Oferenta<\/a><\/p>\n<p dir=\"ltr\">\n<p dir=\"ltr\">Zapytanie ofertowe na produkcj\u0119 materia\u0142\u00f3w promocyjnych<\/p>\n<p dir=\"ltr\">\n<p><a href=\"https:\/\/kidsonthemoon.com\/img\/cms\/produkcja%20materialow%20promocyjnych\/Zapytanie%20ofertowe_druki%20i%20produkcja%20mat-promocyjnych.pdf\" target=\"_blank\" rel=\"noopener\">Zapytanie ofertowe<\/a><\/p>\n<p><a href=\"https:\/\/kidsonthemoon.com\/img\/cms\/produkcja%20materialow%20promocyjnych\/Za%C5%82acznik%20nr%201_Formularz%20ofertowy_druki%20i%20produkcja%20mat-%20promocyjnych.docx\" target=\"_blank\" rel=\"noopener\">Za\u0142\u0105cznik nr 1 Formularz ofertowy<\/a><\/p>\n<p dir=\"ltr\"><a href=\"https:\/\/kidsonthemoon.com\/img\/cms\/produkcja%20materialow%20promocyjnych\/Za%C5%82acznik%20nr%202_wymiary%20torby%20promocyjnej.pdf\" target=\"_blank\" rel=\"noopener\">Za\u0142\u0105cznik nr 2\u00a0Wymiary torby promocyjnej<\/a><\/p>\n<p><a href=\"https:\/\/kidsonthemoon.com\/img\/cms\/produkcja%20materialow%20promocyjnych\/Potwierdzenie%20wyboru.jpg\" target=\"_blank\" rel=\"noopener\">Potwierdzenie wyboru Oferenta<\/a><\/p>\n<p dir=\"ltr\">\n<p dir=\"ltr\">Zapytanie ofertowe na produkcj\u0119 sesji fotograficznych<\/p>\n<p dir=\"ltr\">\n<p dir=\"ltr\"><a href=\"https:\/\/kidsonthemoon.com\/img\/cms\/3_produkcja_sesji_2\/Zapytanie_ofertowe-produkcja%20sesji%20fotograficznych.pdf\" target=\"_blank\" rel=\"noopener\">Zapytanie ofertowe<\/a><\/p>\n<p dir=\"ltr\"><a href=\"https:\/\/kidsonthemoon.com\/img\/cms\/3_produkcja_sesji_2\/Zalacznik_nr_1_Formularz_ofertowy.docx\" target=\"_blank\" rel=\"noopener\">Za\u0142\u0105cznik nr 1 Formularz ofertowy<\/a><\/p>\n<p dir=\"ltr\"><a href=\"https:\/\/kidsonthemoon.com\/img\/cms\/3_produkcja_sesji_2\/Zalacznik_nr_2_wykaz_nalezycie_wykonanych_uslug.docx\" target=\"_blank\" rel=\"noopener\">Za\u0142\u0105cznik nr 2 Wykaz nale\u017cycie wykonanych us\u0142ug<\/a><\/p>\n<p dir=\"ltr\"><a href=\"https:\/\/kidsonthemoon.com\/img\/cms\/3_produkcja_sesji_2\/Zalacznik_nr_3_wykaz_publikacji_zdj%C4%99c_fotografa_w_mediach.docx\" target=\"_blank\" rel=\"noopener\">Za\u0142\u0105cznik nr 3 Wykaz publikacji<\/a><\/p>\n<p dir=\"ltr\"><a href=\"https:\/\/kidsonthemoon.com\/img\/cms\/3_produkcja_sesji_2\/Potwierdzenie_wyboru_oferenta.pdf\" target=\"_blank\" rel=\"noopener\">Potwierdzenie wyboru Oferenta<\/a><\/p>\n<p dir=\"ltr\">\n<p dir=\"ltr\">Zapytanie ofertowe na produkcj\u0119 2 sesji fotograficznych<\/p>\n<p dir=\"ltr\"><a href=\"https:\/\/kidsonthemoon.com\/img\/cms\/produkcja_sesji\/Zapytanie-ofertowe_przygotowanie-dzialan-promocyjnych-produkcja-sesji-fotograficznych.pdf\" target=\"_blank\" rel=\"noopener\">Zapytanie ofertowe<\/a><\/p>\n<p dir=\"ltr\"><a href=\"https:\/\/kidsonthemoon.com\/img\/cms\/produkcja_sesji\/Zalacznik_nr_1_Formularz_ofertowy_produkcja_sesji_fotograficznych.docx\" target=\"_blank\" rel=\"noopener\">Za\u0142\u0105cznik nr 1 Formularz ofertowy<\/a><\/p>\n<p dir=\"ltr\"><a href=\"https:\/\/kidsonthemoon.com\/img\/cms\/produkcja_sesji\/Zalacznik_nr_2_wykaz_nalezycie_wykonanych_uslug_z_udzialem_dzieci.docx\" target=\"_blank\" rel=\"noopener\">Za\u0142\u0105cznik nr 2 Wykaz nale\u017cycie wykonanych us\u0142ug<\/a><\/p>\n<p dir=\"ltr\"><a href=\"https:\/\/kidsonthemoon.com\/img\/cms\/produkcja_sesji\/Zalacznik_nr_3_wykaz_publikacji_zdjec_fotografa_w_mediach.docx\" target=\"_blank\" rel=\"noopener\">Za\u0142\u0105cznik nr 3 Wykaz publikacji<\/a><\/p>\n<p dir=\"ltr\"><a href=\"https:\/\/kidsonthemoon.com\/img\/cms\/produkcja_sesji\/Potwierdzenie-wyboru-Oferenta.pdf\" target=\"_blank\" rel=\"noopener\">Potwierdzenie wyboru Oferenta<\/a><\/p>\n<p dir=\"ltr\">\n<p dir=\"ltr\">Zapytanie ofertowe na us\u0142ug\u0119 wykonania dw\u00f3ch film\u00f3w promocyjnych dzieci\u0119cych kolekcji odzie\u017cowych na potrzeby dzia\u0142a\u0144 promocyjnych.<\/p>\n<p dir=\"ltr\"><a href=\"https:\/\/kidsonthemoon.com\/img\/cms\/Zapytanie_ofertowe_produkcja%20filmow_promocyjnych.pdf\" target=\"_blank\" rel=\"noopener\">Zapytanie ofertowe produkcja film\u00f3w promocyjnych<\/a><\/p>\n<p dir=\"ltr\"><a href=\"https:\/\/kidsonthemoon.com\/img\/cms\/Zalacznik_nr_1_Formularz_ofertowy_produkcja%20filmow.docx\">Za\u0142\u0105cznik nr 1 Formularz ofertowy produkcja film\u00f3w<\/a><\/p>\n<p dir=\"ltr\"><a href=\"https:\/\/kidsonthemoon.com\/img\/cms\/Za%C5%82acznik%20nr%202_wykaz%20film%C3%B3w.docx\" target=\"_blank\" rel=\"noopener\">Za\u0142\u0105cznik nr 2 Wykaz film\u00f3w<\/a><\/p>\n<p dir=\"ltr\"><a href=\"https:\/\/kidsonthemoon.com\/img\/cms\/Zalacznik%20nr%203_wykaz%20film%C3%B3w_udzial_dzieci.docx\" target=\"_blank\" rel=\"noopener\">Za\u0142\u0105cznik nr 3 Wykaz film\u00f3w z udzia\u0142em dzieci<\/a><\/p>\n<p dir=\"ltr\"><a href=\"https:\/\/kidsonthemoon.com\/img\/cms\/2%20film\/Potwierdzenie-wyboru-Wykonawcy.pdf\" target=\"_blank\" rel=\"noopener\">Potwierdzenie wyboru Wykonawcy<\/a><\/p>\n<p dir=\"ltr\">\n<p dir=\"ltr\">Zapytanie ofertowe na us\u0142ug\u0119 druku i produkcji materia\u0142\u00f3w promocyjnych.<\/p>\n<p dir=\"ltr\"><a href=\"http:\/\/new.kidsonthemoon.com\/img\/cms\/Zapytanie%20ofertowe_Druki%20i%20produkcja%20materia%C5%82o%CC%81w%20promocyjnych.pdf\" target=\"_blank\" rel=\"noopener\">Zapytanie ofertowe Druki i produkcja materia\u0142\u00f3w promocyjnych<\/a><\/p>\n<p dir=\"ltr\"><a href=\"https:\/\/kidsonthemoon.com\/img\/cms\/Zalacznik_nr_1_Formularz_ofertowy_druki_i_produkcja_mat_promocyjnych.docx\" target=\"_blank\" rel=\"noopener\">Za\u0142\u0105cznik nr 1 Formularz ofertowy_druki i produkcja materia\u0142\u00f3w promocyjnych<\/a><\/p>\n<p dir=\"ltr\"><a href=\"http:\/\/new.kidsonthemoon.com\/img\/cms\/Za%C5%82acznik%20nr%202_wymiary%20torby%20promocyjnej.pdf\" target=\"_blank\" rel=\"noopener\">Za\u0142\u0105cznik nr 2 Wymiary torby promocyjnej<\/a><\/p>\n<p dir=\"ltr\"><a href=\"https:\/\/kidsonthemoon.com\/img\/cms\/protokol_wyboru_oferenta_2-02-18.pdf\" target=\"_blank\" rel=\"noopener\">Protok\u00f3\u0142 wyboru oferenta<\/a><\/p>\n<p dir=\"ltr\">\n<p dir=\"ltr\"><strong>PROJEKT 1<\/strong><\/p>\n<p dir=\"ltr\">\n<p dir=\"ltr\">Program Operacyjny Inteligentny Rozw\u00f3j, o\u015b priorytetowa: 3 Wsparcie innowacji w przedsi\u0119biorstwach, dzia\u0142anie: 3.3 Wsparcie promocji oraz internacjonalizacji innowacyjnych przedsi\u0119biorstw, poddzia\u0142anie: 3.3.3 Wsparcie M\u015aP w promocji marek produktowych \u2013 Go to Brand<\/p>\n<p dir=\"ltr\"><strong>Rozw\u00f3j dzia\u0142alno\u015bci eksportowej Przedsi\u0119biorstwa MOON &#8211; wypromowanie produkt\u00f3w bran\u017cy odzie\u017cy za granic\u0105.<\/strong><\/p>\n<p dir=\"ltr\"><strong>Cel projektu:<\/strong> promowanie produkt\u00f3w bran\u017cy MODA POLSKA dla sektora odzie\u017cowego, kt\u00f3re maj\u0105 szans\u0119 sta\u0107 si\u0119 markami rozpoznawalnymi na rynkach zagranicznych; wzrost konkurencyjno\u015bci firmy oraz zwi\u0119kszenie poziomu internacjonalizacji dzia\u0142alno\u015bci gospodarczej.<\/p>\n<p dir=\"ltr\"><strong>Planowane efekty projektu: <\/strong><\/p>\n<p>&#8211; podpisanie kontrakt\u00f3w handlowych zagranicznych,<br \/>\n&#8211; wzrost przychod\u00f3w ze sprzeda\u017cy produkt\u00f3w na eksport,<br \/>\n&#8211; wzrost przychod\u00f3w ze sprzeda\u017cy produkt\u00f3w b\u0119d\u0105cych przedmiotem projektu.<\/p>\n<p dir=\"ltr\"><strong>Warto\u015b\u0107 projektu og\u00f3\u0142em: <\/strong>947 838.00 PLN<\/p>\n<p dir=\"ltr\"><strong>Wk\u0142ad Funduszy Europejskich: <\/strong>616 480.00 PLN<\/p>\n<p dir=\"ltr\"><strong>Numer umowy o dofinansowanie: <\/strong>POIR.03.03.03-14-0075\/17<\/p>\n<p>&nbsp;<\/p>\n<p dir=\"ltr\">Beneficjent: MOON SP\u00d3\u0141KA Z OGRANICZON\u0104 ODPOWIEDZIALNO\u015aCI\u0104 SP\u00d3\u0141KA KOMANDYTOWA<\/p>\n<p dir=\"ltr\">\n<p dir=\"ltr\"><strong>PROJEKT 2<\/strong><\/p>\n<p dir=\"ltr\">\n<p dir=\"ltr\">Program Operacyjny Inteligentny Rozw\u00f3j, o\u015b priorytetowa: 3 Wsparcie innowacji w przedsi\u0119biorstwach, dzia\u0142anie: 3.3 Wsparcie promocji oraz internacjonalizacji innowacyjnych przedsi\u0119biorstw, poddzia\u0142anie: 3.3.3 Wsparcie M\u015aP w promocji marek produktowych \u2013 Go to Brand<\/p>\n<p dir=\"ltr\"><strong>Tytu\u0142 projektu: Internacjonalizacja Przedsi\u0119biorstwa MOON &#8211; wypromowanie produkt\u00f3w bran\u017cy modowej za granic\u0105<\/strong><\/p>\n<p dir=\"ltr\"><strong>Cel projektu:<\/strong>\u00a0promowanie produkt\u00f3w bran\u017cy Moda Polska, kt\u00f3re maj\u0105 szans\u0119 sta\u0107 si\u0119 markami rozpoznawalnymi na rynkach zagranicznych; wzrost konkurencyjno\u015bci firmy oraz zwi\u0119kszenie poziomu internacjonalizacji dzia\u0142alno\u015bci gospodarczej.<\/p>\n<p dir=\"ltr\"><strong>Planowane efekty projektu:<\/strong><\/p>\n<p>&#8211; podpisanie kontrakt\u00f3w handlowych zagranicznych,<br \/>\n&#8211; wzrost przychod\u00f3w ze sprzeda\u017cy produkt\u00f3w na eksport,<br \/>\n&#8211; wzrost przychod\u00f3w ze sprzeda\u017cy produkt\u00f3w b\u0119d\u0105cych przedmiotem projektu.<\/p>\n<p dir=\"ltr\"><strong>Warto\u015b\u0107 projektu og\u00f3\u0142em: <\/strong>510 600.00 PLN<\/p>\n<p dir=\"ltr\"><strong>Wk\u0142ad Funduszy Europejskich: <\/strong>255\u00a0300.00 PLN<\/p>\n<p>&nbsp;<\/p>\n<p>Beneficjent:\u00a0MOON SP\u00d3\u0141KA Z OGRANICZON\u0104 ODPOWIEDZIALNO\u015aCI\u0104 SP\u00d3\u0141KA KOMANDYTOWA<\/p>\n","protected":false},"excerpt":{"rendered":"<p>ROZWI\u0104ZANE ZAPYTANIA Zapytanie ofertowe na wykonanie materia\u0142\u00f3w promocyjnych Zapytanie ofertowe Za\u0142\u0105cznik nr 1 Formularz ofertowy Za\u0142\u0105cznik nr 2 Wymiary torby promocyjnej Potwierdzenie wyboru Oferenta Zapytanie ofertowe na produkcj\u0119 4 sesji fotograficznych i filmu promocyjnego Zapytanie ofertowe Za\u0142\u0105cznik nr 1 Formularz ofertowy Za\u0142\u0105cznik nr 2 Wykaz\u00a0nale\u017cycie wykonanych us\u0142ug z udzia\u0142em dzieci Za\u0142\u0105cznik nr 3 Wykaz rekomendowanych [&hellip;]<\/p>\n","protected":false},"author":1,"featured_media":0,"parent":0,"menu_order":0,"comment_status":"closed","ping_status":"closed","template":"","meta":{"_themeisle_gutenberg_block_has_review":false,"footnotes":""},"blocksy_meta":{"styles_descriptor":{"styles":{"desktop":"","tablet":"","mobile":""},"google_fonts":[],"version":5}},"acf":[],"yoast_head":"<!-- This site is optimized with the Yoast SEO plugin v21.2 - https:\/\/yoast.com\/wordpress\/plugins\/seo\/ -->\n<title>Informacje o projekcie - Kids on the Moon<\/title>\n<meta name=\"robots\" content=\"index, follow, max-snippet:-1, max-image-preview:large, max-video-preview:-1\" \/>\n<link rel=\"canonical\" href=\"https:\/\/kidsonthemoon.com\/pl\/informacje-o-projekcie\/\" \/>\n<meta property=\"og:locale\" content=\"pl_PL\" \/>\n<meta property=\"og:type\" content=\"article\" \/>\n<meta property=\"og:title\" content=\"Informacje o projekcie - Kids on the Moon\" \/>\n<meta property=\"og:description\" content=\"ROZWI\u0104ZANE ZAPYTANIA Zapytanie ofertowe na wykonanie materia\u0142\u00f3w promocyjnych Zapytanie ofertowe Za\u0142\u0105cznik nr 1 Formularz ofertowy Za\u0142\u0105cznik nr 2 Wymiary torby promocyjnej Potwierdzenie wyboru Oferenta Zapytanie ofertowe na produkcj\u0119 4 sesji fotograficznych i filmu promocyjnego Zapytanie ofertowe Za\u0142\u0105cznik nr 1 Formularz ofertowy Za\u0142\u0105cznik nr 2 Wykaz\u00a0nale\u017cycie wykonanych us\u0142ug z udzia\u0142em dzieci Za\u0142\u0105cznik nr 3 Wykaz rekomendowanych [&hellip;]\" \/>\n<meta property=\"og:url\" content=\"https:\/\/kidsonthemoon.com\/pl\/informacje-o-projekcie\/\" \/>\n<meta property=\"og:site_name\" content=\"Kids on the Moon\" \/>\n<meta property=\"article:publisher\" content=\"https:\/\/www.facebook.com\/Kids-on-the-Moon-223747864407076\" \/>\n<meta property=\"og:image\" content=\"https:\/\/kidsonthemoon.com\/wp-content\/uploads\/2024\/05\/13-1.jpg\" \/>\n\t<meta property=\"og:image:width\" content=\"1360\" \/>\n\t<meta property=\"og:image:height\" content=\"700\" \/>\n\t<meta property=\"og:image:type\" content=\"image\/jpeg\" \/>\n<meta name=\"twitter:card\" content=\"summary_large_image\" \/>\n<meta name=\"twitter:label1\" content=\"Szacowany czas czytania\" \/>\n\t<meta name=\"twitter:data1\" content=\"3 minuty\" \/>\n<script type=\"application\/ld+json\" class=\"yoast-schema-graph\">{\"@context\":\"https:\/\/schema.org\",\"@graph\":[{\"@type\":\"WebPage\",\"@id\":\"https:\/\/kidsonthemoon.com\/pl\/informacje-o-projekcie\/\",\"url\":\"https:\/\/kidsonthemoon.com\/pl\/informacje-o-projekcie\/\",\"name\":\"Informacje o projekcie - Kids on the Moon\",\"isPartOf\":{\"@id\":\"https:\/\/kidsonthemoon.com\/pl\/#website\"},\"datePublished\":\"2021-02-15T23:17:55+00:00\",\"dateModified\":\"2021-02-15T23:17:55+00:00\",\"breadcrumb\":{\"@id\":\"https:\/\/kidsonthemoon.com\/pl\/informacje-o-projekcie\/#breadcrumb\"},\"inLanguage\":\"pl-PL\",\"potentialAction\":[{\"@type\":\"ReadAction\",\"target\":[\"https:\/\/kidsonthemoon.com\/pl\/informacje-o-projekcie\/\"]}]},{\"@type\":\"BreadcrumbList\",\"@id\":\"https:\/\/kidsonthemoon.com\/pl\/informacje-o-projekcie\/#breadcrumb\",\"itemListElement\":[{\"@type\":\"ListItem\",\"position\":1,\"name\":\"Strona g\u0142\u00f3wna\",\"item\":\"https:\/\/kidsonthemoon.com\/pl\/\"},{\"@type\":\"ListItem\",\"position\":2,\"name\":\"Informacje o projekcie\"}]},{\"@type\":\"WebSite\",\"@id\":\"https:\/\/kidsonthemoon.com\/pl\/#website\",\"url\":\"https:\/\/kidsonthemoon.com\/pl\/\",\"name\":\"Kids on the Moon\",\"description\":\"odpowiedzialna moda dla dzieci | sklep online dla dzieci\",\"publisher\":{\"@id\":\"https:\/\/kidsonthemoon.com\/pl\/#organization\"},\"potentialAction\":[{\"@type\":\"SearchAction\",\"target\":{\"@type\":\"EntryPoint\",\"urlTemplate\":\"https:\/\/kidsonthemoon.com\/pl\/?s={search_term_string}\"},\"query-input\":\"required name=search_term_string\"}],\"inLanguage\":\"pl-PL\"},{\"@type\":\"Organization\",\"@id\":\"https:\/\/kidsonthemoon.com\/pl\/#organization\",\"name\":\"Kids on the Moon\",\"url\":\"https:\/\/kidsonthemoon.com\/pl\/\",\"logo\":{\"@type\":\"ImageObject\",\"inLanguage\":\"pl-PL\",\"@id\":\"https:\/\/kidsonthemoon.com\/pl\/#\/schema\/logo\/image\/\",\"url\":\"https:\/\/kidsonthemoon.com\/wp-content\/uploads\/2021\/02\/kotm_logo.png\",\"contentUrl\":\"https:\/\/kidsonthemoon.com\/wp-content\/uploads\/2021\/02\/kotm_logo.png\",\"width\":410,\"height\":47,\"caption\":\"Kids on the Moon\"},\"image\":{\"@id\":\"https:\/\/kidsonthemoon.com\/pl\/#\/schema\/logo\/image\/\"},\"sameAs\":[\"https:\/\/www.facebook.com\/Kids-on-the-Moon-223747864407076\",\"https:\/\/www.instagram.com\/kidsonthemoon\/\",\"https:\/\/pl.pinterest.com\/kotm2013\/pins\/\"]}]}<\/script>\n<!-- \/ Yoast SEO plugin. -->","yoast_head_json":{"title":"Informacje o projekcie - Kids on the Moon","robots":{"index":"index","follow":"follow","max-snippet":"max-snippet:-1","max-image-preview":"max-image-preview:large","max-video-preview":"max-video-preview:-1"},"canonical":"https:\/\/kidsonthemoon.com\/pl\/informacje-o-projekcie\/","og_locale":"pl_PL","og_type":"article","og_title":"Informacje o projekcie - Kids on the Moon","og_description":"ROZWI\u0104ZANE ZAPYTANIA Zapytanie ofertowe na wykonanie materia\u0142\u00f3w promocyjnych Zapytanie ofertowe Za\u0142\u0105cznik nr 1 Formularz ofertowy Za\u0142\u0105cznik nr 2 Wymiary torby promocyjnej Potwierdzenie wyboru Oferenta Zapytanie ofertowe na produkcj\u0119 4 sesji fotograficznych i filmu promocyjnego Zapytanie ofertowe Za\u0142\u0105cznik nr 1 Formularz ofertowy Za\u0142\u0105cznik nr 2 Wykaz\u00a0nale\u017cycie wykonanych us\u0142ug z udzia\u0142em dzieci Za\u0142\u0105cznik nr 3 Wykaz rekomendowanych [&hellip;]","og_url":"https:\/\/kidsonthemoon.com\/pl\/informacje-o-projekcie\/","og_site_name":"Kids on the Moon","article_publisher":"https:\/\/www.facebook.com\/Kids-on-the-Moon-223747864407076","og_image":[{"width":1360,"height":700,"url":"https:\/\/kidsonthemoon.com\/wp-content\/uploads\/2024\/05\/13-1.jpg","type":"image\/jpeg"}],"twitter_card":"summary_large_image","twitter_misc":{"Szacowany czas czytania":"3 minuty"},"schema":{"@context":"https:\/\/schema.org","@graph":[{"@type":"WebPage","@id":"https:\/\/kidsonthemoon.com\/pl\/informacje-o-projekcie\/","url":"https:\/\/kidsonthemoon.com\/pl\/informacje-o-projekcie\/","name":"Informacje o projekcie - Kids on the Moon","isPartOf":{"@id":"https:\/\/kidsonthemoon.com\/pl\/#website"},"datePublished":"2021-02-15T23:17:55+00:00","dateModified":"2021-02-15T23:17:55+00:00","breadcrumb":{"@id":"https:\/\/kidsonthemoon.com\/pl\/informacje-o-projekcie\/#breadcrumb"},"inLanguage":"pl-PL","potentialAction":[{"@type":"ReadAction","target":["https:\/\/kidsonthemoon.com\/pl\/informacje-o-projekcie\/"]}]},{"@type":"BreadcrumbList","@id":"https:\/\/kidsonthemoon.com\/pl\/informacje-o-projekcie\/#breadcrumb","itemListElement":[{"@type":"ListItem","position":1,"name":"Strona g\u0142\u00f3wna","item":"https:\/\/kidsonthemoon.com\/pl\/"},{"@type":"ListItem","position":2,"name":"Informacje o projekcie"}]},{"@type":"WebSite","@id":"https:\/\/kidsonthemoon.com\/pl\/#website","url":"https:\/\/kidsonthemoon.com\/pl\/","name":"Kids on the Moon","description":"odpowiedzialna moda dla dzieci | sklep online dla dzieci","publisher":{"@id":"https:\/\/kidsonthemoon.com\/pl\/#organization"},"potentialAction":[{"@type":"SearchAction","target":{"@type":"EntryPoint","urlTemplate":"https:\/\/kidsonthemoon.com\/pl\/?s={search_term_string}"},"query-input":"required name=search_term_string"}],"inLanguage":"pl-PL"},{"@type":"Organization","@id":"https:\/\/kidsonthemoon.com\/pl\/#organization","name":"Kids on the Moon","url":"https:\/\/kidsonthemoon.com\/pl\/","logo":{"@type":"ImageObject","inLanguage":"pl-PL","@id":"https:\/\/kidsonthemoon.com\/pl\/#\/schema\/logo\/image\/","url":"https:\/\/kidsonthemoon.com\/wp-content\/uploads\/2021\/02\/kotm_logo.png","contentUrl":"https:\/\/kidsonthemoon.com\/wp-content\/uploads\/2021\/02\/kotm_logo.png","width":410,"height":47,"caption":"Kids on the Moon"},"image":{"@id":"https:\/\/kidsonthemoon.com\/pl\/#\/schema\/logo\/image\/"},"sameAs":["https:\/\/www.facebook.com\/Kids-on-the-Moon-223747864407076","https:\/\/www.instagram.com\/kidsonthemoon\/","https:\/\/pl.pinterest.com\/kotm2013\/pins\/"]}]}},"_links":{"self":[{"href":"https:\/\/kidsonthemoon.com\/pl\/wp-json\/wp\/v2\/pages\/19843"}],"collection":[{"href":"https:\/\/kidsonthemoon.com\/pl\/wp-json\/wp\/v2\/pages"}],"about":[{"href":"https:\/\/kidsonthemoon.com\/pl\/wp-json\/wp\/v2\/types\/page"}],"author":[{"embeddable":true,"href":"https:\/\/kidsonthemoon.com\/pl\/wp-json\/wp\/v2\/users\/1"}],"replies":[{"embeddable":true,"href":"https:\/\/kidsonthemoon.com\/pl\/wp-json\/wp\/v2\/comments?post=19843"}],"version-history":[{"count":0,"href":"https:\/\/kidsonthemoon.com\/pl\/wp-json\/wp\/v2\/pages\/19843\/revisions"}],"wp:attachment":[{"href":"https:\/\/kidsonthemoon.com\/pl\/wp-json\/wp\/v2\/media?parent=19843"}],"curies":[{"name":"wp","href":"https:\/\/api.w.org\/{rel}","templated":true}]}}