{"id":32408,"date":"2021-02-17T12:27:38","date_gmt":"2021-02-17T11:27:38","guid":{"rendered":"https:\/\/moon.grochowski.usermd.net\/?page_id=32408"},"modified":"2021-03-07T17:40:49","modified_gmt":"2021-03-07T16:40:49","slug":"o-nas","status":"publish","type":"page","link":"https:\/\/kidsonthemoon.com\/pl\/o-nas\/","title":{"rendered":"O nas"},"content":{"rendered":"<section class=\"wpb-content-wrapper\"><p>[vc_row equal_height=&#8221;yes&#8221; content_placement=&#8221;middle&#8221;][vc_column width=&#8221;2\/3&#8243;][vc_single_image image=&#8221;43653&#8243; img_size=&#8221;large&#8221;][\/vc_column][vc_column width=&#8221;1\/3&#8243; css=&#8221;.vc_custom_1615135225716{padding-top: 1em !important;padding-bottom: 1em !important;}&#8221;][vc_column_text]<\/p>\n<h3 style=\"text-align: center;\">Cze\u015b\u0107,tu Kids on the Moon<\/h3>\n<p>[\/vc_column_text][vc_empty_space height=&#8221;50px&#8221;][vc_column_text]<\/p>\n<p style=\"text-align: center;\">Kids on the Moon to marka stworzona podczas pe\u0142ni ksi\u0119\u017cyca dla dzieci oderwanych od ziemi, z g\u0142owami pe\u0142nymi marze\u0144, si\u0119gaj\u0105cych gwiazd. Tworzymy ubrania w <span class=\"\">sam raz na nocne spacery po dachach, zabawy w gwiezdnym pyle i oficjalne spotkania z UFO.<\/span><\/p>\n<p>[\/vc_column_text][\/vc_column][\/vc_row][vc_row][vc_column][vc_empty_space height=&#8221;50px&#8221;][vc_column_text]<\/p>\n<p style=\"text-align: center;\">Kids on the Moon to tak\u017ce my, nasze dzieci, nasz spos\u00f3b \u017cycia, nasza estetyka.<\/p>\n<p style=\"text-align: center;\">\u015awiat, w kt\u00f3rym \u017cyjemy i warto\u015bci, kt\u00f3re przekazujemy.\u00a0 Inspiracje czerpiemy z natury, sztuki ale przede wszystkim od dzieci.<\/p>\n<p style=\"text-align: center;\">Dlatego tworz\u0105c kolekcje, \u0142\u0105czymy dzieci\u0119c\u0105 rado\u015b\u0107 i kreatywno\u015b\u0107 z odpowiedzialno\u015bci\u0105 za to, co i w jaki spos\u00f3b im przekazujemy.<\/p>\n<p>[\/vc_column_text][vc_empty_space][vc_single_image image=&#8221;43655&#8243; img_size=&#8221;full&#8221; alignment=&#8221;center&#8221;][vc_empty_space height=&#8221;50px&#8221;][\/vc_column][\/vc_row][vc_row equal_height=&#8221;yes&#8221; content_placement=&#8221;middle&#8221;][vc_column width=&#8221;1\/2&#8243;][vc_column_text]Wierzymy, \u017ce edukacja estetyczna zaczyna si\u0119 od najm\u0142odszych lat. Bawimy si\u0119 r\u00f3\u017cnymi konwencjami i stylami. Co sezon wybieramy si\u0119 w inn\u0105 ksi\u0119\u017cycow\u0105 podr\u00f3\u017c, wsp\u00f3\u0142pracuj\u0105c z niezale\u017cnymi artystami, opowiadaj\u0105c kolejn\u0105 wa\u017cn\u0105 histori\u0119. Promujemy talenty i pasj\u0119. Dbamy o ekologi\u0119 i odpowiedzialn\u0105 mod\u0119, my\u015bl\u0105c o tym, jaki \u015bwiat pozostawimy naszym dzieciom.[\/vc_column_text][vc_empty_space height=&#8221;50px&#8221;][vc_single_image image=&#8221;43658&#8243; img_size=&#8221;large&#8221;][vc_empty_space height=&#8221;50px&#8221;][\/vc_column][vc_column width=&#8221;1\/2&#8243;][vc_single_image image=&#8221;43651&#8243; img_size=&#8221;large&#8221;][vc_empty_space height=&#8221;50px&#8221;][\/vc_column][\/vc_row]<\/p>\n<\/section>","protected":false},"excerpt":{"rendered":"<p>[vc_row equal_height=&#8221;yes&#8221; content_placement=&#8221;middle&#8221;][vc_column width=&#8221;2\/3&#8243;][vc_single_image image=&#8221;43653&#8243; img_size=&#8221;large&#8221;][\/vc_column][vc_column width=&#8221;1\/3&#8243; css=&#8221;.vc_custom_1615135225716{padding-top: 1em !important;padding-bottom: 1em !important;}&#8221;][vc_column_text] Cze\u015b\u0107,tu Kids on the Moon [\/vc_column_text][vc_empty_space height=&#8221;50px&#8221;][vc_column_text] Kids on the Moon to marka stworzona podczas pe\u0142ni ksi\u0119\u017cyca dla dzieci oderwanych od ziemi, z g\u0142owami pe\u0142nymi marze\u0144, si\u0119gaj\u0105cych gwiazd. Tworzymy ubrania w sam raz na nocne spacery po dachach, zabawy w gwiezdnym pyle i [&hellip;]<\/p>\n","protected":false},"author":1,"featured_media":0,"parent":0,"menu_order":0,"comment_status":"closed","ping_status":"closed","template":"","meta":{"_themeisle_gutenberg_block_has_review":false,"footnotes":""},"blocksy_meta":{"styles_descriptor":{"styles":{"desktop":"","tablet":"","mobile":""},"google_fonts":[],"version":5}},"acf":[],"yoast_head":"<!-- This site is optimized with the Yoast SEO plugin v21.2 - https:\/\/yoast.com\/wordpress\/plugins\/seo\/ -->\n<title>O nas - Kids on the Moon<\/title>\n<meta name=\"robots\" content=\"index, follow, max-snippet:-1, max-image-preview:large, max-video-preview:-1\" \/>\n<link rel=\"canonical\" href=\"https:\/\/kidsonthemoon.com\/pl\/o-nas\/\" \/>\n<meta property=\"og:locale\" content=\"pl_PL\" \/>\n<meta property=\"og:type\" content=\"article\" \/>\n<meta property=\"og:title\" content=\"O nas - Kids on the Moon\" \/>\n<meta property=\"og:description\" content=\"[vc_row equal_height=&#8221;yes&#8221; content_placement=&#8221;middle&#8221;][vc_column width=&#8221;2\/3&#8243;][vc_single_image image=&#8221;43653&#8243; img_size=&#8221;large&#8221;][\/vc_column][vc_column width=&#8221;1\/3&#8243; css=&#8221;.vc_custom_1615135225716{padding-top: 1em !important;padding-bottom: 1em !important;}&#8221;][vc_column_text] Cze\u015b\u0107,tu Kids on the Moon [\/vc_column_text][vc_empty_space height=&#8221;50px&#8221;][vc_column_text] Kids on the Moon to marka stworzona podczas pe\u0142ni ksi\u0119\u017cyca dla dzieci oderwanych od ziemi, z g\u0142owami pe\u0142nymi marze\u0144, si\u0119gaj\u0105cych gwiazd. Tworzymy ubrania w sam raz na nocne spacery po dachach, zabawy w gwiezdnym pyle i [&hellip;]\" \/>\n<meta property=\"og:url\" content=\"https:\/\/kidsonthemoon.com\/pl\/o-nas\/\" \/>\n<meta property=\"og:site_name\" content=\"Kids on the Moon\" \/>\n<meta property=\"article:publisher\" content=\"https:\/\/www.facebook.com\/Kids-on-the-Moon-223747864407076\" \/>\n<meta property=\"article:modified_time\" content=\"2021-03-07T16:40:49+00:00\" \/>\n<meta property=\"og:image\" content=\"https:\/\/kidsonthemoon.com\/wp-content\/uploads\/2024\/05\/13-1.jpg\" \/>\n\t<meta property=\"og:image:width\" content=\"1360\" \/>\n\t<meta property=\"og:image:height\" content=\"700\" \/>\n\t<meta property=\"og:image:type\" content=\"image\/jpeg\" \/>\n<meta name=\"twitter:card\" content=\"summary_large_image\" \/>\n<meta name=\"twitter:label1\" content=\"Szacowany czas czytania\" \/>\n\t<meta name=\"twitter:data1\" content=\"1 minuta\" \/>\n<script type=\"application\/ld+json\" class=\"yoast-schema-graph\">{\"@context\":\"https:\/\/schema.org\",\"@graph\":[{\"@type\":\"WebPage\",\"@id\":\"https:\/\/kidsonthemoon.com\/pl\/o-nas\/\",\"url\":\"https:\/\/kidsonthemoon.com\/pl\/o-nas\/\",\"name\":\"O nas - Kids on the Moon\",\"isPartOf\":{\"@id\":\"https:\/\/kidsonthemoon.com\/pl\/#website\"},\"datePublished\":\"2021-02-17T11:27:38+00:00\",\"dateModified\":\"2021-03-07T16:40:49+00:00\",\"breadcrumb\":{\"@id\":\"https:\/\/kidsonthemoon.com\/pl\/o-nas\/#breadcrumb\"},\"inLanguage\":\"pl-PL\",\"potentialAction\":[{\"@type\":\"ReadAction\",\"target\":[\"https:\/\/kidsonthemoon.com\/pl\/o-nas\/\"]}]},{\"@type\":\"BreadcrumbList\",\"@id\":\"https:\/\/kidsonthemoon.com\/pl\/o-nas\/#breadcrumb\",\"itemListElement\":[{\"@type\":\"ListItem\",\"position\":1,\"name\":\"Strona g\u0142\u00f3wna\",\"item\":\"https:\/\/kidsonthemoon.com\/pl\/\"},{\"@type\":\"ListItem\",\"position\":2,\"name\":\"O nas\"}]},{\"@type\":\"WebSite\",\"@id\":\"https:\/\/kidsonthemoon.com\/pl\/#website\",\"url\":\"https:\/\/kidsonthemoon.com\/pl\/\",\"name\":\"Kids on the Moon\",\"description\":\"odpowiedzialna moda dla dzieci | sklep online dla dzieci\",\"publisher\":{\"@id\":\"https:\/\/kidsonthemoon.com\/pl\/#organization\"},\"potentialAction\":[{\"@type\":\"SearchAction\",\"target\":{\"@type\":\"EntryPoint\",\"urlTemplate\":\"https:\/\/kidsonthemoon.com\/pl\/?s={search_term_string}\"},\"query-input\":\"required name=search_term_string\"}],\"inLanguage\":\"pl-PL\"},{\"@type\":\"Organization\",\"@id\":\"https:\/\/kidsonthemoon.com\/pl\/#organization\",\"name\":\"Kids on the Moon\",\"url\":\"https:\/\/kidsonthemoon.com\/pl\/\",\"logo\":{\"@type\":\"ImageObject\",\"inLanguage\":\"pl-PL\",\"@id\":\"https:\/\/kidsonthemoon.com\/pl\/#\/schema\/logo\/image\/\",\"url\":\"https:\/\/kidsonthemoon.com\/wp-content\/uploads\/2021\/02\/kotm_logo.png\",\"contentUrl\":\"https:\/\/kidsonthemoon.com\/wp-content\/uploads\/2021\/02\/kotm_logo.png\",\"width\":410,\"height\":47,\"caption\":\"Kids on the Moon\"},\"image\":{\"@id\":\"https:\/\/kidsonthemoon.com\/pl\/#\/schema\/logo\/image\/\"},\"sameAs\":[\"https:\/\/www.facebook.com\/Kids-on-the-Moon-223747864407076\",\"https:\/\/www.instagram.com\/kidsonthemoon\/\",\"https:\/\/pl.pinterest.com\/kotm2013\/pins\/\"]}]}<\/script>\n<!-- \/ Yoast SEO plugin. -->","yoast_head_json":{"title":"O nas - Kids on the Moon","robots":{"index":"index","follow":"follow","max-snippet":"max-snippet:-1","max-image-preview":"max-image-preview:large","max-video-preview":"max-video-preview:-1"},"canonical":"https:\/\/kidsonthemoon.com\/pl\/o-nas\/","og_locale":"pl_PL","og_type":"article","og_title":"O nas - Kids on the Moon","og_description":"[vc_row equal_height=&#8221;yes&#8221; content_placement=&#8221;middle&#8221;][vc_column width=&#8221;2\/3&#8243;][vc_single_image image=&#8221;43653&#8243; img_size=&#8221;large&#8221;][\/vc_column][vc_column width=&#8221;1\/3&#8243; css=&#8221;.vc_custom_1615135225716{padding-top: 1em !important;padding-bottom: 1em !important;}&#8221;][vc_column_text] Cze\u015b\u0107,tu Kids on the Moon [\/vc_column_text][vc_empty_space height=&#8221;50px&#8221;][vc_column_text] Kids on the Moon to marka stworzona podczas pe\u0142ni ksi\u0119\u017cyca dla dzieci oderwanych od ziemi, z g\u0142owami pe\u0142nymi marze\u0144, si\u0119gaj\u0105cych gwiazd. Tworzymy ubrania w sam raz na nocne spacery po dachach, zabawy w gwiezdnym pyle i [&hellip;]","og_url":"https:\/\/kidsonthemoon.com\/pl\/o-nas\/","og_site_name":"Kids on the Moon","article_publisher":"https:\/\/www.facebook.com\/Kids-on-the-Moon-223747864407076","article_modified_time":"2021-03-07T16:40:49+00:00","og_image":[{"width":1360,"height":700,"url":"https:\/\/kidsonthemoon.com\/wp-content\/uploads\/2024\/05\/13-1.jpg","type":"image\/jpeg"}],"twitter_card":"summary_large_image","twitter_misc":{"Szacowany czas czytania":"1 minuta"},"schema":{"@context":"https:\/\/schema.org","@graph":[{"@type":"WebPage","@id":"https:\/\/kidsonthemoon.com\/pl\/o-nas\/","url":"https:\/\/kidsonthemoon.com\/pl\/o-nas\/","name":"O nas - Kids on the Moon","isPartOf":{"@id":"https:\/\/kidsonthemoon.com\/pl\/#website"},"datePublished":"2021-02-17T11:27:38+00:00","dateModified":"2021-03-07T16:40:49+00:00","breadcrumb":{"@id":"https:\/\/kidsonthemoon.com\/pl\/o-nas\/#breadcrumb"},"inLanguage":"pl-PL","potentialAction":[{"@type":"ReadAction","target":["https:\/\/kidsonthemoon.com\/pl\/o-nas\/"]}]},{"@type":"BreadcrumbList","@id":"https:\/\/kidsonthemoon.com\/pl\/o-nas\/#breadcrumb","itemListElement":[{"@type":"ListItem","position":1,"name":"Strona g\u0142\u00f3wna","item":"https:\/\/kidsonthemoon.com\/pl\/"},{"@type":"ListItem","position":2,"name":"O nas"}]},{"@type":"WebSite","@id":"https:\/\/kidsonthemoon.com\/pl\/#website","url":"https:\/\/kidsonthemoon.com\/pl\/","name":"Kids on the Moon","description":"odpowiedzialna moda dla dzieci | sklep online dla dzieci","publisher":{"@id":"https:\/\/kidsonthemoon.com\/pl\/#organization"},"potentialAction":[{"@type":"SearchAction","target":{"@type":"EntryPoint","urlTemplate":"https:\/\/kidsonthemoon.com\/pl\/?s={search_term_string}"},"query-input":"required name=search_term_string"}],"inLanguage":"pl-PL"},{"@type":"Organization","@id":"https:\/\/kidsonthemoon.com\/pl\/#organization","name":"Kids on the Moon","url":"https:\/\/kidsonthemoon.com\/pl\/","logo":{"@type":"ImageObject","inLanguage":"pl-PL","@id":"https:\/\/kidsonthemoon.com\/pl\/#\/schema\/logo\/image\/","url":"https:\/\/kidsonthemoon.com\/wp-content\/uploads\/2021\/02\/kotm_logo.png","contentUrl":"https:\/\/kidsonthemoon.com\/wp-content\/uploads\/2021\/02\/kotm_logo.png","width":410,"height":47,"caption":"Kids on the Moon"},"image":{"@id":"https:\/\/kidsonthemoon.com\/pl\/#\/schema\/logo\/image\/"},"sameAs":["https:\/\/www.facebook.com\/Kids-on-the-Moon-223747864407076","https:\/\/www.instagram.com\/kidsonthemoon\/","https:\/\/pl.pinterest.com\/kotm2013\/pins\/"]}]}},"_links":{"self":[{"href":"https:\/\/kidsonthemoon.com\/pl\/wp-json\/wp\/v2\/pages\/32408"}],"collection":[{"href":"https:\/\/kidsonthemoon.com\/pl\/wp-json\/wp\/v2\/pages"}],"about":[{"href":"https:\/\/kidsonthemoon.com\/pl\/wp-json\/wp\/v2\/types\/page"}],"author":[{"embeddable":true,"href":"https:\/\/kidsonthemoon.com\/pl\/wp-json\/wp\/v2\/users\/1"}],"replies":[{"embeddable":true,"href":"https:\/\/kidsonthemoon.com\/pl\/wp-json\/wp\/v2\/comments?post=32408"}],"version-history":[{"count":0,"href":"https:\/\/kidsonthemoon.com\/pl\/wp-json\/wp\/v2\/pages\/32408\/revisions"}],"wp:attachment":[{"href":"https:\/\/kidsonthemoon.com\/pl\/wp-json\/wp\/v2\/media?parent=32408"}],"curies":[{"name":"wp","href":"https:\/\/api.w.org\/{rel}","templated":true}]}}