{"id":32410,"date":"2021-02-17T12:28:07","date_gmt":"2021-02-17T11:28:07","guid":{"rendered":"https:\/\/moon.grochowski.usermd.net\/?page_id=32410"},"modified":"2021-03-07T17:33:32","modified_gmt":"2021-03-07T16:33:32","slug":"zrownowazona-moda","status":"publish","type":"page","link":"https:\/\/kidsonthemoon.com\/pl\/zrownowazona-moda\/","title":{"rendered":"Zr\u00f3wnowa\u017cona moda"},"content":{"rendered":"<section class=\"wpb-content-wrapper\"><p>[vc_row equal_height=&#8221;yes&#8221; content_placement=&#8221;middle&#8221;][vc_column width=&#8221;3\/4&#8243;][vc_single_image image=&#8221;43692&#8243; img_size=&#8221;large&#8221;][\/vc_column][vc_column width=&#8221;1\/4&#8243;][vc_empty_space height=&#8221;32&#8243;][vc_column_text]<span style=\"font-weight: bold; font-size: 2em;\">W Kids on the Moon dbamy o innych i o \u015bwiat, kt\u00f3ry wsp\u00f3lnie dzielimy.<\/span>[\/vc_column_text][vc_empty_space height=&#8221;32&#8243;][\/vc_column][\/vc_row][vc_row][vc_column][vc_empty_space height=&#8221;40&#8243;][\/vc_column][\/vc_row][vc_row equal_height=&#8221;yes&#8221; content_placement=&#8221;middle&#8221;][vc_column width=&#8221;1\/2&#8243;][vc_column_text]Filozofia marki opiera si\u0119 na anga\u017cowaniu dzieci w dbanie o \u015brodowisko ju\u017c od najm\u0142odszych lat. W naszych kolekcjach g\u0142o\u015bno m\u00f3wimy o empatii i zrozumieniu siebie nawzajem, co nierozerwalnie wi\u0105\u017ce si\u0119 z dbaniem o \u015bwiat, w kt\u00f3rym \u017cyjemy i kt\u00f3ry pozostawimy naszym dzieciom. Robimy to poprzez anga\u017cowanie najm\u0142odszych w pro-ekologiczn\u0105 zabaw\u0119 mod\u0105. poprzez wplatanie w nasze kolekcje temat\u00f3w zwi\u0105zanych z natur\u0105, nawi\u0105zywanie do \u015bwiata zwierz\u0105t na nadrukach i w nazwach ubra\u0144, czy tworz\u0105c tematyczne kolorowanki i gry.[\/vc_column_text][vc_empty_space][vc_column_text]Idea \u2018odpowiedzialnej mody\u2019 od zawsze przy\u015bwieca\u0142a nam podczas rozwijania marki. Stawiamy na wysok\u0105 jako\u015b\u0107, lokaln\u0105 produkcj\u0119, szycie \u201epod zam\u00f3wienia\u201d tak, aby jak najmniej by\u0142o nadprodukcji odzie\u017cy. Dobra jako\u015b\u0107 naszych ubra\u0144 umo\u017cliwia ich d\u0142u\u017cszy \u017cywot. Ponadczasowe projekty i \u0142atwo\u015b\u0107 \u0142\u0105czenia ubra\u0144 z r\u00f3\u017cnych kolekcji pozwalaj\u0105 na to, aby dzieci mog\u0142y si\u0119 nimi d\u0142ugo cieszy\u0107, a nast\u0119pnie przekazywa\u0107 m\u0142odszym.[\/vc_column_text][vc_empty_space][\/vc_column][vc_column width=&#8221;1\/2&#8243;][vc_single_image image=&#8221;43674&#8243; img_size=&#8221;large&#8221;][vc_empty_space][\/vc_column][\/vc_row][vc_row][vc_column][vc_empty_space height=&#8221;18px&#8221;][\/vc_column][\/vc_row][vc_row][vc_column width=&#8221;1\/3&#8243;][vc_single_image image=&#8221;43676&#8243; img_size=&#8221;large&#8221;][vc_empty_space][\/vc_column][vc_column width=&#8221;1\/3&#8243;][vc_single_image image=&#8221;43678&#8243; img_size=&#8221;large&#8221;][vc_empty_space][\/vc_column][vc_column width=&#8221;1\/3&#8243;][vc_single_image image=&#8221;43683&#8243; img_size=&#8221;large&#8221;][vc_empty_space][\/vc_column][\/vc_row][vc_row][vc_column][vc_column_text]Od lat wsp\u00f3\u0142pracujemy z zaufanymi dostawcami i szwalniami, wspieraj\u0105c odpowiedzialn\u0105 spo\u0142ecznie, lokaln\u0105 produkcj\u0119. U\u017cywamy naturalnych materia\u0142\u00f3w produkowanych w Europie. Co sezon wprowadzamy nowe tkaniny z bawe\u0142ny organicznej oraz z recyclingu. Ich procentowy udzia\u0142 ro\u015bnie z ka\u017cd\u0105 nasz\u0105 kolekcj\u0105.[\/vc_column_text][vc_empty_space height=&#8221;50px&#8221;][vc_single_image image=&#8221;43727&#8243; img_size=&#8221;full&#8221; alignment=&#8221;center&#8221;][vc_empty_space][vc_column_text]Nasze ubrania pakowane s\u0105 w 100% bio-degradowaln\u0105 torebk\u0119 pochodzenia ro\u015blinnego, kt\u00f3ra po wyrzuceniu do \u015bmieci bio lub do kompostownika rozk\u0142ada si\u0119 w czasie kilku tygodni. Chcemy w ten spos\u00f3b znacznie ograniczy\u0107 ilo\u015b\u0107 plastiku wyrzucanego od razu po zakupie. Kartony, w kt\u00f3rych odbieramy ubrania ze szwalni s\u0105 wielokrotnego u\u017cytku, nasze metki z logo marki s\u0105 papierowe, a materia\u0142y reklamowe typu ulotki, lookbooki czy kartki drukujemy na papierze ekologicznym.<\/p>\n<p>&nbsp;<\/p>\n<p>Dbajmy razem o nasze \u015brodowisko!<\/p>\n<p>[\/vc_column_text][\/vc_column][\/vc_row]<\/p>\n<\/section>","protected":false},"excerpt":{"rendered":"<p>[vc_row equal_height=&#8221;yes&#8221; content_placement=&#8221;middle&#8221;][vc_column width=&#8221;3\/4&#8243;][vc_single_image image=&#8221;43692&#8243; img_size=&#8221;large&#8221;][\/vc_column][vc_column width=&#8221;1\/4&#8243;][vc_empty_space height=&#8221;32&#8243;][vc_column_text]W Kids on the Moon dbamy o innych i o \u015bwiat, kt\u00f3ry wsp\u00f3lnie dzielimy.[\/vc_column_text][vc_empty_space height=&#8221;32&#8243;][\/vc_column][\/vc_row][vc_row][vc_column][vc_empty_space height=&#8221;40&#8243;][\/vc_column][\/vc_row][vc_row equal_height=&#8221;yes&#8221; content_placement=&#8221;middle&#8221;][vc_column width=&#8221;1\/2&#8243;][vc_column_text]Filozofia marki opiera si\u0119 na anga\u017cowaniu dzieci w dbanie o \u015brodowisko ju\u017c od najm\u0142odszych lat. W naszych kolekcjach g\u0142o\u015bno m\u00f3wimy o empatii i zrozumieniu siebie nawzajem, co nierozerwalnie wi\u0105\u017ce si\u0119 [&hellip;]<\/p>\n","protected":false},"author":1,"featured_media":0,"parent":0,"menu_order":0,"comment_status":"closed","ping_status":"closed","template":"","meta":{"_themeisle_gutenberg_block_has_review":false,"footnotes":""},"blocksy_meta":{"styles_descriptor":{"styles":{"desktop":"","tablet":"","mobile":""},"google_fonts":[],"version":5}},"acf":[],"yoast_head":"<!-- This site is optimized with the Yoast SEO plugin v21.2 - https:\/\/yoast.com\/wordpress\/plugins\/seo\/ -->\n<title>Zr\u00f3wnowa\u017cona moda - Kids on the Moon<\/title>\n<meta name=\"robots\" content=\"index, follow, max-snippet:-1, max-image-preview:large, max-video-preview:-1\" \/>\n<link rel=\"canonical\" href=\"https:\/\/kidsonthemoon.com\/pl\/zrownowazona-moda\/\" \/>\n<meta property=\"og:locale\" content=\"pl_PL\" \/>\n<meta property=\"og:type\" content=\"article\" \/>\n<meta property=\"og:title\" content=\"Zr\u00f3wnowa\u017cona moda - Kids on the Moon\" \/>\n<meta property=\"og:description\" content=\"[vc_row equal_height=&#8221;yes&#8221; content_placement=&#8221;middle&#8221;][vc_column width=&#8221;3\/4&#8243;][vc_single_image image=&#8221;43692&#8243; img_size=&#8221;large&#8221;][\/vc_column][vc_column width=&#8221;1\/4&#8243;][vc_empty_space height=&#8221;32&#8243;][vc_column_text]W Kids on the Moon dbamy o innych i o \u015bwiat, kt\u00f3ry wsp\u00f3lnie dzielimy.[\/vc_column_text][vc_empty_space height=&#8221;32&#8243;][\/vc_column][\/vc_row][vc_row][vc_column][vc_empty_space height=&#8221;40&#8243;][\/vc_column][\/vc_row][vc_row equal_height=&#8221;yes&#8221; content_placement=&#8221;middle&#8221;][vc_column width=&#8221;1\/2&#8243;][vc_column_text]Filozofia marki opiera si\u0119 na anga\u017cowaniu dzieci w dbanie o \u015brodowisko ju\u017c od najm\u0142odszych lat. W naszych kolekcjach g\u0142o\u015bno m\u00f3wimy o empatii i zrozumieniu siebie nawzajem, co nierozerwalnie wi\u0105\u017ce si\u0119 [&hellip;]\" \/>\n<meta property=\"og:url\" content=\"https:\/\/kidsonthemoon.com\/pl\/zrownowazona-moda\/\" \/>\n<meta property=\"og:site_name\" content=\"Kids on the Moon\" \/>\n<meta property=\"article:publisher\" content=\"https:\/\/www.facebook.com\/Kids-on-the-Moon-223747864407076\" \/>\n<meta property=\"article:modified_time\" content=\"2021-03-07T16:33:32+00:00\" \/>\n<meta property=\"og:image\" content=\"https:\/\/kidsonthemoon.com\/wp-content\/uploads\/2024\/05\/13-1.jpg\" \/>\n\t<meta property=\"og:image:width\" content=\"1360\" \/>\n\t<meta property=\"og:image:height\" content=\"700\" \/>\n\t<meta property=\"og:image:type\" content=\"image\/jpeg\" \/>\n<meta name=\"twitter:card\" content=\"summary_large_image\" \/>\n<meta name=\"twitter:label1\" content=\"Szacowany czas czytania\" \/>\n\t<meta name=\"twitter:data1\" content=\"2 minuty\" \/>\n<script type=\"application\/ld+json\" class=\"yoast-schema-graph\">{\"@context\":\"https:\/\/schema.org\",\"@graph\":[{\"@type\":\"WebPage\",\"@id\":\"https:\/\/kidsonthemoon.com\/pl\/zrownowazona-moda\/\",\"url\":\"https:\/\/kidsonthemoon.com\/pl\/zrownowazona-moda\/\",\"name\":\"Zr\u00f3wnowa\u017cona moda - Kids on the Moon\",\"isPartOf\":{\"@id\":\"https:\/\/kidsonthemoon.com\/pl\/#website\"},\"datePublished\":\"2021-02-17T11:28:07+00:00\",\"dateModified\":\"2021-03-07T16:33:32+00:00\",\"breadcrumb\":{\"@id\":\"https:\/\/kidsonthemoon.com\/pl\/zrownowazona-moda\/#breadcrumb\"},\"inLanguage\":\"pl-PL\",\"potentialAction\":[{\"@type\":\"ReadAction\",\"target\":[\"https:\/\/kidsonthemoon.com\/pl\/zrownowazona-moda\/\"]}]},{\"@type\":\"BreadcrumbList\",\"@id\":\"https:\/\/kidsonthemoon.com\/pl\/zrownowazona-moda\/#breadcrumb\",\"itemListElement\":[{\"@type\":\"ListItem\",\"position\":1,\"name\":\"Strona g\u0142\u00f3wna\",\"item\":\"https:\/\/kidsonthemoon.com\/pl\/\"},{\"@type\":\"ListItem\",\"position\":2,\"name\":\"Zr\u00f3wnowa\u017cona moda\"}]},{\"@type\":\"WebSite\",\"@id\":\"https:\/\/kidsonthemoon.com\/pl\/#website\",\"url\":\"https:\/\/kidsonthemoon.com\/pl\/\",\"name\":\"Kids on the Moon\",\"description\":\"odpowiedzialna moda dla dzieci | sklep online dla dzieci\",\"publisher\":{\"@id\":\"https:\/\/kidsonthemoon.com\/pl\/#organization\"},\"potentialAction\":[{\"@type\":\"SearchAction\",\"target\":{\"@type\":\"EntryPoint\",\"urlTemplate\":\"https:\/\/kidsonthemoon.com\/pl\/?s={search_term_string}\"},\"query-input\":\"required name=search_term_string\"}],\"inLanguage\":\"pl-PL\"},{\"@type\":\"Organization\",\"@id\":\"https:\/\/kidsonthemoon.com\/pl\/#organization\",\"name\":\"Kids on the Moon\",\"url\":\"https:\/\/kidsonthemoon.com\/pl\/\",\"logo\":{\"@type\":\"ImageObject\",\"inLanguage\":\"pl-PL\",\"@id\":\"https:\/\/kidsonthemoon.com\/pl\/#\/schema\/logo\/image\/\",\"url\":\"https:\/\/kidsonthemoon.com\/wp-content\/uploads\/2021\/02\/kotm_logo.png\",\"contentUrl\":\"https:\/\/kidsonthemoon.com\/wp-content\/uploads\/2021\/02\/kotm_logo.png\",\"width\":410,\"height\":47,\"caption\":\"Kids on the Moon\"},\"image\":{\"@id\":\"https:\/\/kidsonthemoon.com\/pl\/#\/schema\/logo\/image\/\"},\"sameAs\":[\"https:\/\/www.facebook.com\/Kids-on-the-Moon-223747864407076\",\"https:\/\/www.instagram.com\/kidsonthemoon\/\",\"https:\/\/pl.pinterest.com\/kotm2013\/pins\/\"]}]}<\/script>\n<!-- \/ Yoast SEO plugin. -->","yoast_head_json":{"title":"Zr\u00f3wnowa\u017cona moda - Kids on the Moon","robots":{"index":"index","follow":"follow","max-snippet":"max-snippet:-1","max-image-preview":"max-image-preview:large","max-video-preview":"max-video-preview:-1"},"canonical":"https:\/\/kidsonthemoon.com\/pl\/zrownowazona-moda\/","og_locale":"pl_PL","og_type":"article","og_title":"Zr\u00f3wnowa\u017cona moda - Kids on the Moon","og_description":"[vc_row equal_height=&#8221;yes&#8221; content_placement=&#8221;middle&#8221;][vc_column width=&#8221;3\/4&#8243;][vc_single_image image=&#8221;43692&#8243; img_size=&#8221;large&#8221;][\/vc_column][vc_column width=&#8221;1\/4&#8243;][vc_empty_space height=&#8221;32&#8243;][vc_column_text]W Kids on the Moon dbamy o innych i o \u015bwiat, kt\u00f3ry wsp\u00f3lnie dzielimy.[\/vc_column_text][vc_empty_space height=&#8221;32&#8243;][\/vc_column][\/vc_row][vc_row][vc_column][vc_empty_space height=&#8221;40&#8243;][\/vc_column][\/vc_row][vc_row equal_height=&#8221;yes&#8221; content_placement=&#8221;middle&#8221;][vc_column width=&#8221;1\/2&#8243;][vc_column_text]Filozofia marki opiera si\u0119 na anga\u017cowaniu dzieci w dbanie o \u015brodowisko ju\u017c od najm\u0142odszych lat. W naszych kolekcjach g\u0142o\u015bno m\u00f3wimy o empatii i zrozumieniu siebie nawzajem, co nierozerwalnie wi\u0105\u017ce si\u0119 [&hellip;]","og_url":"https:\/\/kidsonthemoon.com\/pl\/zrownowazona-moda\/","og_site_name":"Kids on the Moon","article_publisher":"https:\/\/www.facebook.com\/Kids-on-the-Moon-223747864407076","article_modified_time":"2021-03-07T16:33:32+00:00","og_image":[{"width":1360,"height":700,"url":"https:\/\/kidsonthemoon.com\/wp-content\/uploads\/2024\/05\/13-1.jpg","type":"image\/jpeg"}],"twitter_card":"summary_large_image","twitter_misc":{"Szacowany czas czytania":"2 minuty"},"schema":{"@context":"https:\/\/schema.org","@graph":[{"@type":"WebPage","@id":"https:\/\/kidsonthemoon.com\/pl\/zrownowazona-moda\/","url":"https:\/\/kidsonthemoon.com\/pl\/zrownowazona-moda\/","name":"Zr\u00f3wnowa\u017cona moda - Kids on the Moon","isPartOf":{"@id":"https:\/\/kidsonthemoon.com\/pl\/#website"},"datePublished":"2021-02-17T11:28:07+00:00","dateModified":"2021-03-07T16:33:32+00:00","breadcrumb":{"@id":"https:\/\/kidsonthemoon.com\/pl\/zrownowazona-moda\/#breadcrumb"},"inLanguage":"pl-PL","potentialAction":[{"@type":"ReadAction","target":["https:\/\/kidsonthemoon.com\/pl\/zrownowazona-moda\/"]}]},{"@type":"BreadcrumbList","@id":"https:\/\/kidsonthemoon.com\/pl\/zrownowazona-moda\/#breadcrumb","itemListElement":[{"@type":"ListItem","position":1,"name":"Strona g\u0142\u00f3wna","item":"https:\/\/kidsonthemoon.com\/pl\/"},{"@type":"ListItem","position":2,"name":"Zr\u00f3wnowa\u017cona moda"}]},{"@type":"WebSite","@id":"https:\/\/kidsonthemoon.com\/pl\/#website","url":"https:\/\/kidsonthemoon.com\/pl\/","name":"Kids on the Moon","description":"odpowiedzialna moda dla dzieci | sklep online dla dzieci","publisher":{"@id":"https:\/\/kidsonthemoon.com\/pl\/#organization"},"potentialAction":[{"@type":"SearchAction","target":{"@type":"EntryPoint","urlTemplate":"https:\/\/kidsonthemoon.com\/pl\/?s={search_term_string}"},"query-input":"required name=search_term_string"}],"inLanguage":"pl-PL"},{"@type":"Organization","@id":"https:\/\/kidsonthemoon.com\/pl\/#organization","name":"Kids on the Moon","url":"https:\/\/kidsonthemoon.com\/pl\/","logo":{"@type":"ImageObject","inLanguage":"pl-PL","@id":"https:\/\/kidsonthemoon.com\/pl\/#\/schema\/logo\/image\/","url":"https:\/\/kidsonthemoon.com\/wp-content\/uploads\/2021\/02\/kotm_logo.png","contentUrl":"https:\/\/kidsonthemoon.com\/wp-content\/uploads\/2021\/02\/kotm_logo.png","width":410,"height":47,"caption":"Kids on the Moon"},"image":{"@id":"https:\/\/kidsonthemoon.com\/pl\/#\/schema\/logo\/image\/"},"sameAs":["https:\/\/www.facebook.com\/Kids-on-the-Moon-223747864407076","https:\/\/www.instagram.com\/kidsonthemoon\/","https:\/\/pl.pinterest.com\/kotm2013\/pins\/"]}]}},"_links":{"self":[{"href":"https:\/\/kidsonthemoon.com\/pl\/wp-json\/wp\/v2\/pages\/32410"}],"collection":[{"href":"https:\/\/kidsonthemoon.com\/pl\/wp-json\/wp\/v2\/pages"}],"about":[{"href":"https:\/\/kidsonthemoon.com\/pl\/wp-json\/wp\/v2\/types\/page"}],"author":[{"embeddable":true,"href":"https:\/\/kidsonthemoon.com\/pl\/wp-json\/wp\/v2\/users\/1"}],"replies":[{"embeddable":true,"href":"https:\/\/kidsonthemoon.com\/pl\/wp-json\/wp\/v2\/comments?post=32410"}],"version-history":[{"count":0,"href":"https:\/\/kidsonthemoon.com\/pl\/wp-json\/wp\/v2\/pages\/32410\/revisions"}],"wp:attachment":[{"href":"https:\/\/kidsonthemoon.com\/pl\/wp-json\/wp\/v2\/media?parent=32410"}],"curies":[{"name":"wp","href":"https:\/\/api.w.org\/{rel}","templated":true}]}}