{"id":32420,"date":"2021-02-17T12:31:55","date_gmt":"2021-02-17T11:31:55","guid":{"rendered":"https:\/\/moon.grochowski.usermd.net\/?page_id=32420"},"modified":"2024-08-30T17:55:25","modified_gmt":"2024-08-30T15:55:25","slug":"dostawa","status":"publish","type":"page","link":"https:\/\/kidsonthemoon.com\/pl\/dostawa\/","title":{"rendered":"Dostawa"},"content":{"rendered":"<section class=\"wpb-content-wrapper\"><p>[vc_row][vc_column][vc_column_text]<strong>Dostawa na terenie Polski<\/strong><\/p>\n<p>Paczkomaty InPost: 14 z\u0142<\/p>\n<p>Kurier: 17 z\u0142<\/p>\n<p>P\u0142atno\u015b\u0107 got\u00f3wk\u0105 przy odbiorze (za pobraniem) &#8211; 24 z\u0142<\/p>\n<p>Darmowa wysy\u0142ka dla zam\u00f3wie\u0144 o warto\u015bci powy\u017cej 400z\u0142<\/p>\n<p>&nbsp;<\/p>\n<p><strong>Dostawa na terenie Unii Europejskiej<\/strong><\/p>\n<p>Poczta Polska: 34 z\u0142<\/p>\n<p>Kurier: 60 z\u0142<\/p>\n<p>&nbsp;<\/p>\n<p><strong>Dostawa poza Uni\u0119 Europejsk\u0105<\/strong><\/p>\n<p>Poczta Polska: 60 z\u0142<\/p>\n<div>&nbsp;<\/div>\n<p>[\/vc_column_text][\/vc_column][\/vc_row]<\/p>\n<\/section>","protected":false},"excerpt":{"rendered":"<p>[vc_row][vc_column][vc_column_text]Dostawa na terenie Polski Paczkomaty InPost: 14 z\u0142 Kurier: 17 z\u0142 P\u0142atno\u015b\u0107 got\u00f3wk\u0105 przy odbiorze (za pobraniem) &#8211; 24 z\u0142 Darmowa wysy\u0142ka dla zam\u00f3wie\u0144 o warto\u015bci powy\u017cej 400z\u0142 &nbsp; Dostawa na terenie Unii Europejskiej Poczta Polska: 34 z\u0142 Kurier: 60 z\u0142 &nbsp; Dostawa poza Uni\u0119 Europejsk\u0105 Poczta Polska: 60 z\u0142 &nbsp; [\/vc_column_text][\/vc_column][\/vc_row]<\/p>\n","protected":false},"author":1,"featured_media":0,"parent":0,"menu_order":0,"comment_status":"closed","ping_status":"closed","template":"","meta":{"_themeisle_gutenberg_block_has_review":false,"footnotes":""},"blocksy_meta":{"styles_descriptor":{"styles":{"desktop":"","tablet":"","mobile":""},"google_fonts":[],"version":5}},"acf":[],"yoast_head":"<!-- This site is optimized with the Yoast SEO plugin v21.2 - https:\/\/yoast.com\/wordpress\/plugins\/seo\/ -->\n<title>Dostawa - Kids on the Moon<\/title>\n<meta name=\"robots\" content=\"index, follow, max-snippet:-1, max-image-preview:large, max-video-preview:-1\" \/>\n<link rel=\"canonical\" href=\"https:\/\/kidsonthemoon.com\/pl\/dostawa\/\" \/>\n<meta property=\"og:locale\" content=\"pl_PL\" \/>\n<meta property=\"og:type\" content=\"article\" \/>\n<meta property=\"og:title\" content=\"Dostawa - Kids on the Moon\" \/>\n<meta property=\"og:description\" content=\"[vc_row][vc_column][vc_column_text]Dostawa na terenie Polski Paczkomaty InPost: 14 z\u0142 Kurier: 17 z\u0142 P\u0142atno\u015b\u0107 got\u00f3wk\u0105 przy odbiorze (za pobraniem) &#8211; 24 z\u0142 Darmowa wysy\u0142ka dla zam\u00f3wie\u0144 o warto\u015bci powy\u017cej 400z\u0142 &nbsp; Dostawa na terenie Unii Europejskiej Poczta Polska: 34 z\u0142 Kurier: 60 z\u0142 &nbsp; Dostawa poza Uni\u0119 Europejsk\u0105 Poczta Polska: 60 z\u0142 &nbsp; [\/vc_column_text][\/vc_column][\/vc_row]\" \/>\n<meta property=\"og:url\" content=\"https:\/\/kidsonthemoon.com\/pl\/dostawa\/\" \/>\n<meta property=\"og:site_name\" content=\"Kids on the Moon\" \/>\n<meta property=\"article:publisher\" content=\"https:\/\/www.facebook.com\/Kids-on-the-Moon-223747864407076\" \/>\n<meta property=\"article:modified_time\" content=\"2024-08-30T15:55:25+00:00\" \/>\n<meta property=\"og:image\" content=\"https:\/\/kidsonthemoon.com\/wp-content\/uploads\/2024\/05\/13-1.jpg\" \/>\n\t<meta property=\"og:image:width\" content=\"1360\" \/>\n\t<meta property=\"og:image:height\" content=\"700\" \/>\n\t<meta property=\"og:image:type\" content=\"image\/jpeg\" \/>\n<meta name=\"twitter:card\" content=\"summary_large_image\" \/>\n<meta name=\"twitter:label1\" content=\"Szacowany czas czytania\" \/>\n\t<meta name=\"twitter:data1\" content=\"1 minuta\" \/>\n<script type=\"application\/ld+json\" class=\"yoast-schema-graph\">{\"@context\":\"https:\/\/schema.org\",\"@graph\":[{\"@type\":\"WebPage\",\"@id\":\"https:\/\/kidsonthemoon.com\/pl\/dostawa\/\",\"url\":\"https:\/\/kidsonthemoon.com\/pl\/dostawa\/\",\"name\":\"Dostawa - Kids on the Moon\",\"isPartOf\":{\"@id\":\"https:\/\/kidsonthemoon.com\/pl\/#website\"},\"datePublished\":\"2021-02-17T11:31:55+00:00\",\"dateModified\":\"2024-08-30T15:55:25+00:00\",\"breadcrumb\":{\"@id\":\"https:\/\/kidsonthemoon.com\/pl\/dostawa\/#breadcrumb\"},\"inLanguage\":\"pl-PL\",\"potentialAction\":[{\"@type\":\"ReadAction\",\"target\":[\"https:\/\/kidsonthemoon.com\/pl\/dostawa\/\"]}]},{\"@type\":\"BreadcrumbList\",\"@id\":\"https:\/\/kidsonthemoon.com\/pl\/dostawa\/#breadcrumb\",\"itemListElement\":[{\"@type\":\"ListItem\",\"position\":1,\"name\":\"Strona g\u0142\u00f3wna\",\"item\":\"https:\/\/kidsonthemoon.com\/pl\/\"},{\"@type\":\"ListItem\",\"position\":2,\"name\":\"Dostawa\"}]},{\"@type\":\"WebSite\",\"@id\":\"https:\/\/kidsonthemoon.com\/pl\/#website\",\"url\":\"https:\/\/kidsonthemoon.com\/pl\/\",\"name\":\"Kids on the Moon\",\"description\":\"odpowiedzialna moda dla dzieci | sklep online dla dzieci\",\"publisher\":{\"@id\":\"https:\/\/kidsonthemoon.com\/pl\/#organization\"},\"potentialAction\":[{\"@type\":\"SearchAction\",\"target\":{\"@type\":\"EntryPoint\",\"urlTemplate\":\"https:\/\/kidsonthemoon.com\/pl\/?s={search_term_string}\"},\"query-input\":\"required name=search_term_string\"}],\"inLanguage\":\"pl-PL\"},{\"@type\":\"Organization\",\"@id\":\"https:\/\/kidsonthemoon.com\/pl\/#organization\",\"name\":\"Kids on the Moon\",\"url\":\"https:\/\/kidsonthemoon.com\/pl\/\",\"logo\":{\"@type\":\"ImageObject\",\"inLanguage\":\"pl-PL\",\"@id\":\"https:\/\/kidsonthemoon.com\/pl\/#\/schema\/logo\/image\/\",\"url\":\"https:\/\/kidsonthemoon.com\/wp-content\/uploads\/2021\/02\/kotm_logo.png\",\"contentUrl\":\"https:\/\/kidsonthemoon.com\/wp-content\/uploads\/2021\/02\/kotm_logo.png\",\"width\":410,\"height\":47,\"caption\":\"Kids on the Moon\"},\"image\":{\"@id\":\"https:\/\/kidsonthemoon.com\/pl\/#\/schema\/logo\/image\/\"},\"sameAs\":[\"https:\/\/www.facebook.com\/Kids-on-the-Moon-223747864407076\",\"https:\/\/www.instagram.com\/kidsonthemoon\/\",\"https:\/\/pl.pinterest.com\/kotm2013\/pins\/\"]}]}<\/script>\n<!-- \/ Yoast SEO plugin. -->","yoast_head_json":{"title":"Dostawa - Kids on the Moon","robots":{"index":"index","follow":"follow","max-snippet":"max-snippet:-1","max-image-preview":"max-image-preview:large","max-video-preview":"max-video-preview:-1"},"canonical":"https:\/\/kidsonthemoon.com\/pl\/dostawa\/","og_locale":"pl_PL","og_type":"article","og_title":"Dostawa - Kids on the Moon","og_description":"[vc_row][vc_column][vc_column_text]Dostawa na terenie Polski Paczkomaty InPost: 14 z\u0142 Kurier: 17 z\u0142 P\u0142atno\u015b\u0107 got\u00f3wk\u0105 przy odbiorze (za pobraniem) &#8211; 24 z\u0142 Darmowa wysy\u0142ka dla zam\u00f3wie\u0144 o warto\u015bci powy\u017cej 400z\u0142 &nbsp; Dostawa na terenie Unii Europejskiej Poczta Polska: 34 z\u0142 Kurier: 60 z\u0142 &nbsp; Dostawa poza Uni\u0119 Europejsk\u0105 Poczta Polska: 60 z\u0142 &nbsp; [\/vc_column_text][\/vc_column][\/vc_row]","og_url":"https:\/\/kidsonthemoon.com\/pl\/dostawa\/","og_site_name":"Kids on the Moon","article_publisher":"https:\/\/www.facebook.com\/Kids-on-the-Moon-223747864407076","article_modified_time":"2024-08-30T15:55:25+00:00","og_image":[{"width":1360,"height":700,"url":"https:\/\/kidsonthemoon.com\/wp-content\/uploads\/2024\/05\/13-1.jpg","type":"image\/jpeg"}],"twitter_card":"summary_large_image","twitter_misc":{"Szacowany czas czytania":"1 minuta"},"schema":{"@context":"https:\/\/schema.org","@graph":[{"@type":"WebPage","@id":"https:\/\/kidsonthemoon.com\/pl\/dostawa\/","url":"https:\/\/kidsonthemoon.com\/pl\/dostawa\/","name":"Dostawa - Kids on the Moon","isPartOf":{"@id":"https:\/\/kidsonthemoon.com\/pl\/#website"},"datePublished":"2021-02-17T11:31:55+00:00","dateModified":"2024-08-30T15:55:25+00:00","breadcrumb":{"@id":"https:\/\/kidsonthemoon.com\/pl\/dostawa\/#breadcrumb"},"inLanguage":"pl-PL","potentialAction":[{"@type":"ReadAction","target":["https:\/\/kidsonthemoon.com\/pl\/dostawa\/"]}]},{"@type":"BreadcrumbList","@id":"https:\/\/kidsonthemoon.com\/pl\/dostawa\/#breadcrumb","itemListElement":[{"@type":"ListItem","position":1,"name":"Strona g\u0142\u00f3wna","item":"https:\/\/kidsonthemoon.com\/pl\/"},{"@type":"ListItem","position":2,"name":"Dostawa"}]},{"@type":"WebSite","@id":"https:\/\/kidsonthemoon.com\/pl\/#website","url":"https:\/\/kidsonthemoon.com\/pl\/","name":"Kids on the Moon","description":"odpowiedzialna moda dla dzieci | sklep online dla dzieci","publisher":{"@id":"https:\/\/kidsonthemoon.com\/pl\/#organization"},"potentialAction":[{"@type":"SearchAction","target":{"@type":"EntryPoint","urlTemplate":"https:\/\/kidsonthemoon.com\/pl\/?s={search_term_string}"},"query-input":"required name=search_term_string"}],"inLanguage":"pl-PL"},{"@type":"Organization","@id":"https:\/\/kidsonthemoon.com\/pl\/#organization","name":"Kids on the Moon","url":"https:\/\/kidsonthemoon.com\/pl\/","logo":{"@type":"ImageObject","inLanguage":"pl-PL","@id":"https:\/\/kidsonthemoon.com\/pl\/#\/schema\/logo\/image\/","url":"https:\/\/kidsonthemoon.com\/wp-content\/uploads\/2021\/02\/kotm_logo.png","contentUrl":"https:\/\/kidsonthemoon.com\/wp-content\/uploads\/2021\/02\/kotm_logo.png","width":410,"height":47,"caption":"Kids on the Moon"},"image":{"@id":"https:\/\/kidsonthemoon.com\/pl\/#\/schema\/logo\/image\/"},"sameAs":["https:\/\/www.facebook.com\/Kids-on-the-Moon-223747864407076","https:\/\/www.instagram.com\/kidsonthemoon\/","https:\/\/pl.pinterest.com\/kotm2013\/pins\/"]}]}},"_links":{"self":[{"href":"https:\/\/kidsonthemoon.com\/pl\/wp-json\/wp\/v2\/pages\/32420"}],"collection":[{"href":"https:\/\/kidsonthemoon.com\/pl\/wp-json\/wp\/v2\/pages"}],"about":[{"href":"https:\/\/kidsonthemoon.com\/pl\/wp-json\/wp\/v2\/types\/page"}],"author":[{"embeddable":true,"href":"https:\/\/kidsonthemoon.com\/pl\/wp-json\/wp\/v2\/users\/1"}],"replies":[{"embeddable":true,"href":"https:\/\/kidsonthemoon.com\/pl\/wp-json\/wp\/v2\/comments?post=32420"}],"version-history":[{"count":2,"href":"https:\/\/kidsonthemoon.com\/pl\/wp-json\/wp\/v2\/pages\/32420\/revisions"}],"predecessor-version":[{"id":110237,"href":"https:\/\/kidsonthemoon.com\/pl\/wp-json\/wp\/v2\/pages\/32420\/revisions\/110237"}],"wp:attachment":[{"href":"https:\/\/kidsonthemoon.com\/pl\/wp-json\/wp\/v2\/media?parent=32420"}],"curies":[{"name":"wp","href":"https:\/\/api.w.org\/{rel}","templated":true}]}}