{"id":32424,"date":"2021-02-17T12:32:53","date_gmt":"2021-02-17T11:32:53","guid":{"rendered":"https:\/\/moon.grochowski.usermd.net\/?page_id=32424"},"modified":"2024-08-30T18:00:10","modified_gmt":"2024-08-30T16:00:10","slug":"zwroty-i-reklamacje","status":"publish","type":"page","link":"https:\/\/kidsonthemoon.com\/pl\/zwroty-i-reklamacje\/","title":{"rendered":"Zwroty i reklamacje"},"content":{"rendered":"<section class=\"wpb-content-wrapper\"><p>[vc_row][vc_column][vc_column_text]<strong>ODST\u0104PIENIE OD UMOWY<\/strong><\/p>\n<p>Klient ma prawo odst\u0105pi\u0107 od Umowy bez podania przyczyny, sk\u0142adaj\u0105c stosowne o\u015bwiadczenie w terminie 14 dni od dnia otrzymania zam\u00f3wienia.<\/p>\n<p>Od Umowy mo\u017cna odst\u0105pi\u0107, sk\u0142adaj\u0105c o\u015bwiadczenie o odst\u0105pieniu od umowy <strong>poprzez wype\u0142nienie Formularza odst\u0105pienia od umowy i do\u0142\u0105czaj\u0105c go do przesy\u0142ki zwrotnej.<\/strong><\/p>\n<p>Zwracan\u0105 rzecz nale\u017cy odes\u0142a\u0107 na adres: DEL-FINA sp. z.o.o. ul. Lipkowska 92, 05-080 Truskaw, Izabelin, jednak nie p\u00f3\u017aniej ni\u017c w terminie 14 dni od dnia otrzymania przesy\u0142ki z zam\u00f3wieniem. Klient ponosi bezpo\u015brednie koszty zwrotu towaru.<\/p>\n<p>Dokonane p\u0142atno\u015bci zostan\u0105 zwr\u00f3cone Klientowi nie p\u00f3\u017aniej ni\u017c w terminie 14 dni od dnia otrzymania przesy\u0142ki zwrotnej wraz z wype\u0142nionym Formularzem odst\u0105pienia od umowy.<\/p>\n<p>Szczeg\u00f3\u0142owe informacje na temat odst\u0105pienia od umowy znajduj\u0105 si\u0119 w naszym&nbsp;<span style=\"color: #2445a2;\"><a href=\"https:\/\/kidsonthemoon.com\/regulamin\/\" target=\"_blank\" rel=\"noopener\">Regulaminie<\/a><\/span>.<\/p>\n<p><span style=\"color: #2445a2;\"><a href=\"https:\/\/kidsonthemoon.com\/kids-on-the-moon-formularz-zwrotu\/\" target=\"_blank\" rel=\"noopener\">Formularz odst\u0105pienia od umowy<\/a><\/span><\/p>\n<p>&nbsp;<\/p>\n<p><strong>&nbsp;<\/strong><strong>REKLAMACJE<\/strong><\/p>\n<p>W przypadku, gdy zakupiony towar oka\u017ce si\u0119 wadliwy, Klient ma prawo reklamowa\u0107 go w oparciu o r\u0119kojmi\u0119.<\/p>\n<p>Reklamacj\u0119 mo\u017cna z\u0142o\u017cy\u0107, wysy\u0142aj\u0105c zg\u0142oszenie reklamacyjne poprzez wiadomo\u015b\u0107 e-mail przes\u0142an\u0105 na adres: shop@kidsonthemoon.com oraz do\u0142\u0105czaj\u0105c do przesy\u0142ki zwrotnej wype\u0142niony formularz reklamacyjny.<\/p>\n<p>Reklamowan\u0105 rzecz nale\u017cy odes\u0142a\u0107, wraz z do\u0142\u0105czonym dowodem zakupu i Formularzem reklamacyjnym, na adres: DEL-FINA sp. z.o.o. ul. Lipkowska 92, 05-080 Truskaw, Izabelin.<\/p>\n<p>Koszty dostarczenia wadliwego towaru przez Klienta ponosi Sprzedawca.<\/p>\n<p>Szczeg\u00f3\u0142owe informacje na temat reklamacji znajduj\u0105 si\u0119 w naszym&nbsp;<span style=\"color: #2445a2;\"><a href=\"https:\/\/kidsonthemoon.com\/regulamin\/\" target=\"_blank\" rel=\"noopener\">Regulaminie<\/a><\/span>.<\/p>\n<p><span style=\"color: #2445a2;\"><a href=\"https:\/\/kidsonthemoon.com\/kids-on-the-moon-formularz-reklamacji\/\" target=\"_blank\" rel=\"noopener\">Formularz reklamacyjny<\/a><\/span>[\/vc_column_text][\/vc_column][\/vc_row]<\/p>\n<\/section>","protected":false},"excerpt":{"rendered":"<p>[vc_row][vc_column][vc_column_text]ODST\u0104PIENIE OD UMOWY Klient ma prawo odst\u0105pi\u0107 od Umowy bez podania przyczyny, sk\u0142adaj\u0105c stosowne o\u015bwiadczenie w terminie 14 dni od dnia otrzymania zam\u00f3wienia. Od Umowy mo\u017cna odst\u0105pi\u0107, sk\u0142adaj\u0105c o\u015bwiadczenie o odst\u0105pieniu od umowy poprzez wype\u0142nienie Formularza odst\u0105pienia od umowy i do\u0142\u0105czaj\u0105c go do przesy\u0142ki zwrotnej. Zwracan\u0105 rzecz nale\u017cy odes\u0142a\u0107 na adres: DEL-FINA sp. z.o.o. ul. [&hellip;]<\/p>\n","protected":false},"author":1,"featured_media":0,"parent":0,"menu_order":0,"comment_status":"closed","ping_status":"closed","template":"","meta":{"_themeisle_gutenberg_block_has_review":false,"footnotes":""},"blocksy_meta":{"styles_descriptor":{"styles":{"desktop":"","tablet":"","mobile":""},"google_fonts":[],"version":5}},"acf":[],"yoast_head":"<!-- This site is optimized with the Yoast SEO plugin v21.2 - https:\/\/yoast.com\/wordpress\/plugins\/seo\/ -->\n<title>Zwroty i reklamacje - Kids on the Moon<\/title>\n<meta name=\"robots\" content=\"index, follow, max-snippet:-1, max-image-preview:large, max-video-preview:-1\" \/>\n<link rel=\"canonical\" href=\"https:\/\/kidsonthemoon.com\/pl\/zwroty-i-reklamacje\/\" \/>\n<meta property=\"og:locale\" content=\"pl_PL\" \/>\n<meta property=\"og:type\" content=\"article\" \/>\n<meta property=\"og:title\" content=\"Zwroty i reklamacje - Kids on the Moon\" \/>\n<meta property=\"og:description\" content=\"[vc_row][vc_column][vc_column_text]ODST\u0104PIENIE OD UMOWY Klient ma prawo odst\u0105pi\u0107 od Umowy bez podania przyczyny, sk\u0142adaj\u0105c stosowne o\u015bwiadczenie w terminie 14 dni od dnia otrzymania zam\u00f3wienia. Od Umowy mo\u017cna odst\u0105pi\u0107, sk\u0142adaj\u0105c o\u015bwiadczenie o odst\u0105pieniu od umowy poprzez wype\u0142nienie Formularza odst\u0105pienia od umowy i do\u0142\u0105czaj\u0105c go do przesy\u0142ki zwrotnej. Zwracan\u0105 rzecz nale\u017cy odes\u0142a\u0107 na adres: DEL-FINA sp. z.o.o. ul. [&hellip;]\" \/>\n<meta property=\"og:url\" content=\"https:\/\/kidsonthemoon.com\/pl\/zwroty-i-reklamacje\/\" \/>\n<meta property=\"og:site_name\" content=\"Kids on the Moon\" \/>\n<meta property=\"article:publisher\" content=\"https:\/\/www.facebook.com\/Kids-on-the-Moon-223747864407076\" \/>\n<meta property=\"article:modified_time\" content=\"2024-08-30T16:00:10+00:00\" \/>\n<meta property=\"og:image\" content=\"https:\/\/kidsonthemoon.com\/wp-content\/uploads\/2024\/05\/13-1.jpg\" \/>\n\t<meta property=\"og:image:width\" content=\"1360\" \/>\n\t<meta property=\"og:image:height\" content=\"700\" \/>\n\t<meta property=\"og:image:type\" content=\"image\/jpeg\" \/>\n<meta name=\"twitter:card\" content=\"summary_large_image\" \/>\n<meta name=\"twitter:label1\" content=\"Szacowany czas czytania\" \/>\n\t<meta name=\"twitter:data1\" content=\"2 minuty\" \/>\n<script type=\"application\/ld+json\" class=\"yoast-schema-graph\">{\"@context\":\"https:\/\/schema.org\",\"@graph\":[{\"@type\":\"WebPage\",\"@id\":\"https:\/\/kidsonthemoon.com\/pl\/zwroty-i-reklamacje\/\",\"url\":\"https:\/\/kidsonthemoon.com\/pl\/zwroty-i-reklamacje\/\",\"name\":\"Zwroty i reklamacje - Kids on the Moon\",\"isPartOf\":{\"@id\":\"https:\/\/kidsonthemoon.com\/pl\/#website\"},\"datePublished\":\"2021-02-17T11:32:53+00:00\",\"dateModified\":\"2024-08-30T16:00:10+00:00\",\"breadcrumb\":{\"@id\":\"https:\/\/kidsonthemoon.com\/pl\/zwroty-i-reklamacje\/#breadcrumb\"},\"inLanguage\":\"pl-PL\",\"potentialAction\":[{\"@type\":\"ReadAction\",\"target\":[\"https:\/\/kidsonthemoon.com\/pl\/zwroty-i-reklamacje\/\"]}]},{\"@type\":\"BreadcrumbList\",\"@id\":\"https:\/\/kidsonthemoon.com\/pl\/zwroty-i-reklamacje\/#breadcrumb\",\"itemListElement\":[{\"@type\":\"ListItem\",\"position\":1,\"name\":\"Strona g\u0142\u00f3wna\",\"item\":\"https:\/\/kidsonthemoon.com\/pl\/\"},{\"@type\":\"ListItem\",\"position\":2,\"name\":\"Zwroty i reklamacje\"}]},{\"@type\":\"WebSite\",\"@id\":\"https:\/\/kidsonthemoon.com\/pl\/#website\",\"url\":\"https:\/\/kidsonthemoon.com\/pl\/\",\"name\":\"Kids on the Moon\",\"description\":\"odpowiedzialna moda dla dzieci | sklep online dla dzieci\",\"publisher\":{\"@id\":\"https:\/\/kidsonthemoon.com\/pl\/#organization\"},\"potentialAction\":[{\"@type\":\"SearchAction\",\"target\":{\"@type\":\"EntryPoint\",\"urlTemplate\":\"https:\/\/kidsonthemoon.com\/pl\/?s={search_term_string}\"},\"query-input\":\"required name=search_term_string\"}],\"inLanguage\":\"pl-PL\"},{\"@type\":\"Organization\",\"@id\":\"https:\/\/kidsonthemoon.com\/pl\/#organization\",\"name\":\"Kids on the Moon\",\"url\":\"https:\/\/kidsonthemoon.com\/pl\/\",\"logo\":{\"@type\":\"ImageObject\",\"inLanguage\":\"pl-PL\",\"@id\":\"https:\/\/kidsonthemoon.com\/pl\/#\/schema\/logo\/image\/\",\"url\":\"https:\/\/kidsonthemoon.com\/wp-content\/uploads\/2021\/02\/kotm_logo.png\",\"contentUrl\":\"https:\/\/kidsonthemoon.com\/wp-content\/uploads\/2021\/02\/kotm_logo.png\",\"width\":410,\"height\":47,\"caption\":\"Kids on the Moon\"},\"image\":{\"@id\":\"https:\/\/kidsonthemoon.com\/pl\/#\/schema\/logo\/image\/\"},\"sameAs\":[\"https:\/\/www.facebook.com\/Kids-on-the-Moon-223747864407076\",\"https:\/\/www.instagram.com\/kidsonthemoon\/\",\"https:\/\/pl.pinterest.com\/kotm2013\/pins\/\"]}]}<\/script>\n<!-- \/ Yoast SEO plugin. -->","yoast_head_json":{"title":"Zwroty i reklamacje - Kids on the Moon","robots":{"index":"index","follow":"follow","max-snippet":"max-snippet:-1","max-image-preview":"max-image-preview:large","max-video-preview":"max-video-preview:-1"},"canonical":"https:\/\/kidsonthemoon.com\/pl\/zwroty-i-reklamacje\/","og_locale":"pl_PL","og_type":"article","og_title":"Zwroty i reklamacje - Kids on the Moon","og_description":"[vc_row][vc_column][vc_column_text]ODST\u0104PIENIE OD UMOWY Klient ma prawo odst\u0105pi\u0107 od Umowy bez podania przyczyny, sk\u0142adaj\u0105c stosowne o\u015bwiadczenie w terminie 14 dni od dnia otrzymania zam\u00f3wienia. Od Umowy mo\u017cna odst\u0105pi\u0107, sk\u0142adaj\u0105c o\u015bwiadczenie o odst\u0105pieniu od umowy poprzez wype\u0142nienie Formularza odst\u0105pienia od umowy i do\u0142\u0105czaj\u0105c go do przesy\u0142ki zwrotnej. Zwracan\u0105 rzecz nale\u017cy odes\u0142a\u0107 na adres: DEL-FINA sp. z.o.o. ul. [&hellip;]","og_url":"https:\/\/kidsonthemoon.com\/pl\/zwroty-i-reklamacje\/","og_site_name":"Kids on the Moon","article_publisher":"https:\/\/www.facebook.com\/Kids-on-the-Moon-223747864407076","article_modified_time":"2024-08-30T16:00:10+00:00","og_image":[{"width":1360,"height":700,"url":"https:\/\/kidsonthemoon.com\/wp-content\/uploads\/2024\/05\/13-1.jpg","type":"image\/jpeg"}],"twitter_card":"summary_large_image","twitter_misc":{"Szacowany czas czytania":"2 minuty"},"schema":{"@context":"https:\/\/schema.org","@graph":[{"@type":"WebPage","@id":"https:\/\/kidsonthemoon.com\/pl\/zwroty-i-reklamacje\/","url":"https:\/\/kidsonthemoon.com\/pl\/zwroty-i-reklamacje\/","name":"Zwroty i reklamacje - Kids on the Moon","isPartOf":{"@id":"https:\/\/kidsonthemoon.com\/pl\/#website"},"datePublished":"2021-02-17T11:32:53+00:00","dateModified":"2024-08-30T16:00:10+00:00","breadcrumb":{"@id":"https:\/\/kidsonthemoon.com\/pl\/zwroty-i-reklamacje\/#breadcrumb"},"inLanguage":"pl-PL","potentialAction":[{"@type":"ReadAction","target":["https:\/\/kidsonthemoon.com\/pl\/zwroty-i-reklamacje\/"]}]},{"@type":"BreadcrumbList","@id":"https:\/\/kidsonthemoon.com\/pl\/zwroty-i-reklamacje\/#breadcrumb","itemListElement":[{"@type":"ListItem","position":1,"name":"Strona g\u0142\u00f3wna","item":"https:\/\/kidsonthemoon.com\/pl\/"},{"@type":"ListItem","position":2,"name":"Zwroty i reklamacje"}]},{"@type":"WebSite","@id":"https:\/\/kidsonthemoon.com\/pl\/#website","url":"https:\/\/kidsonthemoon.com\/pl\/","name":"Kids on the Moon","description":"odpowiedzialna moda dla dzieci | sklep online dla dzieci","publisher":{"@id":"https:\/\/kidsonthemoon.com\/pl\/#organization"},"potentialAction":[{"@type":"SearchAction","target":{"@type":"EntryPoint","urlTemplate":"https:\/\/kidsonthemoon.com\/pl\/?s={search_term_string}"},"query-input":"required name=search_term_string"}],"inLanguage":"pl-PL"},{"@type":"Organization","@id":"https:\/\/kidsonthemoon.com\/pl\/#organization","name":"Kids on the Moon","url":"https:\/\/kidsonthemoon.com\/pl\/","logo":{"@type":"ImageObject","inLanguage":"pl-PL","@id":"https:\/\/kidsonthemoon.com\/pl\/#\/schema\/logo\/image\/","url":"https:\/\/kidsonthemoon.com\/wp-content\/uploads\/2021\/02\/kotm_logo.png","contentUrl":"https:\/\/kidsonthemoon.com\/wp-content\/uploads\/2021\/02\/kotm_logo.png","width":410,"height":47,"caption":"Kids on the Moon"},"image":{"@id":"https:\/\/kidsonthemoon.com\/pl\/#\/schema\/logo\/image\/"},"sameAs":["https:\/\/www.facebook.com\/Kids-on-the-Moon-223747864407076","https:\/\/www.instagram.com\/kidsonthemoon\/","https:\/\/pl.pinterest.com\/kotm2013\/pins\/"]}]}},"_links":{"self":[{"href":"https:\/\/kidsonthemoon.com\/pl\/wp-json\/wp\/v2\/pages\/32424"}],"collection":[{"href":"https:\/\/kidsonthemoon.com\/pl\/wp-json\/wp\/v2\/pages"}],"about":[{"href":"https:\/\/kidsonthemoon.com\/pl\/wp-json\/wp\/v2\/types\/page"}],"author":[{"embeddable":true,"href":"https:\/\/kidsonthemoon.com\/pl\/wp-json\/wp\/v2\/users\/1"}],"replies":[{"embeddable":true,"href":"https:\/\/kidsonthemoon.com\/pl\/wp-json\/wp\/v2\/comments?post=32424"}],"version-history":[{"count":4,"href":"https:\/\/kidsonthemoon.com\/pl\/wp-json\/wp\/v2\/pages\/32424\/revisions"}],"predecessor-version":[{"id":110244,"href":"https:\/\/kidsonthemoon.com\/pl\/wp-json\/wp\/v2\/pages\/32424\/revisions\/110244"}],"wp:attachment":[{"href":"https:\/\/kidsonthemoon.com\/pl\/wp-json\/wp\/v2\/media?parent=32424"}],"curies":[{"name":"wp","href":"https:\/\/api.w.org\/{rel}","templated":true}]}}