{"id":54,"date":"2018-11-05T13:43:44","date_gmt":"2018-11-05T13:43:44","guid":{"rendered":"https:\/\/gioia.qodeinteractive.com\/?page_id=54"},"modified":"2025-05-23T14:26:57","modified_gmt":"2025-05-23T12:26:57","slug":"strona-glowna","status":"publish","type":"page","link":"https:\/\/kidsonthemoon.com\/pl\/","title":{"rendered":"Strona g\u0142\u00f3wna"},"content":{"rendered":"<section class=\"wpb-content-wrapper\"><p>[vc_row row_content_width=&#8221;grid&#8221;][vc_column][vc_column_text]<\/p>\n<div class=\"n2_ss_slider_publish__option_code\" dir=\"ltr\" data-mode=\"id\"><\/div>\n<p>[\/vc_column_text][\/vc_column][\/vc_row][vc_row el_class=&#8221;no-lazy&#8221; css=&#8221;.vc_custom_1696922633524{padding-top: 70px !important;padding-bottom: 70px !important;}&#8221;][vc_column width=&#8221;1\/4&#8243;][vc_single_image image=&#8221;100931&#8243; img_size=&#8221;full&#8221; onclick=&#8221;custom_link&#8221; link=&#8221;https:\/\/kidsonthemoon.com\/produkty\/kids\/kotm-selection\/frota\/&#8221;][\/vc_column][vc_column width=&#8221;1\/4&#8243;][vc_single_image image=&#8221;100927&#8243; img_size=&#8221;full&#8221; onclick=&#8221;custom_link&#8221; link=&#8221;https:\/\/kidsonthemoon.com\/produkty\/kids\/kotm-selection\/len\/&#8221;][\/vc_column][vc_column width=&#8221;1\/4&#8243;][vc_single_image image=&#8221;100929&#8243; img_size=&#8221;full&#8221; onclick=&#8221;custom_link&#8221; link=&#8221;https:\/\/kidsonthemoon.com\/produkty\/kids\/kotm-selection\/denim\/&#8221;][\/vc_column][vc_column width=&#8221;1\/4&#8243;][vc_single_image image=&#8221;100934&#8243; img_size=&#8221;full&#8221; onclick=&#8221;custom_link&#8221; link=&#8221;https:\/\/kidsonthemoon.com\/produkty\/kids\/kotm-selection\/knitwear\/&#8221;][\/vc_column][\/vc_row][vc_row row_content_width=&#8221;grid&#8221;][vc_column][vc_single_image image=&#8221;100032&#8243; img_size=&#8221;full&#8221; alignment=&#8221;center&#8221; onclick=&#8221;custom_link&#8221; link=&#8221;https:\/\/kidsonthemoon.com\/produkty\/kids\/sample-sale\/&#8221;][\/vc_column][\/vc_row][vc_row gap=&#8221;25&#8243; row_content_width=&#8221;grid&#8221; content_text_aligment=&#8221;center&#8221; css=&#8221;.vc_custom_1625003024409{padding-top: 22px !important;padding-bottom: 22px !important;}&#8221;][vc_column width=&#8221;1\/3&#8243; css=&#8221;.vc_custom_1748002790760{padding-bottom: 2em !important;background-image: url(https:\/\/kidsonthemoon.com\/wp-content\/uploads\/2025\/05\/kafelek-T-shirty.jpg?id=117810) !important;background-position: center !important;background-repeat: no-repeat !important;background-size: cover !important;}&#8221;][vc_btn title=&#8221;T-SHIRTY&#8221; shape=&#8221;square&#8221; color=&#8221;default&#8221; size=&#8221;lg&#8221; align=&#8221;center&#8221; link=&#8221;url:https%3A%2F%2Fkidsonthemoon.com%2Fpl%2Fprodukty%2Fkids%2Foutlet%2Ft-shirts%2F|title:NEW&#8221; css=&#8221;.vc_custom_1748002718546{margin-top: 14em !important;margin-bottom: 14em !important;}&#8221;][\/vc_column][vc_column width=&#8221;1\/3&#8243; css=&#8221;.vc_custom_1748002974801{padding-bottom: 2em !important;background-image: url(https:\/\/kidsonthemoon.com\/wp-content\/uploads\/2025\/05\/kafelek-Sukienki.jpg?id=117816) !important;background-position: center !important;background-repeat: no-repeat !important;background-size: cover !important;}&#8221;][vc_btn title=&#8221;SUKIENKI&#8221; shape=&#8221;square&#8221; color=&#8221;default&#8221; size=&#8221;lg&#8221; align=&#8221;center&#8221; link=&#8221;url:https%3A%2F%2Fkidsonthemoon.com%2Fpl%2Fprodukty%2Fkids%2Foutlet%2Foutlet-sukienki-i-kombinezony%2F|title:SHOP%20BY%20LOOK&#8221; css=&#8221;.vc_custom_1748003074239{margin-top: 14em !important;margin-bottom: 14em !important;}&#8221;][\/vc_column][vc_column width=&#8221;1\/3&#8243; css=&#8221;.vc_custom_1748003212215{padding-bottom: 2em !important;background-image: url(https:\/\/kidsonthemoon.com\/wp-content\/uploads\/2025\/05\/kafelek-szorty.jpg?id=117818) !important;background-position: center !important;background-repeat: no-repeat !important;background-size: cover !important;}&#8221;][vc_btn title=&#8221;SZORTY&#8221; shape=&#8221;square&#8221; color=&#8221;default&#8221; size=&#8221;lg&#8221; align=&#8221;center&#8221; link=&#8221;url:https%3A%2F%2Fkidsonthemoon.com%2Fpl%2Fprodukty%2Fkids%2Foutlet%2Fszorty%2F|title:MAMA%20CLUB&#8221; css=&#8221;.vc_custom_1748003167215{margin-top: 14em !important;margin-bottom: 14em !important;}&#8221;][\/vc_column][\/vc_row]<\/p>\n<\/section>","protected":false},"excerpt":{"rendered":"<p>[vc_row row_content_width=&#8221;grid&#8221;][vc_column][vc_column_text] [\/vc_column_text][\/vc_column][\/vc_row][vc_row el_class=&#8221;no-lazy&#8221; css=&#8221;.vc_custom_1696922633524{padding-top: 70px !important;padding-bottom: 70px !important;}&#8221;][vc_column width=&#8221;1\/4&#8243;][vc_single_image image=&#8221;100931&#8243; img_size=&#8221;full&#8221; onclick=&#8221;custom_link&#8221; link=&#8221;https:\/\/kidsonthemoon.com\/produkty\/kids\/kotm-selection\/frota\/&#8221;][\/vc_column][vc_column width=&#8221;1\/4&#8243;][vc_single_image image=&#8221;100927&#8243; img_size=&#8221;full&#8221; onclick=&#8221;custom_link&#8221; link=&#8221;https:\/\/kidsonthemoon.com\/produkty\/kids\/kotm-selection\/len\/&#8221;][\/vc_column][vc_column width=&#8221;1\/4&#8243;][vc_single_image image=&#8221;100929&#8243; img_size=&#8221;full&#8221; onclick=&#8221;custom_link&#8221; link=&#8221;https:\/\/kidsonthemoon.com\/produkty\/kids\/kotm-selection\/denim\/&#8221;][\/vc_column][vc_column width=&#8221;1\/4&#8243;][vc_single_image image=&#8221;100934&#8243; img_size=&#8221;full&#8221; onclick=&#8221;custom_link&#8221; link=&#8221;https:\/\/kidsonthemoon.com\/produkty\/kids\/kotm-selection\/knitwear\/&#8221;][\/vc_column][\/vc_row][vc_row row_content_width=&#8221;grid&#8221;][vc_column][vc_single_image image=&#8221;100032&#8243; img_size=&#8221;full&#8221; alignment=&#8221;center&#8221; onclick=&#8221;custom_link&#8221; link=&#8221;https:\/\/kidsonthemoon.com\/produkty\/kids\/sample-sale\/&#8221;][\/vc_column][\/vc_row][vc_row gap=&#8221;25&#8243; row_content_width=&#8221;grid&#8221; content_text_aligment=&#8221;center&#8221; css=&#8221;.vc_custom_1625003024409{padding-top: 22px !important;padding-bottom: 22px !important;}&#8221;][vc_column width=&#8221;1\/3&#8243; css=&#8221;.vc_custom_1748002790760{padding-bottom: 2em !important;background-image: url(https:\/\/kidsonthemoon.com\/wp-content\/uploads\/2025\/05\/kafelek-T-shirty.jpg?id=117810) !important;background-position: center !important;background-repeat: no-repeat !important;background-size: cover !important;}&#8221;][vc_btn [&hellip;]<\/p>\n","protected":false},"author":1,"featured_media":0,"parent":0,"menu_order":0,"comment_status":"closed","ping_status":"closed","template":"","meta":{"_themeisle_gutenberg_block_has_review":false,"footnotes":""},"blocksy_meta":{"styles_descriptor":{"styles":{"desktop":"","tablet":"","mobile":""},"google_fonts":[],"version":5}},"acf":[],"yoast_head":"<!-- This site is optimized with the Yoast SEO plugin v21.2 - https:\/\/yoast.com\/wordpress\/plugins\/seo\/ -->\n<title>Kids on the Moon - odpowiedzialna moda dla dzieci | sklep online dla dzieci<\/title>\n<meta name=\"description\" content=\"Marka ubra\u0144 dla dzieci i rodzic\u00f3w w duchu slow. Ubrania tworzone z pasj\u0105. Inspirowane dzieci\u0144stwem i wygod\u0105. Pi\u0119kne i wyj\u0105tkowe projekty, certyfikowane tkaniny. Daj si\u0119 zabra\u0107 w ksi\u0119\u017cycow\u0105 podr\u00f3\u017c z Kids on the moon!\" \/>\n<meta name=\"robots\" content=\"index, follow, max-snippet:-1, max-image-preview:large, max-video-preview:-1\" \/>\n<link rel=\"canonical\" href=\"https:\/\/kidsonthemoon.com\/pl\/\" \/>\n<meta property=\"og:locale\" content=\"pl_PL\" \/>\n<meta property=\"og:type\" content=\"article\" \/>\n<meta property=\"og:title\" content=\"Kids on the Moon - odpowiedzialna moda dla dzieci | sklep online dla dzieci\" \/>\n<meta property=\"og:description\" content=\"Marka ubra\u0144 dla dzieci i rodzic\u00f3w w duchu slow. Ubrania tworzone z pasj\u0105. Inspirowane dzieci\u0144stwem i wygod\u0105. Pi\u0119kne i wyj\u0105tkowe projekty, certyfikowane tkaniny. Daj si\u0119 zabra\u0107 w ksi\u0119\u017cycow\u0105 podr\u00f3\u017c z Kids on the moon!\" \/>\n<meta property=\"og:url\" content=\"https:\/\/kidsonthemoon.com\/pl\/\" \/>\n<meta property=\"og:site_name\" content=\"Kids on the Moon\" \/>\n<meta property=\"article:publisher\" content=\"https:\/\/www.facebook.com\/Kids-on-the-Moon-223747864407076\" \/>\n<meta property=\"article:modified_time\" content=\"2025-05-23T12:26:57+00:00\" \/>\n<meta property=\"og:image\" content=\"https:\/\/kidsonthemoon.com\/wp-content\/uploads\/2024\/05\/13-1.jpg\" \/>\n\t<meta property=\"og:image:width\" content=\"1360\" \/>\n\t<meta property=\"og:image:height\" content=\"700\" \/>\n\t<meta property=\"og:image:type\" content=\"image\/jpeg\" \/>\n<meta name=\"twitter:card\" content=\"summary_large_image\" \/>\n<meta name=\"twitter:label1\" content=\"Szacowany czas czytania\" \/>\n\t<meta name=\"twitter:data1\" content=\"1 minuta\" \/>\n<script type=\"application\/ld+json\" class=\"yoast-schema-graph\">{\"@context\":\"https:\/\/schema.org\",\"@graph\":[{\"@type\":\"WebPage\",\"@id\":\"https:\/\/kidsonthemoon.com\/pl\/\",\"url\":\"https:\/\/kidsonthemoon.com\/pl\/\",\"name\":\"Kids on the Moon - odpowiedzialna moda dla dzieci | sklep online dla dzieci\",\"isPartOf\":{\"@id\":\"https:\/\/kidsonthemoon.com\/pl\/#website\"},\"datePublished\":\"2018-11-05T13:43:44+00:00\",\"dateModified\":\"2025-05-23T12:26:57+00:00\",\"description\":\"Marka ubra\u0144 dla dzieci i rodzic\u00f3w w duchu slow. Ubrania tworzone z pasj\u0105. Inspirowane dzieci\u0144stwem i wygod\u0105. Pi\u0119kne i wyj\u0105tkowe projekty, certyfikowane tkaniny. Daj si\u0119 zabra\u0107 w ksi\u0119\u017cycow\u0105 podr\u00f3\u017c z Kids on the moon!\",\"breadcrumb\":{\"@id\":\"https:\/\/kidsonthemoon.com\/pl\/#breadcrumb\"},\"inLanguage\":\"pl-PL\",\"potentialAction\":[{\"@type\":\"ReadAction\",\"target\":[\"https:\/\/kidsonthemoon.com\/pl\/\"]}]},{\"@type\":\"BreadcrumbList\",\"@id\":\"https:\/\/kidsonthemoon.com\/pl\/#breadcrumb\",\"itemListElement\":[{\"@type\":\"ListItem\",\"position\":1,\"name\":\"Strona g\u0142\u00f3wna\",\"item\":\"https:\/\/kidsonthemoon.com\/pl\/\"},{\"@type\":\"ListItem\",\"position\":2,\"name\":\"Strona g\u0142\u00f3wna\"}]},{\"@type\":\"WebSite\",\"@id\":\"https:\/\/kidsonthemoon.com\/pl\/#website\",\"url\":\"https:\/\/kidsonthemoon.com\/pl\/\",\"name\":\"Kids on the Moon\",\"description\":\"odpowiedzialna moda dla dzieci | sklep online dla dzieci\",\"publisher\":{\"@id\":\"https:\/\/kidsonthemoon.com\/pl\/#organization\"},\"potentialAction\":[{\"@type\":\"SearchAction\",\"target\":{\"@type\":\"EntryPoint\",\"urlTemplate\":\"https:\/\/kidsonthemoon.com\/pl\/?s={search_term_string}\"},\"query-input\":\"required name=search_term_string\"}],\"inLanguage\":\"pl-PL\"},{\"@type\":\"Organization\",\"@id\":\"https:\/\/kidsonthemoon.com\/pl\/#organization\",\"name\":\"Kids on the Moon\",\"url\":\"https:\/\/kidsonthemoon.com\/pl\/\",\"logo\":{\"@type\":\"ImageObject\",\"inLanguage\":\"pl-PL\",\"@id\":\"https:\/\/kidsonthemoon.com\/pl\/#\/schema\/logo\/image\/\",\"url\":\"https:\/\/kidsonthemoon.com\/wp-content\/uploads\/2021\/02\/kotm_logo.png\",\"contentUrl\":\"https:\/\/kidsonthemoon.com\/wp-content\/uploads\/2021\/02\/kotm_logo.png\",\"width\":410,\"height\":47,\"caption\":\"Kids on the Moon\"},\"image\":{\"@id\":\"https:\/\/kidsonthemoon.com\/pl\/#\/schema\/logo\/image\/\"},\"sameAs\":[\"https:\/\/www.facebook.com\/Kids-on-the-Moon-223747864407076\",\"https:\/\/www.instagram.com\/kidsonthemoon\/\",\"https:\/\/pl.pinterest.com\/kotm2013\/pins\/\"]}]}<\/script>\n<!-- \/ Yoast SEO plugin. -->","yoast_head_json":{"title":"Kids on the Moon - odpowiedzialna moda dla dzieci | sklep online dla dzieci","description":"Marka ubra\u0144 dla dzieci i rodzic\u00f3w w duchu slow. Ubrania tworzone z pasj\u0105. Inspirowane dzieci\u0144stwem i wygod\u0105. Pi\u0119kne i wyj\u0105tkowe projekty, certyfikowane tkaniny. Daj si\u0119 zabra\u0107 w ksi\u0119\u017cycow\u0105 podr\u00f3\u017c z Kids on the moon!","robots":{"index":"index","follow":"follow","max-snippet":"max-snippet:-1","max-image-preview":"max-image-preview:large","max-video-preview":"max-video-preview:-1"},"canonical":"https:\/\/kidsonthemoon.com\/pl\/","og_locale":"pl_PL","og_type":"article","og_title":"Kids on the Moon - odpowiedzialna moda dla dzieci | sklep online dla dzieci","og_description":"Marka ubra\u0144 dla dzieci i rodzic\u00f3w w duchu slow. Ubrania tworzone z pasj\u0105. Inspirowane dzieci\u0144stwem i wygod\u0105. Pi\u0119kne i wyj\u0105tkowe projekty, certyfikowane tkaniny. Daj si\u0119 zabra\u0107 w ksi\u0119\u017cycow\u0105 podr\u00f3\u017c z Kids on the moon!","og_url":"https:\/\/kidsonthemoon.com\/pl\/","og_site_name":"Kids on the Moon","article_publisher":"https:\/\/www.facebook.com\/Kids-on-the-Moon-223747864407076","article_modified_time":"2025-05-23T12:26:57+00:00","og_image":[{"width":1360,"height":700,"url":"https:\/\/kidsonthemoon.com\/wp-content\/uploads\/2024\/05\/13-1.jpg","type":"image\/jpeg"}],"twitter_card":"summary_large_image","twitter_misc":{"Szacowany czas czytania":"1 minuta"},"schema":{"@context":"https:\/\/schema.org","@graph":[{"@type":"WebPage","@id":"https:\/\/kidsonthemoon.com\/pl\/","url":"https:\/\/kidsonthemoon.com\/pl\/","name":"Kids on the Moon - odpowiedzialna moda dla dzieci | sklep online dla dzieci","isPartOf":{"@id":"https:\/\/kidsonthemoon.com\/pl\/#website"},"datePublished":"2018-11-05T13:43:44+00:00","dateModified":"2025-05-23T12:26:57+00:00","description":"Marka ubra\u0144 dla dzieci i rodzic\u00f3w w duchu slow. Ubrania tworzone z pasj\u0105. Inspirowane dzieci\u0144stwem i wygod\u0105. Pi\u0119kne i wyj\u0105tkowe projekty, certyfikowane tkaniny. Daj si\u0119 zabra\u0107 w ksi\u0119\u017cycow\u0105 podr\u00f3\u017c z Kids on the moon!","breadcrumb":{"@id":"https:\/\/kidsonthemoon.com\/pl\/#breadcrumb"},"inLanguage":"pl-PL","potentialAction":[{"@type":"ReadAction","target":["https:\/\/kidsonthemoon.com\/pl\/"]}]},{"@type":"BreadcrumbList","@id":"https:\/\/kidsonthemoon.com\/pl\/#breadcrumb","itemListElement":[{"@type":"ListItem","position":1,"name":"Strona g\u0142\u00f3wna","item":"https:\/\/kidsonthemoon.com\/pl\/"},{"@type":"ListItem","position":2,"name":"Strona g\u0142\u00f3wna"}]},{"@type":"WebSite","@id":"https:\/\/kidsonthemoon.com\/pl\/#website","url":"https:\/\/kidsonthemoon.com\/pl\/","name":"Kids on the Moon","description":"odpowiedzialna moda dla dzieci | sklep online dla dzieci","publisher":{"@id":"https:\/\/kidsonthemoon.com\/pl\/#organization"},"potentialAction":[{"@type":"SearchAction","target":{"@type":"EntryPoint","urlTemplate":"https:\/\/kidsonthemoon.com\/pl\/?s={search_term_string}"},"query-input":"required name=search_term_string"}],"inLanguage":"pl-PL"},{"@type":"Organization","@id":"https:\/\/kidsonthemoon.com\/pl\/#organization","name":"Kids on the Moon","url":"https:\/\/kidsonthemoon.com\/pl\/","logo":{"@type":"ImageObject","inLanguage":"pl-PL","@id":"https:\/\/kidsonthemoon.com\/pl\/#\/schema\/logo\/image\/","url":"https:\/\/kidsonthemoon.com\/wp-content\/uploads\/2021\/02\/kotm_logo.png","contentUrl":"https:\/\/kidsonthemoon.com\/wp-content\/uploads\/2021\/02\/kotm_logo.png","width":410,"height":47,"caption":"Kids on the Moon"},"image":{"@id":"https:\/\/kidsonthemoon.com\/pl\/#\/schema\/logo\/image\/"},"sameAs":["https:\/\/www.facebook.com\/Kids-on-the-Moon-223747864407076","https:\/\/www.instagram.com\/kidsonthemoon\/","https:\/\/pl.pinterest.com\/kotm2013\/pins\/"]}]}},"_links":{"self":[{"href":"https:\/\/kidsonthemoon.com\/pl\/wp-json\/wp\/v2\/pages\/54"}],"collection":[{"href":"https:\/\/kidsonthemoon.com\/pl\/wp-json\/wp\/v2\/pages"}],"about":[{"href":"https:\/\/kidsonthemoon.com\/pl\/wp-json\/wp\/v2\/types\/page"}],"author":[{"embeddable":true,"href":"https:\/\/kidsonthemoon.com\/pl\/wp-json\/wp\/v2\/users\/1"}],"replies":[{"embeddable":true,"href":"https:\/\/kidsonthemoon.com\/pl\/wp-json\/wp\/v2\/comments?post=54"}],"version-history":[{"count":22,"href":"https:\/\/kidsonthemoon.com\/pl\/wp-json\/wp\/v2\/pages\/54\/revisions"}],"predecessor-version":[{"id":117823,"href":"https:\/\/kidsonthemoon.com\/pl\/wp-json\/wp\/v2\/pages\/54\/revisions\/117823"}],"wp:attachment":[{"href":"https:\/\/kidsonthemoon.com\/pl\/wp-json\/wp\/v2\/media?parent=54"}],"curies":[{"name":"wp","href":"https:\/\/api.w.org\/{rel}","templated":true}]}}