{"id":70138,"date":"2022-05-30T17:28:31","date_gmt":"2022-05-30T15:28:31","guid":{"rendered":"https:\/\/kidsonthemoon.com\/?page_id=70138"},"modified":"2025-07-04T14:10:50","modified_gmt":"2025-07-04T12:10:50","slug":"by-the-moon","status":"publish","type":"page","link":"https:\/\/kidsonthemoon.com\/pl\/by-the-moon\/","title":{"rendered":"By the Moon"},"content":{"rendered":"<section class=\"wpb-content-wrapper\"><p>[vc_row full_width=&#8221;stretch_row_content_no_spaces&#8221; row_content_width=&#8221;grid&#8221;][vc_column][vc_column_text]<\/p>\n<div class=\"n2_ss_slider_publish__option_code\" dir=\"ltr\" data-mode=\"id\">\n<div class=\"n2_ss_slider_publish__option_code\" dir=\"ltr\" data-mode=\"id\"><\/div>\n<\/div>\n<p>[\/vc_column_text][\/vc_column][\/vc_row][vc_row row_content_width=&#8221;grid&#8221; css=&#8221;.vc_custom_1615884662874{padding-top: 70px !important;padding-bottom: 70px !important;}&#8221; el_class=&#8221;no-lazy&#8221;][vc_column]<div class=\"woocommerce columns-4 \"><\/div>[\/vc_column][\/vc_row][vc_row row_content_width=&#8221;grid&#8221; el_id=&#8221;center&#8221;][vc_column][vc_images_carousel images=&#8221;119078,119080&#8243; img_size=&#8221;full&#8221; onclick=&#8221;link_no&#8221; speed=&#8221;1500&#8243; autoplay=&#8221;yes&#8221; hide_pagination_control=&#8221;yes&#8221; hide_prev_next_buttons=&#8221;yes&#8221; wrap=&#8221;yes&#8221;][\/vc_column][\/vc_row][vc_row gap=&#8221;25&#8243; row_content_width=&#8221;grid&#8221; content_text_aligment=&#8221;center&#8221; css=&#8221;.vc_custom_1625003024409{padding-top: 22px !important;padding-bottom: 22px !important;}&#8221;][vc_column width=&#8221;1\/3&#8243; css=&#8221;.vc_custom_1750853215437{padding-bottom: 2em !important;background-image: url(https:\/\/kidsonthemoon.com\/wp-content\/uploads\/2025\/06\/koszula_charlie_stripes_2.jpg?id=118582) !important;background-position: center !important;background-repeat: no-repeat !important;background-size: cover !important;}&#8221;][vc_btn title=&#8221;NEW&#8221; shape=&#8221;square&#8221; color=&#8221;default&#8221; size=&#8221;lg&#8221; align=&#8221;center&#8221; link=&#8221;url:https%3A%2F%2Fkidsonthemoon.com%2Fprodukty%2Fby-the-moon%2Fnowosci%2F|title:NEW&#8221; css=&#8221;.vc_custom_1680692590938{margin-top: 14em !important;margin-bottom: 14em !important;}&#8221;][\/vc_column][vc_column width=&#8221;1\/3&#8243; css=&#8221;.vc_custom_1746194404974{padding-bottom: 2em !important;background-image: url(https:\/\/kidsonthemoon.com\/wp-content\/uploads\/2025\/05\/bluzy_kafelek_.jpg?id=117124) !important;background-position: center !important;background-repeat: no-repeat !important;background-size: cover !important;}&#8221;][vc_btn title=&#8221;BLUZY&#8221; shape=&#8221;square&#8221; color=&#8221;default&#8221; size=&#8221;lg&#8221; align=&#8221;center&#8221; link=&#8221;url:https%3A%2F%2Fkidsonthemoon.com%2Fpl%2Fprodukty%2Fby-the-moon%2Fbluzy-i-swetry%2F|title:BLUZY%20&#8243; css=&#8221;.vc_custom_1744359230352{margin-top: 14em !important;margin-bottom: 14em !important;}&#8221;][\/vc_column][vc_column width=&#8221;1\/3&#8243; css=&#8221;.vc_custom_1751630642480{padding-bottom: 2em !important;background-image: url(https:\/\/kidsonthemoon.com\/wp-content\/uploads\/2025\/07\/kafelek-SALE.jpg?id=119074) !important;background-position: center !important;background-repeat: no-repeat !important;background-size: cover !important;}&#8221;][vc_btn title=&#8221;SALE&#8221; shape=&#8221;square&#8221; color=&#8221;default&#8221; size=&#8221;lg&#8221; align=&#8221;center&#8221; link=&#8221;url:https%3A%2F%2Fkidsonthemoon.com%2Fpl%2Fprodukty%2Fby-the-moon%2Fsale%2F|title:ARCHIVE%20SALE&#8221; css=&#8221;.vc_custom_1751630702697{margin-top: 14em !important;margin-bottom: 14em !important;}&#8221;][\/vc_column][\/vc_row]<\/p>\n<\/section>","protected":false},"excerpt":{"rendered":"<p>[vc_row full_width=&#8221;stretch_row_content_no_spaces&#8221; row_content_width=&#8221;grid&#8221;][vc_column][vc_column_text] [\/vc_column_text][\/vc_column][\/vc_row][vc_row row_content_width=&#8221;grid&#8221; css=&#8221;.vc_custom_1615884662874{padding-top: 70px !important;padding-bottom: 70px !important;}&#8221; el_class=&#8221;no-lazy&#8221;][vc_column][\/vc_column][\/vc_row][vc_row row_content_width=&#8221;grid&#8221; el_id=&#8221;center&#8221;][vc_column][vc_images_carousel images=&#8221;119078,119080&#8243; img_size=&#8221;full&#8221; onclick=&#8221;link_no&#8221; speed=&#8221;1500&#8243; autoplay=&#8221;yes&#8221; hide_pagination_control=&#8221;yes&#8221; hide_prev_next_buttons=&#8221;yes&#8221; wrap=&#8221;yes&#8221;][\/vc_column][\/vc_row][vc_row gap=&#8221;25&#8243; row_content_width=&#8221;grid&#8221; content_text_aligment=&#8221;center&#8221; css=&#8221;.vc_custom_1625003024409{padding-top: 22px !important;padding-bottom: 22px !important;}&#8221;][vc_column width=&#8221;1\/3&#8243; css=&#8221;.vc_custom_1750853215437{padding-bottom: 2em !important;background-image: url(https:\/\/kidsonthemoon.com\/wp-content\/uploads\/2025\/06\/koszula_charlie_stripes_2.jpg?id=118582) !important;background-position: center !important;background-repeat: no-repeat !important;background-size: cover !important;}&#8221;][vc_btn title=&#8221;NEW&#8221; shape=&#8221;square&#8221; color=&#8221;default&#8221; size=&#8221;lg&#8221; align=&#8221;center&#8221; link=&#8221;url:https%3A%2F%2Fkidsonthemoon.com%2Fprodukty%2Fby-the-moon%2Fnowosci%2F|title:NEW&#8221; css=&#8221;.vc_custom_1680692590938{margin-top: 14em !important;margin-bottom: 14em !important;}&#8221;][\/vc_column][vc_column width=&#8221;1\/3&#8243; css=&#8221;.vc_custom_1746194404974{padding-bottom: 2em [&hellip;]<\/p>\n","protected":false},"author":1,"featured_media":107008,"parent":0,"menu_order":0,"comment_status":"closed","ping_status":"closed","template":"","meta":{"_themeisle_gutenberg_block_has_review":false,"footnotes":""},"blocksy_meta":{"styles_descriptor":{"styles":{"desktop":"","tablet":"","mobile":""},"google_fonts":[],"version":5}},"acf":[],"yoast_head":"<!-- This site is optimized with the Yoast SEO plugin v21.2 - https:\/\/yoast.com\/wordpress\/plugins\/seo\/ -->\n<title>By the Moon - Kids on the Moon<\/title>\n<meta name=\"description\" content=\"Wyj\u0105tkowe ubrania dla kobiet ceni\u0105cych styl i wygod\u0119.\" \/>\n<meta name=\"robots\" content=\"index, follow, max-snippet:-1, max-image-preview:large, max-video-preview:-1\" \/>\n<link rel=\"canonical\" href=\"https:\/\/kidsonthemoon.com\/pl\/by-the-moon\/\" \/>\n<meta property=\"og:locale\" content=\"pl_PL\" \/>\n<meta property=\"og:type\" content=\"article\" \/>\n<meta property=\"og:title\" content=\"By the Moon - Kids on the Moon\" \/>\n<meta property=\"og:description\" content=\"Wyj\u0105tkowe ubrania dla kobiet ceni\u0105cych styl i wygod\u0119.\" \/>\n<meta property=\"og:url\" content=\"https:\/\/kidsonthemoon.com\/pl\/by-the-moon\/\" \/>\n<meta property=\"og:site_name\" content=\"Kids on the Moon\" \/>\n<meta property=\"article:publisher\" content=\"https:\/\/www.facebook.com\/Kids-on-the-Moon-223747864407076\" \/>\n<meta property=\"article:modified_time\" content=\"2025-07-04T12:10:50+00:00\" \/>\n<meta property=\"og:image\" content=\"https:\/\/kidsonthemoon.com\/wp-content\/uploads\/2024\/05\/13-1.jpg\" \/>\n\t<meta property=\"og:image:width\" content=\"1360\" \/>\n\t<meta property=\"og:image:height\" content=\"700\" \/>\n\t<meta property=\"og:image:type\" content=\"image\/jpeg\" \/>\n<meta name=\"twitter:card\" content=\"summary_large_image\" \/>\n<meta name=\"twitter:label1\" content=\"Szacowany czas czytania\" \/>\n\t<meta name=\"twitter:data1\" content=\"1 minuta\" \/>\n<script type=\"application\/ld+json\" class=\"yoast-schema-graph\">{\"@context\":\"https:\/\/schema.org\",\"@graph\":[{\"@type\":\"WebPage\",\"@id\":\"https:\/\/kidsonthemoon.com\/pl\/by-the-moon\/\",\"url\":\"https:\/\/kidsonthemoon.com\/pl\/by-the-moon\/\",\"name\":\"By the Moon - Kids on the Moon\",\"isPartOf\":{\"@id\":\"https:\/\/kidsonthemoon.com\/pl\/#website\"},\"datePublished\":\"2022-05-30T15:28:31+00:00\",\"dateModified\":\"2025-07-04T12:10:50+00:00\",\"description\":\"Wyj\u0105tkowe ubrania dla kobiet ceni\u0105cych styl i wygod\u0119.\",\"breadcrumb\":{\"@id\":\"https:\/\/kidsonthemoon.com\/pl\/by-the-moon\/#breadcrumb\"},\"inLanguage\":\"pl-PL\",\"potentialAction\":[{\"@type\":\"ReadAction\",\"target\":[\"https:\/\/kidsonthemoon.com\/pl\/by-the-moon\/\"]}]},{\"@type\":\"BreadcrumbList\",\"@id\":\"https:\/\/kidsonthemoon.com\/pl\/by-the-moon\/#breadcrumb\",\"itemListElement\":[{\"@type\":\"ListItem\",\"position\":1,\"name\":\"Strona g\u0142\u00f3wna\",\"item\":\"https:\/\/kidsonthemoon.com\/pl\/\"},{\"@type\":\"ListItem\",\"position\":2,\"name\":\"By the Moon\"}]},{\"@type\":\"WebSite\",\"@id\":\"https:\/\/kidsonthemoon.com\/pl\/#website\",\"url\":\"https:\/\/kidsonthemoon.com\/pl\/\",\"name\":\"Kids on the Moon\",\"description\":\"odpowiedzialna moda dla dzieci | sklep online dla dzieci\",\"publisher\":{\"@id\":\"https:\/\/kidsonthemoon.com\/pl\/#organization\"},\"potentialAction\":[{\"@type\":\"SearchAction\",\"target\":{\"@type\":\"EntryPoint\",\"urlTemplate\":\"https:\/\/kidsonthemoon.com\/pl\/?s={search_term_string}\"},\"query-input\":\"required name=search_term_string\"}],\"inLanguage\":\"pl-PL\"},{\"@type\":\"Organization\",\"@id\":\"https:\/\/kidsonthemoon.com\/pl\/#organization\",\"name\":\"Kids on the Moon\",\"url\":\"https:\/\/kidsonthemoon.com\/pl\/\",\"logo\":{\"@type\":\"ImageObject\",\"inLanguage\":\"pl-PL\",\"@id\":\"https:\/\/kidsonthemoon.com\/pl\/#\/schema\/logo\/image\/\",\"url\":\"https:\/\/kidsonthemoon.com\/wp-content\/uploads\/2021\/02\/kotm_logo.png\",\"contentUrl\":\"https:\/\/kidsonthemoon.com\/wp-content\/uploads\/2021\/02\/kotm_logo.png\",\"width\":410,\"height\":47,\"caption\":\"Kids on the Moon\"},\"image\":{\"@id\":\"https:\/\/kidsonthemoon.com\/pl\/#\/schema\/logo\/image\/\"},\"sameAs\":[\"https:\/\/www.facebook.com\/Kids-on-the-Moon-223747864407076\",\"https:\/\/www.instagram.com\/kidsonthemoon\/\",\"https:\/\/pl.pinterest.com\/kotm2013\/pins\/\"]}]}<\/script>\n<!-- \/ Yoast SEO plugin. -->","yoast_head_json":{"title":"By the Moon - Kids on the Moon","description":"Wyj\u0105tkowe ubrania dla kobiet ceni\u0105cych styl i wygod\u0119.","robots":{"index":"index","follow":"follow","max-snippet":"max-snippet:-1","max-image-preview":"max-image-preview:large","max-video-preview":"max-video-preview:-1"},"canonical":"https:\/\/kidsonthemoon.com\/pl\/by-the-moon\/","og_locale":"pl_PL","og_type":"article","og_title":"By the Moon - Kids on the Moon","og_description":"Wyj\u0105tkowe ubrania dla kobiet ceni\u0105cych styl i wygod\u0119.","og_url":"https:\/\/kidsonthemoon.com\/pl\/by-the-moon\/","og_site_name":"Kids on the Moon","article_publisher":"https:\/\/www.facebook.com\/Kids-on-the-Moon-223747864407076","article_modified_time":"2025-07-04T12:10:50+00:00","og_image":[{"width":1360,"height":700,"url":"https:\/\/kidsonthemoon.com\/wp-content\/uploads\/2024\/05\/13-1.jpg","type":"image\/jpeg"}],"twitter_card":"summary_large_image","twitter_misc":{"Szacowany czas czytania":"1 minuta"},"schema":{"@context":"https:\/\/schema.org","@graph":[{"@type":"WebPage","@id":"https:\/\/kidsonthemoon.com\/pl\/by-the-moon\/","url":"https:\/\/kidsonthemoon.com\/pl\/by-the-moon\/","name":"By the Moon - Kids on the Moon","isPartOf":{"@id":"https:\/\/kidsonthemoon.com\/pl\/#website"},"datePublished":"2022-05-30T15:28:31+00:00","dateModified":"2025-07-04T12:10:50+00:00","description":"Wyj\u0105tkowe ubrania dla kobiet ceni\u0105cych styl i wygod\u0119.","breadcrumb":{"@id":"https:\/\/kidsonthemoon.com\/pl\/by-the-moon\/#breadcrumb"},"inLanguage":"pl-PL","potentialAction":[{"@type":"ReadAction","target":["https:\/\/kidsonthemoon.com\/pl\/by-the-moon\/"]}]},{"@type":"BreadcrumbList","@id":"https:\/\/kidsonthemoon.com\/pl\/by-the-moon\/#breadcrumb","itemListElement":[{"@type":"ListItem","position":1,"name":"Strona g\u0142\u00f3wna","item":"https:\/\/kidsonthemoon.com\/pl\/"},{"@type":"ListItem","position":2,"name":"By the Moon"}]},{"@type":"WebSite","@id":"https:\/\/kidsonthemoon.com\/pl\/#website","url":"https:\/\/kidsonthemoon.com\/pl\/","name":"Kids on the Moon","description":"odpowiedzialna moda dla dzieci | sklep online dla dzieci","publisher":{"@id":"https:\/\/kidsonthemoon.com\/pl\/#organization"},"potentialAction":[{"@type":"SearchAction","target":{"@type":"EntryPoint","urlTemplate":"https:\/\/kidsonthemoon.com\/pl\/?s={search_term_string}"},"query-input":"required name=search_term_string"}],"inLanguage":"pl-PL"},{"@type":"Organization","@id":"https:\/\/kidsonthemoon.com\/pl\/#organization","name":"Kids on the Moon","url":"https:\/\/kidsonthemoon.com\/pl\/","logo":{"@type":"ImageObject","inLanguage":"pl-PL","@id":"https:\/\/kidsonthemoon.com\/pl\/#\/schema\/logo\/image\/","url":"https:\/\/kidsonthemoon.com\/wp-content\/uploads\/2021\/02\/kotm_logo.png","contentUrl":"https:\/\/kidsonthemoon.com\/wp-content\/uploads\/2021\/02\/kotm_logo.png","width":410,"height":47,"caption":"Kids on the Moon"},"image":{"@id":"https:\/\/kidsonthemoon.com\/pl\/#\/schema\/logo\/image\/"},"sameAs":["https:\/\/www.facebook.com\/Kids-on-the-Moon-223747864407076","https:\/\/www.instagram.com\/kidsonthemoon\/","https:\/\/pl.pinterest.com\/kotm2013\/pins\/"]}]}},"_links":{"self":[{"href":"https:\/\/kidsonthemoon.com\/pl\/wp-json\/wp\/v2\/pages\/70138"}],"collection":[{"href":"https:\/\/kidsonthemoon.com\/pl\/wp-json\/wp\/v2\/pages"}],"about":[{"href":"https:\/\/kidsonthemoon.com\/pl\/wp-json\/wp\/v2\/types\/page"}],"author":[{"embeddable":true,"href":"https:\/\/kidsonthemoon.com\/pl\/wp-json\/wp\/v2\/users\/1"}],"replies":[{"embeddable":true,"href":"https:\/\/kidsonthemoon.com\/pl\/wp-json\/wp\/v2\/comments?post=70138"}],"version-history":[{"count":60,"href":"https:\/\/kidsonthemoon.com\/pl\/wp-json\/wp\/v2\/pages\/70138\/revisions"}],"predecessor-version":[{"id":119082,"href":"https:\/\/kidsonthemoon.com\/pl\/wp-json\/wp\/v2\/pages\/70138\/revisions\/119082"}],"wp:featuredmedia":[{"embeddable":true,"href":"https:\/\/kidsonthemoon.com\/pl\/wp-json\/wp\/v2\/media\/107008"}],"wp:attachment":[{"href":"https:\/\/kidsonthemoon.com\/pl\/wp-json\/wp\/v2\/media?parent=70138"}],"curies":[{"name":"wp","href":"https:\/\/api.w.org\/{rel}","templated":true}]}}