{"id":101040,"date":"2023-10-18T12:31:18","date_gmt":"2023-10-18T10:31:18","guid":{"rendered":"https:\/\/kidsonthemoon.com\/?post_type=product&#038;p=101040"},"modified":"2025-08-27T15:47:15","modified_gmt":"2025-08-27T13:47:15","slug":"marynarka-colette-noir","status":"publish","type":"product","link":"https:\/\/kidsonthemoon.com\/pl\/produkt\/marynarka-colette-noir\/","title":{"rendered":"marynarka damska Colette noir"},"content":{"rendered":"","protected":false},"excerpt":{"rendered":"<p>Pi\u0119kna damska marynarka o lekko m\u0119skim kroju, uszyta ze szlachetnej tkaniny wiskozowej. Zapinana na jeden guzik z przodu. Guziki na mankietach, rozci\u0119cie z ty\u0142u. Elegancka i jednocze\u015bnie swobodna. Prosty fason, lekko podkre\u015blaj\u0105cy ramiona. Bez du\u017cego taliowania. Marynarka tworzy \u015bwietny zestaw z kamizelk\u0105 i szerokimi spodniami Colette z naszej kolekcji. Mo\u017cna j\u0105 \u0142\u0105czy\u0107 w r\u00f3\u017cnorodnych stylizacjach z sukienkami, bluzkami lub jeansami. To ponadczasowy model, kt\u00f3ry pozostanie z Tob\u0105 na d\u0142ugo, daj\u0105c wiele mo\u017cliwo\u015bci tworzenia kapsu\u0142owej garderoby. To must-have w kobiecej szafie!<\/p>\n<p><strong>Sk\u0142ad:<\/strong><\/p>\n<p>materia\u0142 wierzchni: 93% wiskoza, 7% poliester<\/p>\n<p>podszewka: 100% wiskoza<\/p>\n<p><strong>Piel\u0119gnacja:<\/strong><\/p>\n<p>Rekomendowane pranie wodne w profesjonalnej pralni dla zachowania jak najd\u0142u\u017cej wysokiej jako\u015bci materia\u0142u i fasonu marynarki. Nie bieli\u0107, nie pra\u0107 chemicznie, nie suszy\u0107 w suszarce b\u0119bnowej.<\/p>\n<p><strong>Wymiary marynarki w cm:<\/strong><\/p>\n<table style=\"height: 165px;\" width=\"541\">\n<tbody>\n<tr>\n<td width=\"98\">&nbsp;<\/td>\n<td style=\"text-align: center;\" width=\"64\"><strong>XS<\/strong><\/td>\n<td style=\"text-align: center;\" width=\"64\"><strong>S<\/strong><\/td>\n<td style=\"text-align: center;\" width=\"64\"><strong>M<\/strong><\/td>\n<td style=\"text-align: center;\" width=\"64\"><strong>L<\/strong><\/td>\n<\/tr>\n<tr>\n<td style=\"text-align: left;\">d\u0142. ty\u0142u &#8211; \u015brodek<\/td>\n<td style=\"text-align: center;\">68,5<\/td>\n<td style=\"text-align: center;\">69<\/td>\n<td style=\"text-align: center;\">69<\/td>\n<td style=\"text-align: center;\">70<\/td>\n<\/tr>\n<tr>\n<td>szer. w biu\u015bcie<\/td>\n<td style=\"text-align: center;\">46<\/td>\n<td style=\"text-align: center;\">48<\/td>\n<td style=\"text-align: center;\">50<\/td>\n<td style=\"text-align: center;\">52<\/td>\n<\/tr>\n<tr>\n<td style=\"text-align: left;\">d\u0142. r\u0119kawa<\/td>\n<td style=\"text-align: center;\">59<\/td>\n<td style=\"text-align: center;\">59,5<\/td>\n<td style=\"text-align: center;\">60<\/td>\n<td style=\"text-align: center;\">60,5<\/td>\n<\/tr>\n<\/tbody>\n<\/table>\n<p>&nbsp;<\/p>\n","protected":false},"featured_media":101823,"template":"","meta":{"_themeisle_gutenberg_block_has_review":false},"product_cat":[789],"product_tag":[797],"acf":[],"yoast_head":"<!-- This site is optimized with the Yoast SEO plugin v21.2 - https:\/\/yoast.com\/wordpress\/plugins\/seo\/ -->\n<title>marynarka damska Colette noir - Kids on the Moon<\/title>\n<meta name=\"robots\" content=\"index, follow, max-snippet:-1, max-image-preview:large, max-video-preview:-1\" \/>\n<link rel=\"canonical\" href=\"https:\/\/kidsonthemoon.com\/pl\/produkt\/marynarka-colette-noir\/\" \/>\n<meta property=\"og:locale\" content=\"pl_PL\" \/>\n<meta property=\"og:type\" content=\"article\" \/>\n<meta property=\"og:title\" content=\"marynarka damska Colette noir - Kids on the Moon\" \/>\n<meta property=\"og:description\" content=\"Pi\u0119kna damska marynarka o lekko m\u0119skim kroju, uszyta ze szlachetnej tkaniny wiskozowej. Zapinana na jeden guzik z przodu. Guziki na mankietach, rozci\u0119cie z ty\u0142u. Elegancka i jednocze\u015bnie swobodna. Prosty fason, lekko podkre\u015blaj\u0105cy ramiona. Bez du\u017cego taliowania. Marynarka tworzy \u015bwietny zestaw z kamizelk\u0105 i szerokimi spodniami Colette z naszej kolekcji. Mo\u017cna j\u0105 \u0142\u0105czy\u0107 w r\u00f3\u017cnorodnych stylizacjach z sukienkami, bluzkami lub jeansami. To ponadczasowy model, kt\u00f3ry pozostanie z Tob\u0105 na d\u0142ugo, daj\u0105c wiele mo\u017cliwo\u015bci tworzenia kapsu\u0142owej garderoby. To must-have w kobiecej szafie!  Sk\u0142ad:  materia\u0142 wierzchni: 93% wiskoza, 7% poliester  podszewka: 100% wiskoza  Piel\u0119gnacja:  Rekomendowane pranie wodne w profesjonalnej pralni dla zachowania jak najd\u0142u\u017cej wysokiej jako\u015bci materia\u0142u i fasonu marynarki. Nie bieli\u0107, nie pra\u0107 chemicznie, nie suszy\u0107 w suszarce b\u0119bnowej.  Wymiary marynarki w cm:    &nbsp; XS S M L   d\u0142. ty\u0142u - \u015brodek 68,5 69 69 70   szer. w biu\u015bcie 46 48 50 52   d\u0142. r\u0119kawa 59 59,5 60 60,5    &nbsp;\" \/>\n<meta property=\"og:url\" content=\"https:\/\/kidsonthemoon.com\/pl\/produkt\/marynarka-colette-noir\/\" \/>\n<meta property=\"og:site_name\" content=\"Kids on the Moon\" \/>\n<meta property=\"article:publisher\" content=\"https:\/\/www.facebook.com\/Kids-on-the-Moon-223747864407076\" \/>\n<meta property=\"article:modified_time\" content=\"2025-08-27T13:47:15+00:00\" \/>\n<meta property=\"og:image\" content=\"https:\/\/kidsonthemoon.com\/wp-content\/uploads\/2023\/10\/marynarka-colette_noir1.jpg\" \/>\n\t<meta property=\"og:image:width\" content=\"1000\" \/>\n\t<meta property=\"og:image:height\" content=\"1400\" \/>\n\t<meta property=\"og:image:type\" content=\"image\/jpeg\" \/>\n<meta name=\"twitter:card\" content=\"summary_large_image\" \/>\n<script type=\"application\/ld+json\" class=\"yoast-schema-graph\">{\"@context\":\"https:\/\/schema.org\",\"@graph\":[{\"@type\":\"WebPage\",\"@id\":\"https:\/\/kidsonthemoon.com\/pl\/produkt\/marynarka-colette-noir\/\",\"url\":\"https:\/\/kidsonthemoon.com\/pl\/produkt\/marynarka-colette-noir\/\",\"name\":\"marynarka damska Colette noir - Kids on the Moon\",\"isPartOf\":{\"@id\":\"https:\/\/kidsonthemoon.com\/pl\/#website\"},\"datePublished\":\"2023-10-18T10:31:18+00:00\",\"dateModified\":\"2025-08-27T13:47:15+00:00\",\"breadcrumb\":{\"@id\":\"https:\/\/kidsonthemoon.com\/pl\/produkt\/marynarka-colette-noir\/#breadcrumb\"},\"inLanguage\":\"pl-PL\",\"potentialAction\":[{\"@type\":\"ReadAction\",\"target\":[\"https:\/\/kidsonthemoon.com\/pl\/produkt\/marynarka-colette-noir\/\"]}]},{\"@type\":\"BreadcrumbList\",\"@id\":\"https:\/\/kidsonthemoon.com\/pl\/produkt\/marynarka-colette-noir\/#breadcrumb\",\"itemListElement\":[{\"@type\":\"ListItem\",\"position\":1,\"name\":\"Strona g\u0142\u00f3wna\",\"item\":\"https:\/\/kidsonthemoon.com\/pl\/\"},{\"@type\":\"ListItem\",\"position\":2,\"name\":\"Sklep\",\"item\":\"https:\/\/kidsonthemoon.com\/pl\/sklep\/\"},{\"@type\":\"ListItem\",\"position\":3,\"name\":\"marynarka damska Colette noir\"}]},{\"@type\":\"WebSite\",\"@id\":\"https:\/\/kidsonthemoon.com\/pl\/#website\",\"url\":\"https:\/\/kidsonthemoon.com\/pl\/\",\"name\":\"Kids on the Moon\",\"description\":\"odpowiedzialna moda dla dzieci | sklep online dla dzieci\",\"publisher\":{\"@id\":\"https:\/\/kidsonthemoon.com\/pl\/#organization\"},\"potentialAction\":[{\"@type\":\"SearchAction\",\"target\":{\"@type\":\"EntryPoint\",\"urlTemplate\":\"https:\/\/kidsonthemoon.com\/pl\/?s={search_term_string}\"},\"query-input\":\"required name=search_term_string\"}],\"inLanguage\":\"pl-PL\"},{\"@type\":\"Organization\",\"@id\":\"https:\/\/kidsonthemoon.com\/pl\/#organization\",\"name\":\"Kids on the Moon\",\"url\":\"https:\/\/kidsonthemoon.com\/pl\/\",\"logo\":{\"@type\":\"ImageObject\",\"inLanguage\":\"pl-PL\",\"@id\":\"https:\/\/kidsonthemoon.com\/pl\/#\/schema\/logo\/image\/\",\"url\":\"https:\/\/kidsonthemoon.com\/wp-content\/uploads\/2021\/02\/kotm_logo.png\",\"contentUrl\":\"https:\/\/kidsonthemoon.com\/wp-content\/uploads\/2021\/02\/kotm_logo.png\",\"width\":410,\"height\":47,\"caption\":\"Kids on the Moon\"},\"image\":{\"@id\":\"https:\/\/kidsonthemoon.com\/pl\/#\/schema\/logo\/image\/\"},\"sameAs\":[\"https:\/\/www.facebook.com\/Kids-on-the-Moon-223747864407076\",\"https:\/\/www.instagram.com\/kidsonthemoon\/\",\"https:\/\/pl.pinterest.com\/kotm2013\/pins\/\"]}]}<\/script>\n<!-- \/ Yoast SEO plugin. -->","yoast_head_json":{"title":"marynarka damska Colette noir - Kids on the Moon","robots":{"index":"index","follow":"follow","max-snippet":"max-snippet:-1","max-image-preview":"max-image-preview:large","max-video-preview":"max-video-preview:-1"},"canonical":"https:\/\/kidsonthemoon.com\/pl\/produkt\/marynarka-colette-noir\/","og_locale":"pl_PL","og_type":"article","og_title":"marynarka damska Colette noir - Kids on the Moon","og_description":"Pi\u0119kna damska marynarka o lekko m\u0119skim kroju, uszyta ze szlachetnej tkaniny wiskozowej. Zapinana na jeden guzik z przodu. Guziki na mankietach, rozci\u0119cie z ty\u0142u. Elegancka i jednocze\u015bnie swobodna. Prosty fason, lekko podkre\u015blaj\u0105cy ramiona. Bez du\u017cego taliowania. Marynarka tworzy \u015bwietny zestaw z kamizelk\u0105 i szerokimi spodniami Colette z naszej kolekcji. Mo\u017cna j\u0105 \u0142\u0105czy\u0107 w r\u00f3\u017cnorodnych stylizacjach z sukienkami, bluzkami lub jeansami. To ponadczasowy model, kt\u00f3ry pozostanie z Tob\u0105 na d\u0142ugo, daj\u0105c wiele mo\u017cliwo\u015bci tworzenia kapsu\u0142owej garderoby. To must-have w kobiecej szafie!  Sk\u0142ad:  materia\u0142 wierzchni: 93% wiskoza, 7% poliester  podszewka: 100% wiskoza  Piel\u0119gnacja:  Rekomendowane pranie wodne w profesjonalnej pralni dla zachowania jak najd\u0142u\u017cej wysokiej jako\u015bci materia\u0142u i fasonu marynarki. Nie bieli\u0107, nie pra\u0107 chemicznie, nie suszy\u0107 w suszarce b\u0119bnowej.  Wymiary marynarki w cm:    &nbsp; XS S M L   d\u0142. ty\u0142u - \u015brodek 68,5 69 69 70   szer. w biu\u015bcie 46 48 50 52   d\u0142. r\u0119kawa 59 59,5 60 60,5    &nbsp;","og_url":"https:\/\/kidsonthemoon.com\/pl\/produkt\/marynarka-colette-noir\/","og_site_name":"Kids on the Moon","article_publisher":"https:\/\/www.facebook.com\/Kids-on-the-Moon-223747864407076","article_modified_time":"2025-08-27T13:47:15+00:00","og_image":[{"width":1000,"height":1400,"url":"https:\/\/kidsonthemoon.com\/wp-content\/uploads\/2023\/10\/marynarka-colette_noir1.jpg","type":"image\/jpeg"}],"twitter_card":"summary_large_image","schema":{"@context":"https:\/\/schema.org","@graph":[{"@type":"WebPage","@id":"https:\/\/kidsonthemoon.com\/pl\/produkt\/marynarka-colette-noir\/","url":"https:\/\/kidsonthemoon.com\/pl\/produkt\/marynarka-colette-noir\/","name":"marynarka damska Colette noir - Kids on the Moon","isPartOf":{"@id":"https:\/\/kidsonthemoon.com\/pl\/#website"},"datePublished":"2023-10-18T10:31:18+00:00","dateModified":"2025-08-27T13:47:15+00:00","breadcrumb":{"@id":"https:\/\/kidsonthemoon.com\/pl\/produkt\/marynarka-colette-noir\/#breadcrumb"},"inLanguage":"pl-PL","potentialAction":[{"@type":"ReadAction","target":["https:\/\/kidsonthemoon.com\/pl\/produkt\/marynarka-colette-noir\/"]}]},{"@type":"BreadcrumbList","@id":"https:\/\/kidsonthemoon.com\/pl\/produkt\/marynarka-colette-noir\/#breadcrumb","itemListElement":[{"@type":"ListItem","position":1,"name":"Strona g\u0142\u00f3wna","item":"https:\/\/kidsonthemoon.com\/pl\/"},{"@type":"ListItem","position":2,"name":"Sklep","item":"https:\/\/kidsonthemoon.com\/pl\/sklep\/"},{"@type":"ListItem","position":3,"name":"marynarka damska Colette noir"}]},{"@type":"WebSite","@id":"https:\/\/kidsonthemoon.com\/pl\/#website","url":"https:\/\/kidsonthemoon.com\/pl\/","name":"Kids on the Moon","description":"odpowiedzialna moda dla dzieci | sklep online dla dzieci","publisher":{"@id":"https:\/\/kidsonthemoon.com\/pl\/#organization"},"potentialAction":[{"@type":"SearchAction","target":{"@type":"EntryPoint","urlTemplate":"https:\/\/kidsonthemoon.com\/pl\/?s={search_term_string}"},"query-input":"required name=search_term_string"}],"inLanguage":"pl-PL"},{"@type":"Organization","@id":"https:\/\/kidsonthemoon.com\/pl\/#organization","name":"Kids on the Moon","url":"https:\/\/kidsonthemoon.com\/pl\/","logo":{"@type":"ImageObject","inLanguage":"pl-PL","@id":"https:\/\/kidsonthemoon.com\/pl\/#\/schema\/logo\/image\/","url":"https:\/\/kidsonthemoon.com\/wp-content\/uploads\/2021\/02\/kotm_logo.png","contentUrl":"https:\/\/kidsonthemoon.com\/wp-content\/uploads\/2021\/02\/kotm_logo.png","width":410,"height":47,"caption":"Kids on the Moon"},"image":{"@id":"https:\/\/kidsonthemoon.com\/pl\/#\/schema\/logo\/image\/"},"sameAs":["https:\/\/www.facebook.com\/Kids-on-the-Moon-223747864407076","https:\/\/www.instagram.com\/kidsonthemoon\/","https:\/\/pl.pinterest.com\/kotm2013\/pins\/"]}]}},"_links":{"self":[{"href":"https:\/\/kidsonthemoon.com\/pl\/wp-json\/wp\/v2\/product\/101040"}],"collection":[{"href":"https:\/\/kidsonthemoon.com\/pl\/wp-json\/wp\/v2\/product"}],"about":[{"href":"https:\/\/kidsonthemoon.com\/pl\/wp-json\/wp\/v2\/types\/product"}],"wp:featuredmedia":[{"embeddable":true,"href":"https:\/\/kidsonthemoon.com\/pl\/wp-json\/wp\/v2\/media\/101823"}],"wp:attachment":[{"href":"https:\/\/kidsonthemoon.com\/pl\/wp-json\/wp\/v2\/media?parent=101040"}],"wp:term":[{"taxonomy":"product_cat","embeddable":true,"href":"https:\/\/kidsonthemoon.com\/pl\/wp-json\/wp\/v2\/product_cat?post=101040"},{"taxonomy":"product_tag","embeddable":true,"href":"https:\/\/kidsonthemoon.com\/pl\/wp-json\/wp\/v2\/product_tag?post=101040"}],"curies":[{"name":"wp","href":"https:\/\/api.w.org\/{rel}","templated":true}]}}