{"id":101074,"date":"2023-10-18T12:31:14","date_gmt":"2023-10-18T10:31:14","guid":{"rendered":"https:\/\/kidsonthemoon.com\/?post_type=product&#038;p=101074"},"modified":"2025-08-06T09:02:58","modified_gmt":"2025-08-06T07:02:58","slug":"damskie-szerokie-spodnie-colette-noir","status":"publish","type":"product","link":"https:\/\/kidsonthemoon.com\/pl\/produkt\/damskie-szerokie-spodnie-colette-noir\/","title":{"rendered":"damskie szerokie spodnie Colette noir"},"content":{"rendered":"","protected":false},"excerpt":{"rendered":"<p>Damskie czarne spodnie o garniturowym kroju, kt\u00f3re \u015bwietnie sprawdz\u0105 si\u0119 zar\u00f3wno na co dzie\u0144, jak i na specjalne okazje. Maj\u0105 wysoki stan, zak\u0142adki z przodu i d\u0142ugie nogawki dla uzyskania efektu d\u0142ugich n\u00f3g. Z ty\u0142u guma w pasie, co umo\u017cliwia lepsze dopasowanie do sylwetki. Spodnie zapinane s\u0105 na suwak i guziki (tak\u017ce wewn\u0119trzny guzik). Maj\u0105 boczne kieszenie, szlufki na pasek. Szeroka nogawka i lu\u017any fason zapewniaj\u0105 swobod\u0119 ruch\u00f3w i komfort noszenia. Mo\u017cna je \u0142\u0105czy\u0107 z wieloma r\u00f3\u017cnymi elementami garderoby, mo\u017cna je nosi\u0107 w kant lub rozprasowa\u0107 dla lu\u017aniejszego stylu i po\u0142\u0105czy\u0107 z t-shirtem, koszul\u0105 czy swetrem. Spodnie tworz\u0105 elegancki i bardzo kobiecy zestaw z nasz\u0105 marynark\u0105 i kamizelk\u0105 Colette noir. Ale mo\u017cna je nosi\u0107 tak\u017ce do sportowych stylizacji i sportowych p\u0142askich but\u00f3w. Uszyte s\u0105 z wyj\u0105tkowo mi\u0142ej w dotyku wysokogatunkowej wiskozowej tkaniny.&nbsp;&nbsp;<\/p>\n<p><strong>Sk\u0142ad:&nbsp;<\/strong>93% wiskoza, 7% poliester<\/p>\n<p><strong>Piel\u0119gnacja:<\/strong><\/p>\n<p>Zalecane pranie r\u0119czne lub w pralce z max. temp. 30\u00b0 C, program bardzo \u0142agodny. Nie bieli\u0107, nie suszy\u0107 w suszarce b\u0119bnowej.<\/p>\n<p><strong>Wymiary spodni:<\/strong><\/p>\n<p>XS: szer. w pasie 28-32 cm, szer. w biodrach 53 cm, d\u0142ugo\u015b\u0107 104 cm<\/p>\n<p>S: szer. w pasie 32-36 cm, szer. w biodrach 55 cm, d\u0142ugo\u015b\u0107 105 cm<\/p>\n<p>M: szer. w pasie 33-40 cm, szer. w biodrach 57 cm, d\u0142ugo\u015b\u0107 105 cm<\/p>\n<p>L: szer. w pasie 40-44 cm, szer. w biodrach 59 cm, d\u0142ugo\u015b\u0107 106 cm<\/p>\n","protected":false},"featured_media":101819,"template":"","meta":{"_themeisle_gutenberg_block_has_review":false},"product_cat":[571],"product_tag":[797],"acf":[],"yoast_head":"<!-- This site is optimized with the Yoast SEO plugin v21.2 - https:\/\/yoast.com\/wordpress\/plugins\/seo\/ -->\n<title>damskie szerokie spodnie Colette noir - Kids on the Moon<\/title>\n<meta name=\"robots\" content=\"index, follow, max-snippet:-1, max-image-preview:large, max-video-preview:-1\" \/>\n<link rel=\"canonical\" href=\"https:\/\/kidsonthemoon.com\/pl\/produkt\/damskie-szerokie-spodnie-colette-noir\/\" \/>\n<meta property=\"og:locale\" content=\"pl_PL\" \/>\n<meta property=\"og:type\" content=\"article\" \/>\n<meta property=\"og:title\" content=\"damskie szerokie spodnie Colette noir - Kids on the Moon\" \/>\n<meta property=\"og:description\" content=\"Damskie czarne spodnie o garniturowym kroju, kt\u00f3re \u015bwietnie sprawdz\u0105 si\u0119 zar\u00f3wno na co dzie\u0144, jak i na specjalne okazje. Maj\u0105 wysoki stan, zak\u0142adki z przodu i d\u0142ugie nogawki dla uzyskania efektu d\u0142ugich n\u00f3g. Z ty\u0142u guma w pasie, co umo\u017cliwia lepsze dopasowanie do sylwetki. Spodnie zapinane s\u0105 na suwak i guziki (tak\u017ce wewn\u0119trzny guzik). Maj\u0105 boczne kieszenie, szlufki na pasek. Szeroka nogawka i lu\u017any fason zapewniaj\u0105 swobod\u0119 ruch\u00f3w i komfort noszenia. Mo\u017cna je \u0142\u0105czy\u0107 z wieloma r\u00f3\u017cnymi elementami garderoby, mo\u017cna je nosi\u0107 w kant lub rozprasowa\u0107 dla lu\u017aniejszego stylu i po\u0142\u0105czy\u0107 z t-shirtem, koszul\u0105 czy swetrem. Spodnie tworz\u0105 elegancki i bardzo kobiecy zestaw z nasz\u0105 marynark\u0105 i kamizelk\u0105 Colette noir. Ale mo\u017cna je nosi\u0107 tak\u017ce do sportowych stylizacji i sportowych p\u0142askich but\u00f3w. Uszyte s\u0105 z wyj\u0105tkowo mi\u0142ej w dotyku wysokogatunkowej wiskozowej tkaniny.&nbsp;&nbsp;  Sk\u0142ad:&nbsp;93% wiskoza, 7% poliester  Piel\u0119gnacja:  Zalecane pranie r\u0119czne lub w pralce z max. temp. 30\u00b0 C, program bardzo \u0142agodny. Nie bieli\u0107, nie suszy\u0107 w suszarce b\u0119bnowej.  Wymiary spodni:  XS: szer. w pasie 28-32 cm, szer. w biodrach 53 cm, d\u0142ugo\u015b\u0107 104 cm  S: szer. w pasie 32-36 cm, szer. w biodrach 55 cm, d\u0142ugo\u015b\u0107 105 cm  M: szer. w pasie 33-40 cm, szer. w biodrach 57 cm, d\u0142ugo\u015b\u0107 105 cm  L: szer. w pasie 40-44 cm, szer. w biodrach 59 cm, d\u0142ugo\u015b\u0107 106 cm\" \/>\n<meta property=\"og:url\" content=\"https:\/\/kidsonthemoon.com\/pl\/produkt\/damskie-szerokie-spodnie-colette-noir\/\" \/>\n<meta property=\"og:site_name\" content=\"Kids on the Moon\" \/>\n<meta property=\"article:publisher\" content=\"https:\/\/www.facebook.com\/Kids-on-the-Moon-223747864407076\" \/>\n<meta property=\"article:modified_time\" content=\"2025-08-06T07:02:58+00:00\" \/>\n<meta property=\"og:image\" content=\"https:\/\/kidsonthemoon.com\/wp-content\/uploads\/2023\/10\/garnitur_colette_noir.jpg\" \/>\n\t<meta property=\"og:image:width\" content=\"1000\" \/>\n\t<meta property=\"og:image:height\" content=\"1400\" \/>\n\t<meta property=\"og:image:type\" content=\"image\/jpeg\" \/>\n<meta name=\"twitter:card\" content=\"summary_large_image\" \/>\n<script type=\"application\/ld+json\" class=\"yoast-schema-graph\">{\"@context\":\"https:\/\/schema.org\",\"@graph\":[{\"@type\":\"WebPage\",\"@id\":\"https:\/\/kidsonthemoon.com\/pl\/produkt\/damskie-szerokie-spodnie-colette-noir\/\",\"url\":\"https:\/\/kidsonthemoon.com\/pl\/produkt\/damskie-szerokie-spodnie-colette-noir\/\",\"name\":\"damskie szerokie spodnie Colette noir - Kids on the Moon\",\"isPartOf\":{\"@id\":\"https:\/\/kidsonthemoon.com\/pl\/#website\"},\"datePublished\":\"2023-10-18T10:31:14+00:00\",\"dateModified\":\"2025-08-06T07:02:58+00:00\",\"breadcrumb\":{\"@id\":\"https:\/\/kidsonthemoon.com\/pl\/produkt\/damskie-szerokie-spodnie-colette-noir\/#breadcrumb\"},\"inLanguage\":\"pl-PL\",\"potentialAction\":[{\"@type\":\"ReadAction\",\"target\":[\"https:\/\/kidsonthemoon.com\/pl\/produkt\/damskie-szerokie-spodnie-colette-noir\/\"]}]},{\"@type\":\"BreadcrumbList\",\"@id\":\"https:\/\/kidsonthemoon.com\/pl\/produkt\/damskie-szerokie-spodnie-colette-noir\/#breadcrumb\",\"itemListElement\":[{\"@type\":\"ListItem\",\"position\":1,\"name\":\"Strona g\u0142\u00f3wna\",\"item\":\"https:\/\/kidsonthemoon.com\/pl\/\"},{\"@type\":\"ListItem\",\"position\":2,\"name\":\"Sklep\",\"item\":\"https:\/\/kidsonthemoon.com\/pl\/sklep\/\"},{\"@type\":\"ListItem\",\"position\":3,\"name\":\"damskie szerokie spodnie Colette noir\"}]},{\"@type\":\"WebSite\",\"@id\":\"https:\/\/kidsonthemoon.com\/pl\/#website\",\"url\":\"https:\/\/kidsonthemoon.com\/pl\/\",\"name\":\"Kids on the Moon\",\"description\":\"odpowiedzialna moda dla dzieci | sklep online dla dzieci\",\"publisher\":{\"@id\":\"https:\/\/kidsonthemoon.com\/pl\/#organization\"},\"potentialAction\":[{\"@type\":\"SearchAction\",\"target\":{\"@type\":\"EntryPoint\",\"urlTemplate\":\"https:\/\/kidsonthemoon.com\/pl\/?s={search_term_string}\"},\"query-input\":\"required name=search_term_string\"}],\"inLanguage\":\"pl-PL\"},{\"@type\":\"Organization\",\"@id\":\"https:\/\/kidsonthemoon.com\/pl\/#organization\",\"name\":\"Kids on the Moon\",\"url\":\"https:\/\/kidsonthemoon.com\/pl\/\",\"logo\":{\"@type\":\"ImageObject\",\"inLanguage\":\"pl-PL\",\"@id\":\"https:\/\/kidsonthemoon.com\/pl\/#\/schema\/logo\/image\/\",\"url\":\"https:\/\/kidsonthemoon.com\/wp-content\/uploads\/2021\/02\/kotm_logo.png\",\"contentUrl\":\"https:\/\/kidsonthemoon.com\/wp-content\/uploads\/2021\/02\/kotm_logo.png\",\"width\":410,\"height\":47,\"caption\":\"Kids on the Moon\"},\"image\":{\"@id\":\"https:\/\/kidsonthemoon.com\/pl\/#\/schema\/logo\/image\/\"},\"sameAs\":[\"https:\/\/www.facebook.com\/Kids-on-the-Moon-223747864407076\",\"https:\/\/www.instagram.com\/kidsonthemoon\/\",\"https:\/\/pl.pinterest.com\/kotm2013\/pins\/\"]}]}<\/script>\n<!-- \/ Yoast SEO plugin. -->","yoast_head_json":{"title":"damskie szerokie spodnie Colette noir - Kids on the Moon","robots":{"index":"index","follow":"follow","max-snippet":"max-snippet:-1","max-image-preview":"max-image-preview:large","max-video-preview":"max-video-preview:-1"},"canonical":"https:\/\/kidsonthemoon.com\/pl\/produkt\/damskie-szerokie-spodnie-colette-noir\/","og_locale":"pl_PL","og_type":"article","og_title":"damskie szerokie spodnie Colette noir - Kids on the Moon","og_description":"Damskie czarne spodnie o garniturowym kroju, kt\u00f3re \u015bwietnie sprawdz\u0105 si\u0119 zar\u00f3wno na co dzie\u0144, jak i na specjalne okazje. Maj\u0105 wysoki stan, zak\u0142adki z przodu i d\u0142ugie nogawki dla uzyskania efektu d\u0142ugich n\u00f3g. Z ty\u0142u guma w pasie, co umo\u017cliwia lepsze dopasowanie do sylwetki. Spodnie zapinane s\u0105 na suwak i guziki (tak\u017ce wewn\u0119trzny guzik). Maj\u0105 boczne kieszenie, szlufki na pasek. Szeroka nogawka i lu\u017any fason zapewniaj\u0105 swobod\u0119 ruch\u00f3w i komfort noszenia. Mo\u017cna je \u0142\u0105czy\u0107 z wieloma r\u00f3\u017cnymi elementami garderoby, mo\u017cna je nosi\u0107 w kant lub rozprasowa\u0107 dla lu\u017aniejszego stylu i po\u0142\u0105czy\u0107 z t-shirtem, koszul\u0105 czy swetrem. Spodnie tworz\u0105 elegancki i bardzo kobiecy zestaw z nasz\u0105 marynark\u0105 i kamizelk\u0105 Colette noir. Ale mo\u017cna je nosi\u0107 tak\u017ce do sportowych stylizacji i sportowych p\u0142askich but\u00f3w. Uszyte s\u0105 z wyj\u0105tkowo mi\u0142ej w dotyku wysokogatunkowej wiskozowej tkaniny.&nbsp;&nbsp;  Sk\u0142ad:&nbsp;93% wiskoza, 7% poliester  Piel\u0119gnacja:  Zalecane pranie r\u0119czne lub w pralce z max. temp. 30\u00b0 C, program bardzo \u0142agodny. Nie bieli\u0107, nie suszy\u0107 w suszarce b\u0119bnowej.  Wymiary spodni:  XS: szer. w pasie 28-32 cm, szer. w biodrach 53 cm, d\u0142ugo\u015b\u0107 104 cm  S: szer. w pasie 32-36 cm, szer. w biodrach 55 cm, d\u0142ugo\u015b\u0107 105 cm  M: szer. w pasie 33-40 cm, szer. w biodrach 57 cm, d\u0142ugo\u015b\u0107 105 cm  L: szer. w pasie 40-44 cm, szer. w biodrach 59 cm, d\u0142ugo\u015b\u0107 106 cm","og_url":"https:\/\/kidsonthemoon.com\/pl\/produkt\/damskie-szerokie-spodnie-colette-noir\/","og_site_name":"Kids on the Moon","article_publisher":"https:\/\/www.facebook.com\/Kids-on-the-Moon-223747864407076","article_modified_time":"2025-08-06T07:02:58+00:00","og_image":[{"width":1000,"height":1400,"url":"https:\/\/kidsonthemoon.com\/wp-content\/uploads\/2023\/10\/garnitur_colette_noir.jpg","type":"image\/jpeg"}],"twitter_card":"summary_large_image","schema":{"@context":"https:\/\/schema.org","@graph":[{"@type":"WebPage","@id":"https:\/\/kidsonthemoon.com\/pl\/produkt\/damskie-szerokie-spodnie-colette-noir\/","url":"https:\/\/kidsonthemoon.com\/pl\/produkt\/damskie-szerokie-spodnie-colette-noir\/","name":"damskie szerokie spodnie Colette noir - Kids on the Moon","isPartOf":{"@id":"https:\/\/kidsonthemoon.com\/pl\/#website"},"datePublished":"2023-10-18T10:31:14+00:00","dateModified":"2025-08-06T07:02:58+00:00","breadcrumb":{"@id":"https:\/\/kidsonthemoon.com\/pl\/produkt\/damskie-szerokie-spodnie-colette-noir\/#breadcrumb"},"inLanguage":"pl-PL","potentialAction":[{"@type":"ReadAction","target":["https:\/\/kidsonthemoon.com\/pl\/produkt\/damskie-szerokie-spodnie-colette-noir\/"]}]},{"@type":"BreadcrumbList","@id":"https:\/\/kidsonthemoon.com\/pl\/produkt\/damskie-szerokie-spodnie-colette-noir\/#breadcrumb","itemListElement":[{"@type":"ListItem","position":1,"name":"Strona g\u0142\u00f3wna","item":"https:\/\/kidsonthemoon.com\/pl\/"},{"@type":"ListItem","position":2,"name":"Sklep","item":"https:\/\/kidsonthemoon.com\/pl\/sklep\/"},{"@type":"ListItem","position":3,"name":"damskie szerokie spodnie Colette noir"}]},{"@type":"WebSite","@id":"https:\/\/kidsonthemoon.com\/pl\/#website","url":"https:\/\/kidsonthemoon.com\/pl\/","name":"Kids on the Moon","description":"odpowiedzialna moda dla dzieci | sklep online dla dzieci","publisher":{"@id":"https:\/\/kidsonthemoon.com\/pl\/#organization"},"potentialAction":[{"@type":"SearchAction","target":{"@type":"EntryPoint","urlTemplate":"https:\/\/kidsonthemoon.com\/pl\/?s={search_term_string}"},"query-input":"required name=search_term_string"}],"inLanguage":"pl-PL"},{"@type":"Organization","@id":"https:\/\/kidsonthemoon.com\/pl\/#organization","name":"Kids on the Moon","url":"https:\/\/kidsonthemoon.com\/pl\/","logo":{"@type":"ImageObject","inLanguage":"pl-PL","@id":"https:\/\/kidsonthemoon.com\/pl\/#\/schema\/logo\/image\/","url":"https:\/\/kidsonthemoon.com\/wp-content\/uploads\/2021\/02\/kotm_logo.png","contentUrl":"https:\/\/kidsonthemoon.com\/wp-content\/uploads\/2021\/02\/kotm_logo.png","width":410,"height":47,"caption":"Kids on the Moon"},"image":{"@id":"https:\/\/kidsonthemoon.com\/pl\/#\/schema\/logo\/image\/"},"sameAs":["https:\/\/www.facebook.com\/Kids-on-the-Moon-223747864407076","https:\/\/www.instagram.com\/kidsonthemoon\/","https:\/\/pl.pinterest.com\/kotm2013\/pins\/"]}]}},"_links":{"self":[{"href":"https:\/\/kidsonthemoon.com\/pl\/wp-json\/wp\/v2\/product\/101074"}],"collection":[{"href":"https:\/\/kidsonthemoon.com\/pl\/wp-json\/wp\/v2\/product"}],"about":[{"href":"https:\/\/kidsonthemoon.com\/pl\/wp-json\/wp\/v2\/types\/product"}],"wp:featuredmedia":[{"embeddable":true,"href":"https:\/\/kidsonthemoon.com\/pl\/wp-json\/wp\/v2\/media\/101819"}],"wp:attachment":[{"href":"https:\/\/kidsonthemoon.com\/pl\/wp-json\/wp\/v2\/media?parent=101074"}],"wp:term":[{"taxonomy":"product_cat","embeddable":true,"href":"https:\/\/kidsonthemoon.com\/pl\/wp-json\/wp\/v2\/product_cat?post=101074"},{"taxonomy":"product_tag","embeddable":true,"href":"https:\/\/kidsonthemoon.com\/pl\/wp-json\/wp\/v2\/product_tag?post=101074"}],"curies":[{"name":"wp","href":"https:\/\/api.w.org\/{rel}","templated":true}]}}