{"id":101172,"date":"2023-10-20T15:30:34","date_gmt":"2023-10-20T13:30:34","guid":{"rendered":"https:\/\/kidsonthemoon.com\/?post_type=product&#038;p=101172"},"modified":"2025-08-06T09:03:01","modified_gmt":"2025-08-06T07:03:01","slug":"spodnie-sztruksowe-lizbona-long-noir","status":"publish","type":"product","link":"https:\/\/kidsonthemoon.com\/pl\/produkt\/spodnie-sztruksowe-lizbona-long-noir\/","title":{"rendered":"spodnie sztruksowe Lizbona long noir"},"content":{"rendered":"<p>Nasz bestsellerowy model spodni sztruksowych Lizbona, teraz jest dost\u0119pny z d\u0142u\u017cszymi nogawkami i w nowych kolorach!<\/p>\n<p>Spodnie Lizbona powracaj\u0105 z lekko wyd\u0142u\u017conymi nogawkami. Mo\u017cna je nosi\u0107 d\u0142ugie lub podwini\u0119te jako boyfriendy. Maj\u0105 lu\u017any kr\u00f3j, d\u0142ugie nogawki, zapinane s\u0105 na suwak. Z ty\u0142u, w pasek, wszyta jest guma, dzi\u0119ki kt\u00f3rej spodnie dobrze si\u0119 dopasowuj\u0105 do r\u00f3\u017cnych sylwetek. Z przodu i z ty\u0142u posiadaj\u0105 kieszenie. Nasz bawe\u0142niany sztruks z domieszk\u0105 elastanu jest mi\u0119kki i mi\u0142y w dotyku, przez co spodnie s\u0105 niezwykle wygodne i zachowuj\u0105 swoj\u0105 form\u0119 podczas noszenia. Ponadczasowa i uniwersalna czer\u0144 pozwala na \u0142\u0105czenie ich z ka\u017cd\u0105 g\u00f3r\u0105, zar\u00f3wno w wersji sportowej jak i casualowej. Ten model to klasyk na ka\u017cd\u0105 okazj\u0119 i must have, aby stworzy\u0107 kapsu\u0142ow\u0105 garderob\u0119.<\/p>\n<p><strong><span style=\"font-family: 'Calibri',sans-serif;\">Sk\u0142ad:<\/span><\/strong> 97% bawe\u0142na, 3% elastan<\/p>\n<p><strong><span style=\"font-family: 'Calibri',sans-serif;\">Wymiary spodni:<\/span><\/strong><\/p>\n<table style=\"height: 133px;\" width=\"474\">\n<tbody>\n<tr>\n<td width=\"109\">&nbsp;<\/td>\n<td style=\"text-align: center;\" width=\"64\"><strong>XS<\/strong><\/td>\n<td style=\"text-align: center;\" width=\"64\"><strong>S<\/strong><\/td>\n<td style=\"text-align: center;\" width=\"64\"><strong>M<\/strong><\/td>\n<td style=\"text-align: center;\" width=\"64\"><strong>L<\/strong><\/td>\n<\/tr>\n<tr>\n<td width=\"109\">szer. w pasie<\/td>\n<td style=\"text-align: center;\" width=\"64\">36-41<\/td>\n<td style=\"text-align: center;\" width=\"64\">38-44<\/td>\n<td style=\"text-align: center;\" width=\"64\">40-47<\/td>\n<td style=\"text-align: center;\" width=\"64\">42-50<\/td>\n<\/tr>\n<tr>\n<td style=\"text-align: left;\" width=\"109\">szer. w biodrach<\/td>\n<td style=\"text-align: center;\" width=\"64\">54<\/td>\n<td style=\"text-align: center;\" width=\"64\">56<\/td>\n<td style=\"text-align: center;\" width=\"64\">58<\/td>\n<td style=\"text-align: center;\" width=\"64\">62<\/td>\n<\/tr>\n<tr>\n<td style=\"text-align: left;\" width=\"109\">d\u0142ugo\u015b\u0107<\/td>\n<td style=\"text-align: center;\" width=\"64\">103,5<\/td>\n<td style=\"text-align: center;\" width=\"64\">104<\/td>\n<td style=\"text-align: center;\" width=\"64\">104,5<\/td>\n<td style=\"text-align: center;\" width=\"64\">105<\/td>\n<\/tr>\n<\/tbody>\n<\/table>\n","protected":false},"excerpt":{"rendered":"<p>Nasz bestsellerowy model spodni sztruksowych Lizbona, teraz jest dost\u0119pny z d\u0142u\u017cszymi nogawkami i w nowych kolorach!<\/p>\n<p>Spodnie Lizbona powracaj\u0105 z lekko wyd\u0142u\u017conymi nogawkami. Mo\u017cna je nosi\u0107 d\u0142ugie lub podwini\u0119te jako boyfriendy. Maj\u0105 lu\u017any kr\u00f3j, d\u0142ugie nogawki, zapinane s\u0105 na suwak. Z ty\u0142u, w pasek, wszyta jest guma, dzi\u0119ki kt\u00f3rej spodnie dobrze si\u0119 dopasowuj\u0105 do r\u00f3\u017cnych sylwetek. Z przodu i z ty\u0142u posiadaj\u0105 kieszenie. Ponadczasowa i uniwersalna czer\u0144 pozwala na \u0142\u0105czenie ich z ka\u017cd\u0105 g\u00f3r\u0105. Zar\u00f3wno w wersji sportowej jak i casualowej. Nasz bawe\u0142niany sztruks z domieszk\u0105 elastanu jest mi\u0119kki i mi\u0142y w dotyku, przez co spodnie s\u0105 niezwykle wygodne i zachowuj\u0105 swoj\u0105 form\u0119 podczas noszenia. Ten model to klasyk na ka\u017cd\u0105 okazj\u0119 i must have w Twojej szafie do tworzenia kapsu\u0142owej garderoby.<\/p>\n<p><strong><span style=\"font-family: 'Calibri',sans-serif;\">Sk\u0142ad:<\/span><\/strong> 97% bawe\u0142na, 3% elastan<\/p>\n<p><strong>Wymiary spodni:<\/strong><\/p>\n<table style=\"height: 141px;\" width=\"520\">\n<tbody>\n<tr>\n<td width=\"109\">&nbsp;<\/td>\n<td style=\"text-align: center;\" width=\"64\"><strong>XS<\/strong><\/td>\n<td style=\"text-align: center;\" width=\"64\"><strong>S<\/strong><\/td>\n<td style=\"text-align: center;\" width=\"64\"><strong>M<\/strong><\/td>\n<td style=\"text-align: center;\" width=\"64\"><strong>L<\/strong><\/td>\n<\/tr>\n<tr>\n<td width=\"109\">szer. w pasie<\/td>\n<td style=\"text-align: center;\" width=\"64\">36-41<\/td>\n<td style=\"text-align: center;\" width=\"64\">38-44<\/td>\n<td style=\"text-align: center;\" width=\"64\">40-47<\/td>\n<td style=\"text-align: center;\" width=\"64\">42-50<\/td>\n<\/tr>\n<tr>\n<td style=\"text-align: left;\" width=\"109\">szer. w biodrach<\/td>\n<td style=\"text-align: center;\" width=\"64\">54<\/td>\n<td style=\"text-align: center;\" width=\"64\">56<\/td>\n<td style=\"text-align: center;\" width=\"64\">58<\/td>\n<td style=\"text-align: center;\" width=\"64\">62<\/td>\n<\/tr>\n<tr>\n<td style=\"text-align: left;\" width=\"109\">d\u0142ugo\u015b\u0107<\/td>\n<td style=\"text-align: center;\" width=\"64\">103,5<\/td>\n<td style=\"text-align: center;\" width=\"64\">104<\/td>\n<td style=\"text-align: center;\" width=\"64\">104,5<\/td>\n<td style=\"text-align: center;\" width=\"64\">105<\/td>\n<\/tr>\n<\/tbody>\n<\/table>\n","protected":false},"featured_media":101862,"template":"","meta":{"_themeisle_gutenberg_block_has_review":false},"product_cat":[571],"product_tag":[797],"acf":[],"yoast_head":"<!-- This site is optimized with the Yoast SEO plugin v21.2 - https:\/\/yoast.com\/wordpress\/plugins\/seo\/ -->\n<title>spodnie sztruksowe Lizbona long noir - Kids on the Moon<\/title>\n<meta name=\"robots\" content=\"index, follow, max-snippet:-1, max-image-preview:large, max-video-preview:-1\" \/>\n<link rel=\"canonical\" href=\"https:\/\/kidsonthemoon.com\/pl\/produkt\/spodnie-sztruksowe-lizbona-long-noir\/\" \/>\n<meta property=\"og:locale\" content=\"pl_PL\" \/>\n<meta property=\"og:type\" content=\"article\" \/>\n<meta property=\"og:title\" content=\"spodnie sztruksowe Lizbona long noir - Kids on the Moon\" \/>\n<meta property=\"og:description\" content=\"Nasz bestsellerowy model spodni sztruksowych Lizbona, teraz jest dost\u0119pny z d\u0142u\u017cszymi nogawkami i w nowych kolorach!  Spodnie Lizbona powracaj\u0105 z lekko wyd\u0142u\u017conymi nogawkami. Mo\u017cna je nosi\u0107 d\u0142ugie lub podwini\u0119te jako boyfriendy. Maj\u0105 lu\u017any kr\u00f3j, d\u0142ugie nogawki, zapinane s\u0105 na suwak. Z ty\u0142u, w pasek, wszyta jest guma, dzi\u0119ki kt\u00f3rej spodnie dobrze si\u0119 dopasowuj\u0105 do r\u00f3\u017cnych sylwetek. Z przodu i z ty\u0142u posiadaj\u0105 kieszenie. Ponadczasowa i uniwersalna czer\u0144 pozwala na \u0142\u0105czenie ich z ka\u017cd\u0105 g\u00f3r\u0105. Zar\u00f3wno w wersji sportowej jak i casualowej. Nasz bawe\u0142niany sztruks z domieszk\u0105 elastanu jest mi\u0119kki i mi\u0142y w dotyku, przez co spodnie s\u0105 niezwykle wygodne i zachowuj\u0105 swoj\u0105 form\u0119 podczas noszenia. Ten model to klasyk na ka\u017cd\u0105 okazj\u0119 i must have w Twojej szafie do tworzenia kapsu\u0142owej garderoby.  Sk\u0142ad: 97% bawe\u0142na, 3% elastan  Wymiary spodni:    &nbsp; XS S M L   szer. w pasie 36-41 38-44 40-47 42-50   szer. w biodrach 54 56 58 62   d\u0142ugo\u015b\u0107 103,5 104 104,5 105\" \/>\n<meta property=\"og:url\" content=\"https:\/\/kidsonthemoon.com\/pl\/produkt\/spodnie-sztruksowe-lizbona-long-noir\/\" \/>\n<meta property=\"og:site_name\" content=\"Kids on the Moon\" \/>\n<meta property=\"article:publisher\" content=\"https:\/\/www.facebook.com\/Kids-on-the-Moon-223747864407076\" \/>\n<meta property=\"article:modified_time\" content=\"2025-08-06T07:03:01+00:00\" \/>\n<meta property=\"og:image\" content=\"https:\/\/kidsonthemoon.com\/wp-content\/uploads\/2023\/11\/lizbona-long-noir.jpg\" \/>\n\t<meta property=\"og:image:width\" content=\"1000\" \/>\n\t<meta property=\"og:image:height\" content=\"1400\" \/>\n\t<meta property=\"og:image:type\" content=\"image\/jpeg\" \/>\n<meta name=\"twitter:card\" content=\"summary_large_image\" \/>\n<meta name=\"twitter:label1\" content=\"Szacowany czas czytania\" \/>\n\t<meta name=\"twitter:data1\" content=\"1 minuta\" \/>\n<script type=\"application\/ld+json\" class=\"yoast-schema-graph\">{\"@context\":\"https:\/\/schema.org\",\"@graph\":[{\"@type\":\"WebPage\",\"@id\":\"https:\/\/kidsonthemoon.com\/pl\/produkt\/spodnie-sztruksowe-lizbona-long-noir\/\",\"url\":\"https:\/\/kidsonthemoon.com\/pl\/produkt\/spodnie-sztruksowe-lizbona-long-noir\/\",\"name\":\"spodnie sztruksowe Lizbona long noir - Kids on the Moon\",\"isPartOf\":{\"@id\":\"https:\/\/kidsonthemoon.com\/pl\/#website\"},\"datePublished\":\"2023-10-20T13:30:34+00:00\",\"dateModified\":\"2025-08-06T07:03:01+00:00\",\"breadcrumb\":{\"@id\":\"https:\/\/kidsonthemoon.com\/pl\/produkt\/spodnie-sztruksowe-lizbona-long-noir\/#breadcrumb\"},\"inLanguage\":\"pl-PL\",\"potentialAction\":[{\"@type\":\"ReadAction\",\"target\":[\"https:\/\/kidsonthemoon.com\/pl\/produkt\/spodnie-sztruksowe-lizbona-long-noir\/\"]}]},{\"@type\":\"BreadcrumbList\",\"@id\":\"https:\/\/kidsonthemoon.com\/pl\/produkt\/spodnie-sztruksowe-lizbona-long-noir\/#breadcrumb\",\"itemListElement\":[{\"@type\":\"ListItem\",\"position\":1,\"name\":\"Strona g\u0142\u00f3wna\",\"item\":\"https:\/\/kidsonthemoon.com\/pl\/\"},{\"@type\":\"ListItem\",\"position\":2,\"name\":\"Sklep\",\"item\":\"https:\/\/kidsonthemoon.com\/pl\/sklep\/\"},{\"@type\":\"ListItem\",\"position\":3,\"name\":\"spodnie sztruksowe Lizbona long noir\"}]},{\"@type\":\"WebSite\",\"@id\":\"https:\/\/kidsonthemoon.com\/pl\/#website\",\"url\":\"https:\/\/kidsonthemoon.com\/pl\/\",\"name\":\"Kids on the Moon\",\"description\":\"odpowiedzialna moda dla dzieci | sklep online dla dzieci\",\"publisher\":{\"@id\":\"https:\/\/kidsonthemoon.com\/pl\/#organization\"},\"potentialAction\":[{\"@type\":\"SearchAction\",\"target\":{\"@type\":\"EntryPoint\",\"urlTemplate\":\"https:\/\/kidsonthemoon.com\/pl\/?s={search_term_string}\"},\"query-input\":\"required name=search_term_string\"}],\"inLanguage\":\"pl-PL\"},{\"@type\":\"Organization\",\"@id\":\"https:\/\/kidsonthemoon.com\/pl\/#organization\",\"name\":\"Kids on the Moon\",\"url\":\"https:\/\/kidsonthemoon.com\/pl\/\",\"logo\":{\"@type\":\"ImageObject\",\"inLanguage\":\"pl-PL\",\"@id\":\"https:\/\/kidsonthemoon.com\/pl\/#\/schema\/logo\/image\/\",\"url\":\"https:\/\/kidsonthemoon.com\/wp-content\/uploads\/2021\/02\/kotm_logo.png\",\"contentUrl\":\"https:\/\/kidsonthemoon.com\/wp-content\/uploads\/2021\/02\/kotm_logo.png\",\"width\":410,\"height\":47,\"caption\":\"Kids on the Moon\"},\"image\":{\"@id\":\"https:\/\/kidsonthemoon.com\/pl\/#\/schema\/logo\/image\/\"},\"sameAs\":[\"https:\/\/www.facebook.com\/Kids-on-the-Moon-223747864407076\",\"https:\/\/www.instagram.com\/kidsonthemoon\/\",\"https:\/\/pl.pinterest.com\/kotm2013\/pins\/\"]}]}<\/script>\n<!-- \/ Yoast SEO plugin. -->","yoast_head_json":{"title":"spodnie sztruksowe Lizbona long noir - Kids on the Moon","robots":{"index":"index","follow":"follow","max-snippet":"max-snippet:-1","max-image-preview":"max-image-preview:large","max-video-preview":"max-video-preview:-1"},"canonical":"https:\/\/kidsonthemoon.com\/pl\/produkt\/spodnie-sztruksowe-lizbona-long-noir\/","og_locale":"pl_PL","og_type":"article","og_title":"spodnie sztruksowe Lizbona long noir - Kids on the Moon","og_description":"Nasz bestsellerowy model spodni sztruksowych Lizbona, teraz jest dost\u0119pny z d\u0142u\u017cszymi nogawkami i w nowych kolorach!  Spodnie Lizbona powracaj\u0105 z lekko wyd\u0142u\u017conymi nogawkami. Mo\u017cna je nosi\u0107 d\u0142ugie lub podwini\u0119te jako boyfriendy. Maj\u0105 lu\u017any kr\u00f3j, d\u0142ugie nogawki, zapinane s\u0105 na suwak. Z ty\u0142u, w pasek, wszyta jest guma, dzi\u0119ki kt\u00f3rej spodnie dobrze si\u0119 dopasowuj\u0105 do r\u00f3\u017cnych sylwetek. Z przodu i z ty\u0142u posiadaj\u0105 kieszenie. Ponadczasowa i uniwersalna czer\u0144 pozwala na \u0142\u0105czenie ich z ka\u017cd\u0105 g\u00f3r\u0105. Zar\u00f3wno w wersji sportowej jak i casualowej. Nasz bawe\u0142niany sztruks z domieszk\u0105 elastanu jest mi\u0119kki i mi\u0142y w dotyku, przez co spodnie s\u0105 niezwykle wygodne i zachowuj\u0105 swoj\u0105 form\u0119 podczas noszenia. Ten model to klasyk na ka\u017cd\u0105 okazj\u0119 i must have w Twojej szafie do tworzenia kapsu\u0142owej garderoby.  Sk\u0142ad: 97% bawe\u0142na, 3% elastan  Wymiary spodni:    &nbsp; XS S M L   szer. w pasie 36-41 38-44 40-47 42-50   szer. w biodrach 54 56 58 62   d\u0142ugo\u015b\u0107 103,5 104 104,5 105","og_url":"https:\/\/kidsonthemoon.com\/pl\/produkt\/spodnie-sztruksowe-lizbona-long-noir\/","og_site_name":"Kids on the Moon","article_publisher":"https:\/\/www.facebook.com\/Kids-on-the-Moon-223747864407076","article_modified_time":"2025-08-06T07:03:01+00:00","og_image":[{"width":1000,"height":1400,"url":"https:\/\/kidsonthemoon.com\/wp-content\/uploads\/2023\/11\/lizbona-long-noir.jpg","type":"image\/jpeg"}],"twitter_card":"summary_large_image","twitter_misc":{"Szacowany czas czytania":"1 minuta"},"schema":{"@context":"https:\/\/schema.org","@graph":[{"@type":"WebPage","@id":"https:\/\/kidsonthemoon.com\/pl\/produkt\/spodnie-sztruksowe-lizbona-long-noir\/","url":"https:\/\/kidsonthemoon.com\/pl\/produkt\/spodnie-sztruksowe-lizbona-long-noir\/","name":"spodnie sztruksowe Lizbona long noir - Kids on the Moon","isPartOf":{"@id":"https:\/\/kidsonthemoon.com\/pl\/#website"},"datePublished":"2023-10-20T13:30:34+00:00","dateModified":"2025-08-06T07:03:01+00:00","breadcrumb":{"@id":"https:\/\/kidsonthemoon.com\/pl\/produkt\/spodnie-sztruksowe-lizbona-long-noir\/#breadcrumb"},"inLanguage":"pl-PL","potentialAction":[{"@type":"ReadAction","target":["https:\/\/kidsonthemoon.com\/pl\/produkt\/spodnie-sztruksowe-lizbona-long-noir\/"]}]},{"@type":"BreadcrumbList","@id":"https:\/\/kidsonthemoon.com\/pl\/produkt\/spodnie-sztruksowe-lizbona-long-noir\/#breadcrumb","itemListElement":[{"@type":"ListItem","position":1,"name":"Strona g\u0142\u00f3wna","item":"https:\/\/kidsonthemoon.com\/pl\/"},{"@type":"ListItem","position":2,"name":"Sklep","item":"https:\/\/kidsonthemoon.com\/pl\/sklep\/"},{"@type":"ListItem","position":3,"name":"spodnie sztruksowe Lizbona long noir"}]},{"@type":"WebSite","@id":"https:\/\/kidsonthemoon.com\/pl\/#website","url":"https:\/\/kidsonthemoon.com\/pl\/","name":"Kids on the Moon","description":"odpowiedzialna moda dla dzieci | sklep online dla dzieci","publisher":{"@id":"https:\/\/kidsonthemoon.com\/pl\/#organization"},"potentialAction":[{"@type":"SearchAction","target":{"@type":"EntryPoint","urlTemplate":"https:\/\/kidsonthemoon.com\/pl\/?s={search_term_string}"},"query-input":"required name=search_term_string"}],"inLanguage":"pl-PL"},{"@type":"Organization","@id":"https:\/\/kidsonthemoon.com\/pl\/#organization","name":"Kids on the Moon","url":"https:\/\/kidsonthemoon.com\/pl\/","logo":{"@type":"ImageObject","inLanguage":"pl-PL","@id":"https:\/\/kidsonthemoon.com\/pl\/#\/schema\/logo\/image\/","url":"https:\/\/kidsonthemoon.com\/wp-content\/uploads\/2021\/02\/kotm_logo.png","contentUrl":"https:\/\/kidsonthemoon.com\/wp-content\/uploads\/2021\/02\/kotm_logo.png","width":410,"height":47,"caption":"Kids on the Moon"},"image":{"@id":"https:\/\/kidsonthemoon.com\/pl\/#\/schema\/logo\/image\/"},"sameAs":["https:\/\/www.facebook.com\/Kids-on-the-Moon-223747864407076","https:\/\/www.instagram.com\/kidsonthemoon\/","https:\/\/pl.pinterest.com\/kotm2013\/pins\/"]}]}},"_links":{"self":[{"href":"https:\/\/kidsonthemoon.com\/pl\/wp-json\/wp\/v2\/product\/101172"}],"collection":[{"href":"https:\/\/kidsonthemoon.com\/pl\/wp-json\/wp\/v2\/product"}],"about":[{"href":"https:\/\/kidsonthemoon.com\/pl\/wp-json\/wp\/v2\/types\/product"}],"wp:featuredmedia":[{"embeddable":true,"href":"https:\/\/kidsonthemoon.com\/pl\/wp-json\/wp\/v2\/media\/101862"}],"wp:attachment":[{"href":"https:\/\/kidsonthemoon.com\/pl\/wp-json\/wp\/v2\/media?parent=101172"}],"wp:term":[{"taxonomy":"product_cat","embeddable":true,"href":"https:\/\/kidsonthemoon.com\/pl\/wp-json\/wp\/v2\/product_cat?post=101172"},{"taxonomy":"product_tag","embeddable":true,"href":"https:\/\/kidsonthemoon.com\/pl\/wp-json\/wp\/v2\/product_tag?post=101172"}],"curies":[{"name":"wp","href":"https:\/\/api.w.org\/{rel}","templated":true}]}}