{"id":101874,"date":"2023-11-10T12:04:47","date_gmt":"2023-11-10T11:04:47","guid":{"rendered":"https:\/\/kidsonthemoon.com\/?post_type=product&#038;p=101874"},"modified":"2025-08-27T15:47:16","modified_gmt":"2025-08-27T13:47:16","slug":"spodnica-zakardowa-leopard-noir","status":"publish","type":"product","link":"https:\/\/kidsonthemoon.com\/pl\/produkt\/spodnica-zakardowa-leopard-noir\/","title":{"rendered":"sp\u00f3dnica \u017cakardowa Leopard noir"},"content":{"rendered":"","protected":false},"excerpt":{"rendered":"<p>Czarna \u017cakardowa sp\u00f3dnica damska typu slip skirt, w delikatny c\u0119tkowany dese\u0144. Najmodniejszy wz\u00f3r tego sezonu, a jednocze\u015bnie klasyk. Uszyta ze skosu, przez co idealnie uk\u0142ada si\u0119 na sylwetce, materia\u0142 lekko pracuje i dopasowuje si\u0119 w ten spos\u00f3b do ka\u017cdej sylwetki indywidualnie. D\u0142ugo\u015b\u0107 midi, do \u0142ydki, z suwakiem na lewym boku.&nbsp; Czarny materia\u0142 z panterk\u0105 delikatnie po\u0142yskuj\u0105c\u0105. Sp\u00f3dnica Leopard podkre\u015bli charakter ka\u017cdej stylizacji. Mo\u017cesz nosi\u0107 j\u0105 z koszul\u0105 Leopard noir z tej samej tkaniny, tworz\u0105c minimalistyczny total black look, nasz\u0105 marynarka Colette lub grubym swetrem. W po\u0142\u0105czeniu z super modnymi m\u0119skimi mokasynami, wysokimi kozakami, czy obcasami. Ilo\u015b\u0107 stylizacji &#8211; nieograniczona &#8211; zar\u00f3wno eleganckich jak i tych casualowych.<\/p>\n<p><strong>Sk\u0142ad:<\/strong> 100% wiskoza<\/p>\n<p><strong>Wymiary sp\u00f3dnicy:<\/strong><\/p>\n<table style=\"height: 151px;\" width=\"500\">\n<tbody>\n<tr>\n<td width=\"90\">&nbsp;<\/td>\n<td style=\"text-align: center;\" width=\"64\"><strong>XS<\/strong><\/td>\n<td style=\"text-align: center;\" width=\"64\"><strong>S<\/strong><\/td>\n<td style=\"text-align: center;\" width=\"64\"><strong>M<\/strong><\/td>\n<td style=\"text-align: center;\" width=\"64\"><strong>L<\/strong><\/td>\n<\/tr>\n<tr>\n<td>szer. w pasie<\/td>\n<td style=\"text-align: center;\">37,5<\/td>\n<td style=\"text-align: center;\">39,5<\/td>\n<td style=\"text-align: center;\">41,5<\/td>\n<td style=\"text-align: center;\">43,5<\/td>\n<\/tr>\n<tr>\n<td>szer. w biodrach<\/td>\n<td style=\"text-align: center;\">45,5<\/td>\n<td style=\"text-align: center;\">47,5<\/td>\n<td style=\"text-align: center;\">49,5<\/td>\n<td style=\"text-align: center;\">51,5<\/td>\n<\/tr>\n<tr>\n<td style=\"text-align: left;\">d\u0142ugo\u015b\u0107<\/td>\n<td style=\"text-align: center;\">83<\/td>\n<td style=\"text-align: center;\">83<\/td>\n<td style=\"text-align: center;\">83<\/td>\n<td style=\"text-align: center;\">83<\/td>\n<\/tr>\n<\/tbody>\n<\/table>\n","protected":false},"featured_media":101854,"template":"","meta":{"_themeisle_gutenberg_block_has_review":false},"product_cat":[576],"product_tag":[797],"acf":[],"yoast_head":"<!-- This site is optimized with the Yoast SEO plugin v21.2 - https:\/\/yoast.com\/wordpress\/plugins\/seo\/ -->\n<title>sp\u00f3dnica \u017cakardowa Leopard noir - Kids on the Moon<\/title>\n<meta name=\"robots\" content=\"index, follow, max-snippet:-1, max-image-preview:large, max-video-preview:-1\" \/>\n<link rel=\"canonical\" href=\"https:\/\/kidsonthemoon.com\/pl\/produkt\/spodnica-zakardowa-leopard-noir\/\" \/>\n<meta property=\"og:locale\" content=\"pl_PL\" \/>\n<meta property=\"og:type\" content=\"article\" \/>\n<meta property=\"og:title\" content=\"sp\u00f3dnica \u017cakardowa Leopard noir - Kids on the Moon\" \/>\n<meta property=\"og:description\" content=\"Czarna \u017cakardowa sp\u00f3dnica damska typu slip skirt, w delikatny c\u0119tkowany dese\u0144. Najmodniejszy wz\u00f3r tego sezonu, a jednocze\u015bnie klasyk. Uszyta ze skosu, przez co idealnie uk\u0142ada si\u0119 na sylwetce, materia\u0142 lekko pracuje i dopasowuje si\u0119 w ten spos\u00f3b do ka\u017cdej sylwetki indywidualnie. D\u0142ugo\u015b\u0107 midi, do \u0142ydki, z suwakiem na lewym boku.&nbsp; Czarny materia\u0142 z panterk\u0105 delikatnie po\u0142yskuj\u0105c\u0105. Sp\u00f3dnica Leopard podkre\u015bli charakter ka\u017cdej stylizacji. Mo\u017cesz nosi\u0107 j\u0105 z koszul\u0105 Leopard noir z tej samej tkaniny, tworz\u0105c minimalistyczny total black look, nasz\u0105 marynarka Colette lub grubym swetrem. W po\u0142\u0105czeniu z super modnymi m\u0119skimi mokasynami, wysokimi kozakami, czy obcasami. Ilo\u015b\u0107 stylizacji - nieograniczona - zar\u00f3wno eleganckich jak i tych casualowych.  Sk\u0142ad: 100% wiskoza  Wymiary sp\u00f3dnicy:    &nbsp; XS S M L   szer. w pasie 37,5 39,5 41,5 43,5   szer. w biodrach 45,5 47,5 49,5 51,5   d\u0142ugo\u015b\u0107 83 83 83 83\" \/>\n<meta property=\"og:url\" content=\"https:\/\/kidsonthemoon.com\/pl\/produkt\/spodnica-zakardowa-leopard-noir\/\" \/>\n<meta property=\"og:site_name\" content=\"Kids on the Moon\" \/>\n<meta property=\"article:publisher\" content=\"https:\/\/www.facebook.com\/Kids-on-the-Moon-223747864407076\" \/>\n<meta property=\"article:modified_time\" content=\"2025-08-27T13:47:16+00:00\" \/>\n<meta property=\"og:image\" content=\"https:\/\/kidsonthemoon.com\/wp-content\/uploads\/2023\/11\/Leopard-noir-koszula-i-spodnica.jpg\" \/>\n\t<meta property=\"og:image:width\" content=\"1000\" \/>\n\t<meta property=\"og:image:height\" content=\"1400\" \/>\n\t<meta property=\"og:image:type\" content=\"image\/jpeg\" \/>\n<meta name=\"twitter:card\" content=\"summary_large_image\" \/>\n<script type=\"application\/ld+json\" class=\"yoast-schema-graph\">{\"@context\":\"https:\/\/schema.org\",\"@graph\":[{\"@type\":\"WebPage\",\"@id\":\"https:\/\/kidsonthemoon.com\/pl\/produkt\/spodnica-zakardowa-leopard-noir\/\",\"url\":\"https:\/\/kidsonthemoon.com\/pl\/produkt\/spodnica-zakardowa-leopard-noir\/\",\"name\":\"sp\u00f3dnica \u017cakardowa Leopard noir - Kids on the Moon\",\"isPartOf\":{\"@id\":\"https:\/\/kidsonthemoon.com\/pl\/#website\"},\"datePublished\":\"2023-11-10T11:04:47+00:00\",\"dateModified\":\"2025-08-27T13:47:16+00:00\",\"breadcrumb\":{\"@id\":\"https:\/\/kidsonthemoon.com\/pl\/produkt\/spodnica-zakardowa-leopard-noir\/#breadcrumb\"},\"inLanguage\":\"pl-PL\",\"potentialAction\":[{\"@type\":\"ReadAction\",\"target\":[\"https:\/\/kidsonthemoon.com\/pl\/produkt\/spodnica-zakardowa-leopard-noir\/\"]}]},{\"@type\":\"BreadcrumbList\",\"@id\":\"https:\/\/kidsonthemoon.com\/pl\/produkt\/spodnica-zakardowa-leopard-noir\/#breadcrumb\",\"itemListElement\":[{\"@type\":\"ListItem\",\"position\":1,\"name\":\"Strona g\u0142\u00f3wna\",\"item\":\"https:\/\/kidsonthemoon.com\/pl\/\"},{\"@type\":\"ListItem\",\"position\":2,\"name\":\"Sklep\",\"item\":\"https:\/\/kidsonthemoon.com\/pl\/sklep\/\"},{\"@type\":\"ListItem\",\"position\":3,\"name\":\"sp\u00f3dnica \u017cakardowa Leopard noir\"}]},{\"@type\":\"WebSite\",\"@id\":\"https:\/\/kidsonthemoon.com\/pl\/#website\",\"url\":\"https:\/\/kidsonthemoon.com\/pl\/\",\"name\":\"Kids on the Moon\",\"description\":\"odpowiedzialna moda dla dzieci | sklep online dla dzieci\",\"publisher\":{\"@id\":\"https:\/\/kidsonthemoon.com\/pl\/#organization\"},\"potentialAction\":[{\"@type\":\"SearchAction\",\"target\":{\"@type\":\"EntryPoint\",\"urlTemplate\":\"https:\/\/kidsonthemoon.com\/pl\/?s={search_term_string}\"},\"query-input\":\"required name=search_term_string\"}],\"inLanguage\":\"pl-PL\"},{\"@type\":\"Organization\",\"@id\":\"https:\/\/kidsonthemoon.com\/pl\/#organization\",\"name\":\"Kids on the Moon\",\"url\":\"https:\/\/kidsonthemoon.com\/pl\/\",\"logo\":{\"@type\":\"ImageObject\",\"inLanguage\":\"pl-PL\",\"@id\":\"https:\/\/kidsonthemoon.com\/pl\/#\/schema\/logo\/image\/\",\"url\":\"https:\/\/kidsonthemoon.com\/wp-content\/uploads\/2021\/02\/kotm_logo.png\",\"contentUrl\":\"https:\/\/kidsonthemoon.com\/wp-content\/uploads\/2021\/02\/kotm_logo.png\",\"width\":410,\"height\":47,\"caption\":\"Kids on the Moon\"},\"image\":{\"@id\":\"https:\/\/kidsonthemoon.com\/pl\/#\/schema\/logo\/image\/\"},\"sameAs\":[\"https:\/\/www.facebook.com\/Kids-on-the-Moon-223747864407076\",\"https:\/\/www.instagram.com\/kidsonthemoon\/\",\"https:\/\/pl.pinterest.com\/kotm2013\/pins\/\"]}]}<\/script>\n<!-- \/ Yoast SEO plugin. -->","yoast_head_json":{"title":"sp\u00f3dnica \u017cakardowa Leopard noir - Kids on the Moon","robots":{"index":"index","follow":"follow","max-snippet":"max-snippet:-1","max-image-preview":"max-image-preview:large","max-video-preview":"max-video-preview:-1"},"canonical":"https:\/\/kidsonthemoon.com\/pl\/produkt\/spodnica-zakardowa-leopard-noir\/","og_locale":"pl_PL","og_type":"article","og_title":"sp\u00f3dnica \u017cakardowa Leopard noir - Kids on the Moon","og_description":"Czarna \u017cakardowa sp\u00f3dnica damska typu slip skirt, w delikatny c\u0119tkowany dese\u0144. Najmodniejszy wz\u00f3r tego sezonu, a jednocze\u015bnie klasyk. Uszyta ze skosu, przez co idealnie uk\u0142ada si\u0119 na sylwetce, materia\u0142 lekko pracuje i dopasowuje si\u0119 w ten spos\u00f3b do ka\u017cdej sylwetki indywidualnie. D\u0142ugo\u015b\u0107 midi, do \u0142ydki, z suwakiem na lewym boku.&nbsp; Czarny materia\u0142 z panterk\u0105 delikatnie po\u0142yskuj\u0105c\u0105. Sp\u00f3dnica Leopard podkre\u015bli charakter ka\u017cdej stylizacji. Mo\u017cesz nosi\u0107 j\u0105 z koszul\u0105 Leopard noir z tej samej tkaniny, tworz\u0105c minimalistyczny total black look, nasz\u0105 marynarka Colette lub grubym swetrem. W po\u0142\u0105czeniu z super modnymi m\u0119skimi mokasynami, wysokimi kozakami, czy obcasami. Ilo\u015b\u0107 stylizacji - nieograniczona - zar\u00f3wno eleganckich jak i tych casualowych.  Sk\u0142ad: 100% wiskoza  Wymiary sp\u00f3dnicy:    &nbsp; XS S M L   szer. w pasie 37,5 39,5 41,5 43,5   szer. w biodrach 45,5 47,5 49,5 51,5   d\u0142ugo\u015b\u0107 83 83 83 83","og_url":"https:\/\/kidsonthemoon.com\/pl\/produkt\/spodnica-zakardowa-leopard-noir\/","og_site_name":"Kids on the Moon","article_publisher":"https:\/\/www.facebook.com\/Kids-on-the-Moon-223747864407076","article_modified_time":"2025-08-27T13:47:16+00:00","og_image":[{"width":1000,"height":1400,"url":"https:\/\/kidsonthemoon.com\/wp-content\/uploads\/2023\/11\/Leopard-noir-koszula-i-spodnica.jpg","type":"image\/jpeg"}],"twitter_card":"summary_large_image","schema":{"@context":"https:\/\/schema.org","@graph":[{"@type":"WebPage","@id":"https:\/\/kidsonthemoon.com\/pl\/produkt\/spodnica-zakardowa-leopard-noir\/","url":"https:\/\/kidsonthemoon.com\/pl\/produkt\/spodnica-zakardowa-leopard-noir\/","name":"sp\u00f3dnica \u017cakardowa Leopard noir - Kids on the Moon","isPartOf":{"@id":"https:\/\/kidsonthemoon.com\/pl\/#website"},"datePublished":"2023-11-10T11:04:47+00:00","dateModified":"2025-08-27T13:47:16+00:00","breadcrumb":{"@id":"https:\/\/kidsonthemoon.com\/pl\/produkt\/spodnica-zakardowa-leopard-noir\/#breadcrumb"},"inLanguage":"pl-PL","potentialAction":[{"@type":"ReadAction","target":["https:\/\/kidsonthemoon.com\/pl\/produkt\/spodnica-zakardowa-leopard-noir\/"]}]},{"@type":"BreadcrumbList","@id":"https:\/\/kidsonthemoon.com\/pl\/produkt\/spodnica-zakardowa-leopard-noir\/#breadcrumb","itemListElement":[{"@type":"ListItem","position":1,"name":"Strona g\u0142\u00f3wna","item":"https:\/\/kidsonthemoon.com\/pl\/"},{"@type":"ListItem","position":2,"name":"Sklep","item":"https:\/\/kidsonthemoon.com\/pl\/sklep\/"},{"@type":"ListItem","position":3,"name":"sp\u00f3dnica \u017cakardowa Leopard noir"}]},{"@type":"WebSite","@id":"https:\/\/kidsonthemoon.com\/pl\/#website","url":"https:\/\/kidsonthemoon.com\/pl\/","name":"Kids on the Moon","description":"odpowiedzialna moda dla dzieci | sklep online dla dzieci","publisher":{"@id":"https:\/\/kidsonthemoon.com\/pl\/#organization"},"potentialAction":[{"@type":"SearchAction","target":{"@type":"EntryPoint","urlTemplate":"https:\/\/kidsonthemoon.com\/pl\/?s={search_term_string}"},"query-input":"required name=search_term_string"}],"inLanguage":"pl-PL"},{"@type":"Organization","@id":"https:\/\/kidsonthemoon.com\/pl\/#organization","name":"Kids on the Moon","url":"https:\/\/kidsonthemoon.com\/pl\/","logo":{"@type":"ImageObject","inLanguage":"pl-PL","@id":"https:\/\/kidsonthemoon.com\/pl\/#\/schema\/logo\/image\/","url":"https:\/\/kidsonthemoon.com\/wp-content\/uploads\/2021\/02\/kotm_logo.png","contentUrl":"https:\/\/kidsonthemoon.com\/wp-content\/uploads\/2021\/02\/kotm_logo.png","width":410,"height":47,"caption":"Kids on the Moon"},"image":{"@id":"https:\/\/kidsonthemoon.com\/pl\/#\/schema\/logo\/image\/"},"sameAs":["https:\/\/www.facebook.com\/Kids-on-the-Moon-223747864407076","https:\/\/www.instagram.com\/kidsonthemoon\/","https:\/\/pl.pinterest.com\/kotm2013\/pins\/"]}]}},"_links":{"self":[{"href":"https:\/\/kidsonthemoon.com\/pl\/wp-json\/wp\/v2\/product\/101874"}],"collection":[{"href":"https:\/\/kidsonthemoon.com\/pl\/wp-json\/wp\/v2\/product"}],"about":[{"href":"https:\/\/kidsonthemoon.com\/pl\/wp-json\/wp\/v2\/types\/product"}],"wp:featuredmedia":[{"embeddable":true,"href":"https:\/\/kidsonthemoon.com\/pl\/wp-json\/wp\/v2\/media\/101854"}],"wp:attachment":[{"href":"https:\/\/kidsonthemoon.com\/pl\/wp-json\/wp\/v2\/media?parent=101874"}],"wp:term":[{"taxonomy":"product_cat","embeddable":true,"href":"https:\/\/kidsonthemoon.com\/pl\/wp-json\/wp\/v2\/product_cat?post=101874"},{"taxonomy":"product_tag","embeddable":true,"href":"https:\/\/kidsonthemoon.com\/pl\/wp-json\/wp\/v2\/product_tag?post=101874"}],"curies":[{"name":"wp","href":"https:\/\/api.w.org\/{rel}","templated":true}]}}