{"id":101877,"date":"2023-11-10T12:04:50","date_gmt":"2023-11-10T11:04:50","guid":{"rendered":"https:\/\/kidsonthemoon.com\/?post_type=product&#038;p=101877"},"modified":"2025-08-06T09:03:25","modified_gmt":"2025-08-06T07:03:25","slug":"bluzka-z-kokarda-leopard","status":"publish","type":"product","link":"https:\/\/kidsonthemoon.com\/pl\/produkt\/bluzka-z-kokarda-leopard\/","title":{"rendered":"bluzka damska Leopard z szalem"},"content":{"rendered":"","protected":false},"excerpt":{"rendered":"<p>Spektakularna panterka w zwiewnej, lekkiej ods\u0142onie. Damska bluzka z \u017cor\u017cety wiskozowej, z wyj\u0105tkowym dodatkiem w postaci szalu, kt\u00f3ry przy odrobinie fantazji zmienia ca\u0142\u0105 stylizacj\u0119. Mo\u017cesz z niej stworzy\u0107 romantyczny zestaw ze sp\u00f3dnic\u0105 typu slip skirt, tworz\u0105c przepi\u0119kny, zwiewny total look lub rockowo zaszale\u0107, zestawiaj\u0105c j\u0105 np. z czarnymi jeansami. \u0141\u0105cz\u0105c bluzk\u0119 Leopard z nasz\u0105 czarn\u0105 marynark\u0105 i spodniami Colette, uzyskasz pi\u0119kn\u0105 stylizacj\u0119 do biura, czy na eleganckie wyj\u015bcia. Szal mo\u017cna wi\u0105za\u0107 i zawija\u0107 na kilka sposob\u00f3w. Zrobisz z niej eleganck\u0105 kokard\u0119, nonszalancki krawat czy po prostu puszczony lekki szal. Baw si\u0119 i zmieniaj stylizacje tak cz\u0119sto, jak chcesz!<\/p>\n<p><strong>Wymiary bluzki:<\/strong><\/p>\n<table style=\"height: 116px;\" width=\"399\">\n<tbody>\n<tr>\n<td width=\"90\">&nbsp;<\/td>\n<td style=\"text-align: center;\" width=\"64\"><strong>XS\/S<\/strong><\/td>\n<td style=\"text-align: center;\" width=\"64\"><strong>M\/L<\/strong><\/td>\n<\/tr>\n<tr>\n<td>szer. w klatce<\/td>\n<td style=\"text-align: center;\">56<\/td>\n<td style=\"text-align: center;\">62<\/td>\n<\/tr>\n<tr>\n<td width=\"90\">d\u0142ugo\u015b\u0107<\/td>\n<td style=\"text-align: center;\">62<\/td>\n<td style=\"text-align: center;\">62<\/td>\n<\/tr>\n<\/tbody>\n<\/table>\n<p>&nbsp;<\/p>\n<p><strong>Sk\u0142ad:<\/strong> 100% wiskoza<\/p>\n","protected":false},"featured_media":106892,"template":"","meta":{"_themeisle_gutenberg_block_has_review":false},"product_cat":[573],"product_tag":[797],"acf":[],"yoast_head":"<!-- This site is optimized with the Yoast SEO plugin v21.2 - https:\/\/yoast.com\/wordpress\/plugins\/seo\/ -->\n<title>bluzka damska Leopard z szalem - Kids on the Moon<\/title>\n<meta name=\"robots\" content=\"index, follow, max-snippet:-1, max-image-preview:large, max-video-preview:-1\" \/>\n<link rel=\"canonical\" href=\"https:\/\/kidsonthemoon.com\/pl\/produkt\/bluzka-z-kokarda-leopard\/\" \/>\n<meta property=\"og:locale\" content=\"pl_PL\" \/>\n<meta property=\"og:type\" content=\"article\" \/>\n<meta property=\"og:title\" content=\"bluzka damska Leopard z szalem - Kids on the Moon\" \/>\n<meta property=\"og:description\" content=\"Spektakularna panterka w zwiewnej, lekkiej ods\u0142onie. Damska bluzka z \u017cor\u017cety wiskozowej, z wyj\u0105tkowym dodatkiem w postaci szalu, kt\u00f3ry przy odrobinie fantazji zmienia ca\u0142\u0105 stylizacj\u0119. Mo\u017cesz z niej stworzy\u0107 romantyczny zestaw ze sp\u00f3dnic\u0105 typu slip skirt, tworz\u0105c przepi\u0119kny, zwiewny total look lub rockowo zaszale\u0107, zestawiaj\u0105c j\u0105 np. z czarnymi jeansami. \u0141\u0105cz\u0105c bluzk\u0119 Leopard z nasz\u0105 czarn\u0105 marynark\u0105 i spodniami Colette, uzyskasz pi\u0119kn\u0105 stylizacj\u0119 do biura, czy na eleganckie wyj\u015bcia. Szal mo\u017cna wi\u0105za\u0107 i zawija\u0107 na kilka sposob\u00f3w. Zrobisz z niej eleganck\u0105 kokard\u0119, nonszalancki krawat czy po prostu puszczony lekki szal. Baw si\u0119 i zmieniaj stylizacje tak cz\u0119sto, jak chcesz!  Wymiary bluzki:    &nbsp; XS\/S M\/L   szer. w klatce 56 62   d\u0142ugo\u015b\u0107 62 62    &nbsp;  Sk\u0142ad: 100% wiskoza\" \/>\n<meta property=\"og:url\" content=\"https:\/\/kidsonthemoon.com\/pl\/produkt\/bluzka-z-kokarda-leopard\/\" \/>\n<meta property=\"og:site_name\" content=\"Kids on the Moon\" \/>\n<meta property=\"article:publisher\" content=\"https:\/\/www.facebook.com\/Kids-on-the-Moon-223747864407076\" \/>\n<meta property=\"article:modified_time\" content=\"2025-08-06T07:03:25+00:00\" \/>\n<meta property=\"og:image\" content=\"https:\/\/kidsonthemoon.com\/wp-content\/uploads\/2023\/11\/bluzka_leopard_1.jpg\" \/>\n\t<meta property=\"og:image:width\" content=\"1000\" \/>\n\t<meta property=\"og:image:height\" content=\"1400\" \/>\n\t<meta property=\"og:image:type\" content=\"image\/jpeg\" \/>\n<meta name=\"twitter:card\" content=\"summary_large_image\" \/>\n<script type=\"application\/ld+json\" class=\"yoast-schema-graph\">{\"@context\":\"https:\/\/schema.org\",\"@graph\":[{\"@type\":\"WebPage\",\"@id\":\"https:\/\/kidsonthemoon.com\/pl\/produkt\/bluzka-z-kokarda-leopard\/\",\"url\":\"https:\/\/kidsonthemoon.com\/pl\/produkt\/bluzka-z-kokarda-leopard\/\",\"name\":\"bluzka damska Leopard z szalem - Kids on the Moon\",\"isPartOf\":{\"@id\":\"https:\/\/kidsonthemoon.com\/pl\/#website\"},\"datePublished\":\"2023-11-10T11:04:50+00:00\",\"dateModified\":\"2025-08-06T07:03:25+00:00\",\"breadcrumb\":{\"@id\":\"https:\/\/kidsonthemoon.com\/pl\/produkt\/bluzka-z-kokarda-leopard\/#breadcrumb\"},\"inLanguage\":\"pl-PL\",\"potentialAction\":[{\"@type\":\"ReadAction\",\"target\":[\"https:\/\/kidsonthemoon.com\/pl\/produkt\/bluzka-z-kokarda-leopard\/\"]}]},{\"@type\":\"BreadcrumbList\",\"@id\":\"https:\/\/kidsonthemoon.com\/pl\/produkt\/bluzka-z-kokarda-leopard\/#breadcrumb\",\"itemListElement\":[{\"@type\":\"ListItem\",\"position\":1,\"name\":\"Strona g\u0142\u00f3wna\",\"item\":\"https:\/\/kidsonthemoon.com\/pl\/\"},{\"@type\":\"ListItem\",\"position\":2,\"name\":\"Sklep\",\"item\":\"https:\/\/kidsonthemoon.com\/pl\/sklep\/\"},{\"@type\":\"ListItem\",\"position\":3,\"name\":\"bluzka damska Leopard z szalem\"}]},{\"@type\":\"WebSite\",\"@id\":\"https:\/\/kidsonthemoon.com\/pl\/#website\",\"url\":\"https:\/\/kidsonthemoon.com\/pl\/\",\"name\":\"Kids on the Moon\",\"description\":\"odpowiedzialna moda dla dzieci | sklep online dla dzieci\",\"publisher\":{\"@id\":\"https:\/\/kidsonthemoon.com\/pl\/#organization\"},\"potentialAction\":[{\"@type\":\"SearchAction\",\"target\":{\"@type\":\"EntryPoint\",\"urlTemplate\":\"https:\/\/kidsonthemoon.com\/pl\/?s={search_term_string}\"},\"query-input\":\"required name=search_term_string\"}],\"inLanguage\":\"pl-PL\"},{\"@type\":\"Organization\",\"@id\":\"https:\/\/kidsonthemoon.com\/pl\/#organization\",\"name\":\"Kids on the Moon\",\"url\":\"https:\/\/kidsonthemoon.com\/pl\/\",\"logo\":{\"@type\":\"ImageObject\",\"inLanguage\":\"pl-PL\",\"@id\":\"https:\/\/kidsonthemoon.com\/pl\/#\/schema\/logo\/image\/\",\"url\":\"https:\/\/kidsonthemoon.com\/wp-content\/uploads\/2021\/02\/kotm_logo.png\",\"contentUrl\":\"https:\/\/kidsonthemoon.com\/wp-content\/uploads\/2021\/02\/kotm_logo.png\",\"width\":410,\"height\":47,\"caption\":\"Kids on the Moon\"},\"image\":{\"@id\":\"https:\/\/kidsonthemoon.com\/pl\/#\/schema\/logo\/image\/\"},\"sameAs\":[\"https:\/\/www.facebook.com\/Kids-on-the-Moon-223747864407076\",\"https:\/\/www.instagram.com\/kidsonthemoon\/\",\"https:\/\/pl.pinterest.com\/kotm2013\/pins\/\"]}]}<\/script>\n<!-- \/ Yoast SEO plugin. -->","yoast_head_json":{"title":"bluzka damska Leopard z szalem - Kids on the Moon","robots":{"index":"index","follow":"follow","max-snippet":"max-snippet:-1","max-image-preview":"max-image-preview:large","max-video-preview":"max-video-preview:-1"},"canonical":"https:\/\/kidsonthemoon.com\/pl\/produkt\/bluzka-z-kokarda-leopard\/","og_locale":"pl_PL","og_type":"article","og_title":"bluzka damska Leopard z szalem - Kids on the Moon","og_description":"Spektakularna panterka w zwiewnej, lekkiej ods\u0142onie. Damska bluzka z \u017cor\u017cety wiskozowej, z wyj\u0105tkowym dodatkiem w postaci szalu, kt\u00f3ry przy odrobinie fantazji zmienia ca\u0142\u0105 stylizacj\u0119. Mo\u017cesz z niej stworzy\u0107 romantyczny zestaw ze sp\u00f3dnic\u0105 typu slip skirt, tworz\u0105c przepi\u0119kny, zwiewny total look lub rockowo zaszale\u0107, zestawiaj\u0105c j\u0105 np. z czarnymi jeansami. \u0141\u0105cz\u0105c bluzk\u0119 Leopard z nasz\u0105 czarn\u0105 marynark\u0105 i spodniami Colette, uzyskasz pi\u0119kn\u0105 stylizacj\u0119 do biura, czy na eleganckie wyj\u015bcia. Szal mo\u017cna wi\u0105za\u0107 i zawija\u0107 na kilka sposob\u00f3w. Zrobisz z niej eleganck\u0105 kokard\u0119, nonszalancki krawat czy po prostu puszczony lekki szal. Baw si\u0119 i zmieniaj stylizacje tak cz\u0119sto, jak chcesz!  Wymiary bluzki:    &nbsp; XS\/S M\/L   szer. w klatce 56 62   d\u0142ugo\u015b\u0107 62 62    &nbsp;  Sk\u0142ad: 100% wiskoza","og_url":"https:\/\/kidsonthemoon.com\/pl\/produkt\/bluzka-z-kokarda-leopard\/","og_site_name":"Kids on the Moon","article_publisher":"https:\/\/www.facebook.com\/Kids-on-the-Moon-223747864407076","article_modified_time":"2025-08-06T07:03:25+00:00","og_image":[{"width":1000,"height":1400,"url":"https:\/\/kidsonthemoon.com\/wp-content\/uploads\/2023\/11\/bluzka_leopard_1.jpg","type":"image\/jpeg"}],"twitter_card":"summary_large_image","schema":{"@context":"https:\/\/schema.org","@graph":[{"@type":"WebPage","@id":"https:\/\/kidsonthemoon.com\/pl\/produkt\/bluzka-z-kokarda-leopard\/","url":"https:\/\/kidsonthemoon.com\/pl\/produkt\/bluzka-z-kokarda-leopard\/","name":"bluzka damska Leopard z szalem - Kids on the Moon","isPartOf":{"@id":"https:\/\/kidsonthemoon.com\/pl\/#website"},"datePublished":"2023-11-10T11:04:50+00:00","dateModified":"2025-08-06T07:03:25+00:00","breadcrumb":{"@id":"https:\/\/kidsonthemoon.com\/pl\/produkt\/bluzka-z-kokarda-leopard\/#breadcrumb"},"inLanguage":"pl-PL","potentialAction":[{"@type":"ReadAction","target":["https:\/\/kidsonthemoon.com\/pl\/produkt\/bluzka-z-kokarda-leopard\/"]}]},{"@type":"BreadcrumbList","@id":"https:\/\/kidsonthemoon.com\/pl\/produkt\/bluzka-z-kokarda-leopard\/#breadcrumb","itemListElement":[{"@type":"ListItem","position":1,"name":"Strona g\u0142\u00f3wna","item":"https:\/\/kidsonthemoon.com\/pl\/"},{"@type":"ListItem","position":2,"name":"Sklep","item":"https:\/\/kidsonthemoon.com\/pl\/sklep\/"},{"@type":"ListItem","position":3,"name":"bluzka damska Leopard z szalem"}]},{"@type":"WebSite","@id":"https:\/\/kidsonthemoon.com\/pl\/#website","url":"https:\/\/kidsonthemoon.com\/pl\/","name":"Kids on the Moon","description":"odpowiedzialna moda dla dzieci | sklep online dla dzieci","publisher":{"@id":"https:\/\/kidsonthemoon.com\/pl\/#organization"},"potentialAction":[{"@type":"SearchAction","target":{"@type":"EntryPoint","urlTemplate":"https:\/\/kidsonthemoon.com\/pl\/?s={search_term_string}"},"query-input":"required name=search_term_string"}],"inLanguage":"pl-PL"},{"@type":"Organization","@id":"https:\/\/kidsonthemoon.com\/pl\/#organization","name":"Kids on the Moon","url":"https:\/\/kidsonthemoon.com\/pl\/","logo":{"@type":"ImageObject","inLanguage":"pl-PL","@id":"https:\/\/kidsonthemoon.com\/pl\/#\/schema\/logo\/image\/","url":"https:\/\/kidsonthemoon.com\/wp-content\/uploads\/2021\/02\/kotm_logo.png","contentUrl":"https:\/\/kidsonthemoon.com\/wp-content\/uploads\/2021\/02\/kotm_logo.png","width":410,"height":47,"caption":"Kids on the Moon"},"image":{"@id":"https:\/\/kidsonthemoon.com\/pl\/#\/schema\/logo\/image\/"},"sameAs":["https:\/\/www.facebook.com\/Kids-on-the-Moon-223747864407076","https:\/\/www.instagram.com\/kidsonthemoon\/","https:\/\/pl.pinterest.com\/kotm2013\/pins\/"]}]}},"_links":{"self":[{"href":"https:\/\/kidsonthemoon.com\/pl\/wp-json\/wp\/v2\/product\/101877"}],"collection":[{"href":"https:\/\/kidsonthemoon.com\/pl\/wp-json\/wp\/v2\/product"}],"about":[{"href":"https:\/\/kidsonthemoon.com\/pl\/wp-json\/wp\/v2\/types\/product"}],"wp:featuredmedia":[{"embeddable":true,"href":"https:\/\/kidsonthemoon.com\/pl\/wp-json\/wp\/v2\/media\/106892"}],"wp:attachment":[{"href":"https:\/\/kidsonthemoon.com\/pl\/wp-json\/wp\/v2\/media?parent=101877"}],"wp:term":[{"taxonomy":"product_cat","embeddable":true,"href":"https:\/\/kidsonthemoon.com\/pl\/wp-json\/wp\/v2\/product_cat?post=101877"},{"taxonomy":"product_tag","embeddable":true,"href":"https:\/\/kidsonthemoon.com\/pl\/wp-json\/wp\/v2\/product_tag?post=101877"}],"curies":[{"name":"wp","href":"https:\/\/api.w.org\/{rel}","templated":true}]}}