{"id":103282,"date":"2023-12-26T21:13:22","date_gmt":"2023-12-26T20:13:22","guid":{"rendered":"https:\/\/kidsonthemoon.com\/?post_type=product&#038;p=103282"},"modified":"2025-08-27T15:47:18","modified_gmt":"2025-08-27T13:47:18","slug":"golf-bezrekawnik-merino-classic-mood","status":"publish","type":"product","link":"https:\/\/kidsonthemoon.com\/pl\/produkt\/golf-bezrekawnik-merino-classic-mood\/","title":{"rendered":"golf bezr\u0119kawnik merino Classic mood"},"content":{"rendered":"","protected":false},"excerpt":{"rendered":"<p>Damski golf bez r\u0119kaw\u00f3w w klasycznym wydaniu, w kolorze ecru z czarnymi detalami. Ultra kobiecy i ponadczasowy, o dopasowanym kroju. Pi\u0119knie wyko\u0144czony i &nbsp;niezwykle mi\u0142y w dotyku. Wykonany z w\u0142oskiej, wysokogatunkowej we\u0142nianej prz\u0119dzy extrafine merino wool \u2013 niegryz\u0105cej we\u0142ny z merynos\u00f3w, przemi\u0142ej i mi\u0119kkiej w dotyku. W\u0142\u00f3kna tej we\u0142ny s\u0105 jednymi z najbardziej oddychaj\u0105cych, co przek\u0142ada si\u0119 na du\u017cy komfort u\u017cytkowania ubra\u0144. We\u0142na merino posiada w\u0142a\u015bciwo\u015bci termoregulacyjne, a wi\u0119c \u015bwietnie ociepla gdy jest zimno, a w cieplejszy dzie\u0144 daje wra\u017cenie \u201coch\u0142odzenia\u201d i pozwala sk\u00f3rze na swobodne oddychanie. Kolejn\u0105 cech\u0105 we\u0142ny Merino Extra Fine jest mi\u0119kko\u015b\u0107, spr\u0119\u017cysto\u015b\u0107 i delikatno\u015b\u0107. Ta prz\u0119dza jest bardzo mi\u0142a dla sk\u00f3ry, nie powoduje podra\u017cnie\u0144, jest idealna dla wszystkich os\u00f3b z wra\u017cliw\u0105 sk\u00f3r\u0105.<\/p>\n<p>Bezr\u0119kawnik Classic mood \u015bwietnie pasuje pod marynark\u0119 Colette noir, do klasycznych, szerokich spodni Collete lub naszych sztruks\u00f3w Lizbona long. Ponadczasowy klasyk, kt\u00f3ry idealnie wpasuje si\u0119 do kapsu\u0142owej kobiecej garderoby. Must-have na wiele okazji i stylizacji.<\/p>\n<p><strong>Wymiary swetra:<\/strong><\/p>\n<table style=\"height: 119px;\" width=\"385\">\n<tbody>\n<tr>\n<td width=\"91\">&nbsp;<\/td>\n<td style=\"text-align: center;\" width=\"64\"><strong>XS\/S<\/strong><\/td>\n<td style=\"text-align: center;\" width=\"64\"><strong>M\/L<\/strong><\/td>\n<\/tr>\n<tr>\n<td>szer. w klatce<\/td>\n<td style=\"text-align: center;\">45<\/td>\n<td style=\"text-align: center;\">49<\/td>\n<\/tr>\n<tr>\n<td width=\"91\">d\u0142ugo\u015b\u0107<\/td>\n<td style=\"text-align: center;\">60<\/td>\n<td style=\"text-align: center;\">60<\/td>\n<\/tr>\n<\/tbody>\n<\/table>\n<p>&nbsp;<\/p>\n<p><strong>Piel\u0119gnacja:<\/strong> pranie r\u0119czne, u\u017cywa\u0107 niewielkiej ilo\u015bci p\u0142ynu do prania (bez enzym\u00f3w i \u015brodk\u00f3w wybielaj\u0105cych). Nie u\u017cywa\u0107 \u015brodk\u00f3w zmi\u0119kczaj\u0105cych (w\u0142\u00f3kna we\u0142ny stan\u0105 si\u0119 zbyt mi\u0119kkie i rozci\u0105gn\u0105 si\u0119). Nie suszy\u0107 w suszarkach, nie prasowa\u0107 (ewentualnie przez cienk\u0105 szmatk\u0119)<\/p>\n<p><strong>Sk\u0142ad:<\/strong> 100% we\u0142na extrafine merino<\/p>\n<p>&nbsp;<\/p>\n","protected":false},"featured_media":103267,"template":"","meta":{"_themeisle_gutenberg_block_has_review":false},"product_cat":[573,818,815],"product_tag":[797],"acf":[],"yoast_head":"<!-- This site is optimized with the Yoast SEO plugin v21.2 - https:\/\/yoast.com\/wordpress\/plugins\/seo\/ -->\n<title>golf bezr\u0119kawnik merino Classic mood - Kids on the Moon<\/title>\n<meta name=\"robots\" content=\"index, follow, max-snippet:-1, max-image-preview:large, max-video-preview:-1\" \/>\n<link rel=\"canonical\" href=\"https:\/\/kidsonthemoon.com\/pl\/produkt\/golf-bezrekawnik-merino-classic-mood\/\" \/>\n<meta property=\"og:locale\" content=\"pl_PL\" \/>\n<meta property=\"og:type\" content=\"article\" \/>\n<meta property=\"og:title\" content=\"golf bezr\u0119kawnik merino Classic mood - Kids on the Moon\" \/>\n<meta property=\"og:description\" content=\"Damski golf bez r\u0119kaw\u00f3w w klasycznym wydaniu, w kolorze ecru z czarnymi detalami. Ultra kobiecy i ponadczasowy, o dopasowanym kroju. Pi\u0119knie wyko\u0144czony i &nbsp;niezwykle mi\u0142y w dotyku. Wykonany z w\u0142oskiej, wysokogatunkowej we\u0142nianej prz\u0119dzy extrafine merino wool \u2013 niegryz\u0105cej we\u0142ny z merynos\u00f3w, przemi\u0142ej i mi\u0119kkiej w dotyku. W\u0142\u00f3kna tej we\u0142ny s\u0105 jednymi z najbardziej oddychaj\u0105cych, co przek\u0142ada si\u0119 na du\u017cy komfort u\u017cytkowania ubra\u0144. We\u0142na merino posiada w\u0142a\u015bciwo\u015bci termoregulacyjne, a wi\u0119c \u015bwietnie ociepla gdy jest zimno, a w cieplejszy dzie\u0144 daje wra\u017cenie \u201coch\u0142odzenia\u201d i pozwala sk\u00f3rze na swobodne oddychanie. Kolejn\u0105 cech\u0105 we\u0142ny Merino Extra Fine jest mi\u0119kko\u015b\u0107, spr\u0119\u017cysto\u015b\u0107 i delikatno\u015b\u0107. Ta prz\u0119dza jest bardzo mi\u0142a dla sk\u00f3ry, nie powoduje podra\u017cnie\u0144, jest idealna dla wszystkich os\u00f3b z wra\u017cliw\u0105 sk\u00f3r\u0105.  Bezr\u0119kawnik Classic mood \u015bwietnie pasuje pod marynark\u0119 Colette noir, do klasycznych, szerokich spodni Collete lub naszych sztruks\u00f3w Lizbona long. Ponadczasowy klasyk, kt\u00f3ry idealnie wpasuje si\u0119 do kapsu\u0142owej kobiecej garderoby. Must-have na wiele okazji i stylizacji.  Wymiary swetra:    &nbsp; XS\/S M\/L   szer. w klatce 45 49   d\u0142ugo\u015b\u0107 60 60    &nbsp;  Piel\u0119gnacja: pranie r\u0119czne, u\u017cywa\u0107 niewielkiej ilo\u015bci p\u0142ynu do prania (bez enzym\u00f3w i \u015brodk\u00f3w wybielaj\u0105cych). Nie u\u017cywa\u0107 \u015brodk\u00f3w zmi\u0119kczaj\u0105cych (w\u0142\u00f3kna we\u0142ny stan\u0105 si\u0119 zbyt mi\u0119kkie i rozci\u0105gn\u0105 si\u0119). Nie suszy\u0107 w suszarkach, nie prasowa\u0107 (ewentualnie przez cienk\u0105 szmatk\u0119)  Sk\u0142ad: 100% we\u0142na extrafine merino  &nbsp;\" \/>\n<meta property=\"og:url\" content=\"https:\/\/kidsonthemoon.com\/pl\/produkt\/golf-bezrekawnik-merino-classic-mood\/\" \/>\n<meta property=\"og:site_name\" content=\"Kids on the Moon\" \/>\n<meta property=\"article:publisher\" content=\"https:\/\/www.facebook.com\/Kids-on-the-Moon-223747864407076\" \/>\n<meta property=\"article:modified_time\" content=\"2025-08-27T13:47:18+00:00\" \/>\n<meta property=\"og:image\" content=\"https:\/\/kidsonthemoon.com\/wp-content\/uploads\/2023\/12\/golf-bez.jpg\" \/>\n\t<meta property=\"og:image:width\" content=\"1000\" \/>\n\t<meta property=\"og:image:height\" content=\"1400\" \/>\n\t<meta property=\"og:image:type\" content=\"image\/jpeg\" \/>\n<meta name=\"twitter:card\" content=\"summary_large_image\" \/>\n<script type=\"application\/ld+json\" class=\"yoast-schema-graph\">{\"@context\":\"https:\/\/schema.org\",\"@graph\":[{\"@type\":\"WebPage\",\"@id\":\"https:\/\/kidsonthemoon.com\/pl\/produkt\/golf-bezrekawnik-merino-classic-mood\/\",\"url\":\"https:\/\/kidsonthemoon.com\/pl\/produkt\/golf-bezrekawnik-merino-classic-mood\/\",\"name\":\"golf bezr\u0119kawnik merino Classic mood - Kids on the Moon\",\"isPartOf\":{\"@id\":\"https:\/\/kidsonthemoon.com\/pl\/#website\"},\"datePublished\":\"2023-12-26T20:13:22+00:00\",\"dateModified\":\"2025-08-27T13:47:18+00:00\",\"breadcrumb\":{\"@id\":\"https:\/\/kidsonthemoon.com\/pl\/produkt\/golf-bezrekawnik-merino-classic-mood\/#breadcrumb\"},\"inLanguage\":\"pl-PL\",\"potentialAction\":[{\"@type\":\"ReadAction\",\"target\":[\"https:\/\/kidsonthemoon.com\/pl\/produkt\/golf-bezrekawnik-merino-classic-mood\/\"]}]},{\"@type\":\"BreadcrumbList\",\"@id\":\"https:\/\/kidsonthemoon.com\/pl\/produkt\/golf-bezrekawnik-merino-classic-mood\/#breadcrumb\",\"itemListElement\":[{\"@type\":\"ListItem\",\"position\":1,\"name\":\"Strona g\u0142\u00f3wna\",\"item\":\"https:\/\/kidsonthemoon.com\/pl\/\"},{\"@type\":\"ListItem\",\"position\":2,\"name\":\"Sklep\",\"item\":\"https:\/\/kidsonthemoon.com\/pl\/sklep\/\"},{\"@type\":\"ListItem\",\"position\":3,\"name\":\"golf bezr\u0119kawnik merino Classic mood\"}]},{\"@type\":\"WebSite\",\"@id\":\"https:\/\/kidsonthemoon.com\/pl\/#website\",\"url\":\"https:\/\/kidsonthemoon.com\/pl\/\",\"name\":\"Kids on the Moon\",\"description\":\"odpowiedzialna moda dla dzieci | sklep online dla dzieci\",\"publisher\":{\"@id\":\"https:\/\/kidsonthemoon.com\/pl\/#organization\"},\"potentialAction\":[{\"@type\":\"SearchAction\",\"target\":{\"@type\":\"EntryPoint\",\"urlTemplate\":\"https:\/\/kidsonthemoon.com\/pl\/?s={search_term_string}\"},\"query-input\":\"required name=search_term_string\"}],\"inLanguage\":\"pl-PL\"},{\"@type\":\"Organization\",\"@id\":\"https:\/\/kidsonthemoon.com\/pl\/#organization\",\"name\":\"Kids on the Moon\",\"url\":\"https:\/\/kidsonthemoon.com\/pl\/\",\"logo\":{\"@type\":\"ImageObject\",\"inLanguage\":\"pl-PL\",\"@id\":\"https:\/\/kidsonthemoon.com\/pl\/#\/schema\/logo\/image\/\",\"url\":\"https:\/\/kidsonthemoon.com\/wp-content\/uploads\/2021\/02\/kotm_logo.png\",\"contentUrl\":\"https:\/\/kidsonthemoon.com\/wp-content\/uploads\/2021\/02\/kotm_logo.png\",\"width\":410,\"height\":47,\"caption\":\"Kids on the Moon\"},\"image\":{\"@id\":\"https:\/\/kidsonthemoon.com\/pl\/#\/schema\/logo\/image\/\"},\"sameAs\":[\"https:\/\/www.facebook.com\/Kids-on-the-Moon-223747864407076\",\"https:\/\/www.instagram.com\/kidsonthemoon\/\",\"https:\/\/pl.pinterest.com\/kotm2013\/pins\/\"]}]}<\/script>\n<!-- \/ Yoast SEO plugin. -->","yoast_head_json":{"title":"golf bezr\u0119kawnik merino Classic mood - Kids on the Moon","robots":{"index":"index","follow":"follow","max-snippet":"max-snippet:-1","max-image-preview":"max-image-preview:large","max-video-preview":"max-video-preview:-1"},"canonical":"https:\/\/kidsonthemoon.com\/pl\/produkt\/golf-bezrekawnik-merino-classic-mood\/","og_locale":"pl_PL","og_type":"article","og_title":"golf bezr\u0119kawnik merino Classic mood - Kids on the Moon","og_description":"Damski golf bez r\u0119kaw\u00f3w w klasycznym wydaniu, w kolorze ecru z czarnymi detalami. Ultra kobiecy i ponadczasowy, o dopasowanym kroju. Pi\u0119knie wyko\u0144czony i &nbsp;niezwykle mi\u0142y w dotyku. Wykonany z w\u0142oskiej, wysokogatunkowej we\u0142nianej prz\u0119dzy extrafine merino wool \u2013 niegryz\u0105cej we\u0142ny z merynos\u00f3w, przemi\u0142ej i mi\u0119kkiej w dotyku. W\u0142\u00f3kna tej we\u0142ny s\u0105 jednymi z najbardziej oddychaj\u0105cych, co przek\u0142ada si\u0119 na du\u017cy komfort u\u017cytkowania ubra\u0144. We\u0142na merino posiada w\u0142a\u015bciwo\u015bci termoregulacyjne, a wi\u0119c \u015bwietnie ociepla gdy jest zimno, a w cieplejszy dzie\u0144 daje wra\u017cenie \u201coch\u0142odzenia\u201d i pozwala sk\u00f3rze na swobodne oddychanie. Kolejn\u0105 cech\u0105 we\u0142ny Merino Extra Fine jest mi\u0119kko\u015b\u0107, spr\u0119\u017cysto\u015b\u0107 i delikatno\u015b\u0107. Ta prz\u0119dza jest bardzo mi\u0142a dla sk\u00f3ry, nie powoduje podra\u017cnie\u0144, jest idealna dla wszystkich os\u00f3b z wra\u017cliw\u0105 sk\u00f3r\u0105.  Bezr\u0119kawnik Classic mood \u015bwietnie pasuje pod marynark\u0119 Colette noir, do klasycznych, szerokich spodni Collete lub naszych sztruks\u00f3w Lizbona long. Ponadczasowy klasyk, kt\u00f3ry idealnie wpasuje si\u0119 do kapsu\u0142owej kobiecej garderoby. Must-have na wiele okazji i stylizacji.  Wymiary swetra:    &nbsp; XS\/S M\/L   szer. w klatce 45 49   d\u0142ugo\u015b\u0107 60 60    &nbsp;  Piel\u0119gnacja: pranie r\u0119czne, u\u017cywa\u0107 niewielkiej ilo\u015bci p\u0142ynu do prania (bez enzym\u00f3w i \u015brodk\u00f3w wybielaj\u0105cych). Nie u\u017cywa\u0107 \u015brodk\u00f3w zmi\u0119kczaj\u0105cych (w\u0142\u00f3kna we\u0142ny stan\u0105 si\u0119 zbyt mi\u0119kkie i rozci\u0105gn\u0105 si\u0119). Nie suszy\u0107 w suszarkach, nie prasowa\u0107 (ewentualnie przez cienk\u0105 szmatk\u0119)  Sk\u0142ad: 100% we\u0142na extrafine merino  &nbsp;","og_url":"https:\/\/kidsonthemoon.com\/pl\/produkt\/golf-bezrekawnik-merino-classic-mood\/","og_site_name":"Kids on the Moon","article_publisher":"https:\/\/www.facebook.com\/Kids-on-the-Moon-223747864407076","article_modified_time":"2025-08-27T13:47:18+00:00","og_image":[{"width":1000,"height":1400,"url":"https:\/\/kidsonthemoon.com\/wp-content\/uploads\/2023\/12\/golf-bez.jpg","type":"image\/jpeg"}],"twitter_card":"summary_large_image","schema":{"@context":"https:\/\/schema.org","@graph":[{"@type":"WebPage","@id":"https:\/\/kidsonthemoon.com\/pl\/produkt\/golf-bezrekawnik-merino-classic-mood\/","url":"https:\/\/kidsonthemoon.com\/pl\/produkt\/golf-bezrekawnik-merino-classic-mood\/","name":"golf bezr\u0119kawnik merino Classic mood - Kids on the Moon","isPartOf":{"@id":"https:\/\/kidsonthemoon.com\/pl\/#website"},"datePublished":"2023-12-26T20:13:22+00:00","dateModified":"2025-08-27T13:47:18+00:00","breadcrumb":{"@id":"https:\/\/kidsonthemoon.com\/pl\/produkt\/golf-bezrekawnik-merino-classic-mood\/#breadcrumb"},"inLanguage":"pl-PL","potentialAction":[{"@type":"ReadAction","target":["https:\/\/kidsonthemoon.com\/pl\/produkt\/golf-bezrekawnik-merino-classic-mood\/"]}]},{"@type":"BreadcrumbList","@id":"https:\/\/kidsonthemoon.com\/pl\/produkt\/golf-bezrekawnik-merino-classic-mood\/#breadcrumb","itemListElement":[{"@type":"ListItem","position":1,"name":"Strona g\u0142\u00f3wna","item":"https:\/\/kidsonthemoon.com\/pl\/"},{"@type":"ListItem","position":2,"name":"Sklep","item":"https:\/\/kidsonthemoon.com\/pl\/sklep\/"},{"@type":"ListItem","position":3,"name":"golf bezr\u0119kawnik merino Classic mood"}]},{"@type":"WebSite","@id":"https:\/\/kidsonthemoon.com\/pl\/#website","url":"https:\/\/kidsonthemoon.com\/pl\/","name":"Kids on the Moon","description":"odpowiedzialna moda dla dzieci | sklep online dla dzieci","publisher":{"@id":"https:\/\/kidsonthemoon.com\/pl\/#organization"},"potentialAction":[{"@type":"SearchAction","target":{"@type":"EntryPoint","urlTemplate":"https:\/\/kidsonthemoon.com\/pl\/?s={search_term_string}"},"query-input":"required name=search_term_string"}],"inLanguage":"pl-PL"},{"@type":"Organization","@id":"https:\/\/kidsonthemoon.com\/pl\/#organization","name":"Kids on the Moon","url":"https:\/\/kidsonthemoon.com\/pl\/","logo":{"@type":"ImageObject","inLanguage":"pl-PL","@id":"https:\/\/kidsonthemoon.com\/pl\/#\/schema\/logo\/image\/","url":"https:\/\/kidsonthemoon.com\/wp-content\/uploads\/2021\/02\/kotm_logo.png","contentUrl":"https:\/\/kidsonthemoon.com\/wp-content\/uploads\/2021\/02\/kotm_logo.png","width":410,"height":47,"caption":"Kids on the Moon"},"image":{"@id":"https:\/\/kidsonthemoon.com\/pl\/#\/schema\/logo\/image\/"},"sameAs":["https:\/\/www.facebook.com\/Kids-on-the-Moon-223747864407076","https:\/\/www.instagram.com\/kidsonthemoon\/","https:\/\/pl.pinterest.com\/kotm2013\/pins\/"]}]}},"_links":{"self":[{"href":"https:\/\/kidsonthemoon.com\/pl\/wp-json\/wp\/v2\/product\/103282"}],"collection":[{"href":"https:\/\/kidsonthemoon.com\/pl\/wp-json\/wp\/v2\/product"}],"about":[{"href":"https:\/\/kidsonthemoon.com\/pl\/wp-json\/wp\/v2\/types\/product"}],"wp:featuredmedia":[{"embeddable":true,"href":"https:\/\/kidsonthemoon.com\/pl\/wp-json\/wp\/v2\/media\/103267"}],"wp:attachment":[{"href":"https:\/\/kidsonthemoon.com\/pl\/wp-json\/wp\/v2\/media?parent=103282"}],"wp:term":[{"taxonomy":"product_cat","embeddable":true,"href":"https:\/\/kidsonthemoon.com\/pl\/wp-json\/wp\/v2\/product_cat?post=103282"},{"taxonomy":"product_tag","embeddable":true,"href":"https:\/\/kidsonthemoon.com\/pl\/wp-json\/wp\/v2\/product_tag?post=103282"}],"curies":[{"name":"wp","href":"https:\/\/api.w.org\/{rel}","templated":true}]}}