{"id":104726,"date":"2024-02-19T11:35:14","date_gmt":"2024-02-19T10:35:14","guid":{"rendered":"https:\/\/kidsonthemoon.com\/?post_type=product&#038;p=104726"},"modified":"2025-08-06T09:03:33","modified_gmt":"2025-08-06T07:03:33","slug":"sukienka-welurowa-luna-sample","status":"publish","type":"product","link":"https:\/\/kidsonthemoon.com\/pl\/produkt\/sukienka-welurowa-luna-sample\/","title":{"rendered":"sukienka welurowa Luna, sample"},"content":{"rendered":"","protected":false},"excerpt":{"rendered":"<p>Kaskadowa sukienka z niezwykle mi\u0119kkiego bawe\u0142nianego weluru w g\u0142\u0119bokim, czarnym kolorze. Mi\u0119sista, organiczna dzianina, jest bardzo mi\u0142a w dotyku. Ozdobne falbanki nadaj\u0105 sukience bardzo dziewcz\u0119cego charakteru. Dekolt i r\u0119kawy wyko\u0144czone \u015bci\u0105gaczem. Idealna na specjalne okazje ale te\u017c codzienne stylizacje.<\/p>\n<p>Sk\u0142ad: 100% bawe\u0142na organiczna<\/p>\n","protected":false},"featured_media":62422,"template":"","meta":{"_themeisle_gutenberg_block_has_review":false},"product_cat":[686],"product_tag":[],"acf":[],"yoast_head":"<!-- This site is optimized with the Yoast SEO plugin v21.2 - https:\/\/yoast.com\/wordpress\/plugins\/seo\/ -->\n<title>sukienka welurowa Luna, sample - Kids on the Moon<\/title>\n<meta name=\"robots\" content=\"index, follow, max-snippet:-1, max-image-preview:large, max-video-preview:-1\" \/>\n<link rel=\"canonical\" href=\"https:\/\/kidsonthemoon.com\/pl\/produkt\/sukienka-welurowa-luna-sample\/\" \/>\n<meta property=\"og:locale\" content=\"pl_PL\" \/>\n<meta property=\"og:type\" content=\"article\" \/>\n<meta property=\"og:title\" content=\"sukienka welurowa Luna, sample - Kids on the Moon\" \/>\n<meta property=\"og:description\" content=\"Kaskadowa sukienka z niezwykle mi\u0119kkiego bawe\u0142nianego weluru w g\u0142\u0119bokim, czarnym kolorze. Mi\u0119sista, organiczna dzianina, jest bardzo mi\u0142a w dotyku. Ozdobne falbanki nadaj\u0105 sukience bardzo dziewcz\u0119cego charakteru. Dekolt i r\u0119kawy wyko\u0144czone \u015bci\u0105gaczem. Idealna na specjalne okazje ale te\u017c codzienne stylizacje.  Sk\u0142ad: 100% bawe\u0142na organiczna\" \/>\n<meta property=\"og:url\" content=\"https:\/\/kidsonthemoon.com\/pl\/produkt\/sukienka-welurowa-luna-sample\/\" \/>\n<meta property=\"og:site_name\" content=\"Kids on the Moon\" \/>\n<meta property=\"article:publisher\" content=\"https:\/\/www.facebook.com\/Kids-on-the-Moon-223747864407076\" \/>\n<meta property=\"article:modified_time\" content=\"2025-08-06T07:03:33+00:00\" \/>\n<meta property=\"og:image\" content=\"https:\/\/kidsonthemoon.com\/wp-content\/uploads\/2021\/10\/kids-on-the-moon-luna-dress-black-1.jpg\" \/>\n\t<meta property=\"og:image:width\" content=\"914\" \/>\n\t<meta property=\"og:image:height\" content=\"1280\" \/>\n\t<meta property=\"og:image:type\" content=\"image\/jpeg\" \/>\n<meta name=\"twitter:card\" content=\"summary_large_image\" \/>\n<script type=\"application\/ld+json\" class=\"yoast-schema-graph\">{\"@context\":\"https:\/\/schema.org\",\"@graph\":[{\"@type\":\"WebPage\",\"@id\":\"https:\/\/kidsonthemoon.com\/pl\/produkt\/sukienka-welurowa-luna-sample\/\",\"url\":\"https:\/\/kidsonthemoon.com\/pl\/produkt\/sukienka-welurowa-luna-sample\/\",\"name\":\"sukienka welurowa Luna, sample - Kids on the Moon\",\"isPartOf\":{\"@id\":\"https:\/\/kidsonthemoon.com\/pl\/#website\"},\"datePublished\":\"2024-02-19T10:35:14+00:00\",\"dateModified\":\"2025-08-06T07:03:33+00:00\",\"breadcrumb\":{\"@id\":\"https:\/\/kidsonthemoon.com\/pl\/produkt\/sukienka-welurowa-luna-sample\/#breadcrumb\"},\"inLanguage\":\"pl-PL\",\"potentialAction\":[{\"@type\":\"ReadAction\",\"target\":[\"https:\/\/kidsonthemoon.com\/pl\/produkt\/sukienka-welurowa-luna-sample\/\"]}]},{\"@type\":\"BreadcrumbList\",\"@id\":\"https:\/\/kidsonthemoon.com\/pl\/produkt\/sukienka-welurowa-luna-sample\/#breadcrumb\",\"itemListElement\":[{\"@type\":\"ListItem\",\"position\":1,\"name\":\"Strona g\u0142\u00f3wna\",\"item\":\"https:\/\/kidsonthemoon.com\/pl\/\"},{\"@type\":\"ListItem\",\"position\":2,\"name\":\"Sklep\",\"item\":\"https:\/\/kidsonthemoon.com\/pl\/sklep\/\"},{\"@type\":\"ListItem\",\"position\":3,\"name\":\"sukienka welurowa Luna, sample\"}]},{\"@type\":\"WebSite\",\"@id\":\"https:\/\/kidsonthemoon.com\/pl\/#website\",\"url\":\"https:\/\/kidsonthemoon.com\/pl\/\",\"name\":\"Kids on the Moon\",\"description\":\"odpowiedzialna moda dla dzieci | sklep online dla dzieci\",\"publisher\":{\"@id\":\"https:\/\/kidsonthemoon.com\/pl\/#organization\"},\"potentialAction\":[{\"@type\":\"SearchAction\",\"target\":{\"@type\":\"EntryPoint\",\"urlTemplate\":\"https:\/\/kidsonthemoon.com\/pl\/?s={search_term_string}\"},\"query-input\":\"required name=search_term_string\"}],\"inLanguage\":\"pl-PL\"},{\"@type\":\"Organization\",\"@id\":\"https:\/\/kidsonthemoon.com\/pl\/#organization\",\"name\":\"Kids on the Moon\",\"url\":\"https:\/\/kidsonthemoon.com\/pl\/\",\"logo\":{\"@type\":\"ImageObject\",\"inLanguage\":\"pl-PL\",\"@id\":\"https:\/\/kidsonthemoon.com\/pl\/#\/schema\/logo\/image\/\",\"url\":\"https:\/\/kidsonthemoon.com\/wp-content\/uploads\/2021\/02\/kotm_logo.png\",\"contentUrl\":\"https:\/\/kidsonthemoon.com\/wp-content\/uploads\/2021\/02\/kotm_logo.png\",\"width\":410,\"height\":47,\"caption\":\"Kids on the Moon\"},\"image\":{\"@id\":\"https:\/\/kidsonthemoon.com\/pl\/#\/schema\/logo\/image\/\"},\"sameAs\":[\"https:\/\/www.facebook.com\/Kids-on-the-Moon-223747864407076\",\"https:\/\/www.instagram.com\/kidsonthemoon\/\",\"https:\/\/pl.pinterest.com\/kotm2013\/pins\/\"]}]}<\/script>\n<!-- \/ Yoast SEO plugin. -->","yoast_head_json":{"title":"sukienka welurowa Luna, sample - Kids on the Moon","robots":{"index":"index","follow":"follow","max-snippet":"max-snippet:-1","max-image-preview":"max-image-preview:large","max-video-preview":"max-video-preview:-1"},"canonical":"https:\/\/kidsonthemoon.com\/pl\/produkt\/sukienka-welurowa-luna-sample\/","og_locale":"pl_PL","og_type":"article","og_title":"sukienka welurowa Luna, sample - Kids on the Moon","og_description":"Kaskadowa sukienka z niezwykle mi\u0119kkiego bawe\u0142nianego weluru w g\u0142\u0119bokim, czarnym kolorze. Mi\u0119sista, organiczna dzianina, jest bardzo mi\u0142a w dotyku. Ozdobne falbanki nadaj\u0105 sukience bardzo dziewcz\u0119cego charakteru. Dekolt i r\u0119kawy wyko\u0144czone \u015bci\u0105gaczem. Idealna na specjalne okazje ale te\u017c codzienne stylizacje.  Sk\u0142ad: 100% bawe\u0142na organiczna","og_url":"https:\/\/kidsonthemoon.com\/pl\/produkt\/sukienka-welurowa-luna-sample\/","og_site_name":"Kids on the Moon","article_publisher":"https:\/\/www.facebook.com\/Kids-on-the-Moon-223747864407076","article_modified_time":"2025-08-06T07:03:33+00:00","og_image":[{"width":914,"height":1280,"url":"https:\/\/kidsonthemoon.com\/wp-content\/uploads\/2021\/10\/kids-on-the-moon-luna-dress-black-1.jpg","type":"image\/jpeg"}],"twitter_card":"summary_large_image","schema":{"@context":"https:\/\/schema.org","@graph":[{"@type":"WebPage","@id":"https:\/\/kidsonthemoon.com\/pl\/produkt\/sukienka-welurowa-luna-sample\/","url":"https:\/\/kidsonthemoon.com\/pl\/produkt\/sukienka-welurowa-luna-sample\/","name":"sukienka welurowa Luna, sample - Kids on the Moon","isPartOf":{"@id":"https:\/\/kidsonthemoon.com\/pl\/#website"},"datePublished":"2024-02-19T10:35:14+00:00","dateModified":"2025-08-06T07:03:33+00:00","breadcrumb":{"@id":"https:\/\/kidsonthemoon.com\/pl\/produkt\/sukienka-welurowa-luna-sample\/#breadcrumb"},"inLanguage":"pl-PL","potentialAction":[{"@type":"ReadAction","target":["https:\/\/kidsonthemoon.com\/pl\/produkt\/sukienka-welurowa-luna-sample\/"]}]},{"@type":"BreadcrumbList","@id":"https:\/\/kidsonthemoon.com\/pl\/produkt\/sukienka-welurowa-luna-sample\/#breadcrumb","itemListElement":[{"@type":"ListItem","position":1,"name":"Strona g\u0142\u00f3wna","item":"https:\/\/kidsonthemoon.com\/pl\/"},{"@type":"ListItem","position":2,"name":"Sklep","item":"https:\/\/kidsonthemoon.com\/pl\/sklep\/"},{"@type":"ListItem","position":3,"name":"sukienka welurowa Luna, sample"}]},{"@type":"WebSite","@id":"https:\/\/kidsonthemoon.com\/pl\/#website","url":"https:\/\/kidsonthemoon.com\/pl\/","name":"Kids on the Moon","description":"odpowiedzialna moda dla dzieci | sklep online dla dzieci","publisher":{"@id":"https:\/\/kidsonthemoon.com\/pl\/#organization"},"potentialAction":[{"@type":"SearchAction","target":{"@type":"EntryPoint","urlTemplate":"https:\/\/kidsonthemoon.com\/pl\/?s={search_term_string}"},"query-input":"required name=search_term_string"}],"inLanguage":"pl-PL"},{"@type":"Organization","@id":"https:\/\/kidsonthemoon.com\/pl\/#organization","name":"Kids on the Moon","url":"https:\/\/kidsonthemoon.com\/pl\/","logo":{"@type":"ImageObject","inLanguage":"pl-PL","@id":"https:\/\/kidsonthemoon.com\/pl\/#\/schema\/logo\/image\/","url":"https:\/\/kidsonthemoon.com\/wp-content\/uploads\/2021\/02\/kotm_logo.png","contentUrl":"https:\/\/kidsonthemoon.com\/wp-content\/uploads\/2021\/02\/kotm_logo.png","width":410,"height":47,"caption":"Kids on the Moon"},"image":{"@id":"https:\/\/kidsonthemoon.com\/pl\/#\/schema\/logo\/image\/"},"sameAs":["https:\/\/www.facebook.com\/Kids-on-the-Moon-223747864407076","https:\/\/www.instagram.com\/kidsonthemoon\/","https:\/\/pl.pinterest.com\/kotm2013\/pins\/"]}]}},"_links":{"self":[{"href":"https:\/\/kidsonthemoon.com\/pl\/wp-json\/wp\/v2\/product\/104726"}],"collection":[{"href":"https:\/\/kidsonthemoon.com\/pl\/wp-json\/wp\/v2\/product"}],"about":[{"href":"https:\/\/kidsonthemoon.com\/pl\/wp-json\/wp\/v2\/types\/product"}],"wp:featuredmedia":[{"embeddable":true,"href":"https:\/\/kidsonthemoon.com\/pl\/wp-json\/wp\/v2\/media\/62422"}],"wp:attachment":[{"href":"https:\/\/kidsonthemoon.com\/pl\/wp-json\/wp\/v2\/media?parent=104726"}],"wp:term":[{"taxonomy":"product_cat","embeddable":true,"href":"https:\/\/kidsonthemoon.com\/pl\/wp-json\/wp\/v2\/product_cat?post=104726"},{"taxonomy":"product_tag","embeddable":true,"href":"https:\/\/kidsonthemoon.com\/pl\/wp-json\/wp\/v2\/product_tag?post=104726"}],"curies":[{"name":"wp","href":"https:\/\/api.w.org\/{rel}","templated":true}]}}