{"id":104792,"date":"2024-02-19T14:21:00","date_gmt":"2024-02-19T13:21:00","guid":{"rendered":"https:\/\/kidsonthemoon.com\/?post_type=product&#038;p=104792"},"modified":"2025-08-06T09:03:35","modified_gmt":"2025-08-06T07:03:35","slug":"sukienka-muslinowa-starflower-ruda-sample","status":"publish","type":"product","link":"https:\/\/kidsonthemoon.com\/pl\/produkt\/sukienka-muslinowa-starflower-ruda-sample\/","title":{"rendered":"sukienka mu\u015blinowa Starflower ruda, sample"},"content":{"rendered":"","protected":false},"excerpt":{"rendered":"<p>Sukienka z d\u0142ugim r\u0119kawem w ciep\u0142ym jesiennym rudym kolorze, z efektown\u0105 falbank\u0105 wok\u00f3\u0142 dekoltu. Z ty\u0142u zapinana na guziczki. Uszyta z bawe\u0142ny organicznej, co zapewnia komfort noszenia oraz jest przyjazna dla delikatnej, dzieci\u0119cej sk\u00f3ry. Nadruk kwiat\u00f3w kwitn\u0105cych tylko noc\u0105 po\u015br\u00f3d ukrytych kosmicznych konstelacji, dodaje sukience oryginalnego uroku. Efekt lekkiego oversizu tworz\u0105 falbany rozszerzaj\u0105ce si\u0119 ku do\u0142owi, dzi\u0119ki czemu sukienka jest zwiewna i lekka.&nbsp;<\/p>\n<p>Sk\u0142ad: 100% bawe\u0142na organiczna.<\/p>\n","protected":false},"featured_media":60484,"template":"","meta":{"_themeisle_gutenberg_block_has_review":false},"product_cat":[686],"product_tag":[],"acf":[],"yoast_head":"<!-- This site is optimized with the Yoast SEO plugin v21.2 - https:\/\/yoast.com\/wordpress\/plugins\/seo\/ -->\n<title>sukienka mu\u015blinowa Starflower ruda, sample - Kids on the Moon<\/title>\n<meta name=\"robots\" content=\"index, follow, max-snippet:-1, max-image-preview:large, max-video-preview:-1\" \/>\n<link rel=\"canonical\" href=\"https:\/\/kidsonthemoon.com\/pl\/produkt\/sukienka-muslinowa-starflower-ruda-sample\/\" \/>\n<meta property=\"og:locale\" content=\"pl_PL\" \/>\n<meta property=\"og:type\" content=\"article\" \/>\n<meta property=\"og:title\" content=\"sukienka mu\u015blinowa Starflower ruda, sample - Kids on the Moon\" \/>\n<meta property=\"og:description\" content=\"Sukienka z d\u0142ugim r\u0119kawem w ciep\u0142ym jesiennym rudym kolorze, z efektown\u0105 falbank\u0105 wok\u00f3\u0142 dekoltu. Z ty\u0142u zapinana na guziczki. Uszyta z bawe\u0142ny organicznej, co zapewnia komfort noszenia oraz jest przyjazna dla delikatnej, dzieci\u0119cej sk\u00f3ry. Nadruk kwiat\u00f3w kwitn\u0105cych tylko noc\u0105 po\u015br\u00f3d ukrytych kosmicznych konstelacji, dodaje sukience oryginalnego uroku. Efekt lekkiego oversizu tworz\u0105 falbany rozszerzaj\u0105ce si\u0119 ku do\u0142owi, dzi\u0119ki czemu sukienka jest zwiewna i lekka.&nbsp;  Sk\u0142ad: 100% bawe\u0142na organiczna.\" \/>\n<meta property=\"og:url\" content=\"https:\/\/kidsonthemoon.com\/pl\/produkt\/sukienka-muslinowa-starflower-ruda-sample\/\" \/>\n<meta property=\"og:site_name\" content=\"Kids on the Moon\" \/>\n<meta property=\"article:publisher\" content=\"https:\/\/www.facebook.com\/Kids-on-the-Moon-223747864407076\" \/>\n<meta property=\"article:modified_time\" content=\"2025-08-06T07:03:35+00:00\" \/>\n<meta property=\"og:image\" content=\"https:\/\/kidsonthemoon.com\/wp-content\/uploads\/2021\/08\/12-1.jpg\" \/>\n\t<meta property=\"og:image:width\" content=\"1000\" \/>\n\t<meta property=\"og:image:height\" content=\"1400\" \/>\n\t<meta property=\"og:image:type\" content=\"image\/jpeg\" \/>\n<meta name=\"twitter:card\" content=\"summary_large_image\" \/>\n<script type=\"application\/ld+json\" class=\"yoast-schema-graph\">{\"@context\":\"https:\/\/schema.org\",\"@graph\":[{\"@type\":\"WebPage\",\"@id\":\"https:\/\/kidsonthemoon.com\/pl\/produkt\/sukienka-muslinowa-starflower-ruda-sample\/\",\"url\":\"https:\/\/kidsonthemoon.com\/pl\/produkt\/sukienka-muslinowa-starflower-ruda-sample\/\",\"name\":\"sukienka mu\u015blinowa Starflower ruda, sample - Kids on the Moon\",\"isPartOf\":{\"@id\":\"https:\/\/kidsonthemoon.com\/pl\/#website\"},\"datePublished\":\"2024-02-19T13:21:00+00:00\",\"dateModified\":\"2025-08-06T07:03:35+00:00\",\"breadcrumb\":{\"@id\":\"https:\/\/kidsonthemoon.com\/pl\/produkt\/sukienka-muslinowa-starflower-ruda-sample\/#breadcrumb\"},\"inLanguage\":\"pl-PL\",\"potentialAction\":[{\"@type\":\"ReadAction\",\"target\":[\"https:\/\/kidsonthemoon.com\/pl\/produkt\/sukienka-muslinowa-starflower-ruda-sample\/\"]}]},{\"@type\":\"BreadcrumbList\",\"@id\":\"https:\/\/kidsonthemoon.com\/pl\/produkt\/sukienka-muslinowa-starflower-ruda-sample\/#breadcrumb\",\"itemListElement\":[{\"@type\":\"ListItem\",\"position\":1,\"name\":\"Strona g\u0142\u00f3wna\",\"item\":\"https:\/\/kidsonthemoon.com\/pl\/\"},{\"@type\":\"ListItem\",\"position\":2,\"name\":\"Sklep\",\"item\":\"https:\/\/kidsonthemoon.com\/pl\/sklep\/\"},{\"@type\":\"ListItem\",\"position\":3,\"name\":\"sukienka mu\u015blinowa Starflower ruda, sample\"}]},{\"@type\":\"WebSite\",\"@id\":\"https:\/\/kidsonthemoon.com\/pl\/#website\",\"url\":\"https:\/\/kidsonthemoon.com\/pl\/\",\"name\":\"Kids on the Moon\",\"description\":\"odpowiedzialna moda dla dzieci | sklep online dla dzieci\",\"publisher\":{\"@id\":\"https:\/\/kidsonthemoon.com\/pl\/#organization\"},\"potentialAction\":[{\"@type\":\"SearchAction\",\"target\":{\"@type\":\"EntryPoint\",\"urlTemplate\":\"https:\/\/kidsonthemoon.com\/pl\/?s={search_term_string}\"},\"query-input\":\"required name=search_term_string\"}],\"inLanguage\":\"pl-PL\"},{\"@type\":\"Organization\",\"@id\":\"https:\/\/kidsonthemoon.com\/pl\/#organization\",\"name\":\"Kids on the Moon\",\"url\":\"https:\/\/kidsonthemoon.com\/pl\/\",\"logo\":{\"@type\":\"ImageObject\",\"inLanguage\":\"pl-PL\",\"@id\":\"https:\/\/kidsonthemoon.com\/pl\/#\/schema\/logo\/image\/\",\"url\":\"https:\/\/kidsonthemoon.com\/wp-content\/uploads\/2021\/02\/kotm_logo.png\",\"contentUrl\":\"https:\/\/kidsonthemoon.com\/wp-content\/uploads\/2021\/02\/kotm_logo.png\",\"width\":410,\"height\":47,\"caption\":\"Kids on the Moon\"},\"image\":{\"@id\":\"https:\/\/kidsonthemoon.com\/pl\/#\/schema\/logo\/image\/\"},\"sameAs\":[\"https:\/\/www.facebook.com\/Kids-on-the-Moon-223747864407076\",\"https:\/\/www.instagram.com\/kidsonthemoon\/\",\"https:\/\/pl.pinterest.com\/kotm2013\/pins\/\"]}]}<\/script>\n<!-- \/ Yoast SEO plugin. -->","yoast_head_json":{"title":"sukienka mu\u015blinowa Starflower ruda, sample - Kids on the Moon","robots":{"index":"index","follow":"follow","max-snippet":"max-snippet:-1","max-image-preview":"max-image-preview:large","max-video-preview":"max-video-preview:-1"},"canonical":"https:\/\/kidsonthemoon.com\/pl\/produkt\/sukienka-muslinowa-starflower-ruda-sample\/","og_locale":"pl_PL","og_type":"article","og_title":"sukienka mu\u015blinowa Starflower ruda, sample - Kids on the Moon","og_description":"Sukienka z d\u0142ugim r\u0119kawem w ciep\u0142ym jesiennym rudym kolorze, z efektown\u0105 falbank\u0105 wok\u00f3\u0142 dekoltu. Z ty\u0142u zapinana na guziczki. Uszyta z bawe\u0142ny organicznej, co zapewnia komfort noszenia oraz jest przyjazna dla delikatnej, dzieci\u0119cej sk\u00f3ry. Nadruk kwiat\u00f3w kwitn\u0105cych tylko noc\u0105 po\u015br\u00f3d ukrytych kosmicznych konstelacji, dodaje sukience oryginalnego uroku. Efekt lekkiego oversizu tworz\u0105 falbany rozszerzaj\u0105ce si\u0119 ku do\u0142owi, dzi\u0119ki czemu sukienka jest zwiewna i lekka.&nbsp;  Sk\u0142ad: 100% bawe\u0142na organiczna.","og_url":"https:\/\/kidsonthemoon.com\/pl\/produkt\/sukienka-muslinowa-starflower-ruda-sample\/","og_site_name":"Kids on the Moon","article_publisher":"https:\/\/www.facebook.com\/Kids-on-the-Moon-223747864407076","article_modified_time":"2025-08-06T07:03:35+00:00","og_image":[{"width":1000,"height":1400,"url":"https:\/\/kidsonthemoon.com\/wp-content\/uploads\/2021\/08\/12-1.jpg","type":"image\/jpeg"}],"twitter_card":"summary_large_image","schema":{"@context":"https:\/\/schema.org","@graph":[{"@type":"WebPage","@id":"https:\/\/kidsonthemoon.com\/pl\/produkt\/sukienka-muslinowa-starflower-ruda-sample\/","url":"https:\/\/kidsonthemoon.com\/pl\/produkt\/sukienka-muslinowa-starflower-ruda-sample\/","name":"sukienka mu\u015blinowa Starflower ruda, sample - Kids on the Moon","isPartOf":{"@id":"https:\/\/kidsonthemoon.com\/pl\/#website"},"datePublished":"2024-02-19T13:21:00+00:00","dateModified":"2025-08-06T07:03:35+00:00","breadcrumb":{"@id":"https:\/\/kidsonthemoon.com\/pl\/produkt\/sukienka-muslinowa-starflower-ruda-sample\/#breadcrumb"},"inLanguage":"pl-PL","potentialAction":[{"@type":"ReadAction","target":["https:\/\/kidsonthemoon.com\/pl\/produkt\/sukienka-muslinowa-starflower-ruda-sample\/"]}]},{"@type":"BreadcrumbList","@id":"https:\/\/kidsonthemoon.com\/pl\/produkt\/sukienka-muslinowa-starflower-ruda-sample\/#breadcrumb","itemListElement":[{"@type":"ListItem","position":1,"name":"Strona g\u0142\u00f3wna","item":"https:\/\/kidsonthemoon.com\/pl\/"},{"@type":"ListItem","position":2,"name":"Sklep","item":"https:\/\/kidsonthemoon.com\/pl\/sklep\/"},{"@type":"ListItem","position":3,"name":"sukienka mu\u015blinowa Starflower ruda, sample"}]},{"@type":"WebSite","@id":"https:\/\/kidsonthemoon.com\/pl\/#website","url":"https:\/\/kidsonthemoon.com\/pl\/","name":"Kids on the Moon","description":"odpowiedzialna moda dla dzieci | sklep online dla dzieci","publisher":{"@id":"https:\/\/kidsonthemoon.com\/pl\/#organization"},"potentialAction":[{"@type":"SearchAction","target":{"@type":"EntryPoint","urlTemplate":"https:\/\/kidsonthemoon.com\/pl\/?s={search_term_string}"},"query-input":"required name=search_term_string"}],"inLanguage":"pl-PL"},{"@type":"Organization","@id":"https:\/\/kidsonthemoon.com\/pl\/#organization","name":"Kids on the Moon","url":"https:\/\/kidsonthemoon.com\/pl\/","logo":{"@type":"ImageObject","inLanguage":"pl-PL","@id":"https:\/\/kidsonthemoon.com\/pl\/#\/schema\/logo\/image\/","url":"https:\/\/kidsonthemoon.com\/wp-content\/uploads\/2021\/02\/kotm_logo.png","contentUrl":"https:\/\/kidsonthemoon.com\/wp-content\/uploads\/2021\/02\/kotm_logo.png","width":410,"height":47,"caption":"Kids on the Moon"},"image":{"@id":"https:\/\/kidsonthemoon.com\/pl\/#\/schema\/logo\/image\/"},"sameAs":["https:\/\/www.facebook.com\/Kids-on-the-Moon-223747864407076","https:\/\/www.instagram.com\/kidsonthemoon\/","https:\/\/pl.pinterest.com\/kotm2013\/pins\/"]}]}},"_links":{"self":[{"href":"https:\/\/kidsonthemoon.com\/pl\/wp-json\/wp\/v2\/product\/104792"}],"collection":[{"href":"https:\/\/kidsonthemoon.com\/pl\/wp-json\/wp\/v2\/product"}],"about":[{"href":"https:\/\/kidsonthemoon.com\/pl\/wp-json\/wp\/v2\/types\/product"}],"wp:featuredmedia":[{"embeddable":true,"href":"https:\/\/kidsonthemoon.com\/pl\/wp-json\/wp\/v2\/media\/60484"}],"wp:attachment":[{"href":"https:\/\/kidsonthemoon.com\/pl\/wp-json\/wp\/v2\/media?parent=104792"}],"wp:term":[{"taxonomy":"product_cat","embeddable":true,"href":"https:\/\/kidsonthemoon.com\/pl\/wp-json\/wp\/v2\/product_cat?post=104792"},{"taxonomy":"product_tag","embeddable":true,"href":"https:\/\/kidsonthemoon.com\/pl\/wp-json\/wp\/v2\/product_tag?post=104792"}],"curies":[{"name":"wp","href":"https:\/\/api.w.org\/{rel}","templated":true}]}}