{"id":106676,"date":"2025-03-11T13:36:45","date_gmt":"2025-03-11T12:36:45","guid":{"rendered":"https:\/\/kidsonthemoon.com\/?post_type=product&#038;p=106676"},"modified":"2025-10-13T09:33:08","modified_gmt":"2025-10-13T07:33:08","slug":"longsleeve-damski-paris-chic","status":"publish","type":"product","link":"https:\/\/kidsonthemoon.com\/pl\/produkt\/longsleeve-damski-paris-chic\/","title":{"rendered":"longsleeve Paris chic"},"content":{"rendered":"","protected":false},"excerpt":{"rendered":"<p>Damski longsleeve <em>Paris chic<\/em>, to ponadczasowy klasyk w czerwone paski, z kontrastowym wyko\u0144czeniem dekoltu w kolorze ultramaryny. D\u0142ugi r\u0119kaw mo\u017cna \u0142atwo podci\u0105gn\u0105\u0107 w gor\u0105ce dni. Stylem nawi\u0105zuje do paryskiej klasyki po\u0142\u0105czonej z nut\u0105 nonszalancji. Na przodzie ma niewielki napis \u201e<em>art<\/em>\u201d wykonany flockiem. Ten longsleeve pachnie croissantem i kaw\u0105 \ud83d\ude09 Uszyty z wysokogatunkowej dzianiny bawe\u0142nianej z dodatkiem elastanu.<\/p>\n<p><strong>Sk\u0142ad:<\/strong> 92% bawe\u0142na, 8% elastan<\/p>\n<p><strong>Piel\u0119gnacja:<\/strong> pra\u0107 w pralce w temp. 30\u00b0 C, z programem normalnego odwirowania, z jasnymi kolorami<\/p>\n<p><strong>Wymiary koszulki w cm:<\/strong><\/p>\n<p>Bluzka ma lu\u017any kr\u00f3j, przed wyborem rozmiaru, sprawd\u017a wymiary. Je\u015bli chcesz mie\u0107 bardziej dopasowan\u0105, przy ciele &#8211; wybierz rozmiar mniejszy. Granica b\u0142\u0119du +\/- 1-1,5 cm.<\/p>\n<table width=\"550\">\n<tbody>\n<tr>\n<td width=\"90\">&nbsp;<\/td>\n<td style=\"text-align: center;\" width=\"64\"><strong>XS<\/strong><\/td>\n<td style=\"text-align: center;\" width=\"64\"><strong>S<\/strong><\/td>\n<td style=\"text-align: center;\" width=\"64\"><strong>M<\/strong><\/td>\n<td style=\"text-align: center;\" width=\"64\"><strong>L<\/strong><\/td>\n<\/tr>\n<tr>\n<td>szer. w klatce<\/td>\n<td style=\"text-align: center;\">47<\/td>\n<td style=\"text-align: center;\">50<\/td>\n<td style=\"text-align: center;\">53<\/td>\n<td style=\"text-align: center;\">56<\/td>\n<\/tr>\n<tr>\n<td style=\"text-align: left;\" width=\"90\">d\u0142ugo\u015b\u0107 (ty\u0142 plec\u00f3w)<\/td>\n<td style=\"text-align: center;\">60<\/td>\n<td style=\"text-align: center;\">62<\/td>\n<td style=\"text-align: center;\">63<\/td>\n<td style=\"text-align: center;\">65<\/td>\n<\/tr>\n<\/tbody>\n<\/table>\n","protected":false},"featured_media":106633,"template":"","meta":{"_themeisle_gutenberg_block_has_review":false},"product_cat":[573,565,820,818],"product_tag":[797],"acf":[],"yoast_head":"<!-- This site is optimized with the Yoast SEO plugin v21.2 - https:\/\/yoast.com\/wordpress\/plugins\/seo\/ -->\n<title>longsleeve Paris chic - Kids on the Moon<\/title>\n<meta name=\"robots\" content=\"index, follow, max-snippet:-1, max-image-preview:large, max-video-preview:-1\" \/>\n<link rel=\"canonical\" href=\"https:\/\/kidsonthemoon.com\/pl\/produkt\/longsleeve-damski-paris-chic\/\" \/>\n<meta property=\"og:locale\" content=\"pl_PL\" \/>\n<meta property=\"og:type\" content=\"article\" \/>\n<meta property=\"og:title\" content=\"longsleeve Paris chic - Kids on the Moon\" \/>\n<meta property=\"og:description\" content=\"Damski longsleeve Paris chic, to ponadczasowy klasyk w czerwone paski, z kontrastowym wyko\u0144czeniem dekoltu w kolorze ultramaryny. D\u0142ugi r\u0119kaw mo\u017cna \u0142atwo podci\u0105gn\u0105\u0107 w gor\u0105ce dni. Stylem nawi\u0105zuje do paryskiej klasyki po\u0142\u0105czonej z nut\u0105 nonszalancji. Na przodzie ma niewielki napis \u201eart\u201d wykonany flockiem. Ten longsleeve pachnie croissantem i kaw\u0105 ;) Uszyty z wysokogatunkowej dzianiny bawe\u0142nianej z dodatkiem elastanu.  Sk\u0142ad: 92% bawe\u0142na, 8% elastan  Piel\u0119gnacja: pra\u0107 w pralce w temp. 30\u00b0 C, z programem normalnego odwirowania, z jasnymi kolorami  Wymiary koszulki w cm:  Bluzka ma lu\u017any kr\u00f3j, przed wyborem rozmiaru, sprawd\u017a wymiary. Je\u015bli chcesz mie\u0107 bardziej dopasowan\u0105, przy ciele - wybierz rozmiar mniejszy. Granica b\u0142\u0119du +\/- 1-1,5 cm.    &nbsp; XS S M L   szer. w klatce 47 50 53 56   d\u0142ugo\u015b\u0107 (ty\u0142 plec\u00f3w) 60 62 63 65\" \/>\n<meta property=\"og:url\" content=\"https:\/\/kidsonthemoon.com\/pl\/produkt\/longsleeve-damski-paris-chic\/\" \/>\n<meta property=\"og:site_name\" content=\"Kids on the Moon\" \/>\n<meta property=\"article:publisher\" content=\"https:\/\/www.facebook.com\/Kids-on-the-Moon-223747864407076\" \/>\n<meta property=\"article:modified_time\" content=\"2025-10-13T07:33:08+00:00\" \/>\n<meta property=\"og:image\" content=\"https:\/\/kidsonthemoon.com\/wp-content\/uploads\/2024\/05\/longsleeve_paris_chic_2-e1747984684237.jpg\" \/>\n\t<meta property=\"og:image:width\" content=\"781\" \/>\n\t<meta property=\"og:image:height\" content=\"1127\" \/>\n\t<meta property=\"og:image:type\" content=\"image\/jpeg\" \/>\n<meta name=\"twitter:card\" content=\"summary_large_image\" \/>\n<script type=\"application\/ld+json\" class=\"yoast-schema-graph\">{\"@context\":\"https:\/\/schema.org\",\"@graph\":[{\"@type\":\"WebPage\",\"@id\":\"https:\/\/kidsonthemoon.com\/pl\/produkt\/longsleeve-damski-paris-chic\/\",\"url\":\"https:\/\/kidsonthemoon.com\/pl\/produkt\/longsleeve-damski-paris-chic\/\",\"name\":\"longsleeve Paris chic - Kids on the Moon\",\"isPartOf\":{\"@id\":\"https:\/\/kidsonthemoon.com\/pl\/#website\"},\"datePublished\":\"2025-03-11T12:36:45+00:00\",\"dateModified\":\"2025-10-13T07:33:08+00:00\",\"breadcrumb\":{\"@id\":\"https:\/\/kidsonthemoon.com\/pl\/produkt\/longsleeve-damski-paris-chic\/#breadcrumb\"},\"inLanguage\":\"pl-PL\",\"potentialAction\":[{\"@type\":\"ReadAction\",\"target\":[\"https:\/\/kidsonthemoon.com\/pl\/produkt\/longsleeve-damski-paris-chic\/\"]}]},{\"@type\":\"BreadcrumbList\",\"@id\":\"https:\/\/kidsonthemoon.com\/pl\/produkt\/longsleeve-damski-paris-chic\/#breadcrumb\",\"itemListElement\":[{\"@type\":\"ListItem\",\"position\":1,\"name\":\"Strona g\u0142\u00f3wna\",\"item\":\"https:\/\/kidsonthemoon.com\/pl\/\"},{\"@type\":\"ListItem\",\"position\":2,\"name\":\"Sklep\",\"item\":\"https:\/\/kidsonthemoon.com\/pl\/sklep\/\"},{\"@type\":\"ListItem\",\"position\":3,\"name\":\"longsleeve Paris chic\"}]},{\"@type\":\"WebSite\",\"@id\":\"https:\/\/kidsonthemoon.com\/pl\/#website\",\"url\":\"https:\/\/kidsonthemoon.com\/pl\/\",\"name\":\"Kids on the Moon\",\"description\":\"odpowiedzialna moda dla dzieci | sklep online dla dzieci\",\"publisher\":{\"@id\":\"https:\/\/kidsonthemoon.com\/pl\/#organization\"},\"potentialAction\":[{\"@type\":\"SearchAction\",\"target\":{\"@type\":\"EntryPoint\",\"urlTemplate\":\"https:\/\/kidsonthemoon.com\/pl\/?s={search_term_string}\"},\"query-input\":\"required name=search_term_string\"}],\"inLanguage\":\"pl-PL\"},{\"@type\":\"Organization\",\"@id\":\"https:\/\/kidsonthemoon.com\/pl\/#organization\",\"name\":\"Kids on the Moon\",\"url\":\"https:\/\/kidsonthemoon.com\/pl\/\",\"logo\":{\"@type\":\"ImageObject\",\"inLanguage\":\"pl-PL\",\"@id\":\"https:\/\/kidsonthemoon.com\/pl\/#\/schema\/logo\/image\/\",\"url\":\"https:\/\/kidsonthemoon.com\/wp-content\/uploads\/2021\/02\/kotm_logo.png\",\"contentUrl\":\"https:\/\/kidsonthemoon.com\/wp-content\/uploads\/2021\/02\/kotm_logo.png\",\"width\":410,\"height\":47,\"caption\":\"Kids on the Moon\"},\"image\":{\"@id\":\"https:\/\/kidsonthemoon.com\/pl\/#\/schema\/logo\/image\/\"},\"sameAs\":[\"https:\/\/www.facebook.com\/Kids-on-the-Moon-223747864407076\",\"https:\/\/www.instagram.com\/kidsonthemoon\/\",\"https:\/\/pl.pinterest.com\/kotm2013\/pins\/\"]}]}<\/script>\n<!-- \/ Yoast SEO plugin. -->","yoast_head_json":{"title":"longsleeve Paris chic - Kids on the Moon","robots":{"index":"index","follow":"follow","max-snippet":"max-snippet:-1","max-image-preview":"max-image-preview:large","max-video-preview":"max-video-preview:-1"},"canonical":"https:\/\/kidsonthemoon.com\/pl\/produkt\/longsleeve-damski-paris-chic\/","og_locale":"pl_PL","og_type":"article","og_title":"longsleeve Paris chic - Kids on the Moon","og_description":"Damski longsleeve Paris chic, to ponadczasowy klasyk w czerwone paski, z kontrastowym wyko\u0144czeniem dekoltu w kolorze ultramaryny. D\u0142ugi r\u0119kaw mo\u017cna \u0142atwo podci\u0105gn\u0105\u0107 w gor\u0105ce dni. Stylem nawi\u0105zuje do paryskiej klasyki po\u0142\u0105czonej z nut\u0105 nonszalancji. Na przodzie ma niewielki napis \u201eart\u201d wykonany flockiem. Ten longsleeve pachnie croissantem i kaw\u0105 ;) Uszyty z wysokogatunkowej dzianiny bawe\u0142nianej z dodatkiem elastanu.  Sk\u0142ad: 92% bawe\u0142na, 8% elastan  Piel\u0119gnacja: pra\u0107 w pralce w temp. 30\u00b0 C, z programem normalnego odwirowania, z jasnymi kolorami  Wymiary koszulki w cm:  Bluzka ma lu\u017any kr\u00f3j, przed wyborem rozmiaru, sprawd\u017a wymiary. Je\u015bli chcesz mie\u0107 bardziej dopasowan\u0105, przy ciele - wybierz rozmiar mniejszy. Granica b\u0142\u0119du +\/- 1-1,5 cm.    &nbsp; XS S M L   szer. w klatce 47 50 53 56   d\u0142ugo\u015b\u0107 (ty\u0142 plec\u00f3w) 60 62 63 65","og_url":"https:\/\/kidsonthemoon.com\/pl\/produkt\/longsleeve-damski-paris-chic\/","og_site_name":"Kids on the Moon","article_publisher":"https:\/\/www.facebook.com\/Kids-on-the-Moon-223747864407076","article_modified_time":"2025-10-13T07:33:08+00:00","og_image":[{"width":781,"height":1127,"url":"https:\/\/kidsonthemoon.com\/wp-content\/uploads\/2024\/05\/longsleeve_paris_chic_2-e1747984684237.jpg","type":"image\/jpeg"}],"twitter_card":"summary_large_image","schema":{"@context":"https:\/\/schema.org","@graph":[{"@type":"WebPage","@id":"https:\/\/kidsonthemoon.com\/pl\/produkt\/longsleeve-damski-paris-chic\/","url":"https:\/\/kidsonthemoon.com\/pl\/produkt\/longsleeve-damski-paris-chic\/","name":"longsleeve Paris chic - Kids on the Moon","isPartOf":{"@id":"https:\/\/kidsonthemoon.com\/pl\/#website"},"datePublished":"2025-03-11T12:36:45+00:00","dateModified":"2025-10-13T07:33:08+00:00","breadcrumb":{"@id":"https:\/\/kidsonthemoon.com\/pl\/produkt\/longsleeve-damski-paris-chic\/#breadcrumb"},"inLanguage":"pl-PL","potentialAction":[{"@type":"ReadAction","target":["https:\/\/kidsonthemoon.com\/pl\/produkt\/longsleeve-damski-paris-chic\/"]}]},{"@type":"BreadcrumbList","@id":"https:\/\/kidsonthemoon.com\/pl\/produkt\/longsleeve-damski-paris-chic\/#breadcrumb","itemListElement":[{"@type":"ListItem","position":1,"name":"Strona g\u0142\u00f3wna","item":"https:\/\/kidsonthemoon.com\/pl\/"},{"@type":"ListItem","position":2,"name":"Sklep","item":"https:\/\/kidsonthemoon.com\/pl\/sklep\/"},{"@type":"ListItem","position":3,"name":"longsleeve Paris chic"}]},{"@type":"WebSite","@id":"https:\/\/kidsonthemoon.com\/pl\/#website","url":"https:\/\/kidsonthemoon.com\/pl\/","name":"Kids on the Moon","description":"odpowiedzialna moda dla dzieci | sklep online dla dzieci","publisher":{"@id":"https:\/\/kidsonthemoon.com\/pl\/#organization"},"potentialAction":[{"@type":"SearchAction","target":{"@type":"EntryPoint","urlTemplate":"https:\/\/kidsonthemoon.com\/pl\/?s={search_term_string}"},"query-input":"required name=search_term_string"}],"inLanguage":"pl-PL"},{"@type":"Organization","@id":"https:\/\/kidsonthemoon.com\/pl\/#organization","name":"Kids on the Moon","url":"https:\/\/kidsonthemoon.com\/pl\/","logo":{"@type":"ImageObject","inLanguage":"pl-PL","@id":"https:\/\/kidsonthemoon.com\/pl\/#\/schema\/logo\/image\/","url":"https:\/\/kidsonthemoon.com\/wp-content\/uploads\/2021\/02\/kotm_logo.png","contentUrl":"https:\/\/kidsonthemoon.com\/wp-content\/uploads\/2021\/02\/kotm_logo.png","width":410,"height":47,"caption":"Kids on the Moon"},"image":{"@id":"https:\/\/kidsonthemoon.com\/pl\/#\/schema\/logo\/image\/"},"sameAs":["https:\/\/www.facebook.com\/Kids-on-the-Moon-223747864407076","https:\/\/www.instagram.com\/kidsonthemoon\/","https:\/\/pl.pinterest.com\/kotm2013\/pins\/"]}]}},"_links":{"self":[{"href":"https:\/\/kidsonthemoon.com\/pl\/wp-json\/wp\/v2\/product\/106676"}],"collection":[{"href":"https:\/\/kidsonthemoon.com\/pl\/wp-json\/wp\/v2\/product"}],"about":[{"href":"https:\/\/kidsonthemoon.com\/pl\/wp-json\/wp\/v2\/types\/product"}],"wp:featuredmedia":[{"embeddable":true,"href":"https:\/\/kidsonthemoon.com\/pl\/wp-json\/wp\/v2\/media\/106633"}],"wp:attachment":[{"href":"https:\/\/kidsonthemoon.com\/pl\/wp-json\/wp\/v2\/media?parent=106676"}],"wp:term":[{"taxonomy":"product_cat","embeddable":true,"href":"https:\/\/kidsonthemoon.com\/pl\/wp-json\/wp\/v2\/product_cat?post=106676"},{"taxonomy":"product_tag","embeddable":true,"href":"https:\/\/kidsonthemoon.com\/pl\/wp-json\/wp\/v2\/product_tag?post=106676"}],"curies":[{"name":"wp","href":"https:\/\/api.w.org\/{rel}","templated":true}]}}