{"id":107245,"date":"2024-05-22T14:23:52","date_gmt":"2024-05-22T12:23:52","guid":{"rendered":"https:\/\/kidsonthemoon.com\/?post_type=product&#038;p=107245"},"modified":"2025-08-27T15:47:22","modified_gmt":"2025-08-27T13:47:22","slug":"sukienka-mia-sun","status":"publish","type":"product","link":"https:\/\/kidsonthemoon.com\/pl\/produkt\/sukienka-mia-sun\/","title":{"rendered":"sukienka z po\u0142yskiem Mia Sun"},"content":{"rendered":"","protected":false},"excerpt":{"rendered":"<p>Damska sukienka mini, o t-shirtowym kroju, z dodatkiem po\u0142yskuj\u0105cej srebrnej nitki. Promie\u0144 s\u0142o\u0144ca w letnie dni. Jej z\u0142ocisto-\u017c\u00f3\u0142ty kolor dodaje blasku i pi\u0119knie podkre\u015bla letni\u0105 opalenizn\u0119. Du\u017cy V dekolt, rozci\u0119cie z boku i subtelny po\u0142ysk nadaj\u0105 sukience zmys\u0142owego uroku. Jednocze\u015bnie jest super mi\u0142a w dotyku i wygodna. Idealna na pla\u017c\u0119 jak i na ciep\u0142e wieczory w mie\u015bcie. Zale\u017cnie od nastroju, no\u015b j\u0105 do klapek, balerinek lub kowbojek, tworz\u0105c w ten spos\u00f3b super trendy look w najmodniejszym aktualnie stylu Westerncore \/ Cowgirl \ud83d\ude42 Sukienka uszyta jest z wysokogatunkowej i niezwykle mi\u0119kkiej dzianiny wiskozowej.<\/p>\n<p><strong><br \/>\nSk\u0142ad:<\/strong> 82% wiskoza, 18% lurex<\/p>\n<p><strong>Wymiary sukienki w cm:<\/strong><\/p>\n<table style=\"height: 114px;\" width=\"501\">\n<tbody>\n<tr>\n<td width=\"91\">&nbsp;<\/td>\n<td style=\"text-align: center;\" width=\"64\"><strong>XS\/S<\/strong><\/td>\n<td style=\"text-align: center;\" width=\"64\"><strong>M\/L<\/strong><\/td>\n<\/tr>\n<tr>\n<td>szer. w klatce i biodrach<\/td>\n<td style=\"text-align: center;\">50<\/td>\n<td style=\"text-align: center;\">56<\/td>\n<\/tr>\n<tr>\n<td width=\"91\">d\u0142ugo\u015b\u0107 ty\u0142u<\/td>\n<td style=\"text-align: center;\">86<\/td>\n<td style=\"text-align: center;\">90<\/td>\n<\/tr>\n<\/tbody>\n<\/table>\n","protected":false},"featured_media":107154,"template":"","meta":{"_themeisle_gutenberg_block_has_review":false},"product_cat":[818,567],"product_tag":[797],"acf":[],"yoast_head":"<!-- This site is optimized with the Yoast SEO plugin v21.2 - https:\/\/yoast.com\/wordpress\/plugins\/seo\/ -->\n<title>sukienka z po\u0142yskiem Mia Sun - Kids on the Moon<\/title>\n<meta name=\"robots\" content=\"index, follow, max-snippet:-1, max-image-preview:large, max-video-preview:-1\" \/>\n<link rel=\"canonical\" href=\"https:\/\/kidsonthemoon.com\/pl\/produkt\/sukienka-mia-sun\/\" \/>\n<meta property=\"og:locale\" content=\"pl_PL\" \/>\n<meta property=\"og:type\" content=\"article\" \/>\n<meta property=\"og:title\" content=\"sukienka z po\u0142yskiem Mia Sun - Kids on the Moon\" \/>\n<meta property=\"og:description\" content=\"Damska sukienka mini, o t-shirtowym kroju, z dodatkiem po\u0142yskuj\u0105cej srebrnej nitki. Promie\u0144 s\u0142o\u0144ca w letnie dni. Jej z\u0142ocisto-\u017c\u00f3\u0142ty kolor dodaje blasku i pi\u0119knie podkre\u015bla letni\u0105 opalenizn\u0119. Du\u017cy V dekolt, rozci\u0119cie z boku i subtelny po\u0142ysk nadaj\u0105 sukience zmys\u0142owego uroku. Jednocze\u015bnie jest super mi\u0142a w dotyku i wygodna. Idealna na pla\u017c\u0119 jak i na ciep\u0142e wieczory w mie\u015bcie. Zale\u017cnie od nastroju, no\u015b j\u0105 do klapek, balerinek lub kowbojek, tworz\u0105c w ten spos\u00f3b super trendy look w najmodniejszym aktualnie stylu Westerncore \/ Cowgirl :-) Sukienka uszyta jest z wysokogatunkowej i niezwykle mi\u0119kkiej dzianiny wiskozowej.   Sk\u0142ad: 82% wiskoza, 18% lurex  Wymiary sukienki w cm:    &nbsp; XS\/S M\/L   szer. w klatce i biodrach 50 56   d\u0142ugo\u015b\u0107 ty\u0142u 86 90\" \/>\n<meta property=\"og:url\" content=\"https:\/\/kidsonthemoon.com\/pl\/produkt\/sukienka-mia-sun\/\" \/>\n<meta property=\"og:site_name\" content=\"Kids on the Moon\" \/>\n<meta property=\"article:publisher\" content=\"https:\/\/www.facebook.com\/Kids-on-the-Moon-223747864407076\" \/>\n<meta property=\"article:modified_time\" content=\"2025-08-27T13:47:22+00:00\" \/>\n<meta property=\"og:image\" content=\"https:\/\/kidsonthemoon.com\/wp-content\/uploads\/2024\/05\/sukienka_Mia_sun_1.jpg\" \/>\n\t<meta property=\"og:image:width\" content=\"1000\" \/>\n\t<meta property=\"og:image:height\" content=\"1400\" \/>\n\t<meta property=\"og:image:type\" content=\"image\/jpeg\" \/>\n<meta name=\"twitter:card\" content=\"summary_large_image\" \/>\n<script type=\"application\/ld+json\" class=\"yoast-schema-graph\">{\"@context\":\"https:\/\/schema.org\",\"@graph\":[{\"@type\":\"WebPage\",\"@id\":\"https:\/\/kidsonthemoon.com\/pl\/produkt\/sukienka-mia-sun\/\",\"url\":\"https:\/\/kidsonthemoon.com\/pl\/produkt\/sukienka-mia-sun\/\",\"name\":\"sukienka z po\u0142yskiem Mia Sun - Kids on the Moon\",\"isPartOf\":{\"@id\":\"https:\/\/kidsonthemoon.com\/pl\/#website\"},\"datePublished\":\"2024-05-22T12:23:52+00:00\",\"dateModified\":\"2025-08-27T13:47:22+00:00\",\"breadcrumb\":{\"@id\":\"https:\/\/kidsonthemoon.com\/pl\/produkt\/sukienka-mia-sun\/#breadcrumb\"},\"inLanguage\":\"pl-PL\",\"potentialAction\":[{\"@type\":\"ReadAction\",\"target\":[\"https:\/\/kidsonthemoon.com\/pl\/produkt\/sukienka-mia-sun\/\"]}]},{\"@type\":\"BreadcrumbList\",\"@id\":\"https:\/\/kidsonthemoon.com\/pl\/produkt\/sukienka-mia-sun\/#breadcrumb\",\"itemListElement\":[{\"@type\":\"ListItem\",\"position\":1,\"name\":\"Strona g\u0142\u00f3wna\",\"item\":\"https:\/\/kidsonthemoon.com\/pl\/\"},{\"@type\":\"ListItem\",\"position\":2,\"name\":\"Sklep\",\"item\":\"https:\/\/kidsonthemoon.com\/pl\/sklep\/\"},{\"@type\":\"ListItem\",\"position\":3,\"name\":\"sukienka z po\u0142yskiem Mia Sun\"}]},{\"@type\":\"WebSite\",\"@id\":\"https:\/\/kidsonthemoon.com\/pl\/#website\",\"url\":\"https:\/\/kidsonthemoon.com\/pl\/\",\"name\":\"Kids on the Moon\",\"description\":\"odpowiedzialna moda dla dzieci | sklep online dla dzieci\",\"publisher\":{\"@id\":\"https:\/\/kidsonthemoon.com\/pl\/#organization\"},\"potentialAction\":[{\"@type\":\"SearchAction\",\"target\":{\"@type\":\"EntryPoint\",\"urlTemplate\":\"https:\/\/kidsonthemoon.com\/pl\/?s={search_term_string}\"},\"query-input\":\"required name=search_term_string\"}],\"inLanguage\":\"pl-PL\"},{\"@type\":\"Organization\",\"@id\":\"https:\/\/kidsonthemoon.com\/pl\/#organization\",\"name\":\"Kids on the Moon\",\"url\":\"https:\/\/kidsonthemoon.com\/pl\/\",\"logo\":{\"@type\":\"ImageObject\",\"inLanguage\":\"pl-PL\",\"@id\":\"https:\/\/kidsonthemoon.com\/pl\/#\/schema\/logo\/image\/\",\"url\":\"https:\/\/kidsonthemoon.com\/wp-content\/uploads\/2021\/02\/kotm_logo.png\",\"contentUrl\":\"https:\/\/kidsonthemoon.com\/wp-content\/uploads\/2021\/02\/kotm_logo.png\",\"width\":410,\"height\":47,\"caption\":\"Kids on the Moon\"},\"image\":{\"@id\":\"https:\/\/kidsonthemoon.com\/pl\/#\/schema\/logo\/image\/\"},\"sameAs\":[\"https:\/\/www.facebook.com\/Kids-on-the-Moon-223747864407076\",\"https:\/\/www.instagram.com\/kidsonthemoon\/\",\"https:\/\/pl.pinterest.com\/kotm2013\/pins\/\"]}]}<\/script>\n<!-- \/ Yoast SEO plugin. -->","yoast_head_json":{"title":"sukienka z po\u0142yskiem Mia Sun - Kids on the Moon","robots":{"index":"index","follow":"follow","max-snippet":"max-snippet:-1","max-image-preview":"max-image-preview:large","max-video-preview":"max-video-preview:-1"},"canonical":"https:\/\/kidsonthemoon.com\/pl\/produkt\/sukienka-mia-sun\/","og_locale":"pl_PL","og_type":"article","og_title":"sukienka z po\u0142yskiem Mia Sun - Kids on the Moon","og_description":"Damska sukienka mini, o t-shirtowym kroju, z dodatkiem po\u0142yskuj\u0105cej srebrnej nitki. Promie\u0144 s\u0142o\u0144ca w letnie dni. Jej z\u0142ocisto-\u017c\u00f3\u0142ty kolor dodaje blasku i pi\u0119knie podkre\u015bla letni\u0105 opalenizn\u0119. Du\u017cy V dekolt, rozci\u0119cie z boku i subtelny po\u0142ysk nadaj\u0105 sukience zmys\u0142owego uroku. Jednocze\u015bnie jest super mi\u0142a w dotyku i wygodna. Idealna na pla\u017c\u0119 jak i na ciep\u0142e wieczory w mie\u015bcie. Zale\u017cnie od nastroju, no\u015b j\u0105 do klapek, balerinek lub kowbojek, tworz\u0105c w ten spos\u00f3b super trendy look w najmodniejszym aktualnie stylu Westerncore \/ Cowgirl :-) Sukienka uszyta jest z wysokogatunkowej i niezwykle mi\u0119kkiej dzianiny wiskozowej.   Sk\u0142ad: 82% wiskoza, 18% lurex  Wymiary sukienki w cm:    &nbsp; XS\/S M\/L   szer. w klatce i biodrach 50 56   d\u0142ugo\u015b\u0107 ty\u0142u 86 90","og_url":"https:\/\/kidsonthemoon.com\/pl\/produkt\/sukienka-mia-sun\/","og_site_name":"Kids on the Moon","article_publisher":"https:\/\/www.facebook.com\/Kids-on-the-Moon-223747864407076","article_modified_time":"2025-08-27T13:47:22+00:00","og_image":[{"width":1000,"height":1400,"url":"https:\/\/kidsonthemoon.com\/wp-content\/uploads\/2024\/05\/sukienka_Mia_sun_1.jpg","type":"image\/jpeg"}],"twitter_card":"summary_large_image","schema":{"@context":"https:\/\/schema.org","@graph":[{"@type":"WebPage","@id":"https:\/\/kidsonthemoon.com\/pl\/produkt\/sukienka-mia-sun\/","url":"https:\/\/kidsonthemoon.com\/pl\/produkt\/sukienka-mia-sun\/","name":"sukienka z po\u0142yskiem Mia Sun - Kids on the Moon","isPartOf":{"@id":"https:\/\/kidsonthemoon.com\/pl\/#website"},"datePublished":"2024-05-22T12:23:52+00:00","dateModified":"2025-08-27T13:47:22+00:00","breadcrumb":{"@id":"https:\/\/kidsonthemoon.com\/pl\/produkt\/sukienka-mia-sun\/#breadcrumb"},"inLanguage":"pl-PL","potentialAction":[{"@type":"ReadAction","target":["https:\/\/kidsonthemoon.com\/pl\/produkt\/sukienka-mia-sun\/"]}]},{"@type":"BreadcrumbList","@id":"https:\/\/kidsonthemoon.com\/pl\/produkt\/sukienka-mia-sun\/#breadcrumb","itemListElement":[{"@type":"ListItem","position":1,"name":"Strona g\u0142\u00f3wna","item":"https:\/\/kidsonthemoon.com\/pl\/"},{"@type":"ListItem","position":2,"name":"Sklep","item":"https:\/\/kidsonthemoon.com\/pl\/sklep\/"},{"@type":"ListItem","position":3,"name":"sukienka z po\u0142yskiem Mia Sun"}]},{"@type":"WebSite","@id":"https:\/\/kidsonthemoon.com\/pl\/#website","url":"https:\/\/kidsonthemoon.com\/pl\/","name":"Kids on the Moon","description":"odpowiedzialna moda dla dzieci | sklep online dla dzieci","publisher":{"@id":"https:\/\/kidsonthemoon.com\/pl\/#organization"},"potentialAction":[{"@type":"SearchAction","target":{"@type":"EntryPoint","urlTemplate":"https:\/\/kidsonthemoon.com\/pl\/?s={search_term_string}"},"query-input":"required name=search_term_string"}],"inLanguage":"pl-PL"},{"@type":"Organization","@id":"https:\/\/kidsonthemoon.com\/pl\/#organization","name":"Kids on the Moon","url":"https:\/\/kidsonthemoon.com\/pl\/","logo":{"@type":"ImageObject","inLanguage":"pl-PL","@id":"https:\/\/kidsonthemoon.com\/pl\/#\/schema\/logo\/image\/","url":"https:\/\/kidsonthemoon.com\/wp-content\/uploads\/2021\/02\/kotm_logo.png","contentUrl":"https:\/\/kidsonthemoon.com\/wp-content\/uploads\/2021\/02\/kotm_logo.png","width":410,"height":47,"caption":"Kids on the Moon"},"image":{"@id":"https:\/\/kidsonthemoon.com\/pl\/#\/schema\/logo\/image\/"},"sameAs":["https:\/\/www.facebook.com\/Kids-on-the-Moon-223747864407076","https:\/\/www.instagram.com\/kidsonthemoon\/","https:\/\/pl.pinterest.com\/kotm2013\/pins\/"]}]}},"_links":{"self":[{"href":"https:\/\/kidsonthemoon.com\/pl\/wp-json\/wp\/v2\/product\/107245"}],"collection":[{"href":"https:\/\/kidsonthemoon.com\/pl\/wp-json\/wp\/v2\/product"}],"about":[{"href":"https:\/\/kidsonthemoon.com\/pl\/wp-json\/wp\/v2\/types\/product"}],"wp:featuredmedia":[{"embeddable":true,"href":"https:\/\/kidsonthemoon.com\/pl\/wp-json\/wp\/v2\/media\/107154"}],"wp:attachment":[{"href":"https:\/\/kidsonthemoon.com\/pl\/wp-json\/wp\/v2\/media?parent=107245"}],"wp:term":[{"taxonomy":"product_cat","embeddable":true,"href":"https:\/\/kidsonthemoon.com\/pl\/wp-json\/wp\/v2\/product_cat?post=107245"},{"taxonomy":"product_tag","embeddable":true,"href":"https:\/\/kidsonthemoon.com\/pl\/wp-json\/wp\/v2\/product_tag?post=107245"}],"curies":[{"name":"wp","href":"https:\/\/api.w.org\/{rel}","templated":true}]}}