{"id":108414,"date":"2025-06-18T23:41:43","date_gmt":"2025-06-18T21:41:43","guid":{"rendered":"https:\/\/kidsonthemoon.com\/?post_type=product&#038;p=108414"},"modified":"2025-10-02T11:43:27","modified_gmt":"2025-10-02T09:43:27","slug":"sukienka-na-ramiaczkach-juliette-noir","status":"publish","type":"product","link":"https:\/\/kidsonthemoon.com\/pl\/produkt\/sukienka-na-ramiaczkach-juliette-noir\/","title":{"rendered":"sukienka Juliette Noir"},"content":{"rendered":"","protected":false},"excerpt":{"rendered":"<p>Czarna, po\u0142yskuj\u0105ca sukienka na rami\u0105czkach w stylu slip dress. Miks minimalistycznej elegancji i ponadczasowego szyku. Wykonana z ultra delikatnej tkaniny, kt\u00f3ra swobodnie op\u0142ywa sylwetk\u0119, tworz\u0105c lekki i zwiewny efekt. Uszyta ze skosu, co gwarantuje idealne dopasowanie do figury. Tkanina wiskozowa, z kt\u00f3rej zrobiona jest sukienka, ma ciekaw\u0105 faktur\u0119 i delikatny po\u0142ysk. Du\u017cy dekolt zar\u00f3wno z przodu, jak i na plecach, pi\u0119knie eksponuje ramiona i plecy, dodaj\u0105c zmys\u0142owo\u015bci. Sukienka ma regulowane rami\u0105czka, co dodaje komfortu i pozwala na lepsze dopasowanie d\u0142ugo\u015bci dekoltu. Juliette noir jest doskona\u0142a na ka\u017cd\u0105 okazj\u0119 &#8211; od casualowych spacer\u00f3w po mie\u015bcie, a\u017c po eleganckie wieczorne wyj\u015bcia. Stylizuj j\u0105 z trampkami, aby uzyska\u0107 lu\u017any, codzienny look, lub z butami na obcasie i marynark\u0105, aby doda\u0107 jej elegancji.&nbsp;<\/p>\n<p><strong>Wymiary sukienki w cm.:&nbsp;<\/strong><\/p>\n<table style=\"height: 182px;\" width=\"466\">\n<tbody>\n<tr>\n<td width=\"103\">&nbsp;<\/td>\n<td style=\"text-align: center;\" width=\"64\"><strong>XS<\/strong><\/td>\n<td style=\"text-align: center;\" width=\"64\"><strong>S<\/strong><\/td>\n<td style=\"text-align: center;\" width=\"64\"><strong>M<\/strong><\/td>\n<td style=\"text-align: center;\" width=\"64\"><strong>L<\/strong><\/td>\n<\/tr>\n<tr>\n<td style=\"text-align: left;\">szer. w biu\u015bcie<\/td>\n<td style=\"text-align: center;\">44<\/td>\n<td style=\"text-align: center;\">46<\/td>\n<td style=\"text-align: center;\">48<\/td>\n<td style=\"text-align: center;\">50<\/td>\n<\/tr>\n<tr>\n<td style=\"text-align: left;\">szer. w biodrach<\/td>\n<td style=\"text-align: center;\">50<\/td>\n<td style=\"text-align: center;\">52<\/td>\n<td style=\"text-align: center;\">54<\/td>\n<td style=\"text-align: center;\">56<\/td>\n<\/tr>\n<tr>\n<td style=\"text-align: left;\">d\u0142ugo\u015b\u0107<\/td>\n<td style=\"text-align: center;\">117<\/td>\n<td style=\"text-align: center;\">118<\/td>\n<td style=\"text-align: center;\">118<\/td>\n<td style=\"text-align: center;\">119<\/td>\n<\/tr>\n<\/tbody>\n<\/table>\n<p>&nbsp;<\/p>\n<p style=\"text-align: left;\"><strong>Piel\u0119gnacja:<\/strong> pra\u0107 w pralce w temp. 30\u00b0 C, delikatny program<\/p>\n<p><strong>Sk\u0142ad: <\/strong>85% wiskoza, 15% poliester<\/p>\n","protected":false},"featured_media":119216,"template":"","meta":{"_themeisle_gutenberg_block_has_review":false},"product_cat":[565,753,818,567],"product_tag":[797],"acf":[],"yoast_head":"<!-- This site is optimized with the Yoast SEO plugin v21.2 - https:\/\/yoast.com\/wordpress\/plugins\/seo\/ -->\n<title>sukienka Juliette Noir - Kids on the Moon<\/title>\n<meta name=\"robots\" content=\"index, follow, max-snippet:-1, max-image-preview:large, max-video-preview:-1\" \/>\n<link rel=\"canonical\" href=\"https:\/\/kidsonthemoon.com\/pl\/produkt\/sukienka-na-ramiaczkach-juliette-noir\/\" \/>\n<meta property=\"og:locale\" content=\"pl_PL\" \/>\n<meta property=\"og:type\" content=\"article\" \/>\n<meta property=\"og:title\" content=\"sukienka Juliette Noir - Kids on the Moon\" \/>\n<meta property=\"og:description\" content=\"Czarna, po\u0142yskuj\u0105ca sukienka na rami\u0105czkach w stylu slip dress. Miks minimalistycznej elegancji i ponadczasowego szyku. Wykonana z ultra delikatnej tkaniny, kt\u00f3ra swobodnie op\u0142ywa sylwetk\u0119, tworz\u0105c lekki i zwiewny efekt. Uszyta ze skosu, co gwarantuje idealne dopasowanie do figury. Tkanina wiskozowa, z kt\u00f3rej zrobiona jest sukienka, ma ciekaw\u0105 faktur\u0119 i delikatny po\u0142ysk. Du\u017cy dekolt zar\u00f3wno z przodu, jak i na plecach, pi\u0119knie eksponuje ramiona i plecy, dodaj\u0105c zmys\u0142owo\u015bci. Sukienka ma regulowane rami\u0105czka, co dodaje komfortu i pozwala na lepsze dopasowanie d\u0142ugo\u015bci dekoltu. Juliette noir jest doskona\u0142a na ka\u017cd\u0105 okazj\u0119 - od casualowych spacer\u00f3w po mie\u015bcie, a\u017c po eleganckie wieczorne wyj\u015bcia. Stylizuj j\u0105 z trampkami, aby uzyska\u0107 lu\u017any, codzienny look, lub z butami na obcasie i marynark\u0105, aby doda\u0107 jej elegancji.&nbsp;  Wymiary sukienki w cm.:&nbsp;    &nbsp; XS S M L   szer. w biu\u015bcie 44 46 48 50   szer. w biodrach 50 52 54 56   d\u0142ugo\u015b\u0107 117 118 118 119    &nbsp; Piel\u0119gnacja: pra\u0107 w pralce w temp. 30\u00b0 C, delikatny program Sk\u0142ad: 85% wiskoza, 15% poliester\" \/>\n<meta property=\"og:url\" content=\"https:\/\/kidsonthemoon.com\/pl\/produkt\/sukienka-na-ramiaczkach-juliette-noir\/\" \/>\n<meta property=\"og:site_name\" content=\"Kids on the Moon\" \/>\n<meta property=\"article:publisher\" content=\"https:\/\/www.facebook.com\/Kids-on-the-Moon-223747864407076\" \/>\n<meta property=\"article:modified_time\" content=\"2025-10-02T09:43:27+00:00\" \/>\n<meta property=\"og:image\" content=\"https:\/\/kidsonthemoon.com\/wp-content\/uploads\/2025\/06\/sukienka_juliette_noir_03.jpg\" \/>\n\t<meta property=\"og:image:width\" content=\"1000\" \/>\n\t<meta property=\"og:image:height\" content=\"1400\" \/>\n\t<meta property=\"og:image:type\" content=\"image\/jpeg\" \/>\n<meta name=\"twitter:card\" content=\"summary_large_image\" \/>\n<script type=\"application\/ld+json\" class=\"yoast-schema-graph\">{\"@context\":\"https:\/\/schema.org\",\"@graph\":[{\"@type\":\"WebPage\",\"@id\":\"https:\/\/kidsonthemoon.com\/pl\/produkt\/sukienka-na-ramiaczkach-juliette-noir\/\",\"url\":\"https:\/\/kidsonthemoon.com\/pl\/produkt\/sukienka-na-ramiaczkach-juliette-noir\/\",\"name\":\"sukienka Juliette Noir - Kids on the Moon\",\"isPartOf\":{\"@id\":\"https:\/\/kidsonthemoon.com\/pl\/#website\"},\"datePublished\":\"2025-06-18T21:41:43+00:00\",\"dateModified\":\"2025-10-02T09:43:27+00:00\",\"breadcrumb\":{\"@id\":\"https:\/\/kidsonthemoon.com\/pl\/produkt\/sukienka-na-ramiaczkach-juliette-noir\/#breadcrumb\"},\"inLanguage\":\"pl-PL\",\"potentialAction\":[{\"@type\":\"ReadAction\",\"target\":[\"https:\/\/kidsonthemoon.com\/pl\/produkt\/sukienka-na-ramiaczkach-juliette-noir\/\"]}]},{\"@type\":\"BreadcrumbList\",\"@id\":\"https:\/\/kidsonthemoon.com\/pl\/produkt\/sukienka-na-ramiaczkach-juliette-noir\/#breadcrumb\",\"itemListElement\":[{\"@type\":\"ListItem\",\"position\":1,\"name\":\"Strona g\u0142\u00f3wna\",\"item\":\"https:\/\/kidsonthemoon.com\/pl\/\"},{\"@type\":\"ListItem\",\"position\":2,\"name\":\"Sklep\",\"item\":\"https:\/\/kidsonthemoon.com\/pl\/sklep\/\"},{\"@type\":\"ListItem\",\"position\":3,\"name\":\"sukienka Juliette Noir\"}]},{\"@type\":\"WebSite\",\"@id\":\"https:\/\/kidsonthemoon.com\/pl\/#website\",\"url\":\"https:\/\/kidsonthemoon.com\/pl\/\",\"name\":\"Kids on the Moon\",\"description\":\"odpowiedzialna moda dla dzieci | sklep online dla dzieci\",\"publisher\":{\"@id\":\"https:\/\/kidsonthemoon.com\/pl\/#organization\"},\"potentialAction\":[{\"@type\":\"SearchAction\",\"target\":{\"@type\":\"EntryPoint\",\"urlTemplate\":\"https:\/\/kidsonthemoon.com\/pl\/?s={search_term_string}\"},\"query-input\":\"required name=search_term_string\"}],\"inLanguage\":\"pl-PL\"},{\"@type\":\"Organization\",\"@id\":\"https:\/\/kidsonthemoon.com\/pl\/#organization\",\"name\":\"Kids on the Moon\",\"url\":\"https:\/\/kidsonthemoon.com\/pl\/\",\"logo\":{\"@type\":\"ImageObject\",\"inLanguage\":\"pl-PL\",\"@id\":\"https:\/\/kidsonthemoon.com\/pl\/#\/schema\/logo\/image\/\",\"url\":\"https:\/\/kidsonthemoon.com\/wp-content\/uploads\/2021\/02\/kotm_logo.png\",\"contentUrl\":\"https:\/\/kidsonthemoon.com\/wp-content\/uploads\/2021\/02\/kotm_logo.png\",\"width\":410,\"height\":47,\"caption\":\"Kids on the Moon\"},\"image\":{\"@id\":\"https:\/\/kidsonthemoon.com\/pl\/#\/schema\/logo\/image\/\"},\"sameAs\":[\"https:\/\/www.facebook.com\/Kids-on-the-Moon-223747864407076\",\"https:\/\/www.instagram.com\/kidsonthemoon\/\",\"https:\/\/pl.pinterest.com\/kotm2013\/pins\/\"]}]}<\/script>\n<!-- \/ Yoast SEO plugin. -->","yoast_head_json":{"title":"sukienka Juliette Noir - Kids on the Moon","robots":{"index":"index","follow":"follow","max-snippet":"max-snippet:-1","max-image-preview":"max-image-preview:large","max-video-preview":"max-video-preview:-1"},"canonical":"https:\/\/kidsonthemoon.com\/pl\/produkt\/sukienka-na-ramiaczkach-juliette-noir\/","og_locale":"pl_PL","og_type":"article","og_title":"sukienka Juliette Noir - Kids on the Moon","og_description":"Czarna, po\u0142yskuj\u0105ca sukienka na rami\u0105czkach w stylu slip dress. Miks minimalistycznej elegancji i ponadczasowego szyku. Wykonana z ultra delikatnej tkaniny, kt\u00f3ra swobodnie op\u0142ywa sylwetk\u0119, tworz\u0105c lekki i zwiewny efekt. Uszyta ze skosu, co gwarantuje idealne dopasowanie do figury. Tkanina wiskozowa, z kt\u00f3rej zrobiona jest sukienka, ma ciekaw\u0105 faktur\u0119 i delikatny po\u0142ysk. Du\u017cy dekolt zar\u00f3wno z przodu, jak i na plecach, pi\u0119knie eksponuje ramiona i plecy, dodaj\u0105c zmys\u0142owo\u015bci. Sukienka ma regulowane rami\u0105czka, co dodaje komfortu i pozwala na lepsze dopasowanie d\u0142ugo\u015bci dekoltu. Juliette noir jest doskona\u0142a na ka\u017cd\u0105 okazj\u0119 - od casualowych spacer\u00f3w po mie\u015bcie, a\u017c po eleganckie wieczorne wyj\u015bcia. Stylizuj j\u0105 z trampkami, aby uzyska\u0107 lu\u017any, codzienny look, lub z butami na obcasie i marynark\u0105, aby doda\u0107 jej elegancji.&nbsp;  Wymiary sukienki w cm.:&nbsp;    &nbsp; XS S M L   szer. w biu\u015bcie 44 46 48 50   szer. w biodrach 50 52 54 56   d\u0142ugo\u015b\u0107 117 118 118 119    &nbsp; Piel\u0119gnacja: pra\u0107 w pralce w temp. 30\u00b0 C, delikatny program Sk\u0142ad: 85% wiskoza, 15% poliester","og_url":"https:\/\/kidsonthemoon.com\/pl\/produkt\/sukienka-na-ramiaczkach-juliette-noir\/","og_site_name":"Kids on the Moon","article_publisher":"https:\/\/www.facebook.com\/Kids-on-the-Moon-223747864407076","article_modified_time":"2025-10-02T09:43:27+00:00","og_image":[{"width":1000,"height":1400,"url":"https:\/\/kidsonthemoon.com\/wp-content\/uploads\/2025\/06\/sukienka_juliette_noir_03.jpg","type":"image\/jpeg"}],"twitter_card":"summary_large_image","schema":{"@context":"https:\/\/schema.org","@graph":[{"@type":"WebPage","@id":"https:\/\/kidsonthemoon.com\/pl\/produkt\/sukienka-na-ramiaczkach-juliette-noir\/","url":"https:\/\/kidsonthemoon.com\/pl\/produkt\/sukienka-na-ramiaczkach-juliette-noir\/","name":"sukienka Juliette Noir - Kids on the Moon","isPartOf":{"@id":"https:\/\/kidsonthemoon.com\/pl\/#website"},"datePublished":"2025-06-18T21:41:43+00:00","dateModified":"2025-10-02T09:43:27+00:00","breadcrumb":{"@id":"https:\/\/kidsonthemoon.com\/pl\/produkt\/sukienka-na-ramiaczkach-juliette-noir\/#breadcrumb"},"inLanguage":"pl-PL","potentialAction":[{"@type":"ReadAction","target":["https:\/\/kidsonthemoon.com\/pl\/produkt\/sukienka-na-ramiaczkach-juliette-noir\/"]}]},{"@type":"BreadcrumbList","@id":"https:\/\/kidsonthemoon.com\/pl\/produkt\/sukienka-na-ramiaczkach-juliette-noir\/#breadcrumb","itemListElement":[{"@type":"ListItem","position":1,"name":"Strona g\u0142\u00f3wna","item":"https:\/\/kidsonthemoon.com\/pl\/"},{"@type":"ListItem","position":2,"name":"Sklep","item":"https:\/\/kidsonthemoon.com\/pl\/sklep\/"},{"@type":"ListItem","position":3,"name":"sukienka Juliette Noir"}]},{"@type":"WebSite","@id":"https:\/\/kidsonthemoon.com\/pl\/#website","url":"https:\/\/kidsonthemoon.com\/pl\/","name":"Kids on the Moon","description":"odpowiedzialna moda dla dzieci | sklep online dla dzieci","publisher":{"@id":"https:\/\/kidsonthemoon.com\/pl\/#organization"},"potentialAction":[{"@type":"SearchAction","target":{"@type":"EntryPoint","urlTemplate":"https:\/\/kidsonthemoon.com\/pl\/?s={search_term_string}"},"query-input":"required name=search_term_string"}],"inLanguage":"pl-PL"},{"@type":"Organization","@id":"https:\/\/kidsonthemoon.com\/pl\/#organization","name":"Kids on the Moon","url":"https:\/\/kidsonthemoon.com\/pl\/","logo":{"@type":"ImageObject","inLanguage":"pl-PL","@id":"https:\/\/kidsonthemoon.com\/pl\/#\/schema\/logo\/image\/","url":"https:\/\/kidsonthemoon.com\/wp-content\/uploads\/2021\/02\/kotm_logo.png","contentUrl":"https:\/\/kidsonthemoon.com\/wp-content\/uploads\/2021\/02\/kotm_logo.png","width":410,"height":47,"caption":"Kids on the Moon"},"image":{"@id":"https:\/\/kidsonthemoon.com\/pl\/#\/schema\/logo\/image\/"},"sameAs":["https:\/\/www.facebook.com\/Kids-on-the-Moon-223747864407076","https:\/\/www.instagram.com\/kidsonthemoon\/","https:\/\/pl.pinterest.com\/kotm2013\/pins\/"]}]}},"_links":{"self":[{"href":"https:\/\/kidsonthemoon.com\/pl\/wp-json\/wp\/v2\/product\/108414"}],"collection":[{"href":"https:\/\/kidsonthemoon.com\/pl\/wp-json\/wp\/v2\/product"}],"about":[{"href":"https:\/\/kidsonthemoon.com\/pl\/wp-json\/wp\/v2\/types\/product"}],"wp:featuredmedia":[{"embeddable":true,"href":"https:\/\/kidsonthemoon.com\/pl\/wp-json\/wp\/v2\/media\/119216"}],"wp:attachment":[{"href":"https:\/\/kidsonthemoon.com\/pl\/wp-json\/wp\/v2\/media?parent=108414"}],"wp:term":[{"taxonomy":"product_cat","embeddable":true,"href":"https:\/\/kidsonthemoon.com\/pl\/wp-json\/wp\/v2\/product_cat?post=108414"},{"taxonomy":"product_tag","embeddable":true,"href":"https:\/\/kidsonthemoon.com\/pl\/wp-json\/wp\/v2\/product_tag?post=108414"}],"curies":[{"name":"wp","href":"https:\/\/api.w.org\/{rel}","templated":true}]}}