{"id":108445,"date":"2024-06-27T22:02:57","date_gmt":"2024-06-27T20:02:57","guid":{"rendered":"https:\/\/kidsonthemoon.com\/?post_type=product&#038;p=108445"},"modified":"2025-08-27T15:47:24","modified_gmt":"2025-08-27T13:47:24","slug":"top-na-ramiaczkach-juliette-noir","status":"publish","type":"product","link":"https:\/\/kidsonthemoon.com\/pl\/produkt\/top-na-ramiaczkach-juliette-noir\/","title":{"rendered":"top na rami\u0105czkach Juliette Noir"},"content":{"rendered":"","protected":false},"excerpt":{"rendered":"<p>Czarny damski mini top na cienkich rami\u0105czkach, z g\u0142\u0119bokim dekoltem w kszta\u0142cie V to kwintesencja minimalistycznego szyku po\u0142\u0105czonego z prost\u0105 elegancj\u0105. Wykonany z ultralekkiej tkaniny, zwiewnie op\u0142ywa sylwetk\u0119, dodaj\u0105c stylizacji lekko\u015bci. G\u0142\u0119boki dekolt w kszta\u0142cie V pi\u0119knie eksponuje ramiona i dekolt, dodaj\u0105c subtelnego uroku. Lekko\u015b\u0107 i przewiewno\u015b\u0107 materia\u0142u czyni\u0105 go idealnym na ciep\u0142e dni i gor\u0105ce wieczory. Mo\u017cna go \u0142atwo z\u0142o\u017cy\u0107 i schowa\u0107 do torebki, co pozwala na szybk\u0105 zmian\u0119 stylizacji w ka\u017cdej chwili;-) Po\u0142\u0105cz go ze sp\u00f3dnic\u0105, szortami lub spodniami.&nbsp;<\/p>\n<p><strong>Sk\u0142ad:<\/strong> 85% wiskoza, 15% poliester<\/p>\n<p><strong>Wymiary topu<\/strong>:<\/p>\n<table style=\"height: 112px;\" width=\"500\">\n<tbody>\n<tr>\n<td width=\"103\">&nbsp;<\/td>\n<td style=\"text-align: center;\" width=\"64\"><strong>XS<\/strong><\/td>\n<td style=\"text-align: center;\" width=\"64\"><strong>S<\/strong><\/td>\n<td style=\"text-align: center;\" width=\"64\"><strong>M<\/strong><\/td>\n<td style=\"text-align: center;\" width=\"64\"><strong>L<\/strong><\/td>\n<\/tr>\n<tr>\n<td style=\"text-align: center;\">szer. w biu\u015bcie<\/td>\n<td style=\"text-align: center;\">44<\/td>\n<td style=\"text-align: center;\">46<\/td>\n<td style=\"text-align: center;\">48<\/td>\n<td style=\"text-align: center;\">50<\/td>\n<\/tr>\n<tr>\n<td style=\"text-align: center;\">d\u0142ugo\u015b\u0107<\/td>\n<td style=\"text-align: center;\">52<\/td>\n<td style=\"text-align: center;\">54<\/td>\n<td style=\"text-align: center;\">54<\/td>\n<td style=\"text-align: center;\">56<\/td>\n<\/tr>\n<\/tbody>\n<\/table>\n","protected":false},"featured_media":108506,"template":"","meta":{"_themeisle_gutenberg_block_has_review":false},"product_cat":[573,818],"product_tag":[797],"acf":[],"yoast_head":"<!-- This site is optimized with the Yoast SEO plugin v21.2 - https:\/\/yoast.com\/wordpress\/plugins\/seo\/ -->\n<title>top na rami\u0105czkach Juliette Noir - Kids on the Moon<\/title>\n<meta name=\"robots\" content=\"index, follow, max-snippet:-1, max-image-preview:large, max-video-preview:-1\" \/>\n<link rel=\"canonical\" href=\"https:\/\/kidsonthemoon.com\/pl\/produkt\/top-na-ramiaczkach-juliette-noir\/\" \/>\n<meta property=\"og:locale\" content=\"pl_PL\" \/>\n<meta property=\"og:type\" content=\"article\" \/>\n<meta property=\"og:title\" content=\"top na rami\u0105czkach Juliette Noir - Kids on the Moon\" \/>\n<meta property=\"og:description\" content=\"Czarny damski mini top na cienkich rami\u0105czkach, z g\u0142\u0119bokim dekoltem w kszta\u0142cie V to kwintesencja minimalistycznego szyku po\u0142\u0105czonego z prost\u0105 elegancj\u0105. Wykonany z ultralekkiej tkaniny, zwiewnie op\u0142ywa sylwetk\u0119, dodaj\u0105c stylizacji lekko\u015bci. G\u0142\u0119boki dekolt w kszta\u0142cie V pi\u0119knie eksponuje ramiona i dekolt, dodaj\u0105c subtelnego uroku. Lekko\u015b\u0107 i przewiewno\u015b\u0107 materia\u0142u czyni\u0105 go idealnym na ciep\u0142e dni i gor\u0105ce wieczory. Mo\u017cna go \u0142atwo z\u0142o\u017cy\u0107 i schowa\u0107 do torebki, co pozwala na szybk\u0105 zmian\u0119 stylizacji w ka\u017cdej chwili;-) Po\u0142\u0105cz go ze sp\u00f3dnic\u0105, szortami lub spodniami.&nbsp;  Sk\u0142ad: 85% wiskoza, 15% poliester  Wymiary topu:    &nbsp; XS S M L   szer. w biu\u015bcie 44 46 48 50   d\u0142ugo\u015b\u0107 52 54 54 56\" \/>\n<meta property=\"og:url\" content=\"https:\/\/kidsonthemoon.com\/pl\/produkt\/top-na-ramiaczkach-juliette-noir\/\" \/>\n<meta property=\"og:site_name\" content=\"Kids on the Moon\" \/>\n<meta property=\"article:publisher\" content=\"https:\/\/www.facebook.com\/Kids-on-the-Moon-223747864407076\" \/>\n<meta property=\"article:modified_time\" content=\"2025-08-27T13:47:24+00:00\" \/>\n<meta property=\"og:image\" content=\"https:\/\/kidsonthemoon.com\/wp-content\/uploads\/2024\/06\/topspodnica-mix.jpg\" \/>\n\t<meta property=\"og:image:width\" content=\"1000\" \/>\n\t<meta property=\"og:image:height\" content=\"1400\" \/>\n\t<meta property=\"og:image:type\" content=\"image\/jpeg\" \/>\n<meta name=\"twitter:card\" content=\"summary_large_image\" \/>\n<script type=\"application\/ld+json\" class=\"yoast-schema-graph\">{\"@context\":\"https:\/\/schema.org\",\"@graph\":[{\"@type\":\"WebPage\",\"@id\":\"https:\/\/kidsonthemoon.com\/pl\/produkt\/top-na-ramiaczkach-juliette-noir\/\",\"url\":\"https:\/\/kidsonthemoon.com\/pl\/produkt\/top-na-ramiaczkach-juliette-noir\/\",\"name\":\"top na rami\u0105czkach Juliette Noir - Kids on the Moon\",\"isPartOf\":{\"@id\":\"https:\/\/kidsonthemoon.com\/pl\/#website\"},\"datePublished\":\"2024-06-27T20:02:57+00:00\",\"dateModified\":\"2025-08-27T13:47:24+00:00\",\"breadcrumb\":{\"@id\":\"https:\/\/kidsonthemoon.com\/pl\/produkt\/top-na-ramiaczkach-juliette-noir\/#breadcrumb\"},\"inLanguage\":\"pl-PL\",\"potentialAction\":[{\"@type\":\"ReadAction\",\"target\":[\"https:\/\/kidsonthemoon.com\/pl\/produkt\/top-na-ramiaczkach-juliette-noir\/\"]}]},{\"@type\":\"BreadcrumbList\",\"@id\":\"https:\/\/kidsonthemoon.com\/pl\/produkt\/top-na-ramiaczkach-juliette-noir\/#breadcrumb\",\"itemListElement\":[{\"@type\":\"ListItem\",\"position\":1,\"name\":\"Strona g\u0142\u00f3wna\",\"item\":\"https:\/\/kidsonthemoon.com\/pl\/\"},{\"@type\":\"ListItem\",\"position\":2,\"name\":\"Sklep\",\"item\":\"https:\/\/kidsonthemoon.com\/pl\/sklep\/\"},{\"@type\":\"ListItem\",\"position\":3,\"name\":\"top na rami\u0105czkach Juliette Noir\"}]},{\"@type\":\"WebSite\",\"@id\":\"https:\/\/kidsonthemoon.com\/pl\/#website\",\"url\":\"https:\/\/kidsonthemoon.com\/pl\/\",\"name\":\"Kids on the Moon\",\"description\":\"odpowiedzialna moda dla dzieci | sklep online dla dzieci\",\"publisher\":{\"@id\":\"https:\/\/kidsonthemoon.com\/pl\/#organization\"},\"potentialAction\":[{\"@type\":\"SearchAction\",\"target\":{\"@type\":\"EntryPoint\",\"urlTemplate\":\"https:\/\/kidsonthemoon.com\/pl\/?s={search_term_string}\"},\"query-input\":\"required name=search_term_string\"}],\"inLanguage\":\"pl-PL\"},{\"@type\":\"Organization\",\"@id\":\"https:\/\/kidsonthemoon.com\/pl\/#organization\",\"name\":\"Kids on the Moon\",\"url\":\"https:\/\/kidsonthemoon.com\/pl\/\",\"logo\":{\"@type\":\"ImageObject\",\"inLanguage\":\"pl-PL\",\"@id\":\"https:\/\/kidsonthemoon.com\/pl\/#\/schema\/logo\/image\/\",\"url\":\"https:\/\/kidsonthemoon.com\/wp-content\/uploads\/2021\/02\/kotm_logo.png\",\"contentUrl\":\"https:\/\/kidsonthemoon.com\/wp-content\/uploads\/2021\/02\/kotm_logo.png\",\"width\":410,\"height\":47,\"caption\":\"Kids on the Moon\"},\"image\":{\"@id\":\"https:\/\/kidsonthemoon.com\/pl\/#\/schema\/logo\/image\/\"},\"sameAs\":[\"https:\/\/www.facebook.com\/Kids-on-the-Moon-223747864407076\",\"https:\/\/www.instagram.com\/kidsonthemoon\/\",\"https:\/\/pl.pinterest.com\/kotm2013\/pins\/\"]}]}<\/script>\n<!-- \/ Yoast SEO plugin. -->","yoast_head_json":{"title":"top na rami\u0105czkach Juliette Noir - Kids on the Moon","robots":{"index":"index","follow":"follow","max-snippet":"max-snippet:-1","max-image-preview":"max-image-preview:large","max-video-preview":"max-video-preview:-1"},"canonical":"https:\/\/kidsonthemoon.com\/pl\/produkt\/top-na-ramiaczkach-juliette-noir\/","og_locale":"pl_PL","og_type":"article","og_title":"top na rami\u0105czkach Juliette Noir - Kids on the Moon","og_description":"Czarny damski mini top na cienkich rami\u0105czkach, z g\u0142\u0119bokim dekoltem w kszta\u0142cie V to kwintesencja minimalistycznego szyku po\u0142\u0105czonego z prost\u0105 elegancj\u0105. Wykonany z ultralekkiej tkaniny, zwiewnie op\u0142ywa sylwetk\u0119, dodaj\u0105c stylizacji lekko\u015bci. G\u0142\u0119boki dekolt w kszta\u0142cie V pi\u0119knie eksponuje ramiona i dekolt, dodaj\u0105c subtelnego uroku. Lekko\u015b\u0107 i przewiewno\u015b\u0107 materia\u0142u czyni\u0105 go idealnym na ciep\u0142e dni i gor\u0105ce wieczory. Mo\u017cna go \u0142atwo z\u0142o\u017cy\u0107 i schowa\u0107 do torebki, co pozwala na szybk\u0105 zmian\u0119 stylizacji w ka\u017cdej chwili;-) Po\u0142\u0105cz go ze sp\u00f3dnic\u0105, szortami lub spodniami.&nbsp;  Sk\u0142ad: 85% wiskoza, 15% poliester  Wymiary topu:    &nbsp; XS S M L   szer. w biu\u015bcie 44 46 48 50   d\u0142ugo\u015b\u0107 52 54 54 56","og_url":"https:\/\/kidsonthemoon.com\/pl\/produkt\/top-na-ramiaczkach-juliette-noir\/","og_site_name":"Kids on the Moon","article_publisher":"https:\/\/www.facebook.com\/Kids-on-the-Moon-223747864407076","article_modified_time":"2025-08-27T13:47:24+00:00","og_image":[{"width":1000,"height":1400,"url":"https:\/\/kidsonthemoon.com\/wp-content\/uploads\/2024\/06\/topspodnica-mix.jpg","type":"image\/jpeg"}],"twitter_card":"summary_large_image","schema":{"@context":"https:\/\/schema.org","@graph":[{"@type":"WebPage","@id":"https:\/\/kidsonthemoon.com\/pl\/produkt\/top-na-ramiaczkach-juliette-noir\/","url":"https:\/\/kidsonthemoon.com\/pl\/produkt\/top-na-ramiaczkach-juliette-noir\/","name":"top na rami\u0105czkach Juliette Noir - Kids on the Moon","isPartOf":{"@id":"https:\/\/kidsonthemoon.com\/pl\/#website"},"datePublished":"2024-06-27T20:02:57+00:00","dateModified":"2025-08-27T13:47:24+00:00","breadcrumb":{"@id":"https:\/\/kidsonthemoon.com\/pl\/produkt\/top-na-ramiaczkach-juliette-noir\/#breadcrumb"},"inLanguage":"pl-PL","potentialAction":[{"@type":"ReadAction","target":["https:\/\/kidsonthemoon.com\/pl\/produkt\/top-na-ramiaczkach-juliette-noir\/"]}]},{"@type":"BreadcrumbList","@id":"https:\/\/kidsonthemoon.com\/pl\/produkt\/top-na-ramiaczkach-juliette-noir\/#breadcrumb","itemListElement":[{"@type":"ListItem","position":1,"name":"Strona g\u0142\u00f3wna","item":"https:\/\/kidsonthemoon.com\/pl\/"},{"@type":"ListItem","position":2,"name":"Sklep","item":"https:\/\/kidsonthemoon.com\/pl\/sklep\/"},{"@type":"ListItem","position":3,"name":"top na rami\u0105czkach Juliette Noir"}]},{"@type":"WebSite","@id":"https:\/\/kidsonthemoon.com\/pl\/#website","url":"https:\/\/kidsonthemoon.com\/pl\/","name":"Kids on the Moon","description":"odpowiedzialna moda dla dzieci | sklep online dla dzieci","publisher":{"@id":"https:\/\/kidsonthemoon.com\/pl\/#organization"},"potentialAction":[{"@type":"SearchAction","target":{"@type":"EntryPoint","urlTemplate":"https:\/\/kidsonthemoon.com\/pl\/?s={search_term_string}"},"query-input":"required name=search_term_string"}],"inLanguage":"pl-PL"},{"@type":"Organization","@id":"https:\/\/kidsonthemoon.com\/pl\/#organization","name":"Kids on the Moon","url":"https:\/\/kidsonthemoon.com\/pl\/","logo":{"@type":"ImageObject","inLanguage":"pl-PL","@id":"https:\/\/kidsonthemoon.com\/pl\/#\/schema\/logo\/image\/","url":"https:\/\/kidsonthemoon.com\/wp-content\/uploads\/2021\/02\/kotm_logo.png","contentUrl":"https:\/\/kidsonthemoon.com\/wp-content\/uploads\/2021\/02\/kotm_logo.png","width":410,"height":47,"caption":"Kids on the Moon"},"image":{"@id":"https:\/\/kidsonthemoon.com\/pl\/#\/schema\/logo\/image\/"},"sameAs":["https:\/\/www.facebook.com\/Kids-on-the-Moon-223747864407076","https:\/\/www.instagram.com\/kidsonthemoon\/","https:\/\/pl.pinterest.com\/kotm2013\/pins\/"]}]}},"_links":{"self":[{"href":"https:\/\/kidsonthemoon.com\/pl\/wp-json\/wp\/v2\/product\/108445"}],"collection":[{"href":"https:\/\/kidsonthemoon.com\/pl\/wp-json\/wp\/v2\/product"}],"about":[{"href":"https:\/\/kidsonthemoon.com\/pl\/wp-json\/wp\/v2\/types\/product"}],"wp:featuredmedia":[{"embeddable":true,"href":"https:\/\/kidsonthemoon.com\/pl\/wp-json\/wp\/v2\/media\/108506"}],"wp:attachment":[{"href":"https:\/\/kidsonthemoon.com\/pl\/wp-json\/wp\/v2\/media?parent=108445"}],"wp:term":[{"taxonomy":"product_cat","embeddable":true,"href":"https:\/\/kidsonthemoon.com\/pl\/wp-json\/wp\/v2\/product_cat?post=108445"},{"taxonomy":"product_tag","embeddable":true,"href":"https:\/\/kidsonthemoon.com\/pl\/wp-json\/wp\/v2\/product_tag?post=108445"}],"curies":[{"name":"wp","href":"https:\/\/api.w.org\/{rel}","templated":true}]}}