{"id":108457,"date":"2024-06-27T22:02:56","date_gmt":"2024-06-27T20:02:56","guid":{"rendered":"https:\/\/kidsonthemoon.com\/?post_type=product&#038;p=108457"},"modified":"2025-10-02T11:43:27","modified_gmt":"2025-10-02T09:43:27","slug":"spodnica-juliette-pepper","status":"publish","type":"product","link":"https:\/\/kidsonthemoon.com\/pl\/produkt\/spodnica-juliette-pepper\/","title":{"rendered":"sp\u00f3dnica Juliette Pepper"},"content":{"rendered":"","protected":false},"excerpt":{"rendered":"<p>Pi\u0119kna, maxi sp\u00f3dnica damska w stylu slip skirt. Uszyta ze skosu, dzi\u0119ki czemu pi\u0119knie op\u0142ywa sylwetk\u0119 i dopasowuje si\u0119 do niej. Z gumk\u0105 w pasie. Mo\u017cliwe jest delikatne regulowanie d\u0142ugo\u015bci poprzez zawijanie g\u00f3ry. Mocny kremowo-czarny print pi\u0119knie dodaje jej oryginalno\u015bci i lekko\u015bci. \u015awietnie wygl\u0105da w po\u0142\u0105czeniu z topem z tym samym nadrukiem, tworz\u0105c \u201esukienk\u0119\u201d. Mo\u017cna j\u0105 nosi\u0107 do klapek, trampek lub balerinek, casualowo lub bardziej formalnie do naszej marynarki Colette noir.<\/p>\n<p>Modelka ma na sobie rozm. XS, ma 164 cm wzrostu.<\/p>\n<p><strong>Sk\u0142ad:<\/strong> 100% wiskoza<\/p>\n<p><strong>Wymiary sp\u00f3dnicy:<\/strong><\/p>\n<table style=\"height: 158px;\" width=\"522\">\n<tbody>\n<tr>\n<td width=\"103\">&nbsp;<\/td>\n<td style=\"text-align: center;\" width=\"64\"><strong>XS<\/strong><\/td>\n<td style=\"text-align: center;\" width=\"64\"><strong>S<\/strong><\/td>\n<td style=\"text-align: center;\" width=\"64\"><strong>M<\/strong><\/td>\n<td style=\"text-align: center;\" width=\"64\"><strong>L<\/strong><\/td>\n<\/tr>\n<tr>\n<td style=\"text-align: center;\">szer. w pasie<\/td>\n<td style=\"text-align: center;\">31<\/td>\n<td style=\"text-align: center;\">33<\/td>\n<td style=\"text-align: center;\">35<\/td>\n<td style=\"text-align: center;\">37<\/td>\n<\/tr>\n<tr>\n<td style=\"text-align: center;\">szer. w biodrach<\/td>\n<td style=\"text-align: center;\">42<\/td>\n<td style=\"text-align: center;\">45<\/td>\n<td style=\"text-align: center;\">48<\/td>\n<td style=\"text-align: center;\">51<\/td>\n<\/tr>\n<tr>\n<td style=\"text-align: center;\">d\u0142ugo\u015b\u0107<\/td>\n<td style=\"text-align: center;\">92<\/td>\n<td style=\"text-align: center;\">92<\/td>\n<td style=\"text-align: center;\">92<\/td>\n<td style=\"text-align: center;\">92<\/td>\n<\/tr>\n<\/tbody>\n<\/table>\n","protected":false},"featured_media":108484,"template":"","meta":{"_themeisle_gutenberg_block_has_review":false},"product_cat":[818,576],"product_tag":[797],"acf":[],"yoast_head":"<!-- This site is optimized with the Yoast SEO plugin v21.2 - https:\/\/yoast.com\/wordpress\/plugins\/seo\/ -->\n<title>sp\u00f3dnica Juliette Pepper - Kids on the Moon<\/title>\n<meta name=\"robots\" content=\"index, follow, max-snippet:-1, max-image-preview:large, max-video-preview:-1\" \/>\n<link rel=\"canonical\" href=\"https:\/\/kidsonthemoon.com\/pl\/produkt\/spodnica-juliette-pepper\/\" \/>\n<meta property=\"og:locale\" content=\"pl_PL\" \/>\n<meta property=\"og:type\" content=\"article\" \/>\n<meta property=\"og:title\" content=\"sp\u00f3dnica Juliette Pepper - Kids on the Moon\" \/>\n<meta property=\"og:description\" content=\"Pi\u0119kna, maxi sp\u00f3dnica damska w stylu slip skirt. Uszyta ze skosu, dzi\u0119ki czemu pi\u0119knie op\u0142ywa sylwetk\u0119 i dopasowuje si\u0119 do niej. Z gumk\u0105 w pasie. Mo\u017cliwe jest delikatne regulowanie d\u0142ugo\u015bci poprzez zawijanie g\u00f3ry. Mocny kremowo-czarny print pi\u0119knie dodaje jej oryginalno\u015bci i lekko\u015bci. \u015awietnie wygl\u0105da w po\u0142\u0105czeniu z topem z tym samym nadrukiem, tworz\u0105c \u201esukienk\u0119\u201d. Mo\u017cna j\u0105 nosi\u0107 do klapek, trampek lub balerinek, casualowo lub bardziej formalnie do naszej marynarki Colette noir.  Modelka ma na sobie rozm. XS, ma 164 cm wzrostu.  Sk\u0142ad: 100% wiskoza  Wymiary sp\u00f3dnicy:    &nbsp; XS S M L   szer. w pasie 31 33 35 37   szer. w biodrach 42 45 48 51   d\u0142ugo\u015b\u0107 92 92 92 92\" \/>\n<meta property=\"og:url\" content=\"https:\/\/kidsonthemoon.com\/pl\/produkt\/spodnica-juliette-pepper\/\" \/>\n<meta property=\"og:site_name\" content=\"Kids on the Moon\" \/>\n<meta property=\"article:publisher\" content=\"https:\/\/www.facebook.com\/Kids-on-the-Moon-223747864407076\" \/>\n<meta property=\"article:modified_time\" content=\"2025-10-02T09:43:27+00:00\" \/>\n<meta property=\"og:image\" content=\"https:\/\/kidsonthemoon.com\/wp-content\/uploads\/2024\/06\/spodnica-juliette-pepper.jpg\" \/>\n\t<meta property=\"og:image:width\" content=\"1000\" \/>\n\t<meta property=\"og:image:height\" content=\"1400\" \/>\n\t<meta property=\"og:image:type\" content=\"image\/jpeg\" \/>\n<meta name=\"twitter:card\" content=\"summary_large_image\" \/>\n<script type=\"application\/ld+json\" class=\"yoast-schema-graph\">{\"@context\":\"https:\/\/schema.org\",\"@graph\":[{\"@type\":\"WebPage\",\"@id\":\"https:\/\/kidsonthemoon.com\/pl\/produkt\/spodnica-juliette-pepper\/\",\"url\":\"https:\/\/kidsonthemoon.com\/pl\/produkt\/spodnica-juliette-pepper\/\",\"name\":\"sp\u00f3dnica Juliette Pepper - Kids on the Moon\",\"isPartOf\":{\"@id\":\"https:\/\/kidsonthemoon.com\/pl\/#website\"},\"datePublished\":\"2024-06-27T20:02:56+00:00\",\"dateModified\":\"2025-10-02T09:43:27+00:00\",\"breadcrumb\":{\"@id\":\"https:\/\/kidsonthemoon.com\/pl\/produkt\/spodnica-juliette-pepper\/#breadcrumb\"},\"inLanguage\":\"pl-PL\",\"potentialAction\":[{\"@type\":\"ReadAction\",\"target\":[\"https:\/\/kidsonthemoon.com\/pl\/produkt\/spodnica-juliette-pepper\/\"]}]},{\"@type\":\"BreadcrumbList\",\"@id\":\"https:\/\/kidsonthemoon.com\/pl\/produkt\/spodnica-juliette-pepper\/#breadcrumb\",\"itemListElement\":[{\"@type\":\"ListItem\",\"position\":1,\"name\":\"Strona g\u0142\u00f3wna\",\"item\":\"https:\/\/kidsonthemoon.com\/pl\/\"},{\"@type\":\"ListItem\",\"position\":2,\"name\":\"Sklep\",\"item\":\"https:\/\/kidsonthemoon.com\/pl\/sklep\/\"},{\"@type\":\"ListItem\",\"position\":3,\"name\":\"sp\u00f3dnica Juliette Pepper\"}]},{\"@type\":\"WebSite\",\"@id\":\"https:\/\/kidsonthemoon.com\/pl\/#website\",\"url\":\"https:\/\/kidsonthemoon.com\/pl\/\",\"name\":\"Kids on the Moon\",\"description\":\"odpowiedzialna moda dla dzieci | sklep online dla dzieci\",\"publisher\":{\"@id\":\"https:\/\/kidsonthemoon.com\/pl\/#organization\"},\"potentialAction\":[{\"@type\":\"SearchAction\",\"target\":{\"@type\":\"EntryPoint\",\"urlTemplate\":\"https:\/\/kidsonthemoon.com\/pl\/?s={search_term_string}\"},\"query-input\":\"required name=search_term_string\"}],\"inLanguage\":\"pl-PL\"},{\"@type\":\"Organization\",\"@id\":\"https:\/\/kidsonthemoon.com\/pl\/#organization\",\"name\":\"Kids on the Moon\",\"url\":\"https:\/\/kidsonthemoon.com\/pl\/\",\"logo\":{\"@type\":\"ImageObject\",\"inLanguage\":\"pl-PL\",\"@id\":\"https:\/\/kidsonthemoon.com\/pl\/#\/schema\/logo\/image\/\",\"url\":\"https:\/\/kidsonthemoon.com\/wp-content\/uploads\/2021\/02\/kotm_logo.png\",\"contentUrl\":\"https:\/\/kidsonthemoon.com\/wp-content\/uploads\/2021\/02\/kotm_logo.png\",\"width\":410,\"height\":47,\"caption\":\"Kids on the Moon\"},\"image\":{\"@id\":\"https:\/\/kidsonthemoon.com\/pl\/#\/schema\/logo\/image\/\"},\"sameAs\":[\"https:\/\/www.facebook.com\/Kids-on-the-Moon-223747864407076\",\"https:\/\/www.instagram.com\/kidsonthemoon\/\",\"https:\/\/pl.pinterest.com\/kotm2013\/pins\/\"]}]}<\/script>\n<!-- \/ Yoast SEO plugin. -->","yoast_head_json":{"title":"sp\u00f3dnica Juliette Pepper - Kids on the Moon","robots":{"index":"index","follow":"follow","max-snippet":"max-snippet:-1","max-image-preview":"max-image-preview:large","max-video-preview":"max-video-preview:-1"},"canonical":"https:\/\/kidsonthemoon.com\/pl\/produkt\/spodnica-juliette-pepper\/","og_locale":"pl_PL","og_type":"article","og_title":"sp\u00f3dnica Juliette Pepper - Kids on the Moon","og_description":"Pi\u0119kna, maxi sp\u00f3dnica damska w stylu slip skirt. Uszyta ze skosu, dzi\u0119ki czemu pi\u0119knie op\u0142ywa sylwetk\u0119 i dopasowuje si\u0119 do niej. Z gumk\u0105 w pasie. Mo\u017cliwe jest delikatne regulowanie d\u0142ugo\u015bci poprzez zawijanie g\u00f3ry. Mocny kremowo-czarny print pi\u0119knie dodaje jej oryginalno\u015bci i lekko\u015bci. \u015awietnie wygl\u0105da w po\u0142\u0105czeniu z topem z tym samym nadrukiem, tworz\u0105c \u201esukienk\u0119\u201d. Mo\u017cna j\u0105 nosi\u0107 do klapek, trampek lub balerinek, casualowo lub bardziej formalnie do naszej marynarki Colette noir.  Modelka ma na sobie rozm. XS, ma 164 cm wzrostu.  Sk\u0142ad: 100% wiskoza  Wymiary sp\u00f3dnicy:    &nbsp; XS S M L   szer. w pasie 31 33 35 37   szer. w biodrach 42 45 48 51   d\u0142ugo\u015b\u0107 92 92 92 92","og_url":"https:\/\/kidsonthemoon.com\/pl\/produkt\/spodnica-juliette-pepper\/","og_site_name":"Kids on the Moon","article_publisher":"https:\/\/www.facebook.com\/Kids-on-the-Moon-223747864407076","article_modified_time":"2025-10-02T09:43:27+00:00","og_image":[{"width":1000,"height":1400,"url":"https:\/\/kidsonthemoon.com\/wp-content\/uploads\/2024\/06\/spodnica-juliette-pepper.jpg","type":"image\/jpeg"}],"twitter_card":"summary_large_image","schema":{"@context":"https:\/\/schema.org","@graph":[{"@type":"WebPage","@id":"https:\/\/kidsonthemoon.com\/pl\/produkt\/spodnica-juliette-pepper\/","url":"https:\/\/kidsonthemoon.com\/pl\/produkt\/spodnica-juliette-pepper\/","name":"sp\u00f3dnica Juliette Pepper - Kids on the Moon","isPartOf":{"@id":"https:\/\/kidsonthemoon.com\/pl\/#website"},"datePublished":"2024-06-27T20:02:56+00:00","dateModified":"2025-10-02T09:43:27+00:00","breadcrumb":{"@id":"https:\/\/kidsonthemoon.com\/pl\/produkt\/spodnica-juliette-pepper\/#breadcrumb"},"inLanguage":"pl-PL","potentialAction":[{"@type":"ReadAction","target":["https:\/\/kidsonthemoon.com\/pl\/produkt\/spodnica-juliette-pepper\/"]}]},{"@type":"BreadcrumbList","@id":"https:\/\/kidsonthemoon.com\/pl\/produkt\/spodnica-juliette-pepper\/#breadcrumb","itemListElement":[{"@type":"ListItem","position":1,"name":"Strona g\u0142\u00f3wna","item":"https:\/\/kidsonthemoon.com\/pl\/"},{"@type":"ListItem","position":2,"name":"Sklep","item":"https:\/\/kidsonthemoon.com\/pl\/sklep\/"},{"@type":"ListItem","position":3,"name":"sp\u00f3dnica Juliette Pepper"}]},{"@type":"WebSite","@id":"https:\/\/kidsonthemoon.com\/pl\/#website","url":"https:\/\/kidsonthemoon.com\/pl\/","name":"Kids on the Moon","description":"odpowiedzialna moda dla dzieci | sklep online dla dzieci","publisher":{"@id":"https:\/\/kidsonthemoon.com\/pl\/#organization"},"potentialAction":[{"@type":"SearchAction","target":{"@type":"EntryPoint","urlTemplate":"https:\/\/kidsonthemoon.com\/pl\/?s={search_term_string}"},"query-input":"required name=search_term_string"}],"inLanguage":"pl-PL"},{"@type":"Organization","@id":"https:\/\/kidsonthemoon.com\/pl\/#organization","name":"Kids on the Moon","url":"https:\/\/kidsonthemoon.com\/pl\/","logo":{"@type":"ImageObject","inLanguage":"pl-PL","@id":"https:\/\/kidsonthemoon.com\/pl\/#\/schema\/logo\/image\/","url":"https:\/\/kidsonthemoon.com\/wp-content\/uploads\/2021\/02\/kotm_logo.png","contentUrl":"https:\/\/kidsonthemoon.com\/wp-content\/uploads\/2021\/02\/kotm_logo.png","width":410,"height":47,"caption":"Kids on the Moon"},"image":{"@id":"https:\/\/kidsonthemoon.com\/pl\/#\/schema\/logo\/image\/"},"sameAs":["https:\/\/www.facebook.com\/Kids-on-the-Moon-223747864407076","https:\/\/www.instagram.com\/kidsonthemoon\/","https:\/\/pl.pinterest.com\/kotm2013\/pins\/"]}]}},"_links":{"self":[{"href":"https:\/\/kidsonthemoon.com\/pl\/wp-json\/wp\/v2\/product\/108457"}],"collection":[{"href":"https:\/\/kidsonthemoon.com\/pl\/wp-json\/wp\/v2\/product"}],"about":[{"href":"https:\/\/kidsonthemoon.com\/pl\/wp-json\/wp\/v2\/types\/product"}],"wp:featuredmedia":[{"embeddable":true,"href":"https:\/\/kidsonthemoon.com\/pl\/wp-json\/wp\/v2\/media\/108484"}],"wp:attachment":[{"href":"https:\/\/kidsonthemoon.com\/pl\/wp-json\/wp\/v2\/media?parent=108457"}],"wp:term":[{"taxonomy":"product_cat","embeddable":true,"href":"https:\/\/kidsonthemoon.com\/pl\/wp-json\/wp\/v2\/product_cat?post=108457"},{"taxonomy":"product_tag","embeddable":true,"href":"https:\/\/kidsonthemoon.com\/pl\/wp-json\/wp\/v2\/product_tag?post=108457"}],"curies":[{"name":"wp","href":"https:\/\/api.w.org\/{rel}","templated":true}]}}