{"id":109175,"date":"2024-07-17T08:50:13","date_gmt":"2024-07-17T06:50:13","guid":{"rendered":"https:\/\/kidsonthemoon.com\/?post_type=product&#038;p=109175"},"modified":"2025-08-27T15:47:40","modified_gmt":"2025-08-27T13:47:40","slug":"spodnie-denimowe-ivy","status":"publish","type":"product","link":"https:\/\/kidsonthemoon.com\/pl\/produkt\/spodnie-denimowe-ivy\/","title":{"rendered":"spodnie denimowe Ivy"},"content":{"rendered":"","protected":false},"excerpt":{"rendered":"<p>Bardzo kobiece spodnie z denimu w kolorze indygo. Wysoki stan, zaszewki z ty\u0142u i rozszerzane nogawki pi\u0119knie podkre\u015blaj\u0105 i wysmuklaj\u0105 sylwetk\u0119. Szeroko\u015b\u0107 nogawek na dole dodatkowo sprawia, \u017ce spodnie prezentuj\u0105 si\u0119 bardzo zgrabnie, kobieco i nowocze\u015bnie zarazem. Z kolorem denimu kontrastuj\u0105 rude przeszycia nadaj\u0105c spodniom mocnego charakteru. Dodatek elastanu w jeansie sprawia, \u017ce s\u0105 bardzo wygodne, dopasowuj\u0105 si\u0119 do sylwetki. Na przodzie i z ty\u0142u znajduj\u0105 si\u0119 kieszenie, w pasku szlufki. Spodnie zapinane s\u0105 na suwak i nabijany metalowy guzik.<\/p>\n<p>Podczas noszenia spodni zachowaj ostro\u017cno\u015b\u0107, jeans w kolorze indygo mo\u017ce lekko transferowa\u0107 kolor np. na jasn\u0105 bielizn\u0119. Pierz jeansy z podobnymi kolorami, zawsze wywracaj\u0105c je na lew\u0105 stron\u0119.<\/p>\n<p><strong>Wymiary spodni:<\/strong><\/p>\n<table style=\"height: 173px;\" width=\"610\">\n<tbody>\n<tr>\n<td width=\"165\">&nbsp;<\/td>\n<td style=\"text-align: center;\" width=\"64\"><strong>XS<\/strong><\/td>\n<td style=\"text-align: center;\" width=\"64\"><strong>S<\/strong><\/td>\n<td style=\"text-align: center;\" width=\"64\"><strong>M<\/strong><\/td>\n<td style=\"text-align: center;\" width=\"64\"><strong>L<\/strong><\/td>\n<\/tr>\n<tr>\n<td>szer. w pasie<\/td>\n<td style=\"text-align: center;\">36<\/td>\n<td style=\"text-align: center;\">38<\/td>\n<td style=\"text-align: center;\">40<\/td>\n<td style=\"text-align: center;\">42<\/td>\n<\/tr>\n<tr>\n<td style=\"text-align: left;\">szer. w biodrach<\/td>\n<td style=\"text-align: center;\">44<\/td>\n<td style=\"text-align: center;\">46<\/td>\n<td style=\"text-align: center;\">48<\/td>\n<td style=\"text-align: center;\">50<\/td>\n<\/tr>\n<tr>\n<td style=\"text-align: left;\">d\u0142ugo\u015b\u0107 wewn\u0119trzna nogawki<\/td>\n<td style=\"text-align: center;\">82<\/td>\n<td style=\"text-align: center;\">82<\/td>\n<td style=\"text-align: center;\">82<\/td>\n<td style=\"text-align: center;\">82<\/td>\n<\/tr>\n<\/tbody>\n<\/table>\n<p>&nbsp;<\/p>\n<p><strong>Sk\u0142ad:<\/strong> 99% bawe\u0142na, 1% elastan<\/p>\n","protected":false},"featured_media":111114,"template":"","meta":{"_themeisle_gutenberg_block_has_review":false},"product_cat":[571],"product_tag":[797],"acf":[],"yoast_head":"<!-- This site is optimized with the Yoast SEO plugin v21.2 - https:\/\/yoast.com\/wordpress\/plugins\/seo\/ -->\n<title>spodnie denimowe Ivy - Kids on the Moon<\/title>\n<meta name=\"robots\" content=\"index, follow, max-snippet:-1, max-image-preview:large, max-video-preview:-1\" \/>\n<link rel=\"canonical\" href=\"https:\/\/kidsonthemoon.com\/pl\/produkt\/spodnie-denimowe-ivy\/\" \/>\n<meta property=\"og:locale\" content=\"pl_PL\" \/>\n<meta property=\"og:type\" content=\"article\" \/>\n<meta property=\"og:title\" content=\"spodnie denimowe Ivy - Kids on the Moon\" \/>\n<meta property=\"og:description\" content=\"Bardzo kobiece spodnie z denimu w kolorze indygo. Wysoki stan, zaszewki z ty\u0142u i rozszerzane nogawki pi\u0119knie podkre\u015blaj\u0105 i wysmuklaj\u0105 sylwetk\u0119. Szeroko\u015b\u0107 nogawek na dole dodatkowo sprawia, \u017ce spodnie prezentuj\u0105 si\u0119 bardzo zgrabnie, kobieco i nowocze\u015bnie zarazem. Z kolorem denimu kontrastuj\u0105 rude przeszycia nadaj\u0105c spodniom mocnego charakteru. Dodatek elastanu w jeansie sprawia, \u017ce s\u0105 bardzo wygodne, dopasowuj\u0105 si\u0119 do sylwetki. Na przodzie i z ty\u0142u znajduj\u0105 si\u0119 kieszenie, w pasku szlufki. Spodnie zapinane s\u0105 na suwak i nabijany metalowy guzik.  Podczas noszenia spodni zachowaj ostro\u017cno\u015b\u0107, jeans w kolorze indygo mo\u017ce lekko transferowa\u0107 kolor np. na jasn\u0105 bielizn\u0119. Pierz jeansy z podobnymi kolorami, zawsze wywracaj\u0105c je na lew\u0105 stron\u0119.  Wymiary spodni:    &nbsp; XS S M L   szer. w pasie 36 38 40 42   szer. w biodrach 44 46 48 50   d\u0142ugo\u015b\u0107 wewn\u0119trzna nogawki 82 82 82 82    &nbsp;  Sk\u0142ad: 99% bawe\u0142na, 1% elastan\" \/>\n<meta property=\"og:url\" content=\"https:\/\/kidsonthemoon.com\/pl\/produkt\/spodnie-denimowe-ivy\/\" \/>\n<meta property=\"og:site_name\" content=\"Kids on the Moon\" \/>\n<meta property=\"article:publisher\" content=\"https:\/\/www.facebook.com\/Kids-on-the-Moon-223747864407076\" \/>\n<meta property=\"article:modified_time\" content=\"2025-08-27T13:47:40+00:00\" \/>\n<meta property=\"og:image\" content=\"https:\/\/kidsonthemoon.com\/wp-content\/uploads\/2024\/10\/denim_kurtka_spodnie.jpg\" \/>\n\t<meta property=\"og:image:width\" content=\"1000\" \/>\n\t<meta property=\"og:image:height\" content=\"1400\" \/>\n\t<meta property=\"og:image:type\" content=\"image\/jpeg\" \/>\n<meta name=\"twitter:card\" content=\"summary_large_image\" \/>\n<script type=\"application\/ld+json\" class=\"yoast-schema-graph\">{\"@context\":\"https:\/\/schema.org\",\"@graph\":[{\"@type\":\"WebPage\",\"@id\":\"https:\/\/kidsonthemoon.com\/pl\/produkt\/spodnie-denimowe-ivy\/\",\"url\":\"https:\/\/kidsonthemoon.com\/pl\/produkt\/spodnie-denimowe-ivy\/\",\"name\":\"spodnie denimowe Ivy - Kids on the Moon\",\"isPartOf\":{\"@id\":\"https:\/\/kidsonthemoon.com\/pl\/#website\"},\"datePublished\":\"2024-07-17T06:50:13+00:00\",\"dateModified\":\"2025-08-27T13:47:40+00:00\",\"breadcrumb\":{\"@id\":\"https:\/\/kidsonthemoon.com\/pl\/produkt\/spodnie-denimowe-ivy\/#breadcrumb\"},\"inLanguage\":\"pl-PL\",\"potentialAction\":[{\"@type\":\"ReadAction\",\"target\":[\"https:\/\/kidsonthemoon.com\/pl\/produkt\/spodnie-denimowe-ivy\/\"]}]},{\"@type\":\"BreadcrumbList\",\"@id\":\"https:\/\/kidsonthemoon.com\/pl\/produkt\/spodnie-denimowe-ivy\/#breadcrumb\",\"itemListElement\":[{\"@type\":\"ListItem\",\"position\":1,\"name\":\"Strona g\u0142\u00f3wna\",\"item\":\"https:\/\/kidsonthemoon.com\/pl\/\"},{\"@type\":\"ListItem\",\"position\":2,\"name\":\"Sklep\",\"item\":\"https:\/\/kidsonthemoon.com\/pl\/sklep\/\"},{\"@type\":\"ListItem\",\"position\":3,\"name\":\"spodnie denimowe Ivy\"}]},{\"@type\":\"WebSite\",\"@id\":\"https:\/\/kidsonthemoon.com\/pl\/#website\",\"url\":\"https:\/\/kidsonthemoon.com\/pl\/\",\"name\":\"Kids on the Moon\",\"description\":\"odpowiedzialna moda dla dzieci | sklep online dla dzieci\",\"publisher\":{\"@id\":\"https:\/\/kidsonthemoon.com\/pl\/#organization\"},\"potentialAction\":[{\"@type\":\"SearchAction\",\"target\":{\"@type\":\"EntryPoint\",\"urlTemplate\":\"https:\/\/kidsonthemoon.com\/pl\/?s={search_term_string}\"},\"query-input\":\"required name=search_term_string\"}],\"inLanguage\":\"pl-PL\"},{\"@type\":\"Organization\",\"@id\":\"https:\/\/kidsonthemoon.com\/pl\/#organization\",\"name\":\"Kids on the Moon\",\"url\":\"https:\/\/kidsonthemoon.com\/pl\/\",\"logo\":{\"@type\":\"ImageObject\",\"inLanguage\":\"pl-PL\",\"@id\":\"https:\/\/kidsonthemoon.com\/pl\/#\/schema\/logo\/image\/\",\"url\":\"https:\/\/kidsonthemoon.com\/wp-content\/uploads\/2021\/02\/kotm_logo.png\",\"contentUrl\":\"https:\/\/kidsonthemoon.com\/wp-content\/uploads\/2021\/02\/kotm_logo.png\",\"width\":410,\"height\":47,\"caption\":\"Kids on the Moon\"},\"image\":{\"@id\":\"https:\/\/kidsonthemoon.com\/pl\/#\/schema\/logo\/image\/\"},\"sameAs\":[\"https:\/\/www.facebook.com\/Kids-on-the-Moon-223747864407076\",\"https:\/\/www.instagram.com\/kidsonthemoon\/\",\"https:\/\/pl.pinterest.com\/kotm2013\/pins\/\"]}]}<\/script>\n<!-- \/ Yoast SEO plugin. -->","yoast_head_json":{"title":"spodnie denimowe Ivy - Kids on the Moon","robots":{"index":"index","follow":"follow","max-snippet":"max-snippet:-1","max-image-preview":"max-image-preview:large","max-video-preview":"max-video-preview:-1"},"canonical":"https:\/\/kidsonthemoon.com\/pl\/produkt\/spodnie-denimowe-ivy\/","og_locale":"pl_PL","og_type":"article","og_title":"spodnie denimowe Ivy - Kids on the Moon","og_description":"Bardzo kobiece spodnie z denimu w kolorze indygo. Wysoki stan, zaszewki z ty\u0142u i rozszerzane nogawki pi\u0119knie podkre\u015blaj\u0105 i wysmuklaj\u0105 sylwetk\u0119. Szeroko\u015b\u0107 nogawek na dole dodatkowo sprawia, \u017ce spodnie prezentuj\u0105 si\u0119 bardzo zgrabnie, kobieco i nowocze\u015bnie zarazem. Z kolorem denimu kontrastuj\u0105 rude przeszycia nadaj\u0105c spodniom mocnego charakteru. Dodatek elastanu w jeansie sprawia, \u017ce s\u0105 bardzo wygodne, dopasowuj\u0105 si\u0119 do sylwetki. Na przodzie i z ty\u0142u znajduj\u0105 si\u0119 kieszenie, w pasku szlufki. Spodnie zapinane s\u0105 na suwak i nabijany metalowy guzik.  Podczas noszenia spodni zachowaj ostro\u017cno\u015b\u0107, jeans w kolorze indygo mo\u017ce lekko transferowa\u0107 kolor np. na jasn\u0105 bielizn\u0119. Pierz jeansy z podobnymi kolorami, zawsze wywracaj\u0105c je na lew\u0105 stron\u0119.  Wymiary spodni:    &nbsp; XS S M L   szer. w pasie 36 38 40 42   szer. w biodrach 44 46 48 50   d\u0142ugo\u015b\u0107 wewn\u0119trzna nogawki 82 82 82 82    &nbsp;  Sk\u0142ad: 99% bawe\u0142na, 1% elastan","og_url":"https:\/\/kidsonthemoon.com\/pl\/produkt\/spodnie-denimowe-ivy\/","og_site_name":"Kids on the Moon","article_publisher":"https:\/\/www.facebook.com\/Kids-on-the-Moon-223747864407076","article_modified_time":"2025-08-27T13:47:40+00:00","og_image":[{"width":1000,"height":1400,"url":"https:\/\/kidsonthemoon.com\/wp-content\/uploads\/2024\/10\/denim_kurtka_spodnie.jpg","type":"image\/jpeg"}],"twitter_card":"summary_large_image","schema":{"@context":"https:\/\/schema.org","@graph":[{"@type":"WebPage","@id":"https:\/\/kidsonthemoon.com\/pl\/produkt\/spodnie-denimowe-ivy\/","url":"https:\/\/kidsonthemoon.com\/pl\/produkt\/spodnie-denimowe-ivy\/","name":"spodnie denimowe Ivy - Kids on the Moon","isPartOf":{"@id":"https:\/\/kidsonthemoon.com\/pl\/#website"},"datePublished":"2024-07-17T06:50:13+00:00","dateModified":"2025-08-27T13:47:40+00:00","breadcrumb":{"@id":"https:\/\/kidsonthemoon.com\/pl\/produkt\/spodnie-denimowe-ivy\/#breadcrumb"},"inLanguage":"pl-PL","potentialAction":[{"@type":"ReadAction","target":["https:\/\/kidsonthemoon.com\/pl\/produkt\/spodnie-denimowe-ivy\/"]}]},{"@type":"BreadcrumbList","@id":"https:\/\/kidsonthemoon.com\/pl\/produkt\/spodnie-denimowe-ivy\/#breadcrumb","itemListElement":[{"@type":"ListItem","position":1,"name":"Strona g\u0142\u00f3wna","item":"https:\/\/kidsonthemoon.com\/pl\/"},{"@type":"ListItem","position":2,"name":"Sklep","item":"https:\/\/kidsonthemoon.com\/pl\/sklep\/"},{"@type":"ListItem","position":3,"name":"spodnie denimowe Ivy"}]},{"@type":"WebSite","@id":"https:\/\/kidsonthemoon.com\/pl\/#website","url":"https:\/\/kidsonthemoon.com\/pl\/","name":"Kids on the Moon","description":"odpowiedzialna moda dla dzieci | sklep online dla dzieci","publisher":{"@id":"https:\/\/kidsonthemoon.com\/pl\/#organization"},"potentialAction":[{"@type":"SearchAction","target":{"@type":"EntryPoint","urlTemplate":"https:\/\/kidsonthemoon.com\/pl\/?s={search_term_string}"},"query-input":"required name=search_term_string"}],"inLanguage":"pl-PL"},{"@type":"Organization","@id":"https:\/\/kidsonthemoon.com\/pl\/#organization","name":"Kids on the Moon","url":"https:\/\/kidsonthemoon.com\/pl\/","logo":{"@type":"ImageObject","inLanguage":"pl-PL","@id":"https:\/\/kidsonthemoon.com\/pl\/#\/schema\/logo\/image\/","url":"https:\/\/kidsonthemoon.com\/wp-content\/uploads\/2021\/02\/kotm_logo.png","contentUrl":"https:\/\/kidsonthemoon.com\/wp-content\/uploads\/2021\/02\/kotm_logo.png","width":410,"height":47,"caption":"Kids on the Moon"},"image":{"@id":"https:\/\/kidsonthemoon.com\/pl\/#\/schema\/logo\/image\/"},"sameAs":["https:\/\/www.facebook.com\/Kids-on-the-Moon-223747864407076","https:\/\/www.instagram.com\/kidsonthemoon\/","https:\/\/pl.pinterest.com\/kotm2013\/pins\/"]}]}},"_links":{"self":[{"href":"https:\/\/kidsonthemoon.com\/pl\/wp-json\/wp\/v2\/product\/109175"}],"collection":[{"href":"https:\/\/kidsonthemoon.com\/pl\/wp-json\/wp\/v2\/product"}],"about":[{"href":"https:\/\/kidsonthemoon.com\/pl\/wp-json\/wp\/v2\/types\/product"}],"wp:featuredmedia":[{"embeddable":true,"href":"https:\/\/kidsonthemoon.com\/pl\/wp-json\/wp\/v2\/media\/111114"}],"wp:attachment":[{"href":"https:\/\/kidsonthemoon.com\/pl\/wp-json\/wp\/v2\/media?parent=109175"}],"wp:term":[{"taxonomy":"product_cat","embeddable":true,"href":"https:\/\/kidsonthemoon.com\/pl\/wp-json\/wp\/v2\/product_cat?post=109175"},{"taxonomy":"product_tag","embeddable":true,"href":"https:\/\/kidsonthemoon.com\/pl\/wp-json\/wp\/v2\/product_tag?post=109175"}],"curies":[{"name":"wp","href":"https:\/\/api.w.org\/{rel}","templated":true}]}}