{"id":109202,"date":"2024-07-17T08:50:14","date_gmt":"2024-07-17T06:50:14","guid":{"rendered":"https:\/\/kidsonthemoon.com\/?post_type=product&#038;p=109202"},"modified":"2025-08-27T15:47:41","modified_gmt":"2025-08-27T13:47:41","slug":"sukienka-leopard","status":"publish","type":"product","link":"https:\/\/kidsonthemoon.com\/pl\/produkt\/sukienka-leopard\/","title":{"rendered":"sukienka Leopard"},"content":{"rendered":"","protected":false},"excerpt":{"rendered":"<p>Pi\u0119kna, zwiewna damska sukienka Leopard, uszyta z tkaniny wiskozowej z panterkowym printem &#8211; hitem sezonu. Sukienka z du\u017cym dekoltem, kt\u00f3ry mo\u017cna zamkn\u0105\u0107 szalem, wi\u0105\u017c\u0105c j\u0105 w dowolny spos\u00f3b. Od pi\u0119knej wysokiej kokardy po nonszalancki \u201ekrawat\u201d. Odci\u0119cie w talii, delikatnie \u015bci\u0105gni\u0119te gumk\u0105, pi\u0119knie podkre\u015bla sylwetk\u0119. Niewielkie bufki na r\u0119kawach podkre\u015blaj\u0105 ramiona. Szeroki r\u0119kaw o d\u0142ugo\u015bci do \u0142okci, nadaje swobodnego looku. D\u00f3\u0142 sukienki uszyty jest z p\u00f3\u0142kola, dzi\u0119ki czemu jest niezwykle lekki i zwiewny. No\u015b j\u0105 do obcas\u00f3w, kowbojek czy balerinek. Na wierzch zarzu\u0107 nasz\u0105 czarn\u0105 marynark\u0119 Colette noir.<\/p>\n<p><strong>Wymiary sukienki:<\/strong><\/p>\n<table style=\"height: 197px;\" width=\"614\">\n<tbody>\n<tr>\n<td style=\"text-align: center;\" width=\"165\">&nbsp;<\/td>\n<td style=\"text-align: center;\" width=\"64\"><strong>XS<\/strong><\/td>\n<td style=\"text-align: center;\" width=\"64\"><strong>S<\/strong><\/td>\n<td style=\"text-align: center;\" width=\"64\"><strong>M<\/strong><\/td>\n<td style=\"text-align: center;\" width=\"64\"><strong>L<\/strong><\/td>\n<\/tr>\n<tr>\n<td>szer. w biu\u015bcie<\/td>\n<td style=\"text-align: center;\">45<\/td>\n<td style=\"text-align: center;\">47<\/td>\n<td style=\"text-align: center;\">49<\/td>\n<td style=\"text-align: center;\">51<\/td>\n<\/tr>\n<tr>\n<td>szer. w talii (gumka w pasie)<\/td>\n<td style=\"text-align: center;\">40<\/td>\n<td style=\"text-align: center;\">41<\/td>\n<td style=\"text-align: center;\">42<\/td>\n<td style=\"text-align: center;\">43<\/td>\n<\/tr>\n<tr>\n<td style=\"text-align: left;\">szer. w biodrach<\/td>\n<td style=\"text-align: center;\">59<\/td>\n<td style=\"text-align: center;\">62<\/td>\n<td style=\"text-align: center;\">65<\/td>\n<td style=\"text-align: center;\">68<\/td>\n<\/tr>\n<tr>\n<td style=\"text-align: left;\">d\u0142ugo\u015b\u0107<\/td>\n<td style=\"text-align: center;\">123<\/td>\n<td style=\"text-align: center;\">124<\/td>\n<td style=\"text-align: center;\">125<\/td>\n<td style=\"text-align: center;\">126<\/td>\n<\/tr>\n<\/tbody>\n<\/table>\n<p>&nbsp;<\/p>\n<p><strong>Sk\u0142ad:<\/strong> <strong>100% wiskoza<\/strong><\/p>\n","protected":false},"featured_media":109191,"template":"","meta":{"_themeisle_gutenberg_block_has_review":false},"product_cat":[818,567],"product_tag":[797],"acf":[],"yoast_head":"<!-- This site is optimized with the Yoast SEO plugin v21.2 - https:\/\/yoast.com\/wordpress\/plugins\/seo\/ -->\n<title>sukienka Leopard - Kids on the Moon<\/title>\n<meta name=\"robots\" content=\"index, follow, max-snippet:-1, max-image-preview:large, max-video-preview:-1\" \/>\n<link rel=\"canonical\" href=\"https:\/\/kidsonthemoon.com\/pl\/produkt\/sukienka-leopard\/\" \/>\n<meta property=\"og:locale\" content=\"pl_PL\" \/>\n<meta property=\"og:type\" content=\"article\" \/>\n<meta property=\"og:title\" content=\"sukienka Leopard - Kids on the Moon\" \/>\n<meta property=\"og:description\" content=\"Pi\u0119kna, zwiewna damska sukienka Leopard, uszyta z tkaniny wiskozowej z panterkowym printem - hitem sezonu. Sukienka z du\u017cym dekoltem, kt\u00f3ry mo\u017cna zamkn\u0105\u0107 szalem, wi\u0105\u017c\u0105c j\u0105 w dowolny spos\u00f3b. Od pi\u0119knej wysokiej kokardy po nonszalancki \u201ekrawat\u201d. Odci\u0119cie w talii, delikatnie \u015bci\u0105gni\u0119te gumk\u0105, pi\u0119knie podkre\u015bla sylwetk\u0119. Niewielkie bufki na r\u0119kawach podkre\u015blaj\u0105 ramiona. Szeroki r\u0119kaw o d\u0142ugo\u015bci do \u0142okci, nadaje swobodnego looku. D\u00f3\u0142 sukienki uszyty jest z p\u00f3\u0142kola, dzi\u0119ki czemu jest niezwykle lekki i zwiewny. No\u015b j\u0105 do obcas\u00f3w, kowbojek czy balerinek. Na wierzch zarzu\u0107 nasz\u0105 czarn\u0105 marynark\u0119 Colette noir.  Wymiary sukienki:    &nbsp; XS S M L   szer. w biu\u015bcie 45 47 49 51   szer. w talii (gumka w pasie) 40 41 42 43   szer. w biodrach 59 62 65 68   d\u0142ugo\u015b\u0107 123 124 125 126    &nbsp;  Sk\u0142ad: 100% wiskoza\" \/>\n<meta property=\"og:url\" content=\"https:\/\/kidsonthemoon.com\/pl\/produkt\/sukienka-leopard\/\" \/>\n<meta property=\"og:site_name\" content=\"Kids on the Moon\" \/>\n<meta property=\"article:publisher\" content=\"https:\/\/www.facebook.com\/Kids-on-the-Moon-223747864407076\" \/>\n<meta property=\"article:modified_time\" content=\"2025-08-27T13:47:41+00:00\" \/>\n<meta property=\"og:image\" content=\"https:\/\/kidsonthemoon.com\/wp-content\/uploads\/2024\/07\/sukienka_leopard_2.jpg\" \/>\n\t<meta property=\"og:image:width\" content=\"1000\" \/>\n\t<meta property=\"og:image:height\" content=\"1400\" \/>\n\t<meta property=\"og:image:type\" content=\"image\/jpeg\" \/>\n<meta name=\"twitter:card\" content=\"summary_large_image\" \/>\n<script type=\"application\/ld+json\" class=\"yoast-schema-graph\">{\"@context\":\"https:\/\/schema.org\",\"@graph\":[{\"@type\":\"WebPage\",\"@id\":\"https:\/\/kidsonthemoon.com\/pl\/produkt\/sukienka-leopard\/\",\"url\":\"https:\/\/kidsonthemoon.com\/pl\/produkt\/sukienka-leopard\/\",\"name\":\"sukienka Leopard - Kids on the Moon\",\"isPartOf\":{\"@id\":\"https:\/\/kidsonthemoon.com\/pl\/#website\"},\"datePublished\":\"2024-07-17T06:50:14+00:00\",\"dateModified\":\"2025-08-27T13:47:41+00:00\",\"breadcrumb\":{\"@id\":\"https:\/\/kidsonthemoon.com\/pl\/produkt\/sukienka-leopard\/#breadcrumb\"},\"inLanguage\":\"pl-PL\",\"potentialAction\":[{\"@type\":\"ReadAction\",\"target\":[\"https:\/\/kidsonthemoon.com\/pl\/produkt\/sukienka-leopard\/\"]}]},{\"@type\":\"BreadcrumbList\",\"@id\":\"https:\/\/kidsonthemoon.com\/pl\/produkt\/sukienka-leopard\/#breadcrumb\",\"itemListElement\":[{\"@type\":\"ListItem\",\"position\":1,\"name\":\"Strona g\u0142\u00f3wna\",\"item\":\"https:\/\/kidsonthemoon.com\/pl\/\"},{\"@type\":\"ListItem\",\"position\":2,\"name\":\"Sklep\",\"item\":\"https:\/\/kidsonthemoon.com\/pl\/sklep\/\"},{\"@type\":\"ListItem\",\"position\":3,\"name\":\"sukienka Leopard\"}]},{\"@type\":\"WebSite\",\"@id\":\"https:\/\/kidsonthemoon.com\/pl\/#website\",\"url\":\"https:\/\/kidsonthemoon.com\/pl\/\",\"name\":\"Kids on the Moon\",\"description\":\"odpowiedzialna moda dla dzieci | sklep online dla dzieci\",\"publisher\":{\"@id\":\"https:\/\/kidsonthemoon.com\/pl\/#organization\"},\"potentialAction\":[{\"@type\":\"SearchAction\",\"target\":{\"@type\":\"EntryPoint\",\"urlTemplate\":\"https:\/\/kidsonthemoon.com\/pl\/?s={search_term_string}\"},\"query-input\":\"required name=search_term_string\"}],\"inLanguage\":\"pl-PL\"},{\"@type\":\"Organization\",\"@id\":\"https:\/\/kidsonthemoon.com\/pl\/#organization\",\"name\":\"Kids on the Moon\",\"url\":\"https:\/\/kidsonthemoon.com\/pl\/\",\"logo\":{\"@type\":\"ImageObject\",\"inLanguage\":\"pl-PL\",\"@id\":\"https:\/\/kidsonthemoon.com\/pl\/#\/schema\/logo\/image\/\",\"url\":\"https:\/\/kidsonthemoon.com\/wp-content\/uploads\/2021\/02\/kotm_logo.png\",\"contentUrl\":\"https:\/\/kidsonthemoon.com\/wp-content\/uploads\/2021\/02\/kotm_logo.png\",\"width\":410,\"height\":47,\"caption\":\"Kids on the Moon\"},\"image\":{\"@id\":\"https:\/\/kidsonthemoon.com\/pl\/#\/schema\/logo\/image\/\"},\"sameAs\":[\"https:\/\/www.facebook.com\/Kids-on-the-Moon-223747864407076\",\"https:\/\/www.instagram.com\/kidsonthemoon\/\",\"https:\/\/pl.pinterest.com\/kotm2013\/pins\/\"]}]}<\/script>\n<!-- \/ Yoast SEO plugin. -->","yoast_head_json":{"title":"sukienka Leopard - Kids on the Moon","robots":{"index":"index","follow":"follow","max-snippet":"max-snippet:-1","max-image-preview":"max-image-preview:large","max-video-preview":"max-video-preview:-1"},"canonical":"https:\/\/kidsonthemoon.com\/pl\/produkt\/sukienka-leopard\/","og_locale":"pl_PL","og_type":"article","og_title":"sukienka Leopard - Kids on the Moon","og_description":"Pi\u0119kna, zwiewna damska sukienka Leopard, uszyta z tkaniny wiskozowej z panterkowym printem - hitem sezonu. Sukienka z du\u017cym dekoltem, kt\u00f3ry mo\u017cna zamkn\u0105\u0107 szalem, wi\u0105\u017c\u0105c j\u0105 w dowolny spos\u00f3b. Od pi\u0119knej wysokiej kokardy po nonszalancki \u201ekrawat\u201d. Odci\u0119cie w talii, delikatnie \u015bci\u0105gni\u0119te gumk\u0105, pi\u0119knie podkre\u015bla sylwetk\u0119. Niewielkie bufki na r\u0119kawach podkre\u015blaj\u0105 ramiona. Szeroki r\u0119kaw o d\u0142ugo\u015bci do \u0142okci, nadaje swobodnego looku. D\u00f3\u0142 sukienki uszyty jest z p\u00f3\u0142kola, dzi\u0119ki czemu jest niezwykle lekki i zwiewny. No\u015b j\u0105 do obcas\u00f3w, kowbojek czy balerinek. Na wierzch zarzu\u0107 nasz\u0105 czarn\u0105 marynark\u0119 Colette noir.  Wymiary sukienki:    &nbsp; XS S M L   szer. w biu\u015bcie 45 47 49 51   szer. w talii (gumka w pasie) 40 41 42 43   szer. w biodrach 59 62 65 68   d\u0142ugo\u015b\u0107 123 124 125 126    &nbsp;  Sk\u0142ad: 100% wiskoza","og_url":"https:\/\/kidsonthemoon.com\/pl\/produkt\/sukienka-leopard\/","og_site_name":"Kids on the Moon","article_publisher":"https:\/\/www.facebook.com\/Kids-on-the-Moon-223747864407076","article_modified_time":"2025-08-27T13:47:41+00:00","og_image":[{"width":1000,"height":1400,"url":"https:\/\/kidsonthemoon.com\/wp-content\/uploads\/2024\/07\/sukienka_leopard_2.jpg","type":"image\/jpeg"}],"twitter_card":"summary_large_image","schema":{"@context":"https:\/\/schema.org","@graph":[{"@type":"WebPage","@id":"https:\/\/kidsonthemoon.com\/pl\/produkt\/sukienka-leopard\/","url":"https:\/\/kidsonthemoon.com\/pl\/produkt\/sukienka-leopard\/","name":"sukienka Leopard - Kids on the Moon","isPartOf":{"@id":"https:\/\/kidsonthemoon.com\/pl\/#website"},"datePublished":"2024-07-17T06:50:14+00:00","dateModified":"2025-08-27T13:47:41+00:00","breadcrumb":{"@id":"https:\/\/kidsonthemoon.com\/pl\/produkt\/sukienka-leopard\/#breadcrumb"},"inLanguage":"pl-PL","potentialAction":[{"@type":"ReadAction","target":["https:\/\/kidsonthemoon.com\/pl\/produkt\/sukienka-leopard\/"]}]},{"@type":"BreadcrumbList","@id":"https:\/\/kidsonthemoon.com\/pl\/produkt\/sukienka-leopard\/#breadcrumb","itemListElement":[{"@type":"ListItem","position":1,"name":"Strona g\u0142\u00f3wna","item":"https:\/\/kidsonthemoon.com\/pl\/"},{"@type":"ListItem","position":2,"name":"Sklep","item":"https:\/\/kidsonthemoon.com\/pl\/sklep\/"},{"@type":"ListItem","position":3,"name":"sukienka Leopard"}]},{"@type":"WebSite","@id":"https:\/\/kidsonthemoon.com\/pl\/#website","url":"https:\/\/kidsonthemoon.com\/pl\/","name":"Kids on the Moon","description":"odpowiedzialna moda dla dzieci | sklep online dla dzieci","publisher":{"@id":"https:\/\/kidsonthemoon.com\/pl\/#organization"},"potentialAction":[{"@type":"SearchAction","target":{"@type":"EntryPoint","urlTemplate":"https:\/\/kidsonthemoon.com\/pl\/?s={search_term_string}"},"query-input":"required name=search_term_string"}],"inLanguage":"pl-PL"},{"@type":"Organization","@id":"https:\/\/kidsonthemoon.com\/pl\/#organization","name":"Kids on the Moon","url":"https:\/\/kidsonthemoon.com\/pl\/","logo":{"@type":"ImageObject","inLanguage":"pl-PL","@id":"https:\/\/kidsonthemoon.com\/pl\/#\/schema\/logo\/image\/","url":"https:\/\/kidsonthemoon.com\/wp-content\/uploads\/2021\/02\/kotm_logo.png","contentUrl":"https:\/\/kidsonthemoon.com\/wp-content\/uploads\/2021\/02\/kotm_logo.png","width":410,"height":47,"caption":"Kids on the Moon"},"image":{"@id":"https:\/\/kidsonthemoon.com\/pl\/#\/schema\/logo\/image\/"},"sameAs":["https:\/\/www.facebook.com\/Kids-on-the-Moon-223747864407076","https:\/\/www.instagram.com\/kidsonthemoon\/","https:\/\/pl.pinterest.com\/kotm2013\/pins\/"]}]}},"_links":{"self":[{"href":"https:\/\/kidsonthemoon.com\/pl\/wp-json\/wp\/v2\/product\/109202"}],"collection":[{"href":"https:\/\/kidsonthemoon.com\/pl\/wp-json\/wp\/v2\/product"}],"about":[{"href":"https:\/\/kidsonthemoon.com\/pl\/wp-json\/wp\/v2\/types\/product"}],"wp:featuredmedia":[{"embeddable":true,"href":"https:\/\/kidsonthemoon.com\/pl\/wp-json\/wp\/v2\/media\/109191"}],"wp:attachment":[{"href":"https:\/\/kidsonthemoon.com\/pl\/wp-json\/wp\/v2\/media?parent=109202"}],"wp:term":[{"taxonomy":"product_cat","embeddable":true,"href":"https:\/\/kidsonthemoon.com\/pl\/wp-json\/wp\/v2\/product_cat?post=109202"},{"taxonomy":"product_tag","embeddable":true,"href":"https:\/\/kidsonthemoon.com\/pl\/wp-json\/wp\/v2\/product_tag?post=109202"}],"curies":[{"name":"wp","href":"https:\/\/api.w.org\/{rel}","templated":true}]}}