{"id":111732,"date":"2024-10-24T22:48:09","date_gmt":"2024-10-24T20:48:09","guid":{"rendered":"https:\/\/kidsonthemoon.com\/?post_type=product&#038;p=111732"},"modified":"2025-08-06T09:04:12","modified_gmt":"2025-08-06T07:04:12","slug":"t-shirt-damski-night-out","status":"publish","type":"product","link":"https:\/\/kidsonthemoon.com\/pl\/produkt\/t-shirt-damski-night-out\/","title":{"rendered":"t-shirt damski Night Out"},"content":{"rendered":"","protected":false},"excerpt":{"rendered":"<p>Bia\u0142y t-shirt z po\u0142yskuj\u0105cym brokatowym napisem NIGHT OUT.&nbsp;&nbsp;Klasyk, kt\u00f3ry idealnie sprawdzi si\u0119 tak\u017ce na wieczorne wyj\u015bcie czy imprez\u0119. W po\u0142\u0105czeniu z b\u0142yszcz\u0105c\u0105 mini Mila silver, jeansami czy czarnym garniturem tworzy wieczorow\u0105 niezobowi\u0105zuj\u0105c\u0105, super stylizacj\u0119. Bawcie si\u0119 dobrze! Go Party Girl!<\/p>\n<p><strong>Sk\u0142ad:<\/strong> 92% bawe\u0142na, 8% elastan<\/p>\n<p><strong>Wymiary t-shirtu w cm:<\/strong><\/p>\n<table style=\"height: 106px;\" width=\"607\">\n<tbody>\n<tr>\n<td width=\"90\">&nbsp;<\/td>\n<td style=\"text-align: center;\" width=\"64\"><strong>XS<\/strong><\/td>\n<td style=\"text-align: center;\" width=\"64\"><strong>S<\/strong><\/td>\n<td style=\"text-align: center;\" width=\"64\"><strong>M<\/strong><\/td>\n<td style=\"text-align: center;\" width=\"64\"><strong>L<\/strong><\/td>\n<\/tr>\n<tr>\n<td>szeroko\u015b\u0107 w biu\u015bcie<\/td>\n<td style=\"text-align: center;\">48<\/td>\n<td style=\"text-align: center;\">51<\/td>\n<td style=\"text-align: center;\">54<\/td>\n<td style=\"text-align: center;\">57<\/td>\n<\/tr>\n<tr>\n<td style=\"text-align: left;\" width=\"90\">d\u0142ugo\u015b\u0107&nbsp;<\/td>\n<td style=\"text-align: center;\">58<\/td>\n<td style=\"text-align: center;\">61<\/td>\n<td style=\"text-align: center;\">64<\/td>\n<td style=\"text-align: center;\">64<\/td>\n<\/tr>\n<\/tbody>\n<\/table>\n<p>&nbsp;<\/p>\n","protected":false},"featured_media":111824,"template":"","meta":{"_themeisle_gutenberg_block_has_review":false},"product_cat":[600],"product_tag":[797],"acf":[],"yoast_head":"<!-- This site is optimized with the Yoast SEO plugin v21.2 - https:\/\/yoast.com\/wordpress\/plugins\/seo\/ -->\n<title>t-shirt damski Night Out - Kids on the Moon<\/title>\n<meta name=\"robots\" content=\"index, follow, max-snippet:-1, max-image-preview:large, max-video-preview:-1\" \/>\n<link rel=\"canonical\" href=\"https:\/\/kidsonthemoon.com\/pl\/produkt\/t-shirt-damski-night-out\/\" \/>\n<meta property=\"og:locale\" content=\"pl_PL\" \/>\n<meta property=\"og:type\" content=\"article\" \/>\n<meta property=\"og:title\" content=\"t-shirt damski Night Out - Kids on the Moon\" \/>\n<meta property=\"og:description\" content=\"Bia\u0142y t-shirt z po\u0142yskuj\u0105cym brokatowym napisem NIGHT OUT.&nbsp;&nbsp;Klasyk, kt\u00f3ry idealnie sprawdzi si\u0119 tak\u017ce na wieczorne wyj\u015bcie czy imprez\u0119. W po\u0142\u0105czeniu z b\u0142yszcz\u0105c\u0105 mini Mila silver, jeansami czy czarnym garniturem tworzy wieczorow\u0105 niezobowi\u0105zuj\u0105c\u0105, super stylizacj\u0119. Bawcie si\u0119 dobrze! Go Party Girl!  Sk\u0142ad: 92% bawe\u0142na, 8% elastan  Wymiary t-shirtu w cm:    &nbsp; XS S M L   szeroko\u015b\u0107 w biu\u015bcie 48 51 54 57   d\u0142ugo\u015b\u0107&nbsp; 58 61 64 64    &nbsp;\" \/>\n<meta property=\"og:url\" content=\"https:\/\/kidsonthemoon.com\/pl\/produkt\/t-shirt-damski-night-out\/\" \/>\n<meta property=\"og:site_name\" content=\"Kids on the Moon\" \/>\n<meta property=\"article:publisher\" content=\"https:\/\/www.facebook.com\/Kids-on-the-Moon-223747864407076\" \/>\n<meta property=\"article:modified_time\" content=\"2025-08-06T07:04:12+00:00\" \/>\n<meta property=\"og:image\" content=\"https:\/\/kidsonthemoon.com\/wp-content\/uploads\/2024\/10\/t-shirt_nightout1.jpg\" \/>\n\t<meta property=\"og:image:width\" content=\"1000\" \/>\n\t<meta property=\"og:image:height\" content=\"1400\" \/>\n\t<meta property=\"og:image:type\" content=\"image\/jpeg\" \/>\n<meta name=\"twitter:card\" content=\"summary_large_image\" \/>\n<script type=\"application\/ld+json\" class=\"yoast-schema-graph\">{\"@context\":\"https:\/\/schema.org\",\"@graph\":[{\"@type\":\"WebPage\",\"@id\":\"https:\/\/kidsonthemoon.com\/pl\/produkt\/t-shirt-damski-night-out\/\",\"url\":\"https:\/\/kidsonthemoon.com\/pl\/produkt\/t-shirt-damski-night-out\/\",\"name\":\"t-shirt damski Night Out - Kids on the Moon\",\"isPartOf\":{\"@id\":\"https:\/\/kidsonthemoon.com\/pl\/#website\"},\"datePublished\":\"2024-10-24T20:48:09+00:00\",\"dateModified\":\"2025-08-06T07:04:12+00:00\",\"breadcrumb\":{\"@id\":\"https:\/\/kidsonthemoon.com\/pl\/produkt\/t-shirt-damski-night-out\/#breadcrumb\"},\"inLanguage\":\"pl-PL\",\"potentialAction\":[{\"@type\":\"ReadAction\",\"target\":[\"https:\/\/kidsonthemoon.com\/pl\/produkt\/t-shirt-damski-night-out\/\"]}]},{\"@type\":\"BreadcrumbList\",\"@id\":\"https:\/\/kidsonthemoon.com\/pl\/produkt\/t-shirt-damski-night-out\/#breadcrumb\",\"itemListElement\":[{\"@type\":\"ListItem\",\"position\":1,\"name\":\"Strona g\u0142\u00f3wna\",\"item\":\"https:\/\/kidsonthemoon.com\/pl\/\"},{\"@type\":\"ListItem\",\"position\":2,\"name\":\"Sklep\",\"item\":\"https:\/\/kidsonthemoon.com\/pl\/sklep\/\"},{\"@type\":\"ListItem\",\"position\":3,\"name\":\"t-shirt damski Night Out\"}]},{\"@type\":\"WebSite\",\"@id\":\"https:\/\/kidsonthemoon.com\/pl\/#website\",\"url\":\"https:\/\/kidsonthemoon.com\/pl\/\",\"name\":\"Kids on the Moon\",\"description\":\"odpowiedzialna moda dla dzieci | sklep online dla dzieci\",\"publisher\":{\"@id\":\"https:\/\/kidsonthemoon.com\/pl\/#organization\"},\"potentialAction\":[{\"@type\":\"SearchAction\",\"target\":{\"@type\":\"EntryPoint\",\"urlTemplate\":\"https:\/\/kidsonthemoon.com\/pl\/?s={search_term_string}\"},\"query-input\":\"required name=search_term_string\"}],\"inLanguage\":\"pl-PL\"},{\"@type\":\"Organization\",\"@id\":\"https:\/\/kidsonthemoon.com\/pl\/#organization\",\"name\":\"Kids on the Moon\",\"url\":\"https:\/\/kidsonthemoon.com\/pl\/\",\"logo\":{\"@type\":\"ImageObject\",\"inLanguage\":\"pl-PL\",\"@id\":\"https:\/\/kidsonthemoon.com\/pl\/#\/schema\/logo\/image\/\",\"url\":\"https:\/\/kidsonthemoon.com\/wp-content\/uploads\/2021\/02\/kotm_logo.png\",\"contentUrl\":\"https:\/\/kidsonthemoon.com\/wp-content\/uploads\/2021\/02\/kotm_logo.png\",\"width\":410,\"height\":47,\"caption\":\"Kids on the Moon\"},\"image\":{\"@id\":\"https:\/\/kidsonthemoon.com\/pl\/#\/schema\/logo\/image\/\"},\"sameAs\":[\"https:\/\/www.facebook.com\/Kids-on-the-Moon-223747864407076\",\"https:\/\/www.instagram.com\/kidsonthemoon\/\",\"https:\/\/pl.pinterest.com\/kotm2013\/pins\/\"]}]}<\/script>\n<!-- \/ Yoast SEO plugin. -->","yoast_head_json":{"title":"t-shirt damski Night Out - Kids on the Moon","robots":{"index":"index","follow":"follow","max-snippet":"max-snippet:-1","max-image-preview":"max-image-preview:large","max-video-preview":"max-video-preview:-1"},"canonical":"https:\/\/kidsonthemoon.com\/pl\/produkt\/t-shirt-damski-night-out\/","og_locale":"pl_PL","og_type":"article","og_title":"t-shirt damski Night Out - Kids on the Moon","og_description":"Bia\u0142y t-shirt z po\u0142yskuj\u0105cym brokatowym napisem NIGHT OUT.&nbsp;&nbsp;Klasyk, kt\u00f3ry idealnie sprawdzi si\u0119 tak\u017ce na wieczorne wyj\u015bcie czy imprez\u0119. W po\u0142\u0105czeniu z b\u0142yszcz\u0105c\u0105 mini Mila silver, jeansami czy czarnym garniturem tworzy wieczorow\u0105 niezobowi\u0105zuj\u0105c\u0105, super stylizacj\u0119. Bawcie si\u0119 dobrze! Go Party Girl!  Sk\u0142ad: 92% bawe\u0142na, 8% elastan  Wymiary t-shirtu w cm:    &nbsp; XS S M L   szeroko\u015b\u0107 w biu\u015bcie 48 51 54 57   d\u0142ugo\u015b\u0107&nbsp; 58 61 64 64    &nbsp;","og_url":"https:\/\/kidsonthemoon.com\/pl\/produkt\/t-shirt-damski-night-out\/","og_site_name":"Kids on the Moon","article_publisher":"https:\/\/www.facebook.com\/Kids-on-the-Moon-223747864407076","article_modified_time":"2025-08-06T07:04:12+00:00","og_image":[{"width":1000,"height":1400,"url":"https:\/\/kidsonthemoon.com\/wp-content\/uploads\/2024\/10\/t-shirt_nightout1.jpg","type":"image\/jpeg"}],"twitter_card":"summary_large_image","schema":{"@context":"https:\/\/schema.org","@graph":[{"@type":"WebPage","@id":"https:\/\/kidsonthemoon.com\/pl\/produkt\/t-shirt-damski-night-out\/","url":"https:\/\/kidsonthemoon.com\/pl\/produkt\/t-shirt-damski-night-out\/","name":"t-shirt damski Night Out - Kids on the Moon","isPartOf":{"@id":"https:\/\/kidsonthemoon.com\/pl\/#website"},"datePublished":"2024-10-24T20:48:09+00:00","dateModified":"2025-08-06T07:04:12+00:00","breadcrumb":{"@id":"https:\/\/kidsonthemoon.com\/pl\/produkt\/t-shirt-damski-night-out\/#breadcrumb"},"inLanguage":"pl-PL","potentialAction":[{"@type":"ReadAction","target":["https:\/\/kidsonthemoon.com\/pl\/produkt\/t-shirt-damski-night-out\/"]}]},{"@type":"BreadcrumbList","@id":"https:\/\/kidsonthemoon.com\/pl\/produkt\/t-shirt-damski-night-out\/#breadcrumb","itemListElement":[{"@type":"ListItem","position":1,"name":"Strona g\u0142\u00f3wna","item":"https:\/\/kidsonthemoon.com\/pl\/"},{"@type":"ListItem","position":2,"name":"Sklep","item":"https:\/\/kidsonthemoon.com\/pl\/sklep\/"},{"@type":"ListItem","position":3,"name":"t-shirt damski Night Out"}]},{"@type":"WebSite","@id":"https:\/\/kidsonthemoon.com\/pl\/#website","url":"https:\/\/kidsonthemoon.com\/pl\/","name":"Kids on the Moon","description":"odpowiedzialna moda dla dzieci | sklep online dla dzieci","publisher":{"@id":"https:\/\/kidsonthemoon.com\/pl\/#organization"},"potentialAction":[{"@type":"SearchAction","target":{"@type":"EntryPoint","urlTemplate":"https:\/\/kidsonthemoon.com\/pl\/?s={search_term_string}"},"query-input":"required name=search_term_string"}],"inLanguage":"pl-PL"},{"@type":"Organization","@id":"https:\/\/kidsonthemoon.com\/pl\/#organization","name":"Kids on the Moon","url":"https:\/\/kidsonthemoon.com\/pl\/","logo":{"@type":"ImageObject","inLanguage":"pl-PL","@id":"https:\/\/kidsonthemoon.com\/pl\/#\/schema\/logo\/image\/","url":"https:\/\/kidsonthemoon.com\/wp-content\/uploads\/2021\/02\/kotm_logo.png","contentUrl":"https:\/\/kidsonthemoon.com\/wp-content\/uploads\/2021\/02\/kotm_logo.png","width":410,"height":47,"caption":"Kids on the Moon"},"image":{"@id":"https:\/\/kidsonthemoon.com\/pl\/#\/schema\/logo\/image\/"},"sameAs":["https:\/\/www.facebook.com\/Kids-on-the-Moon-223747864407076","https:\/\/www.instagram.com\/kidsonthemoon\/","https:\/\/pl.pinterest.com\/kotm2013\/pins\/"]}]}},"_links":{"self":[{"href":"https:\/\/kidsonthemoon.com\/pl\/wp-json\/wp\/v2\/product\/111732"}],"collection":[{"href":"https:\/\/kidsonthemoon.com\/pl\/wp-json\/wp\/v2\/product"}],"about":[{"href":"https:\/\/kidsonthemoon.com\/pl\/wp-json\/wp\/v2\/types\/product"}],"wp:featuredmedia":[{"embeddable":true,"href":"https:\/\/kidsonthemoon.com\/pl\/wp-json\/wp\/v2\/media\/111824"}],"wp:attachment":[{"href":"https:\/\/kidsonthemoon.com\/pl\/wp-json\/wp\/v2\/media?parent=111732"}],"wp:term":[{"taxonomy":"product_cat","embeddable":true,"href":"https:\/\/kidsonthemoon.com\/pl\/wp-json\/wp\/v2\/product_cat?post=111732"},{"taxonomy":"product_tag","embeddable":true,"href":"https:\/\/kidsonthemoon.com\/pl\/wp-json\/wp\/v2\/product_tag?post=111732"}],"curies":[{"name":"wp","href":"https:\/\/api.w.org\/{rel}","templated":true}]}}