{"id":112699,"date":"2024-12-04T00:14:37","date_gmt":"2024-12-03T23:14:37","guid":{"rendered":"https:\/\/kidsonthemoon.com\/?post_type=product&#038;p=112699"},"modified":"2025-08-27T15:47:51","modified_gmt":"2025-08-27T13:47:51","slug":"spodnica-cekinowa-mila-sparkle-star-mini","status":"publish","type":"product","link":"https:\/\/kidsonthemoon.com\/pl\/produkt\/spodnica-cekinowa-mila-sparkle-star-mini\/","title":{"rendered":"sp\u00f3dnica cekinowa Mila Sparkle Star mini"},"content":{"rendered":"","protected":false},"excerpt":{"rendered":"<p><span style=\"font-size: 13.5pt; font-family: 'Times New Roman',serif;\">Super seksowna cekinowa mini &#8211; kwintesencja nowoczesnego szyku. Sp\u00f3dnica jest g\u0119sto wyszywana wysokiej jako\u015bci po\u0142yskuj\u0105cymi, czarnymi cekinami o \u015brednicy 0,5 cm, uk\u0142adaj\u0105cymi si\u0119 w efektowny wz\u00f3r \u0142uski. Elastyczna baza oraz delikatna dzianinowa podszewka zapewniaj\u0105 wygod\u0119 i idealne dopasowanie, pozwalaj\u0105c na swobod\u0119 ruch\u00f3w. Drapowanie sp\u00f3dnicy nie tylko dodaje jej dynamiki, ale tak\u017ce dyskretnie modeluje sylwetk\u0119. To uniwersalny must-have w szafie ka\u017cdej fashionistki: idealny na imprez\u0119 w zestawie z topem i marynark\u0105, \u015bwietnie sprawdzi si\u0119 w codziennym wydaniu z oversize&#8217;owym swetrem i wysokimi kozakami. W street&#8217;owym stylu po\u0142\u0105cz j\u0105 z motocyklowymi butami, aby stworzy\u0107 mocny miejski look. Nie zapomnij o dodatkach \u2013 cekinowe szpilki lub minimalistyczna torebka podkre\u015bl\u0105 wyj\u0105tkowo\u015b\u0107 tej kreacji.&nbsp;&nbsp;<\/span><\/p>\n<p><strong>Sk\u0142ad:<\/strong> 97% poliester, 3% elastan, podszewka: 92% wiskoza, 8% elastan<\/p>\n<p><strong>Piel\u0119gnacja:<\/strong> pra\u0107 r\u0119cznie w letniej wodzie, z dodatkiem delikatnego \u015brodka pior\u0105cego. Nie wirowa\u0107, nie wy\u017cyma\u0107, suszy\u0107 najlepiej w pozycji le\u017c\u0105cej, np. na r\u0119czniku. Nie zalecamy&nbsp;prania<strong>&nbsp;<\/strong>w pralce automatycznej, nawet w programie prania r\u0119cznego czy delikatnego.&nbsp;<\/p>\n<p><strong>Wymiary sp\u00f3dnicy w cm,<\/strong> mierzone na p\u0142asko:<\/p>\n<table style=\"height: 170px;\" width=\"533\">\n<tbody>\n<tr>\n<td width=\"143\">&nbsp;<\/td>\n<td style=\"text-align: center;\" width=\"64\">X<strong>S<\/strong><\/td>\n<td style=\"text-align: center;\" width=\"64\"><strong>S<\/strong><\/td>\n<td style=\"text-align: center;\" width=\"64\"><strong>M<\/strong><\/td>\n<td style=\"text-align: center;\" width=\"64\"><strong>L<\/strong><\/td>\n<\/tr>\n<tr>\n<td>pas na p\u0142asko bez rozci\u0105gania<\/td>\n<td style=\"text-align: center;\">29<\/td>\n<td style=\"text-align: center;\">31<\/td>\n<td style=\"text-align: center;\">33<\/td>\n<td style=\"text-align: center;\">35<\/td>\n<\/tr>\n<tr>\n<td width=\"143\">szeroko\u015b\u0107 w biodrach<\/td>\n<td style=\"text-align: center;\">39-43<\/td>\n<td style=\"text-align: center;\">41-44<\/td>\n<td style=\"text-align: center;\">43-46<\/td>\n<td style=\"text-align: center;\">45-48<\/td>\n<\/tr>\n<tr>\n<td width=\"143\">d\u0142ugo\u015b\u0107<\/td>\n<td style=\"text-align: center;\">43<\/td>\n<td style=\"text-align: center;\">43<\/td>\n<td style=\"text-align: center;\">44<\/td>\n<td style=\"text-align: center;\">45<\/td>\n<\/tr>\n<\/tbody>\n<\/table>\n<p>&nbsp;<\/p>\n","protected":false},"featured_media":112440,"template":"","meta":{"_themeisle_gutenberg_block_has_review":false},"product_cat":[576],"product_tag":[797],"acf":[],"yoast_head":"<!-- This site is optimized with the Yoast SEO plugin v21.2 - https:\/\/yoast.com\/wordpress\/plugins\/seo\/ -->\n<title>sp\u00f3dnica cekinowa Mila Sparkle Star mini - Kids on the Moon<\/title>\n<meta name=\"robots\" content=\"index, follow, max-snippet:-1, max-image-preview:large, max-video-preview:-1\" \/>\n<link rel=\"canonical\" href=\"https:\/\/kidsonthemoon.com\/pl\/produkt\/spodnica-cekinowa-mila-sparkle-star-mini\/\" \/>\n<meta property=\"og:locale\" content=\"pl_PL\" \/>\n<meta property=\"og:type\" content=\"article\" \/>\n<meta property=\"og:title\" content=\"sp\u00f3dnica cekinowa Mila Sparkle Star mini - Kids on the Moon\" \/>\n<meta property=\"og:description\" content=\"Super seksowna cekinowa mini - kwintesencja nowoczesnego szyku. Sp\u00f3dnica jest g\u0119sto wyszywana wysokiej jako\u015bci po\u0142yskuj\u0105cymi, czarnymi cekinami o \u015brednicy 0,5 cm, uk\u0142adaj\u0105cymi si\u0119 w efektowny wz\u00f3r \u0142uski. Elastyczna baza oraz delikatna dzianinowa podszewka zapewniaj\u0105 wygod\u0119 i idealne dopasowanie, pozwalaj\u0105c na swobod\u0119 ruch\u00f3w. Drapowanie sp\u00f3dnicy nie tylko dodaje jej dynamiki, ale tak\u017ce dyskretnie modeluje sylwetk\u0119. To uniwersalny must-have w szafie ka\u017cdej fashionistki: idealny na imprez\u0119 w zestawie z topem i marynark\u0105, \u015bwietnie sprawdzi si\u0119 w codziennym wydaniu z oversize&#039;owym swetrem i wysokimi kozakami. W street&#039;owym stylu po\u0142\u0105cz j\u0105 z motocyklowymi butami, aby stworzy\u0107 mocny miejski look. Nie zapomnij o dodatkach \u2013 cekinowe szpilki lub minimalistyczna torebka podkre\u015bl\u0105 wyj\u0105tkowo\u015b\u0107 tej kreacji.&nbsp;&nbsp;  Sk\u0142ad: 97% poliester, 3% elastan, podszewka: 92% wiskoza, 8% elastan  Piel\u0119gnacja: pra\u0107 r\u0119cznie w letniej wodzie, z dodatkiem delikatnego \u015brodka pior\u0105cego. Nie wirowa\u0107, nie wy\u017cyma\u0107, suszy\u0107 najlepiej w pozycji le\u017c\u0105cej, np. na r\u0119czniku. Nie zalecamy&nbsp;prania&nbsp;w pralce automatycznej, nawet w programie prania r\u0119cznego czy delikatnego.&nbsp;  Wymiary sp\u00f3dnicy w cm, mierzone na p\u0142asko:    &nbsp; XS S M L   pas na p\u0142asko bez rozci\u0105gania 29 31 33 35   szeroko\u015b\u0107 w biodrach 39-43 41-44 43-46 45-48   d\u0142ugo\u015b\u0107 43 43 44 45    &nbsp;\" \/>\n<meta property=\"og:url\" content=\"https:\/\/kidsonthemoon.com\/pl\/produkt\/spodnica-cekinowa-mila-sparkle-star-mini\/\" \/>\n<meta property=\"og:site_name\" content=\"Kids on the Moon\" \/>\n<meta property=\"article:publisher\" content=\"https:\/\/www.facebook.com\/Kids-on-the-Moon-223747864407076\" \/>\n<meta property=\"article:modified_time\" content=\"2025-08-27T13:47:51+00:00\" \/>\n<meta property=\"og:image\" content=\"https:\/\/kidsonthemoon.com\/wp-content\/uploads\/2024\/10\/t-shirt_partyanimal.jpg\" \/>\n\t<meta property=\"og:image:width\" content=\"1000\" \/>\n\t<meta property=\"og:image:height\" content=\"1400\" \/>\n\t<meta property=\"og:image:type\" content=\"image\/jpeg\" \/>\n<meta name=\"twitter:card\" content=\"summary_large_image\" \/>\n<script type=\"application\/ld+json\" class=\"yoast-schema-graph\">{\"@context\":\"https:\/\/schema.org\",\"@graph\":[{\"@type\":\"WebPage\",\"@id\":\"https:\/\/kidsonthemoon.com\/pl\/produkt\/spodnica-cekinowa-mila-sparkle-star-mini\/\",\"url\":\"https:\/\/kidsonthemoon.com\/pl\/produkt\/spodnica-cekinowa-mila-sparkle-star-mini\/\",\"name\":\"sp\u00f3dnica cekinowa Mila Sparkle Star mini - Kids on the Moon\",\"isPartOf\":{\"@id\":\"https:\/\/kidsonthemoon.com\/pl\/#website\"},\"datePublished\":\"2024-12-03T23:14:37+00:00\",\"dateModified\":\"2025-08-27T13:47:51+00:00\",\"breadcrumb\":{\"@id\":\"https:\/\/kidsonthemoon.com\/pl\/produkt\/spodnica-cekinowa-mila-sparkle-star-mini\/#breadcrumb\"},\"inLanguage\":\"pl-PL\",\"potentialAction\":[{\"@type\":\"ReadAction\",\"target\":[\"https:\/\/kidsonthemoon.com\/pl\/produkt\/spodnica-cekinowa-mila-sparkle-star-mini\/\"]}]},{\"@type\":\"BreadcrumbList\",\"@id\":\"https:\/\/kidsonthemoon.com\/pl\/produkt\/spodnica-cekinowa-mila-sparkle-star-mini\/#breadcrumb\",\"itemListElement\":[{\"@type\":\"ListItem\",\"position\":1,\"name\":\"Strona g\u0142\u00f3wna\",\"item\":\"https:\/\/kidsonthemoon.com\/pl\/\"},{\"@type\":\"ListItem\",\"position\":2,\"name\":\"Sklep\",\"item\":\"https:\/\/kidsonthemoon.com\/pl\/sklep\/\"},{\"@type\":\"ListItem\",\"position\":3,\"name\":\"sp\u00f3dnica cekinowa Mila Sparkle Star mini\"}]},{\"@type\":\"WebSite\",\"@id\":\"https:\/\/kidsonthemoon.com\/pl\/#website\",\"url\":\"https:\/\/kidsonthemoon.com\/pl\/\",\"name\":\"Kids on the Moon\",\"description\":\"odpowiedzialna moda dla dzieci | sklep online dla dzieci\",\"publisher\":{\"@id\":\"https:\/\/kidsonthemoon.com\/pl\/#organization\"},\"potentialAction\":[{\"@type\":\"SearchAction\",\"target\":{\"@type\":\"EntryPoint\",\"urlTemplate\":\"https:\/\/kidsonthemoon.com\/pl\/?s={search_term_string}\"},\"query-input\":\"required name=search_term_string\"}],\"inLanguage\":\"pl-PL\"},{\"@type\":\"Organization\",\"@id\":\"https:\/\/kidsonthemoon.com\/pl\/#organization\",\"name\":\"Kids on the Moon\",\"url\":\"https:\/\/kidsonthemoon.com\/pl\/\",\"logo\":{\"@type\":\"ImageObject\",\"inLanguage\":\"pl-PL\",\"@id\":\"https:\/\/kidsonthemoon.com\/pl\/#\/schema\/logo\/image\/\",\"url\":\"https:\/\/kidsonthemoon.com\/wp-content\/uploads\/2021\/02\/kotm_logo.png\",\"contentUrl\":\"https:\/\/kidsonthemoon.com\/wp-content\/uploads\/2021\/02\/kotm_logo.png\",\"width\":410,\"height\":47,\"caption\":\"Kids on the Moon\"},\"image\":{\"@id\":\"https:\/\/kidsonthemoon.com\/pl\/#\/schema\/logo\/image\/\"},\"sameAs\":[\"https:\/\/www.facebook.com\/Kids-on-the-Moon-223747864407076\",\"https:\/\/www.instagram.com\/kidsonthemoon\/\",\"https:\/\/pl.pinterest.com\/kotm2013\/pins\/\"]}]}<\/script>\n<!-- \/ Yoast SEO plugin. -->","yoast_head_json":{"title":"sp\u00f3dnica cekinowa Mila Sparkle Star mini - Kids on the Moon","robots":{"index":"index","follow":"follow","max-snippet":"max-snippet:-1","max-image-preview":"max-image-preview:large","max-video-preview":"max-video-preview:-1"},"canonical":"https:\/\/kidsonthemoon.com\/pl\/produkt\/spodnica-cekinowa-mila-sparkle-star-mini\/","og_locale":"pl_PL","og_type":"article","og_title":"sp\u00f3dnica cekinowa Mila Sparkle Star mini - Kids on the Moon","og_description":"Super seksowna cekinowa mini - kwintesencja nowoczesnego szyku. Sp\u00f3dnica jest g\u0119sto wyszywana wysokiej jako\u015bci po\u0142yskuj\u0105cymi, czarnymi cekinami o \u015brednicy 0,5 cm, uk\u0142adaj\u0105cymi si\u0119 w efektowny wz\u00f3r \u0142uski. Elastyczna baza oraz delikatna dzianinowa podszewka zapewniaj\u0105 wygod\u0119 i idealne dopasowanie, pozwalaj\u0105c na swobod\u0119 ruch\u00f3w. Drapowanie sp\u00f3dnicy nie tylko dodaje jej dynamiki, ale tak\u017ce dyskretnie modeluje sylwetk\u0119. To uniwersalny must-have w szafie ka\u017cdej fashionistki: idealny na imprez\u0119 w zestawie z topem i marynark\u0105, \u015bwietnie sprawdzi si\u0119 w codziennym wydaniu z oversize'owym swetrem i wysokimi kozakami. W street'owym stylu po\u0142\u0105cz j\u0105 z motocyklowymi butami, aby stworzy\u0107 mocny miejski look. Nie zapomnij o dodatkach \u2013 cekinowe szpilki lub minimalistyczna torebka podkre\u015bl\u0105 wyj\u0105tkowo\u015b\u0107 tej kreacji.&nbsp;&nbsp;  Sk\u0142ad: 97% poliester, 3% elastan, podszewka: 92% wiskoza, 8% elastan  Piel\u0119gnacja: pra\u0107 r\u0119cznie w letniej wodzie, z dodatkiem delikatnego \u015brodka pior\u0105cego. Nie wirowa\u0107, nie wy\u017cyma\u0107, suszy\u0107 najlepiej w pozycji le\u017c\u0105cej, np. na r\u0119czniku. Nie zalecamy&nbsp;prania&nbsp;w pralce automatycznej, nawet w programie prania r\u0119cznego czy delikatnego.&nbsp;  Wymiary sp\u00f3dnicy w cm, mierzone na p\u0142asko:    &nbsp; XS S M L   pas na p\u0142asko bez rozci\u0105gania 29 31 33 35   szeroko\u015b\u0107 w biodrach 39-43 41-44 43-46 45-48   d\u0142ugo\u015b\u0107 43 43 44 45    &nbsp;","og_url":"https:\/\/kidsonthemoon.com\/pl\/produkt\/spodnica-cekinowa-mila-sparkle-star-mini\/","og_site_name":"Kids on the Moon","article_publisher":"https:\/\/www.facebook.com\/Kids-on-the-Moon-223747864407076","article_modified_time":"2025-08-27T13:47:51+00:00","og_image":[{"width":1000,"height":1400,"url":"https:\/\/kidsonthemoon.com\/wp-content\/uploads\/2024\/10\/t-shirt_partyanimal.jpg","type":"image\/jpeg"}],"twitter_card":"summary_large_image","schema":{"@context":"https:\/\/schema.org","@graph":[{"@type":"WebPage","@id":"https:\/\/kidsonthemoon.com\/pl\/produkt\/spodnica-cekinowa-mila-sparkle-star-mini\/","url":"https:\/\/kidsonthemoon.com\/pl\/produkt\/spodnica-cekinowa-mila-sparkle-star-mini\/","name":"sp\u00f3dnica cekinowa Mila Sparkle Star mini - Kids on the Moon","isPartOf":{"@id":"https:\/\/kidsonthemoon.com\/pl\/#website"},"datePublished":"2024-12-03T23:14:37+00:00","dateModified":"2025-08-27T13:47:51+00:00","breadcrumb":{"@id":"https:\/\/kidsonthemoon.com\/pl\/produkt\/spodnica-cekinowa-mila-sparkle-star-mini\/#breadcrumb"},"inLanguage":"pl-PL","potentialAction":[{"@type":"ReadAction","target":["https:\/\/kidsonthemoon.com\/pl\/produkt\/spodnica-cekinowa-mila-sparkle-star-mini\/"]}]},{"@type":"BreadcrumbList","@id":"https:\/\/kidsonthemoon.com\/pl\/produkt\/spodnica-cekinowa-mila-sparkle-star-mini\/#breadcrumb","itemListElement":[{"@type":"ListItem","position":1,"name":"Strona g\u0142\u00f3wna","item":"https:\/\/kidsonthemoon.com\/pl\/"},{"@type":"ListItem","position":2,"name":"Sklep","item":"https:\/\/kidsonthemoon.com\/pl\/sklep\/"},{"@type":"ListItem","position":3,"name":"sp\u00f3dnica cekinowa Mila Sparkle Star mini"}]},{"@type":"WebSite","@id":"https:\/\/kidsonthemoon.com\/pl\/#website","url":"https:\/\/kidsonthemoon.com\/pl\/","name":"Kids on the Moon","description":"odpowiedzialna moda dla dzieci | sklep online dla dzieci","publisher":{"@id":"https:\/\/kidsonthemoon.com\/pl\/#organization"},"potentialAction":[{"@type":"SearchAction","target":{"@type":"EntryPoint","urlTemplate":"https:\/\/kidsonthemoon.com\/pl\/?s={search_term_string}"},"query-input":"required name=search_term_string"}],"inLanguage":"pl-PL"},{"@type":"Organization","@id":"https:\/\/kidsonthemoon.com\/pl\/#organization","name":"Kids on the Moon","url":"https:\/\/kidsonthemoon.com\/pl\/","logo":{"@type":"ImageObject","inLanguage":"pl-PL","@id":"https:\/\/kidsonthemoon.com\/pl\/#\/schema\/logo\/image\/","url":"https:\/\/kidsonthemoon.com\/wp-content\/uploads\/2021\/02\/kotm_logo.png","contentUrl":"https:\/\/kidsonthemoon.com\/wp-content\/uploads\/2021\/02\/kotm_logo.png","width":410,"height":47,"caption":"Kids on the Moon"},"image":{"@id":"https:\/\/kidsonthemoon.com\/pl\/#\/schema\/logo\/image\/"},"sameAs":["https:\/\/www.facebook.com\/Kids-on-the-Moon-223747864407076","https:\/\/www.instagram.com\/kidsonthemoon\/","https:\/\/pl.pinterest.com\/kotm2013\/pins\/"]}]}},"_links":{"self":[{"href":"https:\/\/kidsonthemoon.com\/pl\/wp-json\/wp\/v2\/product\/112699"}],"collection":[{"href":"https:\/\/kidsonthemoon.com\/pl\/wp-json\/wp\/v2\/product"}],"about":[{"href":"https:\/\/kidsonthemoon.com\/pl\/wp-json\/wp\/v2\/types\/product"}],"wp:featuredmedia":[{"embeddable":true,"href":"https:\/\/kidsonthemoon.com\/pl\/wp-json\/wp\/v2\/media\/112440"}],"wp:attachment":[{"href":"https:\/\/kidsonthemoon.com\/pl\/wp-json\/wp\/v2\/media?parent=112699"}],"wp:term":[{"taxonomy":"product_cat","embeddable":true,"href":"https:\/\/kidsonthemoon.com\/pl\/wp-json\/wp\/v2\/product_cat?post=112699"},{"taxonomy":"product_tag","embeddable":true,"href":"https:\/\/kidsonthemoon.com\/pl\/wp-json\/wp\/v2\/product_tag?post=112699"}],"curies":[{"name":"wp","href":"https:\/\/api.w.org\/{rel}","templated":true}]}}