{"id":112703,"date":"2024-12-04T00:14:44","date_gmt":"2024-12-03T23:14:44","guid":{"rendered":"https:\/\/kidsonthemoon.com\/?post_type=product&#038;p=112703"},"modified":"2025-11-17T11:58:38","modified_gmt":"2025-11-17T10:58:38","slug":"spodnica-cekinowa-mila-sparkle-star-midi","status":"publish","type":"product","link":"https:\/\/kidsonthemoon.com\/pl\/produkt\/spodnica-cekinowa-mila-sparkle-star-midi\/","title":{"rendered":"sp\u00f3dnica cekinowa Mila Sparkle Star midi"},"content":{"rendered":"","protected":false},"excerpt":{"rendered":"<p><span style=\"font-size: 13.5pt; font-family: 'Times New Roman',serif;\">Elegancka cekinowa sp\u00f3dnica midi \u2013 idealne po\u0142\u0105czenie klasy i glamour. Wykonana z najwy\u017cszej jako\u015bci czarnych cekin\u00f3w o \u015brednicy 0,5 cm, g\u0119sto naszywanych w efektowny wz\u00f3r \u0142uski, subtelnie odbijaj\u0105cych \u015bwiat\u0142o przy ka\u017cdym ruchu. Jej d\u0142ugo\u015b\u0107 midi dodaje wyrafinowania, a delikatne marszczenia na biodrach oraz z przodu i z ty\u0142u podkre\u015blaj\u0105 kobiec\u0105 sylwetk\u0119, jednocze\u015bnie nadaj\u0105c ca\u0142o\u015bci mi\u0119kko\u015bci i dynamiki. Sp\u00f3dnica podszyta jest cienk\u0105, elastyczn\u0105 podszewk\u0105. Super \u0142atwa w noszeniu, z gumk\u0105 w pasie, bez suwaka. Elastyczna dzianinowa baza i komfortowa podszewka sprawiaj\u0105, \u017ce sp\u00f3dnica doskonale dopasowuje si\u0119 do cia\u0142a, oferuj\u0105c nie tylko styl, ale tak\u017ce wygod\u0119. To ponadczasowy element garderoby, kt\u00f3ry z \u0142atwo\u015bci\u0105 dopasujesz do r\u00f3\u017cnych okazji \u2013 zestawiona z t-shirtem i szpilkami stworzy \u015bwietny wieczorowy look, a z grubym swetrem i botkami sprawdzi si\u0119 w bardziej casualowej ods\u0142onie.&nbsp;<\/span><\/p>\n<p><strong>Sk\u0142ad:<\/strong> 97% poliester, 3% elastan, podszewka: 100% poliester<\/p>\n<p><strong>Piel\u0119gnacja:<\/strong> pra\u0107 r\u0119cznie w letniej wodzie, z dodatkiem delikatnego \u015brodka pior\u0105cego. Nie wirowa\u0107, nie wy\u017cyma\u0107, suszy\u0107 najlepiej w pozycji le\u017c\u0105cej, np. na r\u0119czniku. Nie zalecamy&nbsp;prania<strong>&nbsp;<\/strong>w pralce automatycznej, nawet w programie prania r\u0119cznego czy delikatnego.&nbsp;<\/p>\n<p><strong>Wymiary sp\u00f3dnicy w cm,<\/strong> mierzone na p\u0142asko:<\/p>\n<table style=\"height: 170px;\" width=\"533\">\n<tbody>\n<tr>\n<td width=\"143\">&nbsp;<\/td>\n<td style=\"text-align: center;\" width=\"64\">X<strong>S<\/strong><\/td>\n<td style=\"text-align: center;\" width=\"64\"><strong>S<\/strong><\/td>\n<td style=\"text-align: center;\" width=\"64\"><strong>M<\/strong><\/td>\n<td style=\"text-align: center;\" width=\"64\"><strong>L<\/strong><\/td>\n<\/tr>\n<tr>\n<td>pas na p\u0142asko bez rozci\u0105gania<\/td>\n<td style=\"text-align: center;\">30<\/td>\n<td style=\"text-align: center;\">32<\/td>\n<td style=\"text-align: center;\">34<\/td>\n<td style=\"text-align: center;\">36<\/td>\n<\/tr>\n<tr>\n<td width=\"143\">szeroko\u015b\u0107 w biodrach<\/td>\n<td style=\"text-align: center;\">38-42<\/td>\n<td style=\"text-align: center;\">41-45<\/td>\n<td style=\"text-align: center;\">43-48<\/td>\n<td style=\"text-align: center;\">46-50<\/td>\n<\/tr>\n<tr>\n<td width=\"143\">d\u0142ugo\u015b\u0107<\/td>\n<td style=\"text-align: center;\">80<\/td>\n<td style=\"text-align: center;\">80<\/td>\n<td style=\"text-align: center;\">80<\/td>\n<td style=\"text-align: center;\">80<\/td>\n<\/tr>\n<\/tbody>\n<\/table>\n<p>&nbsp;<\/p>\n","protected":false},"featured_media":112446,"template":"","meta":{"_themeisle_gutenberg_block_has_review":false},"product_cat":[576],"product_tag":[797],"acf":[],"yoast_head":"<!-- This site is optimized with the Yoast SEO plugin v21.2 - https:\/\/yoast.com\/wordpress\/plugins\/seo\/ -->\n<title>sp\u00f3dnica cekinowa Mila Sparkle Star midi - Kids on the Moon<\/title>\n<meta name=\"robots\" content=\"index, follow, max-snippet:-1, max-image-preview:large, max-video-preview:-1\" \/>\n<link rel=\"canonical\" href=\"https:\/\/kidsonthemoon.com\/pl\/produkt\/spodnica-cekinowa-mila-sparkle-star-midi\/\" \/>\n<meta property=\"og:locale\" content=\"pl_PL\" \/>\n<meta property=\"og:type\" content=\"article\" \/>\n<meta property=\"og:title\" content=\"sp\u00f3dnica cekinowa Mila Sparkle Star midi - Kids on the Moon\" \/>\n<meta property=\"og:description\" content=\"Elegancka cekinowa sp\u00f3dnica midi \u2013 idealne po\u0142\u0105czenie klasy i glamour. Wykonana z najwy\u017cszej jako\u015bci czarnych cekin\u00f3w o \u015brednicy 0,5 cm, g\u0119sto naszywanych w efektowny wz\u00f3r \u0142uski, subtelnie odbijaj\u0105cych \u015bwiat\u0142o przy ka\u017cdym ruchu. Jej d\u0142ugo\u015b\u0107 midi dodaje wyrafinowania, a delikatne marszczenia na biodrach oraz z przodu i z ty\u0142u podkre\u015blaj\u0105 kobiec\u0105 sylwetk\u0119, jednocze\u015bnie nadaj\u0105c ca\u0142o\u015bci mi\u0119kko\u015bci i dynamiki. Sp\u00f3dnica podszyta jest cienk\u0105, elastyczn\u0105 podszewk\u0105. Super \u0142atwa w noszeniu, z gumk\u0105 w pasie, bez suwaka. Elastyczna dzianinowa baza i komfortowa podszewka sprawiaj\u0105, \u017ce sp\u00f3dnica doskonale dopasowuje si\u0119 do cia\u0142a, oferuj\u0105c nie tylko styl, ale tak\u017ce wygod\u0119. To ponadczasowy element garderoby, kt\u00f3ry z \u0142atwo\u015bci\u0105 dopasujesz do r\u00f3\u017cnych okazji \u2013 zestawiona z t-shirtem i szpilkami stworzy \u015bwietny wieczorowy look, a z grubym swetrem i botkami sprawdzi si\u0119 w bardziej casualowej ods\u0142onie.&nbsp;  Sk\u0142ad: 97% poliester, 3% elastan, podszewka: 100% poliester  Piel\u0119gnacja: pra\u0107 r\u0119cznie w letniej wodzie, z dodatkiem delikatnego \u015brodka pior\u0105cego. Nie wirowa\u0107, nie wy\u017cyma\u0107, suszy\u0107 najlepiej w pozycji le\u017c\u0105cej, np. na r\u0119czniku. Nie zalecamy&nbsp;prania&nbsp;w pralce automatycznej, nawet w programie prania r\u0119cznego czy delikatnego.&nbsp;  Wymiary sp\u00f3dnicy w cm, mierzone na p\u0142asko:    &nbsp; XS S M L   pas na p\u0142asko bez rozci\u0105gania 30 32 34 36   szeroko\u015b\u0107 w biodrach 38-42 41-45 43-48 46-50   d\u0142ugo\u015b\u0107 80 80 80 80    &nbsp;\" \/>\n<meta property=\"og:url\" content=\"https:\/\/kidsonthemoon.com\/pl\/produkt\/spodnica-cekinowa-mila-sparkle-star-midi\/\" \/>\n<meta property=\"og:site_name\" content=\"Kids on the Moon\" \/>\n<meta property=\"article:publisher\" content=\"https:\/\/www.facebook.com\/Kids-on-the-Moon-223747864407076\" \/>\n<meta property=\"article:modified_time\" content=\"2025-11-17T10:58:38+00:00\" \/>\n<meta property=\"og:image\" content=\"https:\/\/kidsonthemoon.com\/wp-content\/uploads\/2024\/10\/t-shirt_night_out_.jpg\" \/>\n\t<meta property=\"og:image:width\" content=\"1000\" \/>\n\t<meta property=\"og:image:height\" content=\"1400\" \/>\n\t<meta property=\"og:image:type\" content=\"image\/jpeg\" \/>\n<meta name=\"twitter:card\" content=\"summary_large_image\" \/>\n<script type=\"application\/ld+json\" class=\"yoast-schema-graph\">{\"@context\":\"https:\/\/schema.org\",\"@graph\":[{\"@type\":\"WebPage\",\"@id\":\"https:\/\/kidsonthemoon.com\/pl\/produkt\/spodnica-cekinowa-mila-sparkle-star-midi\/\",\"url\":\"https:\/\/kidsonthemoon.com\/pl\/produkt\/spodnica-cekinowa-mila-sparkle-star-midi\/\",\"name\":\"sp\u00f3dnica cekinowa Mila Sparkle Star midi - Kids on the Moon\",\"isPartOf\":{\"@id\":\"https:\/\/kidsonthemoon.com\/pl\/#website\"},\"datePublished\":\"2024-12-03T23:14:44+00:00\",\"dateModified\":\"2025-11-17T10:58:38+00:00\",\"breadcrumb\":{\"@id\":\"https:\/\/kidsonthemoon.com\/pl\/produkt\/spodnica-cekinowa-mila-sparkle-star-midi\/#breadcrumb\"},\"inLanguage\":\"pl-PL\",\"potentialAction\":[{\"@type\":\"ReadAction\",\"target\":[\"https:\/\/kidsonthemoon.com\/pl\/produkt\/spodnica-cekinowa-mila-sparkle-star-midi\/\"]}]},{\"@type\":\"BreadcrumbList\",\"@id\":\"https:\/\/kidsonthemoon.com\/pl\/produkt\/spodnica-cekinowa-mila-sparkle-star-midi\/#breadcrumb\",\"itemListElement\":[{\"@type\":\"ListItem\",\"position\":1,\"name\":\"Strona g\u0142\u00f3wna\",\"item\":\"https:\/\/kidsonthemoon.com\/pl\/\"},{\"@type\":\"ListItem\",\"position\":2,\"name\":\"Sklep\",\"item\":\"https:\/\/kidsonthemoon.com\/pl\/sklep\/\"},{\"@type\":\"ListItem\",\"position\":3,\"name\":\"sp\u00f3dnica cekinowa Mila Sparkle Star midi\"}]},{\"@type\":\"WebSite\",\"@id\":\"https:\/\/kidsonthemoon.com\/pl\/#website\",\"url\":\"https:\/\/kidsonthemoon.com\/pl\/\",\"name\":\"Kids on the Moon\",\"description\":\"odpowiedzialna moda dla dzieci | sklep online dla dzieci\",\"publisher\":{\"@id\":\"https:\/\/kidsonthemoon.com\/pl\/#organization\"},\"potentialAction\":[{\"@type\":\"SearchAction\",\"target\":{\"@type\":\"EntryPoint\",\"urlTemplate\":\"https:\/\/kidsonthemoon.com\/pl\/?s={search_term_string}\"},\"query-input\":\"required name=search_term_string\"}],\"inLanguage\":\"pl-PL\"},{\"@type\":\"Organization\",\"@id\":\"https:\/\/kidsonthemoon.com\/pl\/#organization\",\"name\":\"Kids on the Moon\",\"url\":\"https:\/\/kidsonthemoon.com\/pl\/\",\"logo\":{\"@type\":\"ImageObject\",\"inLanguage\":\"pl-PL\",\"@id\":\"https:\/\/kidsonthemoon.com\/pl\/#\/schema\/logo\/image\/\",\"url\":\"https:\/\/kidsonthemoon.com\/wp-content\/uploads\/2021\/02\/kotm_logo.png\",\"contentUrl\":\"https:\/\/kidsonthemoon.com\/wp-content\/uploads\/2021\/02\/kotm_logo.png\",\"width\":410,\"height\":47,\"caption\":\"Kids on the Moon\"},\"image\":{\"@id\":\"https:\/\/kidsonthemoon.com\/pl\/#\/schema\/logo\/image\/\"},\"sameAs\":[\"https:\/\/www.facebook.com\/Kids-on-the-Moon-223747864407076\",\"https:\/\/www.instagram.com\/kidsonthemoon\/\",\"https:\/\/pl.pinterest.com\/kotm2013\/pins\/\"]}]}<\/script>\n<!-- \/ Yoast SEO plugin. -->","yoast_head_json":{"title":"sp\u00f3dnica cekinowa Mila Sparkle Star midi - Kids on the Moon","robots":{"index":"index","follow":"follow","max-snippet":"max-snippet:-1","max-image-preview":"max-image-preview:large","max-video-preview":"max-video-preview:-1"},"canonical":"https:\/\/kidsonthemoon.com\/pl\/produkt\/spodnica-cekinowa-mila-sparkle-star-midi\/","og_locale":"pl_PL","og_type":"article","og_title":"sp\u00f3dnica cekinowa Mila Sparkle Star midi - Kids on the Moon","og_description":"Elegancka cekinowa sp\u00f3dnica midi \u2013 idealne po\u0142\u0105czenie klasy i glamour. Wykonana z najwy\u017cszej jako\u015bci czarnych cekin\u00f3w o \u015brednicy 0,5 cm, g\u0119sto naszywanych w efektowny wz\u00f3r \u0142uski, subtelnie odbijaj\u0105cych \u015bwiat\u0142o przy ka\u017cdym ruchu. Jej d\u0142ugo\u015b\u0107 midi dodaje wyrafinowania, a delikatne marszczenia na biodrach oraz z przodu i z ty\u0142u podkre\u015blaj\u0105 kobiec\u0105 sylwetk\u0119, jednocze\u015bnie nadaj\u0105c ca\u0142o\u015bci mi\u0119kko\u015bci i dynamiki. Sp\u00f3dnica podszyta jest cienk\u0105, elastyczn\u0105 podszewk\u0105. Super \u0142atwa w noszeniu, z gumk\u0105 w pasie, bez suwaka. Elastyczna dzianinowa baza i komfortowa podszewka sprawiaj\u0105, \u017ce sp\u00f3dnica doskonale dopasowuje si\u0119 do cia\u0142a, oferuj\u0105c nie tylko styl, ale tak\u017ce wygod\u0119. To ponadczasowy element garderoby, kt\u00f3ry z \u0142atwo\u015bci\u0105 dopasujesz do r\u00f3\u017cnych okazji \u2013 zestawiona z t-shirtem i szpilkami stworzy \u015bwietny wieczorowy look, a z grubym swetrem i botkami sprawdzi si\u0119 w bardziej casualowej ods\u0142onie.&nbsp;  Sk\u0142ad: 97% poliester, 3% elastan, podszewka: 100% poliester  Piel\u0119gnacja: pra\u0107 r\u0119cznie w letniej wodzie, z dodatkiem delikatnego \u015brodka pior\u0105cego. Nie wirowa\u0107, nie wy\u017cyma\u0107, suszy\u0107 najlepiej w pozycji le\u017c\u0105cej, np. na r\u0119czniku. Nie zalecamy&nbsp;prania&nbsp;w pralce automatycznej, nawet w programie prania r\u0119cznego czy delikatnego.&nbsp;  Wymiary sp\u00f3dnicy w cm, mierzone na p\u0142asko:    &nbsp; XS S M L   pas na p\u0142asko bez rozci\u0105gania 30 32 34 36   szeroko\u015b\u0107 w biodrach 38-42 41-45 43-48 46-50   d\u0142ugo\u015b\u0107 80 80 80 80    &nbsp;","og_url":"https:\/\/kidsonthemoon.com\/pl\/produkt\/spodnica-cekinowa-mila-sparkle-star-midi\/","og_site_name":"Kids on the Moon","article_publisher":"https:\/\/www.facebook.com\/Kids-on-the-Moon-223747864407076","article_modified_time":"2025-11-17T10:58:38+00:00","og_image":[{"width":1000,"height":1400,"url":"https:\/\/kidsonthemoon.com\/wp-content\/uploads\/2024\/10\/t-shirt_night_out_.jpg","type":"image\/jpeg"}],"twitter_card":"summary_large_image","schema":{"@context":"https:\/\/schema.org","@graph":[{"@type":"WebPage","@id":"https:\/\/kidsonthemoon.com\/pl\/produkt\/spodnica-cekinowa-mila-sparkle-star-midi\/","url":"https:\/\/kidsonthemoon.com\/pl\/produkt\/spodnica-cekinowa-mila-sparkle-star-midi\/","name":"sp\u00f3dnica cekinowa Mila Sparkle Star midi - Kids on the Moon","isPartOf":{"@id":"https:\/\/kidsonthemoon.com\/pl\/#website"},"datePublished":"2024-12-03T23:14:44+00:00","dateModified":"2025-11-17T10:58:38+00:00","breadcrumb":{"@id":"https:\/\/kidsonthemoon.com\/pl\/produkt\/spodnica-cekinowa-mila-sparkle-star-midi\/#breadcrumb"},"inLanguage":"pl-PL","potentialAction":[{"@type":"ReadAction","target":["https:\/\/kidsonthemoon.com\/pl\/produkt\/spodnica-cekinowa-mila-sparkle-star-midi\/"]}]},{"@type":"BreadcrumbList","@id":"https:\/\/kidsonthemoon.com\/pl\/produkt\/spodnica-cekinowa-mila-sparkle-star-midi\/#breadcrumb","itemListElement":[{"@type":"ListItem","position":1,"name":"Strona g\u0142\u00f3wna","item":"https:\/\/kidsonthemoon.com\/pl\/"},{"@type":"ListItem","position":2,"name":"Sklep","item":"https:\/\/kidsonthemoon.com\/pl\/sklep\/"},{"@type":"ListItem","position":3,"name":"sp\u00f3dnica cekinowa Mila Sparkle Star midi"}]},{"@type":"WebSite","@id":"https:\/\/kidsonthemoon.com\/pl\/#website","url":"https:\/\/kidsonthemoon.com\/pl\/","name":"Kids on the Moon","description":"odpowiedzialna moda dla dzieci | sklep online dla dzieci","publisher":{"@id":"https:\/\/kidsonthemoon.com\/pl\/#organization"},"potentialAction":[{"@type":"SearchAction","target":{"@type":"EntryPoint","urlTemplate":"https:\/\/kidsonthemoon.com\/pl\/?s={search_term_string}"},"query-input":"required name=search_term_string"}],"inLanguage":"pl-PL"},{"@type":"Organization","@id":"https:\/\/kidsonthemoon.com\/pl\/#organization","name":"Kids on the Moon","url":"https:\/\/kidsonthemoon.com\/pl\/","logo":{"@type":"ImageObject","inLanguage":"pl-PL","@id":"https:\/\/kidsonthemoon.com\/pl\/#\/schema\/logo\/image\/","url":"https:\/\/kidsonthemoon.com\/wp-content\/uploads\/2021\/02\/kotm_logo.png","contentUrl":"https:\/\/kidsonthemoon.com\/wp-content\/uploads\/2021\/02\/kotm_logo.png","width":410,"height":47,"caption":"Kids on the Moon"},"image":{"@id":"https:\/\/kidsonthemoon.com\/pl\/#\/schema\/logo\/image\/"},"sameAs":["https:\/\/www.facebook.com\/Kids-on-the-Moon-223747864407076","https:\/\/www.instagram.com\/kidsonthemoon\/","https:\/\/pl.pinterest.com\/kotm2013\/pins\/"]}]}},"_links":{"self":[{"href":"https:\/\/kidsonthemoon.com\/pl\/wp-json\/wp\/v2\/product\/112703"}],"collection":[{"href":"https:\/\/kidsonthemoon.com\/pl\/wp-json\/wp\/v2\/product"}],"about":[{"href":"https:\/\/kidsonthemoon.com\/pl\/wp-json\/wp\/v2\/types\/product"}],"wp:featuredmedia":[{"embeddable":true,"href":"https:\/\/kidsonthemoon.com\/pl\/wp-json\/wp\/v2\/media\/112446"}],"wp:attachment":[{"href":"https:\/\/kidsonthemoon.com\/pl\/wp-json\/wp\/v2\/media?parent=112703"}],"wp:term":[{"taxonomy":"product_cat","embeddable":true,"href":"https:\/\/kidsonthemoon.com\/pl\/wp-json\/wp\/v2\/product_cat?post=112703"},{"taxonomy":"product_tag","embeddable":true,"href":"https:\/\/kidsonthemoon.com\/pl\/wp-json\/wp\/v2\/product_tag?post=112703"}],"curies":[{"name":"wp","href":"https:\/\/api.w.org\/{rel}","templated":true}]}}