{"id":115663,"date":"2025-03-21T08:24:52","date_gmt":"2025-03-21T07:24:52","guid":{"rendered":"https:\/\/kidsonthemoon.com\/?post_type=product&#038;p=115663"},"modified":"2025-08-27T15:48:09","modified_gmt":"2025-08-27T13:48:09","slug":"spodnie-charlie-honey","status":"publish","type":"product","link":"https:\/\/kidsonthemoon.com\/pl\/produkt\/spodnie-charlie-honey\/","title":{"rendered":"spodnie Charlie honey"},"content":{"rendered":"","protected":false},"excerpt":{"rendered":"<p>Garniturowe, damskie spodnie&nbsp;o&nbsp;szerokiej, prostej nogawce, kt\u00f3re \u0142\u0105cz\u0105 elegancj\u0119 i swobodn\u0105 form\u0119.&nbsp;G\u0142\u0119boki miodowy odcie\u0144&nbsp;dodaje im ciep\u0142a i wyrazisto\u015bci, a inspirowany m\u0119sk\u0105 garderob\u0105 kr\u00f3j podkre\u015bla ich unikalny styl.&nbsp;Zapi\u0119cie na suwak, dopracowane detale i klasyczna linia sprawiaj\u0105, \u017ce idealnie sprawdz\u0105 si\u0119 zar\u00f3wno w codziennych, jak i bardziej eleganckich stylizacjach. No\u015b je z oversize\u2019ow\u0105 marynark\u0105, klasyczn\u0105 koszul\u0105 lub T-shirtem.&nbsp;Spodnie s\u0105 uszyte z cienkiego materia\u0142u tencel z dodatkiem lnu, produkowanego w przyjazny dla \u015brodowiska spos\u00f3b. Tkanina tencel w po\u0142\u0105czeniu z lnem jest przyjazna dla naszej sk\u00f3ry, zapewnia przewiewno\u015b\u0107 i doskona\u0142\u0105 termoregulacj\u0119.<\/p>\n<p><strong>Sk\u0142ad:<\/strong> 70% tencel, 30% len<\/p>\n<p><strong>Piel\u0119gnacja:<\/strong> Pra\u0107 r\u0119cznie w letniej wodzie, delikatnie ugniataj\u0105c, na koniec delikatnie ods\u0105czy\u0107 nadmiar wody i rozwiesi\u0107 do odciekni\u0119cia. Ze wzgl\u0119du na spos\u00f3b wyko\u0144czenia tkaniny, nie pociera\u0107, nie trze\u0107 i nie wy\u017cyma\u0107.&nbsp;<\/p>\n<p><strong>Wymiary spodni:<\/strong><\/p>\n<table style=\"height: 141px;\" width=\"520\">\n<tbody>\n<tr>\n<td width=\"109\">&nbsp;<\/td>\n<td style=\"text-align: center;\" width=\"64\"><strong>XS<\/strong><\/td>\n<td style=\"text-align: center;\" width=\"64\"><strong>S<\/strong><\/td>\n<td style=\"text-align: center;\" width=\"64\"><strong>M<\/strong><\/td>\n<td style=\"text-align: center;\" width=\"64\"><strong>L<\/strong><\/td>\n<\/tr>\n<tr>\n<td width=\"109\">szer. w pasie<\/td>\n<td style=\"text-align: center;\" width=\"64\">36<\/td>\n<td style=\"text-align: center;\" width=\"64\">38<\/td>\n<td style=\"text-align: center;\" width=\"64\">40<\/td>\n<td style=\"text-align: center;\" width=\"64\">42<\/td>\n<\/tr>\n<tr>\n<td style=\"text-align: left;\" width=\"109\">szer. w biodrach<\/td>\n<td style=\"text-align: center;\" width=\"64\">51<\/td>\n<td style=\"text-align: center;\" width=\"64\">54<\/td>\n<td style=\"text-align: center;\" width=\"64\">56<\/td>\n<td style=\"text-align: center;\" width=\"64\">58<\/td>\n<\/tr>\n<tr>\n<td style=\"text-align: left;\" width=\"109\">d\u0142ugo\u015b\u0107<\/td>\n<td style=\"text-align: center;\" width=\"64\">104,5<\/td>\n<td style=\"text-align: center;\" width=\"64\">104,5<\/td>\n<td style=\"text-align: center;\" width=\"64\">104,5<\/td>\n<td style=\"text-align: center;\" width=\"64\">104,5<\/td>\n<\/tr>\n<\/tbody>\n<\/table>\n","protected":false},"featured_media":115572,"template":"","meta":{"_themeisle_gutenberg_block_has_review":false},"product_cat":[565,753,818,571],"product_tag":[797],"acf":[],"yoast_head":"<!-- This site is optimized with the Yoast SEO plugin v21.2 - https:\/\/yoast.com\/wordpress\/plugins\/seo\/ -->\n<title>spodnie Charlie honey - Kids on the Moon<\/title>\n<meta name=\"robots\" content=\"index, follow, max-snippet:-1, max-image-preview:large, max-video-preview:-1\" \/>\n<link rel=\"canonical\" href=\"https:\/\/kidsonthemoon.com\/pl\/produkt\/spodnie-charlie-honey\/\" \/>\n<meta property=\"og:locale\" content=\"pl_PL\" \/>\n<meta property=\"og:type\" content=\"article\" \/>\n<meta property=\"og:title\" content=\"spodnie Charlie honey - Kids on the Moon\" \/>\n<meta property=\"og:description\" content=\"Garniturowe, damskie spodnie&nbsp;o&nbsp;szerokiej, prostej nogawce, kt\u00f3re \u0142\u0105cz\u0105 elegancj\u0119 i swobodn\u0105 form\u0119.&nbsp;G\u0142\u0119boki miodowy odcie\u0144&nbsp;dodaje im ciep\u0142a i wyrazisto\u015bci, a inspirowany m\u0119sk\u0105 garderob\u0105 kr\u00f3j podkre\u015bla ich unikalny styl.&nbsp;Zapi\u0119cie na suwak, dopracowane detale i klasyczna linia sprawiaj\u0105, \u017ce idealnie sprawdz\u0105 si\u0119 zar\u00f3wno w codziennych, jak i bardziej eleganckich stylizacjach. No\u015b je z oversize\u2019ow\u0105 marynark\u0105, klasyczn\u0105 koszul\u0105 lub T-shirtem.&nbsp;Spodnie s\u0105 uszyte z cienkiego materia\u0142u tencel z dodatkiem lnu, produkowanego w przyjazny dla \u015brodowiska spos\u00f3b. Tkanina tencel w po\u0142\u0105czeniu z lnem jest przyjazna dla naszej sk\u00f3ry, zapewnia przewiewno\u015b\u0107 i doskona\u0142\u0105 termoregulacj\u0119.  Sk\u0142ad: 70% tencel, 30% len  Piel\u0119gnacja: Pra\u0107 r\u0119cznie w letniej wodzie, delikatnie ugniataj\u0105c, na koniec delikatnie ods\u0105czy\u0107 nadmiar wody i rozwiesi\u0107 do odciekni\u0119cia. Ze wzgl\u0119du na spos\u00f3b wyko\u0144czenia tkaniny, nie pociera\u0107, nie trze\u0107 i nie wy\u017cyma\u0107.&nbsp;  Wymiary spodni:    &nbsp; XS S M L   szer. w pasie 36 38 40 42   szer. w biodrach 51 54 56 58   d\u0142ugo\u015b\u0107 104,5 104,5 104,5 104,5\" \/>\n<meta property=\"og:url\" content=\"https:\/\/kidsonthemoon.com\/pl\/produkt\/spodnie-charlie-honey\/\" \/>\n<meta property=\"og:site_name\" content=\"Kids on the Moon\" \/>\n<meta property=\"article:publisher\" content=\"https:\/\/www.facebook.com\/Kids-on-the-Moon-223747864407076\" \/>\n<meta property=\"article:modified_time\" content=\"2025-08-27T13:48:09+00:00\" \/>\n<meta property=\"og:image\" content=\"https:\/\/kidsonthemoon.com\/wp-content\/uploads\/2025\/03\/spodnie_gold_2.jpg\" \/>\n\t<meta property=\"og:image:width\" content=\"1000\" \/>\n\t<meta property=\"og:image:height\" content=\"1400\" \/>\n\t<meta property=\"og:image:type\" content=\"image\/jpeg\" \/>\n<meta name=\"twitter:card\" content=\"summary_large_image\" \/>\n<script type=\"application\/ld+json\" class=\"yoast-schema-graph\">{\"@context\":\"https:\/\/schema.org\",\"@graph\":[{\"@type\":\"WebPage\",\"@id\":\"https:\/\/kidsonthemoon.com\/pl\/produkt\/spodnie-charlie-honey\/\",\"url\":\"https:\/\/kidsonthemoon.com\/pl\/produkt\/spodnie-charlie-honey\/\",\"name\":\"spodnie Charlie honey - Kids on the Moon\",\"isPartOf\":{\"@id\":\"https:\/\/kidsonthemoon.com\/pl\/#website\"},\"datePublished\":\"2025-03-21T07:24:52+00:00\",\"dateModified\":\"2025-08-27T13:48:09+00:00\",\"breadcrumb\":{\"@id\":\"https:\/\/kidsonthemoon.com\/pl\/produkt\/spodnie-charlie-honey\/#breadcrumb\"},\"inLanguage\":\"pl-PL\",\"potentialAction\":[{\"@type\":\"ReadAction\",\"target\":[\"https:\/\/kidsonthemoon.com\/pl\/produkt\/spodnie-charlie-honey\/\"]}]},{\"@type\":\"BreadcrumbList\",\"@id\":\"https:\/\/kidsonthemoon.com\/pl\/produkt\/spodnie-charlie-honey\/#breadcrumb\",\"itemListElement\":[{\"@type\":\"ListItem\",\"position\":1,\"name\":\"Strona g\u0142\u00f3wna\",\"item\":\"https:\/\/kidsonthemoon.com\/pl\/\"},{\"@type\":\"ListItem\",\"position\":2,\"name\":\"Sklep\",\"item\":\"https:\/\/kidsonthemoon.com\/pl\/sklep\/\"},{\"@type\":\"ListItem\",\"position\":3,\"name\":\"spodnie Charlie honey\"}]},{\"@type\":\"WebSite\",\"@id\":\"https:\/\/kidsonthemoon.com\/pl\/#website\",\"url\":\"https:\/\/kidsonthemoon.com\/pl\/\",\"name\":\"Kids on the Moon\",\"description\":\"odpowiedzialna moda dla dzieci | sklep online dla dzieci\",\"publisher\":{\"@id\":\"https:\/\/kidsonthemoon.com\/pl\/#organization\"},\"potentialAction\":[{\"@type\":\"SearchAction\",\"target\":{\"@type\":\"EntryPoint\",\"urlTemplate\":\"https:\/\/kidsonthemoon.com\/pl\/?s={search_term_string}\"},\"query-input\":\"required name=search_term_string\"}],\"inLanguage\":\"pl-PL\"},{\"@type\":\"Organization\",\"@id\":\"https:\/\/kidsonthemoon.com\/pl\/#organization\",\"name\":\"Kids on the Moon\",\"url\":\"https:\/\/kidsonthemoon.com\/pl\/\",\"logo\":{\"@type\":\"ImageObject\",\"inLanguage\":\"pl-PL\",\"@id\":\"https:\/\/kidsonthemoon.com\/pl\/#\/schema\/logo\/image\/\",\"url\":\"https:\/\/kidsonthemoon.com\/wp-content\/uploads\/2021\/02\/kotm_logo.png\",\"contentUrl\":\"https:\/\/kidsonthemoon.com\/wp-content\/uploads\/2021\/02\/kotm_logo.png\",\"width\":410,\"height\":47,\"caption\":\"Kids on the Moon\"},\"image\":{\"@id\":\"https:\/\/kidsonthemoon.com\/pl\/#\/schema\/logo\/image\/\"},\"sameAs\":[\"https:\/\/www.facebook.com\/Kids-on-the-Moon-223747864407076\",\"https:\/\/www.instagram.com\/kidsonthemoon\/\",\"https:\/\/pl.pinterest.com\/kotm2013\/pins\/\"]}]}<\/script>\n<!-- \/ Yoast SEO plugin. -->","yoast_head_json":{"title":"spodnie Charlie honey - Kids on the Moon","robots":{"index":"index","follow":"follow","max-snippet":"max-snippet:-1","max-image-preview":"max-image-preview:large","max-video-preview":"max-video-preview:-1"},"canonical":"https:\/\/kidsonthemoon.com\/pl\/produkt\/spodnie-charlie-honey\/","og_locale":"pl_PL","og_type":"article","og_title":"spodnie Charlie honey - Kids on the Moon","og_description":"Garniturowe, damskie spodnie&nbsp;o&nbsp;szerokiej, prostej nogawce, kt\u00f3re \u0142\u0105cz\u0105 elegancj\u0119 i swobodn\u0105 form\u0119.&nbsp;G\u0142\u0119boki miodowy odcie\u0144&nbsp;dodaje im ciep\u0142a i wyrazisto\u015bci, a inspirowany m\u0119sk\u0105 garderob\u0105 kr\u00f3j podkre\u015bla ich unikalny styl.&nbsp;Zapi\u0119cie na suwak, dopracowane detale i klasyczna linia sprawiaj\u0105, \u017ce idealnie sprawdz\u0105 si\u0119 zar\u00f3wno w codziennych, jak i bardziej eleganckich stylizacjach. No\u015b je z oversize\u2019ow\u0105 marynark\u0105, klasyczn\u0105 koszul\u0105 lub T-shirtem.&nbsp;Spodnie s\u0105 uszyte z cienkiego materia\u0142u tencel z dodatkiem lnu, produkowanego w przyjazny dla \u015brodowiska spos\u00f3b. Tkanina tencel w po\u0142\u0105czeniu z lnem jest przyjazna dla naszej sk\u00f3ry, zapewnia przewiewno\u015b\u0107 i doskona\u0142\u0105 termoregulacj\u0119.  Sk\u0142ad: 70% tencel, 30% len  Piel\u0119gnacja: Pra\u0107 r\u0119cznie w letniej wodzie, delikatnie ugniataj\u0105c, na koniec delikatnie ods\u0105czy\u0107 nadmiar wody i rozwiesi\u0107 do odciekni\u0119cia. Ze wzgl\u0119du na spos\u00f3b wyko\u0144czenia tkaniny, nie pociera\u0107, nie trze\u0107 i nie wy\u017cyma\u0107.&nbsp;  Wymiary spodni:    &nbsp; XS S M L   szer. w pasie 36 38 40 42   szer. w biodrach 51 54 56 58   d\u0142ugo\u015b\u0107 104,5 104,5 104,5 104,5","og_url":"https:\/\/kidsonthemoon.com\/pl\/produkt\/spodnie-charlie-honey\/","og_site_name":"Kids on the Moon","article_publisher":"https:\/\/www.facebook.com\/Kids-on-the-Moon-223747864407076","article_modified_time":"2025-08-27T13:48:09+00:00","og_image":[{"width":1000,"height":1400,"url":"https:\/\/kidsonthemoon.com\/wp-content\/uploads\/2025\/03\/spodnie_gold_2.jpg","type":"image\/jpeg"}],"twitter_card":"summary_large_image","schema":{"@context":"https:\/\/schema.org","@graph":[{"@type":"WebPage","@id":"https:\/\/kidsonthemoon.com\/pl\/produkt\/spodnie-charlie-honey\/","url":"https:\/\/kidsonthemoon.com\/pl\/produkt\/spodnie-charlie-honey\/","name":"spodnie Charlie honey - Kids on the Moon","isPartOf":{"@id":"https:\/\/kidsonthemoon.com\/pl\/#website"},"datePublished":"2025-03-21T07:24:52+00:00","dateModified":"2025-08-27T13:48:09+00:00","breadcrumb":{"@id":"https:\/\/kidsonthemoon.com\/pl\/produkt\/spodnie-charlie-honey\/#breadcrumb"},"inLanguage":"pl-PL","potentialAction":[{"@type":"ReadAction","target":["https:\/\/kidsonthemoon.com\/pl\/produkt\/spodnie-charlie-honey\/"]}]},{"@type":"BreadcrumbList","@id":"https:\/\/kidsonthemoon.com\/pl\/produkt\/spodnie-charlie-honey\/#breadcrumb","itemListElement":[{"@type":"ListItem","position":1,"name":"Strona g\u0142\u00f3wna","item":"https:\/\/kidsonthemoon.com\/pl\/"},{"@type":"ListItem","position":2,"name":"Sklep","item":"https:\/\/kidsonthemoon.com\/pl\/sklep\/"},{"@type":"ListItem","position":3,"name":"spodnie Charlie honey"}]},{"@type":"WebSite","@id":"https:\/\/kidsonthemoon.com\/pl\/#website","url":"https:\/\/kidsonthemoon.com\/pl\/","name":"Kids on the Moon","description":"odpowiedzialna moda dla dzieci | sklep online dla dzieci","publisher":{"@id":"https:\/\/kidsonthemoon.com\/pl\/#organization"},"potentialAction":[{"@type":"SearchAction","target":{"@type":"EntryPoint","urlTemplate":"https:\/\/kidsonthemoon.com\/pl\/?s={search_term_string}"},"query-input":"required name=search_term_string"}],"inLanguage":"pl-PL"},{"@type":"Organization","@id":"https:\/\/kidsonthemoon.com\/pl\/#organization","name":"Kids on the Moon","url":"https:\/\/kidsonthemoon.com\/pl\/","logo":{"@type":"ImageObject","inLanguage":"pl-PL","@id":"https:\/\/kidsonthemoon.com\/pl\/#\/schema\/logo\/image\/","url":"https:\/\/kidsonthemoon.com\/wp-content\/uploads\/2021\/02\/kotm_logo.png","contentUrl":"https:\/\/kidsonthemoon.com\/wp-content\/uploads\/2021\/02\/kotm_logo.png","width":410,"height":47,"caption":"Kids on the Moon"},"image":{"@id":"https:\/\/kidsonthemoon.com\/pl\/#\/schema\/logo\/image\/"},"sameAs":["https:\/\/www.facebook.com\/Kids-on-the-Moon-223747864407076","https:\/\/www.instagram.com\/kidsonthemoon\/","https:\/\/pl.pinterest.com\/kotm2013\/pins\/"]}]}},"_links":{"self":[{"href":"https:\/\/kidsonthemoon.com\/pl\/wp-json\/wp\/v2\/product\/115663"}],"collection":[{"href":"https:\/\/kidsonthemoon.com\/pl\/wp-json\/wp\/v2\/product"}],"about":[{"href":"https:\/\/kidsonthemoon.com\/pl\/wp-json\/wp\/v2\/types\/product"}],"wp:featuredmedia":[{"embeddable":true,"href":"https:\/\/kidsonthemoon.com\/pl\/wp-json\/wp\/v2\/media\/115572"}],"wp:attachment":[{"href":"https:\/\/kidsonthemoon.com\/pl\/wp-json\/wp\/v2\/media?parent=115663"}],"wp:term":[{"taxonomy":"product_cat","embeddable":true,"href":"https:\/\/kidsonthemoon.com\/pl\/wp-json\/wp\/v2\/product_cat?post=115663"},{"taxonomy":"product_tag","embeddable":true,"href":"https:\/\/kidsonthemoon.com\/pl\/wp-json\/wp\/v2\/product_tag?post=115663"}],"curies":[{"name":"wp","href":"https:\/\/api.w.org\/{rel}","templated":true}]}}