{"id":116246,"date":"2025-04-11T10:09:35","date_gmt":"2025-04-11T08:09:35","guid":{"rendered":"https:\/\/kidsonthemoon.com\/?post_type=product&#038;p=116246"},"modified":"2025-08-27T15:48:11","modified_gmt":"2025-08-27T13:48:11","slug":"t-shirt-yoga","status":"publish","type":"product","link":"https:\/\/kidsonthemoon.com\/pl\/produkt\/t-shirt-yoga\/","title":{"rendered":"t-shirt Yoga"},"content":{"rendered":"","protected":false},"excerpt":{"rendered":"<p>T-shirt damski Yoga to dopasowany model w klasycznym bia\u0142ym kolorze. Z przodu granatowy napis &#8220;<i>yoga<\/i>&#8221; wykonany technik\u0105 flock. Jego kr\u00f3j delikatnie przylega do cia\u0142a, zapewniaj\u0105c wci\u0105\u017c komfort i swobod\u0119 ruchu. Ta koszulka jest idealna zar\u00f3wno na porann\u0105 praktyk\u0119 jogi, jak i na codzienne aktywno\u015bci. Wykonana z mi\u0119kkiej bawe\u0142nianej dzianiny. \u0141\u0105czy minimalistyczny design z funkcjonalno\u015bci\u0105. To t-shirt, kt\u00f3ry przypomina o wewn\u0119trznej r\u00f3wnowadze i spokoju, idealny na chwile po\u015bwi\u0119cone tylko sobie.<\/p>\n<p><strong>Sk\u0142ad:<\/strong> 92% bawe\u0142na, 8% elastan<\/p>\n<p><strong>Wymiary t-shirtu w cm.:<\/strong><\/p>\n<table width=\"521\">\n<tbody>\n<tr>\n<td width=\"143\">&nbsp;<\/td>\n<td style=\"text-align: center;\" width=\"64\"><strong>XS<\/strong><\/td>\n<td style=\"text-align: center;\" width=\"64\"><strong>S<\/strong><\/td>\n<td style=\"text-align: center;\" width=\"64\"><strong>M<\/strong><\/td>\n<td style=\"text-align: center;\" width=\"64\"><strong>L<\/strong><\/td>\n<\/tr>\n<tr>\n<td>szeroko\u015b\u0107 w biu\u015bcie<\/td>\n<td style=\"text-align: center;\">46<\/td>\n<td style=\"text-align: center;\">48<\/td>\n<td style=\"text-align: center;\">50<\/td>\n<td style=\"text-align: center;\">52<\/td>\n<\/tr>\n<tr>\n<td style=\"text-align: left;\">d\u0142ugo\u015b\u0107 od ramienia przy dekolcie<\/td>\n<td style=\"text-align: center;\">56<\/td>\n<td style=\"text-align: center;\">57<\/td>\n<td style=\"text-align: center;\">58<\/td>\n<td style=\"text-align: center;\">59<\/td>\n<\/tr>\n<\/tbody>\n<\/table>\n","protected":false},"featured_media":116255,"template":"","meta":{"_themeisle_gutenberg_block_has_review":false},"product_cat":[818,600,813],"product_tag":[797],"acf":[],"yoast_head":"<!-- This site is optimized with the Yoast SEO plugin v21.2 - https:\/\/yoast.com\/wordpress\/plugins\/seo\/ -->\n<title>t-shirt Yoga - Kids on the Moon<\/title>\n<meta name=\"robots\" content=\"index, follow, max-snippet:-1, max-image-preview:large, max-video-preview:-1\" \/>\n<link rel=\"canonical\" href=\"https:\/\/kidsonthemoon.com\/pl\/produkt\/t-shirt-yoga\/\" \/>\n<meta property=\"og:locale\" content=\"pl_PL\" \/>\n<meta property=\"og:type\" content=\"article\" \/>\n<meta property=\"og:title\" content=\"t-shirt Yoga - Kids on the Moon\" \/>\n<meta property=\"og:description\" content=\"T-shirt damski Yoga to dopasowany model w klasycznym bia\u0142ym kolorze. Z przodu granatowy napis &quot;yoga&quot; wykonany technik\u0105 flock. Jego kr\u00f3j delikatnie przylega do cia\u0142a, zapewniaj\u0105c wci\u0105\u017c komfort i swobod\u0119 ruchu. Ta koszulka jest idealna zar\u00f3wno na porann\u0105 praktyk\u0119 jogi, jak i na codzienne aktywno\u015bci. Wykonana z mi\u0119kkiej bawe\u0142nianej dzianiny. \u0141\u0105czy minimalistyczny design z funkcjonalno\u015bci\u0105. To t-shirt, kt\u00f3ry przypomina o wewn\u0119trznej r\u00f3wnowadze i spokoju, idealny na chwile po\u015bwi\u0119cone tylko sobie.  Sk\u0142ad: 92% bawe\u0142na, 8% elastan  Wymiary t-shirtu w cm.:    &nbsp; XS S M L   szeroko\u015b\u0107 w biu\u015bcie 46 48 50 52   d\u0142ugo\u015b\u0107 od ramienia przy dekolcie 56 57 58 59\" \/>\n<meta property=\"og:url\" content=\"https:\/\/kidsonthemoon.com\/pl\/produkt\/t-shirt-yoga\/\" \/>\n<meta property=\"og:site_name\" content=\"Kids on the Moon\" \/>\n<meta property=\"article:publisher\" content=\"https:\/\/www.facebook.com\/Kids-on-the-Moon-223747864407076\" \/>\n<meta property=\"article:modified_time\" content=\"2025-08-27T13:48:11+00:00\" \/>\n<meta property=\"og:image\" content=\"https:\/\/kidsonthemoon.com\/wp-content\/uploads\/2025\/04\/t-shirt_yoga1.jpg\" \/>\n\t<meta property=\"og:image:width\" content=\"1000\" \/>\n\t<meta property=\"og:image:height\" content=\"1400\" \/>\n\t<meta property=\"og:image:type\" content=\"image\/jpeg\" \/>\n<meta name=\"twitter:card\" content=\"summary_large_image\" \/>\n<script type=\"application\/ld+json\" class=\"yoast-schema-graph\">{\"@context\":\"https:\/\/schema.org\",\"@graph\":[{\"@type\":\"WebPage\",\"@id\":\"https:\/\/kidsonthemoon.com\/pl\/produkt\/t-shirt-yoga\/\",\"url\":\"https:\/\/kidsonthemoon.com\/pl\/produkt\/t-shirt-yoga\/\",\"name\":\"t-shirt Yoga - Kids on the Moon\",\"isPartOf\":{\"@id\":\"https:\/\/kidsonthemoon.com\/pl\/#website\"},\"datePublished\":\"2025-04-11T08:09:35+00:00\",\"dateModified\":\"2025-08-27T13:48:11+00:00\",\"breadcrumb\":{\"@id\":\"https:\/\/kidsonthemoon.com\/pl\/produkt\/t-shirt-yoga\/#breadcrumb\"},\"inLanguage\":\"pl-PL\",\"potentialAction\":[{\"@type\":\"ReadAction\",\"target\":[\"https:\/\/kidsonthemoon.com\/pl\/produkt\/t-shirt-yoga\/\"]}]},{\"@type\":\"BreadcrumbList\",\"@id\":\"https:\/\/kidsonthemoon.com\/pl\/produkt\/t-shirt-yoga\/#breadcrumb\",\"itemListElement\":[{\"@type\":\"ListItem\",\"position\":1,\"name\":\"Strona g\u0142\u00f3wna\",\"item\":\"https:\/\/kidsonthemoon.com\/pl\/\"},{\"@type\":\"ListItem\",\"position\":2,\"name\":\"Sklep\",\"item\":\"https:\/\/kidsonthemoon.com\/pl\/sklep\/\"},{\"@type\":\"ListItem\",\"position\":3,\"name\":\"t-shirt Yoga\"}]},{\"@type\":\"WebSite\",\"@id\":\"https:\/\/kidsonthemoon.com\/pl\/#website\",\"url\":\"https:\/\/kidsonthemoon.com\/pl\/\",\"name\":\"Kids on the Moon\",\"description\":\"odpowiedzialna moda dla dzieci | sklep online dla dzieci\",\"publisher\":{\"@id\":\"https:\/\/kidsonthemoon.com\/pl\/#organization\"},\"potentialAction\":[{\"@type\":\"SearchAction\",\"target\":{\"@type\":\"EntryPoint\",\"urlTemplate\":\"https:\/\/kidsonthemoon.com\/pl\/?s={search_term_string}\"},\"query-input\":\"required name=search_term_string\"}],\"inLanguage\":\"pl-PL\"},{\"@type\":\"Organization\",\"@id\":\"https:\/\/kidsonthemoon.com\/pl\/#organization\",\"name\":\"Kids on the Moon\",\"url\":\"https:\/\/kidsonthemoon.com\/pl\/\",\"logo\":{\"@type\":\"ImageObject\",\"inLanguage\":\"pl-PL\",\"@id\":\"https:\/\/kidsonthemoon.com\/pl\/#\/schema\/logo\/image\/\",\"url\":\"https:\/\/kidsonthemoon.com\/wp-content\/uploads\/2021\/02\/kotm_logo.png\",\"contentUrl\":\"https:\/\/kidsonthemoon.com\/wp-content\/uploads\/2021\/02\/kotm_logo.png\",\"width\":410,\"height\":47,\"caption\":\"Kids on the Moon\"},\"image\":{\"@id\":\"https:\/\/kidsonthemoon.com\/pl\/#\/schema\/logo\/image\/\"},\"sameAs\":[\"https:\/\/www.facebook.com\/Kids-on-the-Moon-223747864407076\",\"https:\/\/www.instagram.com\/kidsonthemoon\/\",\"https:\/\/pl.pinterest.com\/kotm2013\/pins\/\"]}]}<\/script>\n<!-- \/ Yoast SEO plugin. -->","yoast_head_json":{"title":"t-shirt Yoga - Kids on the Moon","robots":{"index":"index","follow":"follow","max-snippet":"max-snippet:-1","max-image-preview":"max-image-preview:large","max-video-preview":"max-video-preview:-1"},"canonical":"https:\/\/kidsonthemoon.com\/pl\/produkt\/t-shirt-yoga\/","og_locale":"pl_PL","og_type":"article","og_title":"t-shirt Yoga - Kids on the Moon","og_description":"T-shirt damski Yoga to dopasowany model w klasycznym bia\u0142ym kolorze. Z przodu granatowy napis \"yoga\" wykonany technik\u0105 flock. Jego kr\u00f3j delikatnie przylega do cia\u0142a, zapewniaj\u0105c wci\u0105\u017c komfort i swobod\u0119 ruchu. Ta koszulka jest idealna zar\u00f3wno na porann\u0105 praktyk\u0119 jogi, jak i na codzienne aktywno\u015bci. Wykonana z mi\u0119kkiej bawe\u0142nianej dzianiny. \u0141\u0105czy minimalistyczny design z funkcjonalno\u015bci\u0105. To t-shirt, kt\u00f3ry przypomina o wewn\u0119trznej r\u00f3wnowadze i spokoju, idealny na chwile po\u015bwi\u0119cone tylko sobie.  Sk\u0142ad: 92% bawe\u0142na, 8% elastan  Wymiary t-shirtu w cm.:    &nbsp; XS S M L   szeroko\u015b\u0107 w biu\u015bcie 46 48 50 52   d\u0142ugo\u015b\u0107 od ramienia przy dekolcie 56 57 58 59","og_url":"https:\/\/kidsonthemoon.com\/pl\/produkt\/t-shirt-yoga\/","og_site_name":"Kids on the Moon","article_publisher":"https:\/\/www.facebook.com\/Kids-on-the-Moon-223747864407076","article_modified_time":"2025-08-27T13:48:11+00:00","og_image":[{"width":1000,"height":1400,"url":"https:\/\/kidsonthemoon.com\/wp-content\/uploads\/2025\/04\/t-shirt_yoga1.jpg","type":"image\/jpeg"}],"twitter_card":"summary_large_image","schema":{"@context":"https:\/\/schema.org","@graph":[{"@type":"WebPage","@id":"https:\/\/kidsonthemoon.com\/pl\/produkt\/t-shirt-yoga\/","url":"https:\/\/kidsonthemoon.com\/pl\/produkt\/t-shirt-yoga\/","name":"t-shirt Yoga - Kids on the Moon","isPartOf":{"@id":"https:\/\/kidsonthemoon.com\/pl\/#website"},"datePublished":"2025-04-11T08:09:35+00:00","dateModified":"2025-08-27T13:48:11+00:00","breadcrumb":{"@id":"https:\/\/kidsonthemoon.com\/pl\/produkt\/t-shirt-yoga\/#breadcrumb"},"inLanguage":"pl-PL","potentialAction":[{"@type":"ReadAction","target":["https:\/\/kidsonthemoon.com\/pl\/produkt\/t-shirt-yoga\/"]}]},{"@type":"BreadcrumbList","@id":"https:\/\/kidsonthemoon.com\/pl\/produkt\/t-shirt-yoga\/#breadcrumb","itemListElement":[{"@type":"ListItem","position":1,"name":"Strona g\u0142\u00f3wna","item":"https:\/\/kidsonthemoon.com\/pl\/"},{"@type":"ListItem","position":2,"name":"Sklep","item":"https:\/\/kidsonthemoon.com\/pl\/sklep\/"},{"@type":"ListItem","position":3,"name":"t-shirt Yoga"}]},{"@type":"WebSite","@id":"https:\/\/kidsonthemoon.com\/pl\/#website","url":"https:\/\/kidsonthemoon.com\/pl\/","name":"Kids on the Moon","description":"odpowiedzialna moda dla dzieci | sklep online dla dzieci","publisher":{"@id":"https:\/\/kidsonthemoon.com\/pl\/#organization"},"potentialAction":[{"@type":"SearchAction","target":{"@type":"EntryPoint","urlTemplate":"https:\/\/kidsonthemoon.com\/pl\/?s={search_term_string}"},"query-input":"required name=search_term_string"}],"inLanguage":"pl-PL"},{"@type":"Organization","@id":"https:\/\/kidsonthemoon.com\/pl\/#organization","name":"Kids on the Moon","url":"https:\/\/kidsonthemoon.com\/pl\/","logo":{"@type":"ImageObject","inLanguage":"pl-PL","@id":"https:\/\/kidsonthemoon.com\/pl\/#\/schema\/logo\/image\/","url":"https:\/\/kidsonthemoon.com\/wp-content\/uploads\/2021\/02\/kotm_logo.png","contentUrl":"https:\/\/kidsonthemoon.com\/wp-content\/uploads\/2021\/02\/kotm_logo.png","width":410,"height":47,"caption":"Kids on the Moon"},"image":{"@id":"https:\/\/kidsonthemoon.com\/pl\/#\/schema\/logo\/image\/"},"sameAs":["https:\/\/www.facebook.com\/Kids-on-the-Moon-223747864407076","https:\/\/www.instagram.com\/kidsonthemoon\/","https:\/\/pl.pinterest.com\/kotm2013\/pins\/"]}]}},"_links":{"self":[{"href":"https:\/\/kidsonthemoon.com\/pl\/wp-json\/wp\/v2\/product\/116246"}],"collection":[{"href":"https:\/\/kidsonthemoon.com\/pl\/wp-json\/wp\/v2\/product"}],"about":[{"href":"https:\/\/kidsonthemoon.com\/pl\/wp-json\/wp\/v2\/types\/product"}],"wp:featuredmedia":[{"embeddable":true,"href":"https:\/\/kidsonthemoon.com\/pl\/wp-json\/wp\/v2\/media\/116255"}],"wp:attachment":[{"href":"https:\/\/kidsonthemoon.com\/pl\/wp-json\/wp\/v2\/media?parent=116246"}],"wp:term":[{"taxonomy":"product_cat","embeddable":true,"href":"https:\/\/kidsonthemoon.com\/pl\/wp-json\/wp\/v2\/product_cat?post=116246"},{"taxonomy":"product_tag","embeddable":true,"href":"https:\/\/kidsonthemoon.com\/pl\/wp-json\/wp\/v2\/product_tag?post=116246"}],"curies":[{"name":"wp","href":"https:\/\/api.w.org\/{rel}","templated":true}]}}