{"id":116308,"date":"2025-04-11T10:09:38","date_gmt":"2025-04-11T08:09:38","guid":{"rendered":"https:\/\/kidsonthemoon.com\/?post_type=product&#038;p=116308"},"modified":"2025-10-02T11:53:26","modified_gmt":"2025-10-02T09:53:26","slug":"top-relax-harmony","status":"publish","type":"product","link":"https:\/\/kidsonthemoon.com\/pl\/produkt\/top-relax-harmony\/","title":{"rendered":"top Relax harmony"},"content":{"rendered":"","protected":false},"excerpt":{"rendered":"<p>Bezr\u0119kawnik damski Harmony to idealny wyb\u00f3r, gdy doceniasz harmoni\u0119 i spok\u00f3j. Wykonany z mi\u0119kkiej i cienkiej dzianiny drapanej z delikatnym, cienkim meszkiem od wewn\u0119trznej strony. W odcieniu szarego melan\u017cu, z wyhaftowanym napisem &#8220;harmony&#8221; w subtelnym fioletowym kolorze. Ten top emanuje spokojem i r\u00f3wnowag\u0105. Jego oversize&#8217;owy kr\u00f3j oraz sportowy charakter zapewniaj\u0105 pe\u0142n\u0105 swobod\u0119 ruch\u00f3w i komfort. To model, kt\u00f3ry przypomina nam, by d\u0105\u017cy\u0107 do wewn\u0119trznej harmonii. Sprawdzi si\u0119 zar\u00f3wno podczas relaksu, jak i aktywno\u015bci na \u015bwie\u017cym powietrzu. Doskonale komponuje si\u0119 z szarymi lu\u017anymi spodniami dresowymi Relax grey, tworz\u0105c idealny zestaw na chwile spokoju w zgodzie ze sob\u0105.<\/p>\n<p><strong>Sk\u0142ad:<\/strong> 92% bawe\u0142na, 8% elastan<\/p>\n<p><strong>Wymiary bluzy w cm. <\/strong>(+\/- 1-2 cm granica b\u0142\u0119du)<\/p>\n<table width=\"521\">\n<tbody>\n<tr>\n<td width=\"143\">&nbsp;<\/td>\n<td style=\"text-align: center;\" width=\"64\"><strong>XS<\/strong><\/td>\n<td style=\"text-align: center;\" width=\"64\"><strong>S<\/strong><\/td>\n<td style=\"text-align: center;\" width=\"64\"><strong>M<\/strong><\/td>\n<td style=\"text-align: center;\" width=\"64\"><strong>L<\/strong><\/td>\n<\/tr>\n<tr>\n<td>szeroko\u015b\u0107 w biu\u015bcie<\/td>\n<td style=\"text-align: center;\">56<\/td>\n<td style=\"text-align: center;\">59<\/td>\n<td style=\"text-align: center;\">62<\/td>\n<td style=\"text-align: center;\">65<\/td>\n<\/tr>\n<tr>\n<td style=\"text-align: left;\">d\u0142ugo\u015b\u0107 od ramienia przy dekolcie<\/td>\n<td style=\"text-align: center;\">55<\/td>\n<td style=\"text-align: center;\">57<\/td>\n<td style=\"text-align: center;\">59<\/td>\n<td style=\"text-align: center;\">61<\/td>\n<\/tr>\n<\/tbody>\n<\/table>\n","protected":false},"featured_media":116356,"template":"","meta":{"_themeisle_gutenberg_block_has_review":false},"product_cat":[601,818,813],"product_tag":[797],"acf":[],"yoast_head":"<!-- This site is optimized with the Yoast SEO plugin v21.2 - https:\/\/yoast.com\/wordpress\/plugins\/seo\/ -->\n<title>top Relax harmony - Kids on the Moon<\/title>\n<meta name=\"robots\" content=\"index, follow, max-snippet:-1, max-image-preview:large, max-video-preview:-1\" \/>\n<link rel=\"canonical\" href=\"https:\/\/kidsonthemoon.com\/pl\/produkt\/top-relax-harmony\/\" \/>\n<meta property=\"og:locale\" content=\"pl_PL\" \/>\n<meta property=\"og:type\" content=\"article\" \/>\n<meta property=\"og:title\" content=\"top Relax harmony - Kids on the Moon\" \/>\n<meta property=\"og:description\" content=\"Bezr\u0119kawnik damski Harmony to idealny wyb\u00f3r, gdy doceniasz harmoni\u0119 i spok\u00f3j. Wykonany z mi\u0119kkiej i cienkiej dzianiny drapanej z delikatnym, cienkim meszkiem od wewn\u0119trznej strony. W odcieniu szarego melan\u017cu, z wyhaftowanym napisem &quot;harmony&quot; w subtelnym fioletowym kolorze. Ten top emanuje spokojem i r\u00f3wnowag\u0105. Jego oversize&#039;owy kr\u00f3j oraz sportowy charakter zapewniaj\u0105 pe\u0142n\u0105 swobod\u0119 ruch\u00f3w i komfort. To model, kt\u00f3ry przypomina nam, by d\u0105\u017cy\u0107 do wewn\u0119trznej harmonii. Sprawdzi si\u0119 zar\u00f3wno podczas relaksu, jak i aktywno\u015bci na \u015bwie\u017cym powietrzu. Doskonale komponuje si\u0119 z szarymi lu\u017anymi spodniami dresowymi Relax grey, tworz\u0105c idealny zestaw na chwile spokoju w zgodzie ze sob\u0105.  Sk\u0142ad: 92% bawe\u0142na, 8% elastan  Wymiary bluzy w cm. (+\/- 1-2 cm granica b\u0142\u0119du)    &nbsp; XS S M L   szeroko\u015b\u0107 w biu\u015bcie 56 59 62 65   d\u0142ugo\u015b\u0107 od ramienia przy dekolcie 55 57 59 61\" \/>\n<meta property=\"og:url\" content=\"https:\/\/kidsonthemoon.com\/pl\/produkt\/top-relax-harmony\/\" \/>\n<meta property=\"og:site_name\" content=\"Kids on the Moon\" \/>\n<meta property=\"article:publisher\" content=\"https:\/\/www.facebook.com\/Kids-on-the-Moon-223747864407076\" \/>\n<meta property=\"article:modified_time\" content=\"2025-10-02T09:53:26+00:00\" \/>\n<meta property=\"og:image\" content=\"https:\/\/kidsonthemoon.com\/wp-content\/uploads\/2025\/04\/bezrekawnik_harmony.jpg.jpeg\" \/>\n\t<meta property=\"og:image:width\" content=\"914\" \/>\n\t<meta property=\"og:image:height\" content=\"1280\" \/>\n\t<meta property=\"og:image:type\" content=\"image\/jpeg\" \/>\n<meta name=\"twitter:card\" content=\"summary_large_image\" \/>\n<script type=\"application\/ld+json\" class=\"yoast-schema-graph\">{\"@context\":\"https:\/\/schema.org\",\"@graph\":[{\"@type\":\"WebPage\",\"@id\":\"https:\/\/kidsonthemoon.com\/pl\/produkt\/top-relax-harmony\/\",\"url\":\"https:\/\/kidsonthemoon.com\/pl\/produkt\/top-relax-harmony\/\",\"name\":\"top Relax harmony - Kids on the Moon\",\"isPartOf\":{\"@id\":\"https:\/\/kidsonthemoon.com\/pl\/#website\"},\"datePublished\":\"2025-04-11T08:09:38+00:00\",\"dateModified\":\"2025-10-02T09:53:26+00:00\",\"breadcrumb\":{\"@id\":\"https:\/\/kidsonthemoon.com\/pl\/produkt\/top-relax-harmony\/#breadcrumb\"},\"inLanguage\":\"pl-PL\",\"potentialAction\":[{\"@type\":\"ReadAction\",\"target\":[\"https:\/\/kidsonthemoon.com\/pl\/produkt\/top-relax-harmony\/\"]}]},{\"@type\":\"BreadcrumbList\",\"@id\":\"https:\/\/kidsonthemoon.com\/pl\/produkt\/top-relax-harmony\/#breadcrumb\",\"itemListElement\":[{\"@type\":\"ListItem\",\"position\":1,\"name\":\"Strona g\u0142\u00f3wna\",\"item\":\"https:\/\/kidsonthemoon.com\/pl\/\"},{\"@type\":\"ListItem\",\"position\":2,\"name\":\"Sklep\",\"item\":\"https:\/\/kidsonthemoon.com\/pl\/sklep\/\"},{\"@type\":\"ListItem\",\"position\":3,\"name\":\"top Relax harmony\"}]},{\"@type\":\"WebSite\",\"@id\":\"https:\/\/kidsonthemoon.com\/pl\/#website\",\"url\":\"https:\/\/kidsonthemoon.com\/pl\/\",\"name\":\"Kids on the Moon\",\"description\":\"odpowiedzialna moda dla dzieci | sklep online dla dzieci\",\"publisher\":{\"@id\":\"https:\/\/kidsonthemoon.com\/pl\/#organization\"},\"potentialAction\":[{\"@type\":\"SearchAction\",\"target\":{\"@type\":\"EntryPoint\",\"urlTemplate\":\"https:\/\/kidsonthemoon.com\/pl\/?s={search_term_string}\"},\"query-input\":\"required name=search_term_string\"}],\"inLanguage\":\"pl-PL\"},{\"@type\":\"Organization\",\"@id\":\"https:\/\/kidsonthemoon.com\/pl\/#organization\",\"name\":\"Kids on the Moon\",\"url\":\"https:\/\/kidsonthemoon.com\/pl\/\",\"logo\":{\"@type\":\"ImageObject\",\"inLanguage\":\"pl-PL\",\"@id\":\"https:\/\/kidsonthemoon.com\/pl\/#\/schema\/logo\/image\/\",\"url\":\"https:\/\/kidsonthemoon.com\/wp-content\/uploads\/2021\/02\/kotm_logo.png\",\"contentUrl\":\"https:\/\/kidsonthemoon.com\/wp-content\/uploads\/2021\/02\/kotm_logo.png\",\"width\":410,\"height\":47,\"caption\":\"Kids on the Moon\"},\"image\":{\"@id\":\"https:\/\/kidsonthemoon.com\/pl\/#\/schema\/logo\/image\/\"},\"sameAs\":[\"https:\/\/www.facebook.com\/Kids-on-the-Moon-223747864407076\",\"https:\/\/www.instagram.com\/kidsonthemoon\/\",\"https:\/\/pl.pinterest.com\/kotm2013\/pins\/\"]}]}<\/script>\n<!-- \/ Yoast SEO plugin. -->","yoast_head_json":{"title":"top Relax harmony - Kids on the Moon","robots":{"index":"index","follow":"follow","max-snippet":"max-snippet:-1","max-image-preview":"max-image-preview:large","max-video-preview":"max-video-preview:-1"},"canonical":"https:\/\/kidsonthemoon.com\/pl\/produkt\/top-relax-harmony\/","og_locale":"pl_PL","og_type":"article","og_title":"top Relax harmony - Kids on the Moon","og_description":"Bezr\u0119kawnik damski Harmony to idealny wyb\u00f3r, gdy doceniasz harmoni\u0119 i spok\u00f3j. Wykonany z mi\u0119kkiej i cienkiej dzianiny drapanej z delikatnym, cienkim meszkiem od wewn\u0119trznej strony. W odcieniu szarego melan\u017cu, z wyhaftowanym napisem \"harmony\" w subtelnym fioletowym kolorze. Ten top emanuje spokojem i r\u00f3wnowag\u0105. Jego oversize'owy kr\u00f3j oraz sportowy charakter zapewniaj\u0105 pe\u0142n\u0105 swobod\u0119 ruch\u00f3w i komfort. To model, kt\u00f3ry przypomina nam, by d\u0105\u017cy\u0107 do wewn\u0119trznej harmonii. Sprawdzi si\u0119 zar\u00f3wno podczas relaksu, jak i aktywno\u015bci na \u015bwie\u017cym powietrzu. Doskonale komponuje si\u0119 z szarymi lu\u017anymi spodniami dresowymi Relax grey, tworz\u0105c idealny zestaw na chwile spokoju w zgodzie ze sob\u0105.  Sk\u0142ad: 92% bawe\u0142na, 8% elastan  Wymiary bluzy w cm. (+\/- 1-2 cm granica b\u0142\u0119du)    &nbsp; XS S M L   szeroko\u015b\u0107 w biu\u015bcie 56 59 62 65   d\u0142ugo\u015b\u0107 od ramienia przy dekolcie 55 57 59 61","og_url":"https:\/\/kidsonthemoon.com\/pl\/produkt\/top-relax-harmony\/","og_site_name":"Kids on the Moon","article_publisher":"https:\/\/www.facebook.com\/Kids-on-the-Moon-223747864407076","article_modified_time":"2025-10-02T09:53:26+00:00","og_image":[{"width":914,"height":1280,"url":"https:\/\/kidsonthemoon.com\/wp-content\/uploads\/2025\/04\/bezrekawnik_harmony.jpg.jpeg","type":"image\/jpeg"}],"twitter_card":"summary_large_image","schema":{"@context":"https:\/\/schema.org","@graph":[{"@type":"WebPage","@id":"https:\/\/kidsonthemoon.com\/pl\/produkt\/top-relax-harmony\/","url":"https:\/\/kidsonthemoon.com\/pl\/produkt\/top-relax-harmony\/","name":"top Relax harmony - Kids on the Moon","isPartOf":{"@id":"https:\/\/kidsonthemoon.com\/pl\/#website"},"datePublished":"2025-04-11T08:09:38+00:00","dateModified":"2025-10-02T09:53:26+00:00","breadcrumb":{"@id":"https:\/\/kidsonthemoon.com\/pl\/produkt\/top-relax-harmony\/#breadcrumb"},"inLanguage":"pl-PL","potentialAction":[{"@type":"ReadAction","target":["https:\/\/kidsonthemoon.com\/pl\/produkt\/top-relax-harmony\/"]}]},{"@type":"BreadcrumbList","@id":"https:\/\/kidsonthemoon.com\/pl\/produkt\/top-relax-harmony\/#breadcrumb","itemListElement":[{"@type":"ListItem","position":1,"name":"Strona g\u0142\u00f3wna","item":"https:\/\/kidsonthemoon.com\/pl\/"},{"@type":"ListItem","position":2,"name":"Sklep","item":"https:\/\/kidsonthemoon.com\/pl\/sklep\/"},{"@type":"ListItem","position":3,"name":"top Relax harmony"}]},{"@type":"WebSite","@id":"https:\/\/kidsonthemoon.com\/pl\/#website","url":"https:\/\/kidsonthemoon.com\/pl\/","name":"Kids on the Moon","description":"odpowiedzialna moda dla dzieci | sklep online dla dzieci","publisher":{"@id":"https:\/\/kidsonthemoon.com\/pl\/#organization"},"potentialAction":[{"@type":"SearchAction","target":{"@type":"EntryPoint","urlTemplate":"https:\/\/kidsonthemoon.com\/pl\/?s={search_term_string}"},"query-input":"required name=search_term_string"}],"inLanguage":"pl-PL"},{"@type":"Organization","@id":"https:\/\/kidsonthemoon.com\/pl\/#organization","name":"Kids on the Moon","url":"https:\/\/kidsonthemoon.com\/pl\/","logo":{"@type":"ImageObject","inLanguage":"pl-PL","@id":"https:\/\/kidsonthemoon.com\/pl\/#\/schema\/logo\/image\/","url":"https:\/\/kidsonthemoon.com\/wp-content\/uploads\/2021\/02\/kotm_logo.png","contentUrl":"https:\/\/kidsonthemoon.com\/wp-content\/uploads\/2021\/02\/kotm_logo.png","width":410,"height":47,"caption":"Kids on the Moon"},"image":{"@id":"https:\/\/kidsonthemoon.com\/pl\/#\/schema\/logo\/image\/"},"sameAs":["https:\/\/www.facebook.com\/Kids-on-the-Moon-223747864407076","https:\/\/www.instagram.com\/kidsonthemoon\/","https:\/\/pl.pinterest.com\/kotm2013\/pins\/"]}]}},"_links":{"self":[{"href":"https:\/\/kidsonthemoon.com\/pl\/wp-json\/wp\/v2\/product\/116308"}],"collection":[{"href":"https:\/\/kidsonthemoon.com\/pl\/wp-json\/wp\/v2\/product"}],"about":[{"href":"https:\/\/kidsonthemoon.com\/pl\/wp-json\/wp\/v2\/types\/product"}],"wp:featuredmedia":[{"embeddable":true,"href":"https:\/\/kidsonthemoon.com\/pl\/wp-json\/wp\/v2\/media\/116356"}],"wp:attachment":[{"href":"https:\/\/kidsonthemoon.com\/pl\/wp-json\/wp\/v2\/media?parent=116308"}],"wp:term":[{"taxonomy":"product_cat","embeddable":true,"href":"https:\/\/kidsonthemoon.com\/pl\/wp-json\/wp\/v2\/product_cat?post=116308"},{"taxonomy":"product_tag","embeddable":true,"href":"https:\/\/kidsonthemoon.com\/pl\/wp-json\/wp\/v2\/product_tag?post=116308"}],"curies":[{"name":"wp","href":"https:\/\/api.w.org\/{rel}","templated":true}]}}