{"id":116712,"date":"2025-05-01T19:04:01","date_gmt":"2025-05-01T17:04:01","guid":{"rendered":"https:\/\/kidsonthemoon.com\/?post_type=product&#038;p=116712"},"modified":"2025-08-27T15:48:13","modified_gmt":"2025-08-27T13:48:13","slug":"sweter-diana-aqua","status":"publish","type":"product","link":"https:\/\/kidsonthemoon.com\/pl\/produkt\/sweter-diana-aqua\/","title":{"rendered":"sweter Diana aqua"},"content":{"rendered":"","protected":false},"excerpt":{"rendered":"<p>Lu\u017any, oversizowy damski sweter w zielono-niebieskie pasy, wykonany z organicznej bawe\u0142ny. G\u0142\u0119boki dekolt w serek, wyko\u0144czony szerokim \u015bci\u0105gaczem, sprawia, \u017ce model \u015bwietnie sprawdza si\u0119 wiosn\u0105 i latem. Kolorystyka inspirowana jest barwami wody i turkusowego morza \u2014 po\u0142\u0105czenie soczystej zieleni i intensywnego b\u0142\u0119kitu pi\u0119knie podkre\u015bli opalenizn\u0119. Sweter jest lekki i przewiewny, doskona\u0142y na wiosenne dni oraz ch\u0142odniejsze letnie wieczory. Swobodny kr\u00f3j z opadaj\u0105c\u0105 lini\u0105 ramion oraz \u015bci\u0105gaczami przy r\u0119kawach i dekolcie tworzy miejski styl po\u0142\u0105czony z wakacyjnym luzem. \u015awietnie komponuje si\u0119 z szortami, bia\u0142ymi letnimi sp\u00f3dnicami i klasycznymi jeansami.<\/p>\n<p><strong>Sk\u0142ad: 100% bawe\u0142na organiczna<\/strong><\/p>\n<p><strong>Wymiary swetra:<\/strong><\/p>\n<table style=\"height: 146px;\" width=\"473\">\n<tbody>\n<tr>\n<td width=\"119\">&nbsp;<\/td>\n<td style=\"text-align: center;\" width=\"64\"><strong>S\/M<\/strong><\/td>\n<td style=\"text-align: center;\" width=\"64\"><strong>M\/L<\/strong><\/td>\n<\/tr>\n<tr>\n<td>d\u0142ugo\u015b\u0107&nbsp;<\/td>\n<td style=\"text-align: center;\">65<\/td>\n<td style=\"text-align: center;\">70<\/td>\n<\/tr>\n<tr>\n<td style=\"text-align: left;\">szeroko\u015b\u0107 w biu\u015bcie<\/td>\n<td style=\"text-align: center;\">65<\/td>\n<td style=\"text-align: center;\">67<\/td>\n<\/tr>\n<\/tbody>\n<\/table>\n","protected":false},"featured_media":117066,"template":"","meta":{"_themeisle_gutenberg_block_has_review":false},"product_cat":[753,815],"product_tag":[797],"acf":[],"yoast_head":"<!-- This site is optimized with the Yoast SEO plugin v21.2 - https:\/\/yoast.com\/wordpress\/plugins\/seo\/ -->\n<title>sweter Diana aqua - Kids on the Moon<\/title>\n<meta name=\"robots\" content=\"index, follow, max-snippet:-1, max-image-preview:large, max-video-preview:-1\" \/>\n<link rel=\"canonical\" href=\"https:\/\/kidsonthemoon.com\/pl\/produkt\/sweter-diana-aqua\/\" \/>\n<meta property=\"og:locale\" content=\"pl_PL\" \/>\n<meta property=\"og:type\" content=\"article\" \/>\n<meta property=\"og:title\" content=\"sweter Diana aqua - Kids on the Moon\" \/>\n<meta property=\"og:description\" content=\"Lu\u017any, oversizowy damski sweter w zielono-niebieskie pasy, wykonany z organicznej bawe\u0142ny. G\u0142\u0119boki dekolt w serek, wyko\u0144czony szerokim \u015bci\u0105gaczem, sprawia, \u017ce model \u015bwietnie sprawdza si\u0119 wiosn\u0105 i latem. Kolorystyka inspirowana jest barwami wody i turkusowego morza \u2014 po\u0142\u0105czenie soczystej zieleni i intensywnego b\u0142\u0119kitu pi\u0119knie podkre\u015bli opalenizn\u0119. Sweter jest lekki i przewiewny, doskona\u0142y na wiosenne dni oraz ch\u0142odniejsze letnie wieczory. Swobodny kr\u00f3j z opadaj\u0105c\u0105 lini\u0105 ramion oraz \u015bci\u0105gaczami przy r\u0119kawach i dekolcie tworzy miejski styl po\u0142\u0105czony z wakacyjnym luzem. \u015awietnie komponuje si\u0119 z szortami, bia\u0142ymi letnimi sp\u00f3dnicami i klasycznymi jeansami.  Sk\u0142ad: 100% bawe\u0142na organiczna  Wymiary swetra:    &nbsp; S\/M M\/L   d\u0142ugo\u015b\u0107&nbsp; 65 70   szeroko\u015b\u0107 w biu\u015bcie 65 67\" \/>\n<meta property=\"og:url\" content=\"https:\/\/kidsonthemoon.com\/pl\/produkt\/sweter-diana-aqua\/\" \/>\n<meta property=\"og:site_name\" content=\"Kids on the Moon\" \/>\n<meta property=\"article:publisher\" content=\"https:\/\/www.facebook.com\/Kids-on-the-Moon-223747864407076\" \/>\n<meta property=\"article:modified_time\" content=\"2025-08-27T13:48:13+00:00\" \/>\n<meta property=\"og:image\" content=\"https:\/\/kidsonthemoon.com\/wp-content\/uploads\/2025\/04\/sweter_Diana_aqua2.jpg\" \/>\n\t<meta property=\"og:image:width\" content=\"1067\" \/>\n\t<meta property=\"og:image:height\" content=\"1600\" \/>\n\t<meta property=\"og:image:type\" content=\"image\/jpeg\" \/>\n<meta name=\"twitter:card\" content=\"summary_large_image\" \/>\n<script type=\"application\/ld+json\" class=\"yoast-schema-graph\">{\"@context\":\"https:\/\/schema.org\",\"@graph\":[{\"@type\":\"WebPage\",\"@id\":\"https:\/\/kidsonthemoon.com\/pl\/produkt\/sweter-diana-aqua\/\",\"url\":\"https:\/\/kidsonthemoon.com\/pl\/produkt\/sweter-diana-aqua\/\",\"name\":\"sweter Diana aqua - Kids on the Moon\",\"isPartOf\":{\"@id\":\"https:\/\/kidsonthemoon.com\/pl\/#website\"},\"datePublished\":\"2025-05-01T17:04:01+00:00\",\"dateModified\":\"2025-08-27T13:48:13+00:00\",\"breadcrumb\":{\"@id\":\"https:\/\/kidsonthemoon.com\/pl\/produkt\/sweter-diana-aqua\/#breadcrumb\"},\"inLanguage\":\"pl-PL\",\"potentialAction\":[{\"@type\":\"ReadAction\",\"target\":[\"https:\/\/kidsonthemoon.com\/pl\/produkt\/sweter-diana-aqua\/\"]}]},{\"@type\":\"BreadcrumbList\",\"@id\":\"https:\/\/kidsonthemoon.com\/pl\/produkt\/sweter-diana-aqua\/#breadcrumb\",\"itemListElement\":[{\"@type\":\"ListItem\",\"position\":1,\"name\":\"Strona g\u0142\u00f3wna\",\"item\":\"https:\/\/kidsonthemoon.com\/pl\/\"},{\"@type\":\"ListItem\",\"position\":2,\"name\":\"Sklep\",\"item\":\"https:\/\/kidsonthemoon.com\/pl\/sklep\/\"},{\"@type\":\"ListItem\",\"position\":3,\"name\":\"sweter Diana aqua\"}]},{\"@type\":\"WebSite\",\"@id\":\"https:\/\/kidsonthemoon.com\/pl\/#website\",\"url\":\"https:\/\/kidsonthemoon.com\/pl\/\",\"name\":\"Kids on the Moon\",\"description\":\"odpowiedzialna moda dla dzieci | sklep online dla dzieci\",\"publisher\":{\"@id\":\"https:\/\/kidsonthemoon.com\/pl\/#organization\"},\"potentialAction\":[{\"@type\":\"SearchAction\",\"target\":{\"@type\":\"EntryPoint\",\"urlTemplate\":\"https:\/\/kidsonthemoon.com\/pl\/?s={search_term_string}\"},\"query-input\":\"required name=search_term_string\"}],\"inLanguage\":\"pl-PL\"},{\"@type\":\"Organization\",\"@id\":\"https:\/\/kidsonthemoon.com\/pl\/#organization\",\"name\":\"Kids on the Moon\",\"url\":\"https:\/\/kidsonthemoon.com\/pl\/\",\"logo\":{\"@type\":\"ImageObject\",\"inLanguage\":\"pl-PL\",\"@id\":\"https:\/\/kidsonthemoon.com\/pl\/#\/schema\/logo\/image\/\",\"url\":\"https:\/\/kidsonthemoon.com\/wp-content\/uploads\/2021\/02\/kotm_logo.png\",\"contentUrl\":\"https:\/\/kidsonthemoon.com\/wp-content\/uploads\/2021\/02\/kotm_logo.png\",\"width\":410,\"height\":47,\"caption\":\"Kids on the Moon\"},\"image\":{\"@id\":\"https:\/\/kidsonthemoon.com\/pl\/#\/schema\/logo\/image\/\"},\"sameAs\":[\"https:\/\/www.facebook.com\/Kids-on-the-Moon-223747864407076\",\"https:\/\/www.instagram.com\/kidsonthemoon\/\",\"https:\/\/pl.pinterest.com\/kotm2013\/pins\/\"]}]}<\/script>\n<!-- \/ Yoast SEO plugin. -->","yoast_head_json":{"title":"sweter Diana aqua - Kids on the Moon","robots":{"index":"index","follow":"follow","max-snippet":"max-snippet:-1","max-image-preview":"max-image-preview:large","max-video-preview":"max-video-preview:-1"},"canonical":"https:\/\/kidsonthemoon.com\/pl\/produkt\/sweter-diana-aqua\/","og_locale":"pl_PL","og_type":"article","og_title":"sweter Diana aqua - Kids on the Moon","og_description":"Lu\u017any, oversizowy damski sweter w zielono-niebieskie pasy, wykonany z organicznej bawe\u0142ny. G\u0142\u0119boki dekolt w serek, wyko\u0144czony szerokim \u015bci\u0105gaczem, sprawia, \u017ce model \u015bwietnie sprawdza si\u0119 wiosn\u0105 i latem. Kolorystyka inspirowana jest barwami wody i turkusowego morza \u2014 po\u0142\u0105czenie soczystej zieleni i intensywnego b\u0142\u0119kitu pi\u0119knie podkre\u015bli opalenizn\u0119. Sweter jest lekki i przewiewny, doskona\u0142y na wiosenne dni oraz ch\u0142odniejsze letnie wieczory. Swobodny kr\u00f3j z opadaj\u0105c\u0105 lini\u0105 ramion oraz \u015bci\u0105gaczami przy r\u0119kawach i dekolcie tworzy miejski styl po\u0142\u0105czony z wakacyjnym luzem. \u015awietnie komponuje si\u0119 z szortami, bia\u0142ymi letnimi sp\u00f3dnicami i klasycznymi jeansami.  Sk\u0142ad: 100% bawe\u0142na organiczna  Wymiary swetra:    &nbsp; S\/M M\/L   d\u0142ugo\u015b\u0107&nbsp; 65 70   szeroko\u015b\u0107 w biu\u015bcie 65 67","og_url":"https:\/\/kidsonthemoon.com\/pl\/produkt\/sweter-diana-aqua\/","og_site_name":"Kids on the Moon","article_publisher":"https:\/\/www.facebook.com\/Kids-on-the-Moon-223747864407076","article_modified_time":"2025-08-27T13:48:13+00:00","og_image":[{"width":1067,"height":1600,"url":"https:\/\/kidsonthemoon.com\/wp-content\/uploads\/2025\/04\/sweter_Diana_aqua2.jpg","type":"image\/jpeg"}],"twitter_card":"summary_large_image","schema":{"@context":"https:\/\/schema.org","@graph":[{"@type":"WebPage","@id":"https:\/\/kidsonthemoon.com\/pl\/produkt\/sweter-diana-aqua\/","url":"https:\/\/kidsonthemoon.com\/pl\/produkt\/sweter-diana-aqua\/","name":"sweter Diana aqua - Kids on the Moon","isPartOf":{"@id":"https:\/\/kidsonthemoon.com\/pl\/#website"},"datePublished":"2025-05-01T17:04:01+00:00","dateModified":"2025-08-27T13:48:13+00:00","breadcrumb":{"@id":"https:\/\/kidsonthemoon.com\/pl\/produkt\/sweter-diana-aqua\/#breadcrumb"},"inLanguage":"pl-PL","potentialAction":[{"@type":"ReadAction","target":["https:\/\/kidsonthemoon.com\/pl\/produkt\/sweter-diana-aqua\/"]}]},{"@type":"BreadcrumbList","@id":"https:\/\/kidsonthemoon.com\/pl\/produkt\/sweter-diana-aqua\/#breadcrumb","itemListElement":[{"@type":"ListItem","position":1,"name":"Strona g\u0142\u00f3wna","item":"https:\/\/kidsonthemoon.com\/pl\/"},{"@type":"ListItem","position":2,"name":"Sklep","item":"https:\/\/kidsonthemoon.com\/pl\/sklep\/"},{"@type":"ListItem","position":3,"name":"sweter Diana aqua"}]},{"@type":"WebSite","@id":"https:\/\/kidsonthemoon.com\/pl\/#website","url":"https:\/\/kidsonthemoon.com\/pl\/","name":"Kids on the Moon","description":"odpowiedzialna moda dla dzieci | sklep online dla dzieci","publisher":{"@id":"https:\/\/kidsonthemoon.com\/pl\/#organization"},"potentialAction":[{"@type":"SearchAction","target":{"@type":"EntryPoint","urlTemplate":"https:\/\/kidsonthemoon.com\/pl\/?s={search_term_string}"},"query-input":"required name=search_term_string"}],"inLanguage":"pl-PL"},{"@type":"Organization","@id":"https:\/\/kidsonthemoon.com\/pl\/#organization","name":"Kids on the Moon","url":"https:\/\/kidsonthemoon.com\/pl\/","logo":{"@type":"ImageObject","inLanguage":"pl-PL","@id":"https:\/\/kidsonthemoon.com\/pl\/#\/schema\/logo\/image\/","url":"https:\/\/kidsonthemoon.com\/wp-content\/uploads\/2021\/02\/kotm_logo.png","contentUrl":"https:\/\/kidsonthemoon.com\/wp-content\/uploads\/2021\/02\/kotm_logo.png","width":410,"height":47,"caption":"Kids on the Moon"},"image":{"@id":"https:\/\/kidsonthemoon.com\/pl\/#\/schema\/logo\/image\/"},"sameAs":["https:\/\/www.facebook.com\/Kids-on-the-Moon-223747864407076","https:\/\/www.instagram.com\/kidsonthemoon\/","https:\/\/pl.pinterest.com\/kotm2013\/pins\/"]}]}},"_links":{"self":[{"href":"https:\/\/kidsonthemoon.com\/pl\/wp-json\/wp\/v2\/product\/116712"}],"collection":[{"href":"https:\/\/kidsonthemoon.com\/pl\/wp-json\/wp\/v2\/product"}],"about":[{"href":"https:\/\/kidsonthemoon.com\/pl\/wp-json\/wp\/v2\/types\/product"}],"wp:featuredmedia":[{"embeddable":true,"href":"https:\/\/kidsonthemoon.com\/pl\/wp-json\/wp\/v2\/media\/117066"}],"wp:attachment":[{"href":"https:\/\/kidsonthemoon.com\/pl\/wp-json\/wp\/v2\/media?parent=116712"}],"wp:term":[{"taxonomy":"product_cat","embeddable":true,"href":"https:\/\/kidsonthemoon.com\/pl\/wp-json\/wp\/v2\/product_cat?post=116712"},{"taxonomy":"product_tag","embeddable":true,"href":"https:\/\/kidsonthemoon.com\/pl\/wp-json\/wp\/v2\/product_tag?post=116712"}],"curies":[{"name":"wp","href":"https:\/\/api.w.org\/{rel}","templated":true}]}}