{"id":116743,"date":"2025-05-14T11:59:52","date_gmt":"2025-05-14T09:59:52","guid":{"rendered":"https:\/\/kidsonthemoon.com\/?post_type=product&#038;p=116743"},"modified":"2025-08-14T09:01:55","modified_gmt":"2025-08-14T07:01:55","slug":"bluza-hope","status":"publish","type":"product","link":"https:\/\/kidsonthemoon.com\/pl\/produkt\/bluza-hope\/","title":{"rendered":"bluza Hope"},"content":{"rendered":"","protected":false},"excerpt":{"rendered":"<p>Oversize\u2019owa damska bluza w intensywnym odcieniu fioletu, kt\u00f3ry od razu przyci\u0105ga uwag\u0119. Na przodzie napis HOPE&nbsp;&nbsp;wykonany z folii w tym samym kolorze, z pozytywnym przekazem. Uszyta z mi\u0119kkiej, \u015bredniej grubo\u015bci dzianiny p\u0119telkowej \u2013 idealna na co dzie\u0144, na wakacje, przez ca\u0142y rok. Lu\u017any kr\u00f3j oversize, obni\u017cone r\u0119kawy i rozci\u0119cia po bokach sprawiaj\u0105, \u017ce \u015bwietnie si\u0119 uk\u0142ada i daje totalny komfort noszenia. No\u015b j\u0105 w komplecie z naszymi szortami w tym samym pi\u0119knym kolorze albo narzu\u0107 na sukienk\u0119 \u2013 doda charakteru ka\u017cdej stylizacji. Kolor bluzy dodaje energii, a has\u0142o przypomina o pozytywnym nastawieniu.<\/p>\n<p><strong>Wymiary bluzy w cm.:<\/strong><\/p>\n<p>Bluza ma lu\u017any, oversize&#8217;owy kr\u00f3j, przed wyborem rozmiaru, sprawd\u017a wymiary. Granica b\u0142\u0119du +\/- 1-1,5 cm.<\/p>\n<table style=\"height: 158px;\" width=\"531\">\n<tbody>\n<tr>\n<td width=\"119\">&nbsp;<\/td>\n<td style=\"text-align: center;\" width=\"64\"><strong>XS<\/strong><\/td>\n<td style=\"text-align: center;\" width=\"64\"><strong>S<\/strong><\/td>\n<td style=\"text-align: center;\" width=\"64\"><strong>M<\/strong><\/td>\n<td style=\"text-align: center;\" width=\"64\"><strong>L<\/strong><\/td>\n<\/tr>\n<tr>\n<td>szeroko\u015b\u0107 w biu\u015bcie<\/td>\n<td style=\"text-align: center;\">55<\/td>\n<td style=\"text-align: center;\">58<\/td>\n<td style=\"text-align: center;\">61<\/td>\n<td style=\"text-align: center;\">64<\/td>\n<\/tr>\n<tr>\n<td style=\"text-align: left;\">d\u0142ugo\u015b\u0107 -ty\u0142 plec\u00f3w<\/td>\n<td style=\"text-align: center;\">65<\/td>\n<td style=\"text-align: center;\">67<\/td>\n<td style=\"text-align: center;\">69<\/td>\n<td style=\"text-align: center;\">71<\/td>\n<\/tr>\n<\/tbody>\n<\/table>\n<p>&nbsp;<\/p>\n<p><strong>Sk\u0142ad:&nbsp;<\/strong><\/p>\n<p>92% bawe\u0142na, 8% elastan<\/p>\n","protected":false},"featured_media":117398,"template":"","meta":{"_themeisle_gutenberg_block_has_review":false},"product_cat":[601,818],"product_tag":[797],"acf":[],"yoast_head":"<!-- This site is optimized with the Yoast SEO plugin v21.2 - https:\/\/yoast.com\/wordpress\/plugins\/seo\/ -->\n<title>bluza Hope - Kids on the Moon<\/title>\n<meta name=\"robots\" content=\"index, follow, max-snippet:-1, max-image-preview:large, max-video-preview:-1\" \/>\n<link rel=\"canonical\" href=\"https:\/\/kidsonthemoon.com\/pl\/produkt\/bluza-hope\/\" \/>\n<meta property=\"og:locale\" content=\"pl_PL\" \/>\n<meta property=\"og:type\" content=\"article\" \/>\n<meta property=\"og:title\" content=\"bluza Hope - Kids on the Moon\" \/>\n<meta property=\"og:description\" content=\"Oversize\u2019owa damska bluza w intensywnym odcieniu fioletu, kt\u00f3ry od razu przyci\u0105ga uwag\u0119. Na przodzie napis HOPE&nbsp;&nbsp;wykonany z folii w tym samym kolorze, z pozytywnym przekazem. Uszyta z mi\u0119kkiej, \u015bredniej grubo\u015bci dzianiny p\u0119telkowej \u2013 idealna na co dzie\u0144, na wakacje, przez ca\u0142y rok. Lu\u017any kr\u00f3j oversize, obni\u017cone r\u0119kawy i rozci\u0119cia po bokach sprawiaj\u0105, \u017ce \u015bwietnie si\u0119 uk\u0142ada i daje totalny komfort noszenia. No\u015b j\u0105 w komplecie z naszymi szortami w tym samym pi\u0119knym kolorze albo narzu\u0107 na sukienk\u0119 \u2013 doda charakteru ka\u017cdej stylizacji. Kolor bluzy dodaje energii, a has\u0142o przypomina o pozytywnym nastawieniu.  Wymiary bluzy w cm.:  Bluza ma lu\u017any, oversize&#039;owy kr\u00f3j, przed wyborem rozmiaru, sprawd\u017a wymiary. Granica b\u0142\u0119du +\/- 1-1,5 cm.    &nbsp; XS S M L   szeroko\u015b\u0107 w biu\u015bcie 55 58 61 64   d\u0142ugo\u015b\u0107 -ty\u0142 plec\u00f3w 65 67 69 71    &nbsp;  Sk\u0142ad:&nbsp;  92% bawe\u0142na, 8% elastan\" \/>\n<meta property=\"og:url\" content=\"https:\/\/kidsonthemoon.com\/pl\/produkt\/bluza-hope\/\" \/>\n<meta property=\"og:site_name\" content=\"Kids on the Moon\" \/>\n<meta property=\"article:publisher\" content=\"https:\/\/www.facebook.com\/Kids-on-the-Moon-223747864407076\" \/>\n<meta property=\"article:modified_time\" content=\"2025-08-14T07:01:55+00:00\" \/>\n<meta property=\"og:image\" content=\"https:\/\/kidsonthemoon.com\/wp-content\/uploads\/2025\/05\/bluza_hope_2.jpg\" \/>\n\t<meta property=\"og:image:width\" content=\"1000\" \/>\n\t<meta property=\"og:image:height\" content=\"1400\" \/>\n\t<meta property=\"og:image:type\" content=\"image\/jpeg\" \/>\n<meta name=\"twitter:card\" content=\"summary_large_image\" \/>\n<script type=\"application\/ld+json\" class=\"yoast-schema-graph\">{\"@context\":\"https:\/\/schema.org\",\"@graph\":[{\"@type\":\"WebPage\",\"@id\":\"https:\/\/kidsonthemoon.com\/pl\/produkt\/bluza-hope\/\",\"url\":\"https:\/\/kidsonthemoon.com\/pl\/produkt\/bluza-hope\/\",\"name\":\"bluza Hope - Kids on the Moon\",\"isPartOf\":{\"@id\":\"https:\/\/kidsonthemoon.com\/pl\/#website\"},\"datePublished\":\"2025-05-14T09:59:52+00:00\",\"dateModified\":\"2025-08-14T07:01:55+00:00\",\"breadcrumb\":{\"@id\":\"https:\/\/kidsonthemoon.com\/pl\/produkt\/bluza-hope\/#breadcrumb\"},\"inLanguage\":\"pl-PL\",\"potentialAction\":[{\"@type\":\"ReadAction\",\"target\":[\"https:\/\/kidsonthemoon.com\/pl\/produkt\/bluza-hope\/\"]}]},{\"@type\":\"BreadcrumbList\",\"@id\":\"https:\/\/kidsonthemoon.com\/pl\/produkt\/bluza-hope\/#breadcrumb\",\"itemListElement\":[{\"@type\":\"ListItem\",\"position\":1,\"name\":\"Strona g\u0142\u00f3wna\",\"item\":\"https:\/\/kidsonthemoon.com\/pl\/\"},{\"@type\":\"ListItem\",\"position\":2,\"name\":\"Sklep\",\"item\":\"https:\/\/kidsonthemoon.com\/pl\/sklep\/\"},{\"@type\":\"ListItem\",\"position\":3,\"name\":\"bluza Hope\"}]},{\"@type\":\"WebSite\",\"@id\":\"https:\/\/kidsonthemoon.com\/pl\/#website\",\"url\":\"https:\/\/kidsonthemoon.com\/pl\/\",\"name\":\"Kids on the Moon\",\"description\":\"odpowiedzialna moda dla dzieci | sklep online dla dzieci\",\"publisher\":{\"@id\":\"https:\/\/kidsonthemoon.com\/pl\/#organization\"},\"potentialAction\":[{\"@type\":\"SearchAction\",\"target\":{\"@type\":\"EntryPoint\",\"urlTemplate\":\"https:\/\/kidsonthemoon.com\/pl\/?s={search_term_string}\"},\"query-input\":\"required name=search_term_string\"}],\"inLanguage\":\"pl-PL\"},{\"@type\":\"Organization\",\"@id\":\"https:\/\/kidsonthemoon.com\/pl\/#organization\",\"name\":\"Kids on the Moon\",\"url\":\"https:\/\/kidsonthemoon.com\/pl\/\",\"logo\":{\"@type\":\"ImageObject\",\"inLanguage\":\"pl-PL\",\"@id\":\"https:\/\/kidsonthemoon.com\/pl\/#\/schema\/logo\/image\/\",\"url\":\"https:\/\/kidsonthemoon.com\/wp-content\/uploads\/2021\/02\/kotm_logo.png\",\"contentUrl\":\"https:\/\/kidsonthemoon.com\/wp-content\/uploads\/2021\/02\/kotm_logo.png\",\"width\":410,\"height\":47,\"caption\":\"Kids on the Moon\"},\"image\":{\"@id\":\"https:\/\/kidsonthemoon.com\/pl\/#\/schema\/logo\/image\/\"},\"sameAs\":[\"https:\/\/www.facebook.com\/Kids-on-the-Moon-223747864407076\",\"https:\/\/www.instagram.com\/kidsonthemoon\/\",\"https:\/\/pl.pinterest.com\/kotm2013\/pins\/\"]}]}<\/script>\n<!-- \/ Yoast SEO plugin. -->","yoast_head_json":{"title":"bluza Hope - Kids on the Moon","robots":{"index":"index","follow":"follow","max-snippet":"max-snippet:-1","max-image-preview":"max-image-preview:large","max-video-preview":"max-video-preview:-1"},"canonical":"https:\/\/kidsonthemoon.com\/pl\/produkt\/bluza-hope\/","og_locale":"pl_PL","og_type":"article","og_title":"bluza Hope - Kids on the Moon","og_description":"Oversize\u2019owa damska bluza w intensywnym odcieniu fioletu, kt\u00f3ry od razu przyci\u0105ga uwag\u0119. Na przodzie napis HOPE&nbsp;&nbsp;wykonany z folii w tym samym kolorze, z pozytywnym przekazem. Uszyta z mi\u0119kkiej, \u015bredniej grubo\u015bci dzianiny p\u0119telkowej \u2013 idealna na co dzie\u0144, na wakacje, przez ca\u0142y rok. Lu\u017any kr\u00f3j oversize, obni\u017cone r\u0119kawy i rozci\u0119cia po bokach sprawiaj\u0105, \u017ce \u015bwietnie si\u0119 uk\u0142ada i daje totalny komfort noszenia. No\u015b j\u0105 w komplecie z naszymi szortami w tym samym pi\u0119knym kolorze albo narzu\u0107 na sukienk\u0119 \u2013 doda charakteru ka\u017cdej stylizacji. Kolor bluzy dodaje energii, a has\u0142o przypomina o pozytywnym nastawieniu.  Wymiary bluzy w cm.:  Bluza ma lu\u017any, oversize'owy kr\u00f3j, przed wyborem rozmiaru, sprawd\u017a wymiary. Granica b\u0142\u0119du +\/- 1-1,5 cm.    &nbsp; XS S M L   szeroko\u015b\u0107 w biu\u015bcie 55 58 61 64   d\u0142ugo\u015b\u0107 -ty\u0142 plec\u00f3w 65 67 69 71    &nbsp;  Sk\u0142ad:&nbsp;  92% bawe\u0142na, 8% elastan","og_url":"https:\/\/kidsonthemoon.com\/pl\/produkt\/bluza-hope\/","og_site_name":"Kids on the Moon","article_publisher":"https:\/\/www.facebook.com\/Kids-on-the-Moon-223747864407076","article_modified_time":"2025-08-14T07:01:55+00:00","og_image":[{"width":1000,"height":1400,"url":"https:\/\/kidsonthemoon.com\/wp-content\/uploads\/2025\/05\/bluza_hope_2.jpg","type":"image\/jpeg"}],"twitter_card":"summary_large_image","schema":{"@context":"https:\/\/schema.org","@graph":[{"@type":"WebPage","@id":"https:\/\/kidsonthemoon.com\/pl\/produkt\/bluza-hope\/","url":"https:\/\/kidsonthemoon.com\/pl\/produkt\/bluza-hope\/","name":"bluza Hope - Kids on the Moon","isPartOf":{"@id":"https:\/\/kidsonthemoon.com\/pl\/#website"},"datePublished":"2025-05-14T09:59:52+00:00","dateModified":"2025-08-14T07:01:55+00:00","breadcrumb":{"@id":"https:\/\/kidsonthemoon.com\/pl\/produkt\/bluza-hope\/#breadcrumb"},"inLanguage":"pl-PL","potentialAction":[{"@type":"ReadAction","target":["https:\/\/kidsonthemoon.com\/pl\/produkt\/bluza-hope\/"]}]},{"@type":"BreadcrumbList","@id":"https:\/\/kidsonthemoon.com\/pl\/produkt\/bluza-hope\/#breadcrumb","itemListElement":[{"@type":"ListItem","position":1,"name":"Strona g\u0142\u00f3wna","item":"https:\/\/kidsonthemoon.com\/pl\/"},{"@type":"ListItem","position":2,"name":"Sklep","item":"https:\/\/kidsonthemoon.com\/pl\/sklep\/"},{"@type":"ListItem","position":3,"name":"bluza Hope"}]},{"@type":"WebSite","@id":"https:\/\/kidsonthemoon.com\/pl\/#website","url":"https:\/\/kidsonthemoon.com\/pl\/","name":"Kids on the Moon","description":"odpowiedzialna moda dla dzieci | sklep online dla dzieci","publisher":{"@id":"https:\/\/kidsonthemoon.com\/pl\/#organization"},"potentialAction":[{"@type":"SearchAction","target":{"@type":"EntryPoint","urlTemplate":"https:\/\/kidsonthemoon.com\/pl\/?s={search_term_string}"},"query-input":"required name=search_term_string"}],"inLanguage":"pl-PL"},{"@type":"Organization","@id":"https:\/\/kidsonthemoon.com\/pl\/#organization","name":"Kids on the Moon","url":"https:\/\/kidsonthemoon.com\/pl\/","logo":{"@type":"ImageObject","inLanguage":"pl-PL","@id":"https:\/\/kidsonthemoon.com\/pl\/#\/schema\/logo\/image\/","url":"https:\/\/kidsonthemoon.com\/wp-content\/uploads\/2021\/02\/kotm_logo.png","contentUrl":"https:\/\/kidsonthemoon.com\/wp-content\/uploads\/2021\/02\/kotm_logo.png","width":410,"height":47,"caption":"Kids on the Moon"},"image":{"@id":"https:\/\/kidsonthemoon.com\/pl\/#\/schema\/logo\/image\/"},"sameAs":["https:\/\/www.facebook.com\/Kids-on-the-Moon-223747864407076","https:\/\/www.instagram.com\/kidsonthemoon\/","https:\/\/pl.pinterest.com\/kotm2013\/pins\/"]}]}},"_links":{"self":[{"href":"https:\/\/kidsonthemoon.com\/pl\/wp-json\/wp\/v2\/product\/116743"}],"collection":[{"href":"https:\/\/kidsonthemoon.com\/pl\/wp-json\/wp\/v2\/product"}],"about":[{"href":"https:\/\/kidsonthemoon.com\/pl\/wp-json\/wp\/v2\/types\/product"}],"wp:featuredmedia":[{"embeddable":true,"href":"https:\/\/kidsonthemoon.com\/pl\/wp-json\/wp\/v2\/media\/117398"}],"wp:attachment":[{"href":"https:\/\/kidsonthemoon.com\/pl\/wp-json\/wp\/v2\/media?parent=116743"}],"wp:term":[{"taxonomy":"product_cat","embeddable":true,"href":"https:\/\/kidsonthemoon.com\/pl\/wp-json\/wp\/v2\/product_cat?post=116743"},{"taxonomy":"product_tag","embeddable":true,"href":"https:\/\/kidsonthemoon.com\/pl\/wp-json\/wp\/v2\/product_tag?post=116743"}],"curies":[{"name":"wp","href":"https:\/\/api.w.org\/{rel}","templated":true}]}}