{"id":117635,"date":"2025-05-20T18:31:10","date_gmt":"2025-05-20T16:31:10","guid":{"rendered":"https:\/\/kidsonthemoon.com\/?post_type=product&#038;p=117635"},"modified":"2025-10-02T11:43:28","modified_gmt":"2025-10-02T09:43:28","slug":"tank-top-mango","status":"publish","type":"product","link":"https:\/\/kidsonthemoon.com\/pl\/produkt\/tank-top-mango\/","title":{"rendered":"tank top mango"},"content":{"rendered":"","protected":false},"excerpt":{"rendered":"<p>Damski tank top z dzianiny bawe\u0142nianej w intensywnym, ciep\u0142ym \u017c\u00f3\u0142tym kolorze. G\u0142\u0119boko wyci\u0119te ramiona dodaj\u0105 mu swobody i zmys\u0142owo\u015bci, tworz\u0105c kobiecy i wakacyjny look. Kolor inspirowany owocem mango pi\u0119knie podkre\u015bli opalon\u0105 sk\u00f3r\u0119 i o\u017cywi ka\u017cd\u0105 stylizacj\u0119. Ten model doskonale wpisuje si\u0119 w letni klimat &#8211; noszony solo z szortami, pod marynark\u0105 lub do ulubionej sp\u00f3dnicy, stworzy look pe\u0142en energii i s\u0142o\u0144ca. Uszyty ze 100% bawe\u0142nianej, mi\u0119kkiej dzianiny z drobnym, kubikowym a\u017curowym wzorem.<\/p>\n<p><strong>Wymiary koszulki w cm.:<\/strong><\/p>\n<table style=\"height: 152px;\" width=\"543\">\n<tbody>\n<tr>\n<td width=\"119\">&nbsp;<\/td>\n<td style=\"text-align: center;\" width=\"64\"><strong>XS<\/strong><\/td>\n<td style=\"text-align: center;\" width=\"64\"><strong>S<\/strong><\/td>\n<td style=\"text-align: center;\" width=\"64\"><strong>M<\/strong><\/td>\n<td style=\"text-align: center;\" width=\"64\"><strong>L<\/strong><\/td>\n<\/tr>\n<tr>\n<td>szeroko\u015b\u0107 w biu\u015bcie<\/td>\n<td style=\"text-align: center;\">34<\/td>\n<td style=\"text-align: center;\">36<\/td>\n<td style=\"text-align: center;\">38<\/td>\n<td style=\"text-align: center;\">40<\/td>\n<\/tr>\n<tr>\n<td style=\"text-align: left;\">d\u0142ugo\u015b\u0107 od ramienia<\/td>\n<td style=\"text-align: center;\">62<\/td>\n<td style=\"text-align: center;\">64<\/td>\n<td style=\"text-align: center;\">66<\/td>\n<td style=\"text-align: center;\">68<\/td>\n<\/tr>\n<\/tbody>\n<\/table>\n<p>&nbsp;<\/p>\n<p><strong>Sk\u0142ad: 100% bawe\u0142na<\/strong><\/p>\n","protected":false},"featured_media":117588,"template":"","meta":{"_themeisle_gutenberg_block_has_review":false},"product_cat":[573,565,818],"product_tag":[797],"acf":[],"yoast_head":"<!-- This site is optimized with the Yoast SEO plugin v21.2 - https:\/\/yoast.com\/wordpress\/plugins\/seo\/ -->\n<title>tank top mango - Kids on the Moon<\/title>\n<meta name=\"robots\" content=\"index, follow, max-snippet:-1, max-image-preview:large, max-video-preview:-1\" \/>\n<link rel=\"canonical\" href=\"https:\/\/kidsonthemoon.com\/pl\/produkt\/tank-top-mango\/\" \/>\n<meta property=\"og:locale\" content=\"pl_PL\" \/>\n<meta property=\"og:type\" content=\"article\" \/>\n<meta property=\"og:title\" content=\"tank top mango - Kids on the Moon\" \/>\n<meta property=\"og:description\" content=\"Damski tank top z dzianiny bawe\u0142nianej w intensywnym, ciep\u0142ym \u017c\u00f3\u0142tym kolorze. G\u0142\u0119boko wyci\u0119te ramiona dodaj\u0105 mu swobody i zmys\u0142owo\u015bci, tworz\u0105c kobiecy i wakacyjny look. Kolor inspirowany owocem mango pi\u0119knie podkre\u015bli opalon\u0105 sk\u00f3r\u0119 i o\u017cywi ka\u017cd\u0105 stylizacj\u0119. Ten model doskonale wpisuje si\u0119 w letni klimat - noszony solo z szortami, pod marynark\u0105 lub do ulubionej sp\u00f3dnicy, stworzy look pe\u0142en energii i s\u0142o\u0144ca. Uszyty ze 100% bawe\u0142nianej, mi\u0119kkiej dzianiny z drobnym, kubikowym a\u017curowym wzorem.  Wymiary koszulki w cm.:    &nbsp; XS S M L   szeroko\u015b\u0107 w biu\u015bcie 34 36 38 40   d\u0142ugo\u015b\u0107 od ramienia 62 64 66 68    &nbsp;  Sk\u0142ad: 100% bawe\u0142na\" \/>\n<meta property=\"og:url\" content=\"https:\/\/kidsonthemoon.com\/pl\/produkt\/tank-top-mango\/\" \/>\n<meta property=\"og:site_name\" content=\"Kids on the Moon\" \/>\n<meta property=\"article:publisher\" content=\"https:\/\/www.facebook.com\/Kids-on-the-Moon-223747864407076\" \/>\n<meta property=\"article:modified_time\" content=\"2025-10-02T09:43:28+00:00\" \/>\n<meta property=\"og:image\" content=\"https:\/\/kidsonthemoon.com\/wp-content\/uploads\/2025\/05\/tank_top_mango2.jpeg\" \/>\n\t<meta property=\"og:image:width\" content=\"914\" \/>\n\t<meta property=\"og:image:height\" content=\"1280\" \/>\n\t<meta property=\"og:image:type\" content=\"image\/jpeg\" \/>\n<meta name=\"twitter:card\" content=\"summary_large_image\" \/>\n<script type=\"application\/ld+json\" class=\"yoast-schema-graph\">{\"@context\":\"https:\/\/schema.org\",\"@graph\":[{\"@type\":\"WebPage\",\"@id\":\"https:\/\/kidsonthemoon.com\/pl\/produkt\/tank-top-mango\/\",\"url\":\"https:\/\/kidsonthemoon.com\/pl\/produkt\/tank-top-mango\/\",\"name\":\"tank top mango - Kids on the Moon\",\"isPartOf\":{\"@id\":\"https:\/\/kidsonthemoon.com\/pl\/#website\"},\"datePublished\":\"2025-05-20T16:31:10+00:00\",\"dateModified\":\"2025-10-02T09:43:28+00:00\",\"breadcrumb\":{\"@id\":\"https:\/\/kidsonthemoon.com\/pl\/produkt\/tank-top-mango\/#breadcrumb\"},\"inLanguage\":\"pl-PL\",\"potentialAction\":[{\"@type\":\"ReadAction\",\"target\":[\"https:\/\/kidsonthemoon.com\/pl\/produkt\/tank-top-mango\/\"]}]},{\"@type\":\"BreadcrumbList\",\"@id\":\"https:\/\/kidsonthemoon.com\/pl\/produkt\/tank-top-mango\/#breadcrumb\",\"itemListElement\":[{\"@type\":\"ListItem\",\"position\":1,\"name\":\"Strona g\u0142\u00f3wna\",\"item\":\"https:\/\/kidsonthemoon.com\/pl\/\"},{\"@type\":\"ListItem\",\"position\":2,\"name\":\"Sklep\",\"item\":\"https:\/\/kidsonthemoon.com\/pl\/sklep\/\"},{\"@type\":\"ListItem\",\"position\":3,\"name\":\"tank top mango\"}]},{\"@type\":\"WebSite\",\"@id\":\"https:\/\/kidsonthemoon.com\/pl\/#website\",\"url\":\"https:\/\/kidsonthemoon.com\/pl\/\",\"name\":\"Kids on the Moon\",\"description\":\"odpowiedzialna moda dla dzieci | sklep online dla dzieci\",\"publisher\":{\"@id\":\"https:\/\/kidsonthemoon.com\/pl\/#organization\"},\"potentialAction\":[{\"@type\":\"SearchAction\",\"target\":{\"@type\":\"EntryPoint\",\"urlTemplate\":\"https:\/\/kidsonthemoon.com\/pl\/?s={search_term_string}\"},\"query-input\":\"required name=search_term_string\"}],\"inLanguage\":\"pl-PL\"},{\"@type\":\"Organization\",\"@id\":\"https:\/\/kidsonthemoon.com\/pl\/#organization\",\"name\":\"Kids on the Moon\",\"url\":\"https:\/\/kidsonthemoon.com\/pl\/\",\"logo\":{\"@type\":\"ImageObject\",\"inLanguage\":\"pl-PL\",\"@id\":\"https:\/\/kidsonthemoon.com\/pl\/#\/schema\/logo\/image\/\",\"url\":\"https:\/\/kidsonthemoon.com\/wp-content\/uploads\/2021\/02\/kotm_logo.png\",\"contentUrl\":\"https:\/\/kidsonthemoon.com\/wp-content\/uploads\/2021\/02\/kotm_logo.png\",\"width\":410,\"height\":47,\"caption\":\"Kids on the Moon\"},\"image\":{\"@id\":\"https:\/\/kidsonthemoon.com\/pl\/#\/schema\/logo\/image\/\"},\"sameAs\":[\"https:\/\/www.facebook.com\/Kids-on-the-Moon-223747864407076\",\"https:\/\/www.instagram.com\/kidsonthemoon\/\",\"https:\/\/pl.pinterest.com\/kotm2013\/pins\/\"]}]}<\/script>\n<!-- \/ Yoast SEO plugin. -->","yoast_head_json":{"title":"tank top mango - Kids on the Moon","robots":{"index":"index","follow":"follow","max-snippet":"max-snippet:-1","max-image-preview":"max-image-preview:large","max-video-preview":"max-video-preview:-1"},"canonical":"https:\/\/kidsonthemoon.com\/pl\/produkt\/tank-top-mango\/","og_locale":"pl_PL","og_type":"article","og_title":"tank top mango - Kids on the Moon","og_description":"Damski tank top z dzianiny bawe\u0142nianej w intensywnym, ciep\u0142ym \u017c\u00f3\u0142tym kolorze. G\u0142\u0119boko wyci\u0119te ramiona dodaj\u0105 mu swobody i zmys\u0142owo\u015bci, tworz\u0105c kobiecy i wakacyjny look. Kolor inspirowany owocem mango pi\u0119knie podkre\u015bli opalon\u0105 sk\u00f3r\u0119 i o\u017cywi ka\u017cd\u0105 stylizacj\u0119. Ten model doskonale wpisuje si\u0119 w letni klimat - noszony solo z szortami, pod marynark\u0105 lub do ulubionej sp\u00f3dnicy, stworzy look pe\u0142en energii i s\u0142o\u0144ca. Uszyty ze 100% bawe\u0142nianej, mi\u0119kkiej dzianiny z drobnym, kubikowym a\u017curowym wzorem.  Wymiary koszulki w cm.:    &nbsp; XS S M L   szeroko\u015b\u0107 w biu\u015bcie 34 36 38 40   d\u0142ugo\u015b\u0107 od ramienia 62 64 66 68    &nbsp;  Sk\u0142ad: 100% bawe\u0142na","og_url":"https:\/\/kidsonthemoon.com\/pl\/produkt\/tank-top-mango\/","og_site_name":"Kids on the Moon","article_publisher":"https:\/\/www.facebook.com\/Kids-on-the-Moon-223747864407076","article_modified_time":"2025-10-02T09:43:28+00:00","og_image":[{"width":914,"height":1280,"url":"https:\/\/kidsonthemoon.com\/wp-content\/uploads\/2025\/05\/tank_top_mango2.jpeg","type":"image\/jpeg"}],"twitter_card":"summary_large_image","schema":{"@context":"https:\/\/schema.org","@graph":[{"@type":"WebPage","@id":"https:\/\/kidsonthemoon.com\/pl\/produkt\/tank-top-mango\/","url":"https:\/\/kidsonthemoon.com\/pl\/produkt\/tank-top-mango\/","name":"tank top mango - Kids on the Moon","isPartOf":{"@id":"https:\/\/kidsonthemoon.com\/pl\/#website"},"datePublished":"2025-05-20T16:31:10+00:00","dateModified":"2025-10-02T09:43:28+00:00","breadcrumb":{"@id":"https:\/\/kidsonthemoon.com\/pl\/produkt\/tank-top-mango\/#breadcrumb"},"inLanguage":"pl-PL","potentialAction":[{"@type":"ReadAction","target":["https:\/\/kidsonthemoon.com\/pl\/produkt\/tank-top-mango\/"]}]},{"@type":"BreadcrumbList","@id":"https:\/\/kidsonthemoon.com\/pl\/produkt\/tank-top-mango\/#breadcrumb","itemListElement":[{"@type":"ListItem","position":1,"name":"Strona g\u0142\u00f3wna","item":"https:\/\/kidsonthemoon.com\/pl\/"},{"@type":"ListItem","position":2,"name":"Sklep","item":"https:\/\/kidsonthemoon.com\/pl\/sklep\/"},{"@type":"ListItem","position":3,"name":"tank top mango"}]},{"@type":"WebSite","@id":"https:\/\/kidsonthemoon.com\/pl\/#website","url":"https:\/\/kidsonthemoon.com\/pl\/","name":"Kids on the Moon","description":"odpowiedzialna moda dla dzieci | sklep online dla dzieci","publisher":{"@id":"https:\/\/kidsonthemoon.com\/pl\/#organization"},"potentialAction":[{"@type":"SearchAction","target":{"@type":"EntryPoint","urlTemplate":"https:\/\/kidsonthemoon.com\/pl\/?s={search_term_string}"},"query-input":"required name=search_term_string"}],"inLanguage":"pl-PL"},{"@type":"Organization","@id":"https:\/\/kidsonthemoon.com\/pl\/#organization","name":"Kids on the Moon","url":"https:\/\/kidsonthemoon.com\/pl\/","logo":{"@type":"ImageObject","inLanguage":"pl-PL","@id":"https:\/\/kidsonthemoon.com\/pl\/#\/schema\/logo\/image\/","url":"https:\/\/kidsonthemoon.com\/wp-content\/uploads\/2021\/02\/kotm_logo.png","contentUrl":"https:\/\/kidsonthemoon.com\/wp-content\/uploads\/2021\/02\/kotm_logo.png","width":410,"height":47,"caption":"Kids on the Moon"},"image":{"@id":"https:\/\/kidsonthemoon.com\/pl\/#\/schema\/logo\/image\/"},"sameAs":["https:\/\/www.facebook.com\/Kids-on-the-Moon-223747864407076","https:\/\/www.instagram.com\/kidsonthemoon\/","https:\/\/pl.pinterest.com\/kotm2013\/pins\/"]}]}},"_links":{"self":[{"href":"https:\/\/kidsonthemoon.com\/pl\/wp-json\/wp\/v2\/product\/117635"}],"collection":[{"href":"https:\/\/kidsonthemoon.com\/pl\/wp-json\/wp\/v2\/product"}],"about":[{"href":"https:\/\/kidsonthemoon.com\/pl\/wp-json\/wp\/v2\/types\/product"}],"wp:featuredmedia":[{"embeddable":true,"href":"https:\/\/kidsonthemoon.com\/pl\/wp-json\/wp\/v2\/media\/117588"}],"wp:attachment":[{"href":"https:\/\/kidsonthemoon.com\/pl\/wp-json\/wp\/v2\/media?parent=117635"}],"wp:term":[{"taxonomy":"product_cat","embeddable":true,"href":"https:\/\/kidsonthemoon.com\/pl\/wp-json\/wp\/v2\/product_cat?post=117635"},{"taxonomy":"product_tag","embeddable":true,"href":"https:\/\/kidsonthemoon.com\/pl\/wp-json\/wp\/v2\/product_tag?post=117635"}],"curies":[{"name":"wp","href":"https:\/\/api.w.org\/{rel}","templated":true}]}}