{"id":118459,"date":"2025-06-18T23:41:40","date_gmt":"2025-06-18T21:41:40","guid":{"rendered":"https:\/\/kidsonthemoon.com\/?post_type=product&#038;p=118459"},"modified":"2025-10-02T11:43:29","modified_gmt":"2025-10-02T09:43:29","slug":"sukienka-juliette-silver-moon","status":"publish","type":"product","link":"https:\/\/kidsonthemoon.com\/pl\/produkt\/sukienka-juliette-silver-moon\/","title":{"rendered":"sukienka Juliette silver moon"},"content":{"rendered":"","protected":false},"excerpt":{"rendered":"<p>Romantyczna, ale zarazem nowoczesna &#8211; sukienka Juliette silver moon mieni si\u0119 per\u0142owym blaskiem i mi\u0119kko uk\u0142ada si\u0119 na ciele. Tkanina wiskozowa, z kt\u00f3rej uszyta jest sukienka, ma ciekaw\u0105 faktur\u0119 i delikatny po\u0142ysk. Du\u017cy dekolt zar\u00f3wno z przodu, jak i na plecach, pi\u0119knie eksponuje ramiona i plecy, dodaj\u0105c zmys\u0142owo\u015bci. Skrojona jest ze skosa, delikatnie podkre\u015bla kszta\u0142ty, nie opinaj\u0105c ich zbyt mocno. Idealna na wiecz\u00f3r, ale i na s\u0142oneczny dzie\u0144, je\u015bli lubisz romantyczny, subtelny po\u0142ysk. Regulowane rami\u0105czka pozwalaj\u0105 idealnie dopasowa\u0107 d\u0142ugo\u015b\u0107 i dekolt. Zarzu\u0107 na ni\u0105 romantyczny sweterek lub letni T-shirt na ch\u0142odniejsze wieczory.<\/p>\n<p><strong>Wymiary sukienki:<\/strong><\/p>\n<table style=\"height: 182px;\" width=\"466\">\n<tbody>\n<tr>\n<td width=\"103\">&nbsp;<\/td>\n<td style=\"text-align: center;\" width=\"64\"><strong>XS<\/strong><\/td>\n<td style=\"text-align: center;\" width=\"64\"><strong>S<\/strong><\/td>\n<td style=\"text-align: center;\" width=\"64\"><strong>M<\/strong><\/td>\n<td style=\"text-align: center;\" width=\"64\"><strong>L<\/strong><\/td>\n<\/tr>\n<tr>\n<td style=\"text-align: left;\">szer. w biu\u015bcie<\/td>\n<td style=\"text-align: center;\">44<\/td>\n<td style=\"text-align: center;\">46<\/td>\n<td style=\"text-align: center;\">48<\/td>\n<td style=\"text-align: center;\">50<\/td>\n<\/tr>\n<tr>\n<td style=\"text-align: left;\">szer. w biodrach<\/td>\n<td style=\"text-align: center;\">50<\/td>\n<td style=\"text-align: center;\">52<\/td>\n<td style=\"text-align: center;\">54<\/td>\n<td style=\"text-align: center;\">56<\/td>\n<\/tr>\n<tr>\n<td style=\"text-align: left;\">d\u0142ugo\u015b\u0107<\/td>\n<td style=\"text-align: center;\">117<\/td>\n<td style=\"text-align: center;\">118<\/td>\n<td style=\"text-align: center;\">118<\/td>\n<td style=\"text-align: center;\">119<\/td>\n<\/tr>\n<\/tbody>\n<\/table>\n<p>&nbsp;<\/p>\n<p><strong>Piel\u0119gnacja:<\/strong> pra\u0107 w pralce, delikatny program, w temp. 30\u00b0 C<\/p>\n<p><strong>Sk\u0142ad:<\/strong> 85% wiskoza, 15% poliester<\/p>\n","protected":false},"featured_media":119224,"template":"","meta":{"_themeisle_gutenberg_block_has_review":false},"product_cat":[565,753,818,567],"product_tag":[797],"acf":[],"yoast_head":"<!-- This site is optimized with the Yoast SEO plugin v21.2 - https:\/\/yoast.com\/wordpress\/plugins\/seo\/ -->\n<title>sukienka Juliette silver moon - Kids on the Moon<\/title>\n<meta name=\"robots\" content=\"index, follow, max-snippet:-1, max-image-preview:large, max-video-preview:-1\" \/>\n<link rel=\"canonical\" href=\"https:\/\/kidsonthemoon.com\/pl\/produkt\/sukienka-juliette-silver-moon\/\" \/>\n<meta property=\"og:locale\" content=\"pl_PL\" \/>\n<meta property=\"og:type\" content=\"article\" \/>\n<meta property=\"og:title\" content=\"sukienka Juliette silver moon - Kids on the Moon\" \/>\n<meta property=\"og:description\" content=\"Romantyczna, ale zarazem nowoczesna - sukienka Juliette silver moon mieni si\u0119 per\u0142owym blaskiem i mi\u0119kko uk\u0142ada si\u0119 na ciele. Tkanina wiskozowa, z kt\u00f3rej uszyta jest sukienka, ma ciekaw\u0105 faktur\u0119 i delikatny po\u0142ysk. Du\u017cy dekolt zar\u00f3wno z przodu, jak i na plecach, pi\u0119knie eksponuje ramiona i plecy, dodaj\u0105c zmys\u0142owo\u015bci. Skrojona jest ze skosa, delikatnie podkre\u015bla kszta\u0142ty, nie opinaj\u0105c ich zbyt mocno. Idealna na wiecz\u00f3r, ale i na s\u0142oneczny dzie\u0144, je\u015bli lubisz romantyczny, subtelny po\u0142ysk. Regulowane rami\u0105czka pozwalaj\u0105 idealnie dopasowa\u0107 d\u0142ugo\u015b\u0107 i dekolt. Zarzu\u0107 na ni\u0105 romantyczny sweterek lub letni T-shirt na ch\u0142odniejsze wieczory.  Wymiary sukienki:    &nbsp; XS S M L   szer. w biu\u015bcie 44 46 48 50   szer. w biodrach 50 52 54 56   d\u0142ugo\u015b\u0107 117 118 118 119    &nbsp;  Piel\u0119gnacja: pra\u0107 w pralce, delikatny program, w temp. 30\u00b0 C  Sk\u0142ad: 85% wiskoza, 15% poliester\" \/>\n<meta property=\"og:url\" content=\"https:\/\/kidsonthemoon.com\/pl\/produkt\/sukienka-juliette-silver-moon\/\" \/>\n<meta property=\"og:site_name\" content=\"Kids on the Moon\" \/>\n<meta property=\"article:publisher\" content=\"https:\/\/www.facebook.com\/Kids-on-the-Moon-223747864407076\" \/>\n<meta property=\"article:modified_time\" content=\"2025-10-02T09:43:29+00:00\" \/>\n<meta property=\"og:image\" content=\"https:\/\/kidsonthemoon.com\/wp-content\/uploads\/2025\/06\/sukienka_juliette_silver_04.jpg\" \/>\n\t<meta property=\"og:image:width\" content=\"1000\" \/>\n\t<meta property=\"og:image:height\" content=\"1400\" \/>\n\t<meta property=\"og:image:type\" content=\"image\/jpeg\" \/>\n<meta name=\"twitter:card\" content=\"summary_large_image\" \/>\n<script type=\"application\/ld+json\" class=\"yoast-schema-graph\">{\"@context\":\"https:\/\/schema.org\",\"@graph\":[{\"@type\":\"WebPage\",\"@id\":\"https:\/\/kidsonthemoon.com\/pl\/produkt\/sukienka-juliette-silver-moon\/\",\"url\":\"https:\/\/kidsonthemoon.com\/pl\/produkt\/sukienka-juliette-silver-moon\/\",\"name\":\"sukienka Juliette silver moon - Kids on the Moon\",\"isPartOf\":{\"@id\":\"https:\/\/kidsonthemoon.com\/pl\/#website\"},\"datePublished\":\"2025-06-18T21:41:40+00:00\",\"dateModified\":\"2025-10-02T09:43:29+00:00\",\"breadcrumb\":{\"@id\":\"https:\/\/kidsonthemoon.com\/pl\/produkt\/sukienka-juliette-silver-moon\/#breadcrumb\"},\"inLanguage\":\"pl-PL\",\"potentialAction\":[{\"@type\":\"ReadAction\",\"target\":[\"https:\/\/kidsonthemoon.com\/pl\/produkt\/sukienka-juliette-silver-moon\/\"]}]},{\"@type\":\"BreadcrumbList\",\"@id\":\"https:\/\/kidsonthemoon.com\/pl\/produkt\/sukienka-juliette-silver-moon\/#breadcrumb\",\"itemListElement\":[{\"@type\":\"ListItem\",\"position\":1,\"name\":\"Strona g\u0142\u00f3wna\",\"item\":\"https:\/\/kidsonthemoon.com\/pl\/\"},{\"@type\":\"ListItem\",\"position\":2,\"name\":\"Sklep\",\"item\":\"https:\/\/kidsonthemoon.com\/pl\/sklep\/\"},{\"@type\":\"ListItem\",\"position\":3,\"name\":\"sukienka Juliette silver moon\"}]},{\"@type\":\"WebSite\",\"@id\":\"https:\/\/kidsonthemoon.com\/pl\/#website\",\"url\":\"https:\/\/kidsonthemoon.com\/pl\/\",\"name\":\"Kids on the Moon\",\"description\":\"odpowiedzialna moda dla dzieci | sklep online dla dzieci\",\"publisher\":{\"@id\":\"https:\/\/kidsonthemoon.com\/pl\/#organization\"},\"potentialAction\":[{\"@type\":\"SearchAction\",\"target\":{\"@type\":\"EntryPoint\",\"urlTemplate\":\"https:\/\/kidsonthemoon.com\/pl\/?s={search_term_string}\"},\"query-input\":\"required name=search_term_string\"}],\"inLanguage\":\"pl-PL\"},{\"@type\":\"Organization\",\"@id\":\"https:\/\/kidsonthemoon.com\/pl\/#organization\",\"name\":\"Kids on the Moon\",\"url\":\"https:\/\/kidsonthemoon.com\/pl\/\",\"logo\":{\"@type\":\"ImageObject\",\"inLanguage\":\"pl-PL\",\"@id\":\"https:\/\/kidsonthemoon.com\/pl\/#\/schema\/logo\/image\/\",\"url\":\"https:\/\/kidsonthemoon.com\/wp-content\/uploads\/2021\/02\/kotm_logo.png\",\"contentUrl\":\"https:\/\/kidsonthemoon.com\/wp-content\/uploads\/2021\/02\/kotm_logo.png\",\"width\":410,\"height\":47,\"caption\":\"Kids on the Moon\"},\"image\":{\"@id\":\"https:\/\/kidsonthemoon.com\/pl\/#\/schema\/logo\/image\/\"},\"sameAs\":[\"https:\/\/www.facebook.com\/Kids-on-the-Moon-223747864407076\",\"https:\/\/www.instagram.com\/kidsonthemoon\/\",\"https:\/\/pl.pinterest.com\/kotm2013\/pins\/\"]}]}<\/script>\n<!-- \/ Yoast SEO plugin. -->","yoast_head_json":{"title":"sukienka Juliette silver moon - Kids on the Moon","robots":{"index":"index","follow":"follow","max-snippet":"max-snippet:-1","max-image-preview":"max-image-preview:large","max-video-preview":"max-video-preview:-1"},"canonical":"https:\/\/kidsonthemoon.com\/pl\/produkt\/sukienka-juliette-silver-moon\/","og_locale":"pl_PL","og_type":"article","og_title":"sukienka Juliette silver moon - Kids on the Moon","og_description":"Romantyczna, ale zarazem nowoczesna - sukienka Juliette silver moon mieni si\u0119 per\u0142owym blaskiem i mi\u0119kko uk\u0142ada si\u0119 na ciele. Tkanina wiskozowa, z kt\u00f3rej uszyta jest sukienka, ma ciekaw\u0105 faktur\u0119 i delikatny po\u0142ysk. Du\u017cy dekolt zar\u00f3wno z przodu, jak i na plecach, pi\u0119knie eksponuje ramiona i plecy, dodaj\u0105c zmys\u0142owo\u015bci. Skrojona jest ze skosa, delikatnie podkre\u015bla kszta\u0142ty, nie opinaj\u0105c ich zbyt mocno. Idealna na wiecz\u00f3r, ale i na s\u0142oneczny dzie\u0144, je\u015bli lubisz romantyczny, subtelny po\u0142ysk. Regulowane rami\u0105czka pozwalaj\u0105 idealnie dopasowa\u0107 d\u0142ugo\u015b\u0107 i dekolt. Zarzu\u0107 na ni\u0105 romantyczny sweterek lub letni T-shirt na ch\u0142odniejsze wieczory.  Wymiary sukienki:    &nbsp; XS S M L   szer. w biu\u015bcie 44 46 48 50   szer. w biodrach 50 52 54 56   d\u0142ugo\u015b\u0107 117 118 118 119    &nbsp;  Piel\u0119gnacja: pra\u0107 w pralce, delikatny program, w temp. 30\u00b0 C  Sk\u0142ad: 85% wiskoza, 15% poliester","og_url":"https:\/\/kidsonthemoon.com\/pl\/produkt\/sukienka-juliette-silver-moon\/","og_site_name":"Kids on the Moon","article_publisher":"https:\/\/www.facebook.com\/Kids-on-the-Moon-223747864407076","article_modified_time":"2025-10-02T09:43:29+00:00","og_image":[{"width":1000,"height":1400,"url":"https:\/\/kidsonthemoon.com\/wp-content\/uploads\/2025\/06\/sukienka_juliette_silver_04.jpg","type":"image\/jpeg"}],"twitter_card":"summary_large_image","schema":{"@context":"https:\/\/schema.org","@graph":[{"@type":"WebPage","@id":"https:\/\/kidsonthemoon.com\/pl\/produkt\/sukienka-juliette-silver-moon\/","url":"https:\/\/kidsonthemoon.com\/pl\/produkt\/sukienka-juliette-silver-moon\/","name":"sukienka Juliette silver moon - Kids on the Moon","isPartOf":{"@id":"https:\/\/kidsonthemoon.com\/pl\/#website"},"datePublished":"2025-06-18T21:41:40+00:00","dateModified":"2025-10-02T09:43:29+00:00","breadcrumb":{"@id":"https:\/\/kidsonthemoon.com\/pl\/produkt\/sukienka-juliette-silver-moon\/#breadcrumb"},"inLanguage":"pl-PL","potentialAction":[{"@type":"ReadAction","target":["https:\/\/kidsonthemoon.com\/pl\/produkt\/sukienka-juliette-silver-moon\/"]}]},{"@type":"BreadcrumbList","@id":"https:\/\/kidsonthemoon.com\/pl\/produkt\/sukienka-juliette-silver-moon\/#breadcrumb","itemListElement":[{"@type":"ListItem","position":1,"name":"Strona g\u0142\u00f3wna","item":"https:\/\/kidsonthemoon.com\/pl\/"},{"@type":"ListItem","position":2,"name":"Sklep","item":"https:\/\/kidsonthemoon.com\/pl\/sklep\/"},{"@type":"ListItem","position":3,"name":"sukienka Juliette silver moon"}]},{"@type":"WebSite","@id":"https:\/\/kidsonthemoon.com\/pl\/#website","url":"https:\/\/kidsonthemoon.com\/pl\/","name":"Kids on the Moon","description":"odpowiedzialna moda dla dzieci | sklep online dla dzieci","publisher":{"@id":"https:\/\/kidsonthemoon.com\/pl\/#organization"},"potentialAction":[{"@type":"SearchAction","target":{"@type":"EntryPoint","urlTemplate":"https:\/\/kidsonthemoon.com\/pl\/?s={search_term_string}"},"query-input":"required name=search_term_string"}],"inLanguage":"pl-PL"},{"@type":"Organization","@id":"https:\/\/kidsonthemoon.com\/pl\/#organization","name":"Kids on the Moon","url":"https:\/\/kidsonthemoon.com\/pl\/","logo":{"@type":"ImageObject","inLanguage":"pl-PL","@id":"https:\/\/kidsonthemoon.com\/pl\/#\/schema\/logo\/image\/","url":"https:\/\/kidsonthemoon.com\/wp-content\/uploads\/2021\/02\/kotm_logo.png","contentUrl":"https:\/\/kidsonthemoon.com\/wp-content\/uploads\/2021\/02\/kotm_logo.png","width":410,"height":47,"caption":"Kids on the Moon"},"image":{"@id":"https:\/\/kidsonthemoon.com\/pl\/#\/schema\/logo\/image\/"},"sameAs":["https:\/\/www.facebook.com\/Kids-on-the-Moon-223747864407076","https:\/\/www.instagram.com\/kidsonthemoon\/","https:\/\/pl.pinterest.com\/kotm2013\/pins\/"]}]}},"_links":{"self":[{"href":"https:\/\/kidsonthemoon.com\/pl\/wp-json\/wp\/v2\/product\/118459"}],"collection":[{"href":"https:\/\/kidsonthemoon.com\/pl\/wp-json\/wp\/v2\/product"}],"about":[{"href":"https:\/\/kidsonthemoon.com\/pl\/wp-json\/wp\/v2\/types\/product"}],"wp:featuredmedia":[{"embeddable":true,"href":"https:\/\/kidsonthemoon.com\/pl\/wp-json\/wp\/v2\/media\/119224"}],"wp:attachment":[{"href":"https:\/\/kidsonthemoon.com\/pl\/wp-json\/wp\/v2\/media?parent=118459"}],"wp:term":[{"taxonomy":"product_cat","embeddable":true,"href":"https:\/\/kidsonthemoon.com\/pl\/wp-json\/wp\/v2\/product_cat?post=118459"},{"taxonomy":"product_tag","embeddable":true,"href":"https:\/\/kidsonthemoon.com\/pl\/wp-json\/wp\/v2\/product_tag?post=118459"}],"curies":[{"name":"wp","href":"https:\/\/api.w.org\/{rel}","templated":true}]}}