{"id":118484,"date":"2025-06-23T16:10:34","date_gmt":"2025-06-23T14:10:34","guid":{"rendered":"https:\/\/kidsonthemoon.com\/?post_type=product&#038;p=118484"},"modified":"2025-10-13T09:38:08","modified_gmt":"2025-10-13T07:38:08","slug":"bluza-creamy-butter","status":"publish","type":"product","link":"https:\/\/kidsonthemoon.com\/pl\/produkt\/bluza-creamy-butter\/","title":{"rendered":"bluza Creamy butter"},"content":{"rendered":"","protected":false},"excerpt":{"rendered":"<p><span style=\"font-size: 13.5pt; font-family: 'Times New Roman',serif;\">Urocza bluza w<\/span><span style=\"font-family: 'Times New Roman', serif; font-size: 18px;\">&nbsp;najmodniejszym kolorze sezonu &#8211;<\/span> <span style=\"font-size: 13.5pt; font-family: 'Times New Roman',serif;\">butter yellow (mase\u0142kowym) &#8211; absolutny must have tego sezonu! <\/span><span style=\"font-family: 'Times New Roman', serif; font-size: 18px;\">Ciep\u0142a, mi\u0119kka i wygodna, o lu\u017anym kroju i d\u0142ugo\u015bci do bioder. P<\/span><span style=\"font-size: 13.5pt; font-family: 'Times New Roman',serif;\">rzemi\u0142a w dotyku, a do tego apetyczna jak ma\u015blane ciasteczko. Uszyta z drapanej, mi\u0119kkiej bawe\u0142nianej dzianiny (z meszkiem w \u015brodku). Pastelowy kolor subtelnie roz\u015bwietli ka\u017cd\u0105 stylizacj\u0119. No\u015b j\u0105 do sp\u00f3dnic, narzu\u0107 na sukienk\u0119 Juliette w kolorze mokka albo do klasycznych jeans\u00f3w. \u015awie\u017ca, letnia i pe\u0142na stylowych mo\u017cliwo\u015bci! <\/span><span style=\"font-family: 'Times New Roman', serif; font-size: 18px;\">Idealna na ch\u0142odniejsze letnie dni \u2013 sprawdzi si\u0119 nad morzem i w mie\u015bcie.<\/span><span style=\"font-family: 'Times New Roman', serif; font-size: 18px;\">&nbsp;<\/span><\/p>\n<p><strong>Wymiary bluzy w cm.:<\/strong><\/p>\n<p>UWAGA! Nowa rozmiar\u00f3wka. Bluza jest kr\u00f3tsza od poprzednich modeli. Przed zakupem, sprawd\u017a wymiary:<\/p>\n<table style=\"height: 155px;\" width=\"521\">\n<tbody>\n<tr>\n<td width=\"143\">&nbsp;<\/td>\n<td style=\"text-align: center;\" width=\"64\"><strong>XS<\/strong><\/td>\n<td style=\"text-align: center;\" width=\"64\"><strong>S<\/strong><\/td>\n<td style=\"text-align: center;\" width=\"64\"><strong>M<\/strong><\/td>\n<td style=\"text-align: center;\" width=\"64\"><strong>L<\/strong><\/td>\n<\/tr>\n<tr>\n<td>szeroko\u015b\u0107 w biu\u015bcie<\/td>\n<td style=\"text-align: center;\">56<\/td>\n<td style=\"text-align: center;\">58<\/td>\n<td style=\"text-align: center;\">60<\/td>\n<td style=\"text-align: center;\">64<\/td>\n<\/tr>\n<tr>\n<td style=\"text-align: left;\">d\u0142ugo\u015b\u0107 od ramienia przy dekolcie<\/td>\n<td style=\"text-align: center;\">57<\/td>\n<td style=\"text-align: center;\">58<\/td>\n<td style=\"text-align: center;\">60<\/td>\n<td style=\"text-align: center;\">62<\/td>\n<\/tr>\n<\/tbody>\n<\/table>\n<p>&nbsp;<\/p>\n<p><strong>Sk\u0142ad:<\/strong> 80% bawe\u0142na, 20% poliester<\/p>\n","protected":false},"featured_media":119187,"template":"","meta":{"_themeisle_gutenberg_block_has_review":false},"product_cat":[601,565,753],"product_tag":[797],"acf":[],"yoast_head":"<!-- This site is optimized with the Yoast SEO plugin v21.2 - https:\/\/yoast.com\/wordpress\/plugins\/seo\/ -->\n<title>bluza Creamy butter - Kids on the Moon<\/title>\n<meta name=\"robots\" content=\"index, follow, max-snippet:-1, max-image-preview:large, max-video-preview:-1\" \/>\n<link rel=\"canonical\" href=\"https:\/\/kidsonthemoon.com\/pl\/produkt\/bluza-creamy-butter\/\" \/>\n<meta property=\"og:locale\" content=\"pl_PL\" \/>\n<meta property=\"og:type\" content=\"article\" \/>\n<meta property=\"og:title\" content=\"bluza Creamy butter - Kids on the Moon\" \/>\n<meta property=\"og:description\" content=\"Urocza bluza w&nbsp;najmodniejszym kolorze sezonu - butter yellow (mase\u0142kowym) - absolutny must have tego sezonu! Ciep\u0142a, mi\u0119kka i wygodna, o lu\u017anym kroju i d\u0142ugo\u015bci do bioder. Przemi\u0142a w dotyku, a do tego apetyczna jak ma\u015blane ciasteczko. Uszyta z drapanej, mi\u0119kkiej bawe\u0142nianej dzianiny (z meszkiem w \u015brodku). Pastelowy kolor subtelnie roz\u015bwietli ka\u017cd\u0105 stylizacj\u0119. No\u015b j\u0105 do sp\u00f3dnic, narzu\u0107 na sukienk\u0119 Juliette w kolorze mokka albo do klasycznych jeans\u00f3w. \u015awie\u017ca, letnia i pe\u0142na stylowych mo\u017cliwo\u015bci! Idealna na ch\u0142odniejsze letnie dni \u2013 sprawdzi si\u0119 nad morzem i w mie\u015bcie.&nbsp;  Wymiary bluzy w cm.:  UWAGA! Nowa rozmiar\u00f3wka. Bluza jest kr\u00f3tsza od poprzednich modeli. Przed zakupem, sprawd\u017a wymiary:    &nbsp; XS S M L   szeroko\u015b\u0107 w biu\u015bcie 56 58 60 64   d\u0142ugo\u015b\u0107 od ramienia przy dekolcie 57 58 60 62    &nbsp;  Sk\u0142ad: 80% bawe\u0142na, 20% poliester\" \/>\n<meta property=\"og:url\" content=\"https:\/\/kidsonthemoon.com\/pl\/produkt\/bluza-creamy-butter\/\" \/>\n<meta property=\"og:site_name\" content=\"Kids on the Moon\" \/>\n<meta property=\"article:publisher\" content=\"https:\/\/www.facebook.com\/Kids-on-the-Moon-223747864407076\" \/>\n<meta property=\"article:modified_time\" content=\"2025-10-13T07:38:08+00:00\" \/>\n<meta property=\"og:image\" content=\"https:\/\/kidsonthemoon.com\/wp-content\/uploads\/2025\/07\/bluza_creamy_butter_002.jpg\" \/>\n\t<meta property=\"og:image:width\" content=\"1000\" \/>\n\t<meta property=\"og:image:height\" content=\"1400\" \/>\n\t<meta property=\"og:image:type\" content=\"image\/jpeg\" \/>\n<meta name=\"twitter:card\" content=\"summary_large_image\" \/>\n<script type=\"application\/ld+json\" class=\"yoast-schema-graph\">{\"@context\":\"https:\/\/schema.org\",\"@graph\":[{\"@type\":\"WebPage\",\"@id\":\"https:\/\/kidsonthemoon.com\/pl\/produkt\/bluza-creamy-butter\/\",\"url\":\"https:\/\/kidsonthemoon.com\/pl\/produkt\/bluza-creamy-butter\/\",\"name\":\"bluza Creamy butter - Kids on the Moon\",\"isPartOf\":{\"@id\":\"https:\/\/kidsonthemoon.com\/pl\/#website\"},\"datePublished\":\"2025-06-23T14:10:34+00:00\",\"dateModified\":\"2025-10-13T07:38:08+00:00\",\"breadcrumb\":{\"@id\":\"https:\/\/kidsonthemoon.com\/pl\/produkt\/bluza-creamy-butter\/#breadcrumb\"},\"inLanguage\":\"pl-PL\",\"potentialAction\":[{\"@type\":\"ReadAction\",\"target\":[\"https:\/\/kidsonthemoon.com\/pl\/produkt\/bluza-creamy-butter\/\"]}]},{\"@type\":\"BreadcrumbList\",\"@id\":\"https:\/\/kidsonthemoon.com\/pl\/produkt\/bluza-creamy-butter\/#breadcrumb\",\"itemListElement\":[{\"@type\":\"ListItem\",\"position\":1,\"name\":\"Strona g\u0142\u00f3wna\",\"item\":\"https:\/\/kidsonthemoon.com\/pl\/\"},{\"@type\":\"ListItem\",\"position\":2,\"name\":\"Sklep\",\"item\":\"https:\/\/kidsonthemoon.com\/pl\/sklep\/\"},{\"@type\":\"ListItem\",\"position\":3,\"name\":\"bluza Creamy butter\"}]},{\"@type\":\"WebSite\",\"@id\":\"https:\/\/kidsonthemoon.com\/pl\/#website\",\"url\":\"https:\/\/kidsonthemoon.com\/pl\/\",\"name\":\"Kids on the Moon\",\"description\":\"odpowiedzialna moda dla dzieci | sklep online dla dzieci\",\"publisher\":{\"@id\":\"https:\/\/kidsonthemoon.com\/pl\/#organization\"},\"potentialAction\":[{\"@type\":\"SearchAction\",\"target\":{\"@type\":\"EntryPoint\",\"urlTemplate\":\"https:\/\/kidsonthemoon.com\/pl\/?s={search_term_string}\"},\"query-input\":\"required name=search_term_string\"}],\"inLanguage\":\"pl-PL\"},{\"@type\":\"Organization\",\"@id\":\"https:\/\/kidsonthemoon.com\/pl\/#organization\",\"name\":\"Kids on the Moon\",\"url\":\"https:\/\/kidsonthemoon.com\/pl\/\",\"logo\":{\"@type\":\"ImageObject\",\"inLanguage\":\"pl-PL\",\"@id\":\"https:\/\/kidsonthemoon.com\/pl\/#\/schema\/logo\/image\/\",\"url\":\"https:\/\/kidsonthemoon.com\/wp-content\/uploads\/2021\/02\/kotm_logo.png\",\"contentUrl\":\"https:\/\/kidsonthemoon.com\/wp-content\/uploads\/2021\/02\/kotm_logo.png\",\"width\":410,\"height\":47,\"caption\":\"Kids on the Moon\"},\"image\":{\"@id\":\"https:\/\/kidsonthemoon.com\/pl\/#\/schema\/logo\/image\/\"},\"sameAs\":[\"https:\/\/www.facebook.com\/Kids-on-the-Moon-223747864407076\",\"https:\/\/www.instagram.com\/kidsonthemoon\/\",\"https:\/\/pl.pinterest.com\/kotm2013\/pins\/\"]}]}<\/script>\n<!-- \/ Yoast SEO plugin. -->","yoast_head_json":{"title":"bluza Creamy butter - Kids on the Moon","robots":{"index":"index","follow":"follow","max-snippet":"max-snippet:-1","max-image-preview":"max-image-preview:large","max-video-preview":"max-video-preview:-1"},"canonical":"https:\/\/kidsonthemoon.com\/pl\/produkt\/bluza-creamy-butter\/","og_locale":"pl_PL","og_type":"article","og_title":"bluza Creamy butter - Kids on the Moon","og_description":"Urocza bluza w&nbsp;najmodniejszym kolorze sezonu - butter yellow (mase\u0142kowym) - absolutny must have tego sezonu! Ciep\u0142a, mi\u0119kka i wygodna, o lu\u017anym kroju i d\u0142ugo\u015bci do bioder. Przemi\u0142a w dotyku, a do tego apetyczna jak ma\u015blane ciasteczko. Uszyta z drapanej, mi\u0119kkiej bawe\u0142nianej dzianiny (z meszkiem w \u015brodku). Pastelowy kolor subtelnie roz\u015bwietli ka\u017cd\u0105 stylizacj\u0119. No\u015b j\u0105 do sp\u00f3dnic, narzu\u0107 na sukienk\u0119 Juliette w kolorze mokka albo do klasycznych jeans\u00f3w. \u015awie\u017ca, letnia i pe\u0142na stylowych mo\u017cliwo\u015bci! Idealna na ch\u0142odniejsze letnie dni \u2013 sprawdzi si\u0119 nad morzem i w mie\u015bcie.&nbsp;  Wymiary bluzy w cm.:  UWAGA! Nowa rozmiar\u00f3wka. Bluza jest kr\u00f3tsza od poprzednich modeli. Przed zakupem, sprawd\u017a wymiary:    &nbsp; XS S M L   szeroko\u015b\u0107 w biu\u015bcie 56 58 60 64   d\u0142ugo\u015b\u0107 od ramienia przy dekolcie 57 58 60 62    &nbsp;  Sk\u0142ad: 80% bawe\u0142na, 20% poliester","og_url":"https:\/\/kidsonthemoon.com\/pl\/produkt\/bluza-creamy-butter\/","og_site_name":"Kids on the Moon","article_publisher":"https:\/\/www.facebook.com\/Kids-on-the-Moon-223747864407076","article_modified_time":"2025-10-13T07:38:08+00:00","og_image":[{"width":1000,"height":1400,"url":"https:\/\/kidsonthemoon.com\/wp-content\/uploads\/2025\/07\/bluza_creamy_butter_002.jpg","type":"image\/jpeg"}],"twitter_card":"summary_large_image","schema":{"@context":"https:\/\/schema.org","@graph":[{"@type":"WebPage","@id":"https:\/\/kidsonthemoon.com\/pl\/produkt\/bluza-creamy-butter\/","url":"https:\/\/kidsonthemoon.com\/pl\/produkt\/bluza-creamy-butter\/","name":"bluza Creamy butter - Kids on the Moon","isPartOf":{"@id":"https:\/\/kidsonthemoon.com\/pl\/#website"},"datePublished":"2025-06-23T14:10:34+00:00","dateModified":"2025-10-13T07:38:08+00:00","breadcrumb":{"@id":"https:\/\/kidsonthemoon.com\/pl\/produkt\/bluza-creamy-butter\/#breadcrumb"},"inLanguage":"pl-PL","potentialAction":[{"@type":"ReadAction","target":["https:\/\/kidsonthemoon.com\/pl\/produkt\/bluza-creamy-butter\/"]}]},{"@type":"BreadcrumbList","@id":"https:\/\/kidsonthemoon.com\/pl\/produkt\/bluza-creamy-butter\/#breadcrumb","itemListElement":[{"@type":"ListItem","position":1,"name":"Strona g\u0142\u00f3wna","item":"https:\/\/kidsonthemoon.com\/pl\/"},{"@type":"ListItem","position":2,"name":"Sklep","item":"https:\/\/kidsonthemoon.com\/pl\/sklep\/"},{"@type":"ListItem","position":3,"name":"bluza Creamy butter"}]},{"@type":"WebSite","@id":"https:\/\/kidsonthemoon.com\/pl\/#website","url":"https:\/\/kidsonthemoon.com\/pl\/","name":"Kids on the Moon","description":"odpowiedzialna moda dla dzieci | sklep online dla dzieci","publisher":{"@id":"https:\/\/kidsonthemoon.com\/pl\/#organization"},"potentialAction":[{"@type":"SearchAction","target":{"@type":"EntryPoint","urlTemplate":"https:\/\/kidsonthemoon.com\/pl\/?s={search_term_string}"},"query-input":"required name=search_term_string"}],"inLanguage":"pl-PL"},{"@type":"Organization","@id":"https:\/\/kidsonthemoon.com\/pl\/#organization","name":"Kids on the Moon","url":"https:\/\/kidsonthemoon.com\/pl\/","logo":{"@type":"ImageObject","inLanguage":"pl-PL","@id":"https:\/\/kidsonthemoon.com\/pl\/#\/schema\/logo\/image\/","url":"https:\/\/kidsonthemoon.com\/wp-content\/uploads\/2021\/02\/kotm_logo.png","contentUrl":"https:\/\/kidsonthemoon.com\/wp-content\/uploads\/2021\/02\/kotm_logo.png","width":410,"height":47,"caption":"Kids on the Moon"},"image":{"@id":"https:\/\/kidsonthemoon.com\/pl\/#\/schema\/logo\/image\/"},"sameAs":["https:\/\/www.facebook.com\/Kids-on-the-Moon-223747864407076","https:\/\/www.instagram.com\/kidsonthemoon\/","https:\/\/pl.pinterest.com\/kotm2013\/pins\/"]}]}},"_links":{"self":[{"href":"https:\/\/kidsonthemoon.com\/pl\/wp-json\/wp\/v2\/product\/118484"}],"collection":[{"href":"https:\/\/kidsonthemoon.com\/pl\/wp-json\/wp\/v2\/product"}],"about":[{"href":"https:\/\/kidsonthemoon.com\/pl\/wp-json\/wp\/v2\/types\/product"}],"wp:featuredmedia":[{"embeddable":true,"href":"https:\/\/kidsonthemoon.com\/pl\/wp-json\/wp\/v2\/media\/119187"}],"wp:attachment":[{"href":"https:\/\/kidsonthemoon.com\/pl\/wp-json\/wp\/v2\/media?parent=118484"}],"wp:term":[{"taxonomy":"product_cat","embeddable":true,"href":"https:\/\/kidsonthemoon.com\/pl\/wp-json\/wp\/v2\/product_cat?post=118484"},{"taxonomy":"product_tag","embeddable":true,"href":"https:\/\/kidsonthemoon.com\/pl\/wp-json\/wp\/v2\/product_tag?post=118484"}],"curies":[{"name":"wp","href":"https:\/\/api.w.org\/{rel}","templated":true}]}}