{"id":118971,"date":"2025-07-04T11:27:50","date_gmt":"2025-07-04T09:27:50","guid":{"rendered":"https:\/\/kidsonthemoon.com\/?post_type=product&#038;p=118971"},"modified":"2025-10-02T11:43:29","modified_gmt":"2025-10-02T09:43:29","slug":"kuloty-aya-denim","status":"publish","type":"product","link":"https:\/\/kidsonthemoon.com\/pl\/produkt\/kuloty-aya-denim\/","title":{"rendered":"kuloty Aya denim"},"content":{"rendered":"","protected":false},"excerpt":{"rendered":"<p><span style=\"font-size: 13.5pt; font-family: 'Times New Roman',serif;\">Najwygodniejsze spodnie w Twojej szafie. Uszyte z lekkiego, cienkiego denimu, kt\u00f3ry pasuje absolutnie do wszystkiego \u2013 od oversizowego longsleevu po dopasowany top. Szeroka nogawka, przewiewny kr\u00f3j i elastyczna talia z gum\u0105 sprawiaj\u0105, \u017ce nosi si\u0119 je z przyjemno\u015bci\u0105 przez ca\u0142y dzie\u0144 i ca\u0142y rok. Latem \u015bwietne do klapek, wiosn\u0105 i jesieni\u0105 do trampek lub kozak\u00f3w. Idealna baza do stylizacji w klimacie sportowym lub bardziej miejskim. To tak\u017ce must have na wakacyjne wypady.<\/span><\/p>\n<p><strong>Wymiary kulot\u00f3w w cm.:<\/strong><\/p>\n<p>Mo\u017cliwa granica b\u0142\u0119du +\/- 1-1,5 cm.<\/p>\n<table style=\"height: 191px;\" width=\"516\">\n<tbody>\n<tr>\n<td width=\"119\">&nbsp;<\/td>\n<td style=\"text-align: center;\" width=\"64\"><strong>XS<\/strong><\/td>\n<td style=\"text-align: center;\" width=\"64\"><strong>S<\/strong><\/td>\n<td style=\"text-align: center;\" width=\"64\"><strong>M<\/strong><\/td>\n<td style=\"text-align: center;\" width=\"64\"><strong>L<\/strong><\/td>\n<\/tr>\n<tr>\n<td width=\"119\">pas bez rozci\u0105gania (w pasie jest guma)<\/td>\n<td style=\"text-align: center;\">33<\/td>\n<td style=\"text-align: center;\">35,5<\/td>\n<td style=\"text-align: center;\">38<\/td>\n<td style=\"text-align: center;\">40,5<\/td>\n<\/tr>\n<tr>\n<td width=\"119\">szeroko\u015b\u0107 w biodrach<\/td>\n<td style=\"text-align: center;\">54<\/td>\n<td style=\"text-align: center;\">57<\/td>\n<td style=\"text-align: center;\">60<\/td>\n<td style=\"text-align: center;\">63<\/td>\n<\/tr>\n<tr>\n<td width=\"119\">d\u0142ugo\u015b\u0107 (po zewn\u0119trznej nogawce)<\/td>\n<td style=\"text-align: center;\">85<\/td>\n<td style=\"text-align: center;\">85<\/td>\n<td style=\"text-align: center;\">86<\/td>\n<td style=\"text-align: center;\">86<\/td>\n<\/tr>\n<\/tbody>\n<\/table>\n<p>&nbsp;<\/p>\n<p><strong>Sk\u0142ad:<\/strong> 100% bawe\u0142na<\/p>\n","protected":false},"featured_media":119099,"template":"","meta":{"_themeisle_gutenberg_block_has_review":false},"product_cat":[565,753,571],"product_tag":[797],"acf":[],"yoast_head":"<!-- This site is optimized with the Yoast SEO plugin v21.2 - https:\/\/yoast.com\/wordpress\/plugins\/seo\/ -->\n<title>kuloty Aya denim - Kids on the Moon<\/title>\n<meta name=\"robots\" content=\"index, follow, max-snippet:-1, max-image-preview:large, max-video-preview:-1\" \/>\n<link rel=\"canonical\" href=\"https:\/\/kidsonthemoon.com\/pl\/produkt\/kuloty-aya-denim\/\" \/>\n<meta property=\"og:locale\" content=\"pl_PL\" \/>\n<meta property=\"og:type\" content=\"article\" \/>\n<meta property=\"og:title\" content=\"kuloty Aya denim - Kids on the Moon\" \/>\n<meta property=\"og:description\" content=\"Najwygodniejsze spodnie w Twojej szafie. Uszyte z lekkiego, cienkiego denimu, kt\u00f3ry pasuje absolutnie do wszystkiego \u2013 od oversizowego longsleevu po dopasowany top. Szeroka nogawka, przewiewny kr\u00f3j i elastyczna talia z gum\u0105 sprawiaj\u0105, \u017ce nosi si\u0119 je z przyjemno\u015bci\u0105 przez ca\u0142y dzie\u0144 i ca\u0142y rok. Latem \u015bwietne do klapek, wiosn\u0105 i jesieni\u0105 do trampek lub kozak\u00f3w. Idealna baza do stylizacji w klimacie sportowym lub bardziej miejskim. To tak\u017ce must have na wakacyjne wypady.  Wymiary kulot\u00f3w w cm.:  Mo\u017cliwa granica b\u0142\u0119du +\/- 1-1,5 cm.    &nbsp; XS S M L   pas bez rozci\u0105gania (w pasie jest guma) 33 35,5 38 40,5   szeroko\u015b\u0107 w biodrach 54 57 60 63   d\u0142ugo\u015b\u0107 (po zewn\u0119trznej nogawce) 85 85 86 86    &nbsp;  Sk\u0142ad: 100% bawe\u0142na\" \/>\n<meta property=\"og:url\" content=\"https:\/\/kidsonthemoon.com\/pl\/produkt\/kuloty-aya-denim\/\" \/>\n<meta property=\"og:site_name\" content=\"Kids on the Moon\" \/>\n<meta property=\"article:publisher\" content=\"https:\/\/www.facebook.com\/Kids-on-the-Moon-223747864407076\" \/>\n<meta property=\"article:modified_time\" content=\"2025-10-02T09:43:29+00:00\" \/>\n<meta property=\"og:image\" content=\"https:\/\/kidsonthemoon.com\/wp-content\/uploads\/2025\/07\/kuloty_aya_denim_4.jpg\" \/>\n\t<meta property=\"og:image:width\" content=\"1000\" \/>\n\t<meta property=\"og:image:height\" content=\"1400\" \/>\n\t<meta property=\"og:image:type\" content=\"image\/jpeg\" \/>\n<meta name=\"twitter:card\" content=\"summary_large_image\" \/>\n<script type=\"application\/ld+json\" class=\"yoast-schema-graph\">{\"@context\":\"https:\/\/schema.org\",\"@graph\":[{\"@type\":\"WebPage\",\"@id\":\"https:\/\/kidsonthemoon.com\/pl\/produkt\/kuloty-aya-denim\/\",\"url\":\"https:\/\/kidsonthemoon.com\/pl\/produkt\/kuloty-aya-denim\/\",\"name\":\"kuloty Aya denim - Kids on the Moon\",\"isPartOf\":{\"@id\":\"https:\/\/kidsonthemoon.com\/pl\/#website\"},\"datePublished\":\"2025-07-04T09:27:50+00:00\",\"dateModified\":\"2025-10-02T09:43:29+00:00\",\"breadcrumb\":{\"@id\":\"https:\/\/kidsonthemoon.com\/pl\/produkt\/kuloty-aya-denim\/#breadcrumb\"},\"inLanguage\":\"pl-PL\",\"potentialAction\":[{\"@type\":\"ReadAction\",\"target\":[\"https:\/\/kidsonthemoon.com\/pl\/produkt\/kuloty-aya-denim\/\"]}]},{\"@type\":\"BreadcrumbList\",\"@id\":\"https:\/\/kidsonthemoon.com\/pl\/produkt\/kuloty-aya-denim\/#breadcrumb\",\"itemListElement\":[{\"@type\":\"ListItem\",\"position\":1,\"name\":\"Strona g\u0142\u00f3wna\",\"item\":\"https:\/\/kidsonthemoon.com\/pl\/\"},{\"@type\":\"ListItem\",\"position\":2,\"name\":\"Sklep\",\"item\":\"https:\/\/kidsonthemoon.com\/pl\/sklep\/\"},{\"@type\":\"ListItem\",\"position\":3,\"name\":\"kuloty Aya denim\"}]},{\"@type\":\"WebSite\",\"@id\":\"https:\/\/kidsonthemoon.com\/pl\/#website\",\"url\":\"https:\/\/kidsonthemoon.com\/pl\/\",\"name\":\"Kids on the Moon\",\"description\":\"odpowiedzialna moda dla dzieci | sklep online dla dzieci\",\"publisher\":{\"@id\":\"https:\/\/kidsonthemoon.com\/pl\/#organization\"},\"potentialAction\":[{\"@type\":\"SearchAction\",\"target\":{\"@type\":\"EntryPoint\",\"urlTemplate\":\"https:\/\/kidsonthemoon.com\/pl\/?s={search_term_string}\"},\"query-input\":\"required name=search_term_string\"}],\"inLanguage\":\"pl-PL\"},{\"@type\":\"Organization\",\"@id\":\"https:\/\/kidsonthemoon.com\/pl\/#organization\",\"name\":\"Kids on the Moon\",\"url\":\"https:\/\/kidsonthemoon.com\/pl\/\",\"logo\":{\"@type\":\"ImageObject\",\"inLanguage\":\"pl-PL\",\"@id\":\"https:\/\/kidsonthemoon.com\/pl\/#\/schema\/logo\/image\/\",\"url\":\"https:\/\/kidsonthemoon.com\/wp-content\/uploads\/2021\/02\/kotm_logo.png\",\"contentUrl\":\"https:\/\/kidsonthemoon.com\/wp-content\/uploads\/2021\/02\/kotm_logo.png\",\"width\":410,\"height\":47,\"caption\":\"Kids on the Moon\"},\"image\":{\"@id\":\"https:\/\/kidsonthemoon.com\/pl\/#\/schema\/logo\/image\/\"},\"sameAs\":[\"https:\/\/www.facebook.com\/Kids-on-the-Moon-223747864407076\",\"https:\/\/www.instagram.com\/kidsonthemoon\/\",\"https:\/\/pl.pinterest.com\/kotm2013\/pins\/\"]}]}<\/script>\n<!-- \/ Yoast SEO plugin. -->","yoast_head_json":{"title":"kuloty Aya denim - Kids on the Moon","robots":{"index":"index","follow":"follow","max-snippet":"max-snippet:-1","max-image-preview":"max-image-preview:large","max-video-preview":"max-video-preview:-1"},"canonical":"https:\/\/kidsonthemoon.com\/pl\/produkt\/kuloty-aya-denim\/","og_locale":"pl_PL","og_type":"article","og_title":"kuloty Aya denim - Kids on the Moon","og_description":"Najwygodniejsze spodnie w Twojej szafie. Uszyte z lekkiego, cienkiego denimu, kt\u00f3ry pasuje absolutnie do wszystkiego \u2013 od oversizowego longsleevu po dopasowany top. Szeroka nogawka, przewiewny kr\u00f3j i elastyczna talia z gum\u0105 sprawiaj\u0105, \u017ce nosi si\u0119 je z przyjemno\u015bci\u0105 przez ca\u0142y dzie\u0144 i ca\u0142y rok. Latem \u015bwietne do klapek, wiosn\u0105 i jesieni\u0105 do trampek lub kozak\u00f3w. Idealna baza do stylizacji w klimacie sportowym lub bardziej miejskim. To tak\u017ce must have na wakacyjne wypady.  Wymiary kulot\u00f3w w cm.:  Mo\u017cliwa granica b\u0142\u0119du +\/- 1-1,5 cm.    &nbsp; XS S M L   pas bez rozci\u0105gania (w pasie jest guma) 33 35,5 38 40,5   szeroko\u015b\u0107 w biodrach 54 57 60 63   d\u0142ugo\u015b\u0107 (po zewn\u0119trznej nogawce) 85 85 86 86    &nbsp;  Sk\u0142ad: 100% bawe\u0142na","og_url":"https:\/\/kidsonthemoon.com\/pl\/produkt\/kuloty-aya-denim\/","og_site_name":"Kids on the Moon","article_publisher":"https:\/\/www.facebook.com\/Kids-on-the-Moon-223747864407076","article_modified_time":"2025-10-02T09:43:29+00:00","og_image":[{"width":1000,"height":1400,"url":"https:\/\/kidsonthemoon.com\/wp-content\/uploads\/2025\/07\/kuloty_aya_denim_4.jpg","type":"image\/jpeg"}],"twitter_card":"summary_large_image","schema":{"@context":"https:\/\/schema.org","@graph":[{"@type":"WebPage","@id":"https:\/\/kidsonthemoon.com\/pl\/produkt\/kuloty-aya-denim\/","url":"https:\/\/kidsonthemoon.com\/pl\/produkt\/kuloty-aya-denim\/","name":"kuloty Aya denim - Kids on the Moon","isPartOf":{"@id":"https:\/\/kidsonthemoon.com\/pl\/#website"},"datePublished":"2025-07-04T09:27:50+00:00","dateModified":"2025-10-02T09:43:29+00:00","breadcrumb":{"@id":"https:\/\/kidsonthemoon.com\/pl\/produkt\/kuloty-aya-denim\/#breadcrumb"},"inLanguage":"pl-PL","potentialAction":[{"@type":"ReadAction","target":["https:\/\/kidsonthemoon.com\/pl\/produkt\/kuloty-aya-denim\/"]}]},{"@type":"BreadcrumbList","@id":"https:\/\/kidsonthemoon.com\/pl\/produkt\/kuloty-aya-denim\/#breadcrumb","itemListElement":[{"@type":"ListItem","position":1,"name":"Strona g\u0142\u00f3wna","item":"https:\/\/kidsonthemoon.com\/pl\/"},{"@type":"ListItem","position":2,"name":"Sklep","item":"https:\/\/kidsonthemoon.com\/pl\/sklep\/"},{"@type":"ListItem","position":3,"name":"kuloty Aya denim"}]},{"@type":"WebSite","@id":"https:\/\/kidsonthemoon.com\/pl\/#website","url":"https:\/\/kidsonthemoon.com\/pl\/","name":"Kids on the Moon","description":"odpowiedzialna moda dla dzieci | sklep online dla dzieci","publisher":{"@id":"https:\/\/kidsonthemoon.com\/pl\/#organization"},"potentialAction":[{"@type":"SearchAction","target":{"@type":"EntryPoint","urlTemplate":"https:\/\/kidsonthemoon.com\/pl\/?s={search_term_string}"},"query-input":"required name=search_term_string"}],"inLanguage":"pl-PL"},{"@type":"Organization","@id":"https:\/\/kidsonthemoon.com\/pl\/#organization","name":"Kids on the Moon","url":"https:\/\/kidsonthemoon.com\/pl\/","logo":{"@type":"ImageObject","inLanguage":"pl-PL","@id":"https:\/\/kidsonthemoon.com\/pl\/#\/schema\/logo\/image\/","url":"https:\/\/kidsonthemoon.com\/wp-content\/uploads\/2021\/02\/kotm_logo.png","contentUrl":"https:\/\/kidsonthemoon.com\/wp-content\/uploads\/2021\/02\/kotm_logo.png","width":410,"height":47,"caption":"Kids on the Moon"},"image":{"@id":"https:\/\/kidsonthemoon.com\/pl\/#\/schema\/logo\/image\/"},"sameAs":["https:\/\/www.facebook.com\/Kids-on-the-Moon-223747864407076","https:\/\/www.instagram.com\/kidsonthemoon\/","https:\/\/pl.pinterest.com\/kotm2013\/pins\/"]}]}},"_links":{"self":[{"href":"https:\/\/kidsonthemoon.com\/pl\/wp-json\/wp\/v2\/product\/118971"}],"collection":[{"href":"https:\/\/kidsonthemoon.com\/pl\/wp-json\/wp\/v2\/product"}],"about":[{"href":"https:\/\/kidsonthemoon.com\/pl\/wp-json\/wp\/v2\/types\/product"}],"wp:featuredmedia":[{"embeddable":true,"href":"https:\/\/kidsonthemoon.com\/pl\/wp-json\/wp\/v2\/media\/119099"}],"wp:attachment":[{"href":"https:\/\/kidsonthemoon.com\/pl\/wp-json\/wp\/v2\/media?parent=118971"}],"wp:term":[{"taxonomy":"product_cat","embeddable":true,"href":"https:\/\/kidsonthemoon.com\/pl\/wp-json\/wp\/v2\/product_cat?post=118971"},{"taxonomy":"product_tag","embeddable":true,"href":"https:\/\/kidsonthemoon.com\/pl\/wp-json\/wp\/v2\/product_tag?post=118971"}],"curies":[{"name":"wp","href":"https:\/\/api.w.org\/{rel}","templated":true}]}}