{"id":29463,"date":"2021-02-16T19:37:09","date_gmt":"2021-02-16T18:37:09","guid":{"rendered":"https:\/\/moon.grochowski.usermd.net\/product\/spodnie-dresowe-steel\/"},"modified":"2025-08-06T08:51:07","modified_gmt":"2025-08-06T06:51:07","slug":"spodnie-dresowe-steel","status":"publish","type":"product","link":"https:\/\/kidsonthemoon.com\/pl\/produkt\/spodnie-dresowe-steel\/","title":{"rendered":"spodnie dresowe steel"},"content":{"rendered":"","protected":false},"excerpt":{"rendered":"<p dir=\"ltr\">Wygodne spodnie dresowe z mi\u0119kkiej dzianiny o gramaturze 280 g\/m2 z bawe\u0142ny z domieszk\u0105 poliestru. \u015aci\u0105gacz w pasie i przy nogawkach zapewnia wygod\u0119 i idealne dopasowanie. Posiadaj\u0105 boczne kieszenie i ozdobne patki z ty\u0142u. Nadruk z efektem&nbsp;vintage odwo\u0142uje si\u0119 do \u017cywio\u0142\u00f3w, motywu kolekcji i zosta\u0142 wykonany w technologii druku cyfrowego przy u\u017cyciu&nbsp;farb wodnych z certyfikatem OEKO-TEX standard 100.<\/p>\n","protected":false},"featured_media":45531,"template":"","meta":{"_themeisle_gutenberg_block_has_review":false},"product_cat":[791],"product_tag":[520],"acf":[],"yoast_head":"<!-- This site is optimized with the Yoast SEO plugin v21.2 - https:\/\/yoast.com\/wordpress\/plugins\/seo\/ -->\n<title>spodnie dresowe steel - Kids on the Moon<\/title>\n<meta name=\"robots\" content=\"index, follow, max-snippet:-1, max-image-preview:large, max-video-preview:-1\" \/>\n<link rel=\"canonical\" href=\"https:\/\/kidsonthemoon.com\/pl\/produkt\/spodnie-dresowe-steel\/\" \/>\n<meta property=\"og:locale\" content=\"pl_PL\" \/>\n<meta property=\"og:type\" content=\"article\" \/>\n<meta property=\"og:title\" content=\"spodnie dresowe steel - Kids on the Moon\" \/>\n<meta property=\"og:description\" content=\"Wygodne spodnie dresowe z mi\u0119kkiej dzianiny o gramaturze 280 g\/m2 z bawe\u0142ny z domieszk\u0105 poliestru. \u015aci\u0105gacz w pasie i przy nogawkach zapewnia wygod\u0119 i idealne dopasowanie. Posiadaj\u0105 boczne kieszenie i ozdobne patki z ty\u0142u. Nadruk z efektem&nbsp;vintage odwo\u0142uje si\u0119 do \u017cywio\u0142\u00f3w, motywu kolekcji i zosta\u0142 wykonany w technologii druku cyfrowego przy u\u017cyciu&nbsp;farb wodnych z certyfikatem OEKO-TEX standard 100.\" \/>\n<meta property=\"og:url\" content=\"https:\/\/kidsonthemoon.com\/pl\/produkt\/spodnie-dresowe-steel\/\" \/>\n<meta property=\"og:site_name\" content=\"Kids on the Moon\" \/>\n<meta property=\"article:publisher\" content=\"https:\/\/www.facebook.com\/Kids-on-the-Moon-223747864407076\" \/>\n<meta property=\"article:modified_time\" content=\"2025-08-06T06:51:07+00:00\" \/>\n<meta property=\"og:image\" content=\"https:\/\/kidsonthemoon.com\/wp-content\/uploads\/2021\/02\/kids-on-the-moon-spodnie-dresowe-dzianinowe-z-nadrukiem.jpg\" \/>\n\t<meta property=\"og:image:width\" content=\"1000\" \/>\n\t<meta property=\"og:image:height\" content=\"1400\" \/>\n\t<meta property=\"og:image:type\" content=\"image\/jpeg\" \/>\n<meta name=\"twitter:card\" content=\"summary_large_image\" \/>\n<script type=\"application\/ld+json\" class=\"yoast-schema-graph\">{\"@context\":\"https:\/\/schema.org\",\"@graph\":[{\"@type\":\"WebPage\",\"@id\":\"https:\/\/kidsonthemoon.com\/pl\/produkt\/spodnie-dresowe-steel\/\",\"url\":\"https:\/\/kidsonthemoon.com\/pl\/produkt\/spodnie-dresowe-steel\/\",\"name\":\"spodnie dresowe steel - Kids on the Moon\",\"isPartOf\":{\"@id\":\"https:\/\/kidsonthemoon.com\/pl\/#website\"},\"datePublished\":\"2021-02-16T18:37:09+00:00\",\"dateModified\":\"2025-08-06T06:51:07+00:00\",\"breadcrumb\":{\"@id\":\"https:\/\/kidsonthemoon.com\/pl\/produkt\/spodnie-dresowe-steel\/#breadcrumb\"},\"inLanguage\":\"pl-PL\",\"potentialAction\":[{\"@type\":\"ReadAction\",\"target\":[\"https:\/\/kidsonthemoon.com\/pl\/produkt\/spodnie-dresowe-steel\/\"]}]},{\"@type\":\"BreadcrumbList\",\"@id\":\"https:\/\/kidsonthemoon.com\/pl\/produkt\/spodnie-dresowe-steel\/#breadcrumb\",\"itemListElement\":[{\"@type\":\"ListItem\",\"position\":1,\"name\":\"Strona g\u0142\u00f3wna\",\"item\":\"https:\/\/kidsonthemoon.com\/pl\/\"},{\"@type\":\"ListItem\",\"position\":2,\"name\":\"Sklep\",\"item\":\"https:\/\/kidsonthemoon.com\/pl\/sklep\/\"},{\"@type\":\"ListItem\",\"position\":3,\"name\":\"spodnie dresowe steel\"}]},{\"@type\":\"WebSite\",\"@id\":\"https:\/\/kidsonthemoon.com\/pl\/#website\",\"url\":\"https:\/\/kidsonthemoon.com\/pl\/\",\"name\":\"Kids on the Moon\",\"description\":\"odpowiedzialna moda dla dzieci | sklep online dla dzieci\",\"publisher\":{\"@id\":\"https:\/\/kidsonthemoon.com\/pl\/#organization\"},\"potentialAction\":[{\"@type\":\"SearchAction\",\"target\":{\"@type\":\"EntryPoint\",\"urlTemplate\":\"https:\/\/kidsonthemoon.com\/pl\/?s={search_term_string}\"},\"query-input\":\"required name=search_term_string\"}],\"inLanguage\":\"pl-PL\"},{\"@type\":\"Organization\",\"@id\":\"https:\/\/kidsonthemoon.com\/pl\/#organization\",\"name\":\"Kids on the Moon\",\"url\":\"https:\/\/kidsonthemoon.com\/pl\/\",\"logo\":{\"@type\":\"ImageObject\",\"inLanguage\":\"pl-PL\",\"@id\":\"https:\/\/kidsonthemoon.com\/pl\/#\/schema\/logo\/image\/\",\"url\":\"https:\/\/kidsonthemoon.com\/wp-content\/uploads\/2021\/02\/kotm_logo.png\",\"contentUrl\":\"https:\/\/kidsonthemoon.com\/wp-content\/uploads\/2021\/02\/kotm_logo.png\",\"width\":410,\"height\":47,\"caption\":\"Kids on the Moon\"},\"image\":{\"@id\":\"https:\/\/kidsonthemoon.com\/pl\/#\/schema\/logo\/image\/\"},\"sameAs\":[\"https:\/\/www.facebook.com\/Kids-on-the-Moon-223747864407076\",\"https:\/\/www.instagram.com\/kidsonthemoon\/\",\"https:\/\/pl.pinterest.com\/kotm2013\/pins\/\"]}]}<\/script>\n<!-- \/ Yoast SEO plugin. -->","yoast_head_json":{"title":"spodnie dresowe steel - Kids on the Moon","robots":{"index":"index","follow":"follow","max-snippet":"max-snippet:-1","max-image-preview":"max-image-preview:large","max-video-preview":"max-video-preview:-1"},"canonical":"https:\/\/kidsonthemoon.com\/pl\/produkt\/spodnie-dresowe-steel\/","og_locale":"pl_PL","og_type":"article","og_title":"spodnie dresowe steel - Kids on the Moon","og_description":"Wygodne spodnie dresowe z mi\u0119kkiej dzianiny o gramaturze 280 g\/m2 z bawe\u0142ny z domieszk\u0105 poliestru. \u015aci\u0105gacz w pasie i przy nogawkach zapewnia wygod\u0119 i idealne dopasowanie. Posiadaj\u0105 boczne kieszenie i ozdobne patki z ty\u0142u. Nadruk z efektem&nbsp;vintage odwo\u0142uje si\u0119 do \u017cywio\u0142\u00f3w, motywu kolekcji i zosta\u0142 wykonany w technologii druku cyfrowego przy u\u017cyciu&nbsp;farb wodnych z certyfikatem OEKO-TEX standard 100.","og_url":"https:\/\/kidsonthemoon.com\/pl\/produkt\/spodnie-dresowe-steel\/","og_site_name":"Kids on the Moon","article_publisher":"https:\/\/www.facebook.com\/Kids-on-the-Moon-223747864407076","article_modified_time":"2025-08-06T06:51:07+00:00","og_image":[{"width":1000,"height":1400,"url":"https:\/\/kidsonthemoon.com\/wp-content\/uploads\/2021\/02\/kids-on-the-moon-spodnie-dresowe-dzianinowe-z-nadrukiem.jpg","type":"image\/jpeg"}],"twitter_card":"summary_large_image","schema":{"@context":"https:\/\/schema.org","@graph":[{"@type":"WebPage","@id":"https:\/\/kidsonthemoon.com\/pl\/produkt\/spodnie-dresowe-steel\/","url":"https:\/\/kidsonthemoon.com\/pl\/produkt\/spodnie-dresowe-steel\/","name":"spodnie dresowe steel - Kids on the Moon","isPartOf":{"@id":"https:\/\/kidsonthemoon.com\/pl\/#website"},"datePublished":"2021-02-16T18:37:09+00:00","dateModified":"2025-08-06T06:51:07+00:00","breadcrumb":{"@id":"https:\/\/kidsonthemoon.com\/pl\/produkt\/spodnie-dresowe-steel\/#breadcrumb"},"inLanguage":"pl-PL","potentialAction":[{"@type":"ReadAction","target":["https:\/\/kidsonthemoon.com\/pl\/produkt\/spodnie-dresowe-steel\/"]}]},{"@type":"BreadcrumbList","@id":"https:\/\/kidsonthemoon.com\/pl\/produkt\/spodnie-dresowe-steel\/#breadcrumb","itemListElement":[{"@type":"ListItem","position":1,"name":"Strona g\u0142\u00f3wna","item":"https:\/\/kidsonthemoon.com\/pl\/"},{"@type":"ListItem","position":2,"name":"Sklep","item":"https:\/\/kidsonthemoon.com\/pl\/sklep\/"},{"@type":"ListItem","position":3,"name":"spodnie dresowe steel"}]},{"@type":"WebSite","@id":"https:\/\/kidsonthemoon.com\/pl\/#website","url":"https:\/\/kidsonthemoon.com\/pl\/","name":"Kids on the Moon","description":"odpowiedzialna moda dla dzieci | sklep online dla dzieci","publisher":{"@id":"https:\/\/kidsonthemoon.com\/pl\/#organization"},"potentialAction":[{"@type":"SearchAction","target":{"@type":"EntryPoint","urlTemplate":"https:\/\/kidsonthemoon.com\/pl\/?s={search_term_string}"},"query-input":"required name=search_term_string"}],"inLanguage":"pl-PL"},{"@type":"Organization","@id":"https:\/\/kidsonthemoon.com\/pl\/#organization","name":"Kids on the Moon","url":"https:\/\/kidsonthemoon.com\/pl\/","logo":{"@type":"ImageObject","inLanguage":"pl-PL","@id":"https:\/\/kidsonthemoon.com\/pl\/#\/schema\/logo\/image\/","url":"https:\/\/kidsonthemoon.com\/wp-content\/uploads\/2021\/02\/kotm_logo.png","contentUrl":"https:\/\/kidsonthemoon.com\/wp-content\/uploads\/2021\/02\/kotm_logo.png","width":410,"height":47,"caption":"Kids on the Moon"},"image":{"@id":"https:\/\/kidsonthemoon.com\/pl\/#\/schema\/logo\/image\/"},"sameAs":["https:\/\/www.facebook.com\/Kids-on-the-Moon-223747864407076","https:\/\/www.instagram.com\/kidsonthemoon\/","https:\/\/pl.pinterest.com\/kotm2013\/pins\/"]}]}},"_links":{"self":[{"href":"https:\/\/kidsonthemoon.com\/pl\/wp-json\/wp\/v2\/product\/29463"}],"collection":[{"href":"https:\/\/kidsonthemoon.com\/pl\/wp-json\/wp\/v2\/product"}],"about":[{"href":"https:\/\/kidsonthemoon.com\/pl\/wp-json\/wp\/v2\/types\/product"}],"wp:featuredmedia":[{"embeddable":true,"href":"https:\/\/kidsonthemoon.com\/pl\/wp-json\/wp\/v2\/media\/45531"}],"wp:attachment":[{"href":"https:\/\/kidsonthemoon.com\/pl\/wp-json\/wp\/v2\/media?parent=29463"}],"wp:term":[{"taxonomy":"product_cat","embeddable":true,"href":"https:\/\/kidsonthemoon.com\/pl\/wp-json\/wp\/v2\/product_cat?post=29463"},{"taxonomy":"product_tag","embeddable":true,"href":"https:\/\/kidsonthemoon.com\/pl\/wp-json\/wp\/v2\/product_tag?post=29463"}],"curies":[{"name":"wp","href":"https:\/\/api.w.org\/{rel}","templated":true}]}}