{"id":29586,"date":"2021-02-16T19:39:58","date_gmt":"2021-02-16T18:39:58","guid":{"rendered":"https:\/\/moon.grochowski.usermd.net\/product\/spodnica-z-falbanka-anthracite\/"},"modified":"2025-09-29T10:11:32","modified_gmt":"2025-09-29T08:11:32","slug":"spodnica-z-falbanka-anthracite","status":"publish","type":"product","link":"https:\/\/kidsonthemoon.com\/pl\/produkt\/spodnica-z-falbanka-anthracite\/","title":{"rendered":"sp\u00f3dnica z falbank\u0105 anthracite"},"content":{"rendered":"","protected":false},"excerpt":{"rendered":"<p dir=\"ltr\">Kr\u00f3tka bawe\u0142niana dzieci\u0119ca sp\u00f3dniczka, wyko\u0144czona delikatn\u0105 falbank\u0105. Uszyta z elastycznej tkaniny w kratk\u0119. Posiada boczne kieszenie z przodu i naszywane&nbsp; z ty\u0142u na pupie. Elastyczny pas z gumk\u0105 zapewnia lepsze dopasowanie. Klasyczny wz\u00f3r w kratk\u0119 i intensywny, grafitowy kolor podkre\u015blaj\u0105 jesienny charakter, a dziewcz\u0119ca falbanka dodaje uroku.<\/p>\n","protected":false},"featured_media":45492,"template":"","meta":{"_themeisle_gutenberg_block_has_review":false},"product_cat":[719,230],"product_tag":[524],"acf":[],"yoast_head":"<!-- This site is optimized with the Yoast SEO plugin v21.2 - https:\/\/yoast.com\/wordpress\/plugins\/seo\/ -->\n<title>sp\u00f3dnica z falbank\u0105 anthracite - Kids on the Moon<\/title>\n<meta name=\"robots\" content=\"index, follow, max-snippet:-1, max-image-preview:large, max-video-preview:-1\" \/>\n<link rel=\"canonical\" href=\"https:\/\/kidsonthemoon.com\/pl\/produkt\/spodnica-z-falbanka-anthracite\/\" \/>\n<meta property=\"og:locale\" content=\"pl_PL\" \/>\n<meta property=\"og:type\" content=\"article\" \/>\n<meta property=\"og:title\" content=\"sp\u00f3dnica z falbank\u0105 anthracite - Kids on the Moon\" \/>\n<meta property=\"og:description\" content=\"Kr\u00f3tka bawe\u0142niana dzieci\u0119ca sp\u00f3dniczka, wyko\u0144czona delikatn\u0105 falbank\u0105. Uszyta z elastycznej tkaniny w kratk\u0119. Posiada boczne kieszenie z przodu i naszywane&nbsp; z ty\u0142u na pupie. Elastyczny pas z gumk\u0105 zapewnia lepsze dopasowanie. Klasyczny wz\u00f3r w kratk\u0119 i intensywny, grafitowy kolor podkre\u015blaj\u0105 jesienny charakter, a dziewcz\u0119ca falbanka dodaje uroku.\" \/>\n<meta property=\"og:url\" content=\"https:\/\/kidsonthemoon.com\/pl\/produkt\/spodnica-z-falbanka-anthracite\/\" \/>\n<meta property=\"og:site_name\" content=\"Kids on the Moon\" \/>\n<meta property=\"article:publisher\" content=\"https:\/\/www.facebook.com\/Kids-on-the-Moon-223747864407076\" \/>\n<meta property=\"article:modified_time\" content=\"2025-09-29T08:11:32+00:00\" \/>\n<meta property=\"og:image\" content=\"https:\/\/kidsonthemoon.com\/wp-content\/uploads\/2021\/02\/kids-on-the-moon-spodnica-w-kratke-z-falbanka-dla-dziewczynki.jpg\" \/>\n\t<meta property=\"og:image:width\" content=\"1000\" \/>\n\t<meta property=\"og:image:height\" content=\"1400\" \/>\n\t<meta property=\"og:image:type\" content=\"image\/jpeg\" \/>\n<meta name=\"twitter:card\" content=\"summary_large_image\" \/>\n<script type=\"application\/ld+json\" class=\"yoast-schema-graph\">{\"@context\":\"https:\/\/schema.org\",\"@graph\":[{\"@type\":\"WebPage\",\"@id\":\"https:\/\/kidsonthemoon.com\/pl\/produkt\/spodnica-z-falbanka-anthracite\/\",\"url\":\"https:\/\/kidsonthemoon.com\/pl\/produkt\/spodnica-z-falbanka-anthracite\/\",\"name\":\"sp\u00f3dnica z falbank\u0105 anthracite - Kids on the Moon\",\"isPartOf\":{\"@id\":\"https:\/\/kidsonthemoon.com\/pl\/#website\"},\"datePublished\":\"2021-02-16T18:39:58+00:00\",\"dateModified\":\"2025-09-29T08:11:32+00:00\",\"breadcrumb\":{\"@id\":\"https:\/\/kidsonthemoon.com\/pl\/produkt\/spodnica-z-falbanka-anthracite\/#breadcrumb\"},\"inLanguage\":\"pl-PL\",\"potentialAction\":[{\"@type\":\"ReadAction\",\"target\":[\"https:\/\/kidsonthemoon.com\/pl\/produkt\/spodnica-z-falbanka-anthracite\/\"]}]},{\"@type\":\"BreadcrumbList\",\"@id\":\"https:\/\/kidsonthemoon.com\/pl\/produkt\/spodnica-z-falbanka-anthracite\/#breadcrumb\",\"itemListElement\":[{\"@type\":\"ListItem\",\"position\":1,\"name\":\"Strona g\u0142\u00f3wna\",\"item\":\"https:\/\/kidsonthemoon.com\/pl\/\"},{\"@type\":\"ListItem\",\"position\":2,\"name\":\"Sklep\",\"item\":\"https:\/\/kidsonthemoon.com\/pl\/sklep\/\"},{\"@type\":\"ListItem\",\"position\":3,\"name\":\"sp\u00f3dnica z falbank\u0105 anthracite\"}]},{\"@type\":\"WebSite\",\"@id\":\"https:\/\/kidsonthemoon.com\/pl\/#website\",\"url\":\"https:\/\/kidsonthemoon.com\/pl\/\",\"name\":\"Kids on the Moon\",\"description\":\"odpowiedzialna moda dla dzieci | sklep online dla dzieci\",\"publisher\":{\"@id\":\"https:\/\/kidsonthemoon.com\/pl\/#organization\"},\"potentialAction\":[{\"@type\":\"SearchAction\",\"target\":{\"@type\":\"EntryPoint\",\"urlTemplate\":\"https:\/\/kidsonthemoon.com\/pl\/?s={search_term_string}\"},\"query-input\":\"required name=search_term_string\"}],\"inLanguage\":\"pl-PL\"},{\"@type\":\"Organization\",\"@id\":\"https:\/\/kidsonthemoon.com\/pl\/#organization\",\"name\":\"Kids on the Moon\",\"url\":\"https:\/\/kidsonthemoon.com\/pl\/\",\"logo\":{\"@type\":\"ImageObject\",\"inLanguage\":\"pl-PL\",\"@id\":\"https:\/\/kidsonthemoon.com\/pl\/#\/schema\/logo\/image\/\",\"url\":\"https:\/\/kidsonthemoon.com\/wp-content\/uploads\/2021\/02\/kotm_logo.png\",\"contentUrl\":\"https:\/\/kidsonthemoon.com\/wp-content\/uploads\/2021\/02\/kotm_logo.png\",\"width\":410,\"height\":47,\"caption\":\"Kids on the Moon\"},\"image\":{\"@id\":\"https:\/\/kidsonthemoon.com\/pl\/#\/schema\/logo\/image\/\"},\"sameAs\":[\"https:\/\/www.facebook.com\/Kids-on-the-Moon-223747864407076\",\"https:\/\/www.instagram.com\/kidsonthemoon\/\",\"https:\/\/pl.pinterest.com\/kotm2013\/pins\/\"]}]}<\/script>\n<!-- \/ Yoast SEO plugin. -->","yoast_head_json":{"title":"sp\u00f3dnica z falbank\u0105 anthracite - Kids on the Moon","robots":{"index":"index","follow":"follow","max-snippet":"max-snippet:-1","max-image-preview":"max-image-preview:large","max-video-preview":"max-video-preview:-1"},"canonical":"https:\/\/kidsonthemoon.com\/pl\/produkt\/spodnica-z-falbanka-anthracite\/","og_locale":"pl_PL","og_type":"article","og_title":"sp\u00f3dnica z falbank\u0105 anthracite - Kids on the Moon","og_description":"Kr\u00f3tka bawe\u0142niana dzieci\u0119ca sp\u00f3dniczka, wyko\u0144czona delikatn\u0105 falbank\u0105. Uszyta z elastycznej tkaniny w kratk\u0119. Posiada boczne kieszenie z przodu i naszywane&nbsp; z ty\u0142u na pupie. Elastyczny pas z gumk\u0105 zapewnia lepsze dopasowanie. Klasyczny wz\u00f3r w kratk\u0119 i intensywny, grafitowy kolor podkre\u015blaj\u0105 jesienny charakter, a dziewcz\u0119ca falbanka dodaje uroku.","og_url":"https:\/\/kidsonthemoon.com\/pl\/produkt\/spodnica-z-falbanka-anthracite\/","og_site_name":"Kids on the Moon","article_publisher":"https:\/\/www.facebook.com\/Kids-on-the-Moon-223747864407076","article_modified_time":"2025-09-29T08:11:32+00:00","og_image":[{"width":1000,"height":1400,"url":"https:\/\/kidsonthemoon.com\/wp-content\/uploads\/2021\/02\/kids-on-the-moon-spodnica-w-kratke-z-falbanka-dla-dziewczynki.jpg","type":"image\/jpeg"}],"twitter_card":"summary_large_image","schema":{"@context":"https:\/\/schema.org","@graph":[{"@type":"WebPage","@id":"https:\/\/kidsonthemoon.com\/pl\/produkt\/spodnica-z-falbanka-anthracite\/","url":"https:\/\/kidsonthemoon.com\/pl\/produkt\/spodnica-z-falbanka-anthracite\/","name":"sp\u00f3dnica z falbank\u0105 anthracite - Kids on the Moon","isPartOf":{"@id":"https:\/\/kidsonthemoon.com\/pl\/#website"},"datePublished":"2021-02-16T18:39:58+00:00","dateModified":"2025-09-29T08:11:32+00:00","breadcrumb":{"@id":"https:\/\/kidsonthemoon.com\/pl\/produkt\/spodnica-z-falbanka-anthracite\/#breadcrumb"},"inLanguage":"pl-PL","potentialAction":[{"@type":"ReadAction","target":["https:\/\/kidsonthemoon.com\/pl\/produkt\/spodnica-z-falbanka-anthracite\/"]}]},{"@type":"BreadcrumbList","@id":"https:\/\/kidsonthemoon.com\/pl\/produkt\/spodnica-z-falbanka-anthracite\/#breadcrumb","itemListElement":[{"@type":"ListItem","position":1,"name":"Strona g\u0142\u00f3wna","item":"https:\/\/kidsonthemoon.com\/pl\/"},{"@type":"ListItem","position":2,"name":"Sklep","item":"https:\/\/kidsonthemoon.com\/pl\/sklep\/"},{"@type":"ListItem","position":3,"name":"sp\u00f3dnica z falbank\u0105 anthracite"}]},{"@type":"WebSite","@id":"https:\/\/kidsonthemoon.com\/pl\/#website","url":"https:\/\/kidsonthemoon.com\/pl\/","name":"Kids on the Moon","description":"odpowiedzialna moda dla dzieci | sklep online dla dzieci","publisher":{"@id":"https:\/\/kidsonthemoon.com\/pl\/#organization"},"potentialAction":[{"@type":"SearchAction","target":{"@type":"EntryPoint","urlTemplate":"https:\/\/kidsonthemoon.com\/pl\/?s={search_term_string}"},"query-input":"required name=search_term_string"}],"inLanguage":"pl-PL"},{"@type":"Organization","@id":"https:\/\/kidsonthemoon.com\/pl\/#organization","name":"Kids on the Moon","url":"https:\/\/kidsonthemoon.com\/pl\/","logo":{"@type":"ImageObject","inLanguage":"pl-PL","@id":"https:\/\/kidsonthemoon.com\/pl\/#\/schema\/logo\/image\/","url":"https:\/\/kidsonthemoon.com\/wp-content\/uploads\/2021\/02\/kotm_logo.png","contentUrl":"https:\/\/kidsonthemoon.com\/wp-content\/uploads\/2021\/02\/kotm_logo.png","width":410,"height":47,"caption":"Kids on the Moon"},"image":{"@id":"https:\/\/kidsonthemoon.com\/pl\/#\/schema\/logo\/image\/"},"sameAs":["https:\/\/www.facebook.com\/Kids-on-the-Moon-223747864407076","https:\/\/www.instagram.com\/kidsonthemoon\/","https:\/\/pl.pinterest.com\/kotm2013\/pins\/"]}]}},"_links":{"self":[{"href":"https:\/\/kidsonthemoon.com\/pl\/wp-json\/wp\/v2\/product\/29586"}],"collection":[{"href":"https:\/\/kidsonthemoon.com\/pl\/wp-json\/wp\/v2\/product"}],"about":[{"href":"https:\/\/kidsonthemoon.com\/pl\/wp-json\/wp\/v2\/types\/product"}],"wp:featuredmedia":[{"embeddable":true,"href":"https:\/\/kidsonthemoon.com\/pl\/wp-json\/wp\/v2\/media\/45492"}],"wp:attachment":[{"href":"https:\/\/kidsonthemoon.com\/pl\/wp-json\/wp\/v2\/media?parent=29586"}],"wp:term":[{"taxonomy":"product_cat","embeddable":true,"href":"https:\/\/kidsonthemoon.com\/pl\/wp-json\/wp\/v2\/product_cat?post=29586"},{"taxonomy":"product_tag","embeddable":true,"href":"https:\/\/kidsonthemoon.com\/pl\/wp-json\/wp\/v2\/product_tag?post=29586"}],"curies":[{"name":"wp","href":"https:\/\/api.w.org\/{rel}","templated":true}]}}