{"id":29616,"date":"2021-02-16T19:40:48","date_gmt":"2021-02-16T18:40:48","guid":{"rendered":"https:\/\/moon.grochowski.usermd.net\/product\/sztruksowa-spodnica-z-falbanka-maple\/"},"modified":"2025-11-17T09:53:37","modified_gmt":"2025-11-17T08:53:37","slug":"sztruksowa-spodnica-z-falbanka-maple","status":"publish","type":"product","link":"https:\/\/kidsonthemoon.com\/pl\/produkt\/sztruksowa-spodnica-z-falbanka-maple\/","title":{"rendered":"sztruksowa sp\u00f3dnica z falbank\u0105 maple"},"content":{"rendered":"","protected":false},"excerpt":{"rendered":"<p dir=\"ltr\">Kr\u00f3tka sp\u00f3dniczka wyko\u0144czona delikatn\u0105 falbank\u0105. Uszyta z elastycznej tkaniny w kratk\u0119. Posiada kieszenie z przodu i z ty\u0142u oraz elastyczny pas zapewniaj\u0105cy lepsze dopasowanie. Sztruksowa tkanina i klasyczny kolor podkre\u015blaj\u0105 jesienny charakter, a dziewcz\u0119ca falbanka dodaje uroku.<\/p>\n","protected":false},"featured_media":45490,"template":"","meta":{"_themeisle_gutenberg_block_has_review":false},"product_cat":[719,230],"product_tag":[524],"acf":[],"yoast_head":"<!-- This site is optimized with the Yoast SEO plugin v21.2 - https:\/\/yoast.com\/wordpress\/plugins\/seo\/ -->\n<title>sztruksowa sp\u00f3dnica z falbank\u0105 maple - Kids on the Moon<\/title>\n<meta name=\"robots\" content=\"index, follow, max-snippet:-1, max-image-preview:large, max-video-preview:-1\" \/>\n<link rel=\"canonical\" href=\"https:\/\/kidsonthemoon.com\/pl\/produkt\/sztruksowa-spodnica-z-falbanka-maple\/\" \/>\n<meta property=\"og:locale\" content=\"pl_PL\" \/>\n<meta property=\"og:type\" content=\"article\" \/>\n<meta property=\"og:title\" content=\"sztruksowa sp\u00f3dnica z falbank\u0105 maple - Kids on the Moon\" \/>\n<meta property=\"og:description\" content=\"Kr\u00f3tka sp\u00f3dniczka wyko\u0144czona delikatn\u0105 falbank\u0105. Uszyta z elastycznej tkaniny w kratk\u0119. Posiada kieszenie z przodu i z ty\u0142u oraz elastyczny pas zapewniaj\u0105cy lepsze dopasowanie. Sztruksowa tkanina i klasyczny kolor podkre\u015blaj\u0105 jesienny charakter, a dziewcz\u0119ca falbanka dodaje uroku.\" \/>\n<meta property=\"og:url\" content=\"https:\/\/kidsonthemoon.com\/pl\/produkt\/sztruksowa-spodnica-z-falbanka-maple\/\" \/>\n<meta property=\"og:site_name\" content=\"Kids on the Moon\" \/>\n<meta property=\"article:publisher\" content=\"https:\/\/www.facebook.com\/Kids-on-the-Moon-223747864407076\" \/>\n<meta property=\"article:modified_time\" content=\"2025-11-17T08:53:37+00:00\" \/>\n<meta property=\"og:image\" content=\"https:\/\/kidsonthemoon.com\/wp-content\/uploads\/2021\/02\/kids-on-the-moon-spodnica-sztruksowa-z-falbanka.jpg\" \/>\n\t<meta property=\"og:image:width\" content=\"1000\" \/>\n\t<meta property=\"og:image:height\" content=\"1400\" \/>\n\t<meta property=\"og:image:type\" content=\"image\/jpeg\" \/>\n<meta name=\"twitter:card\" content=\"summary_large_image\" \/>\n<script type=\"application\/ld+json\" class=\"yoast-schema-graph\">{\"@context\":\"https:\/\/schema.org\",\"@graph\":[{\"@type\":\"WebPage\",\"@id\":\"https:\/\/kidsonthemoon.com\/pl\/produkt\/sztruksowa-spodnica-z-falbanka-maple\/\",\"url\":\"https:\/\/kidsonthemoon.com\/pl\/produkt\/sztruksowa-spodnica-z-falbanka-maple\/\",\"name\":\"sztruksowa sp\u00f3dnica z falbank\u0105 maple - Kids on the Moon\",\"isPartOf\":{\"@id\":\"https:\/\/kidsonthemoon.com\/pl\/#website\"},\"datePublished\":\"2021-02-16T18:40:48+00:00\",\"dateModified\":\"2025-11-17T08:53:37+00:00\",\"breadcrumb\":{\"@id\":\"https:\/\/kidsonthemoon.com\/pl\/produkt\/sztruksowa-spodnica-z-falbanka-maple\/#breadcrumb\"},\"inLanguage\":\"pl-PL\",\"potentialAction\":[{\"@type\":\"ReadAction\",\"target\":[\"https:\/\/kidsonthemoon.com\/pl\/produkt\/sztruksowa-spodnica-z-falbanka-maple\/\"]}]},{\"@type\":\"BreadcrumbList\",\"@id\":\"https:\/\/kidsonthemoon.com\/pl\/produkt\/sztruksowa-spodnica-z-falbanka-maple\/#breadcrumb\",\"itemListElement\":[{\"@type\":\"ListItem\",\"position\":1,\"name\":\"Strona g\u0142\u00f3wna\",\"item\":\"https:\/\/kidsonthemoon.com\/pl\/\"},{\"@type\":\"ListItem\",\"position\":2,\"name\":\"Sklep\",\"item\":\"https:\/\/kidsonthemoon.com\/pl\/sklep\/\"},{\"@type\":\"ListItem\",\"position\":3,\"name\":\"sztruksowa sp\u00f3dnica z falbank\u0105 maple\"}]},{\"@type\":\"WebSite\",\"@id\":\"https:\/\/kidsonthemoon.com\/pl\/#website\",\"url\":\"https:\/\/kidsonthemoon.com\/pl\/\",\"name\":\"Kids on the Moon\",\"description\":\"odpowiedzialna moda dla dzieci | sklep online dla dzieci\",\"publisher\":{\"@id\":\"https:\/\/kidsonthemoon.com\/pl\/#organization\"},\"potentialAction\":[{\"@type\":\"SearchAction\",\"target\":{\"@type\":\"EntryPoint\",\"urlTemplate\":\"https:\/\/kidsonthemoon.com\/pl\/?s={search_term_string}\"},\"query-input\":\"required name=search_term_string\"}],\"inLanguage\":\"pl-PL\"},{\"@type\":\"Organization\",\"@id\":\"https:\/\/kidsonthemoon.com\/pl\/#organization\",\"name\":\"Kids on the Moon\",\"url\":\"https:\/\/kidsonthemoon.com\/pl\/\",\"logo\":{\"@type\":\"ImageObject\",\"inLanguage\":\"pl-PL\",\"@id\":\"https:\/\/kidsonthemoon.com\/pl\/#\/schema\/logo\/image\/\",\"url\":\"https:\/\/kidsonthemoon.com\/wp-content\/uploads\/2021\/02\/kotm_logo.png\",\"contentUrl\":\"https:\/\/kidsonthemoon.com\/wp-content\/uploads\/2021\/02\/kotm_logo.png\",\"width\":410,\"height\":47,\"caption\":\"Kids on the Moon\"},\"image\":{\"@id\":\"https:\/\/kidsonthemoon.com\/pl\/#\/schema\/logo\/image\/\"},\"sameAs\":[\"https:\/\/www.facebook.com\/Kids-on-the-Moon-223747864407076\",\"https:\/\/www.instagram.com\/kidsonthemoon\/\",\"https:\/\/pl.pinterest.com\/kotm2013\/pins\/\"]}]}<\/script>\n<!-- \/ Yoast SEO plugin. -->","yoast_head_json":{"title":"sztruksowa sp\u00f3dnica z falbank\u0105 maple - Kids on the Moon","robots":{"index":"index","follow":"follow","max-snippet":"max-snippet:-1","max-image-preview":"max-image-preview:large","max-video-preview":"max-video-preview:-1"},"canonical":"https:\/\/kidsonthemoon.com\/pl\/produkt\/sztruksowa-spodnica-z-falbanka-maple\/","og_locale":"pl_PL","og_type":"article","og_title":"sztruksowa sp\u00f3dnica z falbank\u0105 maple - Kids on the Moon","og_description":"Kr\u00f3tka sp\u00f3dniczka wyko\u0144czona delikatn\u0105 falbank\u0105. Uszyta z elastycznej tkaniny w kratk\u0119. Posiada kieszenie z przodu i z ty\u0142u oraz elastyczny pas zapewniaj\u0105cy lepsze dopasowanie. Sztruksowa tkanina i klasyczny kolor podkre\u015blaj\u0105 jesienny charakter, a dziewcz\u0119ca falbanka dodaje uroku.","og_url":"https:\/\/kidsonthemoon.com\/pl\/produkt\/sztruksowa-spodnica-z-falbanka-maple\/","og_site_name":"Kids on the Moon","article_publisher":"https:\/\/www.facebook.com\/Kids-on-the-Moon-223747864407076","article_modified_time":"2025-11-17T08:53:37+00:00","og_image":[{"width":1000,"height":1400,"url":"https:\/\/kidsonthemoon.com\/wp-content\/uploads\/2021\/02\/kids-on-the-moon-spodnica-sztruksowa-z-falbanka.jpg","type":"image\/jpeg"}],"twitter_card":"summary_large_image","schema":{"@context":"https:\/\/schema.org","@graph":[{"@type":"WebPage","@id":"https:\/\/kidsonthemoon.com\/pl\/produkt\/sztruksowa-spodnica-z-falbanka-maple\/","url":"https:\/\/kidsonthemoon.com\/pl\/produkt\/sztruksowa-spodnica-z-falbanka-maple\/","name":"sztruksowa sp\u00f3dnica z falbank\u0105 maple - Kids on the Moon","isPartOf":{"@id":"https:\/\/kidsonthemoon.com\/pl\/#website"},"datePublished":"2021-02-16T18:40:48+00:00","dateModified":"2025-11-17T08:53:37+00:00","breadcrumb":{"@id":"https:\/\/kidsonthemoon.com\/pl\/produkt\/sztruksowa-spodnica-z-falbanka-maple\/#breadcrumb"},"inLanguage":"pl-PL","potentialAction":[{"@type":"ReadAction","target":["https:\/\/kidsonthemoon.com\/pl\/produkt\/sztruksowa-spodnica-z-falbanka-maple\/"]}]},{"@type":"BreadcrumbList","@id":"https:\/\/kidsonthemoon.com\/pl\/produkt\/sztruksowa-spodnica-z-falbanka-maple\/#breadcrumb","itemListElement":[{"@type":"ListItem","position":1,"name":"Strona g\u0142\u00f3wna","item":"https:\/\/kidsonthemoon.com\/pl\/"},{"@type":"ListItem","position":2,"name":"Sklep","item":"https:\/\/kidsonthemoon.com\/pl\/sklep\/"},{"@type":"ListItem","position":3,"name":"sztruksowa sp\u00f3dnica z falbank\u0105 maple"}]},{"@type":"WebSite","@id":"https:\/\/kidsonthemoon.com\/pl\/#website","url":"https:\/\/kidsonthemoon.com\/pl\/","name":"Kids on the Moon","description":"odpowiedzialna moda dla dzieci | sklep online dla dzieci","publisher":{"@id":"https:\/\/kidsonthemoon.com\/pl\/#organization"},"potentialAction":[{"@type":"SearchAction","target":{"@type":"EntryPoint","urlTemplate":"https:\/\/kidsonthemoon.com\/pl\/?s={search_term_string}"},"query-input":"required name=search_term_string"}],"inLanguage":"pl-PL"},{"@type":"Organization","@id":"https:\/\/kidsonthemoon.com\/pl\/#organization","name":"Kids on the Moon","url":"https:\/\/kidsonthemoon.com\/pl\/","logo":{"@type":"ImageObject","inLanguage":"pl-PL","@id":"https:\/\/kidsonthemoon.com\/pl\/#\/schema\/logo\/image\/","url":"https:\/\/kidsonthemoon.com\/wp-content\/uploads\/2021\/02\/kotm_logo.png","contentUrl":"https:\/\/kidsonthemoon.com\/wp-content\/uploads\/2021\/02\/kotm_logo.png","width":410,"height":47,"caption":"Kids on the Moon"},"image":{"@id":"https:\/\/kidsonthemoon.com\/pl\/#\/schema\/logo\/image\/"},"sameAs":["https:\/\/www.facebook.com\/Kids-on-the-Moon-223747864407076","https:\/\/www.instagram.com\/kidsonthemoon\/","https:\/\/pl.pinterest.com\/kotm2013\/pins\/"]}]}},"_links":{"self":[{"href":"https:\/\/kidsonthemoon.com\/pl\/wp-json\/wp\/v2\/product\/29616"}],"collection":[{"href":"https:\/\/kidsonthemoon.com\/pl\/wp-json\/wp\/v2\/product"}],"about":[{"href":"https:\/\/kidsonthemoon.com\/pl\/wp-json\/wp\/v2\/types\/product"}],"wp:featuredmedia":[{"embeddable":true,"href":"https:\/\/kidsonthemoon.com\/pl\/wp-json\/wp\/v2\/media\/45490"}],"wp:attachment":[{"href":"https:\/\/kidsonthemoon.com\/pl\/wp-json\/wp\/v2\/media?parent=29616"}],"wp:term":[{"taxonomy":"product_cat","embeddable":true,"href":"https:\/\/kidsonthemoon.com\/pl\/wp-json\/wp\/v2\/product_cat?post=29616"},{"taxonomy":"product_tag","embeddable":true,"href":"https:\/\/kidsonthemoon.com\/pl\/wp-json\/wp\/v2\/product_tag?post=29616"}],"curies":[{"name":"wp","href":"https:\/\/api.w.org\/{rel}","templated":true}]}}