{"id":30802,"date":"2021-02-16T20:12:26","date_gmt":"2021-02-16T19:12:26","guid":{"rendered":"https:\/\/moon.grochowski.usermd.net\/product\/sukienka-z-falbanami-carbon\/"},"modified":"2025-08-06T08:49:30","modified_gmt":"2025-08-06T06:49:30","slug":"sukienka-z-falbanami-carbon","status":"publish","type":"product","link":"https:\/\/kidsonthemoon.com\/pl\/produkt\/sukienka-z-falbanami-carbon\/","title":{"rendered":"sukienka z falbanami carbon"},"content":{"rendered":"","protected":false},"excerpt":{"rendered":"<p dir=\"ltr\">Sukienka z d\u0142ugim r\u0119kawem, o lekko rozkloszowanym, kaskadowym kroju. Dwie falbany dodaj\u0105 jej uroku i lekko\u015bci. Z ty\u0142u zapinana na guziki. Tr\u00f3jwarstwowy mu\u015blin bawe\u0142niany jest przyjazny dla sk\u00f3ry i sprawdzi si\u0119 nawet w ch\u0142odniejsze dni. Bardzo mi\u0119kki i delikatny materia\u0142 mu\u015blinowy.<\/p>\n<p dir=\"ltr\"><span id=\"docs-internal-guid-34821360-7fff-26d1-69f2-3f9f439172b6\">Na tkaninie mo\u017ce pojawi\u0107 si\u0119 delikatny piling i jest to naturalny proces dla materia\u0142\u00f3w bez sztucznych dodatk\u00f3w.<\/span><\/p>\n<p dir=\"ltr\">&nbsp;<\/p>\n","protected":false},"featured_media":45295,"template":"","meta":{"_themeisle_gutenberg_block_has_review":false},"product_cat":[791,701,240],"product_tag":[524],"acf":[],"yoast_head":"<!-- This site is optimized with the Yoast SEO plugin v21.2 - https:\/\/yoast.com\/wordpress\/plugins\/seo\/ -->\n<title>sukienka z falbanami carbon - Kids on the Moon<\/title>\n<meta name=\"robots\" content=\"index, follow, max-snippet:-1, max-image-preview:large, max-video-preview:-1\" \/>\n<link rel=\"canonical\" href=\"https:\/\/kidsonthemoon.com\/pl\/produkt\/sukienka-z-falbanami-carbon\/\" \/>\n<meta property=\"og:locale\" content=\"pl_PL\" \/>\n<meta property=\"og:type\" content=\"article\" \/>\n<meta property=\"og:title\" content=\"sukienka z falbanami carbon - Kids on the Moon\" \/>\n<meta property=\"og:description\" content=\"Sukienka z d\u0142ugim r\u0119kawem, o lekko rozkloszowanym, kaskadowym kroju. Dwie falbany dodaj\u0105 jej uroku i lekko\u015bci. Z ty\u0142u zapinana na guziki. Tr\u00f3jwarstwowy mu\u015blin bawe\u0142niany jest przyjazny dla sk\u00f3ry i sprawdzi si\u0119 nawet w ch\u0142odniejsze dni. Bardzo mi\u0119kki i delikatny materia\u0142 mu\u015blinowy. Na tkaninie mo\u017ce pojawi\u0107 si\u0119 delikatny piling i jest to naturalny proces dla materia\u0142\u00f3w bez sztucznych dodatk\u00f3w. &nbsp;\" \/>\n<meta property=\"og:url\" content=\"https:\/\/kidsonthemoon.com\/pl\/produkt\/sukienka-z-falbanami-carbon\/\" \/>\n<meta property=\"og:site_name\" content=\"Kids on the Moon\" \/>\n<meta property=\"article:publisher\" content=\"https:\/\/www.facebook.com\/Kids-on-the-Moon-223747864407076\" \/>\n<meta property=\"article:modified_time\" content=\"2025-08-06T06:49:30+00:00\" \/>\n<meta property=\"og:image\" content=\"https:\/\/kidsonthemoon.com\/wp-content\/uploads\/2021\/02\/kids-on-the-moon-sukienka-czarna-dla-dziewczynki.jpg\" \/>\n\t<meta property=\"og:image:width\" content=\"1000\" \/>\n\t<meta property=\"og:image:height\" content=\"1400\" \/>\n\t<meta property=\"og:image:type\" content=\"image\/jpeg\" \/>\n<meta name=\"twitter:card\" content=\"summary_large_image\" \/>\n<script type=\"application\/ld+json\" class=\"yoast-schema-graph\">{\"@context\":\"https:\/\/schema.org\",\"@graph\":[{\"@type\":\"WebPage\",\"@id\":\"https:\/\/kidsonthemoon.com\/pl\/produkt\/sukienka-z-falbanami-carbon\/\",\"url\":\"https:\/\/kidsonthemoon.com\/pl\/produkt\/sukienka-z-falbanami-carbon\/\",\"name\":\"sukienka z falbanami carbon - Kids on the Moon\",\"isPartOf\":{\"@id\":\"https:\/\/kidsonthemoon.com\/pl\/#website\"},\"datePublished\":\"2021-02-16T19:12:26+00:00\",\"dateModified\":\"2025-08-06T06:49:30+00:00\",\"breadcrumb\":{\"@id\":\"https:\/\/kidsonthemoon.com\/pl\/produkt\/sukienka-z-falbanami-carbon\/#breadcrumb\"},\"inLanguage\":\"pl-PL\",\"potentialAction\":[{\"@type\":\"ReadAction\",\"target\":[\"https:\/\/kidsonthemoon.com\/pl\/produkt\/sukienka-z-falbanami-carbon\/\"]}]},{\"@type\":\"BreadcrumbList\",\"@id\":\"https:\/\/kidsonthemoon.com\/pl\/produkt\/sukienka-z-falbanami-carbon\/#breadcrumb\",\"itemListElement\":[{\"@type\":\"ListItem\",\"position\":1,\"name\":\"Strona g\u0142\u00f3wna\",\"item\":\"https:\/\/kidsonthemoon.com\/pl\/\"},{\"@type\":\"ListItem\",\"position\":2,\"name\":\"Sklep\",\"item\":\"https:\/\/kidsonthemoon.com\/pl\/sklep\/\"},{\"@type\":\"ListItem\",\"position\":3,\"name\":\"sukienka z falbanami carbon\"}]},{\"@type\":\"WebSite\",\"@id\":\"https:\/\/kidsonthemoon.com\/pl\/#website\",\"url\":\"https:\/\/kidsonthemoon.com\/pl\/\",\"name\":\"Kids on the Moon\",\"description\":\"odpowiedzialna moda dla dzieci | sklep online dla dzieci\",\"publisher\":{\"@id\":\"https:\/\/kidsonthemoon.com\/pl\/#organization\"},\"potentialAction\":[{\"@type\":\"SearchAction\",\"target\":{\"@type\":\"EntryPoint\",\"urlTemplate\":\"https:\/\/kidsonthemoon.com\/pl\/?s={search_term_string}\"},\"query-input\":\"required name=search_term_string\"}],\"inLanguage\":\"pl-PL\"},{\"@type\":\"Organization\",\"@id\":\"https:\/\/kidsonthemoon.com\/pl\/#organization\",\"name\":\"Kids on the Moon\",\"url\":\"https:\/\/kidsonthemoon.com\/pl\/\",\"logo\":{\"@type\":\"ImageObject\",\"inLanguage\":\"pl-PL\",\"@id\":\"https:\/\/kidsonthemoon.com\/pl\/#\/schema\/logo\/image\/\",\"url\":\"https:\/\/kidsonthemoon.com\/wp-content\/uploads\/2021\/02\/kotm_logo.png\",\"contentUrl\":\"https:\/\/kidsonthemoon.com\/wp-content\/uploads\/2021\/02\/kotm_logo.png\",\"width\":410,\"height\":47,\"caption\":\"Kids on the Moon\"},\"image\":{\"@id\":\"https:\/\/kidsonthemoon.com\/pl\/#\/schema\/logo\/image\/\"},\"sameAs\":[\"https:\/\/www.facebook.com\/Kids-on-the-Moon-223747864407076\",\"https:\/\/www.instagram.com\/kidsonthemoon\/\",\"https:\/\/pl.pinterest.com\/kotm2013\/pins\/\"]}]}<\/script>\n<!-- \/ Yoast SEO plugin. -->","yoast_head_json":{"title":"sukienka z falbanami carbon - Kids on the Moon","robots":{"index":"index","follow":"follow","max-snippet":"max-snippet:-1","max-image-preview":"max-image-preview:large","max-video-preview":"max-video-preview:-1"},"canonical":"https:\/\/kidsonthemoon.com\/pl\/produkt\/sukienka-z-falbanami-carbon\/","og_locale":"pl_PL","og_type":"article","og_title":"sukienka z falbanami carbon - Kids on the Moon","og_description":"Sukienka z d\u0142ugim r\u0119kawem, o lekko rozkloszowanym, kaskadowym kroju. Dwie falbany dodaj\u0105 jej uroku i lekko\u015bci. Z ty\u0142u zapinana na guziki. Tr\u00f3jwarstwowy mu\u015blin bawe\u0142niany jest przyjazny dla sk\u00f3ry i sprawdzi si\u0119 nawet w ch\u0142odniejsze dni. Bardzo mi\u0119kki i delikatny materia\u0142 mu\u015blinowy. Na tkaninie mo\u017ce pojawi\u0107 si\u0119 delikatny piling i jest to naturalny proces dla materia\u0142\u00f3w bez sztucznych dodatk\u00f3w. &nbsp;","og_url":"https:\/\/kidsonthemoon.com\/pl\/produkt\/sukienka-z-falbanami-carbon\/","og_site_name":"Kids on the Moon","article_publisher":"https:\/\/www.facebook.com\/Kids-on-the-Moon-223747864407076","article_modified_time":"2025-08-06T06:49:30+00:00","og_image":[{"width":1000,"height":1400,"url":"https:\/\/kidsonthemoon.com\/wp-content\/uploads\/2021\/02\/kids-on-the-moon-sukienka-czarna-dla-dziewczynki.jpg","type":"image\/jpeg"}],"twitter_card":"summary_large_image","schema":{"@context":"https:\/\/schema.org","@graph":[{"@type":"WebPage","@id":"https:\/\/kidsonthemoon.com\/pl\/produkt\/sukienka-z-falbanami-carbon\/","url":"https:\/\/kidsonthemoon.com\/pl\/produkt\/sukienka-z-falbanami-carbon\/","name":"sukienka z falbanami carbon - Kids on the Moon","isPartOf":{"@id":"https:\/\/kidsonthemoon.com\/pl\/#website"},"datePublished":"2021-02-16T19:12:26+00:00","dateModified":"2025-08-06T06:49:30+00:00","breadcrumb":{"@id":"https:\/\/kidsonthemoon.com\/pl\/produkt\/sukienka-z-falbanami-carbon\/#breadcrumb"},"inLanguage":"pl-PL","potentialAction":[{"@type":"ReadAction","target":["https:\/\/kidsonthemoon.com\/pl\/produkt\/sukienka-z-falbanami-carbon\/"]}]},{"@type":"BreadcrumbList","@id":"https:\/\/kidsonthemoon.com\/pl\/produkt\/sukienka-z-falbanami-carbon\/#breadcrumb","itemListElement":[{"@type":"ListItem","position":1,"name":"Strona g\u0142\u00f3wna","item":"https:\/\/kidsonthemoon.com\/pl\/"},{"@type":"ListItem","position":2,"name":"Sklep","item":"https:\/\/kidsonthemoon.com\/pl\/sklep\/"},{"@type":"ListItem","position":3,"name":"sukienka z falbanami carbon"}]},{"@type":"WebSite","@id":"https:\/\/kidsonthemoon.com\/pl\/#website","url":"https:\/\/kidsonthemoon.com\/pl\/","name":"Kids on the Moon","description":"odpowiedzialna moda dla dzieci | sklep online dla dzieci","publisher":{"@id":"https:\/\/kidsonthemoon.com\/pl\/#organization"},"potentialAction":[{"@type":"SearchAction","target":{"@type":"EntryPoint","urlTemplate":"https:\/\/kidsonthemoon.com\/pl\/?s={search_term_string}"},"query-input":"required name=search_term_string"}],"inLanguage":"pl-PL"},{"@type":"Organization","@id":"https:\/\/kidsonthemoon.com\/pl\/#organization","name":"Kids on the Moon","url":"https:\/\/kidsonthemoon.com\/pl\/","logo":{"@type":"ImageObject","inLanguage":"pl-PL","@id":"https:\/\/kidsonthemoon.com\/pl\/#\/schema\/logo\/image\/","url":"https:\/\/kidsonthemoon.com\/wp-content\/uploads\/2021\/02\/kotm_logo.png","contentUrl":"https:\/\/kidsonthemoon.com\/wp-content\/uploads\/2021\/02\/kotm_logo.png","width":410,"height":47,"caption":"Kids on the Moon"},"image":{"@id":"https:\/\/kidsonthemoon.com\/pl\/#\/schema\/logo\/image\/"},"sameAs":["https:\/\/www.facebook.com\/Kids-on-the-Moon-223747864407076","https:\/\/www.instagram.com\/kidsonthemoon\/","https:\/\/pl.pinterest.com\/kotm2013\/pins\/"]}]}},"_links":{"self":[{"href":"https:\/\/kidsonthemoon.com\/pl\/wp-json\/wp\/v2\/product\/30802"}],"collection":[{"href":"https:\/\/kidsonthemoon.com\/pl\/wp-json\/wp\/v2\/product"}],"about":[{"href":"https:\/\/kidsonthemoon.com\/pl\/wp-json\/wp\/v2\/types\/product"}],"wp:featuredmedia":[{"embeddable":true,"href":"https:\/\/kidsonthemoon.com\/pl\/wp-json\/wp\/v2\/media\/45295"}],"wp:attachment":[{"href":"https:\/\/kidsonthemoon.com\/pl\/wp-json\/wp\/v2\/media?parent=30802"}],"wp:term":[{"taxonomy":"product_cat","embeddable":true,"href":"https:\/\/kidsonthemoon.com\/pl\/wp-json\/wp\/v2\/product_cat?post=30802"},{"taxonomy":"product_tag","embeddable":true,"href":"https:\/\/kidsonthemoon.com\/pl\/wp-json\/wp\/v2\/product_tag?post=30802"}],"curies":[{"name":"wp","href":"https:\/\/api.w.org\/{rel}","templated":true}]}}