{"id":31198,"date":"2021-02-16T20:18:57","date_gmt":"2021-02-16T19:18:57","guid":{"rendered":"https:\/\/moon.grochowski.usermd.net\/product\/bluzka-sciagana-w-pasie-golden-leopard\/"},"modified":"2025-08-06T08:52:09","modified_gmt":"2025-08-06T06:52:09","slug":"bluzka-sciagana-w-pasie-golden-leopard","status":"publish","type":"product","link":"https:\/\/kidsonthemoon.com\/pl\/produkt\/bluzka-sciagana-w-pasie-golden-leopard\/","title":{"rendered":"bluzka \u015bci\u0105gana w pasie Golden Leopard"},"content":{"rendered":"","protected":false},"excerpt":{"rendered":"<p dir=\"ltr\">Bluzka mu\u015blinowa \u015bci\u0105gana gumk\u0105 w talii, przez co na dole tworzy si\u0119 delikatna falbanka dodaj\u0105ca uroku i dziewcz\u0119co\u015bci. Okr\u0105g\u0142y dekolt oraz kr\u00f3tkie, kimonowe r\u0119kawy. Z ty\u0142u zapinana na guziczek. Modny wz\u00f3r w panterk\u0119. \u015awietnie komponuje si\u0119 z naszymi lej\u0105cymi kulotami czy sp\u00f3dnicami.<\/p>\n<p dir=\"ltr\">Sk\u0142ad: 100% bawe\u0142na organiczna &#8211; mu\u015blin.<\/p>\n","protected":false},"featured_media":31200,"template":"","meta":{"_themeisle_gutenberg_block_has_review":false},"product_cat":[706,231],"product_tag":[522],"acf":[],"yoast_head":"<!-- This site is optimized with the Yoast SEO plugin v21.2 - https:\/\/yoast.com\/wordpress\/plugins\/seo\/ -->\n<title>bluzka \u015bci\u0105gana w pasie Golden Leopard - Kids on the Moon<\/title>\n<meta name=\"robots\" content=\"index, follow, max-snippet:-1, max-image-preview:large, max-video-preview:-1\" \/>\n<link rel=\"canonical\" href=\"https:\/\/kidsonthemoon.com\/pl\/produkt\/bluzka-sciagana-w-pasie-golden-leopard\/\" \/>\n<meta property=\"og:locale\" content=\"pl_PL\" \/>\n<meta property=\"og:type\" content=\"article\" \/>\n<meta property=\"og:title\" content=\"bluzka \u015bci\u0105gana w pasie Golden Leopard - Kids on the Moon\" \/>\n<meta property=\"og:description\" content=\"Bluzka mu\u015blinowa \u015bci\u0105gana gumk\u0105 w talii, przez co na dole tworzy si\u0119 delikatna falbanka dodaj\u0105ca uroku i dziewcz\u0119co\u015bci. Okr\u0105g\u0142y dekolt oraz kr\u00f3tkie, kimonowe r\u0119kawy. Z ty\u0142u zapinana na guziczek. Modny wz\u00f3r w panterk\u0119. \u015awietnie komponuje si\u0119 z naszymi lej\u0105cymi kulotami czy sp\u00f3dnicami. Sk\u0142ad: 100% bawe\u0142na organiczna - mu\u015blin.\" \/>\n<meta property=\"og:url\" content=\"https:\/\/kidsonthemoon.com\/pl\/produkt\/bluzka-sciagana-w-pasie-golden-leopard\/\" \/>\n<meta property=\"og:site_name\" content=\"Kids on the Moon\" \/>\n<meta property=\"article:publisher\" content=\"https:\/\/www.facebook.com\/Kids-on-the-Moon-223747864407076\" \/>\n<meta property=\"article:modified_time\" content=\"2025-08-06T06:52:09+00:00\" \/>\n<meta property=\"og:image\" content=\"https:\/\/kidsonthemoon.com\/wp-content\/uploads\/2021\/02\/bluzka-sciagana-w-pasie-golden-leopard-1.jpg\" \/>\n\t<meta property=\"og:image:width\" content=\"1000\" \/>\n\t<meta property=\"og:image:height\" content=\"1400\" \/>\n\t<meta property=\"og:image:type\" content=\"image\/jpeg\" \/>\n<meta name=\"twitter:card\" content=\"summary_large_image\" \/>\n<script type=\"application\/ld+json\" class=\"yoast-schema-graph\">{\"@context\":\"https:\/\/schema.org\",\"@graph\":[{\"@type\":\"WebPage\",\"@id\":\"https:\/\/kidsonthemoon.com\/pl\/produkt\/bluzka-sciagana-w-pasie-golden-leopard\/\",\"url\":\"https:\/\/kidsonthemoon.com\/pl\/produkt\/bluzka-sciagana-w-pasie-golden-leopard\/\",\"name\":\"bluzka \u015bci\u0105gana w pasie Golden Leopard - Kids on the Moon\",\"isPartOf\":{\"@id\":\"https:\/\/kidsonthemoon.com\/pl\/#website\"},\"datePublished\":\"2021-02-16T19:18:57+00:00\",\"dateModified\":\"2025-08-06T06:52:09+00:00\",\"breadcrumb\":{\"@id\":\"https:\/\/kidsonthemoon.com\/pl\/produkt\/bluzka-sciagana-w-pasie-golden-leopard\/#breadcrumb\"},\"inLanguage\":\"pl-PL\",\"potentialAction\":[{\"@type\":\"ReadAction\",\"target\":[\"https:\/\/kidsonthemoon.com\/pl\/produkt\/bluzka-sciagana-w-pasie-golden-leopard\/\"]}]},{\"@type\":\"BreadcrumbList\",\"@id\":\"https:\/\/kidsonthemoon.com\/pl\/produkt\/bluzka-sciagana-w-pasie-golden-leopard\/#breadcrumb\",\"itemListElement\":[{\"@type\":\"ListItem\",\"position\":1,\"name\":\"Strona g\u0142\u00f3wna\",\"item\":\"https:\/\/kidsonthemoon.com\/pl\/\"},{\"@type\":\"ListItem\",\"position\":2,\"name\":\"Sklep\",\"item\":\"https:\/\/kidsonthemoon.com\/pl\/sklep\/\"},{\"@type\":\"ListItem\",\"position\":3,\"name\":\"bluzka \u015bci\u0105gana w pasie Golden Leopard\"}]},{\"@type\":\"WebSite\",\"@id\":\"https:\/\/kidsonthemoon.com\/pl\/#website\",\"url\":\"https:\/\/kidsonthemoon.com\/pl\/\",\"name\":\"Kids on the Moon\",\"description\":\"odpowiedzialna moda dla dzieci | sklep online dla dzieci\",\"publisher\":{\"@id\":\"https:\/\/kidsonthemoon.com\/pl\/#organization\"},\"potentialAction\":[{\"@type\":\"SearchAction\",\"target\":{\"@type\":\"EntryPoint\",\"urlTemplate\":\"https:\/\/kidsonthemoon.com\/pl\/?s={search_term_string}\"},\"query-input\":\"required name=search_term_string\"}],\"inLanguage\":\"pl-PL\"},{\"@type\":\"Organization\",\"@id\":\"https:\/\/kidsonthemoon.com\/pl\/#organization\",\"name\":\"Kids on the Moon\",\"url\":\"https:\/\/kidsonthemoon.com\/pl\/\",\"logo\":{\"@type\":\"ImageObject\",\"inLanguage\":\"pl-PL\",\"@id\":\"https:\/\/kidsonthemoon.com\/pl\/#\/schema\/logo\/image\/\",\"url\":\"https:\/\/kidsonthemoon.com\/wp-content\/uploads\/2021\/02\/kotm_logo.png\",\"contentUrl\":\"https:\/\/kidsonthemoon.com\/wp-content\/uploads\/2021\/02\/kotm_logo.png\",\"width\":410,\"height\":47,\"caption\":\"Kids on the Moon\"},\"image\":{\"@id\":\"https:\/\/kidsonthemoon.com\/pl\/#\/schema\/logo\/image\/\"},\"sameAs\":[\"https:\/\/www.facebook.com\/Kids-on-the-Moon-223747864407076\",\"https:\/\/www.instagram.com\/kidsonthemoon\/\",\"https:\/\/pl.pinterest.com\/kotm2013\/pins\/\"]}]}<\/script>\n<!-- \/ Yoast SEO plugin. -->","yoast_head_json":{"title":"bluzka \u015bci\u0105gana w pasie Golden Leopard - Kids on the Moon","robots":{"index":"index","follow":"follow","max-snippet":"max-snippet:-1","max-image-preview":"max-image-preview:large","max-video-preview":"max-video-preview:-1"},"canonical":"https:\/\/kidsonthemoon.com\/pl\/produkt\/bluzka-sciagana-w-pasie-golden-leopard\/","og_locale":"pl_PL","og_type":"article","og_title":"bluzka \u015bci\u0105gana w pasie Golden Leopard - Kids on the Moon","og_description":"Bluzka mu\u015blinowa \u015bci\u0105gana gumk\u0105 w talii, przez co na dole tworzy si\u0119 delikatna falbanka dodaj\u0105ca uroku i dziewcz\u0119co\u015bci. Okr\u0105g\u0142y dekolt oraz kr\u00f3tkie, kimonowe r\u0119kawy. Z ty\u0142u zapinana na guziczek. Modny wz\u00f3r w panterk\u0119. \u015awietnie komponuje si\u0119 z naszymi lej\u0105cymi kulotami czy sp\u00f3dnicami. Sk\u0142ad: 100% bawe\u0142na organiczna - mu\u015blin.","og_url":"https:\/\/kidsonthemoon.com\/pl\/produkt\/bluzka-sciagana-w-pasie-golden-leopard\/","og_site_name":"Kids on the Moon","article_publisher":"https:\/\/www.facebook.com\/Kids-on-the-Moon-223747864407076","article_modified_time":"2025-08-06T06:52:09+00:00","og_image":[{"width":1000,"height":1400,"url":"https:\/\/kidsonthemoon.com\/wp-content\/uploads\/2021\/02\/bluzka-sciagana-w-pasie-golden-leopard-1.jpg","type":"image\/jpeg"}],"twitter_card":"summary_large_image","schema":{"@context":"https:\/\/schema.org","@graph":[{"@type":"WebPage","@id":"https:\/\/kidsonthemoon.com\/pl\/produkt\/bluzka-sciagana-w-pasie-golden-leopard\/","url":"https:\/\/kidsonthemoon.com\/pl\/produkt\/bluzka-sciagana-w-pasie-golden-leopard\/","name":"bluzka \u015bci\u0105gana w pasie Golden Leopard - Kids on the Moon","isPartOf":{"@id":"https:\/\/kidsonthemoon.com\/pl\/#website"},"datePublished":"2021-02-16T19:18:57+00:00","dateModified":"2025-08-06T06:52:09+00:00","breadcrumb":{"@id":"https:\/\/kidsonthemoon.com\/pl\/produkt\/bluzka-sciagana-w-pasie-golden-leopard\/#breadcrumb"},"inLanguage":"pl-PL","potentialAction":[{"@type":"ReadAction","target":["https:\/\/kidsonthemoon.com\/pl\/produkt\/bluzka-sciagana-w-pasie-golden-leopard\/"]}]},{"@type":"BreadcrumbList","@id":"https:\/\/kidsonthemoon.com\/pl\/produkt\/bluzka-sciagana-w-pasie-golden-leopard\/#breadcrumb","itemListElement":[{"@type":"ListItem","position":1,"name":"Strona g\u0142\u00f3wna","item":"https:\/\/kidsonthemoon.com\/pl\/"},{"@type":"ListItem","position":2,"name":"Sklep","item":"https:\/\/kidsonthemoon.com\/pl\/sklep\/"},{"@type":"ListItem","position":3,"name":"bluzka \u015bci\u0105gana w pasie Golden Leopard"}]},{"@type":"WebSite","@id":"https:\/\/kidsonthemoon.com\/pl\/#website","url":"https:\/\/kidsonthemoon.com\/pl\/","name":"Kids on the Moon","description":"odpowiedzialna moda dla dzieci | sklep online dla dzieci","publisher":{"@id":"https:\/\/kidsonthemoon.com\/pl\/#organization"},"potentialAction":[{"@type":"SearchAction","target":{"@type":"EntryPoint","urlTemplate":"https:\/\/kidsonthemoon.com\/pl\/?s={search_term_string}"},"query-input":"required name=search_term_string"}],"inLanguage":"pl-PL"},{"@type":"Organization","@id":"https:\/\/kidsonthemoon.com\/pl\/#organization","name":"Kids on the Moon","url":"https:\/\/kidsonthemoon.com\/pl\/","logo":{"@type":"ImageObject","inLanguage":"pl-PL","@id":"https:\/\/kidsonthemoon.com\/pl\/#\/schema\/logo\/image\/","url":"https:\/\/kidsonthemoon.com\/wp-content\/uploads\/2021\/02\/kotm_logo.png","contentUrl":"https:\/\/kidsonthemoon.com\/wp-content\/uploads\/2021\/02\/kotm_logo.png","width":410,"height":47,"caption":"Kids on the Moon"},"image":{"@id":"https:\/\/kidsonthemoon.com\/pl\/#\/schema\/logo\/image\/"},"sameAs":["https:\/\/www.facebook.com\/Kids-on-the-Moon-223747864407076","https:\/\/www.instagram.com\/kidsonthemoon\/","https:\/\/pl.pinterest.com\/kotm2013\/pins\/"]}]}},"_links":{"self":[{"href":"https:\/\/kidsonthemoon.com\/pl\/wp-json\/wp\/v2\/product\/31198"}],"collection":[{"href":"https:\/\/kidsonthemoon.com\/pl\/wp-json\/wp\/v2\/product"}],"about":[{"href":"https:\/\/kidsonthemoon.com\/pl\/wp-json\/wp\/v2\/types\/product"}],"wp:featuredmedia":[{"embeddable":true,"href":"https:\/\/kidsonthemoon.com\/pl\/wp-json\/wp\/v2\/media\/31200"}],"wp:attachment":[{"href":"https:\/\/kidsonthemoon.com\/pl\/wp-json\/wp\/v2\/media?parent=31198"}],"wp:term":[{"taxonomy":"product_cat","embeddable":true,"href":"https:\/\/kidsonthemoon.com\/pl\/wp-json\/wp\/v2\/product_cat?post=31198"},{"taxonomy":"product_tag","embeddable":true,"href":"https:\/\/kidsonthemoon.com\/pl\/wp-json\/wp\/v2\/product_tag?post=31198"}],"curies":[{"name":"wp","href":"https:\/\/api.w.org\/{rel}","templated":true}]}}