{"id":58968,"date":"2021-08-17T13:50:48","date_gmt":"2021-08-17T11:50:48","guid":{"rendered":"https:\/\/kidsonthemoon.com\/?post_type=product&#038;p=58968"},"modified":"2025-08-06T08:54:06","modified_gmt":"2025-08-06T06:54:06","slug":"sukienka-starflower-kremowa","status":"publish","type":"product","link":"https:\/\/kidsonthemoon.com\/pl\/produkt\/sukienka-starflower-kremowa\/","title":{"rendered":"sukienka Starflower kremowa"},"content":{"rendered":"","protected":false},"excerpt":{"rendered":"<p>Kremowa mu\u015blinowa sukienka z d\u0142ugim r\u0119kawem oraz romantycznym dziewcz\u0119cym ko\u0142nierzem. Z ty\u0142u zapinana na guziczki. Bawe\u0142na organiczna w ods\u0142onie mi\u0119kkiego mu\u015blinu zapewnia komfort noszenia oraz jest przyjazna dla dzieci\u0119cej sk\u00f3ry. Falbany rozszerzaj\u0105ce si\u0119 ku do\u0142owi daj\u0105 wra\u017cenie lekkiego oversizu powoduj\u0105cego zwiewno\u015b\u0107 i lekko\u015b\u0107 stylizacji, a print nocnych kwiat\u00f3w kwitn\u0105cych po\u015br\u00f3d ukrytych kosmicznych konstelacji dodaje sukience oryginalnego uroku. Ubi\u00f3r \u015bwietnie dope\u0142ni ciep\u0142y we\u0142niany sweter Faye z kolekcji Cosmico.<\/p>\n<p>Sk\u0142ad: 100% bawe\u0142na organiczna.<\/p>\n","protected":false},"featured_media":60486,"template":"","meta":{"_themeisle_gutenberg_block_has_review":false},"product_cat":[791],"product_tag":[520],"acf":[],"yoast_head":"<!-- This site is optimized with the Yoast SEO plugin v21.2 - https:\/\/yoast.com\/wordpress\/plugins\/seo\/ -->\n<title>sukienka Starflower kremowa - Kids on the Moon<\/title>\n<meta name=\"robots\" content=\"index, follow, max-snippet:-1, max-image-preview:large, max-video-preview:-1\" \/>\n<link rel=\"canonical\" href=\"https:\/\/kidsonthemoon.com\/pl\/produkt\/sukienka-starflower-kremowa\/\" \/>\n<meta property=\"og:locale\" content=\"pl_PL\" \/>\n<meta property=\"og:type\" content=\"article\" \/>\n<meta property=\"og:title\" content=\"sukienka Starflower kremowa - Kids on the Moon\" \/>\n<meta property=\"og:description\" content=\"Kremowa mu\u015blinowa sukienka z d\u0142ugim r\u0119kawem oraz romantycznym dziewcz\u0119cym ko\u0142nierzem. Z ty\u0142u zapinana na guziczki. Bawe\u0142na organiczna w ods\u0142onie mi\u0119kkiego mu\u015blinu zapewnia komfort noszenia oraz jest przyjazna dla dzieci\u0119cej sk\u00f3ry. Falbany rozszerzaj\u0105ce si\u0119 ku do\u0142owi daj\u0105 wra\u017cenie lekkiego oversizu powoduj\u0105cego zwiewno\u015b\u0107 i lekko\u015b\u0107 stylizacji, a print nocnych kwiat\u00f3w kwitn\u0105cych po\u015br\u00f3d ukrytych kosmicznych konstelacji dodaje sukience oryginalnego uroku. Ubi\u00f3r \u015bwietnie dope\u0142ni ciep\u0142y we\u0142niany sweter Faye z kolekcji Cosmico.  Sk\u0142ad: 100% bawe\u0142na organiczna.\" \/>\n<meta property=\"og:url\" content=\"https:\/\/kidsonthemoon.com\/pl\/produkt\/sukienka-starflower-kremowa\/\" \/>\n<meta property=\"og:site_name\" content=\"Kids on the Moon\" \/>\n<meta property=\"article:publisher\" content=\"https:\/\/www.facebook.com\/Kids-on-the-Moon-223747864407076\" \/>\n<meta property=\"article:modified_time\" content=\"2025-08-06T06:54:06+00:00\" \/>\n<meta property=\"og:image\" content=\"https:\/\/kidsonthemoon.com\/wp-content\/uploads\/2021\/08\/11-1.jpg\" \/>\n\t<meta property=\"og:image:width\" content=\"1000\" \/>\n\t<meta property=\"og:image:height\" content=\"1400\" \/>\n\t<meta property=\"og:image:type\" content=\"image\/jpeg\" \/>\n<meta name=\"twitter:card\" content=\"summary_large_image\" \/>\n<script type=\"application\/ld+json\" class=\"yoast-schema-graph\">{\"@context\":\"https:\/\/schema.org\",\"@graph\":[{\"@type\":\"WebPage\",\"@id\":\"https:\/\/kidsonthemoon.com\/pl\/produkt\/sukienka-starflower-kremowa\/\",\"url\":\"https:\/\/kidsonthemoon.com\/pl\/produkt\/sukienka-starflower-kremowa\/\",\"name\":\"sukienka Starflower kremowa - Kids on the Moon\",\"isPartOf\":{\"@id\":\"https:\/\/kidsonthemoon.com\/pl\/#website\"},\"datePublished\":\"2021-08-17T11:50:48+00:00\",\"dateModified\":\"2025-08-06T06:54:06+00:00\",\"breadcrumb\":{\"@id\":\"https:\/\/kidsonthemoon.com\/pl\/produkt\/sukienka-starflower-kremowa\/#breadcrumb\"},\"inLanguage\":\"pl-PL\",\"potentialAction\":[{\"@type\":\"ReadAction\",\"target\":[\"https:\/\/kidsonthemoon.com\/pl\/produkt\/sukienka-starflower-kremowa\/\"]}]},{\"@type\":\"BreadcrumbList\",\"@id\":\"https:\/\/kidsonthemoon.com\/pl\/produkt\/sukienka-starflower-kremowa\/#breadcrumb\",\"itemListElement\":[{\"@type\":\"ListItem\",\"position\":1,\"name\":\"Strona g\u0142\u00f3wna\",\"item\":\"https:\/\/kidsonthemoon.com\/pl\/\"},{\"@type\":\"ListItem\",\"position\":2,\"name\":\"Sklep\",\"item\":\"https:\/\/kidsonthemoon.com\/pl\/sklep\/\"},{\"@type\":\"ListItem\",\"position\":3,\"name\":\"sukienka Starflower kremowa\"}]},{\"@type\":\"WebSite\",\"@id\":\"https:\/\/kidsonthemoon.com\/pl\/#website\",\"url\":\"https:\/\/kidsonthemoon.com\/pl\/\",\"name\":\"Kids on the Moon\",\"description\":\"odpowiedzialna moda dla dzieci | sklep online dla dzieci\",\"publisher\":{\"@id\":\"https:\/\/kidsonthemoon.com\/pl\/#organization\"},\"potentialAction\":[{\"@type\":\"SearchAction\",\"target\":{\"@type\":\"EntryPoint\",\"urlTemplate\":\"https:\/\/kidsonthemoon.com\/pl\/?s={search_term_string}\"},\"query-input\":\"required name=search_term_string\"}],\"inLanguage\":\"pl-PL\"},{\"@type\":\"Organization\",\"@id\":\"https:\/\/kidsonthemoon.com\/pl\/#organization\",\"name\":\"Kids on the Moon\",\"url\":\"https:\/\/kidsonthemoon.com\/pl\/\",\"logo\":{\"@type\":\"ImageObject\",\"inLanguage\":\"pl-PL\",\"@id\":\"https:\/\/kidsonthemoon.com\/pl\/#\/schema\/logo\/image\/\",\"url\":\"https:\/\/kidsonthemoon.com\/wp-content\/uploads\/2021\/02\/kotm_logo.png\",\"contentUrl\":\"https:\/\/kidsonthemoon.com\/wp-content\/uploads\/2021\/02\/kotm_logo.png\",\"width\":410,\"height\":47,\"caption\":\"Kids on the Moon\"},\"image\":{\"@id\":\"https:\/\/kidsonthemoon.com\/pl\/#\/schema\/logo\/image\/\"},\"sameAs\":[\"https:\/\/www.facebook.com\/Kids-on-the-Moon-223747864407076\",\"https:\/\/www.instagram.com\/kidsonthemoon\/\",\"https:\/\/pl.pinterest.com\/kotm2013\/pins\/\"]}]}<\/script>\n<!-- \/ Yoast SEO plugin. -->","yoast_head_json":{"title":"sukienka Starflower kremowa - Kids on the Moon","robots":{"index":"index","follow":"follow","max-snippet":"max-snippet:-1","max-image-preview":"max-image-preview:large","max-video-preview":"max-video-preview:-1"},"canonical":"https:\/\/kidsonthemoon.com\/pl\/produkt\/sukienka-starflower-kremowa\/","og_locale":"pl_PL","og_type":"article","og_title":"sukienka Starflower kremowa - Kids on the Moon","og_description":"Kremowa mu\u015blinowa sukienka z d\u0142ugim r\u0119kawem oraz romantycznym dziewcz\u0119cym ko\u0142nierzem. Z ty\u0142u zapinana na guziczki. Bawe\u0142na organiczna w ods\u0142onie mi\u0119kkiego mu\u015blinu zapewnia komfort noszenia oraz jest przyjazna dla dzieci\u0119cej sk\u00f3ry. Falbany rozszerzaj\u0105ce si\u0119 ku do\u0142owi daj\u0105 wra\u017cenie lekkiego oversizu powoduj\u0105cego zwiewno\u015b\u0107 i lekko\u015b\u0107 stylizacji, a print nocnych kwiat\u00f3w kwitn\u0105cych po\u015br\u00f3d ukrytych kosmicznych konstelacji dodaje sukience oryginalnego uroku. Ubi\u00f3r \u015bwietnie dope\u0142ni ciep\u0142y we\u0142niany sweter Faye z kolekcji Cosmico.  Sk\u0142ad: 100% bawe\u0142na organiczna.","og_url":"https:\/\/kidsonthemoon.com\/pl\/produkt\/sukienka-starflower-kremowa\/","og_site_name":"Kids on the Moon","article_publisher":"https:\/\/www.facebook.com\/Kids-on-the-Moon-223747864407076","article_modified_time":"2025-08-06T06:54:06+00:00","og_image":[{"width":1000,"height":1400,"url":"https:\/\/kidsonthemoon.com\/wp-content\/uploads\/2021\/08\/11-1.jpg","type":"image\/jpeg"}],"twitter_card":"summary_large_image","schema":{"@context":"https:\/\/schema.org","@graph":[{"@type":"WebPage","@id":"https:\/\/kidsonthemoon.com\/pl\/produkt\/sukienka-starflower-kremowa\/","url":"https:\/\/kidsonthemoon.com\/pl\/produkt\/sukienka-starflower-kremowa\/","name":"sukienka Starflower kremowa - Kids on the Moon","isPartOf":{"@id":"https:\/\/kidsonthemoon.com\/pl\/#website"},"datePublished":"2021-08-17T11:50:48+00:00","dateModified":"2025-08-06T06:54:06+00:00","breadcrumb":{"@id":"https:\/\/kidsonthemoon.com\/pl\/produkt\/sukienka-starflower-kremowa\/#breadcrumb"},"inLanguage":"pl-PL","potentialAction":[{"@type":"ReadAction","target":["https:\/\/kidsonthemoon.com\/pl\/produkt\/sukienka-starflower-kremowa\/"]}]},{"@type":"BreadcrumbList","@id":"https:\/\/kidsonthemoon.com\/pl\/produkt\/sukienka-starflower-kremowa\/#breadcrumb","itemListElement":[{"@type":"ListItem","position":1,"name":"Strona g\u0142\u00f3wna","item":"https:\/\/kidsonthemoon.com\/pl\/"},{"@type":"ListItem","position":2,"name":"Sklep","item":"https:\/\/kidsonthemoon.com\/pl\/sklep\/"},{"@type":"ListItem","position":3,"name":"sukienka Starflower kremowa"}]},{"@type":"WebSite","@id":"https:\/\/kidsonthemoon.com\/pl\/#website","url":"https:\/\/kidsonthemoon.com\/pl\/","name":"Kids on the Moon","description":"odpowiedzialna moda dla dzieci | sklep online dla dzieci","publisher":{"@id":"https:\/\/kidsonthemoon.com\/pl\/#organization"},"potentialAction":[{"@type":"SearchAction","target":{"@type":"EntryPoint","urlTemplate":"https:\/\/kidsonthemoon.com\/pl\/?s={search_term_string}"},"query-input":"required name=search_term_string"}],"inLanguage":"pl-PL"},{"@type":"Organization","@id":"https:\/\/kidsonthemoon.com\/pl\/#organization","name":"Kids on the Moon","url":"https:\/\/kidsonthemoon.com\/pl\/","logo":{"@type":"ImageObject","inLanguage":"pl-PL","@id":"https:\/\/kidsonthemoon.com\/pl\/#\/schema\/logo\/image\/","url":"https:\/\/kidsonthemoon.com\/wp-content\/uploads\/2021\/02\/kotm_logo.png","contentUrl":"https:\/\/kidsonthemoon.com\/wp-content\/uploads\/2021\/02\/kotm_logo.png","width":410,"height":47,"caption":"Kids on the Moon"},"image":{"@id":"https:\/\/kidsonthemoon.com\/pl\/#\/schema\/logo\/image\/"},"sameAs":["https:\/\/www.facebook.com\/Kids-on-the-Moon-223747864407076","https:\/\/www.instagram.com\/kidsonthemoon\/","https:\/\/pl.pinterest.com\/kotm2013\/pins\/"]}]}},"_links":{"self":[{"href":"https:\/\/kidsonthemoon.com\/pl\/wp-json\/wp\/v2\/product\/58968"}],"collection":[{"href":"https:\/\/kidsonthemoon.com\/pl\/wp-json\/wp\/v2\/product"}],"about":[{"href":"https:\/\/kidsonthemoon.com\/pl\/wp-json\/wp\/v2\/types\/product"}],"wp:featuredmedia":[{"embeddable":true,"href":"https:\/\/kidsonthemoon.com\/pl\/wp-json\/wp\/v2\/media\/60486"}],"wp:attachment":[{"href":"https:\/\/kidsonthemoon.com\/pl\/wp-json\/wp\/v2\/media?parent=58968"}],"wp:term":[{"taxonomy":"product_cat","embeddable":true,"href":"https:\/\/kidsonthemoon.com\/pl\/wp-json\/wp\/v2\/product_cat?post=58968"},{"taxonomy":"product_tag","embeddable":true,"href":"https:\/\/kidsonthemoon.com\/pl\/wp-json\/wp\/v2\/product_tag?post=58968"}],"curies":[{"name":"wp","href":"https:\/\/api.w.org\/{rel}","templated":true}]}}