{"id":71295,"date":"2022-05-30T18:39:39","date_gmt":"2022-05-30T16:39:39","guid":{"rendered":"https:\/\/kidsonthemoon.com\/product\/spodnie-sand-coast\/"},"modified":"2025-08-06T08:53:40","modified_gmt":"2025-08-06T06:53:40","slug":"spodnie-sand-coast","status":"publish","type":"product","link":"https:\/\/kidsonthemoon.com\/pl\/produkt\/spodnie-sand-coast\/","title":{"rendered":"spodnie Sand Coast"},"content":{"rendered":"","protected":false},"excerpt":{"rendered":"<p><span style=\"font-family:Lato;\"><span style=\"color:#0e101a;\"><span><span lang=\"en-us\" xml_lang=\"en-us\">Proste, lu\u017ane spodnie z elastycznym pasem, kieszeniami i zaszewkami z przodu. Uszyte z cienkiego sztruksu w w\u0105ski pr\u0105\u017cek. Dzi\u0119ki zastosowaniu 100% bawe\u0142nianej tkaniny sprawdz\u0105 si\u0119 nawet w ciep\u0142e dni. \u015awietnie wygl\u0105daj\u0105 w po\u0142\u0105czeniu z lu\u017anym T-shirtem lub koszul\u0105.\u00a0Pasuj\u0105 do zar\u00f3wno do klapek jak i trampek.<\/span><\/span><\/span><\/span><\/p>\n<p><span style=\"font-family:Lato;\"><span style=\"color:#0e101a;\"><span><span lang=\"en-us\" xml_lang=\"en-us\">Wymiary<\/span><\/span><\/span><\/span><\/p>\n<p><span style=\"font-family:Lato;\"><span style=\"color:#0e101a;\"><span><span lang=\"en-us\" xml_lang=\"en-us\"><span style=\"font-family:Lato;\"><span>XS\/S: obw\u00f3d 76cm, d\u0142ugo\u015b\u0107 92cm<\/span><\/span><\/span><\/span><\/span><\/span><\/p>\n<p>M\/L: obw\u00f3d 80cm, d\u0142ugo\u015b\u0107 92cm<\/p><\/p>\n","protected":false},"featured_media":71297,"template":"","meta":{"_themeisle_gutenberg_block_has_review":false},"product_cat":[571],"product_tag":[522],"acf":[],"yoast_head":"<!-- This site is optimized with the Yoast SEO plugin v21.2 - https:\/\/yoast.com\/wordpress\/plugins\/seo\/ -->\n<title>spodnie Sand Coast - Kids on the Moon<\/title>\n<meta name=\"robots\" content=\"index, follow, max-snippet:-1, max-image-preview:large, max-video-preview:-1\" \/>\n<link rel=\"canonical\" href=\"https:\/\/kidsonthemoon.com\/pl\/produkt\/spodnie-sand-coast\/\" \/>\n<meta property=\"og:locale\" content=\"pl_PL\" \/>\n<meta property=\"og:type\" content=\"article\" \/>\n<meta property=\"og:title\" content=\"spodnie Sand Coast - Kids on the Moon\" \/>\n<meta property=\"og:description\" content=\"Proste, lu\u017ane spodnie z elastycznym pasem, kieszeniami i zaszewkami z przodu. Uszyte z cienkiego sztruksu w w\u0105ski pr\u0105\u017cek. Dzi\u0119ki zastosowaniu 100% bawe\u0142nianej tkaniny sprawdz\u0105 si\u0119 nawet w ciep\u0142e dni. \u015awietnie wygl\u0105daj\u0105 w po\u0142\u0105czeniu z lu\u017anym T-shirtem lub koszul\u0105.\u00a0Pasuj\u0105 do zar\u00f3wno do klapek jak i trampek. Wymiary XS\/S: obw\u00f3d 76cm, d\u0142ugo\u015b\u0107 92cm M\/L: obw\u00f3d 80cm, d\u0142ugo\u015b\u0107 92cm\" \/>\n<meta property=\"og:url\" content=\"https:\/\/kidsonthemoon.com\/pl\/produkt\/spodnie-sand-coast\/\" \/>\n<meta property=\"og:site_name\" content=\"Kids on the Moon\" \/>\n<meta property=\"article:publisher\" content=\"https:\/\/www.facebook.com\/Kids-on-the-Moon-223747864407076\" \/>\n<meta property=\"article:modified_time\" content=\"2025-08-06T06:53:40+00:00\" \/>\n<meta property=\"og:image\" content=\"https:\/\/kidsonthemoon.com\/wp-content\/uploads\/2022\/05\/spodnie-sand-coast.jpg\" \/>\n\t<meta property=\"og:image:width\" content=\"1000\" \/>\n\t<meta property=\"og:image:height\" content=\"1400\" \/>\n\t<meta property=\"og:image:type\" content=\"image\/jpeg\" \/>\n<meta name=\"twitter:card\" content=\"summary_large_image\" \/>\n<script type=\"application\/ld+json\" class=\"yoast-schema-graph\">{\"@context\":\"https:\/\/schema.org\",\"@graph\":[{\"@type\":\"WebPage\",\"@id\":\"https:\/\/kidsonthemoon.com\/pl\/produkt\/spodnie-sand-coast\/\",\"url\":\"https:\/\/kidsonthemoon.com\/pl\/produkt\/spodnie-sand-coast\/\",\"name\":\"spodnie Sand Coast - Kids on the Moon\",\"isPartOf\":{\"@id\":\"https:\/\/kidsonthemoon.com\/pl\/#website\"},\"datePublished\":\"2022-05-30T16:39:39+00:00\",\"dateModified\":\"2025-08-06T06:53:40+00:00\",\"breadcrumb\":{\"@id\":\"https:\/\/kidsonthemoon.com\/pl\/produkt\/spodnie-sand-coast\/#breadcrumb\"},\"inLanguage\":\"pl-PL\",\"potentialAction\":[{\"@type\":\"ReadAction\",\"target\":[\"https:\/\/kidsonthemoon.com\/pl\/produkt\/spodnie-sand-coast\/\"]}]},{\"@type\":\"BreadcrumbList\",\"@id\":\"https:\/\/kidsonthemoon.com\/pl\/produkt\/spodnie-sand-coast\/#breadcrumb\",\"itemListElement\":[{\"@type\":\"ListItem\",\"position\":1,\"name\":\"Strona g\u0142\u00f3wna\",\"item\":\"https:\/\/kidsonthemoon.com\/pl\/\"},{\"@type\":\"ListItem\",\"position\":2,\"name\":\"Sklep\",\"item\":\"https:\/\/kidsonthemoon.com\/pl\/sklep\/\"},{\"@type\":\"ListItem\",\"position\":3,\"name\":\"spodnie Sand Coast\"}]},{\"@type\":\"WebSite\",\"@id\":\"https:\/\/kidsonthemoon.com\/pl\/#website\",\"url\":\"https:\/\/kidsonthemoon.com\/pl\/\",\"name\":\"Kids on the Moon\",\"description\":\"odpowiedzialna moda dla dzieci | sklep online dla dzieci\",\"publisher\":{\"@id\":\"https:\/\/kidsonthemoon.com\/pl\/#organization\"},\"potentialAction\":[{\"@type\":\"SearchAction\",\"target\":{\"@type\":\"EntryPoint\",\"urlTemplate\":\"https:\/\/kidsonthemoon.com\/pl\/?s={search_term_string}\"},\"query-input\":\"required name=search_term_string\"}],\"inLanguage\":\"pl-PL\"},{\"@type\":\"Organization\",\"@id\":\"https:\/\/kidsonthemoon.com\/pl\/#organization\",\"name\":\"Kids on the Moon\",\"url\":\"https:\/\/kidsonthemoon.com\/pl\/\",\"logo\":{\"@type\":\"ImageObject\",\"inLanguage\":\"pl-PL\",\"@id\":\"https:\/\/kidsonthemoon.com\/pl\/#\/schema\/logo\/image\/\",\"url\":\"https:\/\/kidsonthemoon.com\/wp-content\/uploads\/2021\/02\/kotm_logo.png\",\"contentUrl\":\"https:\/\/kidsonthemoon.com\/wp-content\/uploads\/2021\/02\/kotm_logo.png\",\"width\":410,\"height\":47,\"caption\":\"Kids on the Moon\"},\"image\":{\"@id\":\"https:\/\/kidsonthemoon.com\/pl\/#\/schema\/logo\/image\/\"},\"sameAs\":[\"https:\/\/www.facebook.com\/Kids-on-the-Moon-223747864407076\",\"https:\/\/www.instagram.com\/kidsonthemoon\/\",\"https:\/\/pl.pinterest.com\/kotm2013\/pins\/\"]}]}<\/script>\n<!-- \/ Yoast SEO plugin. -->","yoast_head_json":{"title":"spodnie Sand Coast - Kids on the Moon","robots":{"index":"index","follow":"follow","max-snippet":"max-snippet:-1","max-image-preview":"max-image-preview:large","max-video-preview":"max-video-preview:-1"},"canonical":"https:\/\/kidsonthemoon.com\/pl\/produkt\/spodnie-sand-coast\/","og_locale":"pl_PL","og_type":"article","og_title":"spodnie Sand Coast - Kids on the Moon","og_description":"Proste, lu\u017ane spodnie z elastycznym pasem, kieszeniami i zaszewkami z przodu. Uszyte z cienkiego sztruksu w w\u0105ski pr\u0105\u017cek. Dzi\u0119ki zastosowaniu 100% bawe\u0142nianej tkaniny sprawdz\u0105 si\u0119 nawet w ciep\u0142e dni. \u015awietnie wygl\u0105daj\u0105 w po\u0142\u0105czeniu z lu\u017anym T-shirtem lub koszul\u0105.\u00a0Pasuj\u0105 do zar\u00f3wno do klapek jak i trampek. Wymiary XS\/S: obw\u00f3d 76cm, d\u0142ugo\u015b\u0107 92cm M\/L: obw\u00f3d 80cm, d\u0142ugo\u015b\u0107 92cm","og_url":"https:\/\/kidsonthemoon.com\/pl\/produkt\/spodnie-sand-coast\/","og_site_name":"Kids on the Moon","article_publisher":"https:\/\/www.facebook.com\/Kids-on-the-Moon-223747864407076","article_modified_time":"2025-08-06T06:53:40+00:00","og_image":[{"width":1000,"height":1400,"url":"https:\/\/kidsonthemoon.com\/wp-content\/uploads\/2022\/05\/spodnie-sand-coast.jpg","type":"image\/jpeg"}],"twitter_card":"summary_large_image","schema":{"@context":"https:\/\/schema.org","@graph":[{"@type":"WebPage","@id":"https:\/\/kidsonthemoon.com\/pl\/produkt\/spodnie-sand-coast\/","url":"https:\/\/kidsonthemoon.com\/pl\/produkt\/spodnie-sand-coast\/","name":"spodnie Sand Coast - Kids on the Moon","isPartOf":{"@id":"https:\/\/kidsonthemoon.com\/pl\/#website"},"datePublished":"2022-05-30T16:39:39+00:00","dateModified":"2025-08-06T06:53:40+00:00","breadcrumb":{"@id":"https:\/\/kidsonthemoon.com\/pl\/produkt\/spodnie-sand-coast\/#breadcrumb"},"inLanguage":"pl-PL","potentialAction":[{"@type":"ReadAction","target":["https:\/\/kidsonthemoon.com\/pl\/produkt\/spodnie-sand-coast\/"]}]},{"@type":"BreadcrumbList","@id":"https:\/\/kidsonthemoon.com\/pl\/produkt\/spodnie-sand-coast\/#breadcrumb","itemListElement":[{"@type":"ListItem","position":1,"name":"Strona g\u0142\u00f3wna","item":"https:\/\/kidsonthemoon.com\/pl\/"},{"@type":"ListItem","position":2,"name":"Sklep","item":"https:\/\/kidsonthemoon.com\/pl\/sklep\/"},{"@type":"ListItem","position":3,"name":"spodnie Sand Coast"}]},{"@type":"WebSite","@id":"https:\/\/kidsonthemoon.com\/pl\/#website","url":"https:\/\/kidsonthemoon.com\/pl\/","name":"Kids on the Moon","description":"odpowiedzialna moda dla dzieci | sklep online dla dzieci","publisher":{"@id":"https:\/\/kidsonthemoon.com\/pl\/#organization"},"potentialAction":[{"@type":"SearchAction","target":{"@type":"EntryPoint","urlTemplate":"https:\/\/kidsonthemoon.com\/pl\/?s={search_term_string}"},"query-input":"required name=search_term_string"}],"inLanguage":"pl-PL"},{"@type":"Organization","@id":"https:\/\/kidsonthemoon.com\/pl\/#organization","name":"Kids on the Moon","url":"https:\/\/kidsonthemoon.com\/pl\/","logo":{"@type":"ImageObject","inLanguage":"pl-PL","@id":"https:\/\/kidsonthemoon.com\/pl\/#\/schema\/logo\/image\/","url":"https:\/\/kidsonthemoon.com\/wp-content\/uploads\/2021\/02\/kotm_logo.png","contentUrl":"https:\/\/kidsonthemoon.com\/wp-content\/uploads\/2021\/02\/kotm_logo.png","width":410,"height":47,"caption":"Kids on the Moon"},"image":{"@id":"https:\/\/kidsonthemoon.com\/pl\/#\/schema\/logo\/image\/"},"sameAs":["https:\/\/www.facebook.com\/Kids-on-the-Moon-223747864407076","https:\/\/www.instagram.com\/kidsonthemoon\/","https:\/\/pl.pinterest.com\/kotm2013\/pins\/"]}]}},"_links":{"self":[{"href":"https:\/\/kidsonthemoon.com\/pl\/wp-json\/wp\/v2\/product\/71295"}],"collection":[{"href":"https:\/\/kidsonthemoon.com\/pl\/wp-json\/wp\/v2\/product"}],"about":[{"href":"https:\/\/kidsonthemoon.com\/pl\/wp-json\/wp\/v2\/types\/product"}],"wp:featuredmedia":[{"embeddable":true,"href":"https:\/\/kidsonthemoon.com\/pl\/wp-json\/wp\/v2\/media\/71297"}],"wp:attachment":[{"href":"https:\/\/kidsonthemoon.com\/pl\/wp-json\/wp\/v2\/media?parent=71295"}],"wp:term":[{"taxonomy":"product_cat","embeddable":true,"href":"https:\/\/kidsonthemoon.com\/pl\/wp-json\/wp\/v2\/product_cat?post=71295"},{"taxonomy":"product_tag","embeddable":true,"href":"https:\/\/kidsonthemoon.com\/pl\/wp-json\/wp\/v2\/product_tag?post=71295"}],"curies":[{"name":"wp","href":"https:\/\/api.w.org\/{rel}","templated":true}]}}