{"id":71589,"date":"2022-05-30T18:59:48","date_gmt":"2022-05-30T16:59:48","guid":{"rendered":"https:\/\/kidsonthemoon.com\/product\/kolnierzyk-babydoll-niebieski\/"},"modified":"2025-08-06T08:55:30","modified_gmt":"2025-08-06T06:55:30","slug":"kolnierzyk-babydoll-niebieski","status":"publish","type":"product","link":"https:\/\/kidsonthemoon.com\/pl\/produkt\/kolnierzyk-babydoll-niebieski\/","title":{"rendered":"Ko\u0142nierzyk Babydoll niebieski"},"content":{"rendered":"","protected":false},"excerpt":{"rendered":"<p>Romantyczny damski ko\u0142nierzyk \u201cbabydoll\u201d, wyko\u0144czony falbank\u0105. Na przodzie wi\u0105zany troczkami. Stanowi pi\u0119kny dodatek do sukienki Sky flower uszytej z tej samej tkaniny, ale nie tylko. Pasuje do ka\u017cdej stylizacji nadaj\u0105c jej ultra kobiecego wygl\u0105du. Mo\u017cna zak\u0142ada\u0107 go na bluzk\u0119, sweter, sportow\u0105 bluz\u0119 czy na sukienk\u0119.<\/p>\n<p>Ko\u0142nierzyk to najmodniejszy dodatek sezonu.<\/p>\n<p>sk\u0142ad: 97% wiskoza, 3% elastan<\/p>\n","protected":false},"featured_media":71599,"template":"","meta":{"_themeisle_gutenberg_block_has_review":false},"product_cat":[577,565],"product_tag":[541],"acf":[],"yoast_head":"<!-- This site is optimized with the Yoast SEO plugin v21.2 - https:\/\/yoast.com\/wordpress\/plugins\/seo\/ -->\n<title>Ko\u0142nierzyk Babydoll niebieski - Kids on the Moon<\/title>\n<meta name=\"robots\" content=\"index, follow, max-snippet:-1, max-image-preview:large, max-video-preview:-1\" \/>\n<link rel=\"canonical\" href=\"https:\/\/kidsonthemoon.com\/pl\/produkt\/kolnierzyk-babydoll-niebieski\/\" \/>\n<meta property=\"og:locale\" content=\"pl_PL\" \/>\n<meta property=\"og:type\" content=\"article\" \/>\n<meta property=\"og:title\" content=\"Ko\u0142nierzyk Babydoll niebieski - Kids on the Moon\" \/>\n<meta property=\"og:description\" content=\"Romantyczny damski ko\u0142nierzyk \u201cbabydoll\u201d, wyko\u0144czony falbank\u0105. Na przodzie wi\u0105zany troczkami. Stanowi pi\u0119kny dodatek do sukienki Sky flower uszytej z tej samej tkaniny, ale nie tylko. Pasuje do ka\u017cdej stylizacji nadaj\u0105c jej ultra kobiecego wygl\u0105du. Mo\u017cna zak\u0142ada\u0107 go na bluzk\u0119, sweter, sportow\u0105 bluz\u0119 czy na sukienk\u0119.  Ko\u0142nierzyk to najmodniejszy dodatek sezonu.  sk\u0142ad: 97% wiskoza, 3% elastan\" \/>\n<meta property=\"og:url\" content=\"https:\/\/kidsonthemoon.com\/pl\/produkt\/kolnierzyk-babydoll-niebieski\/\" \/>\n<meta property=\"og:site_name\" content=\"Kids on the Moon\" \/>\n<meta property=\"article:publisher\" content=\"https:\/\/www.facebook.com\/Kids-on-the-Moon-223747864407076\" \/>\n<meta property=\"article:modified_time\" content=\"2025-08-06T06:55:30+00:00\" \/>\n<meta property=\"og:image\" content=\"https:\/\/kidsonthemoon.com\/wp-content\/uploads\/2022\/05\/kolnierzyk-babydoll-niebieski-4.jpg\" \/>\n\t<meta property=\"og:image:width\" content=\"1000\" \/>\n\t<meta property=\"og:image:height\" content=\"1302\" \/>\n\t<meta property=\"og:image:type\" content=\"image\/jpeg\" \/>\n<meta name=\"twitter:card\" content=\"summary_large_image\" \/>\n<script type=\"application\/ld+json\" class=\"yoast-schema-graph\">{\"@context\":\"https:\/\/schema.org\",\"@graph\":[{\"@type\":\"WebPage\",\"@id\":\"https:\/\/kidsonthemoon.com\/pl\/produkt\/kolnierzyk-babydoll-niebieski\/\",\"url\":\"https:\/\/kidsonthemoon.com\/pl\/produkt\/kolnierzyk-babydoll-niebieski\/\",\"name\":\"Ko\u0142nierzyk Babydoll niebieski - Kids on the Moon\",\"isPartOf\":{\"@id\":\"https:\/\/kidsonthemoon.com\/pl\/#website\"},\"datePublished\":\"2022-05-30T16:59:48+00:00\",\"dateModified\":\"2025-08-06T06:55:30+00:00\",\"breadcrumb\":{\"@id\":\"https:\/\/kidsonthemoon.com\/pl\/produkt\/kolnierzyk-babydoll-niebieski\/#breadcrumb\"},\"inLanguage\":\"pl-PL\",\"potentialAction\":[{\"@type\":\"ReadAction\",\"target\":[\"https:\/\/kidsonthemoon.com\/pl\/produkt\/kolnierzyk-babydoll-niebieski\/\"]}]},{\"@type\":\"BreadcrumbList\",\"@id\":\"https:\/\/kidsonthemoon.com\/pl\/produkt\/kolnierzyk-babydoll-niebieski\/#breadcrumb\",\"itemListElement\":[{\"@type\":\"ListItem\",\"position\":1,\"name\":\"Strona g\u0142\u00f3wna\",\"item\":\"https:\/\/kidsonthemoon.com\/pl\/\"},{\"@type\":\"ListItem\",\"position\":2,\"name\":\"Sklep\",\"item\":\"https:\/\/kidsonthemoon.com\/pl\/sklep\/\"},{\"@type\":\"ListItem\",\"position\":3,\"name\":\"Ko\u0142nierzyk Babydoll niebieski\"}]},{\"@type\":\"WebSite\",\"@id\":\"https:\/\/kidsonthemoon.com\/pl\/#website\",\"url\":\"https:\/\/kidsonthemoon.com\/pl\/\",\"name\":\"Kids on the Moon\",\"description\":\"odpowiedzialna moda dla dzieci | sklep online dla dzieci\",\"publisher\":{\"@id\":\"https:\/\/kidsonthemoon.com\/pl\/#organization\"},\"potentialAction\":[{\"@type\":\"SearchAction\",\"target\":{\"@type\":\"EntryPoint\",\"urlTemplate\":\"https:\/\/kidsonthemoon.com\/pl\/?s={search_term_string}\"},\"query-input\":\"required name=search_term_string\"}],\"inLanguage\":\"pl-PL\"},{\"@type\":\"Organization\",\"@id\":\"https:\/\/kidsonthemoon.com\/pl\/#organization\",\"name\":\"Kids on the Moon\",\"url\":\"https:\/\/kidsonthemoon.com\/pl\/\",\"logo\":{\"@type\":\"ImageObject\",\"inLanguage\":\"pl-PL\",\"@id\":\"https:\/\/kidsonthemoon.com\/pl\/#\/schema\/logo\/image\/\",\"url\":\"https:\/\/kidsonthemoon.com\/wp-content\/uploads\/2021\/02\/kotm_logo.png\",\"contentUrl\":\"https:\/\/kidsonthemoon.com\/wp-content\/uploads\/2021\/02\/kotm_logo.png\",\"width\":410,\"height\":47,\"caption\":\"Kids on the Moon\"},\"image\":{\"@id\":\"https:\/\/kidsonthemoon.com\/pl\/#\/schema\/logo\/image\/\"},\"sameAs\":[\"https:\/\/www.facebook.com\/Kids-on-the-Moon-223747864407076\",\"https:\/\/www.instagram.com\/kidsonthemoon\/\",\"https:\/\/pl.pinterest.com\/kotm2013\/pins\/\"]}]}<\/script>\n<!-- \/ Yoast SEO plugin. -->","yoast_head_json":{"title":"Ko\u0142nierzyk Babydoll niebieski - Kids on the Moon","robots":{"index":"index","follow":"follow","max-snippet":"max-snippet:-1","max-image-preview":"max-image-preview:large","max-video-preview":"max-video-preview:-1"},"canonical":"https:\/\/kidsonthemoon.com\/pl\/produkt\/kolnierzyk-babydoll-niebieski\/","og_locale":"pl_PL","og_type":"article","og_title":"Ko\u0142nierzyk Babydoll niebieski - Kids on the Moon","og_description":"Romantyczny damski ko\u0142nierzyk \u201cbabydoll\u201d, wyko\u0144czony falbank\u0105. Na przodzie wi\u0105zany troczkami. Stanowi pi\u0119kny dodatek do sukienki Sky flower uszytej z tej samej tkaniny, ale nie tylko. Pasuje do ka\u017cdej stylizacji nadaj\u0105c jej ultra kobiecego wygl\u0105du. Mo\u017cna zak\u0142ada\u0107 go na bluzk\u0119, sweter, sportow\u0105 bluz\u0119 czy na sukienk\u0119.  Ko\u0142nierzyk to najmodniejszy dodatek sezonu.  sk\u0142ad: 97% wiskoza, 3% elastan","og_url":"https:\/\/kidsonthemoon.com\/pl\/produkt\/kolnierzyk-babydoll-niebieski\/","og_site_name":"Kids on the Moon","article_publisher":"https:\/\/www.facebook.com\/Kids-on-the-Moon-223747864407076","article_modified_time":"2025-08-06T06:55:30+00:00","og_image":[{"width":1000,"height":1302,"url":"https:\/\/kidsonthemoon.com\/wp-content\/uploads\/2022\/05\/kolnierzyk-babydoll-niebieski-4.jpg","type":"image\/jpeg"}],"twitter_card":"summary_large_image","schema":{"@context":"https:\/\/schema.org","@graph":[{"@type":"WebPage","@id":"https:\/\/kidsonthemoon.com\/pl\/produkt\/kolnierzyk-babydoll-niebieski\/","url":"https:\/\/kidsonthemoon.com\/pl\/produkt\/kolnierzyk-babydoll-niebieski\/","name":"Ko\u0142nierzyk Babydoll niebieski - Kids on the Moon","isPartOf":{"@id":"https:\/\/kidsonthemoon.com\/pl\/#website"},"datePublished":"2022-05-30T16:59:48+00:00","dateModified":"2025-08-06T06:55:30+00:00","breadcrumb":{"@id":"https:\/\/kidsonthemoon.com\/pl\/produkt\/kolnierzyk-babydoll-niebieski\/#breadcrumb"},"inLanguage":"pl-PL","potentialAction":[{"@type":"ReadAction","target":["https:\/\/kidsonthemoon.com\/pl\/produkt\/kolnierzyk-babydoll-niebieski\/"]}]},{"@type":"BreadcrumbList","@id":"https:\/\/kidsonthemoon.com\/pl\/produkt\/kolnierzyk-babydoll-niebieski\/#breadcrumb","itemListElement":[{"@type":"ListItem","position":1,"name":"Strona g\u0142\u00f3wna","item":"https:\/\/kidsonthemoon.com\/pl\/"},{"@type":"ListItem","position":2,"name":"Sklep","item":"https:\/\/kidsonthemoon.com\/pl\/sklep\/"},{"@type":"ListItem","position":3,"name":"Ko\u0142nierzyk Babydoll niebieski"}]},{"@type":"WebSite","@id":"https:\/\/kidsonthemoon.com\/pl\/#website","url":"https:\/\/kidsonthemoon.com\/pl\/","name":"Kids on the Moon","description":"odpowiedzialna moda dla dzieci | sklep online dla dzieci","publisher":{"@id":"https:\/\/kidsonthemoon.com\/pl\/#organization"},"potentialAction":[{"@type":"SearchAction","target":{"@type":"EntryPoint","urlTemplate":"https:\/\/kidsonthemoon.com\/pl\/?s={search_term_string}"},"query-input":"required name=search_term_string"}],"inLanguage":"pl-PL"},{"@type":"Organization","@id":"https:\/\/kidsonthemoon.com\/pl\/#organization","name":"Kids on the Moon","url":"https:\/\/kidsonthemoon.com\/pl\/","logo":{"@type":"ImageObject","inLanguage":"pl-PL","@id":"https:\/\/kidsonthemoon.com\/pl\/#\/schema\/logo\/image\/","url":"https:\/\/kidsonthemoon.com\/wp-content\/uploads\/2021\/02\/kotm_logo.png","contentUrl":"https:\/\/kidsonthemoon.com\/wp-content\/uploads\/2021\/02\/kotm_logo.png","width":410,"height":47,"caption":"Kids on the Moon"},"image":{"@id":"https:\/\/kidsonthemoon.com\/pl\/#\/schema\/logo\/image\/"},"sameAs":["https:\/\/www.facebook.com\/Kids-on-the-Moon-223747864407076","https:\/\/www.instagram.com\/kidsonthemoon\/","https:\/\/pl.pinterest.com\/kotm2013\/pins\/"]}]}},"_links":{"self":[{"href":"https:\/\/kidsonthemoon.com\/pl\/wp-json\/wp\/v2\/product\/71589"}],"collection":[{"href":"https:\/\/kidsonthemoon.com\/pl\/wp-json\/wp\/v2\/product"}],"about":[{"href":"https:\/\/kidsonthemoon.com\/pl\/wp-json\/wp\/v2\/types\/product"}],"wp:featuredmedia":[{"embeddable":true,"href":"https:\/\/kidsonthemoon.com\/pl\/wp-json\/wp\/v2\/media\/71599"}],"wp:attachment":[{"href":"https:\/\/kidsonthemoon.com\/pl\/wp-json\/wp\/v2\/media?parent=71589"}],"wp:term":[{"taxonomy":"product_cat","embeddable":true,"href":"https:\/\/kidsonthemoon.com\/pl\/wp-json\/wp\/v2\/product_cat?post=71589"},{"taxonomy":"product_tag","embeddable":true,"href":"https:\/\/kidsonthemoon.com\/pl\/wp-json\/wp\/v2\/product_tag?post=71589"}],"curies":[{"name":"wp","href":"https:\/\/api.w.org\/{rel}","templated":true}]}}