{"id":71613,"date":"2023-12-15T10:52:46","date_gmt":"2023-12-15T09:52:46","guid":{"rendered":"https:\/\/kidsonthemoon.com\/?post_type=product&#038;p=71613"},"modified":"2025-08-06T09:03:27","modified_gmt":"2025-08-06T07:03:27","slug":"bluza-purple-love","status":"publish","type":"product","link":"https:\/\/kidsonthemoon.com\/pl\/produkt\/bluza-purple-love\/","title":{"rendered":"bluza Lavender LOvE"},"content":{"rendered":"","protected":false},"excerpt":{"rendered":"<p>Nasza bestsellerowa bluza damska w kolorze francuskiej lawendy z wyhaftowanym napisem LOvE na przodzie. Pi\u0119kne po\u0142\u0105czenie obu kolor\u00f3w &#8211; niezwykle modnych w tym i nadchodz\u0105cym sezonie. Haft w subtelnym odcieniu r\u00f3\u017cu, wykonany jest technik\u0105 chenille. Jest efektowny, bardziej wypuk\u0142y od zwyk\u0142ego haftu i bardzo mi\u0142y w dotyku.<br \/>\nBluza ma lu\u017any kr\u00f3j, raglanowe r\u0119kawy, zako\u0144czona \u015bci\u0105gaczem. Wykonana jest z drapanej, mi\u0119kkiej i bardzo przyjemnej w dotyku dzianiny z certyfikatem OEKO-TEX. Absolutny bestseller i kr\u00f3lowa w\u015br\u00f3d naszych bluz!<\/p>\n<p><strong>Wymiary bluzy:<\/strong><\/p>\n<table style=\"height: 146px;\" width=\"556\">\n<tbody>\n<tr>\n<td width=\"90\">&nbsp;<\/td>\n<td style=\"text-align: center;\" width=\"64\"><strong>XS<\/strong><\/td>\n<td style=\"text-align: center;\" width=\"64\"><strong>S<\/strong><\/td>\n<td style=\"text-align: center;\" width=\"64\"><strong>M<\/strong><\/td>\n<td style=\"text-align: center;\" width=\"64\"><strong>L<\/strong><\/td>\n<\/tr>\n<tr>\n<td>szer. w klatce<\/td>\n<td style=\"text-align: center;\">53<\/td>\n<td style=\"text-align: center;\">56<\/td>\n<td style=\"text-align: center;\">59<\/td>\n<td style=\"text-align: center;\">62<\/td>\n<\/tr>\n<tr>\n<td width=\"90\">d\u0142ugo\u015b\u0107 od ramienia przy dekolcie<\/td>\n<td style=\"text-align: center;\">62<\/td>\n<td style=\"text-align: center;\">62,5<\/td>\n<td style=\"text-align: center;\">63<\/td>\n<td style=\"text-align: center;\">63,5<\/td>\n<\/tr>\n<\/tbody>\n<\/table>\n<p>&nbsp;<\/p>\n<p><strong><span style=\"text-decoration: underline;\">Sk\u0142ad:&nbsp;<\/span><\/strong>80% bawe\u0142na, 20% poliester<\/p>\n","protected":false},"featured_media":80505,"template":"","meta":{"_themeisle_gutenberg_block_has_review":false},"product_cat":[601,565,809,818],"product_tag":[797],"acf":[],"yoast_head":"<!-- This site is optimized with the Yoast SEO plugin v21.2 - https:\/\/yoast.com\/wordpress\/plugins\/seo\/ -->\n<title>bluza Lavender LOvE - Kids on the Moon<\/title>\n<meta name=\"robots\" content=\"index, follow, max-snippet:-1, max-image-preview:large, max-video-preview:-1\" \/>\n<link rel=\"canonical\" href=\"https:\/\/kidsonthemoon.com\/pl\/produkt\/bluza-purple-love\/\" \/>\n<meta property=\"og:locale\" content=\"pl_PL\" \/>\n<meta property=\"og:type\" content=\"article\" \/>\n<meta property=\"og:title\" content=\"bluza Lavender LOvE - Kids on the Moon\" \/>\n<meta property=\"og:description\" content=\"Nasza bestsellerowa bluza damska w kolorze francuskiej lawendy z wyhaftowanym napisem LOvE na przodzie. Pi\u0119kne po\u0142\u0105czenie obu kolor\u00f3w - niezwykle modnych w tym i nadchodz\u0105cym sezonie. Haft w subtelnym odcieniu r\u00f3\u017cu, wykonany jest technik\u0105 chenille. Jest efektowny, bardziej wypuk\u0142y od zwyk\u0142ego haftu i bardzo mi\u0142y w dotyku. Bluza ma lu\u017any kr\u00f3j, raglanowe r\u0119kawy, zako\u0144czona \u015bci\u0105gaczem. Wykonana jest z drapanej, mi\u0119kkiej i bardzo przyjemnej w dotyku dzianiny z certyfikatem OEKO-TEX. Absolutny bestseller i kr\u00f3lowa w\u015br\u00f3d naszych bluz!  Wymiary bluzy:    &nbsp; XS S M L   szer. w klatce 53 56 59 62   d\u0142ugo\u015b\u0107 od ramienia przy dekolcie 62 62,5 63 63,5    &nbsp;  Sk\u0142ad:&nbsp;80% bawe\u0142na, 20% poliester\" \/>\n<meta property=\"og:url\" content=\"https:\/\/kidsonthemoon.com\/pl\/produkt\/bluza-purple-love\/\" \/>\n<meta property=\"og:site_name\" content=\"Kids on the Moon\" \/>\n<meta property=\"article:publisher\" content=\"https:\/\/www.facebook.com\/Kids-on-the-Moon-223747864407076\" \/>\n<meta property=\"article:modified_time\" content=\"2025-08-06T07:03:27+00:00\" \/>\n<meta property=\"og:image\" content=\"https:\/\/kidsonthemoon.com\/wp-content\/uploads\/2022\/10\/sklep-3.jpg\" \/>\n\t<meta property=\"og:image:width\" content=\"1000\" \/>\n\t<meta property=\"og:image:height\" content=\"1400\" \/>\n\t<meta property=\"og:image:type\" content=\"image\/jpeg\" \/>\n<meta name=\"twitter:card\" content=\"summary_large_image\" \/>\n<script type=\"application\/ld+json\" class=\"yoast-schema-graph\">{\"@context\":\"https:\/\/schema.org\",\"@graph\":[{\"@type\":\"WebPage\",\"@id\":\"https:\/\/kidsonthemoon.com\/pl\/produkt\/bluza-purple-love\/\",\"url\":\"https:\/\/kidsonthemoon.com\/pl\/produkt\/bluza-purple-love\/\",\"name\":\"bluza Lavender LOvE - Kids on the Moon\",\"isPartOf\":{\"@id\":\"https:\/\/kidsonthemoon.com\/pl\/#website\"},\"datePublished\":\"2023-12-15T09:52:46+00:00\",\"dateModified\":\"2025-08-06T07:03:27+00:00\",\"breadcrumb\":{\"@id\":\"https:\/\/kidsonthemoon.com\/pl\/produkt\/bluza-purple-love\/#breadcrumb\"},\"inLanguage\":\"pl-PL\",\"potentialAction\":[{\"@type\":\"ReadAction\",\"target\":[\"https:\/\/kidsonthemoon.com\/pl\/produkt\/bluza-purple-love\/\"]}]},{\"@type\":\"BreadcrumbList\",\"@id\":\"https:\/\/kidsonthemoon.com\/pl\/produkt\/bluza-purple-love\/#breadcrumb\",\"itemListElement\":[{\"@type\":\"ListItem\",\"position\":1,\"name\":\"Strona g\u0142\u00f3wna\",\"item\":\"https:\/\/kidsonthemoon.com\/pl\/\"},{\"@type\":\"ListItem\",\"position\":2,\"name\":\"Sklep\",\"item\":\"https:\/\/kidsonthemoon.com\/pl\/sklep\/\"},{\"@type\":\"ListItem\",\"position\":3,\"name\":\"bluza Lavender LOvE\"}]},{\"@type\":\"WebSite\",\"@id\":\"https:\/\/kidsonthemoon.com\/pl\/#website\",\"url\":\"https:\/\/kidsonthemoon.com\/pl\/\",\"name\":\"Kids on the Moon\",\"description\":\"odpowiedzialna moda dla dzieci | sklep online dla dzieci\",\"publisher\":{\"@id\":\"https:\/\/kidsonthemoon.com\/pl\/#organization\"},\"potentialAction\":[{\"@type\":\"SearchAction\",\"target\":{\"@type\":\"EntryPoint\",\"urlTemplate\":\"https:\/\/kidsonthemoon.com\/pl\/?s={search_term_string}\"},\"query-input\":\"required name=search_term_string\"}],\"inLanguage\":\"pl-PL\"},{\"@type\":\"Organization\",\"@id\":\"https:\/\/kidsonthemoon.com\/pl\/#organization\",\"name\":\"Kids on the Moon\",\"url\":\"https:\/\/kidsonthemoon.com\/pl\/\",\"logo\":{\"@type\":\"ImageObject\",\"inLanguage\":\"pl-PL\",\"@id\":\"https:\/\/kidsonthemoon.com\/pl\/#\/schema\/logo\/image\/\",\"url\":\"https:\/\/kidsonthemoon.com\/wp-content\/uploads\/2021\/02\/kotm_logo.png\",\"contentUrl\":\"https:\/\/kidsonthemoon.com\/wp-content\/uploads\/2021\/02\/kotm_logo.png\",\"width\":410,\"height\":47,\"caption\":\"Kids on the Moon\"},\"image\":{\"@id\":\"https:\/\/kidsonthemoon.com\/pl\/#\/schema\/logo\/image\/\"},\"sameAs\":[\"https:\/\/www.facebook.com\/Kids-on-the-Moon-223747864407076\",\"https:\/\/www.instagram.com\/kidsonthemoon\/\",\"https:\/\/pl.pinterest.com\/kotm2013\/pins\/\"]}]}<\/script>\n<!-- \/ Yoast SEO plugin. -->","yoast_head_json":{"title":"bluza Lavender LOvE - Kids on the Moon","robots":{"index":"index","follow":"follow","max-snippet":"max-snippet:-1","max-image-preview":"max-image-preview:large","max-video-preview":"max-video-preview:-1"},"canonical":"https:\/\/kidsonthemoon.com\/pl\/produkt\/bluza-purple-love\/","og_locale":"pl_PL","og_type":"article","og_title":"bluza Lavender LOvE - Kids on the Moon","og_description":"Nasza bestsellerowa bluza damska w kolorze francuskiej lawendy z wyhaftowanym napisem LOvE na przodzie. Pi\u0119kne po\u0142\u0105czenie obu kolor\u00f3w - niezwykle modnych w tym i nadchodz\u0105cym sezonie. Haft w subtelnym odcieniu r\u00f3\u017cu, wykonany jest technik\u0105 chenille. Jest efektowny, bardziej wypuk\u0142y od zwyk\u0142ego haftu i bardzo mi\u0142y w dotyku. Bluza ma lu\u017any kr\u00f3j, raglanowe r\u0119kawy, zako\u0144czona \u015bci\u0105gaczem. Wykonana jest z drapanej, mi\u0119kkiej i bardzo przyjemnej w dotyku dzianiny z certyfikatem OEKO-TEX. Absolutny bestseller i kr\u00f3lowa w\u015br\u00f3d naszych bluz!  Wymiary bluzy:    &nbsp; XS S M L   szer. w klatce 53 56 59 62   d\u0142ugo\u015b\u0107 od ramienia przy dekolcie 62 62,5 63 63,5    &nbsp;  Sk\u0142ad:&nbsp;80% bawe\u0142na, 20% poliester","og_url":"https:\/\/kidsonthemoon.com\/pl\/produkt\/bluza-purple-love\/","og_site_name":"Kids on the Moon","article_publisher":"https:\/\/www.facebook.com\/Kids-on-the-Moon-223747864407076","article_modified_time":"2025-08-06T07:03:27+00:00","og_image":[{"width":1000,"height":1400,"url":"https:\/\/kidsonthemoon.com\/wp-content\/uploads\/2022\/10\/sklep-3.jpg","type":"image\/jpeg"}],"twitter_card":"summary_large_image","schema":{"@context":"https:\/\/schema.org","@graph":[{"@type":"WebPage","@id":"https:\/\/kidsonthemoon.com\/pl\/produkt\/bluza-purple-love\/","url":"https:\/\/kidsonthemoon.com\/pl\/produkt\/bluza-purple-love\/","name":"bluza Lavender LOvE - Kids on the Moon","isPartOf":{"@id":"https:\/\/kidsonthemoon.com\/pl\/#website"},"datePublished":"2023-12-15T09:52:46+00:00","dateModified":"2025-08-06T07:03:27+00:00","breadcrumb":{"@id":"https:\/\/kidsonthemoon.com\/pl\/produkt\/bluza-purple-love\/#breadcrumb"},"inLanguage":"pl-PL","potentialAction":[{"@type":"ReadAction","target":["https:\/\/kidsonthemoon.com\/pl\/produkt\/bluza-purple-love\/"]}]},{"@type":"BreadcrumbList","@id":"https:\/\/kidsonthemoon.com\/pl\/produkt\/bluza-purple-love\/#breadcrumb","itemListElement":[{"@type":"ListItem","position":1,"name":"Strona g\u0142\u00f3wna","item":"https:\/\/kidsonthemoon.com\/pl\/"},{"@type":"ListItem","position":2,"name":"Sklep","item":"https:\/\/kidsonthemoon.com\/pl\/sklep\/"},{"@type":"ListItem","position":3,"name":"bluza Lavender LOvE"}]},{"@type":"WebSite","@id":"https:\/\/kidsonthemoon.com\/pl\/#website","url":"https:\/\/kidsonthemoon.com\/pl\/","name":"Kids on the Moon","description":"odpowiedzialna moda dla dzieci | sklep online dla dzieci","publisher":{"@id":"https:\/\/kidsonthemoon.com\/pl\/#organization"},"potentialAction":[{"@type":"SearchAction","target":{"@type":"EntryPoint","urlTemplate":"https:\/\/kidsonthemoon.com\/pl\/?s={search_term_string}"},"query-input":"required name=search_term_string"}],"inLanguage":"pl-PL"},{"@type":"Organization","@id":"https:\/\/kidsonthemoon.com\/pl\/#organization","name":"Kids on the Moon","url":"https:\/\/kidsonthemoon.com\/pl\/","logo":{"@type":"ImageObject","inLanguage":"pl-PL","@id":"https:\/\/kidsonthemoon.com\/pl\/#\/schema\/logo\/image\/","url":"https:\/\/kidsonthemoon.com\/wp-content\/uploads\/2021\/02\/kotm_logo.png","contentUrl":"https:\/\/kidsonthemoon.com\/wp-content\/uploads\/2021\/02\/kotm_logo.png","width":410,"height":47,"caption":"Kids on the Moon"},"image":{"@id":"https:\/\/kidsonthemoon.com\/pl\/#\/schema\/logo\/image\/"},"sameAs":["https:\/\/www.facebook.com\/Kids-on-the-Moon-223747864407076","https:\/\/www.instagram.com\/kidsonthemoon\/","https:\/\/pl.pinterest.com\/kotm2013\/pins\/"]}]}},"_links":{"self":[{"href":"https:\/\/kidsonthemoon.com\/pl\/wp-json\/wp\/v2\/product\/71613"}],"collection":[{"href":"https:\/\/kidsonthemoon.com\/pl\/wp-json\/wp\/v2\/product"}],"about":[{"href":"https:\/\/kidsonthemoon.com\/pl\/wp-json\/wp\/v2\/types\/product"}],"wp:featuredmedia":[{"embeddable":true,"href":"https:\/\/kidsonthemoon.com\/pl\/wp-json\/wp\/v2\/media\/80505"}],"wp:attachment":[{"href":"https:\/\/kidsonthemoon.com\/pl\/wp-json\/wp\/v2\/media?parent=71613"}],"wp:term":[{"taxonomy":"product_cat","embeddable":true,"href":"https:\/\/kidsonthemoon.com\/pl\/wp-json\/wp\/v2\/product_cat?post=71613"},{"taxonomy":"product_tag","embeddable":true,"href":"https:\/\/kidsonthemoon.com\/pl\/wp-json\/wp\/v2\/product_tag?post=71613"}],"curies":[{"name":"wp","href":"https:\/\/api.w.org\/{rel}","templated":true}]}}