{"id":82318,"date":"2022-11-09T15:16:36","date_gmt":"2022-11-09T14:16:36","guid":{"rendered":"https:\/\/kidsonthemoon.com\/?post_type=product&#038;p=82318"},"modified":"2025-12-16T10:32:35","modified_gmt":"2025-12-16T09:32:35","slug":"sweter-malinowy","status":"publish","type":"product","link":"https:\/\/kidsonthemoon.com\/pl\/produkt\/sweter-malinowy\/","title":{"rendered":"sweter malinowy"},"content":{"rendered":"","protected":false},"excerpt":{"rendered":"<p>We\u0142niany dzieci\u0119cy sweter z warkoczowym splotem na przodzie i na r\u0119kawach, w pi\u0119knym malinowym kolorze. Wykonany z wysokiej jako\u015bci, delikatnej w dotyku, w\u0142oskiej prz\u0119dzy. Model unisex &#8211; zar\u00f3wno dla dziewczynki i jak i dla ch\u0142opca.<br \/>\nDobieraj\u0105c jeden z naszych szalik\u00f3w lub kt\u00f3r\u0105\u015b z czapek, stworzysz ciep\u0142y i kolorowy look. Mo\u017cna tez po\u0142\u0105czy\u0107 z naszym ko\u0142nierzykiem Camellia, przez co sweterek nabierze oryginalnego charakteru.<\/p>\n<p>Sk\u0142ad: 50% we\u0142na (20% alpaka, 30% merino), 50% akryl<\/p>\n","protected":false},"featured_media":82327,"template":"","meta":{"_themeisle_gutenberg_block_has_review":false},"product_cat":[654,692,718],"product_tag":[798,518],"acf":[],"yoast_head":"<!-- This site is optimized with the Yoast SEO plugin v21.2 - https:\/\/yoast.com\/wordpress\/plugins\/seo\/ -->\n<title>sweter malinowy - Kids on the Moon<\/title>\n<meta name=\"robots\" content=\"index, follow, max-snippet:-1, max-image-preview:large, max-video-preview:-1\" \/>\n<link rel=\"canonical\" href=\"https:\/\/kidsonthemoon.com\/pl\/produkt\/sweter-malinowy\/\" \/>\n<meta property=\"og:locale\" content=\"pl_PL\" \/>\n<meta property=\"og:type\" content=\"article\" \/>\n<meta property=\"og:title\" content=\"sweter malinowy - Kids on the Moon\" \/>\n<meta property=\"og:description\" content=\"We\u0142niany dzieci\u0119cy sweter z warkoczowym splotem na przodzie i na r\u0119kawach, w pi\u0119knym malinowym kolorze. Wykonany z wysokiej jako\u015bci, delikatnej w dotyku, w\u0142oskiej prz\u0119dzy. Model unisex - zar\u00f3wno dla dziewczynki i jak i dla ch\u0142opca. Dobieraj\u0105c jeden z naszych szalik\u00f3w lub kt\u00f3r\u0105\u015b z czapek, stworzysz ciep\u0142y i kolorowy look. Mo\u017cna tez po\u0142\u0105czy\u0107 z naszym ko\u0142nierzykiem Camellia, przez co sweterek nabierze oryginalnego charakteru.  Sk\u0142ad: 50% we\u0142na (20% alpaka, 30% merino), 50% akryl\" \/>\n<meta property=\"og:url\" content=\"https:\/\/kidsonthemoon.com\/pl\/produkt\/sweter-malinowy\/\" \/>\n<meta property=\"og:site_name\" content=\"Kids on the Moon\" \/>\n<meta property=\"article:publisher\" content=\"https:\/\/www.facebook.com\/Kids-on-the-Moon-223747864407076\" \/>\n<meta property=\"article:modified_time\" content=\"2025-12-16T09:32:35+00:00\" \/>\n<meta property=\"og:image\" content=\"https:\/\/kidsonthemoon.com\/wp-content\/uploads\/2022\/11\/kotm_22_089.jpg\" \/>\n\t<meta property=\"og:image:width\" content=\"1000\" \/>\n\t<meta property=\"og:image:height\" content=\"1500\" \/>\n\t<meta property=\"og:image:type\" content=\"image\/jpeg\" \/>\n<meta name=\"twitter:card\" content=\"summary_large_image\" \/>\n<script type=\"application\/ld+json\" class=\"yoast-schema-graph\">{\"@context\":\"https:\/\/schema.org\",\"@graph\":[{\"@type\":\"WebPage\",\"@id\":\"https:\/\/kidsonthemoon.com\/pl\/produkt\/sweter-malinowy\/\",\"url\":\"https:\/\/kidsonthemoon.com\/pl\/produkt\/sweter-malinowy\/\",\"name\":\"sweter malinowy - Kids on the Moon\",\"isPartOf\":{\"@id\":\"https:\/\/kidsonthemoon.com\/pl\/#website\"},\"datePublished\":\"2022-11-09T14:16:36+00:00\",\"dateModified\":\"2025-12-16T09:32:35+00:00\",\"breadcrumb\":{\"@id\":\"https:\/\/kidsonthemoon.com\/pl\/produkt\/sweter-malinowy\/#breadcrumb\"},\"inLanguage\":\"pl-PL\",\"potentialAction\":[{\"@type\":\"ReadAction\",\"target\":[\"https:\/\/kidsonthemoon.com\/pl\/produkt\/sweter-malinowy\/\"]}]},{\"@type\":\"BreadcrumbList\",\"@id\":\"https:\/\/kidsonthemoon.com\/pl\/produkt\/sweter-malinowy\/#breadcrumb\",\"itemListElement\":[{\"@type\":\"ListItem\",\"position\":1,\"name\":\"Strona g\u0142\u00f3wna\",\"item\":\"https:\/\/kidsonthemoon.com\/pl\/\"},{\"@type\":\"ListItem\",\"position\":2,\"name\":\"Sklep\",\"item\":\"https:\/\/kidsonthemoon.com\/pl\/sklep\/\"},{\"@type\":\"ListItem\",\"position\":3,\"name\":\"sweter malinowy\"}]},{\"@type\":\"WebSite\",\"@id\":\"https:\/\/kidsonthemoon.com\/pl\/#website\",\"url\":\"https:\/\/kidsonthemoon.com\/pl\/\",\"name\":\"Kids on the Moon\",\"description\":\"odpowiedzialna moda dla dzieci | sklep online dla dzieci\",\"publisher\":{\"@id\":\"https:\/\/kidsonthemoon.com\/pl\/#organization\"},\"potentialAction\":[{\"@type\":\"SearchAction\",\"target\":{\"@type\":\"EntryPoint\",\"urlTemplate\":\"https:\/\/kidsonthemoon.com\/pl\/?s={search_term_string}\"},\"query-input\":\"required name=search_term_string\"}],\"inLanguage\":\"pl-PL\"},{\"@type\":\"Organization\",\"@id\":\"https:\/\/kidsonthemoon.com\/pl\/#organization\",\"name\":\"Kids on the Moon\",\"url\":\"https:\/\/kidsonthemoon.com\/pl\/\",\"logo\":{\"@type\":\"ImageObject\",\"inLanguage\":\"pl-PL\",\"@id\":\"https:\/\/kidsonthemoon.com\/pl\/#\/schema\/logo\/image\/\",\"url\":\"https:\/\/kidsonthemoon.com\/wp-content\/uploads\/2021\/02\/kotm_logo.png\",\"contentUrl\":\"https:\/\/kidsonthemoon.com\/wp-content\/uploads\/2021\/02\/kotm_logo.png\",\"width\":410,\"height\":47,\"caption\":\"Kids on the Moon\"},\"image\":{\"@id\":\"https:\/\/kidsonthemoon.com\/pl\/#\/schema\/logo\/image\/\"},\"sameAs\":[\"https:\/\/www.facebook.com\/Kids-on-the-Moon-223747864407076\",\"https:\/\/www.instagram.com\/kidsonthemoon\/\",\"https:\/\/pl.pinterest.com\/kotm2013\/pins\/\"]}]}<\/script>\n<!-- \/ Yoast SEO plugin. -->","yoast_head_json":{"title":"sweter malinowy - Kids on the Moon","robots":{"index":"index","follow":"follow","max-snippet":"max-snippet:-1","max-image-preview":"max-image-preview:large","max-video-preview":"max-video-preview:-1"},"canonical":"https:\/\/kidsonthemoon.com\/pl\/produkt\/sweter-malinowy\/","og_locale":"pl_PL","og_type":"article","og_title":"sweter malinowy - Kids on the Moon","og_description":"We\u0142niany dzieci\u0119cy sweter z warkoczowym splotem na przodzie i na r\u0119kawach, w pi\u0119knym malinowym kolorze. Wykonany z wysokiej jako\u015bci, delikatnej w dotyku, w\u0142oskiej prz\u0119dzy. Model unisex - zar\u00f3wno dla dziewczynki i jak i dla ch\u0142opca. Dobieraj\u0105c jeden z naszych szalik\u00f3w lub kt\u00f3r\u0105\u015b z czapek, stworzysz ciep\u0142y i kolorowy look. Mo\u017cna tez po\u0142\u0105czy\u0107 z naszym ko\u0142nierzykiem Camellia, przez co sweterek nabierze oryginalnego charakteru.  Sk\u0142ad: 50% we\u0142na (20% alpaka, 30% merino), 50% akryl","og_url":"https:\/\/kidsonthemoon.com\/pl\/produkt\/sweter-malinowy\/","og_site_name":"Kids on the Moon","article_publisher":"https:\/\/www.facebook.com\/Kids-on-the-Moon-223747864407076","article_modified_time":"2025-12-16T09:32:35+00:00","og_image":[{"width":1000,"height":1500,"url":"https:\/\/kidsonthemoon.com\/wp-content\/uploads\/2022\/11\/kotm_22_089.jpg","type":"image\/jpeg"}],"twitter_card":"summary_large_image","schema":{"@context":"https:\/\/schema.org","@graph":[{"@type":"WebPage","@id":"https:\/\/kidsonthemoon.com\/pl\/produkt\/sweter-malinowy\/","url":"https:\/\/kidsonthemoon.com\/pl\/produkt\/sweter-malinowy\/","name":"sweter malinowy - Kids on the Moon","isPartOf":{"@id":"https:\/\/kidsonthemoon.com\/pl\/#website"},"datePublished":"2022-11-09T14:16:36+00:00","dateModified":"2025-12-16T09:32:35+00:00","breadcrumb":{"@id":"https:\/\/kidsonthemoon.com\/pl\/produkt\/sweter-malinowy\/#breadcrumb"},"inLanguage":"pl-PL","potentialAction":[{"@type":"ReadAction","target":["https:\/\/kidsonthemoon.com\/pl\/produkt\/sweter-malinowy\/"]}]},{"@type":"BreadcrumbList","@id":"https:\/\/kidsonthemoon.com\/pl\/produkt\/sweter-malinowy\/#breadcrumb","itemListElement":[{"@type":"ListItem","position":1,"name":"Strona g\u0142\u00f3wna","item":"https:\/\/kidsonthemoon.com\/pl\/"},{"@type":"ListItem","position":2,"name":"Sklep","item":"https:\/\/kidsonthemoon.com\/pl\/sklep\/"},{"@type":"ListItem","position":3,"name":"sweter malinowy"}]},{"@type":"WebSite","@id":"https:\/\/kidsonthemoon.com\/pl\/#website","url":"https:\/\/kidsonthemoon.com\/pl\/","name":"Kids on the Moon","description":"odpowiedzialna moda dla dzieci | sklep online dla dzieci","publisher":{"@id":"https:\/\/kidsonthemoon.com\/pl\/#organization"},"potentialAction":[{"@type":"SearchAction","target":{"@type":"EntryPoint","urlTemplate":"https:\/\/kidsonthemoon.com\/pl\/?s={search_term_string}"},"query-input":"required name=search_term_string"}],"inLanguage":"pl-PL"},{"@type":"Organization","@id":"https:\/\/kidsonthemoon.com\/pl\/#organization","name":"Kids on the Moon","url":"https:\/\/kidsonthemoon.com\/pl\/","logo":{"@type":"ImageObject","inLanguage":"pl-PL","@id":"https:\/\/kidsonthemoon.com\/pl\/#\/schema\/logo\/image\/","url":"https:\/\/kidsonthemoon.com\/wp-content\/uploads\/2021\/02\/kotm_logo.png","contentUrl":"https:\/\/kidsonthemoon.com\/wp-content\/uploads\/2021\/02\/kotm_logo.png","width":410,"height":47,"caption":"Kids on the Moon"},"image":{"@id":"https:\/\/kidsonthemoon.com\/pl\/#\/schema\/logo\/image\/"},"sameAs":["https:\/\/www.facebook.com\/Kids-on-the-Moon-223747864407076","https:\/\/www.instagram.com\/kidsonthemoon\/","https:\/\/pl.pinterest.com\/kotm2013\/pins\/"]}]}},"_links":{"self":[{"href":"https:\/\/kidsonthemoon.com\/pl\/wp-json\/wp\/v2\/product\/82318"}],"collection":[{"href":"https:\/\/kidsonthemoon.com\/pl\/wp-json\/wp\/v2\/product"}],"about":[{"href":"https:\/\/kidsonthemoon.com\/pl\/wp-json\/wp\/v2\/types\/product"}],"wp:featuredmedia":[{"embeddable":true,"href":"https:\/\/kidsonthemoon.com\/pl\/wp-json\/wp\/v2\/media\/82327"}],"wp:attachment":[{"href":"https:\/\/kidsonthemoon.com\/pl\/wp-json\/wp\/v2\/media?parent=82318"}],"wp:term":[{"taxonomy":"product_cat","embeddable":true,"href":"https:\/\/kidsonthemoon.com\/pl\/wp-json\/wp\/v2\/product_cat?post=82318"},{"taxonomy":"product_tag","embeddable":true,"href":"https:\/\/kidsonthemoon.com\/pl\/wp-json\/wp\/v2\/product_tag?post=82318"}],"curies":[{"name":"wp","href":"https:\/\/api.w.org\/{rel}","templated":true}]}}