{"id":82874,"date":"2022-11-25T15:45:38","date_gmt":"2022-11-25T14:45:38","guid":{"rendered":"https:\/\/kidsonthemoon.com\/?post_type=product&#038;p=82874"},"modified":"2025-08-06T08:59:03","modified_gmt":"2025-08-06T06:59:03","slug":"spodnie-sztruksowe-atena","status":"publish","type":"product","link":"https:\/\/kidsonthemoon.com\/pl\/produkt\/spodnie-sztruksowe-atena\/","title":{"rendered":"spodnie sztruksowe Atena"},"content":{"rendered":"","protected":false},"excerpt":{"rendered":"<p>Damskie spodnie sztruksowe typu boyfriendy w kolorze pi\u0119knego b\u0142\u0119kitu. Uszyte z mi\u0119kkiego, bawe\u0142nianego sztruksu z dodatkiem elastanu, s\u0105 bardzo wygodne i uniwersalne. Mo\u017cna je \u0142\u0105czy\u0107 zar\u00f3wno z kobiecym topem jak i klasyczn\u0105 koszul\u0105, czy z jedn\u0105 z naszych kolorowych bluz. Spodnie s\u0105 zapinane na guziki. Z przodu i z ty\u0142u posiadaj\u0105 kieszenie.<\/p>\n<p>Modelka ma 170 cm wzrostu i rozmiar M.<\/p>\n<p>Sk\u0142ad: 97% bawe\u0142na, 3% elastan<\/p>\n<p>Wymiary:<br \/>\nXS: pas 76 cm, d\u0142. 103 cm<br \/>\nS: pas 80 cm, d\u0142. 103 cm<br \/>\nM: pas 84 cm, d\u0142. 103 cm<br \/>\nL: pas 88 cm, d\u0142. 103 cm<\/p>\n","protected":false},"featured_media":82914,"template":"","meta":{"_themeisle_gutenberg_block_has_review":false},"product_cat":[571],"product_tag":[797],"acf":[],"yoast_head":"<!-- This site is optimized with the Yoast SEO plugin v21.2 - https:\/\/yoast.com\/wordpress\/plugins\/seo\/ -->\n<title>spodnie sztruksowe Atena - Kids on the Moon<\/title>\n<meta name=\"robots\" content=\"index, follow, max-snippet:-1, max-image-preview:large, max-video-preview:-1\" \/>\n<link rel=\"canonical\" href=\"https:\/\/kidsonthemoon.com\/pl\/produkt\/spodnie-sztruksowe-atena\/\" \/>\n<meta property=\"og:locale\" content=\"pl_PL\" \/>\n<meta property=\"og:type\" content=\"article\" \/>\n<meta property=\"og:title\" content=\"spodnie sztruksowe Atena - Kids on the Moon\" \/>\n<meta property=\"og:description\" content=\"Damskie spodnie sztruksowe typu boyfriendy w kolorze pi\u0119knego b\u0142\u0119kitu. Uszyte z mi\u0119kkiego, bawe\u0142nianego sztruksu z dodatkiem elastanu, s\u0105 bardzo wygodne i uniwersalne. Mo\u017cna je \u0142\u0105czy\u0107 zar\u00f3wno z kobiecym topem jak i klasyczn\u0105 koszul\u0105, czy z jedn\u0105 z naszych kolorowych bluz. Spodnie s\u0105 zapinane na guziki. Z przodu i z ty\u0142u posiadaj\u0105 kieszenie.  Modelka ma 170 cm wzrostu i rozmiar M.  Sk\u0142ad: 97% bawe\u0142na, 3% elastan  Wymiary: XS: pas 76 cm, d\u0142. 103 cm S: pas 80 cm, d\u0142. 103 cm M: pas 84 cm, d\u0142. 103 cm L: pas 88 cm, d\u0142. 103 cm\" \/>\n<meta property=\"og:url\" content=\"https:\/\/kidsonthemoon.com\/pl\/produkt\/spodnie-sztruksowe-atena\/\" \/>\n<meta property=\"og:site_name\" content=\"Kids on the Moon\" \/>\n<meta property=\"article:publisher\" content=\"https:\/\/www.facebook.com\/Kids-on-the-Moon-223747864407076\" \/>\n<meta property=\"article:modified_time\" content=\"2025-08-06T06:59:03+00:00\" \/>\n<meta property=\"og:image\" content=\"https:\/\/kidsonthemoon.com\/wp-content\/uploads\/2022\/11\/1.jpg\" \/>\n\t<meta property=\"og:image:width\" content=\"1000\" \/>\n\t<meta property=\"og:image:height\" content=\"1400\" \/>\n\t<meta property=\"og:image:type\" content=\"image\/jpeg\" \/>\n<meta name=\"twitter:card\" content=\"summary_large_image\" \/>\n<script type=\"application\/ld+json\" class=\"yoast-schema-graph\">{\"@context\":\"https:\/\/schema.org\",\"@graph\":[{\"@type\":\"WebPage\",\"@id\":\"https:\/\/kidsonthemoon.com\/pl\/produkt\/spodnie-sztruksowe-atena\/\",\"url\":\"https:\/\/kidsonthemoon.com\/pl\/produkt\/spodnie-sztruksowe-atena\/\",\"name\":\"spodnie sztruksowe Atena - Kids on the Moon\",\"isPartOf\":{\"@id\":\"https:\/\/kidsonthemoon.com\/pl\/#website\"},\"datePublished\":\"2022-11-25T14:45:38+00:00\",\"dateModified\":\"2025-08-06T06:59:03+00:00\",\"breadcrumb\":{\"@id\":\"https:\/\/kidsonthemoon.com\/pl\/produkt\/spodnie-sztruksowe-atena\/#breadcrumb\"},\"inLanguage\":\"pl-PL\",\"potentialAction\":[{\"@type\":\"ReadAction\",\"target\":[\"https:\/\/kidsonthemoon.com\/pl\/produkt\/spodnie-sztruksowe-atena\/\"]}]},{\"@type\":\"BreadcrumbList\",\"@id\":\"https:\/\/kidsonthemoon.com\/pl\/produkt\/spodnie-sztruksowe-atena\/#breadcrumb\",\"itemListElement\":[{\"@type\":\"ListItem\",\"position\":1,\"name\":\"Strona g\u0142\u00f3wna\",\"item\":\"https:\/\/kidsonthemoon.com\/pl\/\"},{\"@type\":\"ListItem\",\"position\":2,\"name\":\"Sklep\",\"item\":\"https:\/\/kidsonthemoon.com\/pl\/sklep\/\"},{\"@type\":\"ListItem\",\"position\":3,\"name\":\"spodnie sztruksowe Atena\"}]},{\"@type\":\"WebSite\",\"@id\":\"https:\/\/kidsonthemoon.com\/pl\/#website\",\"url\":\"https:\/\/kidsonthemoon.com\/pl\/\",\"name\":\"Kids on the Moon\",\"description\":\"odpowiedzialna moda dla dzieci | sklep online dla dzieci\",\"publisher\":{\"@id\":\"https:\/\/kidsonthemoon.com\/pl\/#organization\"},\"potentialAction\":[{\"@type\":\"SearchAction\",\"target\":{\"@type\":\"EntryPoint\",\"urlTemplate\":\"https:\/\/kidsonthemoon.com\/pl\/?s={search_term_string}\"},\"query-input\":\"required name=search_term_string\"}],\"inLanguage\":\"pl-PL\"},{\"@type\":\"Organization\",\"@id\":\"https:\/\/kidsonthemoon.com\/pl\/#organization\",\"name\":\"Kids on the Moon\",\"url\":\"https:\/\/kidsonthemoon.com\/pl\/\",\"logo\":{\"@type\":\"ImageObject\",\"inLanguage\":\"pl-PL\",\"@id\":\"https:\/\/kidsonthemoon.com\/pl\/#\/schema\/logo\/image\/\",\"url\":\"https:\/\/kidsonthemoon.com\/wp-content\/uploads\/2021\/02\/kotm_logo.png\",\"contentUrl\":\"https:\/\/kidsonthemoon.com\/wp-content\/uploads\/2021\/02\/kotm_logo.png\",\"width\":410,\"height\":47,\"caption\":\"Kids on the Moon\"},\"image\":{\"@id\":\"https:\/\/kidsonthemoon.com\/pl\/#\/schema\/logo\/image\/\"},\"sameAs\":[\"https:\/\/www.facebook.com\/Kids-on-the-Moon-223747864407076\",\"https:\/\/www.instagram.com\/kidsonthemoon\/\",\"https:\/\/pl.pinterest.com\/kotm2013\/pins\/\"]}]}<\/script>\n<!-- \/ Yoast SEO plugin. -->","yoast_head_json":{"title":"spodnie sztruksowe Atena - Kids on the Moon","robots":{"index":"index","follow":"follow","max-snippet":"max-snippet:-1","max-image-preview":"max-image-preview:large","max-video-preview":"max-video-preview:-1"},"canonical":"https:\/\/kidsonthemoon.com\/pl\/produkt\/spodnie-sztruksowe-atena\/","og_locale":"pl_PL","og_type":"article","og_title":"spodnie sztruksowe Atena - Kids on the Moon","og_description":"Damskie spodnie sztruksowe typu boyfriendy w kolorze pi\u0119knego b\u0142\u0119kitu. Uszyte z mi\u0119kkiego, bawe\u0142nianego sztruksu z dodatkiem elastanu, s\u0105 bardzo wygodne i uniwersalne. Mo\u017cna je \u0142\u0105czy\u0107 zar\u00f3wno z kobiecym topem jak i klasyczn\u0105 koszul\u0105, czy z jedn\u0105 z naszych kolorowych bluz. Spodnie s\u0105 zapinane na guziki. Z przodu i z ty\u0142u posiadaj\u0105 kieszenie.  Modelka ma 170 cm wzrostu i rozmiar M.  Sk\u0142ad: 97% bawe\u0142na, 3% elastan  Wymiary: XS: pas 76 cm, d\u0142. 103 cm S: pas 80 cm, d\u0142. 103 cm M: pas 84 cm, d\u0142. 103 cm L: pas 88 cm, d\u0142. 103 cm","og_url":"https:\/\/kidsonthemoon.com\/pl\/produkt\/spodnie-sztruksowe-atena\/","og_site_name":"Kids on the Moon","article_publisher":"https:\/\/www.facebook.com\/Kids-on-the-Moon-223747864407076","article_modified_time":"2025-08-06T06:59:03+00:00","og_image":[{"width":1000,"height":1400,"url":"https:\/\/kidsonthemoon.com\/wp-content\/uploads\/2022\/11\/1.jpg","type":"image\/jpeg"}],"twitter_card":"summary_large_image","schema":{"@context":"https:\/\/schema.org","@graph":[{"@type":"WebPage","@id":"https:\/\/kidsonthemoon.com\/pl\/produkt\/spodnie-sztruksowe-atena\/","url":"https:\/\/kidsonthemoon.com\/pl\/produkt\/spodnie-sztruksowe-atena\/","name":"spodnie sztruksowe Atena - Kids on the Moon","isPartOf":{"@id":"https:\/\/kidsonthemoon.com\/pl\/#website"},"datePublished":"2022-11-25T14:45:38+00:00","dateModified":"2025-08-06T06:59:03+00:00","breadcrumb":{"@id":"https:\/\/kidsonthemoon.com\/pl\/produkt\/spodnie-sztruksowe-atena\/#breadcrumb"},"inLanguage":"pl-PL","potentialAction":[{"@type":"ReadAction","target":["https:\/\/kidsonthemoon.com\/pl\/produkt\/spodnie-sztruksowe-atena\/"]}]},{"@type":"BreadcrumbList","@id":"https:\/\/kidsonthemoon.com\/pl\/produkt\/spodnie-sztruksowe-atena\/#breadcrumb","itemListElement":[{"@type":"ListItem","position":1,"name":"Strona g\u0142\u00f3wna","item":"https:\/\/kidsonthemoon.com\/pl\/"},{"@type":"ListItem","position":2,"name":"Sklep","item":"https:\/\/kidsonthemoon.com\/pl\/sklep\/"},{"@type":"ListItem","position":3,"name":"spodnie sztruksowe Atena"}]},{"@type":"WebSite","@id":"https:\/\/kidsonthemoon.com\/pl\/#website","url":"https:\/\/kidsonthemoon.com\/pl\/","name":"Kids on the Moon","description":"odpowiedzialna moda dla dzieci | sklep online dla dzieci","publisher":{"@id":"https:\/\/kidsonthemoon.com\/pl\/#organization"},"potentialAction":[{"@type":"SearchAction","target":{"@type":"EntryPoint","urlTemplate":"https:\/\/kidsonthemoon.com\/pl\/?s={search_term_string}"},"query-input":"required name=search_term_string"}],"inLanguage":"pl-PL"},{"@type":"Organization","@id":"https:\/\/kidsonthemoon.com\/pl\/#organization","name":"Kids on the Moon","url":"https:\/\/kidsonthemoon.com\/pl\/","logo":{"@type":"ImageObject","inLanguage":"pl-PL","@id":"https:\/\/kidsonthemoon.com\/pl\/#\/schema\/logo\/image\/","url":"https:\/\/kidsonthemoon.com\/wp-content\/uploads\/2021\/02\/kotm_logo.png","contentUrl":"https:\/\/kidsonthemoon.com\/wp-content\/uploads\/2021\/02\/kotm_logo.png","width":410,"height":47,"caption":"Kids on the Moon"},"image":{"@id":"https:\/\/kidsonthemoon.com\/pl\/#\/schema\/logo\/image\/"},"sameAs":["https:\/\/www.facebook.com\/Kids-on-the-Moon-223747864407076","https:\/\/www.instagram.com\/kidsonthemoon\/","https:\/\/pl.pinterest.com\/kotm2013\/pins\/"]}]}},"_links":{"self":[{"href":"https:\/\/kidsonthemoon.com\/pl\/wp-json\/wp\/v2\/product\/82874"}],"collection":[{"href":"https:\/\/kidsonthemoon.com\/pl\/wp-json\/wp\/v2\/product"}],"about":[{"href":"https:\/\/kidsonthemoon.com\/pl\/wp-json\/wp\/v2\/types\/product"}],"wp:featuredmedia":[{"embeddable":true,"href":"https:\/\/kidsonthemoon.com\/pl\/wp-json\/wp\/v2\/media\/82914"}],"wp:attachment":[{"href":"https:\/\/kidsonthemoon.com\/pl\/wp-json\/wp\/v2\/media?parent=82874"}],"wp:term":[{"taxonomy":"product_cat","embeddable":true,"href":"https:\/\/kidsonthemoon.com\/pl\/wp-json\/wp\/v2\/product_cat?post=82874"},{"taxonomy":"product_tag","embeddable":true,"href":"https:\/\/kidsonthemoon.com\/pl\/wp-json\/wp\/v2\/product_tag?post=82874"}],"curies":[{"name":"wp","href":"https:\/\/api.w.org\/{rel}","templated":true}]}}