{"id":88944,"date":"2023-03-06T11:34:30","date_gmt":"2023-03-06T10:34:30","guid":{"rendered":"https:\/\/kidsonthemoon.com\/?post_type=product&#038;p=88944"},"modified":"2026-01-20T09:53:33","modified_gmt":"2026-01-20T08:53:33","slug":"dzianinowa-sukienka-kaskadowa-mozaica","status":"publish","type":"product","link":"https:\/\/kidsonthemoon.com\/pl\/produkt\/dzianinowa-sukienka-kaskadowa-mozaica\/","title":{"rendered":"dzianinowa sukienka kaskadowa Mozaica"},"content":{"rendered":"","protected":false},"excerpt":{"rendered":"<p>Bawe\u0142niana, dzieci\u0119ca sukienka dzianinowa z pi\u0119knym, pastelowym nadrukiem. B\u0142\u0119kitne kwiatki i czerwone serduszka tworz\u0105 delikatn\u0105, bardzo dziewcz\u0119c\u0105 mozaik\u0119. Nadruk wykonany jest farbami wodnymi, bezpiecznymi dla sk\u00f3ry dziecka. Sukienka ma szerokie falbany, dzi\u0119ki kt\u00f3rym wspaniale si\u0119 kr\u0119ci, oraz mniejsze, dekoracyjne falbanki na ramionach. D\u0142ugo\u015b\u0107 sukienki &#8211; za kolana. Uszyta z bardzo mi\u0119kkiej w dotyku i cienkiej dzianiny 100% bawe\u0142na, z certyfikatem OEKO-TEX.<\/p>\n<p>sk\u0142ad: 100% bawe\u0142na<\/p>\n","protected":false},"featured_media":88955,"template":"","meta":{"_themeisle_gutenberg_block_has_review":false},"product_cat":[700,260],"product_tag":[798,517],"acf":[],"yoast_head":"<!-- This site is optimized with the Yoast SEO plugin v21.2 - https:\/\/yoast.com\/wordpress\/plugins\/seo\/ -->\n<title>dzianinowa sukienka kaskadowa Mozaica - Kids on the Moon<\/title>\n<meta name=\"robots\" content=\"index, follow, max-snippet:-1, max-image-preview:large, max-video-preview:-1\" \/>\n<link rel=\"canonical\" href=\"https:\/\/kidsonthemoon.com\/pl\/produkt\/dzianinowa-sukienka-kaskadowa-mozaica\/\" \/>\n<meta property=\"og:locale\" content=\"pl_PL\" \/>\n<meta property=\"og:type\" content=\"article\" \/>\n<meta property=\"og:title\" content=\"dzianinowa sukienka kaskadowa Mozaica - Kids on the Moon\" \/>\n<meta property=\"og:description\" content=\"Bawe\u0142niana, dzieci\u0119ca sukienka dzianinowa z pi\u0119knym, pastelowym nadrukiem. B\u0142\u0119kitne kwiatki i czerwone serduszka tworz\u0105 delikatn\u0105, bardzo dziewcz\u0119c\u0105 mozaik\u0119. Nadruk wykonany jest farbami wodnymi, bezpiecznymi dla sk\u00f3ry dziecka. Sukienka ma szerokie falbany, dzi\u0119ki kt\u00f3rym wspaniale si\u0119 kr\u0119ci, oraz mniejsze, dekoracyjne falbanki na ramionach. D\u0142ugo\u015b\u0107 sukienki - za kolana. Uszyta z bardzo mi\u0119kkiej w dotyku i cienkiej dzianiny 100% bawe\u0142na, z certyfikatem OEKO-TEX.  sk\u0142ad: 100% bawe\u0142na\" \/>\n<meta property=\"og:url\" content=\"https:\/\/kidsonthemoon.com\/pl\/produkt\/dzianinowa-sukienka-kaskadowa-mozaica\/\" \/>\n<meta property=\"og:site_name\" content=\"Kids on the Moon\" \/>\n<meta property=\"article:publisher\" content=\"https:\/\/www.facebook.com\/Kids-on-the-Moon-223747864407076\" \/>\n<meta property=\"article:modified_time\" content=\"2026-01-20T08:53:33+00:00\" \/>\n<meta property=\"og:image\" content=\"https:\/\/kidsonthemoon.com\/wp-content\/uploads\/2023\/02\/3-1.jpg\" \/>\n\t<meta property=\"og:image:width\" content=\"1000\" \/>\n\t<meta property=\"og:image:height\" content=\"1400\" \/>\n\t<meta property=\"og:image:type\" content=\"image\/jpeg\" \/>\n<meta name=\"twitter:card\" content=\"summary_large_image\" \/>\n<script type=\"application\/ld+json\" class=\"yoast-schema-graph\">{\"@context\":\"https:\/\/schema.org\",\"@graph\":[{\"@type\":\"WebPage\",\"@id\":\"https:\/\/kidsonthemoon.com\/pl\/produkt\/dzianinowa-sukienka-kaskadowa-mozaica\/\",\"url\":\"https:\/\/kidsonthemoon.com\/pl\/produkt\/dzianinowa-sukienka-kaskadowa-mozaica\/\",\"name\":\"dzianinowa sukienka kaskadowa Mozaica - Kids on the Moon\",\"isPartOf\":{\"@id\":\"https:\/\/kidsonthemoon.com\/pl\/#website\"},\"datePublished\":\"2023-03-06T10:34:30+00:00\",\"dateModified\":\"2026-01-20T08:53:33+00:00\",\"breadcrumb\":{\"@id\":\"https:\/\/kidsonthemoon.com\/pl\/produkt\/dzianinowa-sukienka-kaskadowa-mozaica\/#breadcrumb\"},\"inLanguage\":\"pl-PL\",\"potentialAction\":[{\"@type\":\"ReadAction\",\"target\":[\"https:\/\/kidsonthemoon.com\/pl\/produkt\/dzianinowa-sukienka-kaskadowa-mozaica\/\"]}]},{\"@type\":\"BreadcrumbList\",\"@id\":\"https:\/\/kidsonthemoon.com\/pl\/produkt\/dzianinowa-sukienka-kaskadowa-mozaica\/#breadcrumb\",\"itemListElement\":[{\"@type\":\"ListItem\",\"position\":1,\"name\":\"Strona g\u0142\u00f3wna\",\"item\":\"https:\/\/kidsonthemoon.com\/pl\/\"},{\"@type\":\"ListItem\",\"position\":2,\"name\":\"Sklep\",\"item\":\"https:\/\/kidsonthemoon.com\/pl\/sklep\/\"},{\"@type\":\"ListItem\",\"position\":3,\"name\":\"dzianinowa sukienka kaskadowa Mozaica\"}]},{\"@type\":\"WebSite\",\"@id\":\"https:\/\/kidsonthemoon.com\/pl\/#website\",\"url\":\"https:\/\/kidsonthemoon.com\/pl\/\",\"name\":\"Kids on the Moon\",\"description\":\"odpowiedzialna moda dla dzieci | sklep online dla dzieci\",\"publisher\":{\"@id\":\"https:\/\/kidsonthemoon.com\/pl\/#organization\"},\"potentialAction\":[{\"@type\":\"SearchAction\",\"target\":{\"@type\":\"EntryPoint\",\"urlTemplate\":\"https:\/\/kidsonthemoon.com\/pl\/?s={search_term_string}\"},\"query-input\":\"required name=search_term_string\"}],\"inLanguage\":\"pl-PL\"},{\"@type\":\"Organization\",\"@id\":\"https:\/\/kidsonthemoon.com\/pl\/#organization\",\"name\":\"Kids on the Moon\",\"url\":\"https:\/\/kidsonthemoon.com\/pl\/\",\"logo\":{\"@type\":\"ImageObject\",\"inLanguage\":\"pl-PL\",\"@id\":\"https:\/\/kidsonthemoon.com\/pl\/#\/schema\/logo\/image\/\",\"url\":\"https:\/\/kidsonthemoon.com\/wp-content\/uploads\/2021\/02\/kotm_logo.png\",\"contentUrl\":\"https:\/\/kidsonthemoon.com\/wp-content\/uploads\/2021\/02\/kotm_logo.png\",\"width\":410,\"height\":47,\"caption\":\"Kids on the Moon\"},\"image\":{\"@id\":\"https:\/\/kidsonthemoon.com\/pl\/#\/schema\/logo\/image\/\"},\"sameAs\":[\"https:\/\/www.facebook.com\/Kids-on-the-Moon-223747864407076\",\"https:\/\/www.instagram.com\/kidsonthemoon\/\",\"https:\/\/pl.pinterest.com\/kotm2013\/pins\/\"]}]}<\/script>\n<!-- \/ Yoast SEO plugin. -->","yoast_head_json":{"title":"dzianinowa sukienka kaskadowa Mozaica - Kids on the Moon","robots":{"index":"index","follow":"follow","max-snippet":"max-snippet:-1","max-image-preview":"max-image-preview:large","max-video-preview":"max-video-preview:-1"},"canonical":"https:\/\/kidsonthemoon.com\/pl\/produkt\/dzianinowa-sukienka-kaskadowa-mozaica\/","og_locale":"pl_PL","og_type":"article","og_title":"dzianinowa sukienka kaskadowa Mozaica - Kids on the Moon","og_description":"Bawe\u0142niana, dzieci\u0119ca sukienka dzianinowa z pi\u0119knym, pastelowym nadrukiem. B\u0142\u0119kitne kwiatki i czerwone serduszka tworz\u0105 delikatn\u0105, bardzo dziewcz\u0119c\u0105 mozaik\u0119. Nadruk wykonany jest farbami wodnymi, bezpiecznymi dla sk\u00f3ry dziecka. Sukienka ma szerokie falbany, dzi\u0119ki kt\u00f3rym wspaniale si\u0119 kr\u0119ci, oraz mniejsze, dekoracyjne falbanki na ramionach. D\u0142ugo\u015b\u0107 sukienki - za kolana. Uszyta z bardzo mi\u0119kkiej w dotyku i cienkiej dzianiny 100% bawe\u0142na, z certyfikatem OEKO-TEX.  sk\u0142ad: 100% bawe\u0142na","og_url":"https:\/\/kidsonthemoon.com\/pl\/produkt\/dzianinowa-sukienka-kaskadowa-mozaica\/","og_site_name":"Kids on the Moon","article_publisher":"https:\/\/www.facebook.com\/Kids-on-the-Moon-223747864407076","article_modified_time":"2026-01-20T08:53:33+00:00","og_image":[{"width":1000,"height":1400,"url":"https:\/\/kidsonthemoon.com\/wp-content\/uploads\/2023\/02\/3-1.jpg","type":"image\/jpeg"}],"twitter_card":"summary_large_image","schema":{"@context":"https:\/\/schema.org","@graph":[{"@type":"WebPage","@id":"https:\/\/kidsonthemoon.com\/pl\/produkt\/dzianinowa-sukienka-kaskadowa-mozaica\/","url":"https:\/\/kidsonthemoon.com\/pl\/produkt\/dzianinowa-sukienka-kaskadowa-mozaica\/","name":"dzianinowa sukienka kaskadowa Mozaica - Kids on the Moon","isPartOf":{"@id":"https:\/\/kidsonthemoon.com\/pl\/#website"},"datePublished":"2023-03-06T10:34:30+00:00","dateModified":"2026-01-20T08:53:33+00:00","breadcrumb":{"@id":"https:\/\/kidsonthemoon.com\/pl\/produkt\/dzianinowa-sukienka-kaskadowa-mozaica\/#breadcrumb"},"inLanguage":"pl-PL","potentialAction":[{"@type":"ReadAction","target":["https:\/\/kidsonthemoon.com\/pl\/produkt\/dzianinowa-sukienka-kaskadowa-mozaica\/"]}]},{"@type":"BreadcrumbList","@id":"https:\/\/kidsonthemoon.com\/pl\/produkt\/dzianinowa-sukienka-kaskadowa-mozaica\/#breadcrumb","itemListElement":[{"@type":"ListItem","position":1,"name":"Strona g\u0142\u00f3wna","item":"https:\/\/kidsonthemoon.com\/pl\/"},{"@type":"ListItem","position":2,"name":"Sklep","item":"https:\/\/kidsonthemoon.com\/pl\/sklep\/"},{"@type":"ListItem","position":3,"name":"dzianinowa sukienka kaskadowa Mozaica"}]},{"@type":"WebSite","@id":"https:\/\/kidsonthemoon.com\/pl\/#website","url":"https:\/\/kidsonthemoon.com\/pl\/","name":"Kids on the Moon","description":"odpowiedzialna moda dla dzieci | sklep online dla dzieci","publisher":{"@id":"https:\/\/kidsonthemoon.com\/pl\/#organization"},"potentialAction":[{"@type":"SearchAction","target":{"@type":"EntryPoint","urlTemplate":"https:\/\/kidsonthemoon.com\/pl\/?s={search_term_string}"},"query-input":"required name=search_term_string"}],"inLanguage":"pl-PL"},{"@type":"Organization","@id":"https:\/\/kidsonthemoon.com\/pl\/#organization","name":"Kids on the Moon","url":"https:\/\/kidsonthemoon.com\/pl\/","logo":{"@type":"ImageObject","inLanguage":"pl-PL","@id":"https:\/\/kidsonthemoon.com\/pl\/#\/schema\/logo\/image\/","url":"https:\/\/kidsonthemoon.com\/wp-content\/uploads\/2021\/02\/kotm_logo.png","contentUrl":"https:\/\/kidsonthemoon.com\/wp-content\/uploads\/2021\/02\/kotm_logo.png","width":410,"height":47,"caption":"Kids on the Moon"},"image":{"@id":"https:\/\/kidsonthemoon.com\/pl\/#\/schema\/logo\/image\/"},"sameAs":["https:\/\/www.facebook.com\/Kids-on-the-Moon-223747864407076","https:\/\/www.instagram.com\/kidsonthemoon\/","https:\/\/pl.pinterest.com\/kotm2013\/pins\/"]}]}},"_links":{"self":[{"href":"https:\/\/kidsonthemoon.com\/pl\/wp-json\/wp\/v2\/product\/88944"}],"collection":[{"href":"https:\/\/kidsonthemoon.com\/pl\/wp-json\/wp\/v2\/product"}],"about":[{"href":"https:\/\/kidsonthemoon.com\/pl\/wp-json\/wp\/v2\/types\/product"}],"wp:featuredmedia":[{"embeddable":true,"href":"https:\/\/kidsonthemoon.com\/pl\/wp-json\/wp\/v2\/media\/88955"}],"wp:attachment":[{"href":"https:\/\/kidsonthemoon.com\/pl\/wp-json\/wp\/v2\/media?parent=88944"}],"wp:term":[{"taxonomy":"product_cat","embeddable":true,"href":"https:\/\/kidsonthemoon.com\/pl\/wp-json\/wp\/v2\/product_cat?post=88944"},{"taxonomy":"product_tag","embeddable":true,"href":"https:\/\/kidsonthemoon.com\/pl\/wp-json\/wp\/v2\/product_tag?post=88944"}],"curies":[{"name":"wp","href":"https:\/\/api.w.org\/{rel}","templated":true}]}}