{"id":91459,"date":"2023-03-24T18:38:40","date_gmt":"2023-03-24T17:38:40","guid":{"rendered":"https:\/\/kidsonthemoon.com\/?post_type=product&#038;p=91459"},"modified":"2025-08-27T15:47:18","modified_gmt":"2025-08-27T13:47:18","slug":"bluza-carmine-love","status":"publish","type":"product","link":"https:\/\/kidsonthemoon.com\/pl\/produkt\/bluza-carmine-love\/","title":{"rendered":"bluza carmine LOvE"},"content":{"rendered":"","protected":false},"excerpt":{"rendered":"<p>Klasyczna bluza damska w przepi\u0119knym, energetycznym czerwonym kolorze z napisem LOvE. Ma lu\u017any kr\u00f3j, raglanowe r\u0119kawy i zako\u0144czona jest \u015bci\u0105gaczem. Uszyta z drapanej, mi\u0119kkiej dzianiny z meszkiem od wewn\u0119trznej strony. Napis na bluzie wykonany jest haftem chenille, przez co stwarza wra\u017cenie wypuk\u0142ego i jest dodatkowo mi\u0142y w dotyku.&nbsp; Kolor intensywnej czerwieni nadaje wyrazisto\u015bci i o\u017cywi&nbsp; ka\u017cd\u0105 stylizacj\u0119. Bluza wygl\u0105da \u015bwietnie zar\u00f3wno z jeansami, czy sp\u00f3dnicami. Mo\u017ce te\u017c by\u0107 pi\u0119knym prezentem na wiele okazji dla przyjaci\u00f3\u0142ki, czy na Walentynki.<\/p>\n<p><strong>Wymiary bluzy w cm:<\/strong><\/p>\n<table style=\"height: 196px;\" width=\"471\">\n<tbody>\n<tr>\n<td width=\"90\">&nbsp;<\/td>\n<td style=\"text-align: center;\" width=\"64\"><strong>XS<\/strong><\/td>\n<td style=\"text-align: center;\" width=\"64\"><strong>S<\/strong><\/td>\n<td style=\"text-align: center;\" width=\"64\"><strong>M<\/strong><\/td>\n<td style=\"text-align: center;\" width=\"64\"><strong>L<\/strong><\/td>\n<\/tr>\n<tr>\n<td>szer. w klatce<\/td>\n<td style=\"text-align: center;\">53<\/td>\n<td style=\"text-align: center;\">56<\/td>\n<td style=\"text-align: center;\">59<\/td>\n<td style=\"text-align: center;\">62<\/td>\n<\/tr>\n<tr>\n<td width=\"90\">d\u0142ugo\u015b\u0107 od ramienia przy dekolcie<\/td>\n<td style=\"text-align: center;\">62<\/td>\n<td style=\"text-align: center;\">62,5<\/td>\n<td style=\"text-align: center;\">63<\/td>\n<td style=\"text-align: center;\">63,5<\/td>\n<\/tr>\n<\/tbody>\n<\/table>\n<p>&nbsp;<\/p>\n<p><strong>Sk\u0142ad:<\/strong> 80% bawe\u0142na, 20% poliester<\/p>\n","protected":false},"featured_media":114947,"template":"","meta":{"_themeisle_gutenberg_block_has_review":false},"product_cat":[601,809],"product_tag":[797],"acf":[],"yoast_head":"<!-- This site is optimized with the Yoast SEO plugin v21.2 - https:\/\/yoast.com\/wordpress\/plugins\/seo\/ -->\n<title>bluza carmine LOvE - Kids on the Moon<\/title>\n<meta name=\"robots\" content=\"index, follow, max-snippet:-1, max-image-preview:large, max-video-preview:-1\" \/>\n<link rel=\"canonical\" href=\"https:\/\/kidsonthemoon.com\/pl\/produkt\/bluza-carmine-love\/\" \/>\n<meta property=\"og:locale\" content=\"pl_PL\" \/>\n<meta property=\"og:type\" content=\"article\" \/>\n<meta property=\"og:title\" content=\"bluza carmine LOvE - Kids on the Moon\" \/>\n<meta property=\"og:description\" content=\"Klasyczna bluza damska w przepi\u0119knym, energetycznym czerwonym kolorze z napisem LOvE. Ma lu\u017any kr\u00f3j, raglanowe r\u0119kawy i zako\u0144czona jest \u015bci\u0105gaczem. Uszyta z drapanej, mi\u0119kkiej dzianiny z meszkiem od wewn\u0119trznej strony. Napis na bluzie wykonany jest haftem chenille, przez co stwarza wra\u017cenie wypuk\u0142ego i jest dodatkowo mi\u0142y w dotyku.&nbsp; Kolor intensywnej czerwieni nadaje wyrazisto\u015bci i o\u017cywi&nbsp; ka\u017cd\u0105 stylizacj\u0119. Bluza wygl\u0105da \u015bwietnie zar\u00f3wno z jeansami, czy sp\u00f3dnicami. Mo\u017ce te\u017c by\u0107 pi\u0119knym prezentem na wiele okazji dla przyjaci\u00f3\u0142ki, czy na Walentynki.  Wymiary bluzy w cm:    &nbsp; XS S M L   szer. w klatce 53 56 59 62   d\u0142ugo\u015b\u0107 od ramienia przy dekolcie 62 62,5 63 63,5    &nbsp;  Sk\u0142ad: 80% bawe\u0142na, 20% poliester\" \/>\n<meta property=\"og:url\" content=\"https:\/\/kidsonthemoon.com\/pl\/produkt\/bluza-carmine-love\/\" \/>\n<meta property=\"og:site_name\" content=\"Kids on the Moon\" \/>\n<meta property=\"article:publisher\" content=\"https:\/\/www.facebook.com\/Kids-on-the-Moon-223747864407076\" \/>\n<meta property=\"article:modified_time\" content=\"2025-08-27T13:47:18+00:00\" \/>\n<meta property=\"og:image\" content=\"https:\/\/kidsonthemoon.com\/wp-content\/uploads\/2023\/03\/bluza_carmin_love-1.jpg\" \/>\n\t<meta property=\"og:image:width\" content=\"1000\" \/>\n\t<meta property=\"og:image:height\" content=\"1400\" \/>\n\t<meta property=\"og:image:type\" content=\"image\/jpeg\" \/>\n<meta name=\"twitter:card\" content=\"summary_large_image\" \/>\n<script type=\"application\/ld+json\" class=\"yoast-schema-graph\">{\"@context\":\"https:\/\/schema.org\",\"@graph\":[{\"@type\":\"WebPage\",\"@id\":\"https:\/\/kidsonthemoon.com\/pl\/produkt\/bluza-carmine-love\/\",\"url\":\"https:\/\/kidsonthemoon.com\/pl\/produkt\/bluza-carmine-love\/\",\"name\":\"bluza carmine LOvE - Kids on the Moon\",\"isPartOf\":{\"@id\":\"https:\/\/kidsonthemoon.com\/pl\/#website\"},\"datePublished\":\"2023-03-24T17:38:40+00:00\",\"dateModified\":\"2025-08-27T13:47:18+00:00\",\"breadcrumb\":{\"@id\":\"https:\/\/kidsonthemoon.com\/pl\/produkt\/bluza-carmine-love\/#breadcrumb\"},\"inLanguage\":\"pl-PL\",\"potentialAction\":[{\"@type\":\"ReadAction\",\"target\":[\"https:\/\/kidsonthemoon.com\/pl\/produkt\/bluza-carmine-love\/\"]}]},{\"@type\":\"BreadcrumbList\",\"@id\":\"https:\/\/kidsonthemoon.com\/pl\/produkt\/bluza-carmine-love\/#breadcrumb\",\"itemListElement\":[{\"@type\":\"ListItem\",\"position\":1,\"name\":\"Strona g\u0142\u00f3wna\",\"item\":\"https:\/\/kidsonthemoon.com\/pl\/\"},{\"@type\":\"ListItem\",\"position\":2,\"name\":\"Sklep\",\"item\":\"https:\/\/kidsonthemoon.com\/pl\/sklep\/\"},{\"@type\":\"ListItem\",\"position\":3,\"name\":\"bluza carmine LOvE\"}]},{\"@type\":\"WebSite\",\"@id\":\"https:\/\/kidsonthemoon.com\/pl\/#website\",\"url\":\"https:\/\/kidsonthemoon.com\/pl\/\",\"name\":\"Kids on the Moon\",\"description\":\"odpowiedzialna moda dla dzieci | sklep online dla dzieci\",\"publisher\":{\"@id\":\"https:\/\/kidsonthemoon.com\/pl\/#organization\"},\"potentialAction\":[{\"@type\":\"SearchAction\",\"target\":{\"@type\":\"EntryPoint\",\"urlTemplate\":\"https:\/\/kidsonthemoon.com\/pl\/?s={search_term_string}\"},\"query-input\":\"required name=search_term_string\"}],\"inLanguage\":\"pl-PL\"},{\"@type\":\"Organization\",\"@id\":\"https:\/\/kidsonthemoon.com\/pl\/#organization\",\"name\":\"Kids on the Moon\",\"url\":\"https:\/\/kidsonthemoon.com\/pl\/\",\"logo\":{\"@type\":\"ImageObject\",\"inLanguage\":\"pl-PL\",\"@id\":\"https:\/\/kidsonthemoon.com\/pl\/#\/schema\/logo\/image\/\",\"url\":\"https:\/\/kidsonthemoon.com\/wp-content\/uploads\/2021\/02\/kotm_logo.png\",\"contentUrl\":\"https:\/\/kidsonthemoon.com\/wp-content\/uploads\/2021\/02\/kotm_logo.png\",\"width\":410,\"height\":47,\"caption\":\"Kids on the Moon\"},\"image\":{\"@id\":\"https:\/\/kidsonthemoon.com\/pl\/#\/schema\/logo\/image\/\"},\"sameAs\":[\"https:\/\/www.facebook.com\/Kids-on-the-Moon-223747864407076\",\"https:\/\/www.instagram.com\/kidsonthemoon\/\",\"https:\/\/pl.pinterest.com\/kotm2013\/pins\/\"]}]}<\/script>\n<!-- \/ Yoast SEO plugin. -->","yoast_head_json":{"title":"bluza carmine LOvE - Kids on the Moon","robots":{"index":"index","follow":"follow","max-snippet":"max-snippet:-1","max-image-preview":"max-image-preview:large","max-video-preview":"max-video-preview:-1"},"canonical":"https:\/\/kidsonthemoon.com\/pl\/produkt\/bluza-carmine-love\/","og_locale":"pl_PL","og_type":"article","og_title":"bluza carmine LOvE - Kids on the Moon","og_description":"Klasyczna bluza damska w przepi\u0119knym, energetycznym czerwonym kolorze z napisem LOvE. Ma lu\u017any kr\u00f3j, raglanowe r\u0119kawy i zako\u0144czona jest \u015bci\u0105gaczem. Uszyta z drapanej, mi\u0119kkiej dzianiny z meszkiem od wewn\u0119trznej strony. Napis na bluzie wykonany jest haftem chenille, przez co stwarza wra\u017cenie wypuk\u0142ego i jest dodatkowo mi\u0142y w dotyku.&nbsp; Kolor intensywnej czerwieni nadaje wyrazisto\u015bci i o\u017cywi&nbsp; ka\u017cd\u0105 stylizacj\u0119. Bluza wygl\u0105da \u015bwietnie zar\u00f3wno z jeansami, czy sp\u00f3dnicami. Mo\u017ce te\u017c by\u0107 pi\u0119knym prezentem na wiele okazji dla przyjaci\u00f3\u0142ki, czy na Walentynki.  Wymiary bluzy w cm:    &nbsp; XS S M L   szer. w klatce 53 56 59 62   d\u0142ugo\u015b\u0107 od ramienia przy dekolcie 62 62,5 63 63,5    &nbsp;  Sk\u0142ad: 80% bawe\u0142na, 20% poliester","og_url":"https:\/\/kidsonthemoon.com\/pl\/produkt\/bluza-carmine-love\/","og_site_name":"Kids on the Moon","article_publisher":"https:\/\/www.facebook.com\/Kids-on-the-Moon-223747864407076","article_modified_time":"2025-08-27T13:47:18+00:00","og_image":[{"width":1000,"height":1400,"url":"https:\/\/kidsonthemoon.com\/wp-content\/uploads\/2023\/03\/bluza_carmin_love-1.jpg","type":"image\/jpeg"}],"twitter_card":"summary_large_image","schema":{"@context":"https:\/\/schema.org","@graph":[{"@type":"WebPage","@id":"https:\/\/kidsonthemoon.com\/pl\/produkt\/bluza-carmine-love\/","url":"https:\/\/kidsonthemoon.com\/pl\/produkt\/bluza-carmine-love\/","name":"bluza carmine LOvE - Kids on the Moon","isPartOf":{"@id":"https:\/\/kidsonthemoon.com\/pl\/#website"},"datePublished":"2023-03-24T17:38:40+00:00","dateModified":"2025-08-27T13:47:18+00:00","breadcrumb":{"@id":"https:\/\/kidsonthemoon.com\/pl\/produkt\/bluza-carmine-love\/#breadcrumb"},"inLanguage":"pl-PL","potentialAction":[{"@type":"ReadAction","target":["https:\/\/kidsonthemoon.com\/pl\/produkt\/bluza-carmine-love\/"]}]},{"@type":"BreadcrumbList","@id":"https:\/\/kidsonthemoon.com\/pl\/produkt\/bluza-carmine-love\/#breadcrumb","itemListElement":[{"@type":"ListItem","position":1,"name":"Strona g\u0142\u00f3wna","item":"https:\/\/kidsonthemoon.com\/pl\/"},{"@type":"ListItem","position":2,"name":"Sklep","item":"https:\/\/kidsonthemoon.com\/pl\/sklep\/"},{"@type":"ListItem","position":3,"name":"bluza carmine LOvE"}]},{"@type":"WebSite","@id":"https:\/\/kidsonthemoon.com\/pl\/#website","url":"https:\/\/kidsonthemoon.com\/pl\/","name":"Kids on the Moon","description":"odpowiedzialna moda dla dzieci | sklep online dla dzieci","publisher":{"@id":"https:\/\/kidsonthemoon.com\/pl\/#organization"},"potentialAction":[{"@type":"SearchAction","target":{"@type":"EntryPoint","urlTemplate":"https:\/\/kidsonthemoon.com\/pl\/?s={search_term_string}"},"query-input":"required name=search_term_string"}],"inLanguage":"pl-PL"},{"@type":"Organization","@id":"https:\/\/kidsonthemoon.com\/pl\/#organization","name":"Kids on the Moon","url":"https:\/\/kidsonthemoon.com\/pl\/","logo":{"@type":"ImageObject","inLanguage":"pl-PL","@id":"https:\/\/kidsonthemoon.com\/pl\/#\/schema\/logo\/image\/","url":"https:\/\/kidsonthemoon.com\/wp-content\/uploads\/2021\/02\/kotm_logo.png","contentUrl":"https:\/\/kidsonthemoon.com\/wp-content\/uploads\/2021\/02\/kotm_logo.png","width":410,"height":47,"caption":"Kids on the Moon"},"image":{"@id":"https:\/\/kidsonthemoon.com\/pl\/#\/schema\/logo\/image\/"},"sameAs":["https:\/\/www.facebook.com\/Kids-on-the-Moon-223747864407076","https:\/\/www.instagram.com\/kidsonthemoon\/","https:\/\/pl.pinterest.com\/kotm2013\/pins\/"]}]}},"_links":{"self":[{"href":"https:\/\/kidsonthemoon.com\/pl\/wp-json\/wp\/v2\/product\/91459"}],"collection":[{"href":"https:\/\/kidsonthemoon.com\/pl\/wp-json\/wp\/v2\/product"}],"about":[{"href":"https:\/\/kidsonthemoon.com\/pl\/wp-json\/wp\/v2\/types\/product"}],"wp:featuredmedia":[{"embeddable":true,"href":"https:\/\/kidsonthemoon.com\/pl\/wp-json\/wp\/v2\/media\/114947"}],"wp:attachment":[{"href":"https:\/\/kidsonthemoon.com\/pl\/wp-json\/wp\/v2\/media?parent=91459"}],"wp:term":[{"taxonomy":"product_cat","embeddable":true,"href":"https:\/\/kidsonthemoon.com\/pl\/wp-json\/wp\/v2\/product_cat?post=91459"},{"taxonomy":"product_tag","embeddable":true,"href":"https:\/\/kidsonthemoon.com\/pl\/wp-json\/wp\/v2\/product_tag?post=91459"}],"curies":[{"name":"wp","href":"https:\/\/api.w.org\/{rel}","templated":true}]}}