{"id":91684,"date":"2023-03-28T10:31:39","date_gmt":"2023-03-28T08:31:39","guid":{"rendered":"https:\/\/kidsonthemoon.com\/?post_type=product&#038;p=91684"},"modified":"2025-08-06T09:00:32","modified_gmt":"2025-08-06T07:00:32","slug":"frotowe-szorty-juliet-hearts-ecru","status":"publish","type":"product","link":"https:\/\/kidsonthemoon.com\/pl\/produkt\/frotowe-szorty-juliet-hearts-ecru\/","title":{"rendered":"frotowe szorty Juliet hearts ecru"},"content":{"rendered":"","protected":false},"excerpt":{"rendered":"<p>Kremowe frotowe szorty dla dziewczynki. Wykonane ze 100% bawe\u0142nianej froty, z rozrzuconymi czerwonymi serduszkami nadrukowanymi na przodzie jednej nogawki. Bardzo mi\u0119kkie i wygodne, maj\u0105 gumk\u0119 w pasie, sportowy kr\u00f3j. Pasuj\u0105 idealnie do naszej frotowej bluzeczki z tym samym nadrukiem. \u015awietnie sprawdz\u0105 si\u0119 na ciep\u0142e, letnie dni.<\/p>\n<p>Sk\u0142ad: 100% bawe\u0142na<\/p>\n<p>Po pierwszym praniu mo\u017cliwy wykurcz ok. 5%. UWAGA!! Szorty zosta\u0142y lekko wyd\u0142u\u017cone, aby po pierwszym praniu i wykurczu otrzyma\u0142y wymiary adekwatne do rozmiaru. <strong>Nie kupowa\u0107 rozmiaru wi\u0119kszego.<\/strong> Pra\u0107 w 30 st. C. Nie suszy\u0107 w suszarkach b\u0119bnowych.&nbsp;<\/p>\n","protected":false},"featured_media":91307,"template":"","meta":{"_themeisle_gutenberg_block_has_review":false},"product_cat":[783,536],"product_tag":[798,656],"acf":[],"yoast_head":"<!-- This site is optimized with the Yoast SEO plugin v21.2 - https:\/\/yoast.com\/wordpress\/plugins\/seo\/ -->\n<title>frotowe szorty Juliet hearts ecru - Kids on the Moon<\/title>\n<meta name=\"robots\" content=\"index, follow, max-snippet:-1, max-image-preview:large, max-video-preview:-1\" \/>\n<link rel=\"canonical\" href=\"https:\/\/kidsonthemoon.com\/pl\/produkt\/frotowe-szorty-juliet-hearts-ecru\/\" \/>\n<meta property=\"og:locale\" content=\"pl_PL\" \/>\n<meta property=\"og:type\" content=\"article\" \/>\n<meta property=\"og:title\" content=\"frotowe szorty Juliet hearts ecru - Kids on the Moon\" \/>\n<meta property=\"og:description\" content=\"Kremowe frotowe szorty dla dziewczynki. Wykonane ze 100% bawe\u0142nianej froty, z rozrzuconymi czerwonymi serduszkami nadrukowanymi na przodzie jednej nogawki. Bardzo mi\u0119kkie i wygodne, maj\u0105 gumk\u0119 w pasie, sportowy kr\u00f3j. Pasuj\u0105 idealnie do naszej frotowej bluzeczki z tym samym nadrukiem. \u015awietnie sprawdz\u0105 si\u0119 na ciep\u0142e, letnie dni.  Sk\u0142ad: 100% bawe\u0142na  Po pierwszym praniu mo\u017cliwy wykurcz ok. 5%. UWAGA!! Szorty zosta\u0142y lekko wyd\u0142u\u017cone, aby po pierwszym praniu i wykurczu otrzyma\u0142y wymiary adekwatne do rozmiaru. Nie kupowa\u0107 rozmiaru wi\u0119kszego. Pra\u0107 w 30 st. C. Nie suszy\u0107 w suszarkach b\u0119bnowych.&nbsp;\" \/>\n<meta property=\"og:url\" content=\"https:\/\/kidsonthemoon.com\/pl\/produkt\/frotowe-szorty-juliet-hearts-ecru\/\" \/>\n<meta property=\"og:site_name\" content=\"Kids on the Moon\" \/>\n<meta property=\"article:publisher\" content=\"https:\/\/www.facebook.com\/Kids-on-the-Moon-223747864407076\" \/>\n<meta property=\"article:modified_time\" content=\"2025-08-06T07:00:32+00:00\" \/>\n<meta property=\"og:image\" content=\"https:\/\/kidsonthemoon.com\/wp-content\/uploads\/2023\/03\/224.jpg\" \/>\n\t<meta property=\"og:image:width\" content=\"1000\" \/>\n\t<meta property=\"og:image:height\" content=\"1400\" \/>\n\t<meta property=\"og:image:type\" content=\"image\/jpeg\" \/>\n<meta name=\"twitter:card\" content=\"summary_large_image\" \/>\n<script type=\"application\/ld+json\" class=\"yoast-schema-graph\">{\"@context\":\"https:\/\/schema.org\",\"@graph\":[{\"@type\":\"WebPage\",\"@id\":\"https:\/\/kidsonthemoon.com\/pl\/produkt\/frotowe-szorty-juliet-hearts-ecru\/\",\"url\":\"https:\/\/kidsonthemoon.com\/pl\/produkt\/frotowe-szorty-juliet-hearts-ecru\/\",\"name\":\"frotowe szorty Juliet hearts ecru - Kids on the Moon\",\"isPartOf\":{\"@id\":\"https:\/\/kidsonthemoon.com\/pl\/#website\"},\"datePublished\":\"2023-03-28T08:31:39+00:00\",\"dateModified\":\"2025-08-06T07:00:32+00:00\",\"breadcrumb\":{\"@id\":\"https:\/\/kidsonthemoon.com\/pl\/produkt\/frotowe-szorty-juliet-hearts-ecru\/#breadcrumb\"},\"inLanguage\":\"pl-PL\",\"potentialAction\":[{\"@type\":\"ReadAction\",\"target\":[\"https:\/\/kidsonthemoon.com\/pl\/produkt\/frotowe-szorty-juliet-hearts-ecru\/\"]}]},{\"@type\":\"BreadcrumbList\",\"@id\":\"https:\/\/kidsonthemoon.com\/pl\/produkt\/frotowe-szorty-juliet-hearts-ecru\/#breadcrumb\",\"itemListElement\":[{\"@type\":\"ListItem\",\"position\":1,\"name\":\"Strona g\u0142\u00f3wna\",\"item\":\"https:\/\/kidsonthemoon.com\/pl\/\"},{\"@type\":\"ListItem\",\"position\":2,\"name\":\"Sklep\",\"item\":\"https:\/\/kidsonthemoon.com\/pl\/sklep\/\"},{\"@type\":\"ListItem\",\"position\":3,\"name\":\"frotowe szorty Juliet hearts ecru\"}]},{\"@type\":\"WebSite\",\"@id\":\"https:\/\/kidsonthemoon.com\/pl\/#website\",\"url\":\"https:\/\/kidsonthemoon.com\/pl\/\",\"name\":\"Kids on the Moon\",\"description\":\"odpowiedzialna moda dla dzieci | sklep online dla dzieci\",\"publisher\":{\"@id\":\"https:\/\/kidsonthemoon.com\/pl\/#organization\"},\"potentialAction\":[{\"@type\":\"SearchAction\",\"target\":{\"@type\":\"EntryPoint\",\"urlTemplate\":\"https:\/\/kidsonthemoon.com\/pl\/?s={search_term_string}\"},\"query-input\":\"required name=search_term_string\"}],\"inLanguage\":\"pl-PL\"},{\"@type\":\"Organization\",\"@id\":\"https:\/\/kidsonthemoon.com\/pl\/#organization\",\"name\":\"Kids on the Moon\",\"url\":\"https:\/\/kidsonthemoon.com\/pl\/\",\"logo\":{\"@type\":\"ImageObject\",\"inLanguage\":\"pl-PL\",\"@id\":\"https:\/\/kidsonthemoon.com\/pl\/#\/schema\/logo\/image\/\",\"url\":\"https:\/\/kidsonthemoon.com\/wp-content\/uploads\/2021\/02\/kotm_logo.png\",\"contentUrl\":\"https:\/\/kidsonthemoon.com\/wp-content\/uploads\/2021\/02\/kotm_logo.png\",\"width\":410,\"height\":47,\"caption\":\"Kids on the Moon\"},\"image\":{\"@id\":\"https:\/\/kidsonthemoon.com\/pl\/#\/schema\/logo\/image\/\"},\"sameAs\":[\"https:\/\/www.facebook.com\/Kids-on-the-Moon-223747864407076\",\"https:\/\/www.instagram.com\/kidsonthemoon\/\",\"https:\/\/pl.pinterest.com\/kotm2013\/pins\/\"]}]}<\/script>\n<!-- \/ Yoast SEO plugin. -->","yoast_head_json":{"title":"frotowe szorty Juliet hearts ecru - Kids on the Moon","robots":{"index":"index","follow":"follow","max-snippet":"max-snippet:-1","max-image-preview":"max-image-preview:large","max-video-preview":"max-video-preview:-1"},"canonical":"https:\/\/kidsonthemoon.com\/pl\/produkt\/frotowe-szorty-juliet-hearts-ecru\/","og_locale":"pl_PL","og_type":"article","og_title":"frotowe szorty Juliet hearts ecru - Kids on the Moon","og_description":"Kremowe frotowe szorty dla dziewczynki. Wykonane ze 100% bawe\u0142nianej froty, z rozrzuconymi czerwonymi serduszkami nadrukowanymi na przodzie jednej nogawki. Bardzo mi\u0119kkie i wygodne, maj\u0105 gumk\u0119 w pasie, sportowy kr\u00f3j. Pasuj\u0105 idealnie do naszej frotowej bluzeczki z tym samym nadrukiem. \u015awietnie sprawdz\u0105 si\u0119 na ciep\u0142e, letnie dni.  Sk\u0142ad: 100% bawe\u0142na  Po pierwszym praniu mo\u017cliwy wykurcz ok. 5%. UWAGA!! Szorty zosta\u0142y lekko wyd\u0142u\u017cone, aby po pierwszym praniu i wykurczu otrzyma\u0142y wymiary adekwatne do rozmiaru. Nie kupowa\u0107 rozmiaru wi\u0119kszego. Pra\u0107 w 30 st. C. Nie suszy\u0107 w suszarkach b\u0119bnowych.&nbsp;","og_url":"https:\/\/kidsonthemoon.com\/pl\/produkt\/frotowe-szorty-juliet-hearts-ecru\/","og_site_name":"Kids on the Moon","article_publisher":"https:\/\/www.facebook.com\/Kids-on-the-Moon-223747864407076","article_modified_time":"2025-08-06T07:00:32+00:00","og_image":[{"width":1000,"height":1400,"url":"https:\/\/kidsonthemoon.com\/wp-content\/uploads\/2023\/03\/224.jpg","type":"image\/jpeg"}],"twitter_card":"summary_large_image","schema":{"@context":"https:\/\/schema.org","@graph":[{"@type":"WebPage","@id":"https:\/\/kidsonthemoon.com\/pl\/produkt\/frotowe-szorty-juliet-hearts-ecru\/","url":"https:\/\/kidsonthemoon.com\/pl\/produkt\/frotowe-szorty-juliet-hearts-ecru\/","name":"frotowe szorty Juliet hearts ecru - Kids on the Moon","isPartOf":{"@id":"https:\/\/kidsonthemoon.com\/pl\/#website"},"datePublished":"2023-03-28T08:31:39+00:00","dateModified":"2025-08-06T07:00:32+00:00","breadcrumb":{"@id":"https:\/\/kidsonthemoon.com\/pl\/produkt\/frotowe-szorty-juliet-hearts-ecru\/#breadcrumb"},"inLanguage":"pl-PL","potentialAction":[{"@type":"ReadAction","target":["https:\/\/kidsonthemoon.com\/pl\/produkt\/frotowe-szorty-juliet-hearts-ecru\/"]}]},{"@type":"BreadcrumbList","@id":"https:\/\/kidsonthemoon.com\/pl\/produkt\/frotowe-szorty-juliet-hearts-ecru\/#breadcrumb","itemListElement":[{"@type":"ListItem","position":1,"name":"Strona g\u0142\u00f3wna","item":"https:\/\/kidsonthemoon.com\/pl\/"},{"@type":"ListItem","position":2,"name":"Sklep","item":"https:\/\/kidsonthemoon.com\/pl\/sklep\/"},{"@type":"ListItem","position":3,"name":"frotowe szorty Juliet hearts ecru"}]},{"@type":"WebSite","@id":"https:\/\/kidsonthemoon.com\/pl\/#website","url":"https:\/\/kidsonthemoon.com\/pl\/","name":"Kids on the Moon","description":"odpowiedzialna moda dla dzieci | sklep online dla dzieci","publisher":{"@id":"https:\/\/kidsonthemoon.com\/pl\/#organization"},"potentialAction":[{"@type":"SearchAction","target":{"@type":"EntryPoint","urlTemplate":"https:\/\/kidsonthemoon.com\/pl\/?s={search_term_string}"},"query-input":"required name=search_term_string"}],"inLanguage":"pl-PL"},{"@type":"Organization","@id":"https:\/\/kidsonthemoon.com\/pl\/#organization","name":"Kids on the Moon","url":"https:\/\/kidsonthemoon.com\/pl\/","logo":{"@type":"ImageObject","inLanguage":"pl-PL","@id":"https:\/\/kidsonthemoon.com\/pl\/#\/schema\/logo\/image\/","url":"https:\/\/kidsonthemoon.com\/wp-content\/uploads\/2021\/02\/kotm_logo.png","contentUrl":"https:\/\/kidsonthemoon.com\/wp-content\/uploads\/2021\/02\/kotm_logo.png","width":410,"height":47,"caption":"Kids on the Moon"},"image":{"@id":"https:\/\/kidsonthemoon.com\/pl\/#\/schema\/logo\/image\/"},"sameAs":["https:\/\/www.facebook.com\/Kids-on-the-Moon-223747864407076","https:\/\/www.instagram.com\/kidsonthemoon\/","https:\/\/pl.pinterest.com\/kotm2013\/pins\/"]}]}},"_links":{"self":[{"href":"https:\/\/kidsonthemoon.com\/pl\/wp-json\/wp\/v2\/product\/91684"}],"collection":[{"href":"https:\/\/kidsonthemoon.com\/pl\/wp-json\/wp\/v2\/product"}],"about":[{"href":"https:\/\/kidsonthemoon.com\/pl\/wp-json\/wp\/v2\/types\/product"}],"wp:featuredmedia":[{"embeddable":true,"href":"https:\/\/kidsonthemoon.com\/pl\/wp-json\/wp\/v2\/media\/91307"}],"wp:attachment":[{"href":"https:\/\/kidsonthemoon.com\/pl\/wp-json\/wp\/v2\/media?parent=91684"}],"wp:term":[{"taxonomy":"product_cat","embeddable":true,"href":"https:\/\/kidsonthemoon.com\/pl\/wp-json\/wp\/v2\/product_cat?post=91684"},{"taxonomy":"product_tag","embeddable":true,"href":"https:\/\/kidsonthemoon.com\/pl\/wp-json\/wp\/v2\/product_tag?post=91684"}],"curies":[{"name":"wp","href":"https:\/\/api.w.org\/{rel}","templated":true}]}}