{"id":92120,"date":"2023-03-31T13:59:27","date_gmt":"2023-03-31T11:59:27","guid":{"rendered":"https:\/\/kidsonthemoon.com\/?post_type=product&#038;p=92120"},"modified":"2025-08-06T09:00:47","modified_gmt":"2025-08-06T07:00:47","slug":"kurtka-yoko-orient","status":"publish","type":"product","link":"https:\/\/kidsonthemoon.com\/pl\/produkt\/kurtka-yoko-orient\/","title":{"rendered":"kurtka YOKO Orient"},"content":{"rendered":"","protected":false},"excerpt":{"rendered":"<p>Kr\u00f3tka pikowana kurtka o kimonowym kroju z wstawkami na ramionach. Nowoczesny fason pozwala j\u0105 nosi\u0107 na wiele sposob\u00f3w. Mo\u017cna zapina\u0107 j\u0105 na jeden guzik, wi\u0105za\u0107 paskiem lub nosi\u0107 lu\u017ano rozpi\u0119t\u0105. R\u0119kawy posiadaj\u0105 szeroki mankiet, kt\u00f3ry mo\u017cna wywin\u0105\u0107 do \u00be ramienia. Z przodu naszyte s\u0105 dwie kieszonki. Pikowany materia\u0142 pokryty jest pi\u0119knym wzorem nawi\u0105zuj\u0105cym do orientalnych motyw\u00f3w. Idealna na wiosn\u0119 oraz letnie wieczory. Pasuje do koszuli oraz sukienki z tym samym pi\u0119knym printem. Mo\u017cna te\u017c nosi\u0107 j\u0105 na sportowo do jeans\u00f3w.&nbsp;<\/p>\n<p>Sk\u0142ad: 42% bawe\u0142na, 58% poliester<\/p>\n<p>Pra\u0107 w 30\u00b0<em>C<\/em>, pranie delikatne<\/p>\n<p>Wymiary:<\/p>\n<p>d\u0142ugo\u015b\u0107 (od ramienia) &#8211; 65 cm<\/p>\n<p>szeroko\u015b\u0107 &#8211; 60 cm<\/p>\n","protected":false},"featured_media":96946,"template":"","meta":{"_themeisle_gutenberg_block_has_review":false},"product_cat":[789],"product_tag":[543],"acf":[],"yoast_head":"<!-- This site is optimized with the Yoast SEO plugin v21.2 - https:\/\/yoast.com\/wordpress\/plugins\/seo\/ -->\n<title>kurtka YOKO Orient - Kids on the Moon<\/title>\n<meta name=\"robots\" content=\"index, follow, max-snippet:-1, max-image-preview:large, max-video-preview:-1\" \/>\n<link rel=\"canonical\" href=\"https:\/\/kidsonthemoon.com\/pl\/produkt\/kurtka-yoko-orient\/\" \/>\n<meta property=\"og:locale\" content=\"pl_PL\" \/>\n<meta property=\"og:type\" content=\"article\" \/>\n<meta property=\"og:title\" content=\"kurtka YOKO Orient - Kids on the Moon\" \/>\n<meta property=\"og:description\" content=\"Kr\u00f3tka pikowana kurtka o kimonowym kroju z wstawkami na ramionach. Nowoczesny fason pozwala j\u0105 nosi\u0107 na wiele sposob\u00f3w. Mo\u017cna zapina\u0107 j\u0105 na jeden guzik, wi\u0105za\u0107 paskiem lub nosi\u0107 lu\u017ano rozpi\u0119t\u0105. R\u0119kawy posiadaj\u0105 szeroki mankiet, kt\u00f3ry mo\u017cna wywin\u0105\u0107 do \u00be ramienia. Z przodu naszyte s\u0105 dwie kieszonki. Pikowany materia\u0142 pokryty jest pi\u0119knym wzorem nawi\u0105zuj\u0105cym do orientalnych motyw\u00f3w. Idealna na wiosn\u0119 oraz letnie wieczory. Pasuje do koszuli oraz sukienki z tym samym pi\u0119knym printem. Mo\u017cna te\u017c nosi\u0107 j\u0105 na sportowo do jeans\u00f3w.&nbsp;  Sk\u0142ad: 42% bawe\u0142na, 58% poliester  Pra\u0107 w 30\u00b0C, pranie delikatne  Wymiary:  d\u0142ugo\u015b\u0107 (od ramienia) - 65 cm  szeroko\u015b\u0107 - 60 cm\" \/>\n<meta property=\"og:url\" content=\"https:\/\/kidsonthemoon.com\/pl\/produkt\/kurtka-yoko-orient\/\" \/>\n<meta property=\"og:site_name\" content=\"Kids on the Moon\" \/>\n<meta property=\"article:publisher\" content=\"https:\/\/www.facebook.com\/Kids-on-the-Moon-223747864407076\" \/>\n<meta property=\"article:modified_time\" content=\"2025-08-06T07:00:47+00:00\" \/>\n<meta property=\"og:image\" content=\"https:\/\/kidsonthemoon.com\/wp-content\/uploads\/2023\/05\/kurtka_yoko_orient1.jpg\" \/>\n\t<meta property=\"og:image:width\" content=\"1000\" \/>\n\t<meta property=\"og:image:height\" content=\"1400\" \/>\n\t<meta property=\"og:image:type\" content=\"image\/jpeg\" \/>\n<meta name=\"twitter:card\" content=\"summary_large_image\" \/>\n<script type=\"application\/ld+json\" class=\"yoast-schema-graph\">{\"@context\":\"https:\/\/schema.org\",\"@graph\":[{\"@type\":\"WebPage\",\"@id\":\"https:\/\/kidsonthemoon.com\/pl\/produkt\/kurtka-yoko-orient\/\",\"url\":\"https:\/\/kidsonthemoon.com\/pl\/produkt\/kurtka-yoko-orient\/\",\"name\":\"kurtka YOKO Orient - Kids on the Moon\",\"isPartOf\":{\"@id\":\"https:\/\/kidsonthemoon.com\/pl\/#website\"},\"datePublished\":\"2023-03-31T11:59:27+00:00\",\"dateModified\":\"2025-08-06T07:00:47+00:00\",\"breadcrumb\":{\"@id\":\"https:\/\/kidsonthemoon.com\/pl\/produkt\/kurtka-yoko-orient\/#breadcrumb\"},\"inLanguage\":\"pl-PL\",\"potentialAction\":[{\"@type\":\"ReadAction\",\"target\":[\"https:\/\/kidsonthemoon.com\/pl\/produkt\/kurtka-yoko-orient\/\"]}]},{\"@type\":\"BreadcrumbList\",\"@id\":\"https:\/\/kidsonthemoon.com\/pl\/produkt\/kurtka-yoko-orient\/#breadcrumb\",\"itemListElement\":[{\"@type\":\"ListItem\",\"position\":1,\"name\":\"Strona g\u0142\u00f3wna\",\"item\":\"https:\/\/kidsonthemoon.com\/pl\/\"},{\"@type\":\"ListItem\",\"position\":2,\"name\":\"Sklep\",\"item\":\"https:\/\/kidsonthemoon.com\/pl\/sklep\/\"},{\"@type\":\"ListItem\",\"position\":3,\"name\":\"kurtka YOKO Orient\"}]},{\"@type\":\"WebSite\",\"@id\":\"https:\/\/kidsonthemoon.com\/pl\/#website\",\"url\":\"https:\/\/kidsonthemoon.com\/pl\/\",\"name\":\"Kids on the Moon\",\"description\":\"odpowiedzialna moda dla dzieci | sklep online dla dzieci\",\"publisher\":{\"@id\":\"https:\/\/kidsonthemoon.com\/pl\/#organization\"},\"potentialAction\":[{\"@type\":\"SearchAction\",\"target\":{\"@type\":\"EntryPoint\",\"urlTemplate\":\"https:\/\/kidsonthemoon.com\/pl\/?s={search_term_string}\"},\"query-input\":\"required name=search_term_string\"}],\"inLanguage\":\"pl-PL\"},{\"@type\":\"Organization\",\"@id\":\"https:\/\/kidsonthemoon.com\/pl\/#organization\",\"name\":\"Kids on the Moon\",\"url\":\"https:\/\/kidsonthemoon.com\/pl\/\",\"logo\":{\"@type\":\"ImageObject\",\"inLanguage\":\"pl-PL\",\"@id\":\"https:\/\/kidsonthemoon.com\/pl\/#\/schema\/logo\/image\/\",\"url\":\"https:\/\/kidsonthemoon.com\/wp-content\/uploads\/2021\/02\/kotm_logo.png\",\"contentUrl\":\"https:\/\/kidsonthemoon.com\/wp-content\/uploads\/2021\/02\/kotm_logo.png\",\"width\":410,\"height\":47,\"caption\":\"Kids on the Moon\"},\"image\":{\"@id\":\"https:\/\/kidsonthemoon.com\/pl\/#\/schema\/logo\/image\/\"},\"sameAs\":[\"https:\/\/www.facebook.com\/Kids-on-the-Moon-223747864407076\",\"https:\/\/www.instagram.com\/kidsonthemoon\/\",\"https:\/\/pl.pinterest.com\/kotm2013\/pins\/\"]}]}<\/script>\n<!-- \/ Yoast SEO plugin. -->","yoast_head_json":{"title":"kurtka YOKO Orient - Kids on the Moon","robots":{"index":"index","follow":"follow","max-snippet":"max-snippet:-1","max-image-preview":"max-image-preview:large","max-video-preview":"max-video-preview:-1"},"canonical":"https:\/\/kidsonthemoon.com\/pl\/produkt\/kurtka-yoko-orient\/","og_locale":"pl_PL","og_type":"article","og_title":"kurtka YOKO Orient - Kids on the Moon","og_description":"Kr\u00f3tka pikowana kurtka o kimonowym kroju z wstawkami na ramionach. Nowoczesny fason pozwala j\u0105 nosi\u0107 na wiele sposob\u00f3w. Mo\u017cna zapina\u0107 j\u0105 na jeden guzik, wi\u0105za\u0107 paskiem lub nosi\u0107 lu\u017ano rozpi\u0119t\u0105. R\u0119kawy posiadaj\u0105 szeroki mankiet, kt\u00f3ry mo\u017cna wywin\u0105\u0107 do \u00be ramienia. Z przodu naszyte s\u0105 dwie kieszonki. Pikowany materia\u0142 pokryty jest pi\u0119knym wzorem nawi\u0105zuj\u0105cym do orientalnych motyw\u00f3w. Idealna na wiosn\u0119 oraz letnie wieczory. Pasuje do koszuli oraz sukienki z tym samym pi\u0119knym printem. Mo\u017cna te\u017c nosi\u0107 j\u0105 na sportowo do jeans\u00f3w.&nbsp;  Sk\u0142ad: 42% bawe\u0142na, 58% poliester  Pra\u0107 w 30\u00b0C, pranie delikatne  Wymiary:  d\u0142ugo\u015b\u0107 (od ramienia) - 65 cm  szeroko\u015b\u0107 - 60 cm","og_url":"https:\/\/kidsonthemoon.com\/pl\/produkt\/kurtka-yoko-orient\/","og_site_name":"Kids on the Moon","article_publisher":"https:\/\/www.facebook.com\/Kids-on-the-Moon-223747864407076","article_modified_time":"2025-08-06T07:00:47+00:00","og_image":[{"width":1000,"height":1400,"url":"https:\/\/kidsonthemoon.com\/wp-content\/uploads\/2023\/05\/kurtka_yoko_orient1.jpg","type":"image\/jpeg"}],"twitter_card":"summary_large_image","schema":{"@context":"https:\/\/schema.org","@graph":[{"@type":"WebPage","@id":"https:\/\/kidsonthemoon.com\/pl\/produkt\/kurtka-yoko-orient\/","url":"https:\/\/kidsonthemoon.com\/pl\/produkt\/kurtka-yoko-orient\/","name":"kurtka YOKO Orient - Kids on the Moon","isPartOf":{"@id":"https:\/\/kidsonthemoon.com\/pl\/#website"},"datePublished":"2023-03-31T11:59:27+00:00","dateModified":"2025-08-06T07:00:47+00:00","breadcrumb":{"@id":"https:\/\/kidsonthemoon.com\/pl\/produkt\/kurtka-yoko-orient\/#breadcrumb"},"inLanguage":"pl-PL","potentialAction":[{"@type":"ReadAction","target":["https:\/\/kidsonthemoon.com\/pl\/produkt\/kurtka-yoko-orient\/"]}]},{"@type":"BreadcrumbList","@id":"https:\/\/kidsonthemoon.com\/pl\/produkt\/kurtka-yoko-orient\/#breadcrumb","itemListElement":[{"@type":"ListItem","position":1,"name":"Strona g\u0142\u00f3wna","item":"https:\/\/kidsonthemoon.com\/pl\/"},{"@type":"ListItem","position":2,"name":"Sklep","item":"https:\/\/kidsonthemoon.com\/pl\/sklep\/"},{"@type":"ListItem","position":3,"name":"kurtka YOKO Orient"}]},{"@type":"WebSite","@id":"https:\/\/kidsonthemoon.com\/pl\/#website","url":"https:\/\/kidsonthemoon.com\/pl\/","name":"Kids on the Moon","description":"odpowiedzialna moda dla dzieci | sklep online dla dzieci","publisher":{"@id":"https:\/\/kidsonthemoon.com\/pl\/#organization"},"potentialAction":[{"@type":"SearchAction","target":{"@type":"EntryPoint","urlTemplate":"https:\/\/kidsonthemoon.com\/pl\/?s={search_term_string}"},"query-input":"required name=search_term_string"}],"inLanguage":"pl-PL"},{"@type":"Organization","@id":"https:\/\/kidsonthemoon.com\/pl\/#organization","name":"Kids on the Moon","url":"https:\/\/kidsonthemoon.com\/pl\/","logo":{"@type":"ImageObject","inLanguage":"pl-PL","@id":"https:\/\/kidsonthemoon.com\/pl\/#\/schema\/logo\/image\/","url":"https:\/\/kidsonthemoon.com\/wp-content\/uploads\/2021\/02\/kotm_logo.png","contentUrl":"https:\/\/kidsonthemoon.com\/wp-content\/uploads\/2021\/02\/kotm_logo.png","width":410,"height":47,"caption":"Kids on the Moon"},"image":{"@id":"https:\/\/kidsonthemoon.com\/pl\/#\/schema\/logo\/image\/"},"sameAs":["https:\/\/www.facebook.com\/Kids-on-the-Moon-223747864407076","https:\/\/www.instagram.com\/kidsonthemoon\/","https:\/\/pl.pinterest.com\/kotm2013\/pins\/"]}]}},"_links":{"self":[{"href":"https:\/\/kidsonthemoon.com\/pl\/wp-json\/wp\/v2\/product\/92120"}],"collection":[{"href":"https:\/\/kidsonthemoon.com\/pl\/wp-json\/wp\/v2\/product"}],"about":[{"href":"https:\/\/kidsonthemoon.com\/pl\/wp-json\/wp\/v2\/types\/product"}],"wp:featuredmedia":[{"embeddable":true,"href":"https:\/\/kidsonthemoon.com\/pl\/wp-json\/wp\/v2\/media\/96946"}],"wp:attachment":[{"href":"https:\/\/kidsonthemoon.com\/pl\/wp-json\/wp\/v2\/media?parent=92120"}],"wp:term":[{"taxonomy":"product_cat","embeddable":true,"href":"https:\/\/kidsonthemoon.com\/pl\/wp-json\/wp\/v2\/product_cat?post=92120"},{"taxonomy":"product_tag","embeddable":true,"href":"https:\/\/kidsonthemoon.com\/pl\/wp-json\/wp\/v2\/product_tag?post=92120"}],"curies":[{"name":"wp","href":"https:\/\/api.w.org\/{rel}","templated":true}]}}